{"id":25207,"date":"2024-02-23T15:14:54","date_gmt":"2024-02-23T15:14:54","guid":{"rendered":"https:\/\/likeink.se\/how-much-do-tattoos-actually-hurt\/"},"modified":"2025-06-24T06:13:55","modified_gmt":"2025-06-24T06:13:55","slug":"hvor-meget-goer-tatoveringer-egentlig-ondt","status":"publish","type":"page","link":"https:\/\/likeink.com\/da\/hvor-meget-goer-tatoveringer-egentlig-ondt\/","title":{"rendered":"Hvor meget g\u00f8r tatoveringer egentlig ondt?"},"content":{"rendered":"\t\t<div data-elementor-type=\"wp-page\" data-elementor-id=\"25207\" class=\"elementor elementor-25207 elementor-25143\" data-elementor-post-type=\"page\">\n\t\t\t\t<div class=\"elementor-element elementor-element-fba27c4 e-flex e-con-boxed e-con e-parent\" data-id=\"fba27c4\" data-element_type=\"container\">\n\t\t\t\t\t<div class=\"e-con-inner\">\n\t\t\t\t<div class=\"elementor-element elementor-element-b9f3f82 elementor-widget elementor-widget-image\" data-id=\"b9f3f82\" data-element_type=\"widget\" data-widget_type=\"image.default\">\n\t\t\t\t<div class=\"elementor-widget-container\">\n\t\t\t\t\t\t\t\t\t\t\t\t\t\t\t<img decoding=\"async\" width=\"1400\" height=\"933\" src=\"https:\/\/likeink.com\/wp-content\/uploads\/2024\/02\/hur-ont-gor-det-att-tatuera-sig.jpg\" class=\"attachment-full size-full wp-image-25271\" alt=\"Hvor ondt g\u00f8r en tatovering. Like Ink forklarer, hvor det g\u00f8r mest ondt at blive tatoveret.\" srcset=\"https:\/\/likeink.com\/wp-content\/uploads\/2024\/02\/hur-ont-gor-det-att-tatuera-sig.jpg 1400w, https:\/\/likeink.com\/wp-content\/uploads\/2024\/02\/hur-ont-gor-det-att-tatuera-sig-300x200.jpg 300w, https:\/\/likeink.com\/wp-content\/uploads\/2024\/02\/hur-ont-gor-det-att-tatuera-sig-1024x682.jpg 1024w, https:\/\/likeink.com\/wp-content\/uploads\/2024\/02\/hur-ont-gor-det-att-tatuera-sig-768x512.jpg 768w, https:\/\/likeink.com\/wp-content\/uploads\/2024\/02\/hur-ont-gor-det-att-tatuera-sig-310x207.jpg 310w, https:\/\/likeink.com\/wp-content\/uploads\/2024\/02\/hur-ont-gor-det-att-tatuera-sig-660x440.jpg 660w\" sizes=\"(max-width: 1400px) 100vw, 1400px\" \/>\t\t\t\t\t\t\t\t\t\t\t\t\t\t\t<\/div>\n\t\t\t\t<\/div>\n\t\t\t\t\t<\/div>\n\t\t\t\t<\/div>\n\t\t<div class=\"elementor-element elementor-element-7469ca7 e-flex e-con-boxed e-con e-parent\" data-id=\"7469ca7\" data-element_type=\"container\">\n\t\t\t\t\t<div class=\"e-con-inner\">\n\t\t<div class=\"elementor-element elementor-element-f24b89a e-con-full e-flex e-con e-child\" data-id=\"f24b89a\" data-element_type=\"container\">\n\t\t\t\t<div class=\"elementor-element elementor-element-4e2fe39 elementor-widget elementor-widget-heading\" data-id=\"4e2fe39\" data-element_type=\"widget\" data-widget_type=\"heading.default\">\n\t\t\t\t<div class=\"elementor-widget-container\">\n\t\t\t\t\t<h1 class=\"elementor-heading-title elementor-size-default\">Hvor meget g\u00f8r tatoveringer egentlig ondt?\n<\/h1>\t\t\t\t<\/div>\n\t\t\t\t<\/div>\n\t\t\t\t<div class=\"elementor-element elementor-element-a2afb83 elementor-widget elementor-widget-text-editor\" data-id=\"a2afb83\" data-element_type=\"widget\" data-widget_type=\"text-editor.default\">\n\t\t\t\t<div class=\"elementor-widget-container\">\n\t\t\t\t\t\t\t\t\tAt f\u00e5 en tatovering er en livslang beslutning, der ogs\u00e5 kan v\u00e6re smertefuld, s\u00e5 det er vigtigt at planl\u00e6gge n\u00f8je, hvordan du \u00f8nsker, dine tatoveringer skal se ud. Med midlertidige tatoveringer fra Like ink kan du planl\u00e6gge dine tatoveringer ned til mindste detalje for hurtigt og nemt at se, hvordan de vil se ud. Bestil dine planlagte tatoveringer som falske tatoveringer og se straks, hvordan de ser ud p\u00e5 din krop. Skab dine tatoveringer her!\n\n\t\t\t\t\t\t\t\t<\/div>\n\t\t\t\t<\/div>\n\t\t\t\t<\/div>\n\t\t<div class=\"elementor-element elementor-element-8c2f04c e-con-full e-flex e-con e-child\" data-id=\"8c2f04c\" data-element_type=\"container\">\n\t\t\t\t<div class=\"elementor-element elementor-element-c949c9c elementor-widget elementor-widget-heading\" data-id=\"c949c9c\" data-element_type=\"widget\" data-widget_type=\"heading.default\">\n\t\t\t\t<div class=\"elementor-widget-container\">\n\t\t\t\t\t<h2 class=\"elementor-heading-title elementor-size-default\">Hvor g\u00f8r det mindst ondt at f\u00e5 en tatovering?\n<\/h2>\t\t\t\t<\/div>\n\t\t\t\t<\/div>\n\t\t\t\t<div class=\"elementor-element elementor-element-497a3e1 elementor-widget elementor-widget-text-editor\" data-id=\"497a3e1\" data-element_type=\"widget\" data-widget_type=\"text-editor.default\">\n\t\t\t\t<div class=\"elementor-widget-container\">\n\t\t\t\t\t\t\t\t\tSmerte er meget individuel og kan variere fra person til person. Dog opleves det ofte, at det g\u00f8r mest ondt p\u00e5 steder, hvor huden er tynd. Hvor du har mere underhudsfedt, er tatoveringer ofte mindre smertefulde. Uanset hvor du \u00f8nsker at f\u00e5 en tatovering, vil det g\u00f8re ondt, s\u00e5 brug Like ink til at bestille din tatovering som en gnidnings-tatovering og se, om du kan lide designet. Nedenfor er beskrivelser af de mindst smertefulde steder at f\u00e5 en tatovering.\n\n\t\t\t\t\t\t\t\t<\/div>\n\t\t\t\t<\/div>\n\t\t\t\t<\/div>\n\t\t<div class=\"elementor-element elementor-element-e98d74d e-con-full e-flex e-con e-child\" data-id=\"e98d74d\" data-element_type=\"container\">\n\t\t\t\t<div class=\"elementor-element elementor-element-b193c42 elementor-widget elementor-widget-heading\" data-id=\"b193c42\" data-element_type=\"widget\" data-widget_type=\"heading.default\">\n\t\t\t\t<div class=\"elementor-widget-container\">\n\t\t\t\t\t<h3 class=\"elementor-heading-title elementor-size-default\">Arm Tatoveringer\n<\/h3>\t\t\t\t<\/div>\n\t\t\t\t<\/div>\n\t\t\t\t<div class=\"elementor-element elementor-element-f3310d5 elementor-widget elementor-widget-text-editor\" data-id=\"f3310d5\" data-element_type=\"widget\" data-widget_type=\"text-editor.default\">\n\t\t\t\t<div class=\"elementor-widget-container\">\n\t\t\t\t\t\t\t\t\tAt tatovere armen betragtes som en mindre smertefuld placering for en tatovering, fordi der ofte er mere k\u00f8d mellem huden og knoglen, hvilket betyder, at det g\u00f8r mindre ondt. For eksempel er en tatovering p\u00e5 underarmen, hvor du har mere fedt og muskel, ikke s\u00e6rligt smertefuld. Tatovering af underarmen er popul\u00e6r af denne grund. Dog kan tatoveringer p\u00e5 h\u00e5ndleddet eller albuen v\u00e6re mere smertefulde, fordi huden er t\u00e6t p\u00e5 knoglen. Brug falske tatoveringer for at se, om du vil kunne lide din nye tatovering, hvis du er nerv\u00f8s \u2013 s\u00e5 ved du, at det er det v\u00e6rd!\n\n\t\t\t\t\t\t\t\t<\/div>\n\t\t\t\t<\/div>\n\t\t\t\t<\/div>\n\t\t<div class=\"elementor-element elementor-element-28db40d e-con-full e-flex e-con e-child\" data-id=\"28db40d\" data-element_type=\"container\">\n\t\t\t\t<div class=\"elementor-element elementor-element-fdbdee4 elementor-widget elementor-widget-heading\" data-id=\"fdbdee4\" data-element_type=\"widget\" data-widget_type=\"heading.default\">\n\t\t\t\t<div class=\"elementor-widget-container\">\n\t\t\t\t\t<h3 class=\"elementor-heading-title elementor-size-default\">Ben Tatoveringer\n<\/h3>\t\t\t\t<\/div>\n\t\t\t\t<\/div>\n\t\t\t\t<div class=\"elementor-element elementor-element-cfcf1a3 elementor-widget elementor-widget-text-editor\" data-id=\"cfcf1a3\" data-element_type=\"widget\" data-widget_type=\"text-editor.default\">\n\t\t\t\t<div class=\"elementor-widget-container\">\n\t\t\t\t\t\t\t\t\tTatoveringer p\u00e5 benene g\u00f8r mindre ondt, fordi huden er l\u00e6ngere v\u00e6k fra knoglen, og de fleste mennesker har fedt og muskel mellem knoglen og huden. En tatovering p\u00e5 dine l\u00e5r eller l\u00e6g g\u00f8r mindst ondt, mens tatoveringer p\u00e5 kn\u00e6et g\u00f8r mere ondt. Hvis du planl\u00e6gger at f\u00e5 tatoveringer p\u00e5 dine l\u00e5r eller p\u00e5 din l\u00e6g og er nerv\u00f8s for smerten, er det en god id\u00e9 at sikre dig, at du er tilfreds med placeringen, f\u00f8r du bliver tatoveret. Hos Like ink kan du bestille din egen gnidnings-tatovering med dit design for at sikre dig, at du kan lide tatoveringen.\n\n\t\t\t\t\t\t\t\t<\/div>\n\t\t\t\t<\/div>\n\t\t\t\t<\/div>\n\t\t<div class=\"elementor-element elementor-element-4fa302f e-con-full e-flex e-con e-child\" data-id=\"4fa302f\" data-element_type=\"container\">\n\t\t\t\t<div class=\"elementor-element elementor-element-683ab3d elementor-widget elementor-widget-heading\" data-id=\"683ab3d\" data-element_type=\"widget\" data-widget_type=\"heading.default\">\n\t\t\t\t<div class=\"elementor-widget-container\">\n\t\t\t\t\t<h3 class=\"elementor-heading-title elementor-size-default\">Hvor g\u00f8r det mest ondt at f\u00e5 en tatovering?\n<\/h3>\t\t\t\t<\/div>\n\t\t\t\t<\/div>\n\t\t\t\t<div class=\"elementor-element elementor-element-87e10f4 elementor-widget elementor-widget-text-editor\" data-id=\"87e10f4\" data-element_type=\"widget\" data-widget_type=\"text-editor.default\">\n\t\t\t\t<div class=\"elementor-widget-container\">\n\t\t\t\t\t\t\t\t\tDet er smart at overveje tatoveringer n\u00f8je, f\u00f8r man f\u00e5r en; en tatovering vil g\u00f8re ondt og vil sandsynligvis blive p\u00e5 din krop for evigt. Midlertidige tatoveringer fra Like ink er derimod helt smertefrie og lette at vaske af \u2013 pr\u00f8v at f\u00e5 en falsk tatovering for at beslutte, hvor du vil have din tatovering, f\u00f8r du f\u00e5r en rigtig! Nedenfor forklarer vi, hvor p\u00e5 kroppen det g\u00f8r mest ondt at f\u00e5 en tatovering.\n\n\t\t\t\t\t\t\t\t<\/div>\n\t\t\t\t<\/div>\n\t\t\t\t<\/div>\n\t\t<div class=\"elementor-element elementor-element-7e84bb2 e-con-full e-flex e-con e-child\" data-id=\"7e84bb2\" data-element_type=\"container\">\n\t\t\t\t<div class=\"elementor-element elementor-element-2c7ab1a elementor-widget elementor-widget-heading\" data-id=\"2c7ab1a\" data-element_type=\"widget\" data-widget_type=\"heading.default\">\n\t\t\t\t<div class=\"elementor-widget-container\">\n\t\t\t\t\t<h3 class=\"elementor-heading-title elementor-size-default\">Hals Tatoveringer\n<\/h3>\t\t\t\t<\/div>\n\t\t\t\t<\/div>\n\t\t\t\t<div class=\"elementor-element elementor-element-aa1783f elementor-widget elementor-widget-text-editor\" data-id=\"aa1783f\" data-element_type=\"widget\" data-widget_type=\"text-editor.default\">\n\t\t\t\t<div class=\"elementor-widget-container\">\n\t\t\t\t\t\t\t\t\tAt tatovere hovedet, halsen og struben kan v\u00e6re en smertefuld oplevelse, is\u00e6r p\u00e5 grund af det begr\u00e6nsede lag fedt under huden i disse omr\u00e5der. N\u00e5r man overvejer at tatovere disse dele af kroppen, er det godt at forst\u00e5, hvorfor smerten kan v\u00e6re mere intens her end andre steder. At tatovere halsen er et eksempel p\u00e5 dette, da halsen normalt har mindre fedtv\u00e6v end mange andre dele af kroppen. N\u00e5r tatoveringsn\u00e5len tr\u00e6nger ind i huden p\u00e5 halsen, kommer den t\u00e6t p\u00e5 nerver og knogler under overfladen. Denne n\u00e6rhed til nerver og knogler kan g\u00f8re smerten skarpere og mere intens. Derfor er det vigtigt at v\u00e6re mentalt forberedt og v\u00e6lge en erfaren tatov\u00f8r, n\u00e5r man overvejer en hals tatovering. Det samme princip g\u00e6lder for tatovering af struben. Struben har normalt mindre fedtv\u00e6v og kan v\u00e6re et smertefuldt omr\u00e5de at tatovere.\n\nDet kan v\u00e6re mere udfordrende at h\u00e5ndtere smerten, s\u00e5 det er essentielt at overveje dette, f\u00f8r man beslutter at tatovere struben. For at hj\u00e6lpe dig med at beslutte, om din tatovering er smerten v\u00e6rd, er det en god id\u00e9 at bruge vores midlertidige tatoveringer. Ved at bruge midlertidige tatoveringer kan du pr\u00f8ve forskellige designs og placeringer p\u00e5 din krop, f\u00f8r du forpligter dig til en permanent tatovering. Brug vores falske tatoveringer til grundigt at overveje, om den seje tatovering, du t\u00e6nker p\u00e5, er smerten v\u00e6rd. S\u00e5 hvis du er usikker p\u00e5 at f\u00e5 en brysttatovering, hvorfor s\u00e5 ikke pr\u00f8ve en midlertidig tatovering for at sikre, at du virkelig vil elske den?\t\t\t\t\t\t\t\t<\/div>\n\t\t\t\t<\/div>\n\t\t\t\t<\/div>\n\t\t<div class=\"elementor-element elementor-element-54b209a e-con-full e-flex e-con e-child\" data-id=\"54b209a\" data-element_type=\"container\">\n\t\t\t\t<div class=\"elementor-element elementor-element-edcda82 elementor-widget elementor-widget-heading\" data-id=\"edcda82\" data-element_type=\"widget\" data-widget_type=\"heading.default\">\n\t\t\t\t<div class=\"elementor-widget-container\">\n\t\t\t\t\t<h3 class=\"elementor-heading-title elementor-size-default\">Hand Tatoveringer\n<\/h3>\t\t\t\t<\/div>\n\t\t\t\t<\/div>\n\t\t\t\t<div class=\"elementor-element elementor-element-af15ec2 elementor-widget elementor-widget-text-editor\" data-id=\"af15ec2\" data-element_type=\"widget\" data-widget_type=\"text-editor.default\">\n\t\t\t\t<div class=\"elementor-widget-container\">\n\t\t\t\t\t\t\t\t\tAt tatovere h\u00e5nden er ikke for dem med lav smertetolerance, da det g\u00f8r ondt p\u00e5 grund af huden, der er t\u00e6t p\u00e5 knoglen. Derfor \u00f8nsker du m\u00e5ske at overveje n\u00f8je at f\u00e5 en h\u00e5ndtatovering. Det samme g\u00e6lder for en h\u00e5ndledstatovering \u2013 det g\u00f8r ondt at tatovere h\u00e5ndleddet, fordi der er mindre muskel og fedt under huden. Tatoveringer p\u00e5 h\u00e5nden kan ogs\u00e5 betyde, at din tatovering vil slide hurtigt af. Tatoveringer p\u00e5 h\u00e5ndfladen og fingrene uds\u00e6ttes for meget slid og \u00e6lde, hvilket f\u00e5r dem til at falme hurtigere end andre tatoveringer. Bl\u00e6kket placeres overfladisk i huden, og n\u00e5r du bruger dine h\u00e6nder hver dag, slides det yderste lag hud ned og erstattes af ny hud \u2013 det er da, tatoveringen vil falme. Selv sm\u00e5 h\u00e5ndtatoveringer kan v\u00e6re smertefulde.\n\nDerfor, brug Like inks service til at bestille din egen midlertidige tatovering med dit design for at sikre, at du virkelig kan lide dit design og placering, f\u00f8r du f\u00e5r det tatoveret.\t\t\t\t\t\t\t\t<\/div>\n\t\t\t\t<\/div>\n\t\t\t\t<\/div>\n\t\t<div class=\"elementor-element elementor-element-97aa47a e-con-full e-flex e-con e-child\" data-id=\"97aa47a\" data-element_type=\"container\">\n\t\t\t\t<div class=\"elementor-element elementor-element-da2033c elementor-widget elementor-widget-heading\" data-id=\"da2033c\" data-element_type=\"widget\" data-widget_type=\"heading.default\">\n\t\t\t\t<div class=\"elementor-widget-container\">\n\t\t\t\t\t<h3 class=\"elementor-heading-title elementor-size-default\">Fodtatoveringer<\/h3>\t\t\t\t<\/div>\n\t\t\t\t<\/div>\n\t\t\t\t<div class=\"elementor-element elementor-element-dfb1d52 elementor-widget elementor-widget-text-editor\" data-id=\"dfb1d52\" data-element_type=\"widget\" data-widget_type=\"text-editor.default\">\n\t\t\t\t<div class=\"elementor-widget-container\">\n\t\t\t\t\t\t\t\t\tAt f\u00e5 en tatovering p\u00e5 foden er en beslutning, som mange tatoveringsentusiaster overvejer, men der er nogle v\u00e6sentlige overvejelser, man b\u00f8r g\u00f8re sig f\u00f8rst. En tatovering p\u00e5 foden kan se rigtig sej ud, men det er ogs\u00e5 kendt for at v\u00e6re et af de mere smertefulde steder at blive tatoveret p\u00e5 kroppen. S\u00e5, hvorfor g\u00f8r det ondt at f\u00e5 en tatovering p\u00e5 foden? For det f\u00f8rste best\u00e5r foden af mange knogler, sener og nerver t\u00e6t p\u00e5 hudoverfladen. N\u00e5r n\u00e5len tr\u00e6nger ind i disse omr\u00e5der, kan smerten v\u00e6re mere intens end p\u00e5 steder med tykkere hud og mindre f\u00f8lsomme omr\u00e5der. Desuden er foden en del af kroppen, der konstant bliver brugt, hvilket kan komplicere helingsprocessen. Konstant bev\u00e6gelse og friktion fra sko og sokker kan p\u00e5virke, hvor hurtigt og problemfrit din tatovering heler. Det er afg\u00f8rende at f\u00f8lge tatov\u00f8rens r\u00e5d om efterbehandling n\u00f8je for at undg\u00e5 infektioner og andre komplikationer. Brug Like inks funktion til nemt og hurtigt at bestille midlertidige tatoveringer med dine egne designs for at sikre dig, at du virkelig kan lide din planlagte fodtatovering.\n\nS\u00e5dan laver du dine egne midlertidige tatoveringer\nUanset om du \u00f8nsker en lille tatovering eller en stor, tilbyder Like ink sjove tatoveringer og smukke tatoveringer for enhver smag! Vi tilbyder tatoveringer, der passer til forskellige fester og fejringer \u2013 du kan endda designe din egen midlertidige tatovering hos os. At bestille falske tatoveringer med dit eget design er b\u00e5de hurtigt og let! Upload dit design p\u00e5 vores hjemmeside, v\u00e6lg st\u00f8rrelse og antal, og klik for at bestille det nemt. Brug din brugerdesignede falske tatovering for at se, hvordan din tatoveringsid\u00e9 ser ud p\u00e5 din krop, eller brug servicen til at bestille personlige tatoveringer til din n\u00e6ste fest! Mulighederne er uendelige, men altid smertefri, hurtig og stilfuld hos os p\u00e5 Like ink.\t\t\t\t\t\t\t\t<\/div>\n\t\t\t\t<\/div>\n\t\t\t\t<\/div>\n\t\t\t\t\t<\/div>\n\t\t\t\t<\/div>\n\t\t<div class=\"elementor-element elementor-element-e9c02e9 e-flex e-con-boxed e-con e-parent\" data-id=\"e9c02e9\" data-element_type=\"container\" id=\"real-tatto\" data-settings=\"{&quot;background_background&quot;:&quot;classic&quot;}\">\n\t\t\t\t\t<div class=\"e-con-inner\">\n\t\t<div class=\"elementor-element elementor-element-346cbc3 e-con-full e-flex e-con e-child\" data-id=\"346cbc3\" data-element_type=\"container\">\n\t\t<div class=\"elementor-element elementor-element-0fa391a e-con-full e-flex e-con e-child\" data-id=\"0fa391a\" data-element_type=\"container\">\n\t\t\t\t<div class=\"elementor-element elementor-element-bfa6f50 elementor-position-left elementor-vertical-align-middle elementor-widget elementor-widget-image-box\" data-id=\"bfa6f50\" data-element_type=\"widget\" data-widget_type=\"image-box.default\">\n\t\t\t\t<div class=\"elementor-widget-container\">\n\t\t\t\t\t<div class=\"elementor-image-box-wrapper\"><figure class=\"elementor-image-box-img\"><img decoding=\"async\" src=\"http:\/\/newweb.likeink.se\/wp-content\/uploads\/2024\/11\/thump_up.png\" title=\"\" alt=\"\" loading=\"lazy\" \/><\/figure><div class=\"elementor-image-box-content\"><h3 class=\"elementor-image-box-title\">REAL FAKE TATTOOS<\/h3><\/div><\/div>\t\t\t\t<\/div>\n\t\t\t\t<\/div>\n\t\t\t\t<div class=\"elementor-element elementor-element-c35b6ae elementor-widget elementor-widget-text-editor\" data-id=\"c35b6ae\" data-element_type=\"widget\" data-widget_type=\"text-editor.default\">\n\t\t\t\t<div class=\"elementor-widget-container\">\n\t\t\t\t\t\t\t\t\tVi tilbyder midlertidige tatoveringer med dit eget design, foto, tekst eller logo &#8211; og de holder en h\u00f8j kvalitet! Engangstatoveringer er et perfekt valg til messer, events og som give aways! Popul\u00e6rt til polterabender, f\u00f8dselsdage og fester! Til dig, der \u00f8nsker en tatovering!\n\n\t\t\t\t\t\t\t\t<\/div>\n\t\t\t\t<\/div>\n\t\t\t\t<div class=\"elementor-element elementor-element-843f37f elementor-widget elementor-widget-button\" data-id=\"843f37f\" data-element_type=\"widget\" data-widget_type=\"button.default\">\n\t\t\t\t<div class=\"elementor-widget-container\">\n\t\t\t\t\t\t\t\t\t<div class=\"elementor-button-wrapper\">\n\t\t\t\t\t<a class=\"elementor-button elementor-button-link elementor-size-sm\" href=\"https:\/\/likeink.com\/da\/midlertidige-tatoveringer\/custom-temporary-tattoos\/\">\n\t\t\t\t\t\t<span class=\"elementor-button-content-wrapper\">\n\t\t\t\t\t\t\t\t\t<span class=\"elementor-button-text\">LAV DINE EGNE ENGANGSTATOVERINGER<\/span>\n\t\t\t\t\t<\/span>\n\t\t\t\t\t<\/a>\n\t\t\t\t<\/div>\n\t\t\t\t\t\t\t\t<\/div>\n\t\t\t\t<\/div>\n\t\t\t\t<\/div>\n\t\t<div class=\"elementor-element elementor-element-ccad94b e-con-full e-flex e-con e-child\" data-id=\"ccad94b\" data-element_type=\"container\">\n\t\t\t\t<div class=\"elementor-element elementor-element-ddf4c56 elementor-widget elementor-widget-image\" data-id=\"ddf4c56\" data-element_type=\"widget\" data-widget_type=\"image.default\">\n\t\t\t\t<div class=\"elementor-widget-container\">\n\t\t\t\t\t\t\t\t\t\t\t\t\t\t\t<img decoding=\"async\" src=\"http:\/\/newweb.likeink.se\/wp-content\/uploads\/2024\/11\/ezgif.com-crop.gif\" title=\"\" alt=\"\" loading=\"lazy\" \/>\t\t\t\t\t\t\t\t\t\t\t\t\t\t\t<\/div>\n\t\t\t\t<\/div>\n\t\t\t\t<\/div>\n\t\t\t\t<\/div>\n\t\t\t\t\t<\/div>\n\t\t\t\t<\/div>\n\t\t\t\t<\/div>\n\t\t","protected":false},"excerpt":{"rendered":"<p>Hvor meget g\u00f8r tatoveringer egentlig ondt? At f\u00e5 en tatovering er en livslang beslutning, der ogs\u00e5 kan v\u00e6re smertefuld, s\u00e5 det er vigtigt at planl\u00e6gge n\u00f8je, hvordan du \u00f8nsker, dine tatoveringer skal se ud. Med midlertidige tatoveringer fra Like ink kan du planl\u00e6gge dine tatoveringer ned til mindste detalje for hurtigt og nemt at se, [&hellip;]<\/p>\n","protected":false},"author":4,"featured_media":0,"parent":0,"menu_order":0,"comment_status":"closed","ping_status":"closed","template":"","meta":{"footnotes":""},"class_list":["post-25207","page","type-page","status-publish","hentry"],"yoast_head":"<!-- This site is optimized with the Yoast SEO Premium plugin v26.2 (Yoast SEO v27.5) - https:\/\/yoast.com\/product\/yoast-seo-premium-wordpress\/ -->\n<title>Hvor meget g\u00f8r tatoveringer egentlig ondt? - Like ink<\/title>\n<meta name=\"description\" content=\"Hvor meget g\u00f8r tatoveringer egentlig ondt? Hvordan f\u00f8les det at f\u00e5 en tatovering p\u00e5 foden, brystet og andre kropsdele? - Like ink\" \/>\n<meta name=\"robots\" content=\"index, follow, max-snippet:-1, max-image-preview:large, max-video-preview:-1\" \/>\n<link rel=\"canonical\" href=\"https:\/\/likeink.com\/da\/hvor-meget-goer-tatoveringer-egentlig-ondt\/\" \/>\n<meta property=\"og:locale\" content=\"da_DK\" \/>\n<meta property=\"og:type\" content=\"article\" \/>\n<meta property=\"og:title\" content=\"Hvor meget g\u00f8r tatoveringer egentlig ondt?\" \/>\n<meta property=\"og:description\" content=\"Hvor meget g\u00f8r tatoveringer egentlig ondt? At f\u00e5 en tatovering er en livslang beslutning, der ogs\u00e5 kan v\u00e6re smertefuld, s\u00e5 det er vigtigt at planl\u00e6gge\" \/>\n<meta property=\"og:url\" content=\"https:\/\/likeink.com\/da\/hvor-meget-goer-tatoveringer-egentlig-ondt\/\" \/>\n<meta property=\"og:site_name\" content=\"Like ink\" \/>\n<meta property=\"article:publisher\" content=\"https:\/\/www.facebook.com\/LikeInkSe\" \/>\n<meta property=\"article:modified_time\" content=\"2025-06-24T06:13:55+00:00\" \/>\n<meta property=\"og:image\" content=\"https:\/\/likeink.com\/wp-content\/uploads\/2024\/02\/hur-ont-gor-det-att-tatuera-sig.jpg\" \/>\n<meta name=\"twitter:card\" content=\"summary_large_image\" \/>\n<meta name=\"twitter:label1\" content=\"Estimeret l\u00e6setid\" \/>\n\t<meta name=\"twitter:data1\" content=\"8 minutter\" \/>\n<!-- \/ Yoast SEO Premium plugin. -->","yoast_head_json":{"title":"Hvor meget g\u00f8r tatoveringer egentlig ondt? - Like ink","description":"Hvor meget g\u00f8r tatoveringer egentlig ondt? Hvordan f\u00f8les det at f\u00e5 en tatovering p\u00e5 foden, brystet og andre kropsdele? - Like ink","robots":{"index":"index","follow":"follow","max-snippet":"max-snippet:-1","max-image-preview":"max-image-preview:large","max-video-preview":"max-video-preview:-1"},"canonical":"https:\/\/likeink.com\/da\/hvor-meget-goer-tatoveringer-egentlig-ondt\/","og_locale":"da_DK","og_type":"article","og_title":"Hvor meget g\u00f8r tatoveringer egentlig ondt?","og_description":"Hvor meget g\u00f8r tatoveringer egentlig ondt? At f\u00e5 en tatovering er en livslang beslutning, der ogs\u00e5 kan v\u00e6re smertefuld, s\u00e5 det er vigtigt at planl\u00e6gge","og_url":"https:\/\/likeink.com\/da\/hvor-meget-goer-tatoveringer-egentlig-ondt\/","og_site_name":"Like ink","article_publisher":"https:\/\/www.facebook.com\/LikeInkSe","article_modified_time":"2025-06-24T06:13:55+00:00","og_image":[{"url":"https:\/\/likeink.com\/wp-content\/uploads\/2024\/02\/hur-ont-gor-det-att-tatuera-sig.jpg","type":"","width":"","height":""}],"twitter_card":"summary_large_image","twitter_misc":{"Estimeret l\u00e6setid":"8 minutter"},"schema":{"@context":"https:\/\/schema.org","@graph":[{"@type":"WebPage","@id":"https:\/\/likeink.com\/da\/hvor-meget-goer-tatoveringer-egentlig-ondt\/","url":"https:\/\/likeink.com\/da\/hvor-meget-goer-tatoveringer-egentlig-ondt\/","name":"Hvor meget g\u00f8r tatoveringer egentlig ondt? - Like ink","isPartOf":{"@id":"https:\/\/likeink.com\/da\/#website"},"primaryImageOfPage":{"@id":"https:\/\/likeink.com\/da\/hvor-meget-goer-tatoveringer-egentlig-ondt\/#primaryimage"},"image":{"@id":"https:\/\/likeink.com\/da\/hvor-meget-goer-tatoveringer-egentlig-ondt\/#primaryimage"},"thumbnailUrl":"https:\/\/likeink.com\/wp-content\/uploads\/2024\/02\/hur-ont-gor-det-att-tatuera-sig.jpg","datePublished":"2024-02-23T15:14:54+00:00","dateModified":"2025-06-24T06:13:55+00:00","description":"Hvor meget g\u00f8r tatoveringer egentlig ondt? Hvordan f\u00f8les det at f\u00e5 en tatovering p\u00e5 foden, brystet og andre kropsdele? - Like ink","breadcrumb":{"@id":"https:\/\/likeink.com\/da\/hvor-meget-goer-tatoveringer-egentlig-ondt\/#breadcrumb"},"inLanguage":"da-DK","potentialAction":[{"@type":"ReadAction","target":["https:\/\/likeink.com\/da\/hvor-meget-goer-tatoveringer-egentlig-ondt\/"]}]},{"@type":"ImageObject","inLanguage":"da-DK","@id":"https:\/\/likeink.com\/da\/hvor-meget-goer-tatoveringer-egentlig-ondt\/#primaryimage","url":"https:\/\/likeink.com\/wp-content\/uploads\/2024\/02\/hur-ont-gor-det-att-tatuera-sig.jpg","contentUrl":"https:\/\/likeink.com\/wp-content\/uploads\/2024\/02\/hur-ont-gor-det-att-tatuera-sig.jpg"},{"@type":"BreadcrumbList","@id":"https:\/\/likeink.com\/da\/hvor-meget-goer-tatoveringer-egentlig-ondt\/#breadcrumb","itemListElement":[{"@type":"ListItem","position":1,"name":"Hem","item":"https:\/\/likeink.com\/da\/"},{"@type":"ListItem","position":2,"name":"Hvor meget g\u00f8r tatoveringer egentlig ondt?"}]},{"@type":"WebSite","@id":"https:\/\/likeink.com\/da\/#website","url":"https:\/\/likeink.com\/da\/","name":"Like ink","description":"Make your own custom design","potentialAction":[{"@type":"SearchAction","target":{"@type":"EntryPoint","urlTemplate":"https:\/\/likeink.com\/da\/?s={search_term_string}"},"query-input":{"@type":"PropertyValueSpecification","valueRequired":true,"valueName":"search_term_string"}}],"inLanguage":"da-DK"}]}},"_links":{"self":[{"href":"https:\/\/likeink.com\/da\/wp-json\/wp\/v2\/pages\/25207","targetHints":{"allow":["GET"]}}],"collection":[{"href":"https:\/\/likeink.com\/da\/wp-json\/wp\/v2\/pages"}],"about":[{"href":"https:\/\/likeink.com\/da\/wp-json\/wp\/v2\/types\/page"}],"author":[{"embeddable":true,"href":"https:\/\/likeink.com\/da\/wp-json\/wp\/v2\/users\/4"}],"replies":[{"embeddable":true,"href":"https:\/\/likeink.com\/da\/wp-json\/wp\/v2\/comments?post=25207"}],"version-history":[{"count":1,"href":"https:\/\/likeink.com\/da\/wp-json\/wp\/v2\/pages\/25207\/revisions"}],"predecessor-version":[{"id":45883,"href":"https:\/\/likeink.com\/da\/wp-json\/wp\/v2\/pages\/25207\/revisions\/45883"}],"wp:attachment":[{"href":"https:\/\/likeink.com\/da\/wp-json\/wp\/v2\/media?parent=25207"}],"curies":[{"name":"wp","href":"https:\/\/api.w.org\/{rel}","templated":true}]}}