{"id":4232,"date":"2020-11-18T00:00:00","date_gmt":"2020-11-18T00:00:00","guid":{"rendered":"https:\/\/likeink.se\/boernetatoveringer\/"},"modified":"2025-06-24T08:06:03","modified_gmt":"2025-06-24T08:06:03","slug":"bornetatoveringer","status":"publish","type":"page","link":"https:\/\/likeink.com\/da\/bornetatoveringer\/","title":{"rendered":"B\u00f8rnetatoveringer"},"content":{"rendered":"\t\t<div data-elementor-type=\"wp-page\" data-elementor-id=\"4232\" class=\"elementor elementor-4232 elementor-4193\" data-elementor-post-type=\"page\">\n\t\t\t\t<div class=\"elementor-element elementor-element-6791da56 e-flex e-con-boxed e-con e-parent\" data-id=\"6791da56\" data-element_type=\"container\">\n\t\t\t\t\t<div class=\"e-con-inner\">\n\t\t\t\t<div class=\"elementor-element elementor-element-4a97bb23 elementor-widget elementor-widget-text-editor\" data-id=\"4a97bb23\" data-element_type=\"widget\" data-widget_type=\"text-editor.default\">\n\t\t\t\t<div class=\"elementor-widget-container\">\n\t\t\t\t\t\t\t\t\t<h1 style=\"font-size: 2em! important;\">B\u00f8rnetatoveringer med valgfri design.<\/h1><p>B\u00f8rnetatoveringer, der passer til alle lejligheder. Hos os kan du lave dine egne tatoveringer med dit helt eget design eller motiv. Vi bruger milj\u00f8venligt materiale, og alle tatoveringer er allergivenlige og testede.<\/p><h2 style=\"font-size: 1.50em! important;\">B\u00f8rn elsker tatoveringer!<\/h2><p>M\u00e5ske vil du have tatoveringer til en b\u00f8rnefest, til fastelavn eller til Halloween. Dit barn elsker med sikkerhed, som s\u00e5 mange andre b\u00f8rn, at udkl\u00e6de og pynte sig p\u00e5 forskellige m\u00e5der. Og engangstatoveringer er en nem og sjov m\u00e5de at lave noget fedt og supplere udkl\u00e6dningen. Det er helt perfekt til en gennemf\u00f8rt b\u00f8rnefest med tema, eller sportsbegivenhed.<\/p><h3><b> Allergivenlige b\u00f8rnetatoveringer <\/b><\/h3><p>Producenten af det materiale, vi p\u00e5 Like ink fremstiller dine engangs tatoveringer fra, bruger milj\u00f8venligt lim, papir og bl\u00e6k i produktionen. Like inks b\u00f8rnetatoveringer er allergivenlige og testet. Anbefales og kan bruges af alle over tre \u00e5r uden risiko for kendte allergier. Tre\u00e5rsgr\u00e6nsen er ikke sat, fordi et mindre barns hud reagerer p\u00e5 tatoveringerne, men for at undg\u00e5 at de spiser dem.<\/p><h3><b> Hvor l\u00e6nge varer en midlertidig tatovering? <\/b><\/h3><p>Vores b\u00f8rnetatoveringer varer alt fra 1-14 dage afh\u00e6ngigt af hudtype og placering. Det er supernemt at vaske tatoveringen af med s\u00e6be og varmt vand, og det kan g\u00f8res umiddelbart efter p\u00e5f\u00f8ring af tatoveringen, hvis du vil.<\/p><h3><b> Tatovering til b\u00f8rn med eget design. <\/b><\/h3><p>Alle b\u00f8rn er forskellige, og derfor er netop deres eget design <a href=\"https:\/\/likeink.com\/\"> gnidning <\/a> det sejeste, et barn kan have. Det som mange mennesker s\u00e6tter pris p\u00e5 ved Like Ink&#8217;s service, b\u00f8rn som voksne, er at du selv uploader valgfrie motiver, som vi derefter producerer og sender til dig i den og de \u00f8nskede st\u00f8rrelser og det \u00f8nskede antal. Nogle b\u00f8rn vil have de samme tatoveringer som deres idol eller deres for\u00e6ldre, eller et motiv de selv tegner, m\u00e5ske et foto? Mens andre elsker hunde, heste, fly eller \u00f8nsker motiver fra et computerspil eller en serie. Valget er dit! Upload valgfrie motiver, og vi fremstiller og sender dine tatoveringer inden for 24 timer.<\/p><h3><b> Vores b\u00f8rnetatoveringer var i en stor kampagne <\/b><\/h3><p>I sommer lavede vi et vellykket samarbejde med et af Sveriges st\u00f8rste apoteker, Apotek \u201dHj\u00e4rtat\u201d. M\u00e5let var at reducere antallet af inficerede insektbid ved hj\u00e6lp af tatoveringer lavet til b\u00f8rn. B\u00f8rn kan have sv\u00e6rt ved ikke at kradse og kl\u00f8 myggestik, fl\u00e5tbid, hestebremsebid og hvepsestik. For at b\u00f8rnene skulle mindes om ikke at kl\u00f8, udviklede Apoteket sammen med en dygtig tatov\u00f8r kunstige motiver, hvor biddet i sig selv bliver en del af tatoveringen. Og med en sej, attraktiv tatovering p\u00e5 siden af bidet mindes de om at holde fingrene v\u00e6k, og helingsprocessen g\u00e5r derfor hurtigere. S\u00e5 enkel og s\u00e5 smart, at kampagnen var en k\u00e6mpe succes!<\/p><p>Tatoveringerne er illustreret af tatoveringskunstneren Victoria Sundqvist og distribueres gratis p\u00e5 alle Apotek Hj\u00e4rtat startende i uge 24. Flere oplysninger om tatoveringerne findes p\u00e5 <a href=\"https:\/\/www.apotekhjartat.se\/gaddad\/\" target=\"_ blank\" rel=\"noopener noreferrer\"> Pharmacy Heart <\/a>.<\/p><p><img decoding=\"async\" class=\"alignnone size-full wp-image-4186\" src=\"https:\/\/likeink.dk\/wp-content\/uploads\/2020\/11\/barntatueringar.jpg\" alt=\"B\u00f8rnetatoveringer\" width=\"600\" height=\"596\" srcset=\"https:\/\/likeink.com\/wp-content\/uploads\/2020\/11\/barntatueringar.jpg 600w, https:\/\/likeink.com\/wp-content\/uploads\/2020\/11\/barntatueringar-310x308.jpg 310w, https:\/\/likeink.com\/wp-content\/uploads\/2020\/11\/barntatueringar-100x100.jpg 100w, https:\/\/likeink.com\/wp-content\/uploads\/2020\/11\/barntatueringar-510x507.jpg 510w, https:\/\/likeink.com\/wp-content\/uploads\/2020\/11\/barntatueringar-300x298.jpg 300w, https:\/\/likeink.com\/wp-content\/uploads\/2020\/11\/barntatueringar-150x150.jpg 150w, https:\/\/likeink.com\/wp-content\/uploads\/2020\/11\/barntatueringar-247x245.jpg 247w\" sizes=\"(max-width: 600px) 100vw, 600px\" \/><\/p><h4><b> Tatover dit barn med telefonnummer <\/b><\/h4><p>Et andet godt tip til b\u00f8rnetatoveringer er at bestille tatoveringer med en voksnes telefonnummer, en sikkerhed, hvis dine b\u00f8rn ender p\u00e5 den forkerte vej og vil have hj\u00e6lp til at ringe hjem. B\u00f8rnetatoveringer kan s\u00e5ledes bruges i mange forskellige sammenh\u00e6nge og er en popul\u00e6r og sjov funktion for b\u00e5de b\u00f8rn og voksne.<\/p><h4><b> Let at anvende <\/b><\/h4><ol><li>Klip motivet ud med s\u00e5 lille margin som muligt.<\/li><li>Fjern den beskyttende plastik.<\/li><li>Placer den kl\u00e6brige overflade mod huden, hvor tatoveringen sidder.<\/li><li>Pres med en v\u00e5d klud, eller hold motivet under rindende vand i ca. 20 sekunder.<\/li><li>Fjern papiret.<\/li><li>Wear it like a Rockstar!<\/li><\/ol>\t\t\t\t\t\t\t\t<\/div>\n\t\t\t\t<\/div>\n\t\t\t\t\t<\/div>\n\t\t\t\t<\/div>\n\t\t<div class=\"elementor-element elementor-element-eb5dfc5 e-flex e-con-boxed e-con e-parent\" data-id=\"eb5dfc5\" data-element_type=\"container\" id=\"real-tatto\" data-settings=\"{&quot;background_background&quot;:&quot;classic&quot;}\">\n\t\t\t\t\t<div class=\"e-con-inner\">\n\t\t<div class=\"elementor-element elementor-element-16550d0 e-con-full e-flex e-con e-child\" data-id=\"16550d0\" data-element_type=\"container\">\n\t\t<div class=\"elementor-element elementor-element-9a5ef4c e-con-full e-flex e-con e-child\" data-id=\"9a5ef4c\" data-element_type=\"container\">\n\t\t\t\t<div class=\"elementor-element elementor-element-f5d7d2f elementor-position-left elementor-vertical-align-middle elementor-widget elementor-widget-image-box\" data-id=\"f5d7d2f\" data-element_type=\"widget\" data-widget_type=\"image-box.default\">\n\t\t\t\t<div class=\"elementor-widget-container\">\n\t\t\t\t\t<div class=\"elementor-image-box-wrapper\"><figure class=\"elementor-image-box-img\"><img decoding=\"async\" src=\"http:\/\/newweb.likeink.se\/wp-content\/uploads\/2024\/11\/thump_up.png\" title=\"\" alt=\"\" loading=\"lazy\" \/><\/figure><div class=\"elementor-image-box-content\"><h3 class=\"elementor-image-box-title\">REAL FAKE TATTOOS<\/h3><\/div><\/div>\t\t\t\t<\/div>\n\t\t\t\t<\/div>\n\t\t\t\t<div class=\"elementor-element elementor-element-3a728ca elementor-widget elementor-widget-text-editor\" data-id=\"3a728ca\" data-element_type=\"widget\" data-widget_type=\"text-editor.default\">\n\t\t\t\t<div class=\"elementor-widget-container\">\n\t\t\t\t\t\t\t\t\tVi tilbyder midlertidige tatoveringer med dit eget design, foto, tekst eller logo &#8211; og de holder en h\u00f8j kvalitet! Engangstatoveringer er et perfekt valg til messer, events og som give aways! Popul\u00e6rt til polterabender, f\u00f8dselsdage og fester! Til dig, der \u00f8nsker en tatovering!\t\t\t\t\t\t\t\t<\/div>\n\t\t\t\t<\/div>\n\t\t\t\t<div class=\"elementor-element elementor-element-70cff97 elementor-widget elementor-widget-button\" data-id=\"70cff97\" data-element_type=\"widget\" data-widget_type=\"button.default\">\n\t\t\t\t<div class=\"elementor-widget-container\">\n\t\t\t\t\t\t\t\t\t<div class=\"elementor-button-wrapper\">\n\t\t\t\t\t<a class=\"elementor-button elementor-button-link elementor-size-sm\" href=\"https:\/\/likeink.com\/da\/midlertidige-tatoveringer\/custom-temporary-tattoos\/\">\n\t\t\t\t\t\t<span class=\"elementor-button-content-wrapper\">\n\t\t\t\t\t\t\t\t\t<span class=\"elementor-button-text\">LAV DINE EGNE ENGANGSTATOVERINGER<\/span>\n\t\t\t\t\t<\/span>\n\t\t\t\t\t<\/a>\n\t\t\t\t<\/div>\n\t\t\t\t\t\t\t\t<\/div>\n\t\t\t\t<\/div>\n\t\t\t\t<\/div>\n\t\t<div class=\"elementor-element elementor-element-ab6f57c e-con-full e-flex e-con e-child\" data-id=\"ab6f57c\" data-element_type=\"container\">\n\t\t\t\t<div class=\"elementor-element elementor-element-2a43ffe elementor-widget elementor-widget-image\" data-id=\"2a43ffe\" data-element_type=\"widget\" data-widget_type=\"image.default\">\n\t\t\t\t<div class=\"elementor-widget-container\">\n\t\t\t\t\t\t\t\t\t\t\t\t\t\t\t<img decoding=\"async\" src=\"http:\/\/newweb.likeink.se\/wp-content\/uploads\/2024\/11\/ezgif.com-crop.gif\" title=\"\" alt=\"\" loading=\"lazy\" \/>\t\t\t\t\t\t\t\t\t\t\t\t\t\t\t<\/div>\n\t\t\t\t<\/div>\n\t\t\t\t<\/div>\n\t\t\t\t<\/div>\n\t\t\t\t\t<\/div>\n\t\t\t\t<\/div>\n\t\t\t\t<\/div>\n\t\t","protected":false},"excerpt":{"rendered":"<p>B\u00f8rnetatoveringer med valgfri design. B\u00f8rnetatoveringer, der passer til alle lejligheder. Hos os kan du lave dine egne tatoveringer med dit helt eget design eller motiv. Vi bruger milj\u00f8venligt materiale, og alle tatoveringer er allergivenlige og testede. B\u00f8rn elsker tatoveringer! M\u00e5ske vil du have tatoveringer til en b\u00f8rnefest, til fastelavn eller til Halloween. Dit barn elsker [&hellip;]<\/p>\n","protected":false},"author":7,"featured_media":0,"parent":0,"menu_order":0,"comment_status":"closed","ping_status":"open","template":"","meta":{"footnotes":""},"class_list":["post-4232","page","type-page","status-publish","hentry"],"yoast_head":"<!-- This site is optimized with the Yoast SEO Premium plugin v26.2 (Yoast SEO v27.5) - https:\/\/yoast.com\/product\/yoast-seo-premium-wordpress\/ -->\n<title>B\u00f8rnetatoveringer med eget design \u2013 K\u00f8b tatoveringer til b\u00f8rn | Like ink<\/title>\n<meta name=\"description\" content=\"B\u00f8rnetatoveringer der passer til alle form\u00e5l. Skab dine egene tatoveringer til b\u00f8rn med dit helt eget design eller motiv. Milj\u00f8venlige engangstatoveringer!\" \/>\n<meta name=\"robots\" content=\"index, follow, max-snippet:-1, max-image-preview:large, max-video-preview:-1\" \/>\n<link rel=\"canonical\" href=\"https:\/\/likeink.com\/da\/bornetatoveringer\/\" \/>\n<meta property=\"og:locale\" content=\"da_DK\" \/>\n<meta property=\"og:type\" content=\"article\" \/>\n<meta property=\"og:title\" content=\"B\u00f8rnetatoveringer\" \/>\n<meta property=\"og:description\" content=\"B\u00f8rnetatoveringer med valgfri design. B\u00f8rnetatoveringer, der passer til alle lejligheder. Hos os kan du lave dine egne tatoveringer med dit helt eget\" \/>\n<meta property=\"og:url\" content=\"https:\/\/likeink.com\/da\/bornetatoveringer\/\" \/>\n<meta property=\"og:site_name\" content=\"Like ink\" \/>\n<meta property=\"article:publisher\" content=\"https:\/\/www.facebook.com\/LikeInkSe\" \/>\n<meta property=\"article:modified_time\" content=\"2025-06-24T08:06:03+00:00\" \/>\n<meta property=\"og:image\" content=\"https:\/\/likeink.dk\/wp-content\/uploads\/2020\/11\/barntatueringar.jpg\" \/>\n<meta name=\"twitter:card\" content=\"summary_large_image\" \/>\n<meta name=\"twitter:label1\" content=\"Estimeret l\u00e6setid\" \/>\n\t<meta name=\"twitter:data1\" content=\"4 minutter\" \/>\n<!-- \/ Yoast SEO Premium plugin. -->","yoast_head_json":{"title":"B\u00f8rnetatoveringer med eget design \u2013 K\u00f8b tatoveringer til b\u00f8rn | Like ink","description":"B\u00f8rnetatoveringer der passer til alle form\u00e5l. Skab dine egene tatoveringer til b\u00f8rn med dit helt eget design eller motiv. Milj\u00f8venlige engangstatoveringer!","robots":{"index":"index","follow":"follow","max-snippet":"max-snippet:-1","max-image-preview":"max-image-preview:large","max-video-preview":"max-video-preview:-1"},"canonical":"https:\/\/likeink.com\/da\/bornetatoveringer\/","og_locale":"da_DK","og_type":"article","og_title":"B\u00f8rnetatoveringer","og_description":"B\u00f8rnetatoveringer med valgfri design. B\u00f8rnetatoveringer, der passer til alle lejligheder. Hos os kan du lave dine egne tatoveringer med dit helt eget","og_url":"https:\/\/likeink.com\/da\/bornetatoveringer\/","og_site_name":"Like ink","article_publisher":"https:\/\/www.facebook.com\/LikeInkSe","article_modified_time":"2025-06-24T08:06:03+00:00","og_image":[{"url":"https:\/\/likeink.dk\/wp-content\/uploads\/2020\/11\/barntatueringar.jpg","type":"","width":"","height":""}],"twitter_card":"summary_large_image","twitter_misc":{"Estimeret l\u00e6setid":"4 minutter"},"schema":{"@context":"https:\/\/schema.org","@graph":[{"@type":"WebPage","@id":"https:\/\/likeink.com\/da\/bornetatoveringer\/","url":"https:\/\/likeink.com\/da\/bornetatoveringer\/","name":"B\u00f8rnetatoveringer med eget design \u2013 K\u00f8b tatoveringer til b\u00f8rn | Like ink","isPartOf":{"@id":"https:\/\/likeink.com\/da\/#website"},"primaryImageOfPage":{"@id":"https:\/\/likeink.com\/da\/bornetatoveringer\/#primaryimage"},"image":{"@id":"https:\/\/likeink.com\/da\/bornetatoveringer\/#primaryimage"},"thumbnailUrl":"https:\/\/likeink.dk\/wp-content\/uploads\/2020\/11\/barntatueringar.jpg","datePublished":"2020-11-18T00:00:00+00:00","dateModified":"2025-06-24T08:06:03+00:00","description":"B\u00f8rnetatoveringer der passer til alle form\u00e5l. Skab dine egene tatoveringer til b\u00f8rn med dit helt eget design eller motiv. Milj\u00f8venlige engangstatoveringer!","breadcrumb":{"@id":"https:\/\/likeink.com\/da\/bornetatoveringer\/#breadcrumb"},"inLanguage":"da-DK","potentialAction":[{"@type":"ReadAction","target":["https:\/\/likeink.com\/da\/bornetatoveringer\/"]}]},{"@type":"ImageObject","inLanguage":"da-DK","@id":"https:\/\/likeink.com\/da\/bornetatoveringer\/#primaryimage","url":"https:\/\/likeink.dk\/wp-content\/uploads\/2020\/11\/barntatueringar.jpg","contentUrl":"https:\/\/likeink.dk\/wp-content\/uploads\/2020\/11\/barntatueringar.jpg"},{"@type":"BreadcrumbList","@id":"https:\/\/likeink.com\/da\/bornetatoveringer\/#breadcrumb","itemListElement":[{"@type":"ListItem","position":1,"name":"Hem","item":"https:\/\/likeink.com\/da\/"},{"@type":"ListItem","position":2,"name":"B\u00f8rnetatoveringer"}]},{"@type":"WebSite","@id":"https:\/\/likeink.com\/da\/#website","url":"https:\/\/likeink.com\/da\/","name":"Like ink","description":"Make your own custom design","potentialAction":[{"@type":"SearchAction","target":{"@type":"EntryPoint","urlTemplate":"https:\/\/likeink.com\/da\/?s={search_term_string}"},"query-input":{"@type":"PropertyValueSpecification","valueRequired":true,"valueName":"search_term_string"}}],"inLanguage":"da-DK"}]}},"_links":{"self":[{"href":"https:\/\/likeink.com\/da\/wp-json\/wp\/v2\/pages\/4232","targetHints":{"allow":["GET"]}}],"collection":[{"href":"https:\/\/likeink.com\/da\/wp-json\/wp\/v2\/pages"}],"about":[{"href":"https:\/\/likeink.com\/da\/wp-json\/wp\/v2\/types\/page"}],"author":[{"embeddable":true,"href":"https:\/\/likeink.com\/da\/wp-json\/wp\/v2\/users\/7"}],"replies":[{"embeddable":true,"href":"https:\/\/likeink.com\/da\/wp-json\/wp\/v2\/comments?post=4232"}],"version-history":[{"count":2,"href":"https:\/\/likeink.com\/da\/wp-json\/wp\/v2\/pages\/4232\/revisions"}],"predecessor-version":[{"id":45885,"href":"https:\/\/likeink.com\/da\/wp-json\/wp\/v2\/pages\/4232\/revisions\/45885"}],"wp:attachment":[{"href":"https:\/\/likeink.com\/da\/wp-json\/wp\/v2\/media?parent=4232"}],"curies":[{"name":"wp","href":"https:\/\/api.w.org\/{rel}","templated":true}]}}