{"id":61982,"date":"2026-03-30T08:49:11","date_gmt":"2026-03-30T08:49:11","guid":{"rendered":"https:\/\/likeink.com\/offertanmodning\/"},"modified":"2026-03-30T13:42:55","modified_gmt":"2026-03-30T13:42:55","slug":"offertanmodning","status":"publish","type":"page","link":"https:\/\/likeink.com\/da\/offertanmodning\/","title":{"rendered":"Offertanmodning"},"content":{"rendered":"\t\t<div data-elementor-type=\"wp-page\" data-elementor-id=\"61982\" class=\"elementor elementor-61982 elementor-61737\" data-elementor-post-type=\"page\">\n\t\t\t\t<div class=\"elementor-element elementor-element-9065fb6 e-flex e-con-boxed e-con e-parent\" data-id=\"9065fb6\" data-element_type=\"container\" data-settings=\"{&quot;background_background&quot;:&quot;classic&quot;}\">\n\t\t\t\t\t<div class=\"e-con-inner\">\n\t\t<div class=\"elementor-element elementor-element-d3573de e-con-full e-flex e-con e-child\" data-id=\"d3573de\" data-element_type=\"container\">\n\t\t\t\t<div class=\"elementor-element elementor-element-3edd4a3 elementor-widget elementor-widget-heading\" data-id=\"3edd4a3\" data-element_type=\"widget\" data-widget_type=\"heading.default\">\n\t\t\t\t<div class=\"elementor-widget-container\">\n\t\t\t\t\t<h2 class=\"elementor-heading-title elementor-size-default\">Offertanmodning<\/h2>\t\t\t\t<\/div>\n\t\t\t\t<\/div>\n\t\t\t\t<div class=\"elementor-element elementor-element-7700245 elementor-widget elementor-widget-text-editor\" data-id=\"7700245\" data-element_type=\"widget\" data-widget_type=\"text-editor.default\">\n\t\t\t\t<div class=\"elementor-widget-container\">\n\t\t\t\t\t\t\t\t\t<p>Udfyld formularen, s\u00e5 vender vi tilbage med et tilbud, svarer p\u00e5 sp\u00f8rgsm\u00e5l og hj\u00e6lper jer med at skabe pr\u00e6cis de tatoveringer, I \u00f8nsker. Vi ser frem til at h\u00f8re fra dig!<\/p>\n\t\t\t\t\t\t\t\t<\/div>\n\t\t\t\t<\/div>\n\t\t\t\t<\/div>\n\t\t<div class=\"elementor-element elementor-element-85e39b6 e-con-full e-flex e-con e-child\" data-id=\"85e39b6\" data-element_type=\"container\">\n\t\t\t\t<div class=\"elementor-element elementor-element-92ec446 elementor-button-align-start elementor-widget elementor-widget-form\" data-id=\"92ec446\" data-element_type=\"widget\" data-settings=\"{&quot;step_next_label&quot;:&quot;N\\u00e6ste&quot;,&quot;step_previous_label&quot;:&quot;Forrige&quot;,&quot;button_width&quot;:&quot;100&quot;,&quot;step_type&quot;:&quot;number_text&quot;,&quot;step_icon_shape&quot;:&quot;circle&quot;}\" data-widget_type=\"form.default\">\n\t\t\t\t<div class=\"elementor-widget-container\">\n\t\t\t\t\t\t\t<form class=\"elementor-form\" method=\"post\" name=\"Ny formular\" aria-label=\"Ny formular\">\n\t\t\t<input type=\"hidden\" name=\"post_id\" value=\"61982\"\/>\n\t\t\t<input type=\"hidden\" name=\"form_id\" value=\"92ec446\"\/>\n\t\t\t<input type=\"hidden\" name=\"referer_title\" value=\"Like ink\" \/>\n\n\t\t\t\n\t\t\t<div class=\"elementor-form-fields-wrapper elementor-labels-above\">\n\t\t\t\t\t\t\t\t<div class=\"elementor-field-type-text elementor-field-group elementor-column elementor-field-group-name elementor-col-100\">\n\t\t\t\t\t\t\t\t\t\t\t\t\t<input size=\"1\" type=\"text\" name=\"form_fields[name]\" id=\"form-field-name\" class=\"elementor-field elementor-size-sm  elementor-field-textual\" placeholder=\"Virksomhed \/ Forening\">\n\t\t\t\t\t\t\t\t\t\t\t<\/div>\n\t\t\t\t\t\t\t\t<div class=\"elementor-field-type-text elementor-field-group elementor-column elementor-field-group-field_71c0c45 elementor-col-100\">\n\t\t\t\t\t\t\t\t\t\t\t\t\t<input size=\"1\" type=\"text\" name=\"form_fields[field_71c0c45]\" id=\"form-field-field_71c0c45\" class=\"elementor-field elementor-size-sm  elementor-field-textual\" placeholder=\"Kontaktperson\">\n\t\t\t\t\t\t\t\t\t\t\t<\/div>\n\t\t\t\t\t\t\t\t<div class=\"elementor-field-type-email elementor-field-group elementor-column elementor-field-group-email elementor-col-100 elementor-field-required\">\n\t\t\t\t\t\t\t\t\t\t\t\t\t<input size=\"1\" type=\"email\" name=\"form_fields[email]\" id=\"form-field-email\" class=\"elementor-field elementor-size-sm  elementor-field-textual\" placeholder=\"E-mail\" required=\"required\">\n\t\t\t\t\t\t\t\t\t\t\t<\/div>\n\t\t\t\t\t\t\t\t<div class=\"elementor-field-type-text elementor-field-group elementor-column elementor-field-group-field_fbc2ca8 elementor-col-100\">\n\t\t\t\t\t\t\t\t\t\t\t\t\t<input size=\"1\" type=\"text\" name=\"form_fields[field_fbc2ca8]\" id=\"form-field-field_fbc2ca8\" class=\"elementor-field elementor-size-sm  elementor-field-textual\" placeholder=\"Telefonnummer\">\n\t\t\t\t\t\t\t\t\t\t\t<\/div>\n\t\t\t\t\t\t\t\t<div class=\"elementor-field-type-select elementor-field-group elementor-column elementor-field-group-field_c831379 elementor-col-100\">\n\t\t\t\t\t\t\t<div class=\"elementor-field elementor-select-wrapper remove-before \">\n\t\t\t<div class=\"select-caret-down-wrapper\">\n\t\t\t\t<svg aria-hidden=\"true\" class=\"e-font-icon-svg e-eicon-caret-down\" viewBox=\"0 0 571.4 571.4\" xmlns=\"http:\/\/www.w3.org\/2000\/svg\"><path d=\"M571 393Q571 407 561 418L311 668Q300 679 286 679T261 668L11 418Q0 407 0 393T11 368 36 357H536Q550 357 561 368T571 393Z\"><\/path><\/svg>\t\t\t<\/div>\n\t\t\t<select name=\"form_fields[field_c831379]\" id=\"form-field-field_c831379\" class=\"elementor-field-textual elementor-size-sm\">\n\t\t\t\t\t\t\t\t\t<option value=\"Antal tatoveringer\">Antal tatoveringer<\/option>\n\t\t\t\t\t\t\t\t\t<option value=\"Under 500\">Under 500<\/option>\n\t\t\t\t\t\t\t\t\t<option value=\"1000\u20135000\">1000\u20135000<\/option>\n\t\t\t\t\t\t\t\t\t<option value=\"5000\u201310.000\">5000\u201310.000<\/option>\n\t\t\t\t\t\t\t<\/select>\n\t\t<\/div>\n\t\t\t\t\t\t<\/div>\n\t\t\t\t\t\t\t\t<div class=\"elementor-field-type-text elementor-field-group elementor-column elementor-field-group-field_6bab60b elementor-col-100\">\n\t\t\t\t\t\t\t\t\t\t\t\t\t<input size=\"1\" type=\"text\" name=\"form_fields[field_6bab60b]\" id=\"form-field-field_6bab60b\" class=\"elementor-field elementor-size-sm  elementor-field-textual\" placeholder=\"St\u00f8rrelse p\u00e5 tatovering (f.eks. 5x5 cm)\">\n\t\t\t\t\t\t\t\t\t\t\t<\/div>\n\t\t\t\t\t\t\t\t<div class=\"elementor-field-type-text elementor-field-group elementor-column elementor-field-group-field_3cb9e95 elementor-col-100\">\n\t\t\t\t\t\t\t\t\t\t\t\t\t<input size=\"1\" type=\"text\" name=\"form_fields[field_3cb9e95]\" id=\"form-field-field_3cb9e95\" class=\"elementor-field elementor-size-sm  elementor-field-textual\" placeholder=\"\u00d8nsket leveringsdato\">\n\t\t\t\t\t\t\t\t\t\t\t<\/div>\n\t\t\t\t\t\t\t\t<div class=\"elementor-field-type-textarea elementor-field-group elementor-column elementor-field-group-field_8c8f4bb elementor-col-100\">\n\t\t\t\t\t<textarea class=\"elementor-field-textual elementor-field  elementor-size-sm\" name=\"form_fields[field_8c8f4bb]\" id=\"form-field-field_8c8f4bb\" rows=\"4\" placeholder=\"\u00d8vrige \u00f8nsker\"><\/textarea>\t\t\t\t<\/div>\n\t\t\t\t\t\t\t\t<div class=\"elementor-field-type-text elementor-field-group elementor-column elementor-field-group-field_72bf030 elementor-col-100\">\n\t\t\t\t\t\t\t\t\t\t\t\t\t<input size=\"1\" type=\"text\" name=\"form_fields[field_72bf030]\" id=\"form-field-field_72bf030\" class=\"elementor-field elementor-size-sm  elementor-field-textual\" placeholder=\"Hvordan fandt du os?\">\n\t\t\t\t\t\t\t\t\t\t\t<\/div>\n\t\t\t\t\t\t\t\t<div class=\"elementor-field-type-upload elementor-field-group elementor-column elementor-field-group-field_f514848 elementor-col-100\">\n\t\t\t\t\t\t\t\t\t\t\t\t<label for=\"form-field-field_f514848\" class=\"elementor-field-label\">\n\t\t\t\t\t\t\t\tUpload jeres motiv\t\t\t\t\t\t\t<\/label>\n\t\t\t\t\t\t\t\t<input type=\"file\" name=\"form_fields[field_f514848]\" id=\"form-field-field_f514848\" class=\"elementor-field elementor-size-sm  elementor-upload-field\">\n\n\t\t\t\t\t\t<\/div>\n\t\t\t\t\t\t\t\t<div class=\"elementor-field-group elementor-column elementor-field-type-submit elementor-col-100 e-form__buttons\">\n\t\t\t\t\t<button class=\"elementor-button elementor-size-sm\" type=\"submit\">\n\t\t\t\t\t\t<span class=\"elementor-button-content-wrapper\">\n\t\t\t\t\t\t\t\t\t\t\t\t\t\t\t\t\t\t\t\t\t\t<span class=\"elementor-button-text\">Send offertanmodning<\/span>\n\t\t\t\t\t\t\t\t\t\t\t\t\t<\/span>\n\t\t\t\t\t<\/button>\n\t\t\t\t<\/div>\n\t\t\t<\/div>\n\t\t<\/form>\n\t\t\t\t\t\t<\/div>\n\t\t\t\t<\/div>\n\t\t\t\t<\/div>\n\t\t\t\t\t<\/div>\n\t\t\t\t<\/div>\n\t\t\t\t<\/div>\n\t\t","protected":false},"excerpt":{"rendered":"<p>Offertanmodning Udfyld formularen, s\u00e5 vender vi tilbage med et tilbud, svarer p\u00e5 sp\u00f8rgsm\u00e5l og hj\u00e6lper jer med at skabe pr\u00e6cis de tatoveringer, I \u00f8nsker. Vi ser frem til at h\u00f8re fra dig!<\/p>\n","protected":false},"author":7,"featured_media":0,"parent":0,"menu_order":0,"comment_status":"closed","ping_status":"closed","template":"","meta":{"footnotes":""},"class_list":["post-61982","page","type-page","status-publish","hentry"],"yoast_head":"<!-- This site is optimized with the Yoast SEO Premium plugin v26.2 (Yoast SEO v27.5) - https:\/\/yoast.com\/product\/yoast-seo-premium-wordpress\/ -->\n<title>Offertanmodning - Like ink<\/title>\n<meta name=\"robots\" content=\"index, follow, max-snippet:-1, max-image-preview:large, max-video-preview:-1\" \/>\n<link rel=\"canonical\" href=\"https:\/\/likeink.com\/da\/offertanmodning\/\" \/>\n<meta property=\"og:locale\" content=\"da_DK\" \/>\n<meta property=\"og:type\" content=\"article\" \/>\n<meta property=\"og:title\" content=\"Offertanmodning\" \/>\n<meta property=\"og:description\" content=\"Offertanmodning Udfyld formularen, s\u00e5 vender vi tilbage med et tilbud, svarer p\u00e5 sp\u00f8rgsm\u00e5l og hj\u00e6lper jer med at skabe pr\u00e6cis de tatoveringer, I \u00f8nsker.\" \/>\n<meta property=\"og:url\" content=\"https:\/\/likeink.com\/da\/offertanmodning\/\" \/>\n<meta property=\"og:site_name\" content=\"Like ink\" \/>\n<meta property=\"article:publisher\" content=\"https:\/\/www.facebook.com\/LikeInkSe\" \/>\n<meta property=\"article:modified_time\" content=\"2026-03-30T13:42:55+00:00\" \/>\n<meta name=\"twitter:card\" content=\"summary_large_image\" \/>\n<meta name=\"twitter:label1\" content=\"Estimeret l\u00e6setid\" \/>\n\t<meta name=\"twitter:data1\" content=\"1 minut\" \/>\n<!-- \/ Yoast SEO Premium plugin. -->","yoast_head_json":{"title":"Offertanmodning - Like ink","robots":{"index":"index","follow":"follow","max-snippet":"max-snippet:-1","max-image-preview":"max-image-preview:large","max-video-preview":"max-video-preview:-1"},"canonical":"https:\/\/likeink.com\/da\/offertanmodning\/","og_locale":"da_DK","og_type":"article","og_title":"Offertanmodning","og_description":"Offertanmodning Udfyld formularen, s\u00e5 vender vi tilbage med et tilbud, svarer p\u00e5 sp\u00f8rgsm\u00e5l og hj\u00e6lper jer med at skabe pr\u00e6cis de tatoveringer, I \u00f8nsker.","og_url":"https:\/\/likeink.com\/da\/offertanmodning\/","og_site_name":"Like ink","article_publisher":"https:\/\/www.facebook.com\/LikeInkSe","article_modified_time":"2026-03-30T13:42:55+00:00","twitter_card":"summary_large_image","twitter_misc":{"Estimeret l\u00e6setid":"1 minut"},"schema":{"@context":"https:\/\/schema.org","@graph":[{"@type":"WebPage","@id":"https:\/\/likeink.com\/da\/offertanmodning\/","url":"https:\/\/likeink.com\/da\/offertanmodning\/","name":"Offertanmodning - Like ink","isPartOf":{"@id":"https:\/\/likeink.com\/da\/#website"},"datePublished":"2026-03-30T08:49:11+00:00","dateModified":"2026-03-30T13:42:55+00:00","breadcrumb":{"@id":"https:\/\/likeink.com\/da\/offertanmodning\/#breadcrumb"},"inLanguage":"da-DK","potentialAction":[{"@type":"ReadAction","target":["https:\/\/likeink.com\/da\/offertanmodning\/"]}]},{"@type":"BreadcrumbList","@id":"https:\/\/likeink.com\/da\/offertanmodning\/#breadcrumb","itemListElement":[{"@type":"ListItem","position":1,"name":"Hem","item":"https:\/\/likeink.com\/da\/"},{"@type":"ListItem","position":2,"name":"Offertanmodning"}]},{"@type":"WebSite","@id":"https:\/\/likeink.com\/da\/#website","url":"https:\/\/likeink.com\/da\/","name":"Like ink","description":"Make your own custom design","potentialAction":[{"@type":"SearchAction","target":{"@type":"EntryPoint","urlTemplate":"https:\/\/likeink.com\/da\/?s={search_term_string}"},"query-input":{"@type":"PropertyValueSpecification","valueRequired":true,"valueName":"search_term_string"}}],"inLanguage":"da-DK"}]}},"_links":{"self":[{"href":"https:\/\/likeink.com\/da\/wp-json\/wp\/v2\/pages\/61982","targetHints":{"allow":["GET"]}}],"collection":[{"href":"https:\/\/likeink.com\/da\/wp-json\/wp\/v2\/pages"}],"about":[{"href":"https:\/\/likeink.com\/da\/wp-json\/wp\/v2\/types\/page"}],"author":[{"embeddable":true,"href":"https:\/\/likeink.com\/da\/wp-json\/wp\/v2\/users\/7"}],"replies":[{"embeddable":true,"href":"https:\/\/likeink.com\/da\/wp-json\/wp\/v2\/comments?post=61982"}],"version-history":[{"count":4,"href":"https:\/\/likeink.com\/da\/wp-json\/wp\/v2\/pages\/61982\/revisions"}],"predecessor-version":[{"id":62093,"href":"https:\/\/likeink.com\/da\/wp-json\/wp\/v2\/pages\/61982\/revisions\/62093"}],"wp:attachment":[{"href":"https:\/\/likeink.com\/da\/wp-json\/wp\/v2\/media?parent=61982"}],"curies":[{"name":"wp","href":"https:\/\/api.w.org\/{rel}","templated":true}]}}