{"id":13858,"date":"2022-10-08T13:28:52","date_gmt":"2022-10-08T13:28:52","guid":{"rendered":"https:\/\/likeink.se\/produkt\/frankenstein-facetattoos-scars-a5\/"},"modified":"2026-03-16T15:42:08","modified_gmt":"2026-03-16T15:42:08","slug":"frankenstein-ansigtstatovering","status":"publish","type":"product","link":"https:\/\/likeink.com\/da\/midlertidige-tatoveringer\/frankenstein-ansigtstatovering\/","title":{"rendered":"Frankenstein ansigtstatovering"},"content":{"rendered":"","protected":false},"excerpt":{"rendered":"<p>Hvis du skal til en Halloween-fest, b\u00f8r du kl\u00e6de dig ud. Med tatoveringerne p\u00e5 dette ark kan du hurtigt og nemt forvandle dit ansigt til Frankensteins.<\/p>\n<p>Vores midlertidige tatoveringsark er 20X14 cm i st\u00f8rrelse og fyldt med det viste design. Vi printer og sender din ordre inden for 24 timer! Nem at p\u00e5f\u00f8re!<\/p>\n<h2>Bestil Frankenstein Halloween tatoveringer fra os hos Like ink<\/h2>\n<p>Arkst\u00f8rrelse: A5<br \/>\nSt\u00f8rrelse p\u00e5 tatoveringer: Stingene er 2 og 1,5 cm h\u00f8je, og hver sting er 20 cm lang.<\/p>\n","protected":false},"featured_media":13849,"template":"","meta":[],"product_brand":[],"product_cat":[53,158],"product_tag":[],"class_list":{"0":"post-13858","1":"product","2":"type-product","3":"status-publish","4":"has-post-thumbnail","6":"product_cat-faerdige-ark","7":"product_cat-halloween-tatoveringer","9":"first","10":"instock","11":"taxable","12":"shipping-taxable","13":"purchasable","14":"product-type-simple"},"yoast_head":"<!-- This site is optimized with the Yoast SEO Premium plugin v26.2 (Yoast SEO v27.4) - https:\/\/yoast.com\/product\/yoast-seo-premium-wordpress\/ -->\n<title>Frankenstein ansigtstatovering A5 - Like ink<\/title>\n<meta name=\"description\" content=\"Frankenstein ansigtstatovering A5. Hvis du skal til en Halloween-fest, b\u00f8r du kl\u00e6de dig ud som om du ikke er dig selv. :) - Like ink\" \/>\n<meta name=\"robots\" content=\"index, follow, max-snippet:-1, max-image-preview:large, max-video-preview:-1\" \/>\n<link rel=\"canonical\" href=\"https:\/\/likeink.com\/da\/midlertidige-tatoveringer\/frankenstein-ansigtstatovering\/\" \/>\n<meta property=\"og:locale\" content=\"da_DK\" \/>\n<meta property=\"og:type\" content=\"article\" \/>\n<meta property=\"og:title\" content=\"Frankenstein ansigtstatovering\" \/>\n<meta property=\"og:description\" content=\"Hvis du skal til en Halloween-fest, b\u00f8r du kl\u00e6de dig ud. Med tatoveringerne p\u00e5 dette ark kan du hurtigt og nemt forvandle dit ansigt til Frankensteins.  Vores midlertidige tatoveringsark er 20X14 cm i st\u00f8rrelse og fyldt med det viste design. Vi printer og sender din ordre inden for 24 timer! Nem at p\u00e5f\u00f8re!  Bestil Frankenstein Halloween tatoveringer fra os hos Like ink  Arkst\u00f8rrelse: A5 St\u00f8rrelse p\u00e5 tatoveringer: Stingene er 2 og 1,5 cm h\u00f8je, og hver sting er 20 cm lang.\" \/>\n<meta property=\"og:url\" content=\"https:\/\/likeink.com\/da\/midlertidige-tatoveringer\/frankenstein-ansigtstatovering\/\" \/>\n<meta property=\"og:site_name\" content=\"Like ink\" \/>\n<meta property=\"article:publisher\" content=\"https:\/\/www.facebook.com\/LikeInkSe\" \/>\n<meta property=\"article:modified_time\" content=\"2026-03-16T15:42:08+00:00\" \/>\n<meta property=\"og:image\" content=\"https:\/\/likeink.com\/wp-content\/uploads\/2022\/10\/Frankenstein_FaceScars_Likeink-1.jpg\" \/>\n\t<meta property=\"og:image:width\" content=\"1200\" \/>\n\t<meta property=\"og:image:height\" content=\"845\" \/>\n\t<meta property=\"og:image:type\" content=\"image\/jpeg\" \/>\n<meta name=\"twitter:card\" content=\"summary_large_image\" \/>\n<script type=\"application\/ld+json\" class=\"yoast-schema-graph\">{\"@context\":\"https:\\\/\\\/schema.org\",\"@graph\":[{\"@type\":\"WebPage\",\"@id\":\"https:\\\/\\\/likeink.com\\\/da\\\/midlertidige-tatoveringer\\\/frankenstein-ansigtstatovering\\\/\",\"url\":\"https:\\\/\\\/likeink.com\\\/da\\\/midlertidige-tatoveringer\\\/frankenstein-ansigtstatovering\\\/\",\"name\":\"Frankenstein ansigtstatovering A5 - Like ink\",\"isPartOf\":{\"@id\":\"https:\\\/\\\/likeink.com\\\/da\\\/#website\"},\"primaryImageOfPage\":{\"@id\":\"https:\\\/\\\/likeink.com\\\/da\\\/midlertidige-tatoveringer\\\/frankenstein-ansigtstatovering\\\/#primaryimage\"},\"image\":{\"@id\":\"https:\\\/\\\/likeink.com\\\/da\\\/midlertidige-tatoveringer\\\/frankenstein-ansigtstatovering\\\/#primaryimage\"},\"thumbnailUrl\":\"https:\\\/\\\/likeink.com\\\/wp-content\\\/uploads\\\/2022\\\/10\\\/Frankenstein_FaceScars_Likeink-1.jpg\",\"datePublished\":\"2022-10-08T13:28:52+00:00\",\"dateModified\":\"2026-03-16T15:42:08+00:00\",\"description\":\"Frankenstein ansigtstatovering A5. Hvis du skal til en Halloween-fest, b\u00f8r du kl\u00e6de dig ud som om du ikke er dig selv. :) - Like ink\",\"breadcrumb\":{\"@id\":\"https:\\\/\\\/likeink.com\\\/da\\\/midlertidige-tatoveringer\\\/frankenstein-ansigtstatovering\\\/#breadcrumb\"},\"inLanguage\":\"da-DK\",\"potentialAction\":[{\"@type\":\"ReadAction\",\"target\":[\"https:\\\/\\\/likeink.com\\\/da\\\/midlertidige-tatoveringer\\\/frankenstein-ansigtstatovering\\\/\"]}]},{\"@type\":\"ImageObject\",\"inLanguage\":\"da-DK\",\"@id\":\"https:\\\/\\\/likeink.com\\\/da\\\/midlertidige-tatoveringer\\\/frankenstein-ansigtstatovering\\\/#primaryimage\",\"url\":\"https:\\\/\\\/likeink.com\\\/wp-content\\\/uploads\\\/2022\\\/10\\\/Frankenstein_FaceScars_Likeink-1.jpg\",\"contentUrl\":\"https:\\\/\\\/likeink.com\\\/wp-content\\\/uploads\\\/2022\\\/10\\\/Frankenstein_FaceScars_Likeink-1.jpg\",\"width\":1200,\"height\":845,\"caption\":\"Frankenstein ansigtstatoveringer.\"},{\"@type\":\"BreadcrumbList\",\"@id\":\"https:\\\/\\\/likeink.com\\\/da\\\/midlertidige-tatoveringer\\\/frankenstein-ansigtstatovering\\\/#breadcrumb\",\"itemListElement\":[{\"@type\":\"ListItem\",\"position\":1,\"name\":\"Hem\",\"item\":\"https:\\\/\\\/likeink.com\\\/da\\\/\"},{\"@type\":\"ListItem\",\"position\":2,\"name\":\"Shop\",\"item\":\"https:\\\/\\\/likeink.com\\\/da\\\/shop\\\/\"},{\"@type\":\"ListItem\",\"position\":3,\"name\":\"Frankenstein ansigtstatovering\"}]},{\"@type\":\"WebSite\",\"@id\":\"https:\\\/\\\/likeink.com\\\/da\\\/#website\",\"url\":\"https:\\\/\\\/likeink.com\\\/da\\\/\",\"name\":\"Like ink\",\"description\":\"Make your own custom design\",\"potentialAction\":[{\"@type\":\"SearchAction\",\"target\":{\"@type\":\"EntryPoint\",\"urlTemplate\":\"https:\\\/\\\/likeink.com\\\/da\\\/?s={search_term_string}\"},\"query-input\":{\"@type\":\"PropertyValueSpecification\",\"valueRequired\":true,\"valueName\":\"search_term_string\"}}],\"inLanguage\":\"da-DK\"}]}<\/script>\n<!-- \/ Yoast SEO Premium plugin. -->","yoast_head_json":{"title":"Frankenstein ansigtstatovering A5 - Like ink","description":"Frankenstein ansigtstatovering A5. Hvis du skal til en Halloween-fest, b\u00f8r du kl\u00e6de dig ud som om du ikke er dig selv. :) - Like ink","robots":{"index":"index","follow":"follow","max-snippet":"max-snippet:-1","max-image-preview":"max-image-preview:large","max-video-preview":"max-video-preview:-1"},"canonical":"https:\/\/likeink.com\/da\/midlertidige-tatoveringer\/frankenstein-ansigtstatovering\/","og_locale":"da_DK","og_type":"article","og_title":"Frankenstein ansigtstatovering","og_description":"Hvis du skal til en Halloween-fest, b\u00f8r du kl\u00e6de dig ud. Med tatoveringerne p\u00e5 dette ark kan du hurtigt og nemt forvandle dit ansigt til Frankensteins.  Vores midlertidige tatoveringsark er 20X14 cm i st\u00f8rrelse og fyldt med det viste design. Vi printer og sender din ordre inden for 24 timer! Nem at p\u00e5f\u00f8re!  Bestil Frankenstein Halloween tatoveringer fra os hos Like ink  Arkst\u00f8rrelse: A5 St\u00f8rrelse p\u00e5 tatoveringer: Stingene er 2 og 1,5 cm h\u00f8je, og hver sting er 20 cm lang.","og_url":"https:\/\/likeink.com\/da\/midlertidige-tatoveringer\/frankenstein-ansigtstatovering\/","og_site_name":"Like ink","article_publisher":"https:\/\/www.facebook.com\/LikeInkSe","article_modified_time":"2026-03-16T15:42:08+00:00","og_image":[{"width":1200,"height":845,"url":"https:\/\/likeink.com\/wp-content\/uploads\/2022\/10\/Frankenstein_FaceScars_Likeink-1.jpg","type":"image\/jpeg"}],"twitter_card":"summary_large_image","schema":{"@context":"https:\/\/schema.org","@graph":[{"@type":"WebPage","@id":"https:\/\/likeink.com\/da\/midlertidige-tatoveringer\/frankenstein-ansigtstatovering\/","url":"https:\/\/likeink.com\/da\/midlertidige-tatoveringer\/frankenstein-ansigtstatovering\/","name":"Frankenstein ansigtstatovering A5 - Like ink","isPartOf":{"@id":"https:\/\/likeink.com\/da\/#website"},"primaryImageOfPage":{"@id":"https:\/\/likeink.com\/da\/midlertidige-tatoveringer\/frankenstein-ansigtstatovering\/#primaryimage"},"image":{"@id":"https:\/\/likeink.com\/da\/midlertidige-tatoveringer\/frankenstein-ansigtstatovering\/#primaryimage"},"thumbnailUrl":"https:\/\/likeink.com\/wp-content\/uploads\/2022\/10\/Frankenstein_FaceScars_Likeink-1.jpg","datePublished":"2022-10-08T13:28:52+00:00","dateModified":"2026-03-16T15:42:08+00:00","description":"Frankenstein ansigtstatovering A5. Hvis du skal til en Halloween-fest, b\u00f8r du kl\u00e6de dig ud som om du ikke er dig selv. :) - Like ink","breadcrumb":{"@id":"https:\/\/likeink.com\/da\/midlertidige-tatoveringer\/frankenstein-ansigtstatovering\/#breadcrumb"},"inLanguage":"da-DK","potentialAction":[{"@type":"ReadAction","target":["https:\/\/likeink.com\/da\/midlertidige-tatoveringer\/frankenstein-ansigtstatovering\/"]}]},{"@type":"ImageObject","inLanguage":"da-DK","@id":"https:\/\/likeink.com\/da\/midlertidige-tatoveringer\/frankenstein-ansigtstatovering\/#primaryimage","url":"https:\/\/likeink.com\/wp-content\/uploads\/2022\/10\/Frankenstein_FaceScars_Likeink-1.jpg","contentUrl":"https:\/\/likeink.com\/wp-content\/uploads\/2022\/10\/Frankenstein_FaceScars_Likeink-1.jpg","width":1200,"height":845,"caption":"Frankenstein ansigtstatoveringer."},{"@type":"BreadcrumbList","@id":"https:\/\/likeink.com\/da\/midlertidige-tatoveringer\/frankenstein-ansigtstatovering\/#breadcrumb","itemListElement":[{"@type":"ListItem","position":1,"name":"Hem","item":"https:\/\/likeink.com\/da\/"},{"@type":"ListItem","position":2,"name":"Shop","item":"https:\/\/likeink.com\/da\/shop\/"},{"@type":"ListItem","position":3,"name":"Frankenstein ansigtstatovering"}]},{"@type":"WebSite","@id":"https:\/\/likeink.com\/da\/#website","url":"https:\/\/likeink.com\/da\/","name":"Like ink","description":"Make your own custom design","potentialAction":[{"@type":"SearchAction","target":{"@type":"EntryPoint","urlTemplate":"https:\/\/likeink.com\/da\/?s={search_term_string}"},"query-input":{"@type":"PropertyValueSpecification","valueRequired":true,"valueName":"search_term_string"}}],"inLanguage":"da-DK"}]}},"_links":{"self":[{"href":"https:\/\/likeink.com\/da\/wp-json\/wp\/v2\/product\/13858","targetHints":{"allow":["GET"]}}],"collection":[{"href":"https:\/\/likeink.com\/da\/wp-json\/wp\/v2\/product"}],"about":[{"href":"https:\/\/likeink.com\/da\/wp-json\/wp\/v2\/types\/product"}],"wp:featuredmedia":[{"embeddable":true,"href":"https:\/\/likeink.com\/da\/wp-json\/wp\/v2\/media\/13849"}],"wp:attachment":[{"href":"https:\/\/likeink.com\/da\/wp-json\/wp\/v2\/media?parent=13858"}],"wp:term":[{"taxonomy":"product_brand","embeddable":true,"href":"https:\/\/likeink.com\/da\/wp-json\/wp\/v2\/product_brand?post=13858"},{"taxonomy":"product_cat","embeddable":true,"href":"https:\/\/likeink.com\/da\/wp-json\/wp\/v2\/product_cat?post=13858"},{"taxonomy":"product_tag","embeddable":true,"href":"https:\/\/likeink.com\/da\/wp-json\/wp\/v2\/product_tag?post=13858"}],"curies":[{"name":"wp","href":"https:\/\/api.w.org\/{rel}","templated":true}]}}