{"id":13914,"date":"2022-10-11T15:28:39","date_gmt":"2022-10-11T15:28:39","guid":{"rendered":"https:\/\/likeink.se\/produkt\/lines-fake-tattoos-a5\/"},"modified":"2026-03-16T15:42:20","modified_gmt":"2026-03-16T15:42:20","slug":"lines-fake-tatoveringe","status":"publish","type":"product","link":"https:\/\/likeink.com\/da\/midlertidige-tatoveringer\/lines-fake-tatoveringe\/","title":{"rendered":"Lines fake tatoveringer"},"content":{"rendered":"","protected":false},"excerpt":{"rendered":"<p>Du kan bestille midlertidige tatoveringer fra Like ink i ark. Midlertidige tatoveringer kaldes ogs\u00e5 falske tatoveringer. Vi printer og sender dine tatoveringer inden for 24 timer!<br \/>\nVi har masser af f\u00e6rdiglavede falske tatoveringer, og du kan ogs\u00e5 uploade dit valgte design og bestille midlertidige tatoveringer med dit eget design fra os.<\/p>\n<p>Vi h\u00e5ber, du kan lide designet \/ tatoveringerne p\u00e5 dette ark med produktnavnet &#8220;Lines fake tattoos A5&#8221;. Mange tak fordi du bestiller dine midlertidige tatoveringer fra Like ink.<\/p>\n<h2>Lines fake tattoos. Linjetatoveringer i forskellige farver, v\u00e6r kreativ og ha det sjovt<\/h2>\n<p>Vores ark med midlertidige tatoveringer er 20X14 cm og fyldt med tatoveringerne p\u00e5 produktbilledet.<br \/>\nHvor l\u00e6nge holder en midlertidig tatovering, og hvordan fungerer det?<br \/>\nVores midlertidige tatoveringer holder fra en til ti dage afh\u00e6ngigt af, hvor du placerer din tatovering, og hvor godt du passer p\u00e5 den. Falske tatoveringer er nemme at p\u00e5f\u00f8re og vaske af, og du vil f\u00e5 instruktioner med din ordre.<br \/>\nTrim den enkelte tatovering t\u00e6t p\u00e5 billedet<br \/>\nFjern klart filmlinje fra kl\u00e6bemiddel<br \/>\nPlacer tatoveringen p\u00e5 den \u00f8nskede position<br \/>\nP\u00e5f\u00f8r vand med en v\u00e5d svamp eller h\u00e5ndkl\u00e6de<br \/>\nEfter 15 sekunder fjern det v\u00e5de papir<br \/>\nF\u00e6rdig. Ha det sjovt og nyd det!<br \/>\nP\u00e5f\u00f8r babypudder for et mat finish, hvis det \u00f8nskes.<\/p>\n<p>Anden information!<br \/>\nLevering:<br \/>\nVi sender daglige ordrer rundt om i verden fra vores trykkerier i Malm\u00f6, Sverige. Vi printer og sender dine tatoveringer inden for 24 timer, men den normale leveringstid uden for Sverige er 5-10 dage. Bestil dine tatoveringer i god tid.<br \/>\nEr falske tatoveringer milj\u00f8venlige?<br \/>\nTatoveringerne er veganske, og milj\u00f8et er virkelig vigtigt for os her p\u00e5 Like ink. Alle komponenter er fri for PVC og PCB. Vi klimakompenserer alle forsendelser og bruger maling, kuverter og trykte materialer, der er nordisk milj\u00f8m\u00e6rket, sikkert for dig og godt for milj\u00f8et. Vi f\u00f8lger EC1223-2009 Kosmetikreguleringer.<\/p>\n<p>Ha en fantastisk dag!<\/p>\n<p>Like ink &#8211; \u00c6gte Falske Tatoveringer!<\/p>\n","protected":false},"featured_media":13905,"template":"","meta":[],"product_brand":[],"product_cat":[53,171],"product_tag":[],"class_list":{"0":"post-13914","1":"product","2":"type-product","3":"status-publish","4":"has-post-thumbnail","6":"product_cat-faerdige-ark","7":"product_cat-oevrige-tatoveringer","9":"first","10":"instock","11":"taxable","12":"shipping-taxable","13":"purchasable","14":"product-type-simple"},"yoast_head":"<!-- This site is optimized with the Yoast SEO Premium plugin v26.2 (Yoast SEO v27.4) - https:\/\/yoast.com\/product\/yoast-seo-premium-wordpress\/ -->\n<title>Lines fake tatoveringer A5 I S\u00e5 mange muligheder! - Like ink<\/title>\n<meta name=\"description\" content=\"Lines fake tatoveringer! De fleste linjer er 6X150mm. V\u00e6r kreativ og ha det sjovt! Vi sender inden for 24 timer. - Like ink\" \/>\n<meta name=\"robots\" content=\"index, follow, max-snippet:-1, max-image-preview:large, max-video-preview:-1\" \/>\n<link rel=\"canonical\" href=\"https:\/\/likeink.com\/da\/midlertidige-tatoveringer\/lines-fake-tatoveringe\/\" \/>\n<meta property=\"og:locale\" content=\"da_DK\" \/>\n<meta property=\"og:type\" content=\"article\" \/>\n<meta property=\"og:title\" content=\"Lines fake tatoveringer\" \/>\n<meta property=\"og:description\" content=\"Du kan bestille midlertidige tatoveringer fra Like ink i ark. Midlertidige tatoveringer kaldes ogs\u00e5 falske tatoveringer. Vi printer og sender dine tatoveringer inden for 24 timer! Vi har masser af f\u00e6rdiglavede falske tatoveringer, og du kan ogs\u00e5 uploade dit valgte design og bestille midlertidige tatoveringer med dit eget design fra os.  Vi h\u00e5ber, du kan lide designet \/ tatoveringerne p\u00e5 dette ark med produktnavnet &quot;Lines fake tattoos A5&quot;. Mange tak fordi du bestiller dine midlertidige tatoveringer fra Like ink.  Lines fake tattoos. Linjetatoveringer i forskellige farver, v\u00e6r kreativ og ha det sjovt  Vores ark med midlertidige tatoveringer er 20X14 cm og fyldt med tatoveringerne p\u00e5 produktbilledet. Hvor l\u00e6nge holder en midlertidig tatovering, og hvordan fungerer det? Vores midlertidige tatoveringer holder fra en til ti dage afh\u00e6ngigt af, hvor du placerer din tatovering, og hvor godt du passer p\u00e5 den. Falske tatoveringer er nemme at p\u00e5f\u00f8re og vaske af, og du vil f\u00e5 instruktioner med din ordre. Trim den enkelte tatovering t\u00e6t p\u00e5 billedet Fjern klart filmlinje fra kl\u00e6bemiddel Placer tatoveringen p\u00e5 den \u00f8nskede position P\u00e5f\u00f8r vand med en v\u00e5d svamp eller h\u00e5ndkl\u00e6de Efter 15 sekunder fjern det v\u00e5de papir F\u00e6rdig. Ha det sjovt og nyd det! P\u00e5f\u00f8r babypudder for et mat finish, hvis det \u00f8nskes.  Anden information! Levering: Vi sender daglige ordrer rundt om i verden fra vores trykkerier i Malm\u00f6, Sverige. Vi printer og sender dine tatoveringer inden for 24 timer, men den normale leveringstid uden for Sverige er 5-10 dage. Bestil dine tatoveringer i god tid. Er falske tatoveringer milj\u00f8venlige? Tatoveringerne er veganske, og milj\u00f8et er virkelig vigtigt for os her p\u00e5 Like ink. Alle komponenter er fri for PVC og PCB. Vi klimakompenserer alle forsendelser og bruger maling, kuverter og trykte materialer, der er nordisk milj\u00f8m\u00e6rket, sikkert for dig og godt for milj\u00f8et. Vi f\u00f8lger EC1223-2009 Kosmetikreguleringer.  Ha en fantastisk dag!  Like ink - \u00c6gte Falske Tatoveringer!\" \/>\n<meta property=\"og:url\" content=\"https:\/\/likeink.com\/da\/midlertidige-tatoveringer\/lines-fake-tatoveringe\/\" \/>\n<meta property=\"og:site_name\" content=\"Like ink\" \/>\n<meta property=\"article:publisher\" content=\"https:\/\/www.facebook.com\/LikeInkSe\" \/>\n<meta property=\"article:modified_time\" content=\"2026-03-16T15:42:20+00:00\" \/>\n<meta property=\"og:image\" content=\"https:\/\/likeink.com\/wp-content\/uploads\/2022\/10\/Likeink_Lines_Tattoos.jpg\" \/>\n\t<meta property=\"og:image:width\" content=\"1200\" \/>\n\t<meta property=\"og:image:height\" content=\"845\" \/>\n\t<meta property=\"og:image:type\" content=\"image\/jpeg\" \/>\n<meta name=\"twitter:card\" content=\"summary_large_image\" \/>\n<script type=\"application\/ld+json\" class=\"yoast-schema-graph\">{\"@context\":\"https:\\\/\\\/schema.org\",\"@graph\":[{\"@type\":\"WebPage\",\"@id\":\"https:\\\/\\\/likeink.com\\\/da\\\/midlertidige-tatoveringer\\\/lines-fake-tatoveringe\\\/\",\"url\":\"https:\\\/\\\/likeink.com\\\/da\\\/midlertidige-tatoveringer\\\/lines-fake-tatoveringe\\\/\",\"name\":\"Lines fake tatoveringer A5 I S\u00e5 mange muligheder! - Like ink\",\"isPartOf\":{\"@id\":\"https:\\\/\\\/likeink.com\\\/da\\\/#website\"},\"primaryImageOfPage\":{\"@id\":\"https:\\\/\\\/likeink.com\\\/da\\\/midlertidige-tatoveringer\\\/lines-fake-tatoveringe\\\/#primaryimage\"},\"image\":{\"@id\":\"https:\\\/\\\/likeink.com\\\/da\\\/midlertidige-tatoveringer\\\/lines-fake-tatoveringe\\\/#primaryimage\"},\"thumbnailUrl\":\"https:\\\/\\\/likeink.com\\\/wp-content\\\/uploads\\\/2022\\\/10\\\/Likeink_Lines_Tattoos.jpg\",\"datePublished\":\"2022-10-11T15:28:39+00:00\",\"dateModified\":\"2026-03-16T15:42:20+00:00\",\"description\":\"Lines fake tatoveringer! De fleste linjer er 6X150mm. V\u00e6r kreativ og ha det sjovt! Vi sender inden for 24 timer. - Like ink\",\"breadcrumb\":{\"@id\":\"https:\\\/\\\/likeink.com\\\/da\\\/midlertidige-tatoveringer\\\/lines-fake-tatoveringe\\\/#breadcrumb\"},\"inLanguage\":\"da-DK\",\"potentialAction\":[{\"@type\":\"ReadAction\",\"target\":[\"https:\\\/\\\/likeink.com\\\/da\\\/midlertidige-tatoveringer\\\/lines-fake-tatoveringe\\\/\"]}]},{\"@type\":\"ImageObject\",\"inLanguage\":\"da-DK\",\"@id\":\"https:\\\/\\\/likeink.com\\\/da\\\/midlertidige-tatoveringer\\\/lines-fake-tatoveringe\\\/#primaryimage\",\"url\":\"https:\\\/\\\/likeink.com\\\/wp-content\\\/uploads\\\/2022\\\/10\\\/Likeink_Lines_Tattoos.jpg\",\"contentUrl\":\"https:\\\/\\\/likeink.com\\\/wp-content\\\/uploads\\\/2022\\\/10\\\/Likeink_Lines_Tattoos.jpg\",\"width\":1200,\"height\":845,\"caption\":\"Linje tatoveringer.\"},{\"@type\":\"BreadcrumbList\",\"@id\":\"https:\\\/\\\/likeink.com\\\/da\\\/midlertidige-tatoveringer\\\/lines-fake-tatoveringe\\\/#breadcrumb\",\"itemListElement\":[{\"@type\":\"ListItem\",\"position\":1,\"name\":\"Hem\",\"item\":\"https:\\\/\\\/likeink.com\\\/da\\\/\"},{\"@type\":\"ListItem\",\"position\":2,\"name\":\"Shop\",\"item\":\"https:\\\/\\\/likeink.com\\\/da\\\/shop\\\/\"},{\"@type\":\"ListItem\",\"position\":3,\"name\":\"Lines fake tatoveringer\"}]},{\"@type\":\"WebSite\",\"@id\":\"https:\\\/\\\/likeink.com\\\/da\\\/#website\",\"url\":\"https:\\\/\\\/likeink.com\\\/da\\\/\",\"name\":\"Like ink\",\"description\":\"Make your own custom design\",\"potentialAction\":[{\"@type\":\"SearchAction\",\"target\":{\"@type\":\"EntryPoint\",\"urlTemplate\":\"https:\\\/\\\/likeink.com\\\/da\\\/?s={search_term_string}\"},\"query-input\":{\"@type\":\"PropertyValueSpecification\",\"valueRequired\":true,\"valueName\":\"search_term_string\"}}],\"inLanguage\":\"da-DK\"}]}<\/script>\n<!-- \/ Yoast SEO Premium plugin. -->","yoast_head_json":{"title":"Lines fake tatoveringer A5 I S\u00e5 mange muligheder! - Like ink","description":"Lines fake tatoveringer! De fleste linjer er 6X150mm. V\u00e6r kreativ og ha det sjovt! Vi sender inden for 24 timer. - Like ink","robots":{"index":"index","follow":"follow","max-snippet":"max-snippet:-1","max-image-preview":"max-image-preview:large","max-video-preview":"max-video-preview:-1"},"canonical":"https:\/\/likeink.com\/da\/midlertidige-tatoveringer\/lines-fake-tatoveringe\/","og_locale":"da_DK","og_type":"article","og_title":"Lines fake tatoveringer","og_description":"Du kan bestille midlertidige tatoveringer fra Like ink i ark. Midlertidige tatoveringer kaldes ogs\u00e5 falske tatoveringer. Vi printer og sender dine tatoveringer inden for 24 timer! Vi har masser af f\u00e6rdiglavede falske tatoveringer, og du kan ogs\u00e5 uploade dit valgte design og bestille midlertidige tatoveringer med dit eget design fra os.  Vi h\u00e5ber, du kan lide designet \/ tatoveringerne p\u00e5 dette ark med produktnavnet \"Lines fake tattoos A5\". Mange tak fordi du bestiller dine midlertidige tatoveringer fra Like ink.  Lines fake tattoos. Linjetatoveringer i forskellige farver, v\u00e6r kreativ og ha det sjovt  Vores ark med midlertidige tatoveringer er 20X14 cm og fyldt med tatoveringerne p\u00e5 produktbilledet. Hvor l\u00e6nge holder en midlertidig tatovering, og hvordan fungerer det? Vores midlertidige tatoveringer holder fra en til ti dage afh\u00e6ngigt af, hvor du placerer din tatovering, og hvor godt du passer p\u00e5 den. Falske tatoveringer er nemme at p\u00e5f\u00f8re og vaske af, og du vil f\u00e5 instruktioner med din ordre. Trim den enkelte tatovering t\u00e6t p\u00e5 billedet Fjern klart filmlinje fra kl\u00e6bemiddel Placer tatoveringen p\u00e5 den \u00f8nskede position P\u00e5f\u00f8r vand med en v\u00e5d svamp eller h\u00e5ndkl\u00e6de Efter 15 sekunder fjern det v\u00e5de papir F\u00e6rdig. Ha det sjovt og nyd det! P\u00e5f\u00f8r babypudder for et mat finish, hvis det \u00f8nskes.  Anden information! Levering: Vi sender daglige ordrer rundt om i verden fra vores trykkerier i Malm\u00f6, Sverige. Vi printer og sender dine tatoveringer inden for 24 timer, men den normale leveringstid uden for Sverige er 5-10 dage. Bestil dine tatoveringer i god tid. Er falske tatoveringer milj\u00f8venlige? Tatoveringerne er veganske, og milj\u00f8et er virkelig vigtigt for os her p\u00e5 Like ink. Alle komponenter er fri for PVC og PCB. Vi klimakompenserer alle forsendelser og bruger maling, kuverter og trykte materialer, der er nordisk milj\u00f8m\u00e6rket, sikkert for dig og godt for milj\u00f8et. Vi f\u00f8lger EC1223-2009 Kosmetikreguleringer.  Ha en fantastisk dag!  Like ink - \u00c6gte Falske Tatoveringer!","og_url":"https:\/\/likeink.com\/da\/midlertidige-tatoveringer\/lines-fake-tatoveringe\/","og_site_name":"Like ink","article_publisher":"https:\/\/www.facebook.com\/LikeInkSe","article_modified_time":"2026-03-16T15:42:20+00:00","og_image":[{"width":1200,"height":845,"url":"https:\/\/likeink.com\/wp-content\/uploads\/2022\/10\/Likeink_Lines_Tattoos.jpg","type":"image\/jpeg"}],"twitter_card":"summary_large_image","schema":{"@context":"https:\/\/schema.org","@graph":[{"@type":"WebPage","@id":"https:\/\/likeink.com\/da\/midlertidige-tatoveringer\/lines-fake-tatoveringe\/","url":"https:\/\/likeink.com\/da\/midlertidige-tatoveringer\/lines-fake-tatoveringe\/","name":"Lines fake tatoveringer A5 I S\u00e5 mange muligheder! - Like ink","isPartOf":{"@id":"https:\/\/likeink.com\/da\/#website"},"primaryImageOfPage":{"@id":"https:\/\/likeink.com\/da\/midlertidige-tatoveringer\/lines-fake-tatoveringe\/#primaryimage"},"image":{"@id":"https:\/\/likeink.com\/da\/midlertidige-tatoveringer\/lines-fake-tatoveringe\/#primaryimage"},"thumbnailUrl":"https:\/\/likeink.com\/wp-content\/uploads\/2022\/10\/Likeink_Lines_Tattoos.jpg","datePublished":"2022-10-11T15:28:39+00:00","dateModified":"2026-03-16T15:42:20+00:00","description":"Lines fake tatoveringer! De fleste linjer er 6X150mm. V\u00e6r kreativ og ha det sjovt! Vi sender inden for 24 timer. - Like ink","breadcrumb":{"@id":"https:\/\/likeink.com\/da\/midlertidige-tatoveringer\/lines-fake-tatoveringe\/#breadcrumb"},"inLanguage":"da-DK","potentialAction":[{"@type":"ReadAction","target":["https:\/\/likeink.com\/da\/midlertidige-tatoveringer\/lines-fake-tatoveringe\/"]}]},{"@type":"ImageObject","inLanguage":"da-DK","@id":"https:\/\/likeink.com\/da\/midlertidige-tatoveringer\/lines-fake-tatoveringe\/#primaryimage","url":"https:\/\/likeink.com\/wp-content\/uploads\/2022\/10\/Likeink_Lines_Tattoos.jpg","contentUrl":"https:\/\/likeink.com\/wp-content\/uploads\/2022\/10\/Likeink_Lines_Tattoos.jpg","width":1200,"height":845,"caption":"Linje tatoveringer."},{"@type":"BreadcrumbList","@id":"https:\/\/likeink.com\/da\/midlertidige-tatoveringer\/lines-fake-tatoveringe\/#breadcrumb","itemListElement":[{"@type":"ListItem","position":1,"name":"Hem","item":"https:\/\/likeink.com\/da\/"},{"@type":"ListItem","position":2,"name":"Shop","item":"https:\/\/likeink.com\/da\/shop\/"},{"@type":"ListItem","position":3,"name":"Lines fake tatoveringer"}]},{"@type":"WebSite","@id":"https:\/\/likeink.com\/da\/#website","url":"https:\/\/likeink.com\/da\/","name":"Like ink","description":"Make your own custom design","potentialAction":[{"@type":"SearchAction","target":{"@type":"EntryPoint","urlTemplate":"https:\/\/likeink.com\/da\/?s={search_term_string}"},"query-input":{"@type":"PropertyValueSpecification","valueRequired":true,"valueName":"search_term_string"}}],"inLanguage":"da-DK"}]}},"_links":{"self":[{"href":"https:\/\/likeink.com\/da\/wp-json\/wp\/v2\/product\/13914","targetHints":{"allow":["GET"]}}],"collection":[{"href":"https:\/\/likeink.com\/da\/wp-json\/wp\/v2\/product"}],"about":[{"href":"https:\/\/likeink.com\/da\/wp-json\/wp\/v2\/types\/product"}],"wp:featuredmedia":[{"embeddable":true,"href":"https:\/\/likeink.com\/da\/wp-json\/wp\/v2\/media\/13905"}],"wp:attachment":[{"href":"https:\/\/likeink.com\/da\/wp-json\/wp\/v2\/media?parent=13914"}],"wp:term":[{"taxonomy":"product_brand","embeddable":true,"href":"https:\/\/likeink.com\/da\/wp-json\/wp\/v2\/product_brand?post=13914"},{"taxonomy":"product_cat","embeddable":true,"href":"https:\/\/likeink.com\/da\/wp-json\/wp\/v2\/product_cat?post=13914"},{"taxonomy":"product_tag","embeddable":true,"href":"https:\/\/likeink.com\/da\/wp-json\/wp\/v2\/product_tag?post=13914"}],"curies":[{"name":"wp","href":"https:\/\/api.w.org\/{rel}","templated":true}]}}