{"id":14380,"date":"2022-11-04T16:15:54","date_gmt":"2022-11-04T16:15:54","guid":{"rendered":"https:\/\/likeink.se\/produkt\/november-temporary-tattoos-a5\/"},"modified":"2026-03-16T15:42:20","modified_gmt":"2026-03-16T15:42:20","slug":"movember-mustache-midlertidige-tatoveringer-a5","status":"publish","type":"product","link":"https:\/\/likeink.com\/da\/midlertidige-tatoveringer\/movember-mustache-midlertidige-tatoveringer-a5\/","title":{"rendered":"Movember Mustache Midlertidige Tatoveringer"},"content":{"rendered":"","protected":false},"excerpt":{"rendered":"<p>Bestil November Midlertidige Tatoveringer! Alt overskuddet g\u00e5r til Movember-bev\u00e6gelsen! H\u00f8jkvalitets Movember tatoveringer!<br \/>\nLike Ink samarbejder med Movember og samler penge ind til bev\u00e6gelsen for m\u00e6nds sundhed!<br \/>\nLike Inks ark med midlertidige tatoveringer er 20&#215;14 cm i st\u00f8rrelse, og vi trykker og sender din ordre inden for 24 timer.<br \/>\nArket er fyldt med motiver, som du kan se p\u00e5 produktbilledet. Vores midlertidige tatoveringer er nemme at p\u00e5f\u00f8re og tage af igen. En falsk tatovering holder normalt 2-7 dage afh\u00e6ngigt af placering, hudtype og hvordan du passer p\u00e5 den.<\/p>\n<h2>K\u00f8b et ark med Movember tatoveringer! Alt overskuddet g\u00e5r til Movember velg\u00f8renhed.<\/h2>\n<p><strong>Hvad er Movember, og hvad g\u00f8r bev\u00e6gelsen?<\/strong><br \/>\nMovember er den f\u00f8rende velg\u00f8renhedsorganisation for m\u00e6nds sundhed.<br \/>\nFokus for Movembers arbejde er at bek\u00e6mpe prostatakr\u00e6ft, testikelkr\u00e6ft, mental sundhed og forebygge selvmord.<br \/>\nOrganisationen Movember eksisterer for at hj\u00e6lpe m\u00e6nd med at leve et lykkeligere, sundere og l\u00e6ngere liv, og vi hos Like Ink \u00f8nsker at slutte os til og st\u00f8tte op om dette!<\/p>\n<p><strong>Hvordan donerer Like Ink penge?<\/strong><br \/>\nK\u00f8b et ark med Movember tatoveringer!<br \/>\nTag @movember og @likeinkse p\u00e5 Instagram eller TikTok, og vi vil donere yderligere 1 euro pr. opslag.<br \/>\nI forbindelse med dit k\u00f8b inviterer vi dig ogs\u00e5 til at donere penge via linket her: <a href=\"https:\/\/movember.com\/m\/14927304?mc=1\">https:\/\/movember.com\/Likeink<\/a><br \/>\nSidst men ikke mindst! B\u00e6r dine Movember tatoveringer, s\u00e5 de er synlige. Det tiltr\u00e6kker opm\u00e6rksomhed og hj\u00e6lper med at sprede Movember-bev\u00e6gelsen.<br \/>\nBestil et ark med midlertidige tatoveringer til dig selv, dine venner, kolleger og medarbejdere!<br \/>\nArks st\u00f8rrelse: A5<br \/>\nAntal tatoveringer: 60<br \/>\nSt\u00f8rrelse p\u00e5 st\u00f8rste tatovering: 90X25 mm<\/p>\n","protected":false},"featured_media":14448,"template":"","meta":[],"product_brand":[],"product_cat":[53,288],"product_tag":[],"class_list":{"0":"post-14380","1":"product","2":"type-product","3":"status-publish","4":"has-post-thumbnail","6":"product_cat-faerdige-ark","7":"product_cat-velgoerenhed","9":"first","10":"instock","11":"taxable","12":"shipping-taxable","13":"purchasable","14":"product-type-simple"},"yoast_head":"<!-- This site is optimized with the Yoast SEO Premium plugin v26.2 (Yoast SEO v27.4) - https:\/\/yoast.com\/product\/yoast-seo-premium-wordpress\/ -->\n<title>Movember Mustache Midlertidige Tatoveringer A5 - Like ink<\/title>\n<meta name=\"description\" content=\"Bestil Movember Mustache Midlertidige Tatoveringer! Hele fortjenesten g\u00e5r til Movember bev\u00e6gelsen! H\u00f8j kvalitet Movember tatoveringer! - Like ink\" \/>\n<meta name=\"robots\" content=\"index, follow, max-snippet:-1, max-image-preview:large, max-video-preview:-1\" \/>\n<link rel=\"canonical\" href=\"https:\/\/likeink.com\/da\/midlertidige-tatoveringer\/movember-mustache-midlertidige-tatoveringer-a5\/\" \/>\n<meta property=\"og:locale\" content=\"da_DK\" \/>\n<meta property=\"og:type\" content=\"article\" \/>\n<meta property=\"og:title\" content=\"Movember Mustache Midlertidige Tatoveringer\" \/>\n<meta property=\"og:description\" content=\"Bestil November Midlertidige Tatoveringer! Alt overskuddet g\u00e5r til Movember-bev\u00e6gelsen! H\u00f8jkvalitets Movember tatoveringer! Like Ink samarbejder med Movember og samler penge ind til bev\u00e6gelsen for m\u00e6nds sundhed! Like Inks ark med midlertidige tatoveringer er 20x14 cm i st\u00f8rrelse, og vi trykker og sender din ordre inden for 24 timer. Arket er fyldt med motiver, som du kan se p\u00e5 produktbilledet. Vores midlertidige tatoveringer er nemme at p\u00e5f\u00f8re og tage af igen. En falsk tatovering holder normalt 2-7 dage afh\u00e6ngigt af placering, hudtype og hvordan du passer p\u00e5 den. K\u00f8b et ark med Movember tatoveringer! Alt overskuddet g\u00e5r til Movember velg\u00f8renhed. Hvad er Movember, og hvad g\u00f8r bev\u00e6gelsen? Movember er den f\u00f8rende velg\u00f8renhedsorganisation for m\u00e6nds sundhed. Fokus for Movembers arbejde er at bek\u00e6mpe prostatakr\u00e6ft, testikelkr\u00e6ft, mental sundhed og forebygge selvmord. Organisationen Movember eksisterer for at hj\u00e6lpe m\u00e6nd med at leve et lykkeligere, sundere og l\u00e6ngere liv, og vi hos Like Ink \u00f8nsker at slutte os til og st\u00f8tte op om dette!  Hvordan donerer Like Ink penge? K\u00f8b et ark med Movember tatoveringer! Tag @movember og @likeinkse p\u00e5 Instagram eller TikTok, og vi vil donere yderligere 1 euro pr. opslag. I forbindelse med dit k\u00f8b inviterer vi dig ogs\u00e5 til at donere penge via linket her: https:\/\/movember.com\/Likeink Sidst men ikke mindst! B\u00e6r dine Movember tatoveringer, s\u00e5 de er synlige. Det tiltr\u00e6kker opm\u00e6rksomhed og hj\u00e6lper med at sprede Movember-bev\u00e6gelsen. Bestil et ark med midlertidige tatoveringer til dig selv, dine venner, kolleger og medarbejdere! Arks st\u00f8rrelse: A5 Antal tatoveringer: 60 St\u00f8rrelse p\u00e5 st\u00f8rste tatovering: 90X25 mm\" \/>\n<meta property=\"og:url\" content=\"https:\/\/likeink.com\/da\/midlertidige-tatoveringer\/movember-mustache-midlertidige-tatoveringer-a5\/\" \/>\n<meta property=\"og:site_name\" content=\"Like ink\" \/>\n<meta property=\"article:publisher\" content=\"https:\/\/www.facebook.com\/LikeInkSe\" \/>\n<meta property=\"article:modified_time\" content=\"2026-03-16T15:42:20+00:00\" \/>\n<meta property=\"og:image\" content=\"https:\/\/likeink.com\/wp-content\/uploads\/2022\/11\/Movember-Tatueringar-Likeink.jpg\" \/>\n\t<meta property=\"og:image:width\" content=\"1418\" \/>\n\t<meta property=\"og:image:height\" content=\"1000\" \/>\n\t<meta property=\"og:image:type\" content=\"image\/jpeg\" \/>\n<meta name=\"twitter:card\" content=\"summary_large_image\" \/>\n<script type=\"application\/ld+json\" class=\"yoast-schema-graph\">{\"@context\":\"https:\\\/\\\/schema.org\",\"@graph\":[{\"@type\":\"WebPage\",\"@id\":\"https:\\\/\\\/likeink.com\\\/da\\\/midlertidige-tatoveringer\\\/movember-mustache-midlertidige-tatoveringer-a5\\\/\",\"url\":\"https:\\\/\\\/likeink.com\\\/da\\\/midlertidige-tatoveringer\\\/movember-mustache-midlertidige-tatoveringer-a5\\\/\",\"name\":\"Movember Mustache Midlertidige Tatoveringer A5 - Like ink\",\"isPartOf\":{\"@id\":\"https:\\\/\\\/likeink.com\\\/da\\\/#website\"},\"primaryImageOfPage\":{\"@id\":\"https:\\\/\\\/likeink.com\\\/da\\\/midlertidige-tatoveringer\\\/movember-mustache-midlertidige-tatoveringer-a5\\\/#primaryimage\"},\"image\":{\"@id\":\"https:\\\/\\\/likeink.com\\\/da\\\/midlertidige-tatoveringer\\\/movember-mustache-midlertidige-tatoveringer-a5\\\/#primaryimage\"},\"thumbnailUrl\":\"https:\\\/\\\/likeink.com\\\/wp-content\\\/uploads\\\/2022\\\/11\\\/Movember-Tatueringar-Likeink.jpg\",\"datePublished\":\"2022-11-04T16:15:54+00:00\",\"dateModified\":\"2026-03-16T15:42:20+00:00\",\"description\":\"Bestil Movember Mustache Midlertidige Tatoveringer! Hele fortjenesten g\u00e5r til Movember bev\u00e6gelsen! H\u00f8j kvalitet Movember tatoveringer! - Like ink\",\"breadcrumb\":{\"@id\":\"https:\\\/\\\/likeink.com\\\/da\\\/midlertidige-tatoveringer\\\/movember-mustache-midlertidige-tatoveringer-a5\\\/#breadcrumb\"},\"inLanguage\":\"da-DK\",\"potentialAction\":[{\"@type\":\"ReadAction\",\"target\":[\"https:\\\/\\\/likeink.com\\\/da\\\/midlertidige-tatoveringer\\\/movember-mustache-midlertidige-tatoveringer-a5\\\/\"]}]},{\"@type\":\"ImageObject\",\"inLanguage\":\"da-DK\",\"@id\":\"https:\\\/\\\/likeink.com\\\/da\\\/midlertidige-tatoveringer\\\/movember-mustache-midlertidige-tatoveringer-a5\\\/#primaryimage\",\"url\":\"https:\\\/\\\/likeink.com\\\/wp-content\\\/uploads\\\/2022\\\/11\\\/Movember-Tatueringar-Likeink.jpg\",\"contentUrl\":\"https:\\\/\\\/likeink.com\\\/wp-content\\\/uploads\\\/2022\\\/11\\\/Movember-Tatueringar-Likeink.jpg\",\"width\":1418,\"height\":1000,\"caption\":\"Movember gnuggis tatoveringer Like ink.\"},{\"@type\":\"BreadcrumbList\",\"@id\":\"https:\\\/\\\/likeink.com\\\/da\\\/midlertidige-tatoveringer\\\/movember-mustache-midlertidige-tatoveringer-a5\\\/#breadcrumb\",\"itemListElement\":[{\"@type\":\"ListItem\",\"position\":1,\"name\":\"Hem\",\"item\":\"https:\\\/\\\/likeink.com\\\/da\\\/\"},{\"@type\":\"ListItem\",\"position\":2,\"name\":\"Shop\",\"item\":\"https:\\\/\\\/likeink.com\\\/da\\\/shop\\\/\"},{\"@type\":\"ListItem\",\"position\":3,\"name\":\"Movember Mustache Midlertidige Tatoveringer\"}]},{\"@type\":\"WebSite\",\"@id\":\"https:\\\/\\\/likeink.com\\\/da\\\/#website\",\"url\":\"https:\\\/\\\/likeink.com\\\/da\\\/\",\"name\":\"Like ink\",\"description\":\"Make your own custom design\",\"potentialAction\":[{\"@type\":\"SearchAction\",\"target\":{\"@type\":\"EntryPoint\",\"urlTemplate\":\"https:\\\/\\\/likeink.com\\\/da\\\/?s={search_term_string}\"},\"query-input\":{\"@type\":\"PropertyValueSpecification\",\"valueRequired\":true,\"valueName\":\"search_term_string\"}}],\"inLanguage\":\"da-DK\"}]}<\/script>\n<!-- \/ Yoast SEO Premium plugin. -->","yoast_head_json":{"title":"Movember Mustache Midlertidige Tatoveringer A5 - Like ink","description":"Bestil Movember Mustache Midlertidige Tatoveringer! Hele fortjenesten g\u00e5r til Movember bev\u00e6gelsen! H\u00f8j kvalitet Movember tatoveringer! - Like ink","robots":{"index":"index","follow":"follow","max-snippet":"max-snippet:-1","max-image-preview":"max-image-preview:large","max-video-preview":"max-video-preview:-1"},"canonical":"https:\/\/likeink.com\/da\/midlertidige-tatoveringer\/movember-mustache-midlertidige-tatoveringer-a5\/","og_locale":"da_DK","og_type":"article","og_title":"Movember Mustache Midlertidige Tatoveringer","og_description":"Bestil November Midlertidige Tatoveringer! Alt overskuddet g\u00e5r til Movember-bev\u00e6gelsen! H\u00f8jkvalitets Movember tatoveringer! Like Ink samarbejder med Movember og samler penge ind til bev\u00e6gelsen for m\u00e6nds sundhed! Like Inks ark med midlertidige tatoveringer er 20x14 cm i st\u00f8rrelse, og vi trykker og sender din ordre inden for 24 timer. Arket er fyldt med motiver, som du kan se p\u00e5 produktbilledet. Vores midlertidige tatoveringer er nemme at p\u00e5f\u00f8re og tage af igen. En falsk tatovering holder normalt 2-7 dage afh\u00e6ngigt af placering, hudtype og hvordan du passer p\u00e5 den. K\u00f8b et ark med Movember tatoveringer! Alt overskuddet g\u00e5r til Movember velg\u00f8renhed. Hvad er Movember, og hvad g\u00f8r bev\u00e6gelsen? Movember er den f\u00f8rende velg\u00f8renhedsorganisation for m\u00e6nds sundhed. Fokus for Movembers arbejde er at bek\u00e6mpe prostatakr\u00e6ft, testikelkr\u00e6ft, mental sundhed og forebygge selvmord. Organisationen Movember eksisterer for at hj\u00e6lpe m\u00e6nd med at leve et lykkeligere, sundere og l\u00e6ngere liv, og vi hos Like Ink \u00f8nsker at slutte os til og st\u00f8tte op om dette!  Hvordan donerer Like Ink penge? K\u00f8b et ark med Movember tatoveringer! Tag @movember og @likeinkse p\u00e5 Instagram eller TikTok, og vi vil donere yderligere 1 euro pr. opslag. I forbindelse med dit k\u00f8b inviterer vi dig ogs\u00e5 til at donere penge via linket her: https:\/\/movember.com\/Likeink Sidst men ikke mindst! B\u00e6r dine Movember tatoveringer, s\u00e5 de er synlige. Det tiltr\u00e6kker opm\u00e6rksomhed og hj\u00e6lper med at sprede Movember-bev\u00e6gelsen. Bestil et ark med midlertidige tatoveringer til dig selv, dine venner, kolleger og medarbejdere! Arks st\u00f8rrelse: A5 Antal tatoveringer: 60 St\u00f8rrelse p\u00e5 st\u00f8rste tatovering: 90X25 mm","og_url":"https:\/\/likeink.com\/da\/midlertidige-tatoveringer\/movember-mustache-midlertidige-tatoveringer-a5\/","og_site_name":"Like ink","article_publisher":"https:\/\/www.facebook.com\/LikeInkSe","article_modified_time":"2026-03-16T15:42:20+00:00","og_image":[{"width":1418,"height":1000,"url":"https:\/\/likeink.com\/wp-content\/uploads\/2022\/11\/Movember-Tatueringar-Likeink.jpg","type":"image\/jpeg"}],"twitter_card":"summary_large_image","schema":{"@context":"https:\/\/schema.org","@graph":[{"@type":"WebPage","@id":"https:\/\/likeink.com\/da\/midlertidige-tatoveringer\/movember-mustache-midlertidige-tatoveringer-a5\/","url":"https:\/\/likeink.com\/da\/midlertidige-tatoveringer\/movember-mustache-midlertidige-tatoveringer-a5\/","name":"Movember Mustache Midlertidige Tatoveringer A5 - Like ink","isPartOf":{"@id":"https:\/\/likeink.com\/da\/#website"},"primaryImageOfPage":{"@id":"https:\/\/likeink.com\/da\/midlertidige-tatoveringer\/movember-mustache-midlertidige-tatoveringer-a5\/#primaryimage"},"image":{"@id":"https:\/\/likeink.com\/da\/midlertidige-tatoveringer\/movember-mustache-midlertidige-tatoveringer-a5\/#primaryimage"},"thumbnailUrl":"https:\/\/likeink.com\/wp-content\/uploads\/2022\/11\/Movember-Tatueringar-Likeink.jpg","datePublished":"2022-11-04T16:15:54+00:00","dateModified":"2026-03-16T15:42:20+00:00","description":"Bestil Movember Mustache Midlertidige Tatoveringer! Hele fortjenesten g\u00e5r til Movember bev\u00e6gelsen! H\u00f8j kvalitet Movember tatoveringer! - Like ink","breadcrumb":{"@id":"https:\/\/likeink.com\/da\/midlertidige-tatoveringer\/movember-mustache-midlertidige-tatoveringer-a5\/#breadcrumb"},"inLanguage":"da-DK","potentialAction":[{"@type":"ReadAction","target":["https:\/\/likeink.com\/da\/midlertidige-tatoveringer\/movember-mustache-midlertidige-tatoveringer-a5\/"]}]},{"@type":"ImageObject","inLanguage":"da-DK","@id":"https:\/\/likeink.com\/da\/midlertidige-tatoveringer\/movember-mustache-midlertidige-tatoveringer-a5\/#primaryimage","url":"https:\/\/likeink.com\/wp-content\/uploads\/2022\/11\/Movember-Tatueringar-Likeink.jpg","contentUrl":"https:\/\/likeink.com\/wp-content\/uploads\/2022\/11\/Movember-Tatueringar-Likeink.jpg","width":1418,"height":1000,"caption":"Movember gnuggis tatoveringer Like ink."},{"@type":"BreadcrumbList","@id":"https:\/\/likeink.com\/da\/midlertidige-tatoveringer\/movember-mustache-midlertidige-tatoveringer-a5\/#breadcrumb","itemListElement":[{"@type":"ListItem","position":1,"name":"Hem","item":"https:\/\/likeink.com\/da\/"},{"@type":"ListItem","position":2,"name":"Shop","item":"https:\/\/likeink.com\/da\/shop\/"},{"@type":"ListItem","position":3,"name":"Movember Mustache Midlertidige Tatoveringer"}]},{"@type":"WebSite","@id":"https:\/\/likeink.com\/da\/#website","url":"https:\/\/likeink.com\/da\/","name":"Like ink","description":"Make your own custom design","potentialAction":[{"@type":"SearchAction","target":{"@type":"EntryPoint","urlTemplate":"https:\/\/likeink.com\/da\/?s={search_term_string}"},"query-input":{"@type":"PropertyValueSpecification","valueRequired":true,"valueName":"search_term_string"}}],"inLanguage":"da-DK"}]}},"_links":{"self":[{"href":"https:\/\/likeink.com\/da\/wp-json\/wp\/v2\/product\/14380","targetHints":{"allow":["GET"]}}],"collection":[{"href":"https:\/\/likeink.com\/da\/wp-json\/wp\/v2\/product"}],"about":[{"href":"https:\/\/likeink.com\/da\/wp-json\/wp\/v2\/types\/product"}],"wp:featuredmedia":[{"embeddable":true,"href":"https:\/\/likeink.com\/da\/wp-json\/wp\/v2\/media\/14448"}],"wp:attachment":[{"href":"https:\/\/likeink.com\/da\/wp-json\/wp\/v2\/media?parent=14380"}],"wp:term":[{"taxonomy":"product_brand","embeddable":true,"href":"https:\/\/likeink.com\/da\/wp-json\/wp\/v2\/product_brand?post=14380"},{"taxonomy":"product_cat","embeddable":true,"href":"https:\/\/likeink.com\/da\/wp-json\/wp\/v2\/product_cat?post=14380"},{"taxonomy":"product_tag","embeddable":true,"href":"https:\/\/likeink.com\/da\/wp-json\/wp\/v2\/product_tag?post=14380"}],"curies":[{"name":"wp","href":"https:\/\/api.w.org\/{rel}","templated":true}]}}