{"id":14516,"date":"2022-11-11T18:38:29","date_gmt":"2022-11-11T18:38:29","guid":{"rendered":"https:\/\/likeink.se\/produkt\/flash-by-malin-carper-color-tattoos\/"},"modified":"2026-04-24T07:15:57","modified_gmt":"2026-04-24T07:15:57","slug":"flash-by-malin-carper-color-tattoos","status":"publish","type":"product","link":"https:\/\/likeink.com\/da\/midlertidige-tatoveringer\/flash-by-malin-carper-color-tattoos\/","title":{"rendered":"Flash &#8220;Farvetatoveringer&#8221; by Malin Carper at Bad Mood Tattoo"},"content":{"rendered":"","protected":false},"excerpt":{"rendered":"<p>Like Inks f\u00e6rdige ark med midlertidige tatoveringer er 20&#215;14 cm og indeholder designet, du ser p\u00e5 billedet. Vi trykker og sender dit ark med tatoveringer inden for 24 timer.<\/p>\n<h2>Bestil midlertidige tatoveringer designet af tatov\u00f8ren Malin Carper<\/h2>\n<p>Dette ark er designet af den talentfulde tatov\u00f8r Malin Carper fra Bad Mood Tattoo i Helsingborg, Sverige. Vi er glade for at kunne tilbyde kunst fra Malin, som er en af de dygtigste tatov\u00f8rer, vi har set. Bestil et ark med midlertidige tatoveringer og b\u00e6r hendes kunst i et par dage, og hvis du \u00f8nsker en rigtig tatovering, kan du tage et kig p\u00e5 Malins Instagram.<\/p>\n<p><strong>Dette er Malin:<\/strong><br \/>\nJeg er Malin Carper, oprindeligt fra Arboga, og arbejder nu hos Bad Mood Tattoo i Helsingborg. Jeg foretr\u00e6kker at arbejde med farverealisme med et strejf af abstrakt.<br \/>\nJeg har arbejdet i tatoveringsbranchen siden 2010, og gennem \u00e5rene har jeg rejst til mange sp\u00e6ndende steder, arbejdet som g\u00e6st hos andre tatov\u00f8rer, tatoveret p\u00e5 messer, tatoveret musikere og m\u00f8dt mange gode venner. Jeg kunne ikke have \u00f8nsket mig noget bedre. H\u00e5ber du kan lide mine sm\u00e5 flashes, nogle af dem er allerede blevet tatoveret.<\/p>\n<p>Alt det bedste<\/p>\n<p>Malin<\/p>\n<p>Ark st\u00f8rrelse: A5<br \/>\nSt\u00f8rrelse tatoveringer: St\u00f8rste motiv er 135&#215;50 mm og det mindste 38&#215;18 mm<\/p>\n<p><strong>Kontakt Malin:<\/strong><\/p>\n<p><strong>Instagram:<\/strong><br \/>\n@malincarper<\/p>\n<p><strong>Studio:<\/strong><br \/>\nBad Mood Tattoo<\/p>\n<p><strong>Adresse:<\/strong><br \/>\nNedre L\u00e5ngvinkelsgatan 17, 25220 Helsingborg<\/p>\n<p><strong>Hjemmeside:<\/strong><br \/>\ncarperink.se<\/p>\n","protected":false},"featured_media":14499,"template":"","meta":[],"product_brand":[],"product_cat":[519,53,500],"product_tag":[],"class_list":{"0":"post-14516","1":"product","2":"type-product","3":"status-publish","4":"has-post-thumbnail","6":"product_cat-dyr-og-natur","7":"product_cat-faerdige-ark","8":"product_cat-samarbejder-med-tatovoerer","10":"first","11":"instock","12":"taxable","13":"shipping-taxable","14":"purchasable","15":"product-type-simple"},"yoast_head":"<!-- This site is optimized with the Yoast SEO Premium plugin v27.5 (Yoast SEO v27.6) - https:\/\/yoast.com\/product\/yoast-seo-premium-wordpress\/ -->\n<title>Farvetatoveringer: Flotte midlertidige farvetatoveringer - Like ink<\/title>\n<meta name=\"description\" content=\"Tatoveringsark med farvetatoveringer designet af tatov\u00f8r Malin Carper hos Bad Mood Tattoo! Gratis og hurtig levering! - Like ink\" \/>\n<meta name=\"robots\" content=\"index, follow, max-snippet:-1, max-image-preview:large, max-video-preview:-1\" \/>\n<link rel=\"canonical\" href=\"https:\/\/likeink.com\/da\/midlertidige-tatoveringer\/flash-by-malin-carper-color-tattoos\/\" \/>\n<meta property=\"og:locale\" content=\"da_DK\" \/>\n<meta property=\"og:type\" content=\"article\" \/>\n<meta property=\"og:title\" content=\"Flash &quot;Farvetatoveringer&quot; by Malin Carper at Bad Mood Tattoo\" \/>\n<meta property=\"og:description\" content=\"Like Inks f\u00e6rdige ark med midlertidige tatoveringer er 20x14 cm og indeholder designet, du ser p\u00e5 billedet. Vi trykker og sender dit ark med tatoveringer inden for 24 timer. Bestil midlertidige tatoveringer designet af tatov\u00f8ren Malin Carper Dette ark er designet af den talentfulde tatov\u00f8r Malin Carper fra Bad Mood Tattoo i Helsingborg, Sverige. Vi er glade for at kunne tilbyde kunst fra Malin, som er en af de dygtigste tatov\u00f8rer, vi har set. Bestil et ark med midlertidige tatoveringer og b\u00e6r hendes kunst i et par dage, og hvis du \u00f8nsker en rigtig tatovering, kan du tage et kig p\u00e5 Malins Instagram.  Dette er Malin: Jeg er Malin Carper, oprindeligt fra Arboga, og arbejder nu hos Bad Mood Tattoo i Helsingborg. Jeg foretr\u00e6kker at arbejde med farverealisme med et strejf af abstrakt. Jeg har arbejdet i tatoveringsbranchen siden 2010, og gennem \u00e5rene har jeg rejst til mange sp\u00e6ndende steder, arbejdet som g\u00e6st hos andre tatov\u00f8rer, tatoveret p\u00e5 messer, tatoveret musikere og m\u00f8dt mange gode venner. Jeg kunne ikke have \u00f8nsket mig noget bedre. H\u00e5ber du kan lide mine sm\u00e5 flashes, nogle af dem er allerede blevet tatoveret.  Alt det bedste  Malin  Ark st\u00f8rrelse: A5 St\u00f8rrelse tatoveringer: St\u00f8rste motiv er 135x50 mm og det mindste 38x18 mm  Kontakt Malin:  Instagram: @malincarper  Studio: Bad Mood Tattoo  Adresse: Nedre L\u00e5ngvinkelsgatan 17, 25220 Helsingborg  Hjemmeside: carperink.se\" \/>\n<meta property=\"og:url\" content=\"https:\/\/likeink.com\/da\/midlertidige-tatoveringer\/flash-by-malin-carper-color-tattoos\/\" \/>\n<meta property=\"og:site_name\" content=\"Like ink\" \/>\n<meta property=\"article:publisher\" content=\"https:\/\/www.facebook.com\/LikeInkSe\" \/>\n<meta property=\"article:modified_time\" content=\"2026-04-24T07:15:57+00:00\" \/>\n<meta property=\"og:image\" content=\"https:\/\/likeink.com\/wp-content\/uploads\/2022\/11\/MalinCarper_Tatuerare_ColorTattoos_Likeink.jpg\" \/>\n\t<meta property=\"og:image:width\" content=\"1500\" \/>\n\t<meta property=\"og:image:height\" content=\"1057\" \/>\n\t<meta property=\"og:image:type\" content=\"image\/jpeg\" \/>\n<meta name=\"twitter:card\" content=\"summary_large_image\" \/>\n<meta name=\"twitter:label1\" content=\"Estimeret l\u00e6setid\" \/>\n\t<meta name=\"twitter:data1\" content=\"1 minut\" \/>\n<!-- \/ Yoast SEO Premium plugin. -->","yoast_head_json":{"title":"Farvetatoveringer: Flotte midlertidige farvetatoveringer - Like ink","description":"Tatoveringsark med farvetatoveringer designet af tatov\u00f8r Malin Carper hos Bad Mood Tattoo! Gratis og hurtig levering! - Like ink","robots":{"index":"index","follow":"follow","max-snippet":"max-snippet:-1","max-image-preview":"max-image-preview:large","max-video-preview":"max-video-preview:-1"},"canonical":"https:\/\/likeink.com\/da\/midlertidige-tatoveringer\/flash-by-malin-carper-color-tattoos\/","og_locale":"da_DK","og_type":"article","og_title":"Flash \"Farvetatoveringer\" by Malin Carper at Bad Mood Tattoo","og_description":"Like Inks f\u00e6rdige ark med midlertidige tatoveringer er 20x14 cm og indeholder designet, du ser p\u00e5 billedet. Vi trykker og sender dit ark med tatoveringer inden for 24 timer. Bestil midlertidige tatoveringer designet af tatov\u00f8ren Malin Carper Dette ark er designet af den talentfulde tatov\u00f8r Malin Carper fra Bad Mood Tattoo i Helsingborg, Sverige. Vi er glade for at kunne tilbyde kunst fra Malin, som er en af de dygtigste tatov\u00f8rer, vi har set. Bestil et ark med midlertidige tatoveringer og b\u00e6r hendes kunst i et par dage, og hvis du \u00f8nsker en rigtig tatovering, kan du tage et kig p\u00e5 Malins Instagram.  Dette er Malin: Jeg er Malin Carper, oprindeligt fra Arboga, og arbejder nu hos Bad Mood Tattoo i Helsingborg. Jeg foretr\u00e6kker at arbejde med farverealisme med et strejf af abstrakt. Jeg har arbejdet i tatoveringsbranchen siden 2010, og gennem \u00e5rene har jeg rejst til mange sp\u00e6ndende steder, arbejdet som g\u00e6st hos andre tatov\u00f8rer, tatoveret p\u00e5 messer, tatoveret musikere og m\u00f8dt mange gode venner. Jeg kunne ikke have \u00f8nsket mig noget bedre. H\u00e5ber du kan lide mine sm\u00e5 flashes, nogle af dem er allerede blevet tatoveret.  Alt det bedste  Malin  Ark st\u00f8rrelse: A5 St\u00f8rrelse tatoveringer: St\u00f8rste motiv er 135x50 mm og det mindste 38x18 mm  Kontakt Malin:  Instagram: @malincarper  Studio: Bad Mood Tattoo  Adresse: Nedre L\u00e5ngvinkelsgatan 17, 25220 Helsingborg  Hjemmeside: carperink.se","og_url":"https:\/\/likeink.com\/da\/midlertidige-tatoveringer\/flash-by-malin-carper-color-tattoos\/","og_site_name":"Like ink","article_publisher":"https:\/\/www.facebook.com\/LikeInkSe","article_modified_time":"2026-04-24T07:15:57+00:00","og_image":[{"width":1500,"height":1057,"url":"https:\/\/likeink.com\/wp-content\/uploads\/2022\/11\/MalinCarper_Tatuerare_ColorTattoos_Likeink.jpg","type":"image\/jpeg"}],"twitter_card":"summary_large_image","twitter_misc":{"Estimeret l\u00e6setid":"1 minut"},"schema":{"@context":"https:\/\/schema.org","@graph":[{"@type":"WebPage","@id":"https:\/\/likeink.com\/da\/midlertidige-tatoveringer\/flash-by-malin-carper-color-tattoos\/","url":"https:\/\/likeink.com\/da\/midlertidige-tatoveringer\/flash-by-malin-carper-color-tattoos\/","name":"Farvetatoveringer: Flotte midlertidige farvetatoveringer - Like ink","isPartOf":{"@id":"https:\/\/likeink.com\/da\/#website"},"primaryImageOfPage":{"@id":"https:\/\/likeink.com\/da\/midlertidige-tatoveringer\/flash-by-malin-carper-color-tattoos\/#primaryimage"},"image":{"@id":"https:\/\/likeink.com\/da\/midlertidige-tatoveringer\/flash-by-malin-carper-color-tattoos\/#primaryimage"},"thumbnailUrl":"https:\/\/likeink.com\/wp-content\/uploads\/2022\/11\/MalinCarper_Tatuerare_ColorTattoos_Likeink.jpg","datePublished":"2022-11-11T18:38:29+00:00","dateModified":"2026-04-24T07:15:57+00:00","description":"Tatoveringsark med farvetatoveringer designet af tatov\u00f8r Malin Carper hos Bad Mood Tattoo! Gratis og hurtig levering! - Like ink","breadcrumb":{"@id":"https:\/\/likeink.com\/da\/midlertidige-tatoveringer\/flash-by-malin-carper-color-tattoos\/#breadcrumb"},"inLanguage":"da-DK","potentialAction":[{"@type":"ReadAction","target":["https:\/\/likeink.com\/da\/midlertidige-tatoveringer\/flash-by-malin-carper-color-tattoos\/"]}]},{"@type":"ImageObject","inLanguage":"da-DK","@id":"https:\/\/likeink.com\/da\/midlertidige-tatoveringer\/flash-by-malin-carper-color-tattoos\/#primaryimage","url":"https:\/\/likeink.com\/wp-content\/uploads\/2022\/11\/MalinCarper_Tatuerare_ColorTattoos_Likeink.jpg","contentUrl":"https:\/\/likeink.com\/wp-content\/uploads\/2022\/11\/MalinCarper_Tatuerare_ColorTattoos_Likeink.jpg","width":1500,"height":1057,"caption":"Tatovering blomst falske tatoveringer Like ink."},{"@type":"BreadcrumbList","@id":"https:\/\/likeink.com\/da\/midlertidige-tatoveringer\/flash-by-malin-carper-color-tattoos\/#breadcrumb","itemListElement":[{"@type":"ListItem","position":1,"name":"Hem","item":"https:\/\/likeink.com\/da\/"},{"@type":"ListItem","position":2,"name":"Shop","item":"https:\/\/likeink.com\/da\/shop\/"},{"@type":"ListItem","position":3,"name":"Flash &#8220;Farvetatoveringer&#8221; by Malin Carper at Bad Mood Tattoo"}]},{"@type":"WebSite","@id":"https:\/\/likeink.com\/da\/#website","url":"https:\/\/likeink.com\/da\/","name":"Like ink","description":"Make your own custom design","potentialAction":[{"@type":"SearchAction","target":{"@type":"EntryPoint","urlTemplate":"https:\/\/likeink.com\/da\/?s={search_term_string}"},"query-input":{"@type":"PropertyValueSpecification","valueRequired":true,"valueName":"search_term_string"}}],"inLanguage":"da-DK"}]}},"_links":{"self":[{"href":"https:\/\/likeink.com\/da\/wp-json\/wp\/v2\/product\/14516","targetHints":{"allow":["GET"]}}],"collection":[{"href":"https:\/\/likeink.com\/da\/wp-json\/wp\/v2\/product"}],"about":[{"href":"https:\/\/likeink.com\/da\/wp-json\/wp\/v2\/types\/product"}],"wp:featuredmedia":[{"embeddable":true,"href":"https:\/\/likeink.com\/da\/wp-json\/wp\/v2\/media\/14499"}],"wp:attachment":[{"href":"https:\/\/likeink.com\/da\/wp-json\/wp\/v2\/media?parent=14516"}],"wp:term":[{"taxonomy":"product_brand","embeddable":true,"href":"https:\/\/likeink.com\/da\/wp-json\/wp\/v2\/product_brand?post=14516"},{"taxonomy":"product_cat","embeddable":true,"href":"https:\/\/likeink.com\/da\/wp-json\/wp\/v2\/product_cat?post=14516"},{"taxonomy":"product_tag","embeddable":true,"href":"https:\/\/likeink.com\/da\/wp-json\/wp\/v2\/product_tag?post=14516"}],"curies":[{"name":"wp","href":"https:\/\/api.w.org\/{rel}","templated":true}]}}