{"id":16028,"date":"2023-03-31T18:49:51","date_gmt":"2023-03-31T18:49:51","guid":{"rendered":"https:\/\/likeink.se\/produkt\/moon-tattoos-temporarytattoos\/"},"modified":"2026-03-16T15:42:32","modified_gmt":"2026-03-16T15:42:32","slug":"maanetatoveringer-a5","status":"publish","type":"product","link":"https:\/\/likeink.com\/da\/midlertidige-tatoveringer\/maanetatoveringer-a5\/","title":{"rendered":"M\u00e5netatoveringer"},"content":{"rendered":"","protected":false},"excerpt":{"rendered":"<p>\u00d8nsker du at tilf\u00f8je lidt himmelsk flair til dit look? Vores farverige midlertidige m\u00e5netatoveringer er den perfekte m\u00e5de at g\u00f8re det p\u00e5! Tilg\u00e6ngelige i forskellige st\u00f8rrelser og levende farver, vil disse tatoveringer helt sikkert tiltr\u00e6kke opm\u00e6rksomhed og g\u00f8re en erkl\u00e6ring.<\/p>\n<p>Uanset om du skal til en festival, koncert eller bare vil tilf\u00f8je et unikt touch til din daglige stil, er vores midlertidige m\u00e5netatoveringer et fremragende valg. Lavet med h\u00f8j kvalitet, ikke-giftig bl\u00e6k og materialer, er disse tatoveringer sikre og nemme at p\u00e5f\u00f8re. Plus, de er let aftagelige, s\u00e5 du kan \u00e6ndre dit look s\u00e5 ofte du vil!<\/p>\n<h2>Bestil midlertidige m\u00e5netatoveringer i forskellige farver og st\u00f8rrelser<\/h2>\n<p><strong>Har en m\u00e5netatovering nogen betydning? <\/strong><br \/>\nM\u00e5netatoveringen kan have forskellige betydninger afh\u00e6ngigt af konteksten og den kultur, den er afbildet i. En halvm\u00e5ne tatovering kan have forskellige betydninger afh\u00e6ngigt af kulturel baggrund og personlige opfattelser. I mange kulturer er halvm\u00e5nen et symbol p\u00e5 femininitet og frugtbarhed, mens den i andre kulturer kan repr\u00e6sentere magt og styrke.<br \/>\n En halvm\u00e5ne er ogs\u00e5 nogle gange et symbol p\u00e5 noget, vi ikke kan se direkte med vores \u00f8jne, s\u00e5som din egen potentiale, k\u00e6rlighed, smerte eller tab. Halvm\u00e5nen kan ogs\u00e5 ses som et symbol p\u00e5 nattens kr\u00e6fter eller vandet, da m\u00e5nen p\u00e5virker tidevandet.<br \/>\nI nogle tilf\u00e6lde kan en halvm\u00e5ne tatovering ogs\u00e5 have en religi\u00f8s betydning, som f.eks. inden for islam, hvor halvm\u00e5nen er et vigtigt symbol. Samlet set er der ikke en specifik betydning for en halvm\u00e5ne tatovering, da det kan variere afh\u00e6ngigt af personlige pr\u00e6ferencer og symbolikken til stede i forskellige kulturer og sammenh\u00e6nge.<\/p>\n<p>Arkst\u00f8rrelse: A5<br \/>\nAntal tatoveringer: 51<br \/>\nSt\u00f8rrelse: 1 &#8211; 4,5 cm<\/p>\n","protected":false},"featured_media":16021,"template":"","meta":[],"product_brand":[],"product_cat":[53,525],"product_tag":[],"class_list":{"0":"post-16028","1":"product","2":"type-product","3":"status-publish","4":"has-post-thumbnail","6":"product_cat-faerdige-ark","7":"product_cat-tribal-symboler-runer","9":"first","10":"instock","11":"taxable","12":"shipping-taxable","13":"purchasable","14":"product-type-simple"},"yoast_head":"<!-- This site is optimized with the Yoast SEO Premium plugin v26.2 (Yoast SEO v27.5) - https:\/\/yoast.com\/product\/yoast-seo-premium-wordpress\/ -->\n<title>M\u00e5netatoveringer A5 I Midlertidige m\u00e5ne-tatoveringer - Like ink<\/title>\n<meta name=\"description\" content=\"M\u00e5netatoveringer A5! Tatoveringsark med mM\u00e5netatoveringer\u00e5ner i forskellige farver og st\u00f8rrelser. Ikke-giftig, sikker, nem at bruge og flotte tatoveringer. - Like ink\" \/>\n<meta name=\"robots\" content=\"index, follow, max-snippet:-1, max-image-preview:large, max-video-preview:-1\" \/>\n<link rel=\"canonical\" href=\"https:\/\/likeink.com\/da\/midlertidige-tatoveringer\/maanetatoveringer-a5\/\" \/>\n<meta property=\"og:locale\" content=\"da_DK\" \/>\n<meta property=\"og:type\" content=\"article\" \/>\n<meta property=\"og:title\" content=\"M\u00e5netatoveringer\" \/>\n<meta property=\"og:description\" content=\"\u00d8nsker du at tilf\u00f8je lidt himmelsk flair til dit look? Vores farverige midlertidige m\u00e5netatoveringer er den perfekte m\u00e5de at g\u00f8re det p\u00e5! Tilg\u00e6ngelige i forskellige st\u00f8rrelser og levende farver, vil disse tatoveringer helt sikkert tiltr\u00e6kke opm\u00e6rksomhed og g\u00f8re en erkl\u00e6ring.  Uanset om du skal til en festival, koncert eller bare vil tilf\u00f8je et unikt touch til din daglige stil, er vores midlertidige m\u00e5netatoveringer et fremragende valg. Lavet med h\u00f8j kvalitet, ikke-giftig bl\u00e6k og materialer, er disse tatoveringer sikre og nemme at p\u00e5f\u00f8re. Plus, de er let aftagelige, s\u00e5 du kan \u00e6ndre dit look s\u00e5 ofte du vil!  Bestil midlertidige m\u00e5netatoveringer i forskellige farver og st\u00f8rrelser  Har en m\u00e5netatovering nogen betydning?  M\u00e5netatoveringen kan have forskellige betydninger afh\u00e6ngigt af konteksten og den kultur, den er afbildet i. En halvm\u00e5ne tatovering kan have forskellige betydninger afh\u00e6ngigt af kulturel baggrund og personlige opfattelser. I mange kulturer er halvm\u00e5nen et symbol p\u00e5 femininitet og frugtbarhed, mens den i andre kulturer kan repr\u00e6sentere magt og styrke.  En halvm\u00e5ne er ogs\u00e5 nogle gange et symbol p\u00e5 noget, vi ikke kan se direkte med vores \u00f8jne, s\u00e5som din egen potentiale, k\u00e6rlighed, smerte eller tab. Halvm\u00e5nen kan ogs\u00e5 ses som et symbol p\u00e5 nattens kr\u00e6fter eller vandet, da m\u00e5nen p\u00e5virker tidevandet.  I nogle tilf\u00e6lde kan en halvm\u00e5ne tatovering ogs\u00e5 have en religi\u00f8s betydning, som f.eks. inden for islam, hvor halvm\u00e5nen er et vigtigt symbol. Samlet set er der ikke en specifik betydning for en halvm\u00e5ne tatovering, da det kan variere afh\u00e6ngigt af personlige pr\u00e6ferencer og symbolikken til stede i forskellige kulturer og sammenh\u00e6nge.  Arkst\u00f8rrelse: A5 Antal tatoveringer: 51 St\u00f8rrelse: 1 - 4,5 cm\" \/>\n<meta property=\"og:url\" content=\"https:\/\/likeink.com\/da\/midlertidige-tatoveringer\/maanetatoveringer-a5\/\" \/>\n<meta property=\"og:site_name\" content=\"Like ink\" \/>\n<meta property=\"article:publisher\" content=\"https:\/\/www.facebook.com\/LikeInkSe\" \/>\n<meta property=\"article:modified_time\" content=\"2026-03-16T15:42:32+00:00\" \/>\n<meta property=\"og:image\" content=\"https:\/\/likeink.com\/wp-content\/uploads\/2023\/03\/Manar-gnuggistatueringar-mane-tatuering-likeink.jpg\" \/>\n\t<meta property=\"og:image:width\" content=\"1702\" \/>\n\t<meta property=\"og:image:height\" content=\"1200\" \/>\n\t<meta property=\"og:image:type\" content=\"image\/jpeg\" \/>\n<meta name=\"twitter:card\" content=\"summary_large_image\" \/>\n<!-- \/ Yoast SEO Premium plugin. -->","yoast_head_json":{"title":"M\u00e5netatoveringer A5 I Midlertidige m\u00e5ne-tatoveringer - Like ink","description":"M\u00e5netatoveringer A5! Tatoveringsark med mM\u00e5netatoveringer\u00e5ner i forskellige farver og st\u00f8rrelser. Ikke-giftig, sikker, nem at bruge og flotte tatoveringer. - Like ink","robots":{"index":"index","follow":"follow","max-snippet":"max-snippet:-1","max-image-preview":"max-image-preview:large","max-video-preview":"max-video-preview:-1"},"canonical":"https:\/\/likeink.com\/da\/midlertidige-tatoveringer\/maanetatoveringer-a5\/","og_locale":"da_DK","og_type":"article","og_title":"M\u00e5netatoveringer","og_description":"\u00d8nsker du at tilf\u00f8je lidt himmelsk flair til dit look? Vores farverige midlertidige m\u00e5netatoveringer er den perfekte m\u00e5de at g\u00f8re det p\u00e5! Tilg\u00e6ngelige i forskellige st\u00f8rrelser og levende farver, vil disse tatoveringer helt sikkert tiltr\u00e6kke opm\u00e6rksomhed og g\u00f8re en erkl\u00e6ring.  Uanset om du skal til en festival, koncert eller bare vil tilf\u00f8je et unikt touch til din daglige stil, er vores midlertidige m\u00e5netatoveringer et fremragende valg. Lavet med h\u00f8j kvalitet, ikke-giftig bl\u00e6k og materialer, er disse tatoveringer sikre og nemme at p\u00e5f\u00f8re. Plus, de er let aftagelige, s\u00e5 du kan \u00e6ndre dit look s\u00e5 ofte du vil!  Bestil midlertidige m\u00e5netatoveringer i forskellige farver og st\u00f8rrelser  Har en m\u00e5netatovering nogen betydning?  M\u00e5netatoveringen kan have forskellige betydninger afh\u00e6ngigt af konteksten og den kultur, den er afbildet i. En halvm\u00e5ne tatovering kan have forskellige betydninger afh\u00e6ngigt af kulturel baggrund og personlige opfattelser. I mange kulturer er halvm\u00e5nen et symbol p\u00e5 femininitet og frugtbarhed, mens den i andre kulturer kan repr\u00e6sentere magt og styrke.  En halvm\u00e5ne er ogs\u00e5 nogle gange et symbol p\u00e5 noget, vi ikke kan se direkte med vores \u00f8jne, s\u00e5som din egen potentiale, k\u00e6rlighed, smerte eller tab. Halvm\u00e5nen kan ogs\u00e5 ses som et symbol p\u00e5 nattens kr\u00e6fter eller vandet, da m\u00e5nen p\u00e5virker tidevandet.  I nogle tilf\u00e6lde kan en halvm\u00e5ne tatovering ogs\u00e5 have en religi\u00f8s betydning, som f.eks. inden for islam, hvor halvm\u00e5nen er et vigtigt symbol. Samlet set er der ikke en specifik betydning for en halvm\u00e5ne tatovering, da det kan variere afh\u00e6ngigt af personlige pr\u00e6ferencer og symbolikken til stede i forskellige kulturer og sammenh\u00e6nge.  Arkst\u00f8rrelse: A5 Antal tatoveringer: 51 St\u00f8rrelse: 1 - 4,5 cm","og_url":"https:\/\/likeink.com\/da\/midlertidige-tatoveringer\/maanetatoveringer-a5\/","og_site_name":"Like ink","article_publisher":"https:\/\/www.facebook.com\/LikeInkSe","article_modified_time":"2026-03-16T15:42:32+00:00","og_image":[{"width":1702,"height":1200,"url":"https:\/\/likeink.com\/wp-content\/uploads\/2023\/03\/Manar-gnuggistatueringar-mane-tatuering-likeink.jpg","type":"image\/jpeg"}],"twitter_card":"summary_large_image","schema":{"@context":"https:\/\/schema.org","@graph":[{"@type":"WebPage","@id":"https:\/\/likeink.com\/da\/midlertidige-tatoveringer\/maanetatoveringer-a5\/","url":"https:\/\/likeink.com\/da\/midlertidige-tatoveringer\/maanetatoveringer-a5\/","name":"M\u00e5netatoveringer A5 I Midlertidige m\u00e5ne-tatoveringer - Like ink","isPartOf":{"@id":"https:\/\/likeink.com\/da\/#website"},"primaryImageOfPage":{"@id":"https:\/\/likeink.com\/da\/midlertidige-tatoveringer\/maanetatoveringer-a5\/#primaryimage"},"image":{"@id":"https:\/\/likeink.com\/da\/midlertidige-tatoveringer\/maanetatoveringer-a5\/#primaryimage"},"thumbnailUrl":"https:\/\/likeink.com\/wp-content\/uploads\/2023\/03\/Manar-gnuggistatueringar-mane-tatuering-likeink.jpg","datePublished":"2023-03-31T18:49:51+00:00","dateModified":"2026-03-16T15:42:32+00:00","description":"M\u00e5netatoveringer A5! Tatoveringsark med mM\u00e5netatoveringer\u00e5ner i forskellige farver og st\u00f8rrelser. Ikke-giftig, sikker, nem at bruge og flotte tatoveringer. - Like ink","breadcrumb":{"@id":"https:\/\/likeink.com\/da\/midlertidige-tatoveringer\/maanetatoveringer-a5\/#breadcrumb"},"inLanguage":"da-DK","potentialAction":[{"@type":"ReadAction","target":["https:\/\/likeink.com\/da\/midlertidige-tatoveringer\/maanetatoveringer-a5\/"]}]},{"@type":"ImageObject","inLanguage":"da-DK","@id":"https:\/\/likeink.com\/da\/midlertidige-tatoveringer\/maanetatoveringer-a5\/#primaryimage","url":"https:\/\/likeink.com\/wp-content\/uploads\/2023\/03\/Manar-gnuggistatueringar-mane-tatuering-likeink.jpg","contentUrl":"https:\/\/likeink.com\/wp-content\/uploads\/2023\/03\/Manar-gnuggistatueringar-mane-tatuering-likeink.jpg","width":1702,"height":1200,"caption":"M\u00e5ne tatovering i forskellig farve og st\u00f8rrelse."},{"@type":"BreadcrumbList","@id":"https:\/\/likeink.com\/da\/midlertidige-tatoveringer\/maanetatoveringer-a5\/#breadcrumb","itemListElement":[{"@type":"ListItem","position":1,"name":"Hem","item":"https:\/\/likeink.com\/da\/"},{"@type":"ListItem","position":2,"name":"Shop","item":"https:\/\/likeink.com\/da\/shop\/"},{"@type":"ListItem","position":3,"name":"M\u00e5netatoveringer"}]},{"@type":"WebSite","@id":"https:\/\/likeink.com\/da\/#website","url":"https:\/\/likeink.com\/da\/","name":"Like ink","description":"Make your own custom design","potentialAction":[{"@type":"SearchAction","target":{"@type":"EntryPoint","urlTemplate":"https:\/\/likeink.com\/da\/?s={search_term_string}"},"query-input":{"@type":"PropertyValueSpecification","valueRequired":true,"valueName":"search_term_string"}}],"inLanguage":"da-DK"}]}},"_links":{"self":[{"href":"https:\/\/likeink.com\/da\/wp-json\/wp\/v2\/product\/16028","targetHints":{"allow":["GET"]}}],"collection":[{"href":"https:\/\/likeink.com\/da\/wp-json\/wp\/v2\/product"}],"about":[{"href":"https:\/\/likeink.com\/da\/wp-json\/wp\/v2\/types\/product"}],"wp:featuredmedia":[{"embeddable":true,"href":"https:\/\/likeink.com\/da\/wp-json\/wp\/v2\/media\/16021"}],"wp:attachment":[{"href":"https:\/\/likeink.com\/da\/wp-json\/wp\/v2\/media?parent=16028"}],"wp:term":[{"taxonomy":"product_brand","embeddable":true,"href":"https:\/\/likeink.com\/da\/wp-json\/wp\/v2\/product_brand?post=16028"},{"taxonomy":"product_cat","embeddable":true,"href":"https:\/\/likeink.com\/da\/wp-json\/wp\/v2\/product_cat?post=16028"},{"taxonomy":"product_tag","embeddable":true,"href":"https:\/\/likeink.com\/da\/wp-json\/wp\/v2\/product_tag?post=16028"}],"curies":[{"name":"wp","href":"https:\/\/api.w.org\/{rel}","templated":true}]}}