{"id":17042,"date":"2023-04-19T15:58:19","date_gmt":"2023-04-19T15:58:19","guid":{"rendered":"https:\/\/likeink.se\/produkt\/flash-mix-sheet-by-zoi-tattoo\/"},"modified":"2026-04-27T11:24:00","modified_gmt":"2026-04-27T11:24:00","slug":"flash-sheet-by-zoi-tattoo","status":"publish","type":"product","link":"https:\/\/likeink.com\/da\/midlertidige-tatoveringer\/flash-sheet-by-zoi-tattoo\/","title":{"rendered":"Flash &#8220;Mix Sheet&#8221; by Zoi Tattoo"},"content":{"rendered":"","protected":false},"excerpt":{"rendered":"<p>Like Inks f\u00e6rdige ark med midlertidige tatoveringer er cirka 20&#215;14 cm og fyldt med designet, du ser p\u00e5 billedet. Vi trykker og sender dit ark med disse stilfulde tatoveringer inden for 24 timer efter din bestilling. Tatoveringerne ser godt ud, er af h\u00f8j kvalitet og er nemme at p\u00e5f\u00f8re og vaske af. Like Ink overholder alle EU regler for kosmetiske produkter, s\u00e5 du kan f\u00f8le dig tryg, n\u00e5r du bestiller midlertidige tatoveringer hos os.<\/p>\n<p>Hos Like Ink samarbejder vi med flere af Zoi Tattoos tatov\u00f8rer, og dette ark er en blanding af unikke motiver skabt af fire forskellige tatov\u00f8rer, Kain, Oliver, Dominic og Nicklas.<\/p>\n<p>Zoi Tattoo i Malm\u00f6 er en tatov\u00f8rstudio med sit eget team af 15 erfarne tatov\u00f8rer. Alle har deres egen unikke stil, s\u00e5 uanset dine pr\u00e6ferencer inden for stil og design har Zoi en tatov\u00f8r, der kan hj\u00e6lpe dig med at skabe din dr\u00f8mmetatovering. Derudover f\u00e5r Zoi bes\u00f8g af kendte g\u00e6stetatov\u00f8rer fra hele verden.<\/p>\n<h2>Bestil midlertidige tatoveringer designet af nogle af tatov\u00f8rerne hos Zoi Tattoo<\/h2>\n<p>Rigtige tatov\u00f8rer designer midlertidige tatoveringer for Like Ink<br \/>\nI body art verdenen revolutionerer samarbejdet mellem rigtige tatov\u00f8rer og Like Ink branchen ved at skabe midlertidige tatoveringer i h\u00f8j kvalitet til dem, der ikke er klar til en permanent tatovering.<\/p>\n<p>Samarbejdet med disse talentfulde kunstnere g\u00f8r det muligt for Like Ink at tilbyde et bredt udvalg af detaljerede og i\u00f8jnefaldende designs, som afspejler kvaliteten og h\u00e5ndv\u00e6rket fra rigtige tatoveringer.<\/p>\n<p><strong>Kontakt Zoi Tattoo:<\/strong><\/p>\n<p><strong>Instagram:<\/strong><\/p>\n<p>@zoitattoo<\/p>\n<p><strong>Studio:<\/strong><\/p>\n<p>Zoi Tattoo<\/p>\n<p><strong>Web:<\/strong><\/p>\n<p>https:\/\/www.zoitattoo.com<\/p>\n<p><strong>Adresse:<\/strong><\/p>\n<p>Sora Nygatan 42, Malm\u00f6<\/p>\n","protected":false},"featured_media":16981,"template":"","meta":[],"product_brand":[],"product_cat":[53,500],"product_tag":[],"class_list":{"0":"post-17042","1":"product","2":"type-product","3":"status-publish","4":"has-post-thumbnail","6":"product_cat-faerdige-ark","7":"product_cat-samarbejder-med-tatovoerer","9":"first","10":"instock","11":"taxable","12":"shipping-taxable","13":"purchasable","14":"product-type-simple"},"yoast_head":"<!-- This site is optimized with the Yoast SEO Premium plugin v27.5 (Yoast SEO v27.6) - https:\/\/yoast.com\/product\/yoast-seo-premium-wordpress\/ -->\n<title>Flash &quot;Mix Sheet&quot; by Zoi Tattoo - Like ink<\/title>\n<meta name=\"description\" content=\"Flash &quot;Mix Sheet&quot; by Zoi Tattoo: Bestil midlertidige tatoveringer designet af fire tatov\u00f8rer fra studiet Zoi Tattoo. \u00c6gte falske tatoveringer! - Like ink\" \/>\n<meta name=\"robots\" content=\"index, follow, max-snippet:-1, max-image-preview:large, max-video-preview:-1\" \/>\n<link rel=\"canonical\" href=\"https:\/\/likeink.com\/da\/midlertidige-tatoveringer\/flash-sheet-by-zoi-tattoo\/\" \/>\n<meta property=\"og:locale\" content=\"da_DK\" \/>\n<meta property=\"og:type\" content=\"article\" \/>\n<meta property=\"og:title\" content=\"Flash &quot;Mix Sheet&quot; by Zoi Tattoo\" \/>\n<meta property=\"og:description\" content=\"Like Inks f\u00e6rdige ark med midlertidige tatoveringer er cirka 20x14 cm og fyldt med designet, du ser p\u00e5 billedet. Vi trykker og sender dit ark med disse stilfulde tatoveringer inden for 24 timer efter din bestilling. Tatoveringerne ser godt ud, er af h\u00f8j kvalitet og er nemme at p\u00e5f\u00f8re og vaske af. Like Ink overholder alle EU regler for kosmetiske produkter, s\u00e5 du kan f\u00f8le dig tryg, n\u00e5r du bestiller midlertidige tatoveringer hos os.  Hos Like Ink samarbejder vi med flere af Zoi Tattoos tatov\u00f8rer, og dette ark er en blanding af unikke motiver skabt af fire forskellige tatov\u00f8rer, Kain, Oliver, Dominic og Nicklas.  Zoi Tattoo i Malm\u00f6 er en tatov\u00f8rstudio med sit eget team af 15 erfarne tatov\u00f8rer. Alle har deres egen unikke stil, s\u00e5 uanset dine pr\u00e6ferencer inden for stil og design har Zoi en tatov\u00f8r, der kan hj\u00e6lpe dig med at skabe din dr\u00f8mmetatovering. Derudover f\u00e5r Zoi bes\u00f8g af kendte g\u00e6stetatov\u00f8rer fra hele verden. Bestil midlertidige tatoveringer designet af nogle af tatov\u00f8rerne hos Zoi Tattoo Rigtige tatov\u00f8rer designer midlertidige tatoveringer for Like Ink I body art verdenen revolutionerer samarbejdet mellem rigtige tatov\u00f8rer og Like Ink branchen ved at skabe midlertidige tatoveringer i h\u00f8j kvalitet til dem, der ikke er klar til en permanent tatovering.  Samarbejdet med disse talentfulde kunstnere g\u00f8r det muligt for Like Ink at tilbyde et bredt udvalg af detaljerede og i\u00f8jnefaldende designs, som afspejler kvaliteten og h\u00e5ndv\u00e6rket fra rigtige tatoveringer.  Kontakt Zoi Tattoo:  Instagram:  @zoitattoo  Studio:  Zoi Tattoo  Web:  https:\/\/www.zoitattoo.com  Adresse:  Sora Nygatan 42, Malm\u00f6\" \/>\n<meta property=\"og:url\" content=\"https:\/\/likeink.com\/da\/midlertidige-tatoveringer\/flash-sheet-by-zoi-tattoo\/\" \/>\n<meta property=\"og:site_name\" content=\"Like ink\" \/>\n<meta property=\"article:publisher\" content=\"https:\/\/www.facebook.com\/LikeInkSe\" \/>\n<meta property=\"article:modified_time\" content=\"2026-04-27T11:24:00+00:00\" \/>\n<meta property=\"og:image\" content=\"https:\/\/likeink.com\/wp-content\/uploads\/2023\/04\/ZoiTattoo-Mixed-Likeink-faketattoos.jpg\" \/>\n\t<meta property=\"og:image:width\" content=\"2481\" \/>\n\t<meta property=\"og:image:height\" content=\"1749\" \/>\n\t<meta property=\"og:image:type\" content=\"image\/jpeg\" \/>\n<meta name=\"twitter:card\" content=\"summary_large_image\" \/>\n<meta name=\"twitter:label1\" content=\"Estimeret l\u00e6setid\" \/>\n\t<meta name=\"twitter:data1\" content=\"1 minut\" \/>\n<!-- \/ Yoast SEO Premium plugin. -->","yoast_head_json":{"title":"Flash \"Mix Sheet\" by Zoi Tattoo - Like ink","description":"Flash \"Mix Sheet\" by Zoi Tattoo: Bestil midlertidige tatoveringer designet af fire tatov\u00f8rer fra studiet Zoi Tattoo. \u00c6gte falske tatoveringer! - Like ink","robots":{"index":"index","follow":"follow","max-snippet":"max-snippet:-1","max-image-preview":"max-image-preview:large","max-video-preview":"max-video-preview:-1"},"canonical":"https:\/\/likeink.com\/da\/midlertidige-tatoveringer\/flash-sheet-by-zoi-tattoo\/","og_locale":"da_DK","og_type":"article","og_title":"Flash \"Mix Sheet\" by Zoi Tattoo","og_description":"Like Inks f\u00e6rdige ark med midlertidige tatoveringer er cirka 20x14 cm og fyldt med designet, du ser p\u00e5 billedet. Vi trykker og sender dit ark med disse stilfulde tatoveringer inden for 24 timer efter din bestilling. Tatoveringerne ser godt ud, er af h\u00f8j kvalitet og er nemme at p\u00e5f\u00f8re og vaske af. Like Ink overholder alle EU regler for kosmetiske produkter, s\u00e5 du kan f\u00f8le dig tryg, n\u00e5r du bestiller midlertidige tatoveringer hos os.  Hos Like Ink samarbejder vi med flere af Zoi Tattoos tatov\u00f8rer, og dette ark er en blanding af unikke motiver skabt af fire forskellige tatov\u00f8rer, Kain, Oliver, Dominic og Nicklas.  Zoi Tattoo i Malm\u00f6 er en tatov\u00f8rstudio med sit eget team af 15 erfarne tatov\u00f8rer. Alle har deres egen unikke stil, s\u00e5 uanset dine pr\u00e6ferencer inden for stil og design har Zoi en tatov\u00f8r, der kan hj\u00e6lpe dig med at skabe din dr\u00f8mmetatovering. Derudover f\u00e5r Zoi bes\u00f8g af kendte g\u00e6stetatov\u00f8rer fra hele verden. Bestil midlertidige tatoveringer designet af nogle af tatov\u00f8rerne hos Zoi Tattoo Rigtige tatov\u00f8rer designer midlertidige tatoveringer for Like Ink I body art verdenen revolutionerer samarbejdet mellem rigtige tatov\u00f8rer og Like Ink branchen ved at skabe midlertidige tatoveringer i h\u00f8j kvalitet til dem, der ikke er klar til en permanent tatovering.  Samarbejdet med disse talentfulde kunstnere g\u00f8r det muligt for Like Ink at tilbyde et bredt udvalg af detaljerede og i\u00f8jnefaldende designs, som afspejler kvaliteten og h\u00e5ndv\u00e6rket fra rigtige tatoveringer.  Kontakt Zoi Tattoo:  Instagram:  @zoitattoo  Studio:  Zoi Tattoo  Web:  https:\/\/www.zoitattoo.com  Adresse:  Sora Nygatan 42, Malm\u00f6","og_url":"https:\/\/likeink.com\/da\/midlertidige-tatoveringer\/flash-sheet-by-zoi-tattoo\/","og_site_name":"Like ink","article_publisher":"https:\/\/www.facebook.com\/LikeInkSe","article_modified_time":"2026-04-27T11:24:00+00:00","og_image":[{"width":2481,"height":1749,"url":"https:\/\/likeink.com\/wp-content\/uploads\/2023\/04\/ZoiTattoo-Mixed-Likeink-faketattoos.jpg","type":"image\/jpeg"}],"twitter_card":"summary_large_image","twitter_misc":{"Estimeret l\u00e6setid":"1 minut"},"schema":{"@context":"https:\/\/schema.org","@graph":[{"@type":"WebPage","@id":"https:\/\/likeink.com\/da\/midlertidige-tatoveringer\/flash-sheet-by-zoi-tattoo\/","url":"https:\/\/likeink.com\/da\/midlertidige-tatoveringer\/flash-sheet-by-zoi-tattoo\/","name":"Flash \"Mix Sheet\" by Zoi Tattoo - Like ink","isPartOf":{"@id":"https:\/\/likeink.com\/da\/#website"},"primaryImageOfPage":{"@id":"https:\/\/likeink.com\/da\/midlertidige-tatoveringer\/flash-sheet-by-zoi-tattoo\/#primaryimage"},"image":{"@id":"https:\/\/likeink.com\/da\/midlertidige-tatoveringer\/flash-sheet-by-zoi-tattoo\/#primaryimage"},"thumbnailUrl":"https:\/\/likeink.com\/wp-content\/uploads\/2023\/04\/ZoiTattoo-Mixed-Likeink-faketattoos.jpg","datePublished":"2023-04-19T15:58:19+00:00","dateModified":"2026-04-27T11:24:00+00:00","description":"Flash \"Mix Sheet\" by Zoi Tattoo: Bestil midlertidige tatoveringer designet af fire tatov\u00f8rer fra studiet Zoi Tattoo. \u00c6gte falske tatoveringer! - Like ink","breadcrumb":{"@id":"https:\/\/likeink.com\/da\/midlertidige-tatoveringer\/flash-sheet-by-zoi-tattoo\/#breadcrumb"},"inLanguage":"da-DK","potentialAction":[{"@type":"ReadAction","target":["https:\/\/likeink.com\/da\/midlertidige-tatoveringer\/flash-sheet-by-zoi-tattoo\/"]}]},{"@type":"ImageObject","inLanguage":"da-DK","@id":"https:\/\/likeink.com\/da\/midlertidige-tatoveringer\/flash-sheet-by-zoi-tattoo\/#primaryimage","url":"https:\/\/likeink.com\/wp-content\/uploads\/2023\/04\/ZoiTattoo-Mixed-Likeink-faketattoos.jpg","contentUrl":"https:\/\/likeink.com\/wp-content\/uploads\/2023\/04\/ZoiTattoo-Mixed-Likeink-faketattoos.jpg","width":2481,"height":1749,"caption":"Zoi Tattoo - Like ink Collab - Fake Tattoos"},{"@type":"BreadcrumbList","@id":"https:\/\/likeink.com\/da\/midlertidige-tatoveringer\/flash-sheet-by-zoi-tattoo\/#breadcrumb","itemListElement":[{"@type":"ListItem","position":1,"name":"Hem","item":"https:\/\/likeink.com\/da\/"},{"@type":"ListItem","position":2,"name":"Shop","item":"https:\/\/likeink.com\/da\/shop\/"},{"@type":"ListItem","position":3,"name":"Flash &#8220;Mix Sheet&#8221; by Zoi Tattoo"}]},{"@type":"WebSite","@id":"https:\/\/likeink.com\/da\/#website","url":"https:\/\/likeink.com\/da\/","name":"Like ink","description":"Make your own custom design","potentialAction":[{"@type":"SearchAction","target":{"@type":"EntryPoint","urlTemplate":"https:\/\/likeink.com\/da\/?s={search_term_string}"},"query-input":{"@type":"PropertyValueSpecification","valueRequired":true,"valueName":"search_term_string"}}],"inLanguage":"da-DK"}]}},"_links":{"self":[{"href":"https:\/\/likeink.com\/da\/wp-json\/wp\/v2\/product\/17042","targetHints":{"allow":["GET"]}}],"collection":[{"href":"https:\/\/likeink.com\/da\/wp-json\/wp\/v2\/product"}],"about":[{"href":"https:\/\/likeink.com\/da\/wp-json\/wp\/v2\/types\/product"}],"wp:featuredmedia":[{"embeddable":true,"href":"https:\/\/likeink.com\/da\/wp-json\/wp\/v2\/media\/16981"}],"wp:attachment":[{"href":"https:\/\/likeink.com\/da\/wp-json\/wp\/v2\/media?parent=17042"}],"wp:term":[{"taxonomy":"product_brand","embeddable":true,"href":"https:\/\/likeink.com\/da\/wp-json\/wp\/v2\/product_brand?post=17042"},{"taxonomy":"product_cat","embeddable":true,"href":"https:\/\/likeink.com\/da\/wp-json\/wp\/v2\/product_cat?post=17042"},{"taxonomy":"product_tag","embeddable":true,"href":"https:\/\/likeink.com\/da\/wp-json\/wp\/v2\/product_tag?post=17042"}],"curies":[{"name":"wp","href":"https:\/\/api.w.org\/{rel}","templated":true}]}}