{"id":17071,"date":"2023-04-19T13:56:35","date_gmt":"2023-04-19T13:56:35","guid":{"rendered":"https:\/\/likeink.se\/produkt\/flash-eagle-claws-by-nicklas-wennerberg\/"},"modified":"2026-04-27T12:05:12","modified_gmt":"2026-04-27T12:05:12","slug":"flash-eagle-claws-by-nicklas-wennerberg","status":"publish","type":"product","link":"https:\/\/likeink.com\/da\/midlertidige-tatoveringer\/flash-eagle-claws-by-nicklas-wennerberg\/","title":{"rendered":"Flash &#8220;Eagle claws&#8221; by Nicklas Wennerberg at Zoi Tattoo"},"content":{"rendered":"","protected":false},"excerpt":{"rendered":"<p>Like Inks f\u00e6rdige ark med midlertidige tatoveringer er cirka 20&#215;14 cm og fyldt med designet, du ser p\u00e5 billedet. Vi trykker og sender dit ark med disse stilfulde tatoveringer inden for 24 timer efter din bestilling. Tatoveringerne ser godt ud, er af h\u00f8j kvalitet og er nemme at p\u00e5f\u00f8re og vaske af. Like Ink overholder alle EU regler for kosmetiske produkter, s\u00e5 du kan f\u00f8le dig tryg, n\u00e5r du bestiller midlertidige tatoveringer hos os.<\/p>\n<h2>Bestil midlertidige tatoveringer med eagle claw motiver designet af tatov\u00f8ren Nicklas Wennerberg<\/h2>\n<p>Dette ark er designet af den meget talentfulde tatov\u00f8r Nicklas Wennerberg, en erfaren og dygtig tatoveringskunstner baseret i Malm\u00f6 hos tatov\u00f8rstudiet Zoi Tattoo. Vi er virkelig glade for at kunne tilbyde flash ark fra denne super seje tatov\u00f8r. No time for pocketwatches.<\/p>\n<p><strong>Kontakt Nicklas:<\/strong><\/p>\n<p><strong>Instagram:<\/strong><\/p>\n<p>@nick040tattoo<\/p>\n<p><strong>Studio:<\/strong><\/p>\n<p>Zoi Tattoo<\/p>\n<p><strong>Adresse:<\/strong><\/p>\n<p>Sora Nygatan 42, Malm\u00f6<\/p>\n","protected":false},"featured_media":16946,"template":"","meta":[],"product_brand":[],"product_cat":[519,53,500],"product_tag":[],"class_list":{"0":"post-17071","1":"product","2":"type-product","3":"status-publish","4":"has-post-thumbnail","6":"product_cat-dyr-og-natur","7":"product_cat-faerdige-ark","8":"product_cat-samarbejder-med-tatovoerer","10":"first","11":"instock","12":"taxable","13":"shipping-taxable","14":"purchasable","15":"product-type-simple"},"yoast_head":"<!-- This site is optimized with the Yoast SEO Premium plugin v27.5 (Yoast SEO v27.6) - https:\/\/yoast.com\/product\/yoast-seo-premium-wordpress\/ -->\n<title>\u00d8rnekl\u00f8 tatoveringer af Nicklas Wennerberg - Like ink<\/title>\n<meta name=\"description\" content=\"\u00d8rnekl\u00f8 tatoveringer designet af tatoveringskunstneren Nicklas Wennerberg. Nemme at bruge h\u00f8j kvalitet falske tatoveringer! - Like ink\" \/>\n<meta name=\"robots\" content=\"index, follow, max-snippet:-1, max-image-preview:large, max-video-preview:-1\" \/>\n<link rel=\"canonical\" href=\"https:\/\/likeink.com\/da\/midlertidige-tatoveringer\/flash-eagle-claws-by-nicklas-wennerberg\/\" \/>\n<meta property=\"og:locale\" content=\"da_DK\" \/>\n<meta property=\"og:type\" content=\"article\" \/>\n<meta property=\"og:title\" content=\"Flash &quot;Eagle claws&quot; by Nicklas Wennerberg at Zoi Tattoo\" \/>\n<meta property=\"og:description\" content=\"Like Inks f\u00e6rdige ark med midlertidige tatoveringer er cirka 20x14 cm og fyldt med designet, du ser p\u00e5 billedet. Vi trykker og sender dit ark med disse stilfulde tatoveringer inden for 24 timer efter din bestilling. Tatoveringerne ser godt ud, er af h\u00f8j kvalitet og er nemme at p\u00e5f\u00f8re og vaske af. Like Ink overholder alle EU regler for kosmetiske produkter, s\u00e5 du kan f\u00f8le dig tryg, n\u00e5r du bestiller midlertidige tatoveringer hos os.  Bestil midlertidige tatoveringer med eagle claw motiver designet af tatov\u00f8ren Nicklas Wennerberg  Dette ark er designet af den meget talentfulde tatov\u00f8r Nicklas Wennerberg, en erfaren og dygtig tatoveringskunstner baseret i Malm\u00f6 hos tatov\u00f8rstudiet Zoi Tattoo. Vi er virkelig glade for at kunne tilbyde flash ark fra denne super seje tatov\u00f8r. No time for pocketwatches.  Kontakt Nicklas:  Instagram:  @nick040tattoo  Studio:  Zoi Tattoo  Adresse:  Sora Nygatan 42, Malm\u00f6\" \/>\n<meta property=\"og:url\" content=\"https:\/\/likeink.com\/da\/midlertidige-tatoveringer\/flash-eagle-claws-by-nicklas-wennerberg\/\" \/>\n<meta property=\"og:site_name\" content=\"Like ink\" \/>\n<meta property=\"article:publisher\" content=\"https:\/\/www.facebook.com\/LikeInkSe\" \/>\n<meta property=\"article:modified_time\" content=\"2026-04-27T12:05:12+00:00\" \/>\n<meta property=\"og:image\" content=\"https:\/\/likeink.com\/wp-content\/uploads\/2023\/04\/Nicklas-Wennerberg-Eagleclaws-Faketattoos.jpg\" \/>\n\t<meta property=\"og:image:width\" content=\"1200\" \/>\n\t<meta property=\"og:image:height\" content=\"845\" \/>\n\t<meta property=\"og:image:type\" content=\"image\/jpeg\" \/>\n<meta name=\"twitter:card\" content=\"summary_large_image\" \/>\n<meta name=\"twitter:label1\" content=\"Estimeret l\u00e6setid\" \/>\n\t<meta name=\"twitter:data1\" content=\"1 minut\" \/>\n<!-- \/ Yoast SEO Premium plugin. -->","yoast_head_json":{"title":"\u00d8rnekl\u00f8 tatoveringer af Nicklas Wennerberg - Like ink","description":"\u00d8rnekl\u00f8 tatoveringer designet af tatoveringskunstneren Nicklas Wennerberg. Nemme at bruge h\u00f8j kvalitet falske tatoveringer! - Like ink","robots":{"index":"index","follow":"follow","max-snippet":"max-snippet:-1","max-image-preview":"max-image-preview:large","max-video-preview":"max-video-preview:-1"},"canonical":"https:\/\/likeink.com\/da\/midlertidige-tatoveringer\/flash-eagle-claws-by-nicklas-wennerberg\/","og_locale":"da_DK","og_type":"article","og_title":"Flash \"Eagle claws\" by Nicklas Wennerberg at Zoi Tattoo","og_description":"Like Inks f\u00e6rdige ark med midlertidige tatoveringer er cirka 20x14 cm og fyldt med designet, du ser p\u00e5 billedet. Vi trykker og sender dit ark med disse stilfulde tatoveringer inden for 24 timer efter din bestilling. Tatoveringerne ser godt ud, er af h\u00f8j kvalitet og er nemme at p\u00e5f\u00f8re og vaske af. Like Ink overholder alle EU regler for kosmetiske produkter, s\u00e5 du kan f\u00f8le dig tryg, n\u00e5r du bestiller midlertidige tatoveringer hos os.  Bestil midlertidige tatoveringer med eagle claw motiver designet af tatov\u00f8ren Nicklas Wennerberg  Dette ark er designet af den meget talentfulde tatov\u00f8r Nicklas Wennerberg, en erfaren og dygtig tatoveringskunstner baseret i Malm\u00f6 hos tatov\u00f8rstudiet Zoi Tattoo. Vi er virkelig glade for at kunne tilbyde flash ark fra denne super seje tatov\u00f8r. No time for pocketwatches.  Kontakt Nicklas:  Instagram:  @nick040tattoo  Studio:  Zoi Tattoo  Adresse:  Sora Nygatan 42, Malm\u00f6","og_url":"https:\/\/likeink.com\/da\/midlertidige-tatoveringer\/flash-eagle-claws-by-nicklas-wennerberg\/","og_site_name":"Like ink","article_publisher":"https:\/\/www.facebook.com\/LikeInkSe","article_modified_time":"2026-04-27T12:05:12+00:00","og_image":[{"width":1200,"height":845,"url":"https:\/\/likeink.com\/wp-content\/uploads\/2023\/04\/Nicklas-Wennerberg-Eagleclaws-Faketattoos.jpg","type":"image\/jpeg"}],"twitter_card":"summary_large_image","twitter_misc":{"Estimeret l\u00e6setid":"1 minut"},"schema":{"@context":"https:\/\/schema.org","@graph":[{"@type":"WebPage","@id":"https:\/\/likeink.com\/da\/midlertidige-tatoveringer\/flash-eagle-claws-by-nicklas-wennerberg\/","url":"https:\/\/likeink.com\/da\/midlertidige-tatoveringer\/flash-eagle-claws-by-nicklas-wennerberg\/","name":"\u00d8rnekl\u00f8 tatoveringer af Nicklas Wennerberg - Like ink","isPartOf":{"@id":"https:\/\/likeink.com\/da\/#website"},"primaryImageOfPage":{"@id":"https:\/\/likeink.com\/da\/midlertidige-tatoveringer\/flash-eagle-claws-by-nicklas-wennerberg\/#primaryimage"},"image":{"@id":"https:\/\/likeink.com\/da\/midlertidige-tatoveringer\/flash-eagle-claws-by-nicklas-wennerberg\/#primaryimage"},"thumbnailUrl":"https:\/\/likeink.com\/wp-content\/uploads\/2023\/04\/Nicklas-Wennerberg-Eagleclaws-Faketattoos.jpg","datePublished":"2023-04-19T13:56:35+00:00","dateModified":"2026-04-27T12:05:12+00:00","description":"\u00d8rnekl\u00f8 tatoveringer designet af tatoveringskunstneren Nicklas Wennerberg. Nemme at bruge h\u00f8j kvalitet falske tatoveringer! - Like ink","breadcrumb":{"@id":"https:\/\/likeink.com\/da\/midlertidige-tatoveringer\/flash-eagle-claws-by-nicklas-wennerberg\/#breadcrumb"},"inLanguage":"da-DK","potentialAction":[{"@type":"ReadAction","target":["https:\/\/likeink.com\/da\/midlertidige-tatoveringer\/flash-eagle-claws-by-nicklas-wennerberg\/"]}]},{"@type":"ImageObject","inLanguage":"da-DK","@id":"https:\/\/likeink.com\/da\/midlertidige-tatoveringer\/flash-eagle-claws-by-nicklas-wennerberg\/#primaryimage","url":"https:\/\/likeink.com\/wp-content\/uploads\/2023\/04\/Nicklas-Wennerberg-Eagleclaws-Faketattoos.jpg","contentUrl":"https:\/\/likeink.com\/wp-content\/uploads\/2023\/04\/Nicklas-Wennerberg-Eagleclaws-Faketattoos.jpg","width":1200,"height":845,"caption":"Tatoveringsartist Nicklas Wennerberg flash med \u00f8rneklor."},{"@type":"BreadcrumbList","@id":"https:\/\/likeink.com\/da\/midlertidige-tatoveringer\/flash-eagle-claws-by-nicklas-wennerberg\/#breadcrumb","itemListElement":[{"@type":"ListItem","position":1,"name":"Hem","item":"https:\/\/likeink.com\/da\/"},{"@type":"ListItem","position":2,"name":"Shop","item":"https:\/\/likeink.com\/da\/shop\/"},{"@type":"ListItem","position":3,"name":"Flash &#8220;Eagle claws&#8221; by Nicklas Wennerberg at Zoi Tattoo"}]},{"@type":"WebSite","@id":"https:\/\/likeink.com\/da\/#website","url":"https:\/\/likeink.com\/da\/","name":"Like ink","description":"Make your own custom design","potentialAction":[{"@type":"SearchAction","target":{"@type":"EntryPoint","urlTemplate":"https:\/\/likeink.com\/da\/?s={search_term_string}"},"query-input":{"@type":"PropertyValueSpecification","valueRequired":true,"valueName":"search_term_string"}}],"inLanguage":"da-DK"}]}},"_links":{"self":[{"href":"https:\/\/likeink.com\/da\/wp-json\/wp\/v2\/product\/17071","targetHints":{"allow":["GET"]}}],"collection":[{"href":"https:\/\/likeink.com\/da\/wp-json\/wp\/v2\/product"}],"about":[{"href":"https:\/\/likeink.com\/da\/wp-json\/wp\/v2\/types\/product"}],"wp:featuredmedia":[{"embeddable":true,"href":"https:\/\/likeink.com\/da\/wp-json\/wp\/v2\/media\/16946"}],"wp:attachment":[{"href":"https:\/\/likeink.com\/da\/wp-json\/wp\/v2\/media?parent=17071"}],"wp:term":[{"taxonomy":"product_brand","embeddable":true,"href":"https:\/\/likeink.com\/da\/wp-json\/wp\/v2\/product_brand?post=17071"},{"taxonomy":"product_cat","embeddable":true,"href":"https:\/\/likeink.com\/da\/wp-json\/wp\/v2\/product_cat?post=17071"},{"taxonomy":"product_tag","embeddable":true,"href":"https:\/\/likeink.com\/da\/wp-json\/wp\/v2\/product_tag?post=17071"}],"curies":[{"name":"wp","href":"https:\/\/api.w.org\/{rel}","templated":true}]}}