{"id":17117,"date":"2023-04-18T14:12:57","date_gmt":"2023-04-18T14:12:57","guid":{"rendered":"https:\/\/likeink.se\/produkt\/flash-butterfly-by-oliver-brechensbauer\/"},"modified":"2026-04-27T12:35:21","modified_gmt":"2026-04-27T12:35:21","slug":"flash-butterfly-tattoos-by-oliver-brechensbauer","status":"publish","type":"product","link":"https:\/\/likeink.com\/da\/midlertidige-tatoveringer\/flash-butterfly-tattoos-by-oliver-brechensbauer\/","title":{"rendered":"Flash &#8220;Butterfly&#8221; by Oliver Brechensbauer at Zoi Tattoo"},"content":{"rendered":"","protected":false},"excerpt":{"rendered":"<p>Like Inks f\u00e6rdige ark med midlertidige tatoveringer er cirka 20&#215;14 cm og fyldt med designet, du ser p\u00e5 billedet. Vi trykker og sender dit ark med disse stilfulde tatoveringer inden for 24 timer efter din bestilling. Tatoveringerne ser godt ud, er af h\u00f8j kvalitet og er nemme at p\u00e5f\u00f8re og vaske af. Like Ink overholder alle EU regler for kosmetiske produkter, s\u00e5 du kan f\u00f8le dig tryg, n\u00e5r du bestiller midlertidige tatoveringer hos os.<\/p>\n<h2>Bestil midlertidige tatoveringer med sommerfuglemotiver designet af tatov\u00f8ren Oliver Brechensbauer<\/h2>\n<p>Dette ark er designet af tatov\u00f8ren Oliver Brechensbauer, en venlig og talentfuld tatoveringskunstner baseret i Malm\u00f6 hos tatov\u00f8rstudiet Zoi Tattoo. Vi er virkelig glade for at kunne tilbyde flash ark fra denne super seje tatov\u00f8r.<\/p>\n<p><strong>Kontakt Oliver:<\/strong><\/p>\n<p><strong>Instagram:<\/strong><\/p>\n<p>@bbauer_tattooing<\/p>\n<p><strong>Studio:<\/strong><\/p>\n<p>Zoi Tattoo<\/p>\n<p><strong>Adresse:<\/strong><\/p>\n<p>Sora Nygatan 42, Malm\u00f6<\/p>\n","protected":false},"featured_media":16669,"template":"","meta":[],"product_brand":[],"product_cat":[519,53,500],"product_tag":[],"class_list":{"0":"post-17117","1":"product","2":"type-product","3":"status-publish","4":"has-post-thumbnail","6":"product_cat-dyr-natur","7":"product_cat-faerdige-ark","8":"product_cat-samarbejder-med-tatovoerer","10":"first","11":"instock","12":"taxable","13":"shipping-taxable","14":"purchasable","15":"product-type-simple"},"yoast_head":"<!-- This site is optimized with the Yoast SEO Premium plugin v26.2 (Yoast SEO v27.5) - https:\/\/yoast.com\/product\/yoast-seo-premium-wordpress\/ -->\n<title>Sommerfugl midlertidige tatoveringer I Kunstner: Oliver - Like ink<\/title>\n<meta name=\"description\" content=\"Sommerfugl midlertidige tatoveringer flash fra tatoveringskunstneren Oliver hos Zoi Tattoo. Vi trykker h\u00f8j kvalitet falske tatoveringer! - Like ink\" \/>\n<meta name=\"robots\" content=\"index, follow, max-snippet:-1, max-image-preview:large, max-video-preview:-1\" \/>\n<link rel=\"canonical\" href=\"https:\/\/likeink.com\/da\/midlertidige-tatoveringer\/flash-butterfly-tattoos-by-oliver-brechensbauer\/\" \/>\n<meta property=\"og:locale\" content=\"da_DK\" \/>\n<meta property=\"og:type\" content=\"article\" \/>\n<meta property=\"og:title\" content=\"Flash &quot;Butterfly&quot; by Oliver Brechensbauer at Zoi Tattoo\" \/>\n<meta property=\"og:description\" content=\"Like Inks f\u00e6rdige ark med midlertidige tatoveringer er cirka 20x14 cm og fyldt med designet, du ser p\u00e5 billedet. Vi trykker og sender dit ark med disse stilfulde tatoveringer inden for 24 timer efter din bestilling. Tatoveringerne ser godt ud, er af h\u00f8j kvalitet og er nemme at p\u00e5f\u00f8re og vaske af. Like Ink overholder alle EU regler for kosmetiske produkter, s\u00e5 du kan f\u00f8le dig tryg, n\u00e5r du bestiller midlertidige tatoveringer hos os.  Bestil midlertidige tatoveringer med sommerfuglemotiver designet af tatov\u00f8ren Oliver Brechensbauer  Dette ark er designet af tatov\u00f8ren Oliver Brechensbauer, en venlig og talentfuld tatoveringskunstner baseret i Malm\u00f6 hos tatov\u00f8rstudiet Zoi Tattoo. Vi er virkelig glade for at kunne tilbyde flash ark fra denne super seje tatov\u00f8r.  Kontakt Oliver:  Instagram:  @bbauer_tattooing  Studio:  Zoi Tattoo  Adresse:  Sora Nygatan 42, Malm\u00f6\" \/>\n<meta property=\"og:url\" content=\"https:\/\/likeink.com\/da\/midlertidige-tatoveringer\/flash-butterfly-tattoos-by-oliver-brechensbauer\/\" \/>\n<meta property=\"og:site_name\" content=\"Like ink\" \/>\n<meta property=\"article:publisher\" content=\"https:\/\/www.facebook.com\/LikeInkSe\" \/>\n<meta property=\"article:modified_time\" content=\"2026-04-27T12:35:21+00:00\" \/>\n<meta property=\"og:image\" content=\"https:\/\/likeink.com\/wp-content\/uploads\/2023\/04\/Oliver-Butterfly-FakeTattoos.png\" \/>\n\t<meta property=\"og:image:width\" content=\"1200\" \/>\n\t<meta property=\"og:image:height\" content=\"845\" \/>\n\t<meta property=\"og:image:type\" content=\"image\/png\" \/>\n<meta name=\"twitter:card\" content=\"summary_large_image\" \/>\n<meta name=\"twitter:label1\" content=\"Estimeret l\u00e6setid\" \/>\n\t<meta name=\"twitter:data1\" content=\"1 minut\" \/>\n<!-- \/ Yoast SEO Premium plugin. -->","yoast_head_json":{"title":"Sommerfugl midlertidige tatoveringer I Kunstner: Oliver - Like ink","description":"Sommerfugl midlertidige tatoveringer flash fra tatoveringskunstneren Oliver hos Zoi Tattoo. Vi trykker h\u00f8j kvalitet falske tatoveringer! - Like ink","robots":{"index":"index","follow":"follow","max-snippet":"max-snippet:-1","max-image-preview":"max-image-preview:large","max-video-preview":"max-video-preview:-1"},"canonical":"https:\/\/likeink.com\/da\/midlertidige-tatoveringer\/flash-butterfly-tattoos-by-oliver-brechensbauer\/","og_locale":"da_DK","og_type":"article","og_title":"Flash \"Butterfly\" by Oliver Brechensbauer at Zoi Tattoo","og_description":"Like Inks f\u00e6rdige ark med midlertidige tatoveringer er cirka 20x14 cm og fyldt med designet, du ser p\u00e5 billedet. Vi trykker og sender dit ark med disse stilfulde tatoveringer inden for 24 timer efter din bestilling. Tatoveringerne ser godt ud, er af h\u00f8j kvalitet og er nemme at p\u00e5f\u00f8re og vaske af. Like Ink overholder alle EU regler for kosmetiske produkter, s\u00e5 du kan f\u00f8le dig tryg, n\u00e5r du bestiller midlertidige tatoveringer hos os.  Bestil midlertidige tatoveringer med sommerfuglemotiver designet af tatov\u00f8ren Oliver Brechensbauer  Dette ark er designet af tatov\u00f8ren Oliver Brechensbauer, en venlig og talentfuld tatoveringskunstner baseret i Malm\u00f6 hos tatov\u00f8rstudiet Zoi Tattoo. Vi er virkelig glade for at kunne tilbyde flash ark fra denne super seje tatov\u00f8r.  Kontakt Oliver:  Instagram:  @bbauer_tattooing  Studio:  Zoi Tattoo  Adresse:  Sora Nygatan 42, Malm\u00f6","og_url":"https:\/\/likeink.com\/da\/midlertidige-tatoveringer\/flash-butterfly-tattoos-by-oliver-brechensbauer\/","og_site_name":"Like ink","article_publisher":"https:\/\/www.facebook.com\/LikeInkSe","article_modified_time":"2026-04-27T12:35:21+00:00","og_image":[{"width":1200,"height":845,"url":"https:\/\/likeink.com\/wp-content\/uploads\/2023\/04\/Oliver-Butterfly-FakeTattoos.png","type":"image\/png"}],"twitter_card":"summary_large_image","twitter_misc":{"Estimeret l\u00e6setid":"1 minut"},"schema":{"@context":"https:\/\/schema.org","@graph":[{"@type":"WebPage","@id":"https:\/\/likeink.com\/da\/midlertidige-tatoveringer\/flash-butterfly-tattoos-by-oliver-brechensbauer\/","url":"https:\/\/likeink.com\/da\/midlertidige-tatoveringer\/flash-butterfly-tattoos-by-oliver-brechensbauer\/","name":"Sommerfugl midlertidige tatoveringer I Kunstner: Oliver - Like ink","isPartOf":{"@id":"https:\/\/likeink.com\/da\/#website"},"primaryImageOfPage":{"@id":"https:\/\/likeink.com\/da\/midlertidige-tatoveringer\/flash-butterfly-tattoos-by-oliver-brechensbauer\/#primaryimage"},"image":{"@id":"https:\/\/likeink.com\/da\/midlertidige-tatoveringer\/flash-butterfly-tattoos-by-oliver-brechensbauer\/#primaryimage"},"thumbnailUrl":"https:\/\/likeink.com\/wp-content\/uploads\/2023\/04\/Oliver-Butterfly-FakeTattoos.png","datePublished":"2023-04-18T14:12:57+00:00","dateModified":"2026-04-27T12:35:21+00:00","description":"Sommerfugl midlertidige tatoveringer flash fra tatoveringskunstneren Oliver hos Zoi Tattoo. Vi trykker h\u00f8j kvalitet falske tatoveringer! - Like ink","breadcrumb":{"@id":"https:\/\/likeink.com\/da\/midlertidige-tatoveringer\/flash-butterfly-tattoos-by-oliver-brechensbauer\/#breadcrumb"},"inLanguage":"da-DK","potentialAction":[{"@type":"ReadAction","target":["https:\/\/likeink.com\/da\/midlertidige-tatoveringer\/flash-butterfly-tattoos-by-oliver-brechensbauer\/"]}]},{"@type":"ImageObject","inLanguage":"da-DK","@id":"https:\/\/likeink.com\/da\/midlertidige-tatoveringer\/flash-butterfly-tattoos-by-oliver-brechensbauer\/#primaryimage","url":"https:\/\/likeink.com\/wp-content\/uploads\/2023\/04\/Oliver-Butterfly-FakeTattoos.png","contentUrl":"https:\/\/likeink.com\/wp-content\/uploads\/2023\/04\/Oliver-Butterfly-FakeTattoos.png","width":1200,"height":845,"caption":"Butterfly Tattoos - Zoi Tattoo - Like ink - Artist Oliver"},{"@type":"BreadcrumbList","@id":"https:\/\/likeink.com\/da\/midlertidige-tatoveringer\/flash-butterfly-tattoos-by-oliver-brechensbauer\/#breadcrumb","itemListElement":[{"@type":"ListItem","position":1,"name":"Hem","item":"https:\/\/likeink.com\/da\/"},{"@type":"ListItem","position":2,"name":"Shop","item":"https:\/\/likeink.com\/da\/shop\/"},{"@type":"ListItem","position":3,"name":"Flash &#8220;Butterfly&#8221; by Oliver Brechensbauer at Zoi Tattoo"}]},{"@type":"WebSite","@id":"https:\/\/likeink.com\/da\/#website","url":"https:\/\/likeink.com\/da\/","name":"Like ink","description":"Make your own custom design","potentialAction":[{"@type":"SearchAction","target":{"@type":"EntryPoint","urlTemplate":"https:\/\/likeink.com\/da\/?s={search_term_string}"},"query-input":{"@type":"PropertyValueSpecification","valueRequired":true,"valueName":"search_term_string"}}],"inLanguage":"da-DK"}]}},"_links":{"self":[{"href":"https:\/\/likeink.com\/da\/wp-json\/wp\/v2\/product\/17117","targetHints":{"allow":["GET"]}}],"collection":[{"href":"https:\/\/likeink.com\/da\/wp-json\/wp\/v2\/product"}],"about":[{"href":"https:\/\/likeink.com\/da\/wp-json\/wp\/v2\/types\/product"}],"wp:featuredmedia":[{"embeddable":true,"href":"https:\/\/likeink.com\/da\/wp-json\/wp\/v2\/media\/16669"}],"wp:attachment":[{"href":"https:\/\/likeink.com\/da\/wp-json\/wp\/v2\/media?parent=17117"}],"wp:term":[{"taxonomy":"product_brand","embeddable":true,"href":"https:\/\/likeink.com\/da\/wp-json\/wp\/v2\/product_brand?post=17117"},{"taxonomy":"product_cat","embeddable":true,"href":"https:\/\/likeink.com\/da\/wp-json\/wp\/v2\/product_cat?post=17117"},{"taxonomy":"product_tag","embeddable":true,"href":"https:\/\/likeink.com\/da\/wp-json\/wp\/v2\/product_tag?post=17117"}],"curies":[{"name":"wp","href":"https:\/\/api.w.org\/{rel}","templated":true}]}}