{"id":17175,"date":"2023-04-18T11:28:31","date_gmt":"2023-04-18T11:28:31","guid":{"rendered":"https:\/\/likeink.se\/produkt\/adults-suck\/"},"modified":"2026-04-27T14:14:03","modified_gmt":"2026-04-27T14:14:03","slug":"adults-suck","status":"publish","type":"product","link":"https:\/\/likeink.com\/da\/midlertidige-tatoveringer\/adults-suck\/","title":{"rendered":"Flash &#8220;Adults Suck&#8221; by Matt Machine at Straydogs Tattoo"},"content":{"rendered":"","protected":false},"excerpt":{"rendered":"<p>Like Inks f\u00e6rdige ark med midlertidige tatoveringer er cirka 20&#215;14 cm og fyldt med designet, du ser p\u00e5 billedet. Vi trykker og sender dit ark med disse stilfulde tatoveringer inden for 24 timer efter din bestilling. Tatoveringerne ser godt ud, er af h\u00f8j kvalitet og er nemme at p\u00e5f\u00f8re og vaske af. Like Ink overholder alle EU regler for kosmetiske produkter, s\u00e5 du kan f\u00f8le dig tryg, n\u00e5r du bestiller midlertidige tatoveringer hos os.<\/p>\n<h2>Bestil midlertidige tatoveringer designet af tatov\u00f8ren Mattias, ogs\u00e5 kendt som Matt Machine<\/h2>\n<p>Dette ark er designet af den fantastiske tatov\u00f8r &#8220;Matt Machine&#8221;, en erfaren og meget popul\u00e6r tatov\u00f8r baseret i Kung\u00e4lv. Det er virkelig fedt at kunne tilbyde motiver fra denne super seje tatov\u00f8r!<\/p>\n<p><strong>Dette er Mattias Andersson, ogs\u00e5 kendt som Matt Machine:<\/strong><\/p>\n<p>Mit navn er Mattias Andersson, ogs\u00e5 kendt som Matt Machine. Et k\u00e6lenavn jeg fik for sjov fra drengene hos Sick Boys Tattoo, efter at jeg tatoverede i over 15 timer i tr\u00e6k en gang til et jubil\u00e6um i mit studie. Jeg beholdt k\u00e6lenavnet \ud83d\ude0a det passer til mig.<\/p>\n<p>Hvem er jeg s\u00e5? Jeg er n\u00e6sten 41 \u00e5r gammel. Jeg er gift, har to b\u00f8rn, en hund og to katte. Jeg k\u00f8rer i en Volvo stationcar og bor i et hus. Jeg lever et klassisk familieliv med fodboldtr\u00e6ning og alt hvad der f\u00f8lger med. Men jeg er m\u00e5ske ikke helt den typiske type selv, men heldigvis kan man altid g\u00f8re sin egen ting i sit &#8220;drengev\u00e6relse&#8221;, som i mit tilf\u00e6lde er tatov\u00f8rstudiet. Der f\u00f8les det altid helt rigtigt. Der passer alle ind, og alle er velkomne!<\/p>\n<p>Jeg har haft mit eget studie i cirka 12 \u00e5r nu, hvor jeg kun tatoverer efter aftale, ingen drop in. Jeg har elsket tatoveringer siden jeg var 6 \u00e5r gammel og er taknemmelig for alle kunder, der forts\u00e6tter med at komme, b\u00e5de dem fra lokalomr\u00e5det og dem der rejser langt for at blive tatoveret af mig. Alle kunder er vigtige. Sm\u00e5 navnetatoveringer s\u00e5vel som store rygprojekter. Jeg laver alt, jeg f\u00f8ler jeg kan h\u00e5ndtere! Jeg er jo trods alt tatov\u00f8r. Hvis du vil have en stor sort prik, der d\u00e6kker halvdelen af l\u00e5ret, s\u00e5 er det ogs\u00e5 helt fint.<\/p>\n<p>Det f\u00f8les som om jeg er heldig, men i virkeligheden kommer det, man har, fra mange \u00e5rs h\u00e5rdt arbejde. At opbygge en st\u00e6rk kundebase kr\u00e6ver indsats. Tatov\u00f8rjobbet er ikke s\u00e5 rock\u2019n\u2019roll som mange tror. Det er n\u00e6sten et arbejde d\u00f8gnet rundt. Men friheden opvejer det. Friheden til at kunne v\u00e6lge hvordan og hvorn\u00e5r man arbejder. Og det faktum at jeg elsker det, jeg laver! Tatoveringer er simpelthen det bedste \ud83d\ude02\ud83d\udc4d<\/p>\n<p><strong>Kontakt Mattias:<\/strong><br \/>\nDu kan finde mig og alle mine traditionelle v\u00e6rker p\u00e5 sociale medier<\/p>\n<p><strong>Instagram:<\/strong><\/p>\n<p>@straydogstattoo<\/p>\n<p><strong>Studio:<\/strong><\/p>\n<p>@straydogstattoo<\/p>\n<p><strong>Adresse:<\/strong><\/p>\n<p>G\u00f8teborg \/ Kung\u00e4lv<\/p>\n","protected":false},"featured_media":16589,"template":"","meta":[],"product_brand":[],"product_cat":[53,500],"product_tag":[],"class_list":{"0":"post-17175","1":"product","2":"type-product","3":"status-publish","4":"has-post-thumbnail","6":"product_cat-faerdige-ark","7":"product_cat-samarbejder-med-tatovoerer","9":"first","10":"instock","11":"taxable","12":"shipping-taxable","13":"purchasable","14":"product-type-simple"},"yoast_head":"<!-- This site is optimized with the Yoast SEO Premium plugin v26.2 (Yoast SEO v27.5) - https:\/\/yoast.com\/product\/yoast-seo-premium-wordpress\/ -->\n<title>Flash &quot;Adults Suck&quot; tatoveringer fra Straydogs Tattoo - Like ink<\/title>\n<meta name=\"description\" content=\"Adults Suck tatoveringer til alle barnlige voksne! Overf\u00f8ringstatoveringerne er tegnet af tatov\u00f8ren Matt Machine hos Stray Dogs Tattoo. - Like ink\" \/>\n<meta name=\"robots\" content=\"index, follow, max-snippet:-1, max-image-preview:large, max-video-preview:-1\" \/>\n<link rel=\"canonical\" href=\"https:\/\/likeink.com\/da\/midlertidige-tatoveringer\/adults-suck\/\" \/>\n<meta property=\"og:locale\" content=\"da_DK\" \/>\n<meta property=\"og:type\" content=\"article\" \/>\n<meta property=\"og:title\" content=\"Flash &quot;Adults Suck&quot; by Matt Machine at Straydogs Tattoo\" \/>\n<meta property=\"og:description\" content=\"Like Inks f\u00e6rdige ark med midlertidige tatoveringer er cirka 20x14 cm og fyldt med designet, du ser p\u00e5 billedet. Vi trykker og sender dit ark med disse stilfulde tatoveringer inden for 24 timer efter din bestilling. Tatoveringerne ser godt ud, er af h\u00f8j kvalitet og er nemme at p\u00e5f\u00f8re og vaske af. Like Ink overholder alle EU regler for kosmetiske produkter, s\u00e5 du kan f\u00f8le dig tryg, n\u00e5r du bestiller midlertidige tatoveringer hos os. Bestil midlertidige tatoveringer designet af tatov\u00f8ren Mattias, ogs\u00e5 kendt som Matt Machine Dette ark er designet af den fantastiske tatov\u00f8r &quot;Matt Machine&quot;, en erfaren og meget popul\u00e6r tatov\u00f8r baseret i Kung\u00e4lv. Det er virkelig fedt at kunne tilbyde motiver fra denne super seje tatov\u00f8r!  Dette er Mattias Andersson, ogs\u00e5 kendt som Matt Machine:  Mit navn er Mattias Andersson, ogs\u00e5 kendt som Matt Machine. Et k\u00e6lenavn jeg fik for sjov fra drengene hos Sick Boys Tattoo, efter at jeg tatoverede i over 15 timer i tr\u00e6k en gang til et jubil\u00e6um i mit studie. Jeg beholdt k\u00e6lenavnet \ud83d\ude0a det passer til mig.  Hvem er jeg s\u00e5? Jeg er n\u00e6sten 41 \u00e5r gammel. Jeg er gift, har to b\u00f8rn, en hund og to katte. Jeg k\u00f8rer i en Volvo stationcar og bor i et hus. Jeg lever et klassisk familieliv med fodboldtr\u00e6ning og alt hvad der f\u00f8lger med. Men jeg er m\u00e5ske ikke helt den typiske type selv, men heldigvis kan man altid g\u00f8re sin egen ting i sit &quot;drengev\u00e6relse&quot;, som i mit tilf\u00e6lde er tatov\u00f8rstudiet. Der f\u00f8les det altid helt rigtigt. Der passer alle ind, og alle er velkomne!  Jeg har haft mit eget studie i cirka 12 \u00e5r nu, hvor jeg kun tatoverer efter aftale, ingen drop in. Jeg har elsket tatoveringer siden jeg var 6 \u00e5r gammel og er taknemmelig for alle kunder, der forts\u00e6tter med at komme, b\u00e5de dem fra lokalomr\u00e5det og dem der rejser langt for at blive tatoveret af mig. Alle kunder er vigtige. Sm\u00e5 navnetatoveringer s\u00e5vel som store rygprojekter. Jeg laver alt, jeg f\u00f8ler jeg kan h\u00e5ndtere! Jeg er jo trods alt tatov\u00f8r. Hvis du vil have en stor sort prik, der d\u00e6kker halvdelen af l\u00e5ret, s\u00e5 er det ogs\u00e5 helt fint.  Det f\u00f8les som om jeg er heldig, men i virkeligheden kommer det, man har, fra mange \u00e5rs h\u00e5rdt arbejde. At opbygge en st\u00e6rk kundebase kr\u00e6ver indsats. Tatov\u00f8rjobbet er ikke s\u00e5 rock\u2019n\u2019roll som mange tror. Det er n\u00e6sten et arbejde d\u00f8gnet rundt. Men friheden opvejer det. Friheden til at kunne v\u00e6lge hvordan og hvorn\u00e5r man arbejder. Og det faktum at jeg elsker det, jeg laver! Tatoveringer er simpelthen det bedste \ud83d\ude02\ud83d\udc4d  Kontakt Mattias: Du kan finde mig og alle mine traditionelle v\u00e6rker p\u00e5 sociale medier  Instagram:  @straydogstattoo  Studio:  @straydogstattoo  Adresse:  G\u00f8teborg \/ Kung\u00e4lv\" \/>\n<meta property=\"og:url\" content=\"https:\/\/likeink.com\/da\/midlertidige-tatoveringer\/adults-suck\/\" \/>\n<meta property=\"og:site_name\" content=\"Like ink\" \/>\n<meta property=\"article:publisher\" content=\"https:\/\/www.facebook.com\/LikeInkSe\" \/>\n<meta property=\"article:modified_time\" content=\"2026-04-27T14:14:03+00:00\" \/>\n<meta property=\"og:image\" content=\"https:\/\/likeink.com\/wp-content\/uploads\/2023\/04\/MattMachine-Adults-Suck-Likeink-FakeTattoos.png\" \/>\n\t<meta property=\"og:image:width\" content=\"600\" \/>\n\t<meta property=\"og:image:height\" content=\"422\" \/>\n\t<meta property=\"og:image:type\" content=\"image\/png\" \/>\n<meta name=\"twitter:card\" content=\"summary_large_image\" \/>\n<meta name=\"twitter:label1\" content=\"Estimeret l\u00e6setid\" \/>\n\t<meta name=\"twitter:data1\" content=\"1 minut\" \/>\n<!-- \/ Yoast SEO Premium plugin. -->","yoast_head_json":{"title":"Flash \"Adults Suck\" tatoveringer fra Straydogs Tattoo - Like ink","description":"Adults Suck tatoveringer til alle barnlige voksne! Overf\u00f8ringstatoveringerne er tegnet af tatov\u00f8ren Matt Machine hos Stray Dogs Tattoo. - Like ink","robots":{"index":"index","follow":"follow","max-snippet":"max-snippet:-1","max-image-preview":"max-image-preview:large","max-video-preview":"max-video-preview:-1"},"canonical":"https:\/\/likeink.com\/da\/midlertidige-tatoveringer\/adults-suck\/","og_locale":"da_DK","og_type":"article","og_title":"Flash \"Adults Suck\" by Matt Machine at Straydogs Tattoo","og_description":"Like Inks f\u00e6rdige ark med midlertidige tatoveringer er cirka 20x14 cm og fyldt med designet, du ser p\u00e5 billedet. Vi trykker og sender dit ark med disse stilfulde tatoveringer inden for 24 timer efter din bestilling. Tatoveringerne ser godt ud, er af h\u00f8j kvalitet og er nemme at p\u00e5f\u00f8re og vaske af. Like Ink overholder alle EU regler for kosmetiske produkter, s\u00e5 du kan f\u00f8le dig tryg, n\u00e5r du bestiller midlertidige tatoveringer hos os. Bestil midlertidige tatoveringer designet af tatov\u00f8ren Mattias, ogs\u00e5 kendt som Matt Machine Dette ark er designet af den fantastiske tatov\u00f8r \"Matt Machine\", en erfaren og meget popul\u00e6r tatov\u00f8r baseret i Kung\u00e4lv. Det er virkelig fedt at kunne tilbyde motiver fra denne super seje tatov\u00f8r!  Dette er Mattias Andersson, ogs\u00e5 kendt som Matt Machine:  Mit navn er Mattias Andersson, ogs\u00e5 kendt som Matt Machine. Et k\u00e6lenavn jeg fik for sjov fra drengene hos Sick Boys Tattoo, efter at jeg tatoverede i over 15 timer i tr\u00e6k en gang til et jubil\u00e6um i mit studie. Jeg beholdt k\u00e6lenavnet \ud83d\ude0a det passer til mig.  Hvem er jeg s\u00e5? Jeg er n\u00e6sten 41 \u00e5r gammel. Jeg er gift, har to b\u00f8rn, en hund og to katte. Jeg k\u00f8rer i en Volvo stationcar og bor i et hus. Jeg lever et klassisk familieliv med fodboldtr\u00e6ning og alt hvad der f\u00f8lger med. Men jeg er m\u00e5ske ikke helt den typiske type selv, men heldigvis kan man altid g\u00f8re sin egen ting i sit \"drengev\u00e6relse\", som i mit tilf\u00e6lde er tatov\u00f8rstudiet. Der f\u00f8les det altid helt rigtigt. Der passer alle ind, og alle er velkomne!  Jeg har haft mit eget studie i cirka 12 \u00e5r nu, hvor jeg kun tatoverer efter aftale, ingen drop in. Jeg har elsket tatoveringer siden jeg var 6 \u00e5r gammel og er taknemmelig for alle kunder, der forts\u00e6tter med at komme, b\u00e5de dem fra lokalomr\u00e5det og dem der rejser langt for at blive tatoveret af mig. Alle kunder er vigtige. Sm\u00e5 navnetatoveringer s\u00e5vel som store rygprojekter. Jeg laver alt, jeg f\u00f8ler jeg kan h\u00e5ndtere! Jeg er jo trods alt tatov\u00f8r. Hvis du vil have en stor sort prik, der d\u00e6kker halvdelen af l\u00e5ret, s\u00e5 er det ogs\u00e5 helt fint.  Det f\u00f8les som om jeg er heldig, men i virkeligheden kommer det, man har, fra mange \u00e5rs h\u00e5rdt arbejde. At opbygge en st\u00e6rk kundebase kr\u00e6ver indsats. Tatov\u00f8rjobbet er ikke s\u00e5 rock\u2019n\u2019roll som mange tror. Det er n\u00e6sten et arbejde d\u00f8gnet rundt. Men friheden opvejer det. Friheden til at kunne v\u00e6lge hvordan og hvorn\u00e5r man arbejder. Og det faktum at jeg elsker det, jeg laver! Tatoveringer er simpelthen det bedste \ud83d\ude02\ud83d\udc4d  Kontakt Mattias: Du kan finde mig og alle mine traditionelle v\u00e6rker p\u00e5 sociale medier  Instagram:  @straydogstattoo  Studio:  @straydogstattoo  Adresse:  G\u00f8teborg \/ Kung\u00e4lv","og_url":"https:\/\/likeink.com\/da\/midlertidige-tatoveringer\/adults-suck\/","og_site_name":"Like ink","article_publisher":"https:\/\/www.facebook.com\/LikeInkSe","article_modified_time":"2026-04-27T14:14:03+00:00","og_image":[{"width":600,"height":422,"url":"https:\/\/likeink.com\/wp-content\/uploads\/2023\/04\/MattMachine-Adults-Suck-Likeink-FakeTattoos.png","type":"image\/png"}],"twitter_card":"summary_large_image","twitter_misc":{"Estimeret l\u00e6setid":"1 minut"},"schema":{"@context":"https:\/\/schema.org","@graph":[{"@type":"WebPage","@id":"https:\/\/likeink.com\/da\/midlertidige-tatoveringer\/adults-suck\/","url":"https:\/\/likeink.com\/da\/midlertidige-tatoveringer\/adults-suck\/","name":"Flash \"Adults Suck\" tatoveringer fra Straydogs Tattoo - Like ink","isPartOf":{"@id":"https:\/\/likeink.com\/da\/#website"},"primaryImageOfPage":{"@id":"https:\/\/likeink.com\/da\/midlertidige-tatoveringer\/adults-suck\/#primaryimage"},"image":{"@id":"https:\/\/likeink.com\/da\/midlertidige-tatoveringer\/adults-suck\/#primaryimage"},"thumbnailUrl":"https:\/\/likeink.com\/wp-content\/uploads\/2023\/04\/MattMachine-Adults-Suck-Likeink-FakeTattoos.png","datePublished":"2023-04-18T11:28:31+00:00","dateModified":"2026-04-27T14:14:03+00:00","description":"Adults Suck tatoveringer til alle barnlige voksne! Overf\u00f8ringstatoveringerne er tegnet af tatov\u00f8ren Matt Machine hos Stray Dogs Tattoo. - Like ink","breadcrumb":{"@id":"https:\/\/likeink.com\/da\/midlertidige-tatoveringer\/adults-suck\/#breadcrumb"},"inLanguage":"da-DK","potentialAction":[{"@type":"ReadAction","target":["https:\/\/likeink.com\/da\/midlertidige-tatoveringer\/adults-suck\/"]}]},{"@type":"ImageObject","inLanguage":"da-DK","@id":"https:\/\/likeink.com\/da\/midlertidige-tatoveringer\/adults-suck\/#primaryimage","url":"https:\/\/likeink.com\/wp-content\/uploads\/2023\/04\/MattMachine-Adults-Suck-Likeink-FakeTattoos.png","contentUrl":"https:\/\/likeink.com\/wp-content\/uploads\/2023\/04\/MattMachine-Adults-Suck-Likeink-FakeTattoos.png","width":600,"height":422,"caption":"Flash sheet Matt Machine fake tattoos"},{"@type":"BreadcrumbList","@id":"https:\/\/likeink.com\/da\/midlertidige-tatoveringer\/adults-suck\/#breadcrumb","itemListElement":[{"@type":"ListItem","position":1,"name":"Hem","item":"https:\/\/likeink.com\/da\/"},{"@type":"ListItem","position":2,"name":"Shop","item":"https:\/\/likeink.com\/da\/shop\/"},{"@type":"ListItem","position":3,"name":"Flash &#8220;Adults Suck&#8221; by Matt Machine at Straydogs Tattoo"}]},{"@type":"WebSite","@id":"https:\/\/likeink.com\/da\/#website","url":"https:\/\/likeink.com\/da\/","name":"Like ink","description":"Make your own custom design","potentialAction":[{"@type":"SearchAction","target":{"@type":"EntryPoint","urlTemplate":"https:\/\/likeink.com\/da\/?s={search_term_string}"},"query-input":{"@type":"PropertyValueSpecification","valueRequired":true,"valueName":"search_term_string"}}],"inLanguage":"da-DK"}]}},"_links":{"self":[{"href":"https:\/\/likeink.com\/da\/wp-json\/wp\/v2\/product\/17175","targetHints":{"allow":["GET"]}}],"collection":[{"href":"https:\/\/likeink.com\/da\/wp-json\/wp\/v2\/product"}],"about":[{"href":"https:\/\/likeink.com\/da\/wp-json\/wp\/v2\/types\/product"}],"wp:featuredmedia":[{"embeddable":true,"href":"https:\/\/likeink.com\/da\/wp-json\/wp\/v2\/media\/16589"}],"wp:attachment":[{"href":"https:\/\/likeink.com\/da\/wp-json\/wp\/v2\/media?parent=17175"}],"wp:term":[{"taxonomy":"product_brand","embeddable":true,"href":"https:\/\/likeink.com\/da\/wp-json\/wp\/v2\/product_brand?post=17175"},{"taxonomy":"product_cat","embeddable":true,"href":"https:\/\/likeink.com\/da\/wp-json\/wp\/v2\/product_cat?post=17175"},{"taxonomy":"product_tag","embeddable":true,"href":"https:\/\/likeink.com\/da\/wp-json\/wp\/v2\/product_tag?post=17175"}],"curies":[{"name":"wp","href":"https:\/\/api.w.org\/{rel}","templated":true}]}}