{"id":17187,"date":"2021-03-01T13:27:07","date_gmt":"2021-03-01T13:27:07","guid":{"rendered":"https:\/\/likeink.se\/produkt\/flash-by-lotte-at-malort\/"},"modified":"2024-02-14T15:44:42","modified_gmt":"2024-02-14T15:44:42","slug":"flash-by-lotte-at-malort","status":"publish","type":"product","link":"https:\/\/likeink.com\/da\/midlertidige-tatoveringer\/flash-by-lotte-at-malort\/","title":{"rendered":"Flash &#8220;Mermaid&#8221; by Lotte at Mal\u00f6rt"},"content":{"rendered":"","protected":false},"excerpt":{"rendered":"<p>Our finished disposable sheets with temporary tattoos are approximately 20\u00d715 cm large and filled with the design you see in the picture. To ensure your satisfaction, we will print and send the sheet within 24 hours after you have ordered. This sheet is designed by the talented tattoo artist Lotte at Mal\u00f6rt in Malm\u00f6.<\/p>\n<h2>K\u00f8b Fake-tatoveringer. Design af tatov\u00f8ren Lotte hos Mal\u00f6rt<\/h2>\n<p><strong>This is Lotte:<\/strong> I\u2019m a Tattooer from Norway. I started as an apprentice in 2009 and I have been working in England and Denmark before I but ended up in wonderful Malm\u00f6, where I co-own a beautiful shop called Mal\u00f6rt Tatuering.<br \/>\nI love drawing, painting and tattooing in colour and black and grey. I hope you enjoy these illustrations.<\/p>\n<p><strong>Get in touch with LOTTE<\/strong><\/p>\n<p><strong>Instagram:<\/strong><\/p>\n<p>@lottetattoo<\/p>\n<p><strong>Studio:<\/strong><\/p>\n<p>Mal\u00f6rt Tatuering @malortmalmo<\/p>\n<p><strong>Adress:<\/strong><\/p>\n<p>Friisgatan 10, 211 46 MALM\u00d6<\/p>\n<p><strong>Hemsida:<\/strong> www.malortmalmo.se<\/p>\n","protected":false},"featured_media":60115,"template":"","meta":[],"product_brand":[],"product_cat":[53,163,156],"product_tag":[],"class_list":{"0":"post-17187","1":"product","2":"type-product","3":"status-publish","4":"has-post-thumbnail","6":"product_cat-faerdige-ark","7":"product_cat-sagndyr-tatoveringer","8":"product_cat-samarbejde-med-tatovoerer","10":"first","11":"instock","12":"taxable","13":"shipping-taxable","14":"purchasable","15":"product-type-simple"},"yoast_head":"<!-- This site is optimized with the Yoast SEO Premium plugin v26.2 (Yoast SEO v27.4) - https:\/\/yoast.com\/product\/yoast-seo-premium-wordpress\/ -->\n<title>K\u00f8b Fake-tatoveringer | Design af tatov\u00f8ren Lotte hos Mal\u00f6rt - Like ink<\/title>\n<meta name=\"description\" content=\"K\u00f8b fake-tatoveringer med design fra tatoveringskunstneren Lotte hos Mal\u00f6rt. Design af Mal\u00f6rt Vi giver dig hurtige leverancer &amp; gratis fragt - Like ink\" \/>\n<meta name=\"robots\" content=\"index, follow, max-snippet:-1, max-image-preview:large, max-video-preview:-1\" \/>\n<link rel=\"canonical\" href=\"https:\/\/likeink.com\/da\/midlertidige-tatoveringer\/flash-by-lotte-at-malort\/\" \/>\n<meta property=\"og:locale\" content=\"da_DK\" \/>\n<meta property=\"og:type\" content=\"article\" \/>\n<meta property=\"og:title\" content=\"Flash &quot;Mermaid&quot; by Lotte at Mal\u00f6rt\" \/>\n<meta property=\"og:description\" content=\"Our finished disposable sheets with temporary tattoos are approximately 20\u00d715 cm large and filled with the design you see in the picture. To ensure your satisfaction, we will print and send the sheet within 24 hours after you have ordered. This sheet is designed by the talented tattoo artist Lotte at Mal\u00f6rt in Malm\u00f6.  K\u00f8b Fake-tatoveringer. Design af tatov\u00f8ren Lotte hos Mal\u00f6rt  This is Lotte: I\u2019m a Tattooer from Norway. I started as an apprentice in 2009 and I have been working in England and Denmark before I but ended up in wonderful Malm\u00f6, where I co-own a beautiful shop called Mal\u00f6rt Tatuering. I love drawing, painting and tattooing in colour and black and grey. I hope you enjoy these illustrations.  Get in touch with LOTTE  Instagram:  @lottetattoo  Studio:  Mal\u00f6rt Tatuering @malortmalmo  Adress:  Friisgatan 10, 211 46 MALM\u00d6  Hemsida: www.malortmalmo.se\" \/>\n<meta property=\"og:url\" content=\"https:\/\/likeink.com\/da\/midlertidige-tatoveringer\/flash-by-lotte-at-malort\/\" \/>\n<meta property=\"og:site_name\" content=\"Like ink\" \/>\n<meta property=\"article:publisher\" content=\"https:\/\/www.facebook.com\/LikeInkSe\" \/>\n<meta property=\"article:modified_time\" content=\"2024-02-14T15:44:42+00:00\" \/>\n<meta property=\"og:image\" content=\"https:\/\/likeink.com\/wp-content\/uploads\/2021\/03\/Malort-Tatuering-Web-e1642703743804.png\" \/>\n\t<meta property=\"og:image:width\" content=\"400\" \/>\n\t<meta property=\"og:image:height\" content=\"282\" \/>\n\t<meta property=\"og:image:type\" content=\"image\/png\" \/>\n<meta name=\"twitter:card\" content=\"summary_large_image\" \/>\n<script type=\"application\/ld+json\" class=\"yoast-schema-graph\">{\"@context\":\"https:\\\/\\\/schema.org\",\"@graph\":[{\"@type\":\"WebPage\",\"@id\":\"https:\\\/\\\/likeink.com\\\/da\\\/midlertidige-tatoveringer\\\/flash-by-lotte-at-malort\\\/\",\"url\":\"https:\\\/\\\/likeink.com\\\/da\\\/midlertidige-tatoveringer\\\/flash-by-lotte-at-malort\\\/\",\"name\":\"K\u00f8b Fake-tatoveringer | Design af tatov\u00f8ren Lotte hos Mal\u00f6rt - Like ink\",\"isPartOf\":{\"@id\":\"https:\\\/\\\/likeink.com\\\/da\\\/#website\"},\"primaryImageOfPage\":{\"@id\":\"https:\\\/\\\/likeink.com\\\/da\\\/midlertidige-tatoveringer\\\/flash-by-lotte-at-malort\\\/#primaryimage\"},\"image\":{\"@id\":\"https:\\\/\\\/likeink.com\\\/da\\\/midlertidige-tatoveringer\\\/flash-by-lotte-at-malort\\\/#primaryimage\"},\"thumbnailUrl\":\"https:\\\/\\\/likeink.com\\\/wp-content\\\/uploads\\\/2026\\\/03\\\/Malort-Malmo-Tattoo-likeink.jpg\",\"datePublished\":\"2021-03-01T13:27:07+00:00\",\"dateModified\":\"2024-02-14T15:44:42+00:00\",\"description\":\"K\u00f8b fake-tatoveringer med design fra tatoveringskunstneren Lotte hos Mal\u00f6rt. Design af Mal\u00f6rt Vi giver dig hurtige leverancer & gratis fragt - Like ink\",\"breadcrumb\":{\"@id\":\"https:\\\/\\\/likeink.com\\\/da\\\/midlertidige-tatoveringer\\\/flash-by-lotte-at-malort\\\/#breadcrumb\"},\"inLanguage\":\"da-DK\",\"potentialAction\":[{\"@type\":\"ReadAction\",\"target\":[\"https:\\\/\\\/likeink.com\\\/da\\\/midlertidige-tatoveringer\\\/flash-by-lotte-at-malort\\\/\"]}]},{\"@type\":\"ImageObject\",\"inLanguage\":\"da-DK\",\"@id\":\"https:\\\/\\\/likeink.com\\\/da\\\/midlertidige-tatoveringer\\\/flash-by-lotte-at-malort\\\/#primaryimage\",\"url\":\"https:\\\/\\\/likeink.com\\\/wp-content\\\/uploads\\\/2026\\\/03\\\/Malort-Malmo-Tattoo-likeink.jpg\",\"contentUrl\":\"https:\\\/\\\/likeink.com\\\/wp-content\\\/uploads\\\/2026\\\/03\\\/Malort-Malmo-Tattoo-likeink.jpg\",\"width\":1800,\"height\":1268,\"caption\":\"Et farverigt tatoveringsark med to havfruer, slanger, delfiner, edderkopper, udsmykkede blomster, muslingeskaller og et dekorativt Mal\u00f6rt T\u00e4towierung & Unterirdische Kultur-banner i midten.\"},{\"@type\":\"BreadcrumbList\",\"@id\":\"https:\\\/\\\/likeink.com\\\/da\\\/midlertidige-tatoveringer\\\/flash-by-lotte-at-malort\\\/#breadcrumb\",\"itemListElement\":[{\"@type\":\"ListItem\",\"position\":1,\"name\":\"Hem\",\"item\":\"https:\\\/\\\/likeink.com\\\/da\\\/\"},{\"@type\":\"ListItem\",\"position\":2,\"name\":\"Shop\",\"item\":\"https:\\\/\\\/likeink.com\\\/da\\\/shop\\\/\"},{\"@type\":\"ListItem\",\"position\":3,\"name\":\"Flash &#8220;Mermaid&#8221; by Lotte at Mal\u00f6rt\"}]},{\"@type\":\"WebSite\",\"@id\":\"https:\\\/\\\/likeink.com\\\/da\\\/#website\",\"url\":\"https:\\\/\\\/likeink.com\\\/da\\\/\",\"name\":\"Like ink\",\"description\":\"Make your own custom design\",\"potentialAction\":[{\"@type\":\"SearchAction\",\"target\":{\"@type\":\"EntryPoint\",\"urlTemplate\":\"https:\\\/\\\/likeink.com\\\/da\\\/?s={search_term_string}\"},\"query-input\":{\"@type\":\"PropertyValueSpecification\",\"valueRequired\":true,\"valueName\":\"search_term_string\"}}],\"inLanguage\":\"da-DK\"}]}<\/script>\n<!-- \/ Yoast SEO Premium plugin. -->","yoast_head_json":{"title":"K\u00f8b Fake-tatoveringer | Design af tatov\u00f8ren Lotte hos Mal\u00f6rt - Like ink","description":"K\u00f8b fake-tatoveringer med design fra tatoveringskunstneren Lotte hos Mal\u00f6rt. Design af Mal\u00f6rt Vi giver dig hurtige leverancer & gratis fragt - Like ink","robots":{"index":"index","follow":"follow","max-snippet":"max-snippet:-1","max-image-preview":"max-image-preview:large","max-video-preview":"max-video-preview:-1"},"canonical":"https:\/\/likeink.com\/da\/midlertidige-tatoveringer\/flash-by-lotte-at-malort\/","og_locale":"da_DK","og_type":"article","og_title":"Flash \"Mermaid\" by Lotte at Mal\u00f6rt","og_description":"Our finished disposable sheets with temporary tattoos are approximately 20\u00d715 cm large and filled with the design you see in the picture. To ensure your satisfaction, we will print and send the sheet within 24 hours after you have ordered. This sheet is designed by the talented tattoo artist Lotte at Mal\u00f6rt in Malm\u00f6.  K\u00f8b Fake-tatoveringer. Design af tatov\u00f8ren Lotte hos Mal\u00f6rt  This is Lotte: I\u2019m a Tattooer from Norway. I started as an apprentice in 2009 and I have been working in England and Denmark before I but ended up in wonderful Malm\u00f6, where I co-own a beautiful shop called Mal\u00f6rt Tatuering. I love drawing, painting and tattooing in colour and black and grey. I hope you enjoy these illustrations.  Get in touch with LOTTE  Instagram:  @lottetattoo  Studio:  Mal\u00f6rt Tatuering @malortmalmo  Adress:  Friisgatan 10, 211 46 MALM\u00d6  Hemsida: www.malortmalmo.se","og_url":"https:\/\/likeink.com\/da\/midlertidige-tatoveringer\/flash-by-lotte-at-malort\/","og_site_name":"Like ink","article_publisher":"https:\/\/www.facebook.com\/LikeInkSe","article_modified_time":"2024-02-14T15:44:42+00:00","og_image":[{"width":400,"height":282,"url":"https:\/\/likeink.com\/wp-content\/uploads\/2021\/03\/Malort-Tatuering-Web-e1642703743804.png","type":"image\/png"}],"twitter_card":"summary_large_image","schema":{"@context":"https:\/\/schema.org","@graph":[{"@type":"WebPage","@id":"https:\/\/likeink.com\/da\/midlertidige-tatoveringer\/flash-by-lotte-at-malort\/","url":"https:\/\/likeink.com\/da\/midlertidige-tatoveringer\/flash-by-lotte-at-malort\/","name":"K\u00f8b Fake-tatoveringer | Design af tatov\u00f8ren Lotte hos Mal\u00f6rt - Like ink","isPartOf":{"@id":"https:\/\/likeink.com\/da\/#website"},"primaryImageOfPage":{"@id":"https:\/\/likeink.com\/da\/midlertidige-tatoveringer\/flash-by-lotte-at-malort\/#primaryimage"},"image":{"@id":"https:\/\/likeink.com\/da\/midlertidige-tatoveringer\/flash-by-lotte-at-malort\/#primaryimage"},"thumbnailUrl":"https:\/\/likeink.com\/wp-content\/uploads\/2026\/03\/Malort-Malmo-Tattoo-likeink.jpg","datePublished":"2021-03-01T13:27:07+00:00","dateModified":"2024-02-14T15:44:42+00:00","description":"K\u00f8b fake-tatoveringer med design fra tatoveringskunstneren Lotte hos Mal\u00f6rt. Design af Mal\u00f6rt Vi giver dig hurtige leverancer & gratis fragt - Like ink","breadcrumb":{"@id":"https:\/\/likeink.com\/da\/midlertidige-tatoveringer\/flash-by-lotte-at-malort\/#breadcrumb"},"inLanguage":"da-DK","potentialAction":[{"@type":"ReadAction","target":["https:\/\/likeink.com\/da\/midlertidige-tatoveringer\/flash-by-lotte-at-malort\/"]}]},{"@type":"ImageObject","inLanguage":"da-DK","@id":"https:\/\/likeink.com\/da\/midlertidige-tatoveringer\/flash-by-lotte-at-malort\/#primaryimage","url":"https:\/\/likeink.com\/wp-content\/uploads\/2026\/03\/Malort-Malmo-Tattoo-likeink.jpg","contentUrl":"https:\/\/likeink.com\/wp-content\/uploads\/2026\/03\/Malort-Malmo-Tattoo-likeink.jpg","width":1800,"height":1268,"caption":"Et farverigt tatoveringsark med to havfruer, slanger, delfiner, edderkopper, udsmykkede blomster, muslingeskaller og et dekorativt Mal\u00f6rt T\u00e4towierung & Unterirdische Kultur-banner i midten."},{"@type":"BreadcrumbList","@id":"https:\/\/likeink.com\/da\/midlertidige-tatoveringer\/flash-by-lotte-at-malort\/#breadcrumb","itemListElement":[{"@type":"ListItem","position":1,"name":"Hem","item":"https:\/\/likeink.com\/da\/"},{"@type":"ListItem","position":2,"name":"Shop","item":"https:\/\/likeink.com\/da\/shop\/"},{"@type":"ListItem","position":3,"name":"Flash &#8220;Mermaid&#8221; by Lotte at Mal\u00f6rt"}]},{"@type":"WebSite","@id":"https:\/\/likeink.com\/da\/#website","url":"https:\/\/likeink.com\/da\/","name":"Like ink","description":"Make your own custom design","potentialAction":[{"@type":"SearchAction","target":{"@type":"EntryPoint","urlTemplate":"https:\/\/likeink.com\/da\/?s={search_term_string}"},"query-input":{"@type":"PropertyValueSpecification","valueRequired":true,"valueName":"search_term_string"}}],"inLanguage":"da-DK"}]}},"_links":{"self":[{"href":"https:\/\/likeink.com\/da\/wp-json\/wp\/v2\/product\/17187","targetHints":{"allow":["GET"]}}],"collection":[{"href":"https:\/\/likeink.com\/da\/wp-json\/wp\/v2\/product"}],"about":[{"href":"https:\/\/likeink.com\/da\/wp-json\/wp\/v2\/types\/product"}],"wp:featuredmedia":[{"embeddable":true,"href":"https:\/\/likeink.com\/da\/wp-json\/wp\/v2\/media\/60115"}],"wp:attachment":[{"href":"https:\/\/likeink.com\/da\/wp-json\/wp\/v2\/media?parent=17187"}],"wp:term":[{"taxonomy":"product_brand","embeddable":true,"href":"https:\/\/likeink.com\/da\/wp-json\/wp\/v2\/product_brand?post=17187"},{"taxonomy":"product_cat","embeddable":true,"href":"https:\/\/likeink.com\/da\/wp-json\/wp\/v2\/product_cat?post=17187"},{"taxonomy":"product_tag","embeddable":true,"href":"https:\/\/likeink.com\/da\/wp-json\/wp\/v2\/product_tag?post=17187"}],"curies":[{"name":"wp","href":"https:\/\/api.w.org\/{rel}","templated":true}]}}