{"id":17205,"date":"2021-02-18T13:38:07","date_gmt":"2021-02-18T13:38:07","guid":{"rendered":"https:\/\/likeink.se\/produkt\/flash-2-by-kain-at-zoi-tattoo\/"},"modified":"2024-03-20T08:54:15","modified_gmt":"2024-03-20T08:54:15","slug":"flash-pain-by-kain-at-zoi-tattoo","status":"publish","type":"product","link":"https:\/\/likeink.com\/da\/midlertidige-tatoveringer\/flash-pain-by-kain-at-zoi-tattoo\/","title":{"rendered":"Flash &#8220;Pain&#8221; by Kain Toro at Zoi Tattoo"},"content":{"rendered":"","protected":false},"excerpt":{"rendered":"<p>Our finished disposable sheets with temporary tattoos are approximately 20\u00d715 cm large and filled with the design you see in the picture. To ensure your satisfaction, we will print and send the sheet within 24 hours after you have ordered.<\/p>\n<h2>Disposable Tattoos Flash 2 by Kain<\/h2>\n<p>This sheet is designed by the talented tattoo artist Kain Toro at Zoi Tattoo.<\/p>\n<p><strong>This is Kain:<\/strong> Super talented tattoo artist from Colombia that works on Zoi Tattoo in Malm\u00f6, Sweden. Kain loves black n gray, sculls and rock n` roll. A few years ago, Kain tattooed an anchor on my forearm. I was impressed with how fast he tattooed, how fine the lines became and his sense of details.<br \/>\nWe are stoked to offer a few of Kain`s designs as temporary tattoos!<\/p>\n<p><strong>Get in touch with Kain:<\/strong><\/p>\n<p><strong>Instagram:<\/strong><\/p>\n<p>@6kain6<\/p>\n<p><strong>Studio:<\/strong><\/p>\n<p>Zoi Tattoo<\/p>\n<p><strong>Adress:<\/strong><\/p>\n<p>Stora Nygatan 42, MALM\u00d6<\/p>\n<p><strong>Hemsida:<\/strong> https:\/\/www.zoitattoo.com<\/p>\n","protected":false},"featured_media":25714,"template":"","meta":[],"product_brand":[],"product_cat":[53,156],"product_tag":[],"class_list":{"0":"post-17205","1":"product","2":"type-product","3":"status-publish","4":"has-post-thumbnail","6":"product_cat-faerdige-ark","7":"product_cat-samarbejde-med-tatovoerer","9":"first","10":"instock","11":"taxable","12":"shipping-taxable","13":"purchasable","14":"product-type-simple"},"yoast_head":"<!-- This site is optimized with the Yoast SEO Premium plugin v26.2 (Yoast SEO v27.4) - https:\/\/yoast.com\/product\/yoast-seo-premium-wordpress\/ -->\n<title>K\u00f8b engangstatoveringer designet af tatov\u00f8rer - Like ink<\/title>\n<meta name=\"description\" content=\"K\u00f8b engangstatoveringer designet af tatov\u00f8ren Kain hos Zoi Tattoo. - Hurtig levering &amp; gratis fragt Kvalitets fake-tatoveringer - Like ink\" \/>\n<meta name=\"robots\" content=\"index, follow, max-snippet:-1, max-image-preview:large, max-video-preview:-1\" \/>\n<link rel=\"canonical\" href=\"https:\/\/likeink.com\/da\/midlertidige-tatoveringer\/flash-pain-by-kain-at-zoi-tattoo\/\" \/>\n<meta property=\"og:locale\" content=\"da_DK\" \/>\n<meta property=\"og:type\" content=\"article\" \/>\n<meta property=\"og:title\" content=\"Flash &quot;Pain&quot; by Kain Toro at Zoi Tattoo\" \/>\n<meta property=\"og:description\" content=\"Our finished disposable sheets with temporary tattoos are approximately 20\u00d715 cm large and filled with the design you see in the picture. To ensure your satisfaction, we will print and send the sheet within 24 hours after you have ordered. Disposable Tattoos Flash 2 by Kain This sheet is designed by the talented tattoo artist Kain Toro at Zoi Tattoo.  This is Kain: Super talented tattoo artist from Colombia that works on Zoi Tattoo in Malm\u00f6, Sweden. Kain loves black n gray, sculls and rock n` roll. A few years ago, Kain tattooed an anchor on my forearm. I was impressed with how fast he tattooed, how fine the lines became and his sense of details. We are stoked to offer a few of Kain`s designs as temporary tattoos!  Get in touch with Kain:  Instagram:  @6kain6  Studio:  Zoi Tattoo  Adress:  Stora Nygatan 42, MALM\u00d6  Hemsida: https:\/\/www.zoitattoo.com\" \/>\n<meta property=\"og:url\" content=\"https:\/\/likeink.com\/da\/midlertidige-tatoveringer\/flash-pain-by-kain-at-zoi-tattoo\/\" \/>\n<meta property=\"og:site_name\" content=\"Like ink\" \/>\n<meta property=\"article:publisher\" content=\"https:\/\/www.facebook.com\/LikeInkSe\" \/>\n<meta property=\"article:modified_time\" content=\"2024-03-20T08:54:15+00:00\" \/>\n<meta property=\"og:image\" content=\"https:\/\/likeink.com\/wp-content\/uploads\/2021\/02\/Kain3-TRYCK-e1642703825427.jpg\" \/>\n\t<meta property=\"og:image:width\" content=\"800\" \/>\n\t<meta property=\"og:image:height\" content=\"564\" \/>\n\t<meta property=\"og:image:type\" content=\"image\/jpeg\" \/>\n<meta name=\"twitter:card\" content=\"summary_large_image\" \/>\n<script type=\"application\/ld+json\" class=\"yoast-schema-graph\">{\"@context\":\"https:\\\/\\\/schema.org\",\"@graph\":[{\"@type\":\"WebPage\",\"@id\":\"https:\\\/\\\/likeink.com\\\/da\\\/midlertidige-tatoveringer\\\/flash-pain-by-kain-at-zoi-tattoo\\\/\",\"url\":\"https:\\\/\\\/likeink.com\\\/da\\\/midlertidige-tatoveringer\\\/flash-pain-by-kain-at-zoi-tattoo\\\/\",\"name\":\"K\u00f8b engangstatoveringer designet af tatov\u00f8rer - Like ink\",\"isPartOf\":{\"@id\":\"https:\\\/\\\/likeink.com\\\/da\\\/#website\"},\"primaryImageOfPage\":{\"@id\":\"https:\\\/\\\/likeink.com\\\/da\\\/midlertidige-tatoveringer\\\/flash-pain-by-kain-at-zoi-tattoo\\\/#primaryimage\"},\"image\":{\"@id\":\"https:\\\/\\\/likeink.com\\\/da\\\/midlertidige-tatoveringer\\\/flash-pain-by-kain-at-zoi-tattoo\\\/#primaryimage\"},\"thumbnailUrl\":\"https:\\\/\\\/likeink.com\\\/wp-content\\\/uploads\\\/2021\\\/02\\\/Kain3-TRYCK-e1642703825427.jpg\",\"datePublished\":\"2021-02-18T13:38:07+00:00\",\"dateModified\":\"2024-03-20T08:54:15+00:00\",\"description\":\"K\u00f8b engangstatoveringer designet af tatov\u00f8ren Kain hos Zoi Tattoo. - Hurtig levering & gratis fragt Kvalitets fake-tatoveringer - Like ink\",\"breadcrumb\":{\"@id\":\"https:\\\/\\\/likeink.com\\\/da\\\/midlertidige-tatoveringer\\\/flash-pain-by-kain-at-zoi-tattoo\\\/#breadcrumb\"},\"inLanguage\":\"da-DK\",\"potentialAction\":[{\"@type\":\"ReadAction\",\"target\":[\"https:\\\/\\\/likeink.com\\\/da\\\/midlertidige-tatoveringer\\\/flash-pain-by-kain-at-zoi-tattoo\\\/\"]}]},{\"@type\":\"ImageObject\",\"inLanguage\":\"da-DK\",\"@id\":\"https:\\\/\\\/likeink.com\\\/da\\\/midlertidige-tatoveringer\\\/flash-pain-by-kain-at-zoi-tattoo\\\/#primaryimage\",\"url\":\"https:\\\/\\\/likeink.com\\\/wp-content\\\/uploads\\\/2021\\\/02\\\/Kain3-TRYCK-e1642703825427.jpg\",\"contentUrl\":\"https:\\\/\\\/likeink.com\\\/wp-content\\\/uploads\\\/2021\\\/02\\\/Kain3-TRYCK-e1642703825427.jpg\",\"width\":800,\"height\":564,\"caption\":\"Tatueringsdesigns av Kain p\u00e5 Zoi Tattoo.\"},{\"@type\":\"BreadcrumbList\",\"@id\":\"https:\\\/\\\/likeink.com\\\/da\\\/midlertidige-tatoveringer\\\/flash-pain-by-kain-at-zoi-tattoo\\\/#breadcrumb\",\"itemListElement\":[{\"@type\":\"ListItem\",\"position\":1,\"name\":\"Hem\",\"item\":\"https:\\\/\\\/likeink.com\\\/da\\\/\"},{\"@type\":\"ListItem\",\"position\":2,\"name\":\"Shop\",\"item\":\"https:\\\/\\\/likeink.com\\\/da\\\/shop\\\/\"},{\"@type\":\"ListItem\",\"position\":3,\"name\":\"Flash &#8220;Pain&#8221; by Kain Toro at Zoi Tattoo\"}]},{\"@type\":\"WebSite\",\"@id\":\"https:\\\/\\\/likeink.com\\\/da\\\/#website\",\"url\":\"https:\\\/\\\/likeink.com\\\/da\\\/\",\"name\":\"Like ink\",\"description\":\"Make your own custom design\",\"potentialAction\":[{\"@type\":\"SearchAction\",\"target\":{\"@type\":\"EntryPoint\",\"urlTemplate\":\"https:\\\/\\\/likeink.com\\\/da\\\/?s={search_term_string}\"},\"query-input\":{\"@type\":\"PropertyValueSpecification\",\"valueRequired\":true,\"valueName\":\"search_term_string\"}}],\"inLanguage\":\"da-DK\"}]}<\/script>\n<!-- \/ Yoast SEO Premium plugin. -->","yoast_head_json":{"title":"K\u00f8b engangstatoveringer designet af tatov\u00f8rer - Like ink","description":"K\u00f8b engangstatoveringer designet af tatov\u00f8ren Kain hos Zoi Tattoo. - Hurtig levering & gratis fragt Kvalitets fake-tatoveringer - Like ink","robots":{"index":"index","follow":"follow","max-snippet":"max-snippet:-1","max-image-preview":"max-image-preview:large","max-video-preview":"max-video-preview:-1"},"canonical":"https:\/\/likeink.com\/da\/midlertidige-tatoveringer\/flash-pain-by-kain-at-zoi-tattoo\/","og_locale":"da_DK","og_type":"article","og_title":"Flash \"Pain\" by Kain Toro at Zoi Tattoo","og_description":"Our finished disposable sheets with temporary tattoos are approximately 20\u00d715 cm large and filled with the design you see in the picture. To ensure your satisfaction, we will print and send the sheet within 24 hours after you have ordered. Disposable Tattoos Flash 2 by Kain This sheet is designed by the talented tattoo artist Kain Toro at Zoi Tattoo.  This is Kain: Super talented tattoo artist from Colombia that works on Zoi Tattoo in Malm\u00f6, Sweden. Kain loves black n gray, sculls and rock n` roll. A few years ago, Kain tattooed an anchor on my forearm. I was impressed with how fast he tattooed, how fine the lines became and his sense of details. We are stoked to offer a few of Kain`s designs as temporary tattoos!  Get in touch with Kain:  Instagram:  @6kain6  Studio:  Zoi Tattoo  Adress:  Stora Nygatan 42, MALM\u00d6  Hemsida: https:\/\/www.zoitattoo.com","og_url":"https:\/\/likeink.com\/da\/midlertidige-tatoveringer\/flash-pain-by-kain-at-zoi-tattoo\/","og_site_name":"Like ink","article_publisher":"https:\/\/www.facebook.com\/LikeInkSe","article_modified_time":"2024-03-20T08:54:15+00:00","og_image":[{"width":800,"height":564,"url":"https:\/\/likeink.com\/wp-content\/uploads\/2021\/02\/Kain3-TRYCK-e1642703825427.jpg","type":"image\/jpeg"}],"twitter_card":"summary_large_image","schema":{"@context":"https:\/\/schema.org","@graph":[{"@type":"WebPage","@id":"https:\/\/likeink.com\/da\/midlertidige-tatoveringer\/flash-pain-by-kain-at-zoi-tattoo\/","url":"https:\/\/likeink.com\/da\/midlertidige-tatoveringer\/flash-pain-by-kain-at-zoi-tattoo\/","name":"K\u00f8b engangstatoveringer designet af tatov\u00f8rer - Like ink","isPartOf":{"@id":"https:\/\/likeink.com\/da\/#website"},"primaryImageOfPage":{"@id":"https:\/\/likeink.com\/da\/midlertidige-tatoveringer\/flash-pain-by-kain-at-zoi-tattoo\/#primaryimage"},"image":{"@id":"https:\/\/likeink.com\/da\/midlertidige-tatoveringer\/flash-pain-by-kain-at-zoi-tattoo\/#primaryimage"},"thumbnailUrl":"https:\/\/likeink.com\/wp-content\/uploads\/2021\/02\/Kain3-TRYCK-e1642703825427.jpg","datePublished":"2021-02-18T13:38:07+00:00","dateModified":"2024-03-20T08:54:15+00:00","description":"K\u00f8b engangstatoveringer designet af tatov\u00f8ren Kain hos Zoi Tattoo. - Hurtig levering & gratis fragt Kvalitets fake-tatoveringer - Like ink","breadcrumb":{"@id":"https:\/\/likeink.com\/da\/midlertidige-tatoveringer\/flash-pain-by-kain-at-zoi-tattoo\/#breadcrumb"},"inLanguage":"da-DK","potentialAction":[{"@type":"ReadAction","target":["https:\/\/likeink.com\/da\/midlertidige-tatoveringer\/flash-pain-by-kain-at-zoi-tattoo\/"]}]},{"@type":"ImageObject","inLanguage":"da-DK","@id":"https:\/\/likeink.com\/da\/midlertidige-tatoveringer\/flash-pain-by-kain-at-zoi-tattoo\/#primaryimage","url":"https:\/\/likeink.com\/wp-content\/uploads\/2021\/02\/Kain3-TRYCK-e1642703825427.jpg","contentUrl":"https:\/\/likeink.com\/wp-content\/uploads\/2021\/02\/Kain3-TRYCK-e1642703825427.jpg","width":800,"height":564,"caption":"Tatueringsdesigns av Kain p\u00e5 Zoi Tattoo."},{"@type":"BreadcrumbList","@id":"https:\/\/likeink.com\/da\/midlertidige-tatoveringer\/flash-pain-by-kain-at-zoi-tattoo\/#breadcrumb","itemListElement":[{"@type":"ListItem","position":1,"name":"Hem","item":"https:\/\/likeink.com\/da\/"},{"@type":"ListItem","position":2,"name":"Shop","item":"https:\/\/likeink.com\/da\/shop\/"},{"@type":"ListItem","position":3,"name":"Flash &#8220;Pain&#8221; by Kain Toro at Zoi Tattoo"}]},{"@type":"WebSite","@id":"https:\/\/likeink.com\/da\/#website","url":"https:\/\/likeink.com\/da\/","name":"Like ink","description":"Make your own custom design","potentialAction":[{"@type":"SearchAction","target":{"@type":"EntryPoint","urlTemplate":"https:\/\/likeink.com\/da\/?s={search_term_string}"},"query-input":{"@type":"PropertyValueSpecification","valueRequired":true,"valueName":"search_term_string"}}],"inLanguage":"da-DK"}]}},"_links":{"self":[{"href":"https:\/\/likeink.com\/da\/wp-json\/wp\/v2\/product\/17205","targetHints":{"allow":["GET"]}}],"collection":[{"href":"https:\/\/likeink.com\/da\/wp-json\/wp\/v2\/product"}],"about":[{"href":"https:\/\/likeink.com\/da\/wp-json\/wp\/v2\/types\/product"}],"wp:featuredmedia":[{"embeddable":true,"href":"https:\/\/likeink.com\/da\/wp-json\/wp\/v2\/media\/25714"}],"wp:attachment":[{"href":"https:\/\/likeink.com\/da\/wp-json\/wp\/v2\/media?parent=17205"}],"wp:term":[{"taxonomy":"product_brand","embeddable":true,"href":"https:\/\/likeink.com\/da\/wp-json\/wp\/v2\/product_brand?post=17205"},{"taxonomy":"product_cat","embeddable":true,"href":"https:\/\/likeink.com\/da\/wp-json\/wp\/v2\/product_cat?post=17205"},{"taxonomy":"product_tag","embeddable":true,"href":"https:\/\/likeink.com\/da\/wp-json\/wp\/v2\/product_tag?post=17205"}],"curies":[{"name":"wp","href":"https:\/\/api.w.org\/{rel}","templated":true}]}}