{"id":17515,"date":"2023-04-21T14:03:51","date_gmt":"2023-04-21T14:03:51","guid":{"rendered":"https:\/\/likeink.se\/gnuggis\/djurens-ratt-save-animals\/"},"modified":"2025-11-06T06:47:25","modified_gmt":"2025-11-06T06:47:25","slug":"djurens-ratt-save-animals","status":"publish","type":"product","link":"https:\/\/likeink.com\/da\/midlertidige-tatoveringer\/djurens-ratt-save-animals\/","title":{"rendered":"Djurens R\u00e4tt Save Animals"},"content":{"rendered":"","protected":false},"excerpt":{"rendered":"<p>Tatover dig midlertidigt til fordel for dyrene med fake-tatoveringer fra os hos Like ink!<br \/>\nLike ink trykker flotte, veganske og allergitestede fake-tatoveringer, som nu er m\u00e6rket med Djurens R\u00e4tts I&#8217;M VEGAN.<br \/>\nLige nu har vi en kampagne sammen med Djurens R\u00e4tt! 30% af oms\u00e6tningen p\u00e5 f\u00e6rdigdesignede ark i kategorien Djurens R\u00e4tt i Like inks webshop g\u00e5r til Dyrenes Rettigheders arbejde for at forbedre forholdene for dyrene i Sverige, der har det v\u00e6rst.<\/p>\n<h2>Bestil fake-tatoveringer og st\u00f8t Djurens R\u00e4tt<\/h2>\n<p>Et A5 ark koster 98 kr, og der er rabat, jo flere ark du bestiller! Shop l\u00f8s nu og husk at tagge alle billeder af disse fake-tatoveringer med @likeinkse p\u00e5 Instagram og TikTok, vi donerer 10 kr ekstra per tag, og deler selvf\u00f8lgelig ogs\u00e5 dit billede.<\/p>\n<p>Storlek ark: A5<br \/>\nStorlek tatovering: Dyren er 4-5 cm<\/p>\n","protected":false},"featured_media":17036,"template":"","meta":[],"product_brand":[],"product_cat":[53,288],"product_tag":[],"class_list":{"0":"post-17515","1":"product","2":"type-product","3":"status-publish","4":"has-post-thumbnail","6":"product_cat-faerdige-ark","7":"product_cat-velgoerenhed","9":"first","10":"instock","11":"taxable","12":"shipping-taxable","13":"purchasable","14":"product-type-simple"},"yoast_head":"<!-- This site is optimized with the Yoast SEO Premium plugin v26.2 (Yoast SEO v27.4) - https:\/\/yoast.com\/product\/yoast-seo-premium-wordpress\/ -->\n<title>Djurens R\u00e4tt &quot;Save Animals&quot; fake tatoveringer i A5 \u2013 Like Ink<\/title>\n<meta name=\"description\" content=\"30% af oms\u00e6tningen g\u00e5r til Djurens R\u00e4tt! Bestil et ark med flotte, veganske og allergivenlige fake-tatoveringer for 98 kr. - Like ink\" \/>\n<meta name=\"robots\" content=\"index, follow, max-snippet:-1, max-image-preview:large, max-video-preview:-1\" \/>\n<link rel=\"canonical\" href=\"https:\/\/likeink.com\/da\/midlertidige-tatoveringer\/djurens-ratt-save-animals\/\" \/>\n<meta property=\"og:locale\" content=\"da_DK\" \/>\n<meta property=\"og:type\" content=\"article\" \/>\n<meta property=\"og:title\" content=\"Djurens R\u00e4tt Save Animals\" \/>\n<meta property=\"og:description\" content=\"Tatover dig midlertidigt til fordel for dyrene med fake-tatoveringer fra os hos Like ink! Like ink trykker flotte, veganske og allergitestede fake-tatoveringer, som nu er m\u00e6rket med Djurens R\u00e4tts I&#039;M VEGAN. Lige nu har vi en kampagne sammen med Djurens R\u00e4tt! 30% af oms\u00e6tningen p\u00e5 f\u00e6rdigdesignede ark i kategorien Djurens R\u00e4tt i Like inks webshop g\u00e5r til Dyrenes Rettigheders arbejde for at forbedre forholdene for dyrene i Sverige, der har det v\u00e6rst. Bestil fake-tatoveringer og st\u00f8t Djurens R\u00e4tt Et A5 ark koster 98 kr, og der er rabat, jo flere ark du bestiller! Shop l\u00f8s nu og husk at tagge alle billeder af disse fake-tatoveringer med @likeinkse p\u00e5 Instagram og TikTok, vi donerer 10 kr ekstra per tag, og deler selvf\u00f8lgelig ogs\u00e5 dit billede.  Storlek ark: A5 Storlek tatovering: Dyren er 4-5 cm\" \/>\n<meta property=\"og:url\" content=\"https:\/\/likeink.com\/da\/midlertidige-tatoveringer\/djurens-ratt-save-animals\/\" \/>\n<meta property=\"og:site_name\" content=\"Like ink\" \/>\n<meta property=\"article:publisher\" content=\"https:\/\/www.facebook.com\/LikeInkSe\" \/>\n<meta property=\"article:modified_time\" content=\"2025-11-06T06:47:25+00:00\" \/>\n<meta property=\"og:image\" content=\"https:\/\/likeink.com\/wp-content\/uploads\/2023\/04\/IMVEGAN-Djurensratt-Tatueringar-Likeink.png\" \/>\n\t<meta property=\"og:image:width\" content=\"1920\" \/>\n\t<meta property=\"og:image:height\" content=\"1354\" \/>\n\t<meta property=\"og:image:type\" content=\"image\/png\" \/>\n<meta name=\"twitter:card\" content=\"summary_large_image\" \/>\n<meta name=\"twitter:label1\" content=\"Estimeret l\u00e6setid\" \/>\n\t<meta name=\"twitter:data1\" content=\"1 minut\" \/>\n<script type=\"application\/ld+json\" class=\"yoast-schema-graph\">{\"@context\":\"https:\\\/\\\/schema.org\",\"@graph\":[{\"@type\":\"WebPage\",\"@id\":\"https:\\\/\\\/likeink.com\\\/da\\\/midlertidige-tatoveringer\\\/djurens-ratt-save-animals\\\/\",\"url\":\"https:\\\/\\\/likeink.com\\\/da\\\/midlertidige-tatoveringer\\\/djurens-ratt-save-animals\\\/\",\"name\":\"Djurens R\u00e4tt \\\"Save Animals\\\" fake tatoveringer i A5 \u2013 Like Ink\",\"isPartOf\":{\"@id\":\"https:\\\/\\\/likeink.com\\\/da\\\/#website\"},\"primaryImageOfPage\":{\"@id\":\"https:\\\/\\\/likeink.com\\\/da\\\/midlertidige-tatoveringer\\\/djurens-ratt-save-animals\\\/#primaryimage\"},\"image\":{\"@id\":\"https:\\\/\\\/likeink.com\\\/da\\\/midlertidige-tatoveringer\\\/djurens-ratt-save-animals\\\/#primaryimage\"},\"thumbnailUrl\":\"https:\\\/\\\/likeink.com\\\/wp-content\\\/uploads\\\/2023\\\/04\\\/IMVEGAN-Djurensratt-Tatueringar-Likeink.png\",\"datePublished\":\"2023-04-21T14:03:51+00:00\",\"dateModified\":\"2025-11-06T06:47:25+00:00\",\"description\":\"30% af oms\u00e6tningen g\u00e5r til Djurens R\u00e4tt! Bestil et ark med flotte, veganske og allergivenlige fake-tatoveringer for 98 kr. - Like ink\",\"breadcrumb\":{\"@id\":\"https:\\\/\\\/likeink.com\\\/da\\\/midlertidige-tatoveringer\\\/djurens-ratt-save-animals\\\/#breadcrumb\"},\"inLanguage\":\"da-DK\",\"potentialAction\":[{\"@type\":\"ReadAction\",\"target\":[\"https:\\\/\\\/likeink.com\\\/da\\\/midlertidige-tatoveringer\\\/djurens-ratt-save-animals\\\/\"]}]},{\"@type\":\"ImageObject\",\"inLanguage\":\"da-DK\",\"@id\":\"https:\\\/\\\/likeink.com\\\/da\\\/midlertidige-tatoveringer\\\/djurens-ratt-save-animals\\\/#primaryimage\",\"url\":\"https:\\\/\\\/likeink.com\\\/wp-content\\\/uploads\\\/2023\\\/04\\\/IMVEGAN-Djurensratt-Tatueringar-Likeink.png\",\"contentUrl\":\"https:\\\/\\\/likeink.com\\\/wp-content\\\/uploads\\\/2023\\\/04\\\/IMVEGAN-Djurensratt-Tatueringar-Likeink.png\",\"width\":1920,\"height\":1354,\"caption\":\"IM VEGAN kosmetiska gnuggistatueringar\"},{\"@type\":\"BreadcrumbList\",\"@id\":\"https:\\\/\\\/likeink.com\\\/da\\\/midlertidige-tatoveringer\\\/djurens-ratt-save-animals\\\/#breadcrumb\",\"itemListElement\":[{\"@type\":\"ListItem\",\"position\":1,\"name\":\"Hem\",\"item\":\"https:\\\/\\\/likeink.com\\\/da\\\/\"},{\"@type\":\"ListItem\",\"position\":2,\"name\":\"Shop\",\"item\":\"https:\\\/\\\/likeink.com\\\/da\\\/shop\\\/\"},{\"@type\":\"ListItem\",\"position\":3,\"name\":\"Djurens R\u00e4tt Save Animals\"}]},{\"@type\":\"WebSite\",\"@id\":\"https:\\\/\\\/likeink.com\\\/da\\\/#website\",\"url\":\"https:\\\/\\\/likeink.com\\\/da\\\/\",\"name\":\"Like ink\",\"description\":\"Make your own custom design\",\"potentialAction\":[{\"@type\":\"SearchAction\",\"target\":{\"@type\":\"EntryPoint\",\"urlTemplate\":\"https:\\\/\\\/likeink.com\\\/da\\\/?s={search_term_string}\"},\"query-input\":{\"@type\":\"PropertyValueSpecification\",\"valueRequired\":true,\"valueName\":\"search_term_string\"}}],\"inLanguage\":\"da-DK\"}]}<\/script>\n<!-- \/ Yoast SEO Premium plugin. -->","yoast_head_json":{"title":"Djurens R\u00e4tt \"Save Animals\" fake tatoveringer i A5 \u2013 Like Ink","description":"30% af oms\u00e6tningen g\u00e5r til Djurens R\u00e4tt! Bestil et ark med flotte, veganske og allergivenlige fake-tatoveringer for 98 kr. - Like ink","robots":{"index":"index","follow":"follow","max-snippet":"max-snippet:-1","max-image-preview":"max-image-preview:large","max-video-preview":"max-video-preview:-1"},"canonical":"https:\/\/likeink.com\/da\/midlertidige-tatoveringer\/djurens-ratt-save-animals\/","og_locale":"da_DK","og_type":"article","og_title":"Djurens R\u00e4tt Save Animals","og_description":"Tatover dig midlertidigt til fordel for dyrene med fake-tatoveringer fra os hos Like ink! Like ink trykker flotte, veganske og allergitestede fake-tatoveringer, som nu er m\u00e6rket med Djurens R\u00e4tts I'M VEGAN. Lige nu har vi en kampagne sammen med Djurens R\u00e4tt! 30% af oms\u00e6tningen p\u00e5 f\u00e6rdigdesignede ark i kategorien Djurens R\u00e4tt i Like inks webshop g\u00e5r til Dyrenes Rettigheders arbejde for at forbedre forholdene for dyrene i Sverige, der har det v\u00e6rst. Bestil fake-tatoveringer og st\u00f8t Djurens R\u00e4tt Et A5 ark koster 98 kr, og der er rabat, jo flere ark du bestiller! Shop l\u00f8s nu og husk at tagge alle billeder af disse fake-tatoveringer med @likeinkse p\u00e5 Instagram og TikTok, vi donerer 10 kr ekstra per tag, og deler selvf\u00f8lgelig ogs\u00e5 dit billede.  Storlek ark: A5 Storlek tatovering: Dyren er 4-5 cm","og_url":"https:\/\/likeink.com\/da\/midlertidige-tatoveringer\/djurens-ratt-save-animals\/","og_site_name":"Like ink","article_publisher":"https:\/\/www.facebook.com\/LikeInkSe","article_modified_time":"2025-11-06T06:47:25+00:00","og_image":[{"width":1920,"height":1354,"url":"https:\/\/likeink.com\/wp-content\/uploads\/2023\/04\/IMVEGAN-Djurensratt-Tatueringar-Likeink.png","type":"image\/png"}],"twitter_card":"summary_large_image","twitter_misc":{"Estimeret l\u00e6setid":"1 minut"},"schema":{"@context":"https:\/\/schema.org","@graph":[{"@type":"WebPage","@id":"https:\/\/likeink.com\/da\/midlertidige-tatoveringer\/djurens-ratt-save-animals\/","url":"https:\/\/likeink.com\/da\/midlertidige-tatoveringer\/djurens-ratt-save-animals\/","name":"Djurens R\u00e4tt \"Save Animals\" fake tatoveringer i A5 \u2013 Like Ink","isPartOf":{"@id":"https:\/\/likeink.com\/da\/#website"},"primaryImageOfPage":{"@id":"https:\/\/likeink.com\/da\/midlertidige-tatoveringer\/djurens-ratt-save-animals\/#primaryimage"},"image":{"@id":"https:\/\/likeink.com\/da\/midlertidige-tatoveringer\/djurens-ratt-save-animals\/#primaryimage"},"thumbnailUrl":"https:\/\/likeink.com\/wp-content\/uploads\/2023\/04\/IMVEGAN-Djurensratt-Tatueringar-Likeink.png","datePublished":"2023-04-21T14:03:51+00:00","dateModified":"2025-11-06T06:47:25+00:00","description":"30% af oms\u00e6tningen g\u00e5r til Djurens R\u00e4tt! Bestil et ark med flotte, veganske og allergivenlige fake-tatoveringer for 98 kr. - Like ink","breadcrumb":{"@id":"https:\/\/likeink.com\/da\/midlertidige-tatoveringer\/djurens-ratt-save-animals\/#breadcrumb"},"inLanguage":"da-DK","potentialAction":[{"@type":"ReadAction","target":["https:\/\/likeink.com\/da\/midlertidige-tatoveringer\/djurens-ratt-save-animals\/"]}]},{"@type":"ImageObject","inLanguage":"da-DK","@id":"https:\/\/likeink.com\/da\/midlertidige-tatoveringer\/djurens-ratt-save-animals\/#primaryimage","url":"https:\/\/likeink.com\/wp-content\/uploads\/2023\/04\/IMVEGAN-Djurensratt-Tatueringar-Likeink.png","contentUrl":"https:\/\/likeink.com\/wp-content\/uploads\/2023\/04\/IMVEGAN-Djurensratt-Tatueringar-Likeink.png","width":1920,"height":1354,"caption":"IM VEGAN kosmetiska gnuggistatueringar"},{"@type":"BreadcrumbList","@id":"https:\/\/likeink.com\/da\/midlertidige-tatoveringer\/djurens-ratt-save-animals\/#breadcrumb","itemListElement":[{"@type":"ListItem","position":1,"name":"Hem","item":"https:\/\/likeink.com\/da\/"},{"@type":"ListItem","position":2,"name":"Shop","item":"https:\/\/likeink.com\/da\/shop\/"},{"@type":"ListItem","position":3,"name":"Djurens R\u00e4tt Save Animals"}]},{"@type":"WebSite","@id":"https:\/\/likeink.com\/da\/#website","url":"https:\/\/likeink.com\/da\/","name":"Like ink","description":"Make your own custom design","potentialAction":[{"@type":"SearchAction","target":{"@type":"EntryPoint","urlTemplate":"https:\/\/likeink.com\/da\/?s={search_term_string}"},"query-input":{"@type":"PropertyValueSpecification","valueRequired":true,"valueName":"search_term_string"}}],"inLanguage":"da-DK"}]}},"_links":{"self":[{"href":"https:\/\/likeink.com\/da\/wp-json\/wp\/v2\/product\/17515","targetHints":{"allow":["GET"]}}],"collection":[{"href":"https:\/\/likeink.com\/da\/wp-json\/wp\/v2\/product"}],"about":[{"href":"https:\/\/likeink.com\/da\/wp-json\/wp\/v2\/types\/product"}],"wp:featuredmedia":[{"embeddable":true,"href":"https:\/\/likeink.com\/da\/wp-json\/wp\/v2\/media\/17036"}],"wp:attachment":[{"href":"https:\/\/likeink.com\/da\/wp-json\/wp\/v2\/media?parent=17515"}],"wp:term":[{"taxonomy":"product_brand","embeddable":true,"href":"https:\/\/likeink.com\/da\/wp-json\/wp\/v2\/product_brand?post=17515"},{"taxonomy":"product_cat","embeddable":true,"href":"https:\/\/likeink.com\/da\/wp-json\/wp\/v2\/product_cat?post=17515"},{"taxonomy":"product_tag","embeddable":true,"href":"https:\/\/likeink.com\/da\/wp-json\/wp\/v2\/product_tag?post=17515"}],"curies":[{"name":"wp","href":"https:\/\/api.w.org\/{rel}","templated":true}]}}