{"id":17532,"date":"2023-04-21T13:58:53","date_gmt":"2023-04-21T13:58:53","guid":{"rendered":"https:\/\/likeink.se\/gnuggis\/djurens-ratt-vegan-power\/"},"modified":"2024-02-14T15:44:48","modified_gmt":"2024-02-14T15:44:48","slug":"djurens-ratt-vegan-power","status":"publish","type":"product","link":"https:\/\/likeink.com\/da\/midlertidige-tatoveringer\/djurens-ratt-vegan-power\/","title":{"rendered":"Djurens R\u00e4tt Vegan Power"},"content":{"rendered":"","protected":false},"excerpt":{"rendered":"<p>Tatover dig midlertidigt til fordel for dyrene med fake-tatoveringer fra os hos Like ink!<br \/>\nLike ink trykker flotte, veganske og allergitestede fake-tatoveringer, som nu er m\u00e6rket med Djurens R\u00e4tts I&#8217;M VEGAN.<br \/>\nLige nu har vi en kampagne sammen med Djurens R\u00e4tt! 30% af oms\u00e6tningen p\u00e5 f\u00e6rdigdesignede ark i kategorien Djurens R\u00e4tt i Like inks webshop g\u00e5r til Dyrenes Rettigheders arbejde for at forbedre forholdene for dyrene i Sverige, der har det v\u00e6rst.<\/p>\n<h2> Bestil fake-tatoveringer &#8220;Vegan Power&#8221; og don\u00e9r samtidig penge til velg\u00f8renhed <\/h2>\n<p>Et A5 ark koster 98 kr, og der er rabat, jo flere ark du bestiller! Shop l\u00f8s nu og husk at tagge alle billeder af disse fake-tatoveringer med @likeinkse p\u00e5 Instagram og TikTok, vi donerer 10 kr ekstra per tag, og deler selvf\u00f8lgelig ogs\u00e5 dit billede.<\/p>\n<p>Storlek ark: A5<br \/>\nStorlek tatovering: 3-7cm<\/p>\n","protected":false},"featured_media":17008,"template":"","meta":[],"product_brand":[],"product_cat":[53,288],"product_tag":[],"class_list":{"0":"post-17532","1":"product","2":"type-product","3":"status-publish","4":"has-post-thumbnail","6":"product_cat-faerdige-ark","7":"product_cat-velgoerenhed","9":"first","10":"instock","11":"taxable","12":"shipping-taxable","13":"purchasable","14":"product-type-simple"},"yoast_head":"<!-- This site is optimized with the Yoast SEO Premium plugin v26.2 (Yoast SEO v27.4) - https:\/\/yoast.com\/product\/yoast-seo-premium-wordpress\/ -->\n<title>Vegan Power fake-tatoveringer I A5 Like ink<\/title>\n<meta name=\"description\" content=\"Vegan Power! Bestil fake-tatoveringer &quot;Vegan Power&quot; og don\u00e9r samtidig penge til velg\u00f8renhed. Hurtig leverering og fri fragt - Like ink\" \/>\n<meta name=\"robots\" content=\"index, follow, max-snippet:-1, max-image-preview:large, max-video-preview:-1\" \/>\n<link rel=\"canonical\" href=\"https:\/\/likeink.com\/da\/midlertidige-tatoveringer\/djurens-ratt-vegan-power\/\" \/>\n<meta property=\"og:locale\" content=\"da_DK\" \/>\n<meta property=\"og:type\" content=\"article\" \/>\n<meta property=\"og:title\" content=\"Djurens R\u00e4tt Vegan Power\" \/>\n<meta property=\"og:description\" content=\"Tatover dig midlertidigt til fordel for dyrene med fake-tatoveringer fra os hos Like ink! Like ink trykker flotte, veganske og allergitestede fake-tatoveringer, som nu er m\u00e6rket med Djurens R\u00e4tts I&#039;M VEGAN. Lige nu har vi en kampagne sammen med Djurens R\u00e4tt! 30% af oms\u00e6tningen p\u00e5 f\u00e6rdigdesignede ark i kategorien Djurens R\u00e4tt i Like inks webshop g\u00e5r til Dyrenes Rettigheders arbejde for at forbedre forholdene for dyrene i Sverige, der har det v\u00e6rst.   Bestil fake-tatoveringer &quot;Vegan Power&quot; og don\u00e9r samtidig penge til velg\u00f8renhed   Et A5 ark koster 98 kr, og der er rabat, jo flere ark du bestiller! Shop l\u00f8s nu og husk at tagge alle billeder af disse fake-tatoveringer med @likeinkse p\u00e5 Instagram og TikTok, vi donerer 10 kr ekstra per tag, og deler selvf\u00f8lgelig ogs\u00e5 dit billede.  Storlek ark: A5 Storlek tatovering: 3-7cm\" \/>\n<meta property=\"og:url\" content=\"https:\/\/likeink.com\/da\/midlertidige-tatoveringer\/djurens-ratt-vegan-power\/\" \/>\n<meta property=\"og:site_name\" content=\"Like ink\" \/>\n<meta property=\"article:publisher\" content=\"https:\/\/www.facebook.com\/LikeInkSe\" \/>\n<meta property=\"article:modified_time\" content=\"2024-02-14T15:44:48+00:00\" \/>\n<meta property=\"og:image\" content=\"https:\/\/likeink.com\/wp-content\/uploads\/2023\/04\/Djurensratt-fruit-tattoos-likeink-fejktatuering.png\" \/>\n\t<meta property=\"og:image:width\" content=\"500\" \/>\n\t<meta property=\"og:image:height\" content=\"352\" \/>\n\t<meta property=\"og:image:type\" content=\"image\/png\" \/>\n<meta name=\"twitter:card\" content=\"summary_large_image\" \/>\n<script type=\"application\/ld+json\" class=\"yoast-schema-graph\">{\"@context\":\"https:\\\/\\\/schema.org\",\"@graph\":[{\"@type\":\"WebPage\",\"@id\":\"https:\\\/\\\/likeink.com\\\/da\\\/midlertidige-tatoveringer\\\/djurens-ratt-vegan-power\\\/\",\"url\":\"https:\\\/\\\/likeink.com\\\/da\\\/midlertidige-tatoveringer\\\/djurens-ratt-vegan-power\\\/\",\"name\":\"Vegan Power fake-tatoveringer I A5 Like ink\",\"isPartOf\":{\"@id\":\"https:\\\/\\\/likeink.com\\\/da\\\/#website\"},\"primaryImageOfPage\":{\"@id\":\"https:\\\/\\\/likeink.com\\\/da\\\/midlertidige-tatoveringer\\\/djurens-ratt-vegan-power\\\/#primaryimage\"},\"image\":{\"@id\":\"https:\\\/\\\/likeink.com\\\/da\\\/midlertidige-tatoveringer\\\/djurens-ratt-vegan-power\\\/#primaryimage\"},\"thumbnailUrl\":\"https:\\\/\\\/likeink.com\\\/wp-content\\\/uploads\\\/2023\\\/04\\\/Djurensratt-fruit-tattoos-likeink-fejktatuering.png\",\"datePublished\":\"2023-04-21T13:58:53+00:00\",\"dateModified\":\"2024-02-14T15:44:48+00:00\",\"description\":\"Vegan Power! Bestil fake-tatoveringer \\\"Vegan Power\\\" og don\u00e9r samtidig penge til velg\u00f8renhed. Hurtig leverering og fri fragt - Like ink\",\"breadcrumb\":{\"@id\":\"https:\\\/\\\/likeink.com\\\/da\\\/midlertidige-tatoveringer\\\/djurens-ratt-vegan-power\\\/#breadcrumb\"},\"inLanguage\":\"da-DK\",\"potentialAction\":[{\"@type\":\"ReadAction\",\"target\":[\"https:\\\/\\\/likeink.com\\\/da\\\/midlertidige-tatoveringer\\\/djurens-ratt-vegan-power\\\/\"]}]},{\"@type\":\"ImageObject\",\"inLanguage\":\"da-DK\",\"@id\":\"https:\\\/\\\/likeink.com\\\/da\\\/midlertidige-tatoveringer\\\/djurens-ratt-vegan-power\\\/#primaryimage\",\"url\":\"https:\\\/\\\/likeink.com\\\/wp-content\\\/uploads\\\/2023\\\/04\\\/Djurensratt-fruit-tattoos-likeink-fejktatuering.png\",\"contentUrl\":\"https:\\\/\\\/likeink.com\\\/wp-content\\\/uploads\\\/2023\\\/04\\\/Djurensratt-fruit-tattoos-likeink-fejktatuering.png\",\"width\":500,\"height\":352,\"caption\":\"Djurens R\u00e4tt Tatueringar\"},{\"@type\":\"BreadcrumbList\",\"@id\":\"https:\\\/\\\/likeink.com\\\/da\\\/midlertidige-tatoveringer\\\/djurens-ratt-vegan-power\\\/#breadcrumb\",\"itemListElement\":[{\"@type\":\"ListItem\",\"position\":1,\"name\":\"Hem\",\"item\":\"https:\\\/\\\/likeink.com\\\/da\\\/\"},{\"@type\":\"ListItem\",\"position\":2,\"name\":\"Shop\",\"item\":\"https:\\\/\\\/likeink.com\\\/da\\\/shop\\\/\"},{\"@type\":\"ListItem\",\"position\":3,\"name\":\"Djurens R\u00e4tt Vegan Power\"}]},{\"@type\":\"WebSite\",\"@id\":\"https:\\\/\\\/likeink.com\\\/da\\\/#website\",\"url\":\"https:\\\/\\\/likeink.com\\\/da\\\/\",\"name\":\"Like ink\",\"description\":\"Make your own custom design\",\"potentialAction\":[{\"@type\":\"SearchAction\",\"target\":{\"@type\":\"EntryPoint\",\"urlTemplate\":\"https:\\\/\\\/likeink.com\\\/da\\\/?s={search_term_string}\"},\"query-input\":{\"@type\":\"PropertyValueSpecification\",\"valueRequired\":true,\"valueName\":\"search_term_string\"}}],\"inLanguage\":\"da-DK\"}]}<\/script>\n<!-- \/ Yoast SEO Premium plugin. -->","yoast_head_json":{"title":"Vegan Power fake-tatoveringer I A5 Like ink","description":"Vegan Power! Bestil fake-tatoveringer \"Vegan Power\" og don\u00e9r samtidig penge til velg\u00f8renhed. Hurtig leverering og fri fragt - Like ink","robots":{"index":"index","follow":"follow","max-snippet":"max-snippet:-1","max-image-preview":"max-image-preview:large","max-video-preview":"max-video-preview:-1"},"canonical":"https:\/\/likeink.com\/da\/midlertidige-tatoveringer\/djurens-ratt-vegan-power\/","og_locale":"da_DK","og_type":"article","og_title":"Djurens R\u00e4tt Vegan Power","og_description":"Tatover dig midlertidigt til fordel for dyrene med fake-tatoveringer fra os hos Like ink! Like ink trykker flotte, veganske og allergitestede fake-tatoveringer, som nu er m\u00e6rket med Djurens R\u00e4tts I'M VEGAN. Lige nu har vi en kampagne sammen med Djurens R\u00e4tt! 30% af oms\u00e6tningen p\u00e5 f\u00e6rdigdesignede ark i kategorien Djurens R\u00e4tt i Like inks webshop g\u00e5r til Dyrenes Rettigheders arbejde for at forbedre forholdene for dyrene i Sverige, der har det v\u00e6rst.   Bestil fake-tatoveringer \"Vegan Power\" og don\u00e9r samtidig penge til velg\u00f8renhed   Et A5 ark koster 98 kr, og der er rabat, jo flere ark du bestiller! Shop l\u00f8s nu og husk at tagge alle billeder af disse fake-tatoveringer med @likeinkse p\u00e5 Instagram og TikTok, vi donerer 10 kr ekstra per tag, og deler selvf\u00f8lgelig ogs\u00e5 dit billede.  Storlek ark: A5 Storlek tatovering: 3-7cm","og_url":"https:\/\/likeink.com\/da\/midlertidige-tatoveringer\/djurens-ratt-vegan-power\/","og_site_name":"Like ink","article_publisher":"https:\/\/www.facebook.com\/LikeInkSe","article_modified_time":"2024-02-14T15:44:48+00:00","og_image":[{"width":500,"height":352,"url":"https:\/\/likeink.com\/wp-content\/uploads\/2023\/04\/Djurensratt-fruit-tattoos-likeink-fejktatuering.png","type":"image\/png"}],"twitter_card":"summary_large_image","schema":{"@context":"https:\/\/schema.org","@graph":[{"@type":"WebPage","@id":"https:\/\/likeink.com\/da\/midlertidige-tatoveringer\/djurens-ratt-vegan-power\/","url":"https:\/\/likeink.com\/da\/midlertidige-tatoveringer\/djurens-ratt-vegan-power\/","name":"Vegan Power fake-tatoveringer I A5 Like ink","isPartOf":{"@id":"https:\/\/likeink.com\/da\/#website"},"primaryImageOfPage":{"@id":"https:\/\/likeink.com\/da\/midlertidige-tatoveringer\/djurens-ratt-vegan-power\/#primaryimage"},"image":{"@id":"https:\/\/likeink.com\/da\/midlertidige-tatoveringer\/djurens-ratt-vegan-power\/#primaryimage"},"thumbnailUrl":"https:\/\/likeink.com\/wp-content\/uploads\/2023\/04\/Djurensratt-fruit-tattoos-likeink-fejktatuering.png","datePublished":"2023-04-21T13:58:53+00:00","dateModified":"2024-02-14T15:44:48+00:00","description":"Vegan Power! Bestil fake-tatoveringer \"Vegan Power\" og don\u00e9r samtidig penge til velg\u00f8renhed. Hurtig leverering og fri fragt - Like ink","breadcrumb":{"@id":"https:\/\/likeink.com\/da\/midlertidige-tatoveringer\/djurens-ratt-vegan-power\/#breadcrumb"},"inLanguage":"da-DK","potentialAction":[{"@type":"ReadAction","target":["https:\/\/likeink.com\/da\/midlertidige-tatoveringer\/djurens-ratt-vegan-power\/"]}]},{"@type":"ImageObject","inLanguage":"da-DK","@id":"https:\/\/likeink.com\/da\/midlertidige-tatoveringer\/djurens-ratt-vegan-power\/#primaryimage","url":"https:\/\/likeink.com\/wp-content\/uploads\/2023\/04\/Djurensratt-fruit-tattoos-likeink-fejktatuering.png","contentUrl":"https:\/\/likeink.com\/wp-content\/uploads\/2023\/04\/Djurensratt-fruit-tattoos-likeink-fejktatuering.png","width":500,"height":352,"caption":"Djurens R\u00e4tt Tatueringar"},{"@type":"BreadcrumbList","@id":"https:\/\/likeink.com\/da\/midlertidige-tatoveringer\/djurens-ratt-vegan-power\/#breadcrumb","itemListElement":[{"@type":"ListItem","position":1,"name":"Hem","item":"https:\/\/likeink.com\/da\/"},{"@type":"ListItem","position":2,"name":"Shop","item":"https:\/\/likeink.com\/da\/shop\/"},{"@type":"ListItem","position":3,"name":"Djurens R\u00e4tt Vegan Power"}]},{"@type":"WebSite","@id":"https:\/\/likeink.com\/da\/#website","url":"https:\/\/likeink.com\/da\/","name":"Like ink","description":"Make your own custom design","potentialAction":[{"@type":"SearchAction","target":{"@type":"EntryPoint","urlTemplate":"https:\/\/likeink.com\/da\/?s={search_term_string}"},"query-input":{"@type":"PropertyValueSpecification","valueRequired":true,"valueName":"search_term_string"}}],"inLanguage":"da-DK"}]}},"_links":{"self":[{"href":"https:\/\/likeink.com\/da\/wp-json\/wp\/v2\/product\/17532","targetHints":{"allow":["GET"]}}],"collection":[{"href":"https:\/\/likeink.com\/da\/wp-json\/wp\/v2\/product"}],"about":[{"href":"https:\/\/likeink.com\/da\/wp-json\/wp\/v2\/types\/product"}],"wp:featuredmedia":[{"embeddable":true,"href":"https:\/\/likeink.com\/da\/wp-json\/wp\/v2\/media\/17008"}],"wp:attachment":[{"href":"https:\/\/likeink.com\/da\/wp-json\/wp\/v2\/media?parent=17532"}],"wp:term":[{"taxonomy":"product_brand","embeddable":true,"href":"https:\/\/likeink.com\/da\/wp-json\/wp\/v2\/product_brand?post=17532"},{"taxonomy":"product_cat","embeddable":true,"href":"https:\/\/likeink.com\/da\/wp-json\/wp\/v2\/product_cat?post=17532"},{"taxonomy":"product_tag","embeddable":true,"href":"https:\/\/likeink.com\/da\/wp-json\/wp\/v2\/product_tag?post=17532"}],"curies":[{"name":"wp","href":"https:\/\/api.w.org\/{rel}","templated":true}]}}