{"id":17538,"date":"2023-04-20T14:21:23","date_gmt":"2023-04-20T14:21:23","guid":{"rendered":"https:\/\/likeink.se\/gnuggis\/djurens-ratt-illustrations-by-nathalie-anna-gill\/"},"modified":"2024-02-14T15:44:55","modified_gmt":"2024-02-14T15:44:55","slug":"djurens-ratt-illustrations-by-nathalie-anna-gill","status":"publish","type":"product","link":"https:\/\/likeink.com\/da\/midlertidige-tatoveringer\/djurens-ratt-illustrations-by-nathalie-anna-gill\/","title":{"rendered":"Djurens R\u00e4tt Illustrations by Nathalie Anna Gill"},"content":{"rendered":"","protected":false},"excerpt":{"rendered":"<p>Tatover dig midlertidigt til fordel for dyrene med fake-tatoveringer fra os hos Like ink!<br \/>\nLike ink trykker flotte, veganske og allergitestede fake-tatoveringer, som nu er m\u00e6rket med Djurens R\u00e4tts I&#8217;M VEGAN.<br \/>\nLige nu har vi en kampagne sammen med Djurens R\u00e4tt! 30% af oms\u00e6tningen p\u00e5 f\u00e6rdigdesignede ark i kategorien Djurens R\u00e4tt i Like inks webshop g\u00e5r til Dyrenes Rettigheders arbejde for at forbedre forholdene for dyrene i Sverige, der har det v\u00e6rst.<\/p>\n<h2> Bestil falske tatoveringer designet af illustrator Nathalie Anna Gill og don\u00e9r samtidig penge til velg\u00f8renhed <\/h2>\n<p>Et A5 ark koster 98 kr, og der er rabat, jo flere ark du bestiller! Shop l\u00f8s nu og husk at tagge alle billeder af disse fake-tatoveringer med @likeinkse p\u00e5 Instagram og TikTok, vi donerer 10 kr ekstra per tag, og deler selvf\u00f8lgelig ogs\u00e5 dit billede.<\/p>\n<p><strong>Ord fra illustratoren:<\/strong> Dyremotiver og billeder af dyr er noget, der interesserer mange og er sjovt at kigge p\u00e5, s\u00e5 jeg n\u00f8d hvert sekund, mens jeg s\u00f8gte inspiration til mine tatoveringsmotiver i samarbejdet med Djurens R\u00e4tt.<br \/>\nAlle timerne resulterede i et par favoritter, som jeg f\u00f8lte, at jeg ville skitse frem med min egen drejning, og resultaterne blev i nogle tilf\u00e6lde lige s\u00e5 sk\u00f8re, som jeg \u00f8nskede! Nogle af dyrene fik tilbeh\u00f8r for at udtrykke deres personligheder, og min personlige favorit er den seje and p\u00e5 skateboard, fordi man kan tro, at den er opdigtet, n\u00e5r den faktisk ER et rigtigt billede taget med en \u00e6lling p\u00e5 skateboard!<br \/>\nMin stil er ofte minimalistisk med lige og enkle linjer, der alligevel udtrykker meget. Og jeg synes faktisk, at det er enkelheden, der g\u00f8r helheden. Og i dette samarbejde var det nok at arbejde med sm\u00e5 midler for at opn\u00e5 kreative resultater, hvor samarbejdet mellem mig som kunstner, Like Ink og Djurens R\u00e4tt faktisk tillader os alle at bidrage og st\u00f8tte noget, vi alle st\u00e5r for \u2013 Dyrs rettigheder.<br \/>\n\/\/ Nathalie Anna Gill | Illustrator<\/p>\n<p>Storlek ark: A5<br \/>\nStorlek tatovering: 1-8 cm<\/p>\n","protected":false},"featured_media":17022,"template":"","meta":[],"product_brand":[],"product_cat":[519,53,500,536],"product_tag":[],"class_list":{"0":"post-17538","1":"product","2":"type-product","3":"status-publish","4":"has-post-thumbnail","6":"product_cat-dyr-natur","7":"product_cat-faerdige-ark","8":"product_cat-samarbejder-med-tatovoerer","9":"product_cat-samarbejder-med-virksomheder","11":"first","12":"instock","13":"taxable","14":"shipping-taxable","15":"purchasable","16":"product-type-simple"},"yoast_head":"<!-- This site is optimized with the Yoast SEO Premium plugin v26.2 (Yoast SEO v27.5) - https:\/\/yoast.com\/product\/yoast-seo-premium-wordpress\/ -->\n<title>Nathalie Anna Gill illustrationer I Fake tattoos A5 - Like ink<\/title>\n<meta name=\"description\" content=\"Bestil falske tatoveringer designet af illustrator Nathalie Anna Gill og don\u00e9r samtidig penge til velg\u00f8renhed. Fake Tatoveringer - Like ink\" \/>\n<meta name=\"robots\" content=\"index, follow, max-snippet:-1, max-image-preview:large, max-video-preview:-1\" \/>\n<link rel=\"canonical\" href=\"https:\/\/likeink.com\/da\/midlertidige-tatoveringer\/djurens-ratt-illustrations-by-nathalie-anna-gill\/\" \/>\n<meta property=\"og:locale\" content=\"da_DK\" \/>\n<meta property=\"og:type\" content=\"article\" \/>\n<meta property=\"og:title\" content=\"Djurens R\u00e4tt Illustrations by Nathalie Anna Gill\" \/>\n<meta property=\"og:description\" content=\"Tatover dig midlertidigt til fordel for dyrene med fake-tatoveringer fra os hos Like ink! Like ink trykker flotte, veganske og allergitestede fake-tatoveringer, som nu er m\u00e6rket med Djurens R\u00e4tts I&#039;M VEGAN. Lige nu har vi en kampagne sammen med Djurens R\u00e4tt! 30% af oms\u00e6tningen p\u00e5 f\u00e6rdigdesignede ark i kategorien Djurens R\u00e4tt i Like inks webshop g\u00e5r til Dyrenes Rettigheders arbejde for at forbedre forholdene for dyrene i Sverige, der har det v\u00e6rst.   Bestil falske tatoveringer designet af illustrator Nathalie Anna Gill og don\u00e9r samtidig penge til velg\u00f8renhed   Et A5 ark koster 98 kr, og der er rabat, jo flere ark du bestiller! Shop l\u00f8s nu og husk at tagge alle billeder af disse fake-tatoveringer med @likeinkse p\u00e5 Instagram og TikTok, vi donerer 10 kr ekstra per tag, og deler selvf\u00f8lgelig ogs\u00e5 dit billede.  Ord fra illustratoren: Dyremotiver og billeder af dyr er noget, der interesserer mange og er sjovt at kigge p\u00e5, s\u00e5 jeg n\u00f8d hvert sekund, mens jeg s\u00f8gte inspiration til mine tatoveringsmotiver i samarbejdet med Djurens R\u00e4tt. Alle timerne resulterede i et par favoritter, som jeg f\u00f8lte, at jeg ville skitse frem med min egen drejning, og resultaterne blev i nogle tilf\u00e6lde lige s\u00e5 sk\u00f8re, som jeg \u00f8nskede! Nogle af dyrene fik tilbeh\u00f8r for at udtrykke deres personligheder, og min personlige favorit er den seje and p\u00e5 skateboard, fordi man kan tro, at den er opdigtet, n\u00e5r den faktisk ER et rigtigt billede taget med en \u00e6lling p\u00e5 skateboard! Min stil er ofte minimalistisk med lige og enkle linjer, der alligevel udtrykker meget. Og jeg synes faktisk, at det er enkelheden, der g\u00f8r helheden. Og i dette samarbejde var det nok at arbejde med sm\u00e5 midler for at opn\u00e5 kreative resultater, hvor samarbejdet mellem mig som kunstner, Like Ink og Djurens R\u00e4tt faktisk tillader os alle at bidrage og st\u00f8tte noget, vi alle st\u00e5r for \u2013 Dyrs rettigheder. \/\/ Nathalie Anna Gill | Illustrator  Storlek ark: A5 Storlek tatovering: 1-8 cm\" \/>\n<meta property=\"og:url\" content=\"https:\/\/likeink.com\/da\/midlertidige-tatoveringer\/djurens-ratt-illustrations-by-nathalie-anna-gill\/\" \/>\n<meta property=\"og:site_name\" content=\"Like ink\" \/>\n<meta property=\"article:publisher\" content=\"https:\/\/www.facebook.com\/LikeInkSe\" \/>\n<meta property=\"article:modified_time\" content=\"2024-02-14T15:44:55+00:00\" \/>\n<meta property=\"og:image\" content=\"https:\/\/likeink.com\/wp-content\/uploads\/2023\/04\/DjurensRatt-AnnaNathalieGill-design-Likeink.png\" \/>\n\t<meta property=\"og:image:width\" content=\"500\" \/>\n\t<meta property=\"og:image:height\" content=\"352\" \/>\n\t<meta property=\"og:image:type\" content=\"image\/png\" \/>\n<meta name=\"twitter:card\" content=\"summary_large_image\" \/>\n<!-- \/ Yoast SEO Premium plugin. -->","yoast_head_json":{"title":"Nathalie Anna Gill illustrationer I Fake tattoos A5 - Like ink","description":"Bestil falske tatoveringer designet af illustrator Nathalie Anna Gill og don\u00e9r samtidig penge til velg\u00f8renhed. Fake Tatoveringer - Like ink","robots":{"index":"index","follow":"follow","max-snippet":"max-snippet:-1","max-image-preview":"max-image-preview:large","max-video-preview":"max-video-preview:-1"},"canonical":"https:\/\/likeink.com\/da\/midlertidige-tatoveringer\/djurens-ratt-illustrations-by-nathalie-anna-gill\/","og_locale":"da_DK","og_type":"article","og_title":"Djurens R\u00e4tt Illustrations by Nathalie Anna Gill","og_description":"Tatover dig midlertidigt til fordel for dyrene med fake-tatoveringer fra os hos Like ink! Like ink trykker flotte, veganske og allergitestede fake-tatoveringer, som nu er m\u00e6rket med Djurens R\u00e4tts I'M VEGAN. Lige nu har vi en kampagne sammen med Djurens R\u00e4tt! 30% af oms\u00e6tningen p\u00e5 f\u00e6rdigdesignede ark i kategorien Djurens R\u00e4tt i Like inks webshop g\u00e5r til Dyrenes Rettigheders arbejde for at forbedre forholdene for dyrene i Sverige, der har det v\u00e6rst.   Bestil falske tatoveringer designet af illustrator Nathalie Anna Gill og don\u00e9r samtidig penge til velg\u00f8renhed   Et A5 ark koster 98 kr, og der er rabat, jo flere ark du bestiller! Shop l\u00f8s nu og husk at tagge alle billeder af disse fake-tatoveringer med @likeinkse p\u00e5 Instagram og TikTok, vi donerer 10 kr ekstra per tag, og deler selvf\u00f8lgelig ogs\u00e5 dit billede.  Ord fra illustratoren: Dyremotiver og billeder af dyr er noget, der interesserer mange og er sjovt at kigge p\u00e5, s\u00e5 jeg n\u00f8d hvert sekund, mens jeg s\u00f8gte inspiration til mine tatoveringsmotiver i samarbejdet med Djurens R\u00e4tt. Alle timerne resulterede i et par favoritter, som jeg f\u00f8lte, at jeg ville skitse frem med min egen drejning, og resultaterne blev i nogle tilf\u00e6lde lige s\u00e5 sk\u00f8re, som jeg \u00f8nskede! Nogle af dyrene fik tilbeh\u00f8r for at udtrykke deres personligheder, og min personlige favorit er den seje and p\u00e5 skateboard, fordi man kan tro, at den er opdigtet, n\u00e5r den faktisk ER et rigtigt billede taget med en \u00e6lling p\u00e5 skateboard! Min stil er ofte minimalistisk med lige og enkle linjer, der alligevel udtrykker meget. Og jeg synes faktisk, at det er enkelheden, der g\u00f8r helheden. Og i dette samarbejde var det nok at arbejde med sm\u00e5 midler for at opn\u00e5 kreative resultater, hvor samarbejdet mellem mig som kunstner, Like Ink og Djurens R\u00e4tt faktisk tillader os alle at bidrage og st\u00f8tte noget, vi alle st\u00e5r for \u2013 Dyrs rettigheder. \/\/ Nathalie Anna Gill | Illustrator  Storlek ark: A5 Storlek tatovering: 1-8 cm","og_url":"https:\/\/likeink.com\/da\/midlertidige-tatoveringer\/djurens-ratt-illustrations-by-nathalie-anna-gill\/","og_site_name":"Like ink","article_publisher":"https:\/\/www.facebook.com\/LikeInkSe","article_modified_time":"2024-02-14T15:44:55+00:00","og_image":[{"width":500,"height":352,"url":"https:\/\/likeink.com\/wp-content\/uploads\/2023\/04\/DjurensRatt-AnnaNathalieGill-design-Likeink.png","type":"image\/png"}],"twitter_card":"summary_large_image","schema":{"@context":"https:\/\/schema.org","@graph":[{"@type":"WebPage","@id":"https:\/\/likeink.com\/da\/midlertidige-tatoveringer\/djurens-ratt-illustrations-by-nathalie-anna-gill\/","url":"https:\/\/likeink.com\/da\/midlertidige-tatoveringer\/djurens-ratt-illustrations-by-nathalie-anna-gill\/","name":"Nathalie Anna Gill illustrationer I Fake tattoos A5 - Like ink","isPartOf":{"@id":"https:\/\/likeink.com\/da\/#website"},"primaryImageOfPage":{"@id":"https:\/\/likeink.com\/da\/midlertidige-tatoveringer\/djurens-ratt-illustrations-by-nathalie-anna-gill\/#primaryimage"},"image":{"@id":"https:\/\/likeink.com\/da\/midlertidige-tatoveringer\/djurens-ratt-illustrations-by-nathalie-anna-gill\/#primaryimage"},"thumbnailUrl":"https:\/\/likeink.com\/wp-content\/uploads\/2023\/04\/DjurensRatt-AnnaNathalieGill-design-Likeink.png","datePublished":"2023-04-20T14:21:23+00:00","dateModified":"2024-02-14T15:44:55+00:00","description":"Bestil falske tatoveringer designet af illustrator Nathalie Anna Gill og don\u00e9r samtidig penge til velg\u00f8renhed. Fake Tatoveringer - Like ink","breadcrumb":{"@id":"https:\/\/likeink.com\/da\/midlertidige-tatoveringer\/djurens-ratt-illustrations-by-nathalie-anna-gill\/#breadcrumb"},"inLanguage":"da-DK","potentialAction":[{"@type":"ReadAction","target":["https:\/\/likeink.com\/da\/midlertidige-tatoveringer\/djurens-ratt-illustrations-by-nathalie-anna-gill\/"]}]},{"@type":"ImageObject","inLanguage":"da-DK","@id":"https:\/\/likeink.com\/da\/midlertidige-tatoveringer\/djurens-ratt-illustrations-by-nathalie-anna-gill\/#primaryimage","url":"https:\/\/likeink.com\/wp-content\/uploads\/2023\/04\/DjurensRatt-AnnaNathalieGill-design-Likeink.png","contentUrl":"https:\/\/likeink.com\/wp-content\/uploads\/2023\/04\/DjurensRatt-AnnaNathalieGill-design-Likeink.png","width":500,"height":352,"caption":"Gnuggis-tatueringar i samarbete med Djurens R\u00e4tt."},{"@type":"BreadcrumbList","@id":"https:\/\/likeink.com\/da\/midlertidige-tatoveringer\/djurens-ratt-illustrations-by-nathalie-anna-gill\/#breadcrumb","itemListElement":[{"@type":"ListItem","position":1,"name":"Hem","item":"https:\/\/likeink.com\/da\/"},{"@type":"ListItem","position":2,"name":"Shop","item":"https:\/\/likeink.com\/da\/shop\/"},{"@type":"ListItem","position":3,"name":"Djurens R\u00e4tt Illustrations by Nathalie Anna Gill"}]},{"@type":"WebSite","@id":"https:\/\/likeink.com\/da\/#website","url":"https:\/\/likeink.com\/da\/","name":"Like ink","description":"Make your own custom design","potentialAction":[{"@type":"SearchAction","target":{"@type":"EntryPoint","urlTemplate":"https:\/\/likeink.com\/da\/?s={search_term_string}"},"query-input":{"@type":"PropertyValueSpecification","valueRequired":true,"valueName":"search_term_string"}}],"inLanguage":"da-DK"}]}},"_links":{"self":[{"href":"https:\/\/likeink.com\/da\/wp-json\/wp\/v2\/product\/17538","targetHints":{"allow":["GET"]}}],"collection":[{"href":"https:\/\/likeink.com\/da\/wp-json\/wp\/v2\/product"}],"about":[{"href":"https:\/\/likeink.com\/da\/wp-json\/wp\/v2\/types\/product"}],"wp:featuredmedia":[{"embeddable":true,"href":"https:\/\/likeink.com\/da\/wp-json\/wp\/v2\/media\/17022"}],"wp:attachment":[{"href":"https:\/\/likeink.com\/da\/wp-json\/wp\/v2\/media?parent=17538"}],"wp:term":[{"taxonomy":"product_brand","embeddable":true,"href":"https:\/\/likeink.com\/da\/wp-json\/wp\/v2\/product_brand?post=17538"},{"taxonomy":"product_cat","embeddable":true,"href":"https:\/\/likeink.com\/da\/wp-json\/wp\/v2\/product_cat?post=17538"},{"taxonomy":"product_tag","embeddable":true,"href":"https:\/\/likeink.com\/da\/wp-json\/wp\/v2\/product_tag?post=17538"}],"curies":[{"name":"wp","href":"https:\/\/api.w.org\/{rel}","templated":true}]}}