{"id":17656,"date":"2023-05-02T13:06:06","date_gmt":"2023-05-02T13:06:06","guid":{"rendered":"https:\/\/likeink.se\/gnuggis\/old-school-karlekstatueringar-a5-ark\/"},"modified":"2026-03-16T15:42:32","modified_gmt":"2026-03-16T15:42:32","slug":"old-school-kaerlighedstatoveringer","status":"publish","type":"product","link":"https:\/\/likeink.com\/da\/midlertidige-tatoveringer\/old-school-kaerlighedstatoveringer\/","title":{"rendered":"Old school k\u00e6rligheds-tatoveringer"},"content":{"rendered":"","protected":false},"excerpt":{"rendered":"<p>Vores ark med falske tatoveringer er 20X14 cm i st\u00f8rrelse, og dette ark er fyldt med hjerter i forskellige farver og st\u00f8rrelser. Vi printer og sender din ordre inden for 24 timer!<\/p>\n<p>Dette ark er fyldt med k\u00e6rlighedstatoveringer i en klassisk stil, hjerter, bannere sammen med blomster, en svale og selvf\u00f8lgelig kranier. Falske tatoveringer er perfekte til bryllupper, polterabender og bachelorette fester.<\/p>\n<h2>Bestil et ark med smukt illustrerede og stilfulde old school k\u00e6rlighedstatoveringer<\/h2>\n<p><strong>Hvad betyder en hjertetatovering? <\/strong><br \/>\nEn hjertetatovering kan betyde forskellige ting afh\u00e6ngigt af, hvem der b\u00e6rer den og hvorfor. For mange repr\u00e6senterer hjertet k\u00e6rlighed, lidenskab og romantik. Det kan ogs\u00e5 symbolisere k\u00e6rlighed til en person, en ting eller et sted. For andre kan en hjertetatovering v\u00e6re et symbol p\u00e5 mod og styrke, eller et tegn p\u00e5, at de har overvundet en form for forhindring eller hjertesorg. Sammenfattende kan hjertetatoveringen have forskellige betydninger for forskellige mennesker og kan fortolkes p\u00e5 forskellige m\u00e5der afh\u00e6ngigt af dens kontekst og anvendelse. Vi mener, at et hjerte symboliserer k\u00e6rlighed, og den old school stil g\u00f8r f\u00f8lelsen af \u200b\u200bdenne falske tatovering \u00e6gte!<\/p>\n<p>Alle tatoveringer fra os hos Like ink er lavet i Sverige og er nemme at p\u00e5f\u00f8re og vaske af. Tatoveringerne ser flotte ud, er veganske og allergivenlige.<\/p>\n<p>Arkst\u00f8rrelse: A5<br \/>\nAntal tatoveringer: 11<br \/>\nTatoveringsst\u00f8rrelse: 4-7 cm<\/p>\n","protected":false},"featured_media":17644,"template":"","meta":[],"product_brand":[],"product_cat":[53,165],"product_tag":[],"class_list":{"0":"post-17656","1":"product","2":"type-product","3":"status-publish","4":"has-post-thumbnail","6":"product_cat-faerdige-ark","7":"product_cat-kaerligheds-tatoveringer-hjerte-tatovering","9":"first","10":"instock","11":"taxable","12":"shipping-taxable","13":"purchasable","14":"product-type-simple"},"yoast_head":"<!-- This site is optimized with the Yoast SEO Premium plugin v26.2 (Yoast SEO v27.4) - https:\/\/yoast.com\/product\/yoast-seo-premium-wordpress\/ -->\n<title>Old school k\u00e6rlighedstatoveringer A5 98 kr - Like ink<\/title>\n<meta name=\"description\" content=\"Old school k\u00e6rlighedstatoveringer p\u00e5 A5 ark. Perfekt til polterabend, t\u00f8seaften eller bryllup. Fake tatoveringer er k\u00e6rlighed!- Like ink\" \/>\n<meta name=\"robots\" content=\"index, follow, max-snippet:-1, max-image-preview:large, max-video-preview:-1\" \/>\n<link rel=\"canonical\" href=\"https:\/\/likeink.com\/da\/midlertidige-tatoveringer\/old-school-kaerlighedstatoveringer\/\" \/>\n<meta property=\"og:locale\" content=\"da_DK\" \/>\n<meta property=\"og:type\" content=\"article\" \/>\n<meta property=\"og:title\" content=\"Old school k\u00e6rligheds-tatoveringer\" \/>\n<meta property=\"og:description\" content=\"Vores ark med falske tatoveringer er 20X14 cm i st\u00f8rrelse, og dette ark er fyldt med hjerter i forskellige farver og st\u00f8rrelser. Vi printer og sender din ordre inden for 24 timer!  Dette ark er fyldt med k\u00e6rlighedstatoveringer i en klassisk stil, hjerter, bannere sammen med blomster, en svale og selvf\u00f8lgelig kranier. Falske tatoveringer er perfekte til bryllupper, polterabender og bachelorette fester.  Bestil et ark med smukt illustrerede og stilfulde old school k\u00e6rlighedstatoveringer  Hvad betyder en hjertetatovering?  En hjertetatovering kan betyde forskellige ting afh\u00e6ngigt af, hvem der b\u00e6rer den og hvorfor. For mange repr\u00e6senterer hjertet k\u00e6rlighed, lidenskab og romantik. Det kan ogs\u00e5 symbolisere k\u00e6rlighed til en person, en ting eller et sted. For andre kan en hjertetatovering v\u00e6re et symbol p\u00e5 mod og styrke, eller et tegn p\u00e5, at de har overvundet en form for forhindring eller hjertesorg. Sammenfattende kan hjertetatoveringen have forskellige betydninger for forskellige mennesker og kan fortolkes p\u00e5 forskellige m\u00e5der afh\u00e6ngigt af dens kontekst og anvendelse. Vi mener, at et hjerte symboliserer k\u00e6rlighed, og den old school stil g\u00f8r f\u00f8lelsen af \u200b\u200bdenne falske tatovering \u00e6gte!  Alle tatoveringer fra os hos Like ink er lavet i Sverige og er nemme at p\u00e5f\u00f8re og vaske af. Tatoveringerne ser flotte ud, er veganske og allergivenlige.  Arkst\u00f8rrelse: A5 Antal tatoveringer: 11 Tatoveringsst\u00f8rrelse: 4-7 cm\" \/>\n<meta property=\"og:url\" content=\"https:\/\/likeink.com\/da\/midlertidige-tatoveringer\/old-school-kaerlighedstatoveringer\/\" \/>\n<meta property=\"og:site_name\" content=\"Like ink\" \/>\n<meta property=\"article:publisher\" content=\"https:\/\/www.facebook.com\/LikeInkSe\" \/>\n<meta property=\"article:modified_time\" content=\"2026-03-16T15:42:32+00:00\" \/>\n<meta property=\"og:image\" content=\"https:\/\/likeink.com\/wp-content\/uploads\/2023\/05\/Oldschool-love-tattoos-likeink.jpg\" \/>\n\t<meta property=\"og:image:width\" content=\"1200\" \/>\n\t<meta property=\"og:image:height\" content=\"845\" \/>\n\t<meta property=\"og:image:type\" content=\"image\/jpeg\" \/>\n<meta name=\"twitter:card\" content=\"summary_large_image\" \/>\n<script type=\"application\/ld+json\" class=\"yoast-schema-graph\">{\"@context\":\"https:\\\/\\\/schema.org\",\"@graph\":[{\"@type\":\"WebPage\",\"@id\":\"https:\\\/\\\/likeink.com\\\/da\\\/midlertidige-tatoveringer\\\/old-school-kaerlighedstatoveringer\\\/\",\"url\":\"https:\\\/\\\/likeink.com\\\/da\\\/midlertidige-tatoveringer\\\/old-school-kaerlighedstatoveringer\\\/\",\"name\":\"Old school k\u00e6rlighedstatoveringer A5 98 kr - Like ink\",\"isPartOf\":{\"@id\":\"https:\\\/\\\/likeink.com\\\/da\\\/#website\"},\"primaryImageOfPage\":{\"@id\":\"https:\\\/\\\/likeink.com\\\/da\\\/midlertidige-tatoveringer\\\/old-school-kaerlighedstatoveringer\\\/#primaryimage\"},\"image\":{\"@id\":\"https:\\\/\\\/likeink.com\\\/da\\\/midlertidige-tatoveringer\\\/old-school-kaerlighedstatoveringer\\\/#primaryimage\"},\"thumbnailUrl\":\"https:\\\/\\\/likeink.com\\\/wp-content\\\/uploads\\\/2023\\\/05\\\/Oldschool-love-tattoos-likeink.jpg\",\"datePublished\":\"2023-05-02T13:06:06+00:00\",\"dateModified\":\"2026-03-16T15:42:32+00:00\",\"description\":\"Old school k\u00e6rlighedstatoveringer p\u00e5 A5 ark. Perfekt til polterabend, t\u00f8seaften eller bryllup. Fake tatoveringer er k\u00e6rlighed!- Like ink\",\"breadcrumb\":{\"@id\":\"https:\\\/\\\/likeink.com\\\/da\\\/midlertidige-tatoveringer\\\/old-school-kaerlighedstatoveringer\\\/#breadcrumb\"},\"inLanguage\":\"da-DK\",\"potentialAction\":[{\"@type\":\"ReadAction\",\"target\":[\"https:\\\/\\\/likeink.com\\\/da\\\/midlertidige-tatoveringer\\\/old-school-kaerlighedstatoveringer\\\/\"]}]},{\"@type\":\"ImageObject\",\"inLanguage\":\"da-DK\",\"@id\":\"https:\\\/\\\/likeink.com\\\/da\\\/midlertidige-tatoveringer\\\/old-school-kaerlighedstatoveringer\\\/#primaryimage\",\"url\":\"https:\\\/\\\/likeink.com\\\/wp-content\\\/uploads\\\/2023\\\/05\\\/Oldschool-love-tattoos-likeink.jpg\",\"contentUrl\":\"https:\\\/\\\/likeink.com\\\/wp-content\\\/uploads\\\/2023\\\/05\\\/Oldschool-love-tattoos-likeink.jpg\",\"width\":1200,\"height\":845,\"caption\":\"Engangs tatoveringer med k\u00e6rlighedsmotiver i Old-School-stil.\"},{\"@type\":\"BreadcrumbList\",\"@id\":\"https:\\\/\\\/likeink.com\\\/da\\\/midlertidige-tatoveringer\\\/old-school-kaerlighedstatoveringer\\\/#breadcrumb\",\"itemListElement\":[{\"@type\":\"ListItem\",\"position\":1,\"name\":\"Hem\",\"item\":\"https:\\\/\\\/likeink.com\\\/da\\\/\"},{\"@type\":\"ListItem\",\"position\":2,\"name\":\"Shop\",\"item\":\"https:\\\/\\\/likeink.com\\\/da\\\/shop\\\/\"},{\"@type\":\"ListItem\",\"position\":3,\"name\":\"Old school k\u00e6rligheds-tatoveringer\"}]},{\"@type\":\"WebSite\",\"@id\":\"https:\\\/\\\/likeink.com\\\/da\\\/#website\",\"url\":\"https:\\\/\\\/likeink.com\\\/da\\\/\",\"name\":\"Like ink\",\"description\":\"Make your own custom design\",\"potentialAction\":[{\"@type\":\"SearchAction\",\"target\":{\"@type\":\"EntryPoint\",\"urlTemplate\":\"https:\\\/\\\/likeink.com\\\/da\\\/?s={search_term_string}\"},\"query-input\":{\"@type\":\"PropertyValueSpecification\",\"valueRequired\":true,\"valueName\":\"search_term_string\"}}],\"inLanguage\":\"da-DK\"}]}<\/script>\n<!-- \/ Yoast SEO Premium plugin. -->","yoast_head_json":{"title":"Old school k\u00e6rlighedstatoveringer A5 98 kr - Like ink","description":"Old school k\u00e6rlighedstatoveringer p\u00e5 A5 ark. Perfekt til polterabend, t\u00f8seaften eller bryllup. Fake tatoveringer er k\u00e6rlighed!- Like ink","robots":{"index":"index","follow":"follow","max-snippet":"max-snippet:-1","max-image-preview":"max-image-preview:large","max-video-preview":"max-video-preview:-1"},"canonical":"https:\/\/likeink.com\/da\/midlertidige-tatoveringer\/old-school-kaerlighedstatoveringer\/","og_locale":"da_DK","og_type":"article","og_title":"Old school k\u00e6rligheds-tatoveringer","og_description":"Vores ark med falske tatoveringer er 20X14 cm i st\u00f8rrelse, og dette ark er fyldt med hjerter i forskellige farver og st\u00f8rrelser. Vi printer og sender din ordre inden for 24 timer!  Dette ark er fyldt med k\u00e6rlighedstatoveringer i en klassisk stil, hjerter, bannere sammen med blomster, en svale og selvf\u00f8lgelig kranier. Falske tatoveringer er perfekte til bryllupper, polterabender og bachelorette fester.  Bestil et ark med smukt illustrerede og stilfulde old school k\u00e6rlighedstatoveringer  Hvad betyder en hjertetatovering?  En hjertetatovering kan betyde forskellige ting afh\u00e6ngigt af, hvem der b\u00e6rer den og hvorfor. For mange repr\u00e6senterer hjertet k\u00e6rlighed, lidenskab og romantik. Det kan ogs\u00e5 symbolisere k\u00e6rlighed til en person, en ting eller et sted. For andre kan en hjertetatovering v\u00e6re et symbol p\u00e5 mod og styrke, eller et tegn p\u00e5, at de har overvundet en form for forhindring eller hjertesorg. Sammenfattende kan hjertetatoveringen have forskellige betydninger for forskellige mennesker og kan fortolkes p\u00e5 forskellige m\u00e5der afh\u00e6ngigt af dens kontekst og anvendelse. Vi mener, at et hjerte symboliserer k\u00e6rlighed, og den old school stil g\u00f8r f\u00f8lelsen af \u200b\u200bdenne falske tatovering \u00e6gte!  Alle tatoveringer fra os hos Like ink er lavet i Sverige og er nemme at p\u00e5f\u00f8re og vaske af. Tatoveringerne ser flotte ud, er veganske og allergivenlige.  Arkst\u00f8rrelse: A5 Antal tatoveringer: 11 Tatoveringsst\u00f8rrelse: 4-7 cm","og_url":"https:\/\/likeink.com\/da\/midlertidige-tatoveringer\/old-school-kaerlighedstatoveringer\/","og_site_name":"Like ink","article_publisher":"https:\/\/www.facebook.com\/LikeInkSe","article_modified_time":"2026-03-16T15:42:32+00:00","og_image":[{"width":1200,"height":845,"url":"https:\/\/likeink.com\/wp-content\/uploads\/2023\/05\/Oldschool-love-tattoos-likeink.jpg","type":"image\/jpeg"}],"twitter_card":"summary_large_image","schema":{"@context":"https:\/\/schema.org","@graph":[{"@type":"WebPage","@id":"https:\/\/likeink.com\/da\/midlertidige-tatoveringer\/old-school-kaerlighedstatoveringer\/","url":"https:\/\/likeink.com\/da\/midlertidige-tatoveringer\/old-school-kaerlighedstatoveringer\/","name":"Old school k\u00e6rlighedstatoveringer A5 98 kr - Like ink","isPartOf":{"@id":"https:\/\/likeink.com\/da\/#website"},"primaryImageOfPage":{"@id":"https:\/\/likeink.com\/da\/midlertidige-tatoveringer\/old-school-kaerlighedstatoveringer\/#primaryimage"},"image":{"@id":"https:\/\/likeink.com\/da\/midlertidige-tatoveringer\/old-school-kaerlighedstatoveringer\/#primaryimage"},"thumbnailUrl":"https:\/\/likeink.com\/wp-content\/uploads\/2023\/05\/Oldschool-love-tattoos-likeink.jpg","datePublished":"2023-05-02T13:06:06+00:00","dateModified":"2026-03-16T15:42:32+00:00","description":"Old school k\u00e6rlighedstatoveringer p\u00e5 A5 ark. Perfekt til polterabend, t\u00f8seaften eller bryllup. Fake tatoveringer er k\u00e6rlighed!- Like ink","breadcrumb":{"@id":"https:\/\/likeink.com\/da\/midlertidige-tatoveringer\/old-school-kaerlighedstatoveringer\/#breadcrumb"},"inLanguage":"da-DK","potentialAction":[{"@type":"ReadAction","target":["https:\/\/likeink.com\/da\/midlertidige-tatoveringer\/old-school-kaerlighedstatoveringer\/"]}]},{"@type":"ImageObject","inLanguage":"da-DK","@id":"https:\/\/likeink.com\/da\/midlertidige-tatoveringer\/old-school-kaerlighedstatoveringer\/#primaryimage","url":"https:\/\/likeink.com\/wp-content\/uploads\/2023\/05\/Oldschool-love-tattoos-likeink.jpg","contentUrl":"https:\/\/likeink.com\/wp-content\/uploads\/2023\/05\/Oldschool-love-tattoos-likeink.jpg","width":1200,"height":845,"caption":"Engangs tatoveringer med k\u00e6rlighedsmotiver i Old-School-stil."},{"@type":"BreadcrumbList","@id":"https:\/\/likeink.com\/da\/midlertidige-tatoveringer\/old-school-kaerlighedstatoveringer\/#breadcrumb","itemListElement":[{"@type":"ListItem","position":1,"name":"Hem","item":"https:\/\/likeink.com\/da\/"},{"@type":"ListItem","position":2,"name":"Shop","item":"https:\/\/likeink.com\/da\/shop\/"},{"@type":"ListItem","position":3,"name":"Old school k\u00e6rligheds-tatoveringer"}]},{"@type":"WebSite","@id":"https:\/\/likeink.com\/da\/#website","url":"https:\/\/likeink.com\/da\/","name":"Like ink","description":"Make your own custom design","potentialAction":[{"@type":"SearchAction","target":{"@type":"EntryPoint","urlTemplate":"https:\/\/likeink.com\/da\/?s={search_term_string}"},"query-input":{"@type":"PropertyValueSpecification","valueRequired":true,"valueName":"search_term_string"}}],"inLanguage":"da-DK"}]}},"_links":{"self":[{"href":"https:\/\/likeink.com\/da\/wp-json\/wp\/v2\/product\/17656","targetHints":{"allow":["GET"]}}],"collection":[{"href":"https:\/\/likeink.com\/da\/wp-json\/wp\/v2\/product"}],"about":[{"href":"https:\/\/likeink.com\/da\/wp-json\/wp\/v2\/types\/product"}],"wp:featuredmedia":[{"embeddable":true,"href":"https:\/\/likeink.com\/da\/wp-json\/wp\/v2\/media\/17644"}],"wp:attachment":[{"href":"https:\/\/likeink.com\/da\/wp-json\/wp\/v2\/media?parent=17656"}],"wp:term":[{"taxonomy":"product_brand","embeddable":true,"href":"https:\/\/likeink.com\/da\/wp-json\/wp\/v2\/product_brand?post=17656"},{"taxonomy":"product_cat","embeddable":true,"href":"https:\/\/likeink.com\/da\/wp-json\/wp\/v2\/product_cat?post=17656"},{"taxonomy":"product_tag","embeddable":true,"href":"https:\/\/likeink.com\/da\/wp-json\/wp\/v2\/product_tag?post=17656"}],"curies":[{"name":"wp","href":"https:\/\/api.w.org\/{rel}","templated":true}]}}