{"id":17697,"date":"2023-05-02T14:39:22","date_gmt":"2023-05-02T14:39:22","guid":{"rendered":"https:\/\/likeink.se\/gnuggis\/oldschool-drake-tatuering\/"},"modified":"2026-04-21T13:12:05","modified_gmt":"2026-04-21T13:12:05","slug":"oldschool-drage-tatovering","status":"publish","type":"product","link":"https:\/\/likeink.com\/da\/midlertidige-tatoveringer\/oldschool-drage-tatovering\/","title":{"rendered":"Oldschool drage tatovering"},"content":{"rendered":"","protected":false},"excerpt":{"rendered":"<p>Vores ark med falske tatoveringer er 20X14 cm i st\u00f8rrelse, og dette ark er fyldt med tre store drager i en \u00e6gte old school tatoveringsstil. Vi printer og sender din ordre inden for 24 timer!<br \/>\nHer f\u00e5r du to store drager og en mindre i klare farver, perfekt til en hel underarm, p\u00e5 ribbenene eller p\u00e5 overarmen.<\/p>\n<h2>Bestil et ark med store drager i en \u00e6gte tatoveringsstil<\/h2>\n<p>Hvad betyder en drage tatovering?<br \/>\nBetydningen af en drage tatovering kan variere afh\u00e6ngigt af kulturel baggrund, design og den personlige forbindelse for den person, der b\u00e6rer tatoveringen. Generelt er drager kendt som kraftfulde, majest\u00e6tiske og mystiske v\u00e6sener. De optr\u00e6der i mange mytologier og kulturer over hele verden, s\u00e5som kinesisk, japansk og europ\u00e6isk mytologi.<br \/>\nI kinesisk kultur symboliserer drager ofte visdom, styrke, held og succes. De betragtes som en positiv kraft og er ofte forbundet med kejsere og herskere. I japansk kultur er drager ogs\u00e5 symboler p\u00e5 visdom, styrke og beskyttere af vand og regn.<br \/>\nI europ\u00e6isk mytologi repr\u00e6senterer drager ofte fare, ondskab og udfordringer, der skal overvindes. De kan ogs\u00e5 v\u00e6re symboler p\u00e5 rigdom og magt, da de ofte er forbundet med at beskytte skatte og skjulte rigdomme.<br \/>\nSom en tatovering kan en drage betyde styrke, mod, visdom, beskyttelse eller succes, afh\u00e6ngigt af b\u00e6rerens \u00f8nsker og tatoveringens stil.<\/p>\n<p>Alle falske tatoveringer fra os hos Like ink er lavet i Sverige og er nemme at p\u00e5f\u00f8re og vaske af. Tatoveringerne ser flotte ud, er veganske og allergivenlige.<\/p>\n<p>Ark st\u00f8rrelse: A5<br \/>\nAntal tatoveringer: 3<br \/>\nSt\u00f8rrelse p\u00e5 st\u00f8rste tatoveringer: 18 cm<\/p>\n","protected":false},"featured_media":17637,"template":"","meta":[],"product_brand":[],"product_cat":[519,53,506],"product_tag":[],"class_list":{"0":"post-17697","1":"product","2":"type-product","3":"status-publish","4":"has-post-thumbnail","6":"product_cat-dyr-natur","7":"product_cat-faerdige-ark","8":"product_cat-old-school-retro-da","10":"first","11":"instock","12":"taxable","13":"shipping-taxable","14":"purchasable","15":"product-type-simple"},"yoast_head":"<!-- This site is optimized with the Yoast SEO Premium plugin v26.2 (Yoast SEO v27.4) - https:\/\/yoast.com\/product\/yoast-seo-premium-wordpress\/ -->\n<title>Oldschool drage tatovering A5 I Fake tattoo - Like ink<\/title>\n<meta name=\"description\" content=\"Oldschool drage tatovering. Bestil arket med tre Oldschool-drage-tatoveringer. God kvalitet og hurtig levering!- Like ink\" \/>\n<meta name=\"robots\" content=\"index, follow, max-snippet:-1, max-image-preview:large, max-video-preview:-1\" \/>\n<link rel=\"canonical\" href=\"https:\/\/likeink.com\/da\/midlertidige-tatoveringer\/oldschool-drage-tatovering\/\" \/>\n<meta property=\"og:locale\" content=\"da_DK\" \/>\n<meta property=\"og:type\" content=\"article\" \/>\n<meta property=\"og:title\" content=\"Oldschool drage tatovering\" \/>\n<meta property=\"og:description\" content=\"Vores ark med falske tatoveringer er 20X14 cm i st\u00f8rrelse, og dette ark er fyldt med tre store drager i en \u00e6gte old school tatoveringsstil. Vi printer og sender din ordre inden for 24 timer! Her f\u00e5r du to store drager og en mindre i klare farver, perfekt til en hel underarm, p\u00e5 ribbenene eller p\u00e5 overarmen. Bestil et ark med store drager i en \u00e6gte tatoveringsstil Hvad betyder en drage tatovering? Betydningen af en drage tatovering kan variere afh\u00e6ngigt af kulturel baggrund, design og den personlige forbindelse for den person, der b\u00e6rer tatoveringen. Generelt er drager kendt som kraftfulde, majest\u00e6tiske og mystiske v\u00e6sener. De optr\u00e6der i mange mytologier og kulturer over hele verden, s\u00e5som kinesisk, japansk og europ\u00e6isk mytologi. I kinesisk kultur symboliserer drager ofte visdom, styrke, held og succes. De betragtes som en positiv kraft og er ofte forbundet med kejsere og herskere. I japansk kultur er drager ogs\u00e5 symboler p\u00e5 visdom, styrke og beskyttere af vand og regn. I europ\u00e6isk mytologi repr\u00e6senterer drager ofte fare, ondskab og udfordringer, der skal overvindes. De kan ogs\u00e5 v\u00e6re symboler p\u00e5 rigdom og magt, da de ofte er forbundet med at beskytte skatte og skjulte rigdomme. Som en tatovering kan en drage betyde styrke, mod, visdom, beskyttelse eller succes, afh\u00e6ngigt af b\u00e6rerens \u00f8nsker og tatoveringens stil.  Alle falske tatoveringer fra os hos Like ink er lavet i Sverige og er nemme at p\u00e5f\u00f8re og vaske af. Tatoveringerne ser flotte ud, er veganske og allergivenlige.  Ark st\u00f8rrelse: A5 Antal tatoveringer: 3 St\u00f8rrelse p\u00e5 st\u00f8rste tatoveringer: 18 cm\" \/>\n<meta property=\"og:url\" content=\"https:\/\/likeink.com\/da\/midlertidige-tatoveringer\/oldschool-drage-tatovering\/\" \/>\n<meta property=\"og:site_name\" content=\"Like ink\" \/>\n<meta property=\"article:publisher\" content=\"https:\/\/www.facebook.com\/LikeInkSe\" \/>\n<meta property=\"article:modified_time\" content=\"2026-04-21T13:12:05+00:00\" \/>\n<meta property=\"og:image\" content=\"https:\/\/likeink.com\/wp-content\/uploads\/2023\/05\/Traditional-dragon-tattoo-likeink.jpg\" \/>\n\t<meta property=\"og:image:width\" content=\"1200\" \/>\n\t<meta property=\"og:image:height\" content=\"845\" \/>\n\t<meta property=\"og:image:type\" content=\"image\/jpeg\" \/>\n<meta name=\"twitter:card\" content=\"summary_large_image\" \/>\n<meta name=\"twitter:label1\" content=\"Estimeret l\u00e6setid\" \/>\n\t<meta name=\"twitter:data1\" content=\"1 minut\" \/>\n<!-- \/ Yoast SEO Premium plugin. -->","yoast_head_json":{"title":"Oldschool drage tatovering A5 I Fake tattoo - Like ink","description":"Oldschool drage tatovering. Bestil arket med tre Oldschool-drage-tatoveringer. God kvalitet og hurtig levering!- Like ink","robots":{"index":"index","follow":"follow","max-snippet":"max-snippet:-1","max-image-preview":"max-image-preview:large","max-video-preview":"max-video-preview:-1"},"canonical":"https:\/\/likeink.com\/da\/midlertidige-tatoveringer\/oldschool-drage-tatovering\/","og_locale":"da_DK","og_type":"article","og_title":"Oldschool drage tatovering","og_description":"Vores ark med falske tatoveringer er 20X14 cm i st\u00f8rrelse, og dette ark er fyldt med tre store drager i en \u00e6gte old school tatoveringsstil. Vi printer og sender din ordre inden for 24 timer! Her f\u00e5r du to store drager og en mindre i klare farver, perfekt til en hel underarm, p\u00e5 ribbenene eller p\u00e5 overarmen. Bestil et ark med store drager i en \u00e6gte tatoveringsstil Hvad betyder en drage tatovering? Betydningen af en drage tatovering kan variere afh\u00e6ngigt af kulturel baggrund, design og den personlige forbindelse for den person, der b\u00e6rer tatoveringen. Generelt er drager kendt som kraftfulde, majest\u00e6tiske og mystiske v\u00e6sener. De optr\u00e6der i mange mytologier og kulturer over hele verden, s\u00e5som kinesisk, japansk og europ\u00e6isk mytologi. I kinesisk kultur symboliserer drager ofte visdom, styrke, held og succes. De betragtes som en positiv kraft og er ofte forbundet med kejsere og herskere. I japansk kultur er drager ogs\u00e5 symboler p\u00e5 visdom, styrke og beskyttere af vand og regn. I europ\u00e6isk mytologi repr\u00e6senterer drager ofte fare, ondskab og udfordringer, der skal overvindes. De kan ogs\u00e5 v\u00e6re symboler p\u00e5 rigdom og magt, da de ofte er forbundet med at beskytte skatte og skjulte rigdomme. Som en tatovering kan en drage betyde styrke, mod, visdom, beskyttelse eller succes, afh\u00e6ngigt af b\u00e6rerens \u00f8nsker og tatoveringens stil.  Alle falske tatoveringer fra os hos Like ink er lavet i Sverige og er nemme at p\u00e5f\u00f8re og vaske af. Tatoveringerne ser flotte ud, er veganske og allergivenlige.  Ark st\u00f8rrelse: A5 Antal tatoveringer: 3 St\u00f8rrelse p\u00e5 st\u00f8rste tatoveringer: 18 cm","og_url":"https:\/\/likeink.com\/da\/midlertidige-tatoveringer\/oldschool-drage-tatovering\/","og_site_name":"Like ink","article_publisher":"https:\/\/www.facebook.com\/LikeInkSe","article_modified_time":"2026-04-21T13:12:05+00:00","og_image":[{"width":1200,"height":845,"url":"https:\/\/likeink.com\/wp-content\/uploads\/2023\/05\/Traditional-dragon-tattoo-likeink.jpg","type":"image\/jpeg"}],"twitter_card":"summary_large_image","twitter_misc":{"Estimeret l\u00e6setid":"1 minut"},"schema":{"@context":"https:\/\/schema.org","@graph":[{"@type":"WebPage","@id":"https:\/\/likeink.com\/da\/midlertidige-tatoveringer\/oldschool-drage-tatovering\/","url":"https:\/\/likeink.com\/da\/midlertidige-tatoveringer\/oldschool-drage-tatovering\/","name":"Oldschool drage tatovering A5 I Fake tattoo - Like ink","isPartOf":{"@id":"https:\/\/likeink.com\/da\/#website"},"primaryImageOfPage":{"@id":"https:\/\/likeink.com\/da\/midlertidige-tatoveringer\/oldschool-drage-tatovering\/#primaryimage"},"image":{"@id":"https:\/\/likeink.com\/da\/midlertidige-tatoveringer\/oldschool-drage-tatovering\/#primaryimage"},"thumbnailUrl":"https:\/\/likeink.com\/wp-content\/uploads\/2023\/05\/Traditional-dragon-tattoo-likeink.jpg","datePublished":"2023-05-02T14:39:22+00:00","dateModified":"2026-04-21T13:12:05+00:00","description":"Oldschool drage tatovering. Bestil arket med tre Oldschool-drage-tatoveringer. God kvalitet og hurtig levering!- Like ink","breadcrumb":{"@id":"https:\/\/likeink.com\/da\/midlertidige-tatoveringer\/oldschool-drage-tatovering\/#breadcrumb"},"inLanguage":"da-DK","potentialAction":[{"@type":"ReadAction","target":["https:\/\/likeink.com\/da\/midlertidige-tatoveringer\/oldschool-drage-tatovering\/"]}]},{"@type":"ImageObject","inLanguage":"da-DK","@id":"https:\/\/likeink.com\/da\/midlertidige-tatoveringer\/oldschool-drage-tatovering\/#primaryimage","url":"https:\/\/likeink.com\/wp-content\/uploads\/2023\/05\/Traditional-dragon-tattoo-likeink.jpg","contentUrl":"https:\/\/likeink.com\/wp-content\/uploads\/2023\/05\/Traditional-dragon-tattoo-likeink.jpg","width":1200,"height":845,"caption":"Engangs tatoveringer med drager, roser og farver."},{"@type":"BreadcrumbList","@id":"https:\/\/likeink.com\/da\/midlertidige-tatoveringer\/oldschool-drage-tatovering\/#breadcrumb","itemListElement":[{"@type":"ListItem","position":1,"name":"Hem","item":"https:\/\/likeink.com\/da\/"},{"@type":"ListItem","position":2,"name":"Shop","item":"https:\/\/likeink.com\/da\/shop\/"},{"@type":"ListItem","position":3,"name":"Oldschool drage tatovering"}]},{"@type":"WebSite","@id":"https:\/\/likeink.com\/da\/#website","url":"https:\/\/likeink.com\/da\/","name":"Like ink","description":"Make your own custom design","potentialAction":[{"@type":"SearchAction","target":{"@type":"EntryPoint","urlTemplate":"https:\/\/likeink.com\/da\/?s={search_term_string}"},"query-input":{"@type":"PropertyValueSpecification","valueRequired":true,"valueName":"search_term_string"}}],"inLanguage":"da-DK"}]}},"_links":{"self":[{"href":"https:\/\/likeink.com\/da\/wp-json\/wp\/v2\/product\/17697","targetHints":{"allow":["GET"]}}],"collection":[{"href":"https:\/\/likeink.com\/da\/wp-json\/wp\/v2\/product"}],"about":[{"href":"https:\/\/likeink.com\/da\/wp-json\/wp\/v2\/types\/product"}],"wp:featuredmedia":[{"embeddable":true,"href":"https:\/\/likeink.com\/da\/wp-json\/wp\/v2\/media\/17637"}],"wp:attachment":[{"href":"https:\/\/likeink.com\/da\/wp-json\/wp\/v2\/media?parent=17697"}],"wp:term":[{"taxonomy":"product_brand","embeddable":true,"href":"https:\/\/likeink.com\/da\/wp-json\/wp\/v2\/product_brand?post=17697"},{"taxonomy":"product_cat","embeddable":true,"href":"https:\/\/likeink.com\/da\/wp-json\/wp\/v2\/product_cat?post=17697"},{"taxonomy":"product_tag","embeddable":true,"href":"https:\/\/likeink.com\/da\/wp-json\/wp\/v2\/product_tag?post=17697"}],"curies":[{"name":"wp","href":"https:\/\/api.w.org\/{rel}","templated":true}]}}