{"id":17709,"date":"2023-05-02T14:58:29","date_gmt":"2023-05-02T14:58:29","guid":{"rendered":"https:\/\/likeink.se\/gnuggis\/diamant-tatueringar\/"},"modified":"2026-03-16T15:42:44","modified_gmt":"2026-03-16T15:42:44","slug":"diamant-tatoveringer","status":"publish","type":"product","link":"https:\/\/likeink.com\/da\/midlertidige-tatoveringer\/diamant-tatoveringer\/","title":{"rendered":"Diamant tatoveringer"},"content":{"rendered":"","protected":false},"excerpt":{"rendered":"<p>Vores ark med falske tatoveringer er 20&#215;14 cm i st\u00f8rrelse, og dette ark er fyldt med diamanter i forskellige farver og st\u00f8rrelser. Vi printer og sender dine diamant tatoveringer inden for 24 timer!<\/p>\n<p>De sm\u00e5 diamanter er beregnet til at passe perfekt p\u00e5 fingre, bag \u00f8ret eller m\u00e5ske diskret p\u00e5 h\u00e5ndleddet, eller bygges sammen for at skabe st\u00f8rre klumper, mens de st\u00f8rre, omkring 4 cm, er mere synlige.<\/p>\n<h2>Bestil et ark med smukke diamant tatoveringer i forskellige farver og st\u00f8rrelser<\/h2>\n<p><strong>Betydning af diamant tatoveringer?<\/strong><br \/>\nEn diamant tatovering kan have forskellige betydninger afh\u00e6ngigt af, hvem der b\u00e6rer den, og hvorfor. For nogle mennesker kan diamant tatoveringer symbolisere styrke, elegance, renhed og uopslidelighed p\u00e5 grund af diamantens h\u00e5rdhed og uigennemtr\u00e6ngelighed. For andre kan diamant tatoveringer repr\u00e6sentere sk\u00f8nhed, luksus og rigdom, da diamanter har v\u00e6ret en eftertragtet \u00e6delsten gennem historien. Det er dog vigtigt at bem\u00e6rke, at tatoveringer altid har en personlig betydning for personen, der b\u00e6rer dem, og kan fortolkes p\u00e5 forskellige m\u00e5der af forskellige mennesker.<\/p>\n<p>Alle tatoveringer fra os p\u00e5 Like ink er lavet i Sverige og er nemme at p\u00e5f\u00f8re og vaske af. De falske tatoveringer ser fantastiske ud, er veganske og allergivenlige.<\/p>\n<p>Arkst\u00f8rrelse: A5<br \/>\nAntal tatoveringer: 50:ish<br \/>\nTatoveringsst\u00f8rrelse: 1-4,5 cm<\/p>\n","protected":false},"featured_media":17582,"template":"","meta":[],"product_brand":[],"product_cat":[53,525],"product_tag":[],"class_list":{"0":"post-17709","1":"product","2":"type-product","3":"status-publish","4":"has-post-thumbnail","6":"product_cat-faerdige-ark","7":"product_cat-tribal-symboler-runer","9":"first","10":"instock","11":"taxable","12":"shipping-taxable","13":"purchasable","14":"product-type-simple"},"yoast_head":"<!-- This site is optimized with the Yoast SEO Premium plugin v26.2 (Yoast SEO v27.5) - https:\/\/yoast.com\/product\/yoast-seo-premium-wordpress\/ -->\n<title>Diamant tatoveringer A5-ark I Fake tatoveringer - Like ink<\/title>\n<meta name=\"description\" content=\"Diamant tatoveringer! Bestil fine diamant-tatoveringer i varierende st\u00f8rrelser og farver.. - Like ink\" \/>\n<meta name=\"robots\" content=\"index, follow, max-snippet:-1, max-image-preview:large, max-video-preview:-1\" \/>\n<link rel=\"canonical\" href=\"https:\/\/likeink.com\/da\/midlertidige-tatoveringer\/diamant-tatoveringer\/\" \/>\n<meta property=\"og:locale\" content=\"da_DK\" \/>\n<meta property=\"og:type\" content=\"article\" \/>\n<meta property=\"og:title\" content=\"Diamant tatoveringer\" \/>\n<meta property=\"og:description\" content=\"Vores ark med falske tatoveringer er 20x14 cm i st\u00f8rrelse, og dette ark er fyldt med diamanter i forskellige farver og st\u00f8rrelser. Vi printer og sender dine diamant tatoveringer inden for 24 timer!  De sm\u00e5 diamanter er beregnet til at passe perfekt p\u00e5 fingre, bag \u00f8ret eller m\u00e5ske diskret p\u00e5 h\u00e5ndleddet, eller bygges sammen for at skabe st\u00f8rre klumper, mens de st\u00f8rre, omkring 4 cm, er mere synlige.  Bestil et ark med smukke diamant tatoveringer i forskellige farver og st\u00f8rrelser  Betydning af diamant tatoveringer? En diamant tatovering kan have forskellige betydninger afh\u00e6ngigt af, hvem der b\u00e6rer den, og hvorfor. For nogle mennesker kan diamant tatoveringer symbolisere styrke, elegance, renhed og uopslidelighed p\u00e5 grund af diamantens h\u00e5rdhed og uigennemtr\u00e6ngelighed. For andre kan diamant tatoveringer repr\u00e6sentere sk\u00f8nhed, luksus og rigdom, da diamanter har v\u00e6ret en eftertragtet \u00e6delsten gennem historien. Det er dog vigtigt at bem\u00e6rke, at tatoveringer altid har en personlig betydning for personen, der b\u00e6rer dem, og kan fortolkes p\u00e5 forskellige m\u00e5der af forskellige mennesker.  Alle tatoveringer fra os p\u00e5 Like ink er lavet i Sverige og er nemme at p\u00e5f\u00f8re og vaske af. De falske tatoveringer ser fantastiske ud, er veganske og allergivenlige.  Arkst\u00f8rrelse: A5 Antal tatoveringer: 50:ish Tatoveringsst\u00f8rrelse: 1-4,5 cm\" \/>\n<meta property=\"og:url\" content=\"https:\/\/likeink.com\/da\/midlertidige-tatoveringer\/diamant-tatoveringer\/\" \/>\n<meta property=\"og:site_name\" content=\"Like ink\" \/>\n<meta property=\"article:publisher\" content=\"https:\/\/www.facebook.com\/LikeInkSe\" \/>\n<meta property=\"article:modified_time\" content=\"2026-03-16T15:42:44+00:00\" \/>\n<meta property=\"og:image\" content=\"https:\/\/likeink.com\/wp-content\/uploads\/2023\/05\/Diamond-fake-tattoos-Likeink.jpg\" \/>\n\t<meta property=\"og:image:width\" content=\"1200\" \/>\n\t<meta property=\"og:image:height\" content=\"845\" \/>\n\t<meta property=\"og:image:type\" content=\"image\/jpeg\" \/>\n<meta name=\"twitter:card\" content=\"summary_large_image\" \/>\n<!-- \/ Yoast SEO Premium plugin. -->","yoast_head_json":{"title":"Diamant tatoveringer A5-ark I Fake tatoveringer - Like ink","description":"Diamant tatoveringer! Bestil fine diamant-tatoveringer i varierende st\u00f8rrelser og farver.. - Like ink","robots":{"index":"index","follow":"follow","max-snippet":"max-snippet:-1","max-image-preview":"max-image-preview:large","max-video-preview":"max-video-preview:-1"},"canonical":"https:\/\/likeink.com\/da\/midlertidige-tatoveringer\/diamant-tatoveringer\/","og_locale":"da_DK","og_type":"article","og_title":"Diamant tatoveringer","og_description":"Vores ark med falske tatoveringer er 20x14 cm i st\u00f8rrelse, og dette ark er fyldt med diamanter i forskellige farver og st\u00f8rrelser. Vi printer og sender dine diamant tatoveringer inden for 24 timer!  De sm\u00e5 diamanter er beregnet til at passe perfekt p\u00e5 fingre, bag \u00f8ret eller m\u00e5ske diskret p\u00e5 h\u00e5ndleddet, eller bygges sammen for at skabe st\u00f8rre klumper, mens de st\u00f8rre, omkring 4 cm, er mere synlige.  Bestil et ark med smukke diamant tatoveringer i forskellige farver og st\u00f8rrelser  Betydning af diamant tatoveringer? En diamant tatovering kan have forskellige betydninger afh\u00e6ngigt af, hvem der b\u00e6rer den, og hvorfor. For nogle mennesker kan diamant tatoveringer symbolisere styrke, elegance, renhed og uopslidelighed p\u00e5 grund af diamantens h\u00e5rdhed og uigennemtr\u00e6ngelighed. For andre kan diamant tatoveringer repr\u00e6sentere sk\u00f8nhed, luksus og rigdom, da diamanter har v\u00e6ret en eftertragtet \u00e6delsten gennem historien. Det er dog vigtigt at bem\u00e6rke, at tatoveringer altid har en personlig betydning for personen, der b\u00e6rer dem, og kan fortolkes p\u00e5 forskellige m\u00e5der af forskellige mennesker.  Alle tatoveringer fra os p\u00e5 Like ink er lavet i Sverige og er nemme at p\u00e5f\u00f8re og vaske af. De falske tatoveringer ser fantastiske ud, er veganske og allergivenlige.  Arkst\u00f8rrelse: A5 Antal tatoveringer: 50:ish Tatoveringsst\u00f8rrelse: 1-4,5 cm","og_url":"https:\/\/likeink.com\/da\/midlertidige-tatoveringer\/diamant-tatoveringer\/","og_site_name":"Like ink","article_publisher":"https:\/\/www.facebook.com\/LikeInkSe","article_modified_time":"2026-03-16T15:42:44+00:00","og_image":[{"width":1200,"height":845,"url":"https:\/\/likeink.com\/wp-content\/uploads\/2023\/05\/Diamond-fake-tattoos-Likeink.jpg","type":"image\/jpeg"}],"twitter_card":"summary_large_image","schema":{"@context":"https:\/\/schema.org","@graph":[{"@type":"WebPage","@id":"https:\/\/likeink.com\/da\/midlertidige-tatoveringer\/diamant-tatoveringer\/","url":"https:\/\/likeink.com\/da\/midlertidige-tatoveringer\/diamant-tatoveringer\/","name":"Diamant tatoveringer A5-ark I Fake tatoveringer - Like ink","isPartOf":{"@id":"https:\/\/likeink.com\/da\/#website"},"primaryImageOfPage":{"@id":"https:\/\/likeink.com\/da\/midlertidige-tatoveringer\/diamant-tatoveringer\/#primaryimage"},"image":{"@id":"https:\/\/likeink.com\/da\/midlertidige-tatoveringer\/diamant-tatoveringer\/#primaryimage"},"thumbnailUrl":"https:\/\/likeink.com\/wp-content\/uploads\/2023\/05\/Diamond-fake-tattoos-Likeink.jpg","datePublished":"2023-05-02T14:58:29+00:00","dateModified":"2026-03-16T15:42:44+00:00","description":"Diamant tatoveringer! Bestil fine diamant-tatoveringer i varierende st\u00f8rrelser og farver.. - Like ink","breadcrumb":{"@id":"https:\/\/likeink.com\/da\/midlertidige-tatoveringer\/diamant-tatoveringer\/#breadcrumb"},"inLanguage":"da-DK","potentialAction":[{"@type":"ReadAction","target":["https:\/\/likeink.com\/da\/midlertidige-tatoveringer\/diamant-tatoveringer\/"]}]},{"@type":"ImageObject","inLanguage":"da-DK","@id":"https:\/\/likeink.com\/da\/midlertidige-tatoveringer\/diamant-tatoveringer\/#primaryimage","url":"https:\/\/likeink.com\/wp-content\/uploads\/2023\/05\/Diamond-fake-tattoos-Likeink.jpg","contentUrl":"https:\/\/likeink.com\/wp-content\/uploads\/2023\/05\/Diamond-fake-tattoos-Likeink.jpg","width":1200,"height":845,"caption":"Falske tatoveringer med diamanter."},{"@type":"BreadcrumbList","@id":"https:\/\/likeink.com\/da\/midlertidige-tatoveringer\/diamant-tatoveringer\/#breadcrumb","itemListElement":[{"@type":"ListItem","position":1,"name":"Hem","item":"https:\/\/likeink.com\/da\/"},{"@type":"ListItem","position":2,"name":"Shop","item":"https:\/\/likeink.com\/da\/shop\/"},{"@type":"ListItem","position":3,"name":"Diamant tatoveringer"}]},{"@type":"WebSite","@id":"https:\/\/likeink.com\/da\/#website","url":"https:\/\/likeink.com\/da\/","name":"Like ink","description":"Make your own custom design","potentialAction":[{"@type":"SearchAction","target":{"@type":"EntryPoint","urlTemplate":"https:\/\/likeink.com\/da\/?s={search_term_string}"},"query-input":{"@type":"PropertyValueSpecification","valueRequired":true,"valueName":"search_term_string"}}],"inLanguage":"da-DK"}]}},"_links":{"self":[{"href":"https:\/\/likeink.com\/da\/wp-json\/wp\/v2\/product\/17709","targetHints":{"allow":["GET"]}}],"collection":[{"href":"https:\/\/likeink.com\/da\/wp-json\/wp\/v2\/product"}],"about":[{"href":"https:\/\/likeink.com\/da\/wp-json\/wp\/v2\/types\/product"}],"wp:featuredmedia":[{"embeddable":true,"href":"https:\/\/likeink.com\/da\/wp-json\/wp\/v2\/media\/17582"}],"wp:attachment":[{"href":"https:\/\/likeink.com\/da\/wp-json\/wp\/v2\/media?parent=17709"}],"wp:term":[{"taxonomy":"product_brand","embeddable":true,"href":"https:\/\/likeink.com\/da\/wp-json\/wp\/v2\/product_brand?post=17709"},{"taxonomy":"product_cat","embeddable":true,"href":"https:\/\/likeink.com\/da\/wp-json\/wp\/v2\/product_cat?post=17709"},{"taxonomy":"product_tag","embeddable":true,"href":"https:\/\/likeink.com\/da\/wp-json\/wp\/v2\/product_tag?post=17709"}],"curies":[{"name":"wp","href":"https:\/\/api.w.org\/{rel}","templated":true}]}}