{"id":1771,"date":"2019-02-01T15:00:46","date_gmt":"2019-11-06T14:21:10","guid":{"rendered":"https:\/\/likeink.se\/?post_type=product&#038;p=1771"},"modified":"2024-02-14T15:40:51","modified_gmt":"2024-02-14T15:40:51","slug":"eventpakke-medium-120-ark","status":"publish","type":"product","link":"https:\/\/likeink.com\/da\/midlertidige-tatoveringer\/eventpakke-medium-120-ark\/","title":{"rendered":"Eventpakke Medium 120 ark"},"content":{"rendered":"<p>At markedsf\u00f8re sit brand eller virksomhed med midlertidige tatoveringer er en sjov og prisvenlig m\u00e5de at n\u00e5 ud til sin publikum p\u00e5. Det g\u00e6lder b\u00e5de internt, ved firmafester, til teambuilding, festivaler og over for kunder.<\/p>\n<p>Hvis der er tatoveringer til overs, har I en perfekt giveaway til kunder, til fotografering og til kommende fester.<\/p>\n<p>Like inks falske tatoveringer holder l\u00e6nge, er hudvenlige og opfylder al kosmetiklovgivning i EU og ser desuden godt ud<\/p>\n","protected":false},"excerpt":{"rendered":"<p class=\"p1\">I denne pakke trykker vi 120 A5-ark med det billede, du uploader. Alt afh\u00e6ngigt af billedets form v\u00e6lger vi de passende st\u00f8rrelser og giver dig en god blanding af store og sm\u00e5 tatoveringer. Denne pakke med engangstatoveringer er velegnet til fester og events med op til 500 personer. Vi leverer kort og godt 120 ark med engangstatoveringer i forskellige st\u00f8rrelser, og alt, du skal g\u00f8re, er at uploade \u00e9t enkelt billede.<\/p>\n","protected":false},"featured_media":20812,"template":"","meta":[],"product_brand":[],"product_cat":[16],"product_tag":[],"class_list":{"0":"post-1771","1":"product","2":"type-product","3":"status-publish","4":"has-post-thumbnail","6":"product_cat-okategoriserad","8":"first","9":"instock","10":"taxable","11":"shipping-taxable","12":"purchasable","13":"product-type-simple"},"yoast_head":"<!-- This site is optimized with the Yoast SEO Premium plugin v26.2 (Yoast SEO v27.4) - https:\/\/yoast.com\/product\/yoast-seo-premium-wordpress\/ -->\n<title>Midlertidige tatoveringer Pakkepris 120 A5 sheets - Like ink<\/title>\n<meta name=\"description\" content=\"Midlertidige tatoveringer Pakkepris: &quot;Custom made&quot; engangstatoveringer til bryllupper, fester og begivenheder! Gode priser og hurtig levering! - Like ink\" \/>\n<meta name=\"robots\" content=\"index, follow, max-snippet:-1, max-image-preview:large, max-video-preview:-1\" \/>\n<link rel=\"canonical\" href=\"https:\/\/likeink.com\/da\/midlertidige-tatoveringer\/eventpakke-medium-120-ark\/\" \/>\n<meta property=\"og:locale\" content=\"da_DK\" \/>\n<meta property=\"og:type\" content=\"article\" \/>\n<meta property=\"og:title\" content=\"Eventpakke Medium 120 ark\" \/>\n<meta property=\"og:description\" content=\"I denne pakke trykker vi 120 A5-ark med det billede, du uploader. Alt afh\u00e6ngigt af billedets form v\u00e6lger vi de passende st\u00f8rrelser og giver dig en god blanding af store og sm\u00e5 tatoveringer. Denne pakke med engangstatoveringer er velegnet til fester og events med op til 500 personer. Vi leverer kort og godt 120 ark med engangstatoveringer i forskellige st\u00f8rrelser, og alt, du skal g\u00f8re, er at uploade \u00e9t enkelt billede.\" \/>\n<meta property=\"og:url\" content=\"https:\/\/likeink.com\/da\/midlertidige-tatoveringer\/eventpakke-medium-120-ark\/\" \/>\n<meta property=\"og:site_name\" content=\"Like ink\" \/>\n<meta property=\"article:publisher\" content=\"https:\/\/www.facebook.com\/LikeInkSe\" \/>\n<meta property=\"article:modified_time\" content=\"2024-02-14T15:40:51+00:00\" \/>\n<meta property=\"og:image\" content=\"https:\/\/likeink.com\/wp-content\/uploads\/2019\/02\/temporary-tattoos-event-medium.jpg\" \/>\n\t<meta property=\"og:image:width\" content=\"1686\" \/>\n\t<meta property=\"og:image:height\" content=\"1686\" \/>\n\t<meta property=\"og:image:type\" content=\"image\/jpeg\" \/>\n<meta name=\"twitter:card\" content=\"summary_large_image\" \/>\n<meta name=\"twitter:label1\" content=\"Estimeret l\u00e6setid\" \/>\n\t<meta name=\"twitter:data1\" content=\"1 minut\" \/>\n<script type=\"application\/ld+json\" class=\"yoast-schema-graph\">{\"@context\":\"https:\\\/\\\/schema.org\",\"@graph\":[{\"@type\":\"WebPage\",\"@id\":\"https:\\\/\\\/likeink.com\\\/da\\\/midlertidige-tatoveringer\\\/eventpakke-medium-120-ark\\\/\",\"url\":\"https:\\\/\\\/likeink.com\\\/da\\\/midlertidige-tatoveringer\\\/eventpakke-medium-120-ark\\\/\",\"name\":\"Midlertidige tatoveringer Pakkepris 120 A5 sheets - Like ink\",\"isPartOf\":{\"@id\":\"https:\\\/\\\/likeink.com\\\/da\\\/#website\"},\"primaryImageOfPage\":{\"@id\":\"https:\\\/\\\/likeink.com\\\/da\\\/midlertidige-tatoveringer\\\/eventpakke-medium-120-ark\\\/#primaryimage\"},\"image\":{\"@id\":\"https:\\\/\\\/likeink.com\\\/da\\\/midlertidige-tatoveringer\\\/eventpakke-medium-120-ark\\\/#primaryimage\"},\"thumbnailUrl\":\"https:\\\/\\\/likeink.com\\\/wp-content\\\/uploads\\\/2019\\\/02\\\/temporary-tattoos-event-medium.jpg\",\"datePublished\":\"2019-11-06T14:21:10+00:00\",\"dateModified\":\"2024-02-14T15:40:51+00:00\",\"description\":\"Midlertidige tatoveringer Pakkepris: \\\"Custom made\\\" engangstatoveringer til bryllupper, fester og begivenheder! Gode priser og hurtig levering! - Like ink\",\"breadcrumb\":{\"@id\":\"https:\\\/\\\/likeink.com\\\/da\\\/midlertidige-tatoveringer\\\/eventpakke-medium-120-ark\\\/#breadcrumb\"},\"inLanguage\":\"da-DK\",\"potentialAction\":[{\"@type\":\"ReadAction\",\"target\":[\"https:\\\/\\\/likeink.com\\\/da\\\/midlertidige-tatoveringer\\\/eventpakke-medium-120-ark\\\/\"]}]},{\"@type\":\"ImageObject\",\"inLanguage\":\"da-DK\",\"@id\":\"https:\\\/\\\/likeink.com\\\/da\\\/midlertidige-tatoveringer\\\/eventpakke-medium-120-ark\\\/#primaryimage\",\"url\":\"https:\\\/\\\/likeink.com\\\/wp-content\\\/uploads\\\/2019\\\/02\\\/temporary-tattoos-event-medium.jpg\",\"contentUrl\":\"https:\\\/\\\/likeink.com\\\/wp-content\\\/uploads\\\/2019\\\/02\\\/temporary-tattoos-event-medium.jpg\",\"width\":1686,\"height\":1686,\"caption\":\"Your Image Here Tattoo on wrist\"},{\"@type\":\"BreadcrumbList\",\"@id\":\"https:\\\/\\\/likeink.com\\\/da\\\/midlertidige-tatoveringer\\\/eventpakke-medium-120-ark\\\/#breadcrumb\",\"itemListElement\":[{\"@type\":\"ListItem\",\"position\":1,\"name\":\"Hem\",\"item\":\"https:\\\/\\\/likeink.com\\\/da\\\/\"},{\"@type\":\"ListItem\",\"position\":2,\"name\":\"Shop\",\"item\":\"https:\\\/\\\/likeink.com\\\/da\\\/shop\\\/\"},{\"@type\":\"ListItem\",\"position\":3,\"name\":\"Eventpakke Medium 120 ark\"}]},{\"@type\":\"WebSite\",\"@id\":\"https:\\\/\\\/likeink.com\\\/da\\\/#website\",\"url\":\"https:\\\/\\\/likeink.com\\\/da\\\/\",\"name\":\"Like ink\",\"description\":\"Make your own custom design\",\"potentialAction\":[{\"@type\":\"SearchAction\",\"target\":{\"@type\":\"EntryPoint\",\"urlTemplate\":\"https:\\\/\\\/likeink.com\\\/da\\\/?s={search_term_string}\"},\"query-input\":{\"@type\":\"PropertyValueSpecification\",\"valueRequired\":true,\"valueName\":\"search_term_string\"}}],\"inLanguage\":\"da-DK\"}]}<\/script>\n<!-- \/ Yoast SEO Premium plugin. -->","yoast_head_json":{"title":"Midlertidige tatoveringer Pakkepris 120 A5 sheets - Like ink","description":"Midlertidige tatoveringer Pakkepris: \"Custom made\" engangstatoveringer til bryllupper, fester og begivenheder! Gode priser og hurtig levering! - Like ink","robots":{"index":"index","follow":"follow","max-snippet":"max-snippet:-1","max-image-preview":"max-image-preview:large","max-video-preview":"max-video-preview:-1"},"canonical":"https:\/\/likeink.com\/da\/midlertidige-tatoveringer\/eventpakke-medium-120-ark\/","og_locale":"da_DK","og_type":"article","og_title":"Eventpakke Medium 120 ark","og_description":"I denne pakke trykker vi 120 A5-ark med det billede, du uploader. Alt afh\u00e6ngigt af billedets form v\u00e6lger vi de passende st\u00f8rrelser og giver dig en god blanding af store og sm\u00e5 tatoveringer. Denne pakke med engangstatoveringer er velegnet til fester og events med op til 500 personer. Vi leverer kort og godt 120 ark med engangstatoveringer i forskellige st\u00f8rrelser, og alt, du skal g\u00f8re, er at uploade \u00e9t enkelt billede.","og_url":"https:\/\/likeink.com\/da\/midlertidige-tatoveringer\/eventpakke-medium-120-ark\/","og_site_name":"Like ink","article_publisher":"https:\/\/www.facebook.com\/LikeInkSe","article_modified_time":"2024-02-14T15:40:51+00:00","og_image":[{"width":1686,"height":1686,"url":"https:\/\/likeink.com\/wp-content\/uploads\/2019\/02\/temporary-tattoos-event-medium.jpg","type":"image\/jpeg"}],"twitter_card":"summary_large_image","twitter_misc":{"Estimeret l\u00e6setid":"1 minut"},"schema":{"@context":"https:\/\/schema.org","@graph":[{"@type":"WebPage","@id":"https:\/\/likeink.com\/da\/midlertidige-tatoveringer\/eventpakke-medium-120-ark\/","url":"https:\/\/likeink.com\/da\/midlertidige-tatoveringer\/eventpakke-medium-120-ark\/","name":"Midlertidige tatoveringer Pakkepris 120 A5 sheets - Like ink","isPartOf":{"@id":"https:\/\/likeink.com\/da\/#website"},"primaryImageOfPage":{"@id":"https:\/\/likeink.com\/da\/midlertidige-tatoveringer\/eventpakke-medium-120-ark\/#primaryimage"},"image":{"@id":"https:\/\/likeink.com\/da\/midlertidige-tatoveringer\/eventpakke-medium-120-ark\/#primaryimage"},"thumbnailUrl":"https:\/\/likeink.com\/wp-content\/uploads\/2019\/02\/temporary-tattoos-event-medium.jpg","datePublished":"2019-11-06T14:21:10+00:00","dateModified":"2024-02-14T15:40:51+00:00","description":"Midlertidige tatoveringer Pakkepris: \"Custom made\" engangstatoveringer til bryllupper, fester og begivenheder! Gode priser og hurtig levering! - Like ink","breadcrumb":{"@id":"https:\/\/likeink.com\/da\/midlertidige-tatoveringer\/eventpakke-medium-120-ark\/#breadcrumb"},"inLanguage":"da-DK","potentialAction":[{"@type":"ReadAction","target":["https:\/\/likeink.com\/da\/midlertidige-tatoveringer\/eventpakke-medium-120-ark\/"]}]},{"@type":"ImageObject","inLanguage":"da-DK","@id":"https:\/\/likeink.com\/da\/midlertidige-tatoveringer\/eventpakke-medium-120-ark\/#primaryimage","url":"https:\/\/likeink.com\/wp-content\/uploads\/2019\/02\/temporary-tattoos-event-medium.jpg","contentUrl":"https:\/\/likeink.com\/wp-content\/uploads\/2019\/02\/temporary-tattoos-event-medium.jpg","width":1686,"height":1686,"caption":"Your Image Here Tattoo on wrist"},{"@type":"BreadcrumbList","@id":"https:\/\/likeink.com\/da\/midlertidige-tatoveringer\/eventpakke-medium-120-ark\/#breadcrumb","itemListElement":[{"@type":"ListItem","position":1,"name":"Hem","item":"https:\/\/likeink.com\/da\/"},{"@type":"ListItem","position":2,"name":"Shop","item":"https:\/\/likeink.com\/da\/shop\/"},{"@type":"ListItem","position":3,"name":"Eventpakke Medium 120 ark"}]},{"@type":"WebSite","@id":"https:\/\/likeink.com\/da\/#website","url":"https:\/\/likeink.com\/da\/","name":"Like ink","description":"Make your own custom design","potentialAction":[{"@type":"SearchAction","target":{"@type":"EntryPoint","urlTemplate":"https:\/\/likeink.com\/da\/?s={search_term_string}"},"query-input":{"@type":"PropertyValueSpecification","valueRequired":true,"valueName":"search_term_string"}}],"inLanguage":"da-DK"}]}},"_links":{"self":[{"href":"https:\/\/likeink.com\/da\/wp-json\/wp\/v2\/product\/1771","targetHints":{"allow":["GET"]}}],"collection":[{"href":"https:\/\/likeink.com\/da\/wp-json\/wp\/v2\/product"}],"about":[{"href":"https:\/\/likeink.com\/da\/wp-json\/wp\/v2\/types\/product"}],"wp:featuredmedia":[{"embeddable":true,"href":"https:\/\/likeink.com\/da\/wp-json\/wp\/v2\/media\/20812"}],"wp:attachment":[{"href":"https:\/\/likeink.com\/da\/wp-json\/wp\/v2\/media?parent=1771"}],"wp:term":[{"taxonomy":"product_brand","embeddable":true,"href":"https:\/\/likeink.com\/da\/wp-json\/wp\/v2\/product_brand?post=1771"},{"taxonomy":"product_cat","embeddable":true,"href":"https:\/\/likeink.com\/da\/wp-json\/wp\/v2\/product_cat?post=1771"},{"taxonomy":"product_tag","embeddable":true,"href":"https:\/\/likeink.com\/da\/wp-json\/wp\/v2\/product_tag?post=1771"}],"curies":[{"name":"wp","href":"https:\/\/api.w.org\/{rel}","templated":true}]}}