{"id":1783,"date":"2019-01-24T15:17:21","date_gmt":"2019-11-06T14:28:12","guid":{"rendered":"https:\/\/likeink.se\/?post_type=product&#038;p=1783"},"modified":"2026-03-16T15:37:43","modified_gmt":"2026-03-16T15:37:43","slug":"skulls-store-tatoveringer-a5","status":"publish","type":"product","link":"https:\/\/likeink.com\/da\/midlertidige-tatoveringer\/skulls-store-tatoveringer-a5\/","title":{"rendered":"Skulls Store Tatoveringer"},"content":{"rendered":"","protected":false},"excerpt":{"rendered":"<p>Hos Like ink kan du bestille f\u00e6rdige ark med engangstatoveringer, ogs\u00e5 kendt som midlertidige eller fake tatoveringer. Vi printer og sender dine tatoveringer inden for 24 timer!<br \/>\nVi har masser af f\u00e6rdige ark med fake tatoveringer, og du kan desuden uploade valgfrie billeder eller illustrationer og bestille midlertidige tatoveringer med dit eget design. <\/p>\n<p>Vi h\u00e5ber, du kan lide designet\/tatoveringerne p\u00e5 dette ark med produktnavnet &#8220;Skulls Store Tatoveringer A5-ark&#8221; &#8211; tak for, at du har valgt at bestille dine engangstatoveringer hos Like ink. <\/p>\n<h2>Fake tattoos &#8220;skulls&#8221; store tatoveringer, der ser meget realistiske ud. God kvalitet og tatoveringer, der er lette at bruge <\/h2>\n<p>Tatoveringen m\u00e5ler:<br \/>\nVores ark med engangstatoveringer m\u00e5ler 20 x 14 cm og er udfyldt med det design, du ser p\u00e5 produktbilledet. <\/p>\n<p>Hvor l\u00e6nge holder jeres fake tatoveringer, og hvordan g\u00f8r man?<br \/>\nAlt afh\u00e6ngigt af hvor du v\u00e6lger at placere din tatovering, og hvordan du plejer den, vil den holde i ca. 1-10 dage. De fake tatoveringerne er nemme at s\u00e6tte p\u00e5 hunden og vaske af igen, og der medf\u00f8lger naturligvis instruktioner med din ordre. <\/p>\n<p>&#8211;\tKlip den midlertidige tatovering ud fra arket med en s\u00e5 lille margin som muligt<br \/>\n&#8211;\tFjern den beskyttende plastfilm<br \/>\n&#8211;\tPlac\u00e9r engangstatoveringen det \u00f8nskede sted p\u00e5 huden<br \/>\n&#8211;\tP\u00e5f\u00f8r vand med en v\u00e5d svamp eller et h\u00e5ndkl\u00e6de<br \/>\n&#8211;\tFjern forsigtigt det v\u00e5de papir efter 15 sekunder<br \/>\n&#8211;\tS\u00e5 er du f\u00e6rdig! God forn\u00f8jelse!<br \/>\n&#8211;\tHvis du vil undg\u00e5 alt for meget glans, kan du bruge lidt babypudder.<\/p>\n<p>\u00d8vrig information! <\/p>\n<p>Levering:<br \/>\nVi sender dagligt ordrer over hele verden fra vores trykkeri i Malm\u00f8. Vi printer og sender dine midlertidige tatoveringer inden for 24 timer, men selvom vi er hurtige, er den normale leveringstid 5-10 dage uden for Sveriges gr\u00e6nser. Bestil dine tatoveringer i god tid. <\/p>\n<p>Er jeres fake tatoveringer milj\u00f8venlige?<br \/>\nLike inks engangstatoveringer er veganske, da milj\u00f8et er et vigtigt element for hele vores team. Alle komponenter er fri for PVC og PCB.<br \/>\nVi klimakompenserer alle forsendelser og bruger bl\u00e6k, kuverter og tryksager, der er svanem\u00e6rket &#8211; det er b\u00e5de mere sikkert for dig og milj\u00f8et.<br \/>\nVi f\u00f8lger EC1223-2009 Cosmetics Regulations (EF-forordning om kosmetiske produkter vedr\u00f8rende sikkerhed)<\/p>\n<p>Hav en fantastisk dag! <\/p>\n<p>Like ink \u2013 Real Fake Tattoos! <\/p>\n","protected":false},"featured_media":60248,"template":"","meta":[],"product_brand":[],"product_cat":[162,53],"product_tag":[],"class_list":{"0":"post-1783","1":"product","2":"type-product","3":"status-publish","4":"has-post-thumbnail","6":"product_cat-doedningehoved-tatoveringer","7":"product_cat-faerdige-ark","9":"first","10":"instock","11":"taxable","12":"shipping-taxable","13":"purchasable","14":"product-type-simple"},"yoast_head":"<!-- This site is optimized with the Yoast SEO Premium plugin v26.2 (Yoast SEO v27.4) - https:\/\/yoast.com\/product\/yoast-seo-premium-wordpress\/ -->\n<title>Skulls Store Tatoveringer A5-ark I Midlertidige tatoveringer - Like ink<\/title>\n<meta name=\"description\" content=\"Fake tattoos &quot;skulls&quot; store tatoveringer, der ser meget realistiske ud. God kvalitet og tatoveringer, der er lette at bruge. - Like ink\" \/>\n<meta name=\"robots\" content=\"index, follow, max-snippet:-1, max-image-preview:large, max-video-preview:-1\" \/>\n<link rel=\"canonical\" href=\"https:\/\/likeink.com\/da\/midlertidige-tatoveringer\/skulls-store-tatoveringer-a5\/\" \/>\n<meta property=\"og:locale\" content=\"da_DK\" \/>\n<meta property=\"og:type\" content=\"article\" \/>\n<meta property=\"og:title\" content=\"Skulls Store Tatoveringer\" \/>\n<meta property=\"og:description\" content=\"Hos Like ink kan du bestille f\u00e6rdige ark med engangstatoveringer, ogs\u00e5 kendt som midlertidige eller fake tatoveringer. Vi printer og sender dine tatoveringer inden for 24 timer!  Vi har masser af f\u00e6rdige ark med fake tatoveringer, og du kan desuden uploade valgfrie billeder eller illustrationer og bestille midlertidige tatoveringer med dit eget design.   Vi h\u00e5ber, du kan lide designet\/tatoveringerne p\u00e5 dette ark med produktnavnet &quot;Skulls Store Tatoveringer A5-ark&quot; - tak for, at du har valgt at bestille dine engangstatoveringer hos Like ink.   Fake tattoos &quot;skulls&quot; store tatoveringer, der ser meget realistiske ud. God kvalitet og tatoveringer, der er lette at bruge   Tatoveringen m\u00e5ler:  Vores ark med engangstatoveringer m\u00e5ler 20 x 14 cm og er udfyldt med det design, du ser p\u00e5 produktbilledet.   Hvor l\u00e6nge holder jeres fake tatoveringer, og hvordan g\u00f8r man?  Alt afh\u00e6ngigt af hvor du v\u00e6lger at placere din tatovering, og hvordan du plejer den, vil den holde i ca. 1-10 dage. De fake tatoveringerne er nemme at s\u00e6tte p\u00e5 hunden og vaske af igen, og der medf\u00f8lger naturligvis instruktioner med din ordre.   - Klip den midlertidige tatovering ud fra arket med en s\u00e5 lille margin som muligt - Fjern den beskyttende plastfilm - Plac\u00e9r engangstatoveringen det \u00f8nskede sted p\u00e5 huden - P\u00e5f\u00f8r vand med en v\u00e5d svamp eller et h\u00e5ndkl\u00e6de - Fjern forsigtigt det v\u00e5de papir efter 15 sekunder - S\u00e5 er du f\u00e6rdig! God forn\u00f8jelse! - Hvis du vil undg\u00e5 alt for meget glans, kan du bruge lidt babypudder.  \u00d8vrig information!   Levering:  Vi sender dagligt ordrer over hele verden fra vores trykkeri i Malm\u00f8. Vi printer og sender dine midlertidige tatoveringer inden for 24 timer, men selvom vi er hurtige, er den normale leveringstid 5-10 dage uden for Sveriges gr\u00e6nser. Bestil dine tatoveringer i god tid.   Er jeres fake tatoveringer milj\u00f8venlige?  Like inks engangstatoveringer er veganske, da milj\u00f8et er et vigtigt element for hele vores team. Alle komponenter er fri for PVC og PCB. Vi klimakompenserer alle forsendelser og bruger bl\u00e6k, kuverter og tryksager, der er svanem\u00e6rket - det er b\u00e5de mere sikkert for dig og milj\u00f8et.  Vi f\u00f8lger EC1223-2009 Cosmetics Regulations (EF-forordning om kosmetiske produkter vedr\u00f8rende sikkerhed)  Hav en fantastisk dag!   Like ink \u2013 Real Fake Tattoos!\" \/>\n<meta property=\"og:url\" content=\"https:\/\/likeink.com\/da\/midlertidige-tatoveringer\/skulls-store-tatoveringer-a5\/\" \/>\n<meta property=\"og:site_name\" content=\"Like ink\" \/>\n<meta property=\"article:publisher\" content=\"https:\/\/www.facebook.com\/LikeInkSe\" \/>\n<meta property=\"article:modified_time\" content=\"2026-03-16T15:37:43+00:00\" \/>\n<meta property=\"og:image\" content=\"https:\/\/likeink.com\/wp-content\/uploads\/2026\/03\/Big-Skull-Tattoos-Likeink.jpg\" \/>\n\t<meta property=\"og:image:width\" content=\"2000\" \/>\n\t<meta property=\"og:image:height\" content=\"1409\" \/>\n\t<meta property=\"og:image:type\" content=\"image\/jpeg\" \/>\n<meta name=\"twitter:card\" content=\"summary_large_image\" \/>\n<script type=\"application\/ld+json\" class=\"yoast-schema-graph\">{\"@context\":\"https:\\\/\\\/schema.org\",\"@graph\":[{\"@type\":\"WebPage\",\"@id\":\"https:\\\/\\\/likeink.com\\\/da\\\/midlertidige-tatoveringer\\\/skulls-store-tatoveringer-a5\\\/\",\"url\":\"https:\\\/\\\/likeink.com\\\/da\\\/midlertidige-tatoveringer\\\/skulls-store-tatoveringer-a5\\\/\",\"name\":\"Skulls Store Tatoveringer A5-ark I Midlertidige tatoveringer - Like ink\",\"isPartOf\":{\"@id\":\"https:\\\/\\\/likeink.com\\\/da\\\/#website\"},\"primaryImageOfPage\":{\"@id\":\"https:\\\/\\\/likeink.com\\\/da\\\/midlertidige-tatoveringer\\\/skulls-store-tatoveringer-a5\\\/#primaryimage\"},\"image\":{\"@id\":\"https:\\\/\\\/likeink.com\\\/da\\\/midlertidige-tatoveringer\\\/skulls-store-tatoveringer-a5\\\/#primaryimage\"},\"thumbnailUrl\":\"https:\\\/\\\/likeink.com\\\/wp-content\\\/uploads\\\/2026\\\/03\\\/Big-Skull-Tattoos-Likeink.jpg\",\"datePublished\":\"2019-11-06T14:28:12+00:00\",\"dateModified\":\"2026-03-16T15:37:43+00:00\",\"description\":\"Fake tattoos \\\"skulls\\\" store tatoveringer, der ser meget realistiske ud. God kvalitet og tatoveringer, der er lette at bruge. - Like ink\",\"breadcrumb\":{\"@id\":\"https:\\\/\\\/likeink.com\\\/da\\\/midlertidige-tatoveringer\\\/skulls-store-tatoveringer-a5\\\/#breadcrumb\"},\"inLanguage\":\"da-DK\",\"potentialAction\":[{\"@type\":\"ReadAction\",\"target\":[\"https:\\\/\\\/likeink.com\\\/da\\\/midlertidige-tatoveringer\\\/skulls-store-tatoveringer-a5\\\/\"]}]},{\"@type\":\"ImageObject\",\"inLanguage\":\"da-DK\",\"@id\":\"https:\\\/\\\/likeink.com\\\/da\\\/midlertidige-tatoveringer\\\/skulls-store-tatoveringer-a5\\\/#primaryimage\",\"url\":\"https:\\\/\\\/likeink.com\\\/wp-content\\\/uploads\\\/2026\\\/03\\\/Big-Skull-Tattoos-Likeink.jpg\",\"contentUrl\":\"https:\\\/\\\/likeink.com\\\/wp-content\\\/uploads\\\/2026\\\/03\\\/Big-Skull-Tattoos-Likeink.jpg\",\"width\":2000,\"height\":1409,\"caption\":\"Sort-hvide designs i tatoveringsstil: en lodret stak flammende kranier, et v\u00e6dderskelet med en fiskehale og et centralt kranium omgivet af hvirvlende, udsmykkede m\u00f8nstre.\"},{\"@type\":\"BreadcrumbList\",\"@id\":\"https:\\\/\\\/likeink.com\\\/da\\\/midlertidige-tatoveringer\\\/skulls-store-tatoveringer-a5\\\/#breadcrumb\",\"itemListElement\":[{\"@type\":\"ListItem\",\"position\":1,\"name\":\"Hem\",\"item\":\"https:\\\/\\\/likeink.com\\\/da\\\/\"},{\"@type\":\"ListItem\",\"position\":2,\"name\":\"Shop\",\"item\":\"https:\\\/\\\/likeink.com\\\/da\\\/shop\\\/\"},{\"@type\":\"ListItem\",\"position\":3,\"name\":\"Skulls Store Tatoveringer\"}]},{\"@type\":\"WebSite\",\"@id\":\"https:\\\/\\\/likeink.com\\\/da\\\/#website\",\"url\":\"https:\\\/\\\/likeink.com\\\/da\\\/\",\"name\":\"Like ink\",\"description\":\"Make your own custom design\",\"potentialAction\":[{\"@type\":\"SearchAction\",\"target\":{\"@type\":\"EntryPoint\",\"urlTemplate\":\"https:\\\/\\\/likeink.com\\\/da\\\/?s={search_term_string}\"},\"query-input\":{\"@type\":\"PropertyValueSpecification\",\"valueRequired\":true,\"valueName\":\"search_term_string\"}}],\"inLanguage\":\"da-DK\"}]}<\/script>\n<!-- \/ Yoast SEO Premium plugin. -->","yoast_head_json":{"title":"Skulls Store Tatoveringer A5-ark I Midlertidige tatoveringer - Like ink","description":"Fake tattoos \"skulls\" store tatoveringer, der ser meget realistiske ud. God kvalitet og tatoveringer, der er lette at bruge. - Like ink","robots":{"index":"index","follow":"follow","max-snippet":"max-snippet:-1","max-image-preview":"max-image-preview:large","max-video-preview":"max-video-preview:-1"},"canonical":"https:\/\/likeink.com\/da\/midlertidige-tatoveringer\/skulls-store-tatoveringer-a5\/","og_locale":"da_DK","og_type":"article","og_title":"Skulls Store Tatoveringer","og_description":"Hos Like ink kan du bestille f\u00e6rdige ark med engangstatoveringer, ogs\u00e5 kendt som midlertidige eller fake tatoveringer. Vi printer og sender dine tatoveringer inden for 24 timer!  Vi har masser af f\u00e6rdige ark med fake tatoveringer, og du kan desuden uploade valgfrie billeder eller illustrationer og bestille midlertidige tatoveringer med dit eget design.   Vi h\u00e5ber, du kan lide designet\/tatoveringerne p\u00e5 dette ark med produktnavnet \"Skulls Store Tatoveringer A5-ark\" - tak for, at du har valgt at bestille dine engangstatoveringer hos Like ink.   Fake tattoos \"skulls\" store tatoveringer, der ser meget realistiske ud. God kvalitet og tatoveringer, der er lette at bruge   Tatoveringen m\u00e5ler:  Vores ark med engangstatoveringer m\u00e5ler 20 x 14 cm og er udfyldt med det design, du ser p\u00e5 produktbilledet.   Hvor l\u00e6nge holder jeres fake tatoveringer, og hvordan g\u00f8r man?  Alt afh\u00e6ngigt af hvor du v\u00e6lger at placere din tatovering, og hvordan du plejer den, vil den holde i ca. 1-10 dage. De fake tatoveringerne er nemme at s\u00e6tte p\u00e5 hunden og vaske af igen, og der medf\u00f8lger naturligvis instruktioner med din ordre.   - Klip den midlertidige tatovering ud fra arket med en s\u00e5 lille margin som muligt - Fjern den beskyttende plastfilm - Plac\u00e9r engangstatoveringen det \u00f8nskede sted p\u00e5 huden - P\u00e5f\u00f8r vand med en v\u00e5d svamp eller et h\u00e5ndkl\u00e6de - Fjern forsigtigt det v\u00e5de papir efter 15 sekunder - S\u00e5 er du f\u00e6rdig! God forn\u00f8jelse! - Hvis du vil undg\u00e5 alt for meget glans, kan du bruge lidt babypudder.  \u00d8vrig information!   Levering:  Vi sender dagligt ordrer over hele verden fra vores trykkeri i Malm\u00f8. Vi printer og sender dine midlertidige tatoveringer inden for 24 timer, men selvom vi er hurtige, er den normale leveringstid 5-10 dage uden for Sveriges gr\u00e6nser. Bestil dine tatoveringer i god tid.   Er jeres fake tatoveringer milj\u00f8venlige?  Like inks engangstatoveringer er veganske, da milj\u00f8et er et vigtigt element for hele vores team. Alle komponenter er fri for PVC og PCB. Vi klimakompenserer alle forsendelser og bruger bl\u00e6k, kuverter og tryksager, der er svanem\u00e6rket - det er b\u00e5de mere sikkert for dig og milj\u00f8et.  Vi f\u00f8lger EC1223-2009 Cosmetics Regulations (EF-forordning om kosmetiske produkter vedr\u00f8rende sikkerhed)  Hav en fantastisk dag!   Like ink \u2013 Real Fake Tattoos!","og_url":"https:\/\/likeink.com\/da\/midlertidige-tatoveringer\/skulls-store-tatoveringer-a5\/","og_site_name":"Like ink","article_publisher":"https:\/\/www.facebook.com\/LikeInkSe","article_modified_time":"2026-03-16T15:37:43+00:00","og_image":[{"width":2000,"height":1409,"url":"https:\/\/likeink.com\/wp-content\/uploads\/2026\/03\/Big-Skull-Tattoos-Likeink.jpg","type":"image\/jpeg"}],"twitter_card":"summary_large_image","schema":{"@context":"https:\/\/schema.org","@graph":[{"@type":"WebPage","@id":"https:\/\/likeink.com\/da\/midlertidige-tatoveringer\/skulls-store-tatoveringer-a5\/","url":"https:\/\/likeink.com\/da\/midlertidige-tatoveringer\/skulls-store-tatoveringer-a5\/","name":"Skulls Store Tatoveringer A5-ark I Midlertidige tatoveringer - Like ink","isPartOf":{"@id":"https:\/\/likeink.com\/da\/#website"},"primaryImageOfPage":{"@id":"https:\/\/likeink.com\/da\/midlertidige-tatoveringer\/skulls-store-tatoveringer-a5\/#primaryimage"},"image":{"@id":"https:\/\/likeink.com\/da\/midlertidige-tatoveringer\/skulls-store-tatoveringer-a5\/#primaryimage"},"thumbnailUrl":"https:\/\/likeink.com\/wp-content\/uploads\/2026\/03\/Big-Skull-Tattoos-Likeink.jpg","datePublished":"2019-11-06T14:28:12+00:00","dateModified":"2026-03-16T15:37:43+00:00","description":"Fake tattoos \"skulls\" store tatoveringer, der ser meget realistiske ud. God kvalitet og tatoveringer, der er lette at bruge. - Like ink","breadcrumb":{"@id":"https:\/\/likeink.com\/da\/midlertidige-tatoveringer\/skulls-store-tatoveringer-a5\/#breadcrumb"},"inLanguage":"da-DK","potentialAction":[{"@type":"ReadAction","target":["https:\/\/likeink.com\/da\/midlertidige-tatoveringer\/skulls-store-tatoveringer-a5\/"]}]},{"@type":"ImageObject","inLanguage":"da-DK","@id":"https:\/\/likeink.com\/da\/midlertidige-tatoveringer\/skulls-store-tatoveringer-a5\/#primaryimage","url":"https:\/\/likeink.com\/wp-content\/uploads\/2026\/03\/Big-Skull-Tattoos-Likeink.jpg","contentUrl":"https:\/\/likeink.com\/wp-content\/uploads\/2026\/03\/Big-Skull-Tattoos-Likeink.jpg","width":2000,"height":1409,"caption":"Sort-hvide designs i tatoveringsstil: en lodret stak flammende kranier, et v\u00e6dderskelet med en fiskehale og et centralt kranium omgivet af hvirvlende, udsmykkede m\u00f8nstre."},{"@type":"BreadcrumbList","@id":"https:\/\/likeink.com\/da\/midlertidige-tatoveringer\/skulls-store-tatoveringer-a5\/#breadcrumb","itemListElement":[{"@type":"ListItem","position":1,"name":"Hem","item":"https:\/\/likeink.com\/da\/"},{"@type":"ListItem","position":2,"name":"Shop","item":"https:\/\/likeink.com\/da\/shop\/"},{"@type":"ListItem","position":3,"name":"Skulls Store Tatoveringer"}]},{"@type":"WebSite","@id":"https:\/\/likeink.com\/da\/#website","url":"https:\/\/likeink.com\/da\/","name":"Like ink","description":"Make your own custom design","potentialAction":[{"@type":"SearchAction","target":{"@type":"EntryPoint","urlTemplate":"https:\/\/likeink.com\/da\/?s={search_term_string}"},"query-input":{"@type":"PropertyValueSpecification","valueRequired":true,"valueName":"search_term_string"}}],"inLanguage":"da-DK"}]}},"_links":{"self":[{"href":"https:\/\/likeink.com\/da\/wp-json\/wp\/v2\/product\/1783","targetHints":{"allow":["GET"]}}],"collection":[{"href":"https:\/\/likeink.com\/da\/wp-json\/wp\/v2\/product"}],"about":[{"href":"https:\/\/likeink.com\/da\/wp-json\/wp\/v2\/types\/product"}],"wp:featuredmedia":[{"embeddable":true,"href":"https:\/\/likeink.com\/da\/wp-json\/wp\/v2\/media\/60248"}],"wp:attachment":[{"href":"https:\/\/likeink.com\/da\/wp-json\/wp\/v2\/media?parent=1783"}],"wp:term":[{"taxonomy":"product_brand","embeddable":true,"href":"https:\/\/likeink.com\/da\/wp-json\/wp\/v2\/product_brand?post=1783"},{"taxonomy":"product_cat","embeddable":true,"href":"https:\/\/likeink.com\/da\/wp-json\/wp\/v2\/product_cat?post=1783"},{"taxonomy":"product_tag","embeddable":true,"href":"https:\/\/likeink.com\/da\/wp-json\/wp\/v2\/product_tag?post=1783"}],"curies":[{"name":"wp","href":"https:\/\/api.w.org\/{rel}","templated":true}]}}