{"id":17990,"date":"2023-05-09T12:41:12","date_gmt":"2023-05-09T12:41:12","guid":{"rendered":"https:\/\/likeink.se\/gnuggis\/birthday-party-dog-tattoos\/"},"modified":"2026-03-16T15:42:56","modified_gmt":"2026-03-16T15:42:56","slug":"foedselsdags-hund-tatoveringer","status":"publish","type":"product","link":"https:\/\/likeink.com\/da\/midlertidige-tatoveringer\/foedselsdags-hund-tatoveringer\/","title":{"rendered":"F\u00f8dselsdags hund-tatoveringer"},"content":{"rendered":"","protected":false},"excerpt":{"rendered":"<p>Lad os pr\u00e6sentere vores bed\u00e5rende falske tatoveringer i form af f\u00f8dselsdagshunde, specielt designet til b\u00f8rn, der elsker vores firbenede venner! Disse charmerende og letanvendelige midlertidige tatoveringer vil tilf\u00f8je det lille ekstra til f\u00f8dselsdagsfesten.<\/p>\n<h2>Bestil falske tatoveringer med s\u00f8de hunde til festen<\/h2>\n<p>Hvert ark indeholder en r\u00e6kke s\u00f8de, h\u00f8j kvalitet motiver med legesyge hunde, balloner og andre f\u00f8dselsdagselementer. Vi fremstiller vores gnavetattoveringer af ikke-giftige, hudvenlige materialer, s\u00e5 disse tatoveringer er selvf\u00f8lgelig sikre og sjove for b\u00f8rn i alle aldre. P\u00e5f\u00f8ringen er super nem \u2013 tryk blot tatoveringerne p\u00e5 ren, t\u00f8r hud med en fugtig klud og se, hvordan de overf\u00f8res p\u00e5 blot f\u00e5 sekunder.<\/p>\n<p>N\u00e5r det er tid til at fjerne dem, vil lidt s\u00e6be og vand g\u00f8re tricket. Med vores F\u00f8dselsdagshund-tatoveringer skaber du fine minder, og hver g\u00e6st p\u00e5 din fest vil v\u00e6re lidt ekstra glad under festlighederne. G\u00e5 ikke glip af dette fan-tas-tiske tilbeh\u00f8r til din specielle dag!<\/p>\n<p>Arkst\u00f8rrelse: A5<\/p>\n<p>Antal tatoveringer: 15<\/p>\n<p>St\u00f8rrelse: 4 cm<\/p>\n","protected":false},"featured_media":17952,"template":"","meta":[],"product_brand":[],"product_cat":[160,53],"product_tag":[],"class_list":{"0":"post-17990","1":"product","2":"type-product","3":"status-publish","4":"has-post-thumbnail","6":"product_cat-boerne-tatoveringer","7":"product_cat-faerdige-ark","9":"first","10":"instock","11":"taxable","12":"shipping-taxable","13":"purchasable","14":"product-type-simple"},"yoast_head":"<!-- This site is optimized with the Yoast SEO Premium plugin v26.2 (Yoast SEO v27.4) - https:\/\/yoast.com\/product\/yoast-seo-premium-wordpress\/ -->\n<title>F\u00f8dselsdags hund-tatoveringer I Fake tattoos - Like ink<\/title>\n<meta name=\"description\" content=\"F\u00f8dselsdags hund-tatoveringer. Fejr din f\u00f8dselsdag med disse s\u00f8de hunde-tatoveringer! Gratis forsendelse og hurtig levering! - Like ink\" \/>\n<meta name=\"robots\" content=\"index, follow, max-snippet:-1, max-image-preview:large, max-video-preview:-1\" \/>\n<link rel=\"canonical\" href=\"https:\/\/likeink.com\/da\/midlertidige-tatoveringer\/foedselsdags-hund-tatoveringer\/\" \/>\n<meta property=\"og:locale\" content=\"da_DK\" \/>\n<meta property=\"og:type\" content=\"article\" \/>\n<meta property=\"og:title\" content=\"F\u00f8dselsdags hund-tatoveringer\" \/>\n<meta property=\"og:description\" content=\"Lad os pr\u00e6sentere vores bed\u00e5rende falske tatoveringer i form af f\u00f8dselsdagshunde, specielt designet til b\u00f8rn, der elsker vores firbenede venner! Disse charmerende og letanvendelige midlertidige tatoveringer vil tilf\u00f8je det lille ekstra til f\u00f8dselsdagsfesten.  Bestil falske tatoveringer med s\u00f8de hunde til festen  Hvert ark indeholder en r\u00e6kke s\u00f8de, h\u00f8j kvalitet motiver med legesyge hunde, balloner og andre f\u00f8dselsdagselementer. Vi fremstiller vores gnavetattoveringer af ikke-giftige, hudvenlige materialer, s\u00e5 disse tatoveringer er selvf\u00f8lgelig sikre og sjove for b\u00f8rn i alle aldre. P\u00e5f\u00f8ringen er super nem \u2013 tryk blot tatoveringerne p\u00e5 ren, t\u00f8r hud med en fugtig klud og se, hvordan de overf\u00f8res p\u00e5 blot f\u00e5 sekunder.  N\u00e5r det er tid til at fjerne dem, vil lidt s\u00e6be og vand g\u00f8re tricket. Med vores F\u00f8dselsdagshund-tatoveringer skaber du fine minder, og hver g\u00e6st p\u00e5 din fest vil v\u00e6re lidt ekstra glad under festlighederne. G\u00e5 ikke glip af dette fan-tas-tiske tilbeh\u00f8r til din specielle dag!  Arkst\u00f8rrelse: A5  Antal tatoveringer: 15  St\u00f8rrelse: 4 cm\" \/>\n<meta property=\"og:url\" content=\"https:\/\/likeink.com\/da\/midlertidige-tatoveringer\/foedselsdags-hund-tatoveringer\/\" \/>\n<meta property=\"og:site_name\" content=\"Like ink\" \/>\n<meta property=\"article:publisher\" content=\"https:\/\/www.facebook.com\/LikeInkSe\" \/>\n<meta property=\"article:modified_time\" content=\"2026-03-16T15:42:56+00:00\" \/>\n<meta property=\"og:image\" content=\"https:\/\/likeink.com\/wp-content\/uploads\/2023\/05\/Fodelsedags-hundar-gnuggis-likeink.jpg\" \/>\n\t<meta property=\"og:image:width\" content=\"1400\" \/>\n\t<meta property=\"og:image:height\" content=\"986\" \/>\n\t<meta property=\"og:image:type\" content=\"image\/jpeg\" \/>\n<meta name=\"twitter:card\" content=\"summary_large_image\" \/>\n<script type=\"application\/ld+json\" class=\"yoast-schema-graph\">{\"@context\":\"https:\\\/\\\/schema.org\",\"@graph\":[{\"@type\":\"WebPage\",\"@id\":\"https:\\\/\\\/likeink.com\\\/da\\\/midlertidige-tatoveringer\\\/foedselsdags-hund-tatoveringer\\\/\",\"url\":\"https:\\\/\\\/likeink.com\\\/da\\\/midlertidige-tatoveringer\\\/foedselsdags-hund-tatoveringer\\\/\",\"name\":\"F\u00f8dselsdags hund-tatoveringer I Fake tattoos - Like ink\",\"isPartOf\":{\"@id\":\"https:\\\/\\\/likeink.com\\\/da\\\/#website\"},\"primaryImageOfPage\":{\"@id\":\"https:\\\/\\\/likeink.com\\\/da\\\/midlertidige-tatoveringer\\\/foedselsdags-hund-tatoveringer\\\/#primaryimage\"},\"image\":{\"@id\":\"https:\\\/\\\/likeink.com\\\/da\\\/midlertidige-tatoveringer\\\/foedselsdags-hund-tatoveringer\\\/#primaryimage\"},\"thumbnailUrl\":\"https:\\\/\\\/likeink.com\\\/wp-content\\\/uploads\\\/2023\\\/05\\\/Fodelsedags-hundar-gnuggis-likeink.jpg\",\"datePublished\":\"2023-05-09T12:41:12+00:00\",\"dateModified\":\"2026-03-16T15:42:56+00:00\",\"description\":\"F\u00f8dselsdags hund-tatoveringer. Fejr din f\u00f8dselsdag med disse s\u00f8de hunde-tatoveringer! Gratis forsendelse og hurtig levering! - Like ink\",\"breadcrumb\":{\"@id\":\"https:\\\/\\\/likeink.com\\\/da\\\/midlertidige-tatoveringer\\\/foedselsdags-hund-tatoveringer\\\/#breadcrumb\"},\"inLanguage\":\"da-DK\",\"potentialAction\":[{\"@type\":\"ReadAction\",\"target\":[\"https:\\\/\\\/likeink.com\\\/da\\\/midlertidige-tatoveringer\\\/foedselsdags-hund-tatoveringer\\\/\"]}]},{\"@type\":\"ImageObject\",\"inLanguage\":\"da-DK\",\"@id\":\"https:\\\/\\\/likeink.com\\\/da\\\/midlertidige-tatoveringer\\\/foedselsdags-hund-tatoveringer\\\/#primaryimage\",\"url\":\"https:\\\/\\\/likeink.com\\\/wp-content\\\/uploads\\\/2023\\\/05\\\/Fodelsedags-hundar-gnuggis-likeink.jpg\",\"contentUrl\":\"https:\\\/\\\/likeink.com\\\/wp-content\\\/uploads\\\/2023\\\/05\\\/Fodelsedags-hundar-gnuggis-likeink.jpg\",\"width\":1400,\"height\":986,\"caption\":\"Falske tatoveringer af hunde til din fest.\"},{\"@type\":\"BreadcrumbList\",\"@id\":\"https:\\\/\\\/likeink.com\\\/da\\\/midlertidige-tatoveringer\\\/foedselsdags-hund-tatoveringer\\\/#breadcrumb\",\"itemListElement\":[{\"@type\":\"ListItem\",\"position\":1,\"name\":\"Hem\",\"item\":\"https:\\\/\\\/likeink.com\\\/da\\\/\"},{\"@type\":\"ListItem\",\"position\":2,\"name\":\"Shop\",\"item\":\"https:\\\/\\\/likeink.com\\\/da\\\/shop\\\/\"},{\"@type\":\"ListItem\",\"position\":3,\"name\":\"F\u00f8dselsdags hund-tatoveringer\"}]},{\"@type\":\"WebSite\",\"@id\":\"https:\\\/\\\/likeink.com\\\/da\\\/#website\",\"url\":\"https:\\\/\\\/likeink.com\\\/da\\\/\",\"name\":\"Like ink\",\"description\":\"Make your own custom design\",\"potentialAction\":[{\"@type\":\"SearchAction\",\"target\":{\"@type\":\"EntryPoint\",\"urlTemplate\":\"https:\\\/\\\/likeink.com\\\/da\\\/?s={search_term_string}\"},\"query-input\":{\"@type\":\"PropertyValueSpecification\",\"valueRequired\":true,\"valueName\":\"search_term_string\"}}],\"inLanguage\":\"da-DK\"}]}<\/script>\n<!-- \/ Yoast SEO Premium plugin. -->","yoast_head_json":{"title":"F\u00f8dselsdags hund-tatoveringer I Fake tattoos - Like ink","description":"F\u00f8dselsdags hund-tatoveringer. Fejr din f\u00f8dselsdag med disse s\u00f8de hunde-tatoveringer! Gratis forsendelse og hurtig levering! - Like ink","robots":{"index":"index","follow":"follow","max-snippet":"max-snippet:-1","max-image-preview":"max-image-preview:large","max-video-preview":"max-video-preview:-1"},"canonical":"https:\/\/likeink.com\/da\/midlertidige-tatoveringer\/foedselsdags-hund-tatoveringer\/","og_locale":"da_DK","og_type":"article","og_title":"F\u00f8dselsdags hund-tatoveringer","og_description":"Lad os pr\u00e6sentere vores bed\u00e5rende falske tatoveringer i form af f\u00f8dselsdagshunde, specielt designet til b\u00f8rn, der elsker vores firbenede venner! Disse charmerende og letanvendelige midlertidige tatoveringer vil tilf\u00f8je det lille ekstra til f\u00f8dselsdagsfesten.  Bestil falske tatoveringer med s\u00f8de hunde til festen  Hvert ark indeholder en r\u00e6kke s\u00f8de, h\u00f8j kvalitet motiver med legesyge hunde, balloner og andre f\u00f8dselsdagselementer. Vi fremstiller vores gnavetattoveringer af ikke-giftige, hudvenlige materialer, s\u00e5 disse tatoveringer er selvf\u00f8lgelig sikre og sjove for b\u00f8rn i alle aldre. P\u00e5f\u00f8ringen er super nem \u2013 tryk blot tatoveringerne p\u00e5 ren, t\u00f8r hud med en fugtig klud og se, hvordan de overf\u00f8res p\u00e5 blot f\u00e5 sekunder.  N\u00e5r det er tid til at fjerne dem, vil lidt s\u00e6be og vand g\u00f8re tricket. Med vores F\u00f8dselsdagshund-tatoveringer skaber du fine minder, og hver g\u00e6st p\u00e5 din fest vil v\u00e6re lidt ekstra glad under festlighederne. G\u00e5 ikke glip af dette fan-tas-tiske tilbeh\u00f8r til din specielle dag!  Arkst\u00f8rrelse: A5  Antal tatoveringer: 15  St\u00f8rrelse: 4 cm","og_url":"https:\/\/likeink.com\/da\/midlertidige-tatoveringer\/foedselsdags-hund-tatoveringer\/","og_site_name":"Like ink","article_publisher":"https:\/\/www.facebook.com\/LikeInkSe","article_modified_time":"2026-03-16T15:42:56+00:00","og_image":[{"width":1400,"height":986,"url":"https:\/\/likeink.com\/wp-content\/uploads\/2023\/05\/Fodelsedags-hundar-gnuggis-likeink.jpg","type":"image\/jpeg"}],"twitter_card":"summary_large_image","schema":{"@context":"https:\/\/schema.org","@graph":[{"@type":"WebPage","@id":"https:\/\/likeink.com\/da\/midlertidige-tatoveringer\/foedselsdags-hund-tatoveringer\/","url":"https:\/\/likeink.com\/da\/midlertidige-tatoveringer\/foedselsdags-hund-tatoveringer\/","name":"F\u00f8dselsdags hund-tatoveringer I Fake tattoos - Like ink","isPartOf":{"@id":"https:\/\/likeink.com\/da\/#website"},"primaryImageOfPage":{"@id":"https:\/\/likeink.com\/da\/midlertidige-tatoveringer\/foedselsdags-hund-tatoveringer\/#primaryimage"},"image":{"@id":"https:\/\/likeink.com\/da\/midlertidige-tatoveringer\/foedselsdags-hund-tatoveringer\/#primaryimage"},"thumbnailUrl":"https:\/\/likeink.com\/wp-content\/uploads\/2023\/05\/Fodelsedags-hundar-gnuggis-likeink.jpg","datePublished":"2023-05-09T12:41:12+00:00","dateModified":"2026-03-16T15:42:56+00:00","description":"F\u00f8dselsdags hund-tatoveringer. Fejr din f\u00f8dselsdag med disse s\u00f8de hunde-tatoveringer! Gratis forsendelse og hurtig levering! - Like ink","breadcrumb":{"@id":"https:\/\/likeink.com\/da\/midlertidige-tatoveringer\/foedselsdags-hund-tatoveringer\/#breadcrumb"},"inLanguage":"da-DK","potentialAction":[{"@type":"ReadAction","target":["https:\/\/likeink.com\/da\/midlertidige-tatoveringer\/foedselsdags-hund-tatoveringer\/"]}]},{"@type":"ImageObject","inLanguage":"da-DK","@id":"https:\/\/likeink.com\/da\/midlertidige-tatoveringer\/foedselsdags-hund-tatoveringer\/#primaryimage","url":"https:\/\/likeink.com\/wp-content\/uploads\/2023\/05\/Fodelsedags-hundar-gnuggis-likeink.jpg","contentUrl":"https:\/\/likeink.com\/wp-content\/uploads\/2023\/05\/Fodelsedags-hundar-gnuggis-likeink.jpg","width":1400,"height":986,"caption":"Falske tatoveringer af hunde til din fest."},{"@type":"BreadcrumbList","@id":"https:\/\/likeink.com\/da\/midlertidige-tatoveringer\/foedselsdags-hund-tatoveringer\/#breadcrumb","itemListElement":[{"@type":"ListItem","position":1,"name":"Hem","item":"https:\/\/likeink.com\/da\/"},{"@type":"ListItem","position":2,"name":"Shop","item":"https:\/\/likeink.com\/da\/shop\/"},{"@type":"ListItem","position":3,"name":"F\u00f8dselsdags hund-tatoveringer"}]},{"@type":"WebSite","@id":"https:\/\/likeink.com\/da\/#website","url":"https:\/\/likeink.com\/da\/","name":"Like ink","description":"Make your own custom design","potentialAction":[{"@type":"SearchAction","target":{"@type":"EntryPoint","urlTemplate":"https:\/\/likeink.com\/da\/?s={search_term_string}"},"query-input":{"@type":"PropertyValueSpecification","valueRequired":true,"valueName":"search_term_string"}}],"inLanguage":"da-DK"}]}},"_links":{"self":[{"href":"https:\/\/likeink.com\/da\/wp-json\/wp\/v2\/product\/17990","targetHints":{"allow":["GET"]}}],"collection":[{"href":"https:\/\/likeink.com\/da\/wp-json\/wp\/v2\/product"}],"about":[{"href":"https:\/\/likeink.com\/da\/wp-json\/wp\/v2\/types\/product"}],"wp:featuredmedia":[{"embeddable":true,"href":"https:\/\/likeink.com\/da\/wp-json\/wp\/v2\/media\/17952"}],"wp:attachment":[{"href":"https:\/\/likeink.com\/da\/wp-json\/wp\/v2\/media?parent=17990"}],"wp:term":[{"taxonomy":"product_brand","embeddable":true,"href":"https:\/\/likeink.com\/da\/wp-json\/wp\/v2\/product_brand?post=17990"},{"taxonomy":"product_cat","embeddable":true,"href":"https:\/\/likeink.com\/da\/wp-json\/wp\/v2\/product_cat?post=17990"},{"taxonomy":"product_tag","embeddable":true,"href":"https:\/\/likeink.com\/da\/wp-json\/wp\/v2\/product_tag?post=17990"}],"curies":[{"name":"wp","href":"https:\/\/api.w.org\/{rel}","templated":true}]}}