{"id":18282,"date":"2023-05-23T15:26:44","date_gmt":"2023-05-23T15:26:44","guid":{"rendered":"https:\/\/likeink.se\/gnuggis\/viking-tatueringar-valhalla\/"},"modified":"2026-03-16T15:43:08","modified_gmt":"2026-03-16T15:43:08","slug":"viking-tatoveringer-valhalla","status":"publish","type":"product","link":"https:\/\/likeink.com\/da\/midlertidige-tatoveringer\/viking-tatoveringer-valhalla\/","title":{"rendered":"Viking Tatoveringer &#8220;Valhalla&#8221;"},"content":{"rendered":"","protected":false},"excerpt":{"rendered":"<p>Udforsk vikingetiden med hj\u00e6lp fra h\u00f8j kvalitet fake tatoveringer med motiver af vikinger og vikingsymboler! Vores A5-ark indeholder en blanding af vikingetatoveringer, med forskellige st\u00f8rrelser og designs, herunder vikingsymboler, Thors hammer og en illustreret viking med en \u00f8kse i hovedet, blandet med klassiske symboler brugt af vikingerne. Hver tatovering er omhyggeligt designet for at give dig en autentisk vikingestil.<\/p>\n<p>Vores midlertidige tatoveringer er nemme at p\u00e5f\u00f8re og har lang holdbarhed. De er ogs\u00e5 sikre for huden og allergitestet i overensstemmelse med g\u00e6ldende lovgivning. Uanset om du vil vise din k\u00e6rlighed til vikingekulturen eller bare have sjov til en vikingetematisk fest, er disse tatoveringer det perfekte valg.<br \/>\nBestil vores vikingetatoveringer i dag og giv dig selv eller nogen andre et imponerende vikingeinspireret look!<\/p>\n<h2>Bestil vikingetatovering og vikingetatoveringer fra os hos Like ink<\/h2>\n<p>Alle tatoveringer er lavet i Valhalla, og vi sender din bestilling inden for 24 timer.<\/p>\n<p>Arkst\u00f8rrelse: A5<br \/>\nAntal tatoveringer: 13<br \/>\nSt\u00f8rste tatoveringsst\u00f8rrelse: 7 cm<\/p>\n","protected":false},"featured_media":18250,"template":"","meta":[],"product_brand":[],"product_cat":[53,525],"product_tag":[],"class_list":{"0":"post-18282","1":"product","2":"type-product","3":"status-publish","4":"has-post-thumbnail","6":"product_cat-faerdige-ark","7":"product_cat-tribal-symboler-runer","9":"first","10":"instock","11":"taxable","12":"shipping-taxable","13":"purchasable","14":"product-type-simple"},"yoast_head":"<!-- This site is optimized with the Yoast SEO Premium plugin v26.2 (Yoast SEO v27.5) - https:\/\/yoast.com\/product\/yoast-seo-premium-wordpress\/ -->\n<title>Viking tatoveringer I vikinge-symboler som fake tatoveringer<\/title>\n<meta name=\"description\" content=\"Viking tatoveringer som midlertidige tatoveringer! Smukt illustrerede viking-symboler. Hurtig levering og gratis fragt! - Like ink\" \/>\n<meta name=\"robots\" content=\"index, follow, max-snippet:-1, max-image-preview:large, max-video-preview:-1\" \/>\n<link rel=\"canonical\" href=\"https:\/\/likeink.com\/da\/midlertidige-tatoveringer\/viking-tatoveringer-valhalla\/\" \/>\n<meta property=\"og:locale\" content=\"da_DK\" \/>\n<meta property=\"og:type\" content=\"article\" \/>\n<meta property=\"og:title\" content=\"Viking Tatoveringer &quot;Valhalla&quot;\" \/>\n<meta property=\"og:description\" content=\"Udforsk vikingetiden med hj\u00e6lp fra h\u00f8j kvalitet fake tatoveringer med motiver af vikinger og vikingsymboler! Vores A5-ark indeholder en blanding af vikingetatoveringer, med forskellige st\u00f8rrelser og designs, herunder vikingsymboler, Thors hammer og en illustreret viking med en \u00f8kse i hovedet, blandet med klassiske symboler brugt af vikingerne. Hver tatovering er omhyggeligt designet for at give dig en autentisk vikingestil.  Vores midlertidige tatoveringer er nemme at p\u00e5f\u00f8re og har lang holdbarhed. De er ogs\u00e5 sikre for huden og allergitestet i overensstemmelse med g\u00e6ldende lovgivning. Uanset om du vil vise din k\u00e6rlighed til vikingekulturen eller bare have sjov til en vikingetematisk fest, er disse tatoveringer det perfekte valg. Bestil vores vikingetatoveringer i dag og giv dig selv eller nogen andre et imponerende vikingeinspireret look!  Bestil vikingetatovering og vikingetatoveringer fra os hos Like ink  Alle tatoveringer er lavet i Valhalla, og vi sender din bestilling inden for 24 timer.  Arkst\u00f8rrelse: A5 Antal tatoveringer: 13 St\u00f8rste tatoveringsst\u00f8rrelse: 7 cm\" \/>\n<meta property=\"og:url\" content=\"https:\/\/likeink.com\/da\/midlertidige-tatoveringer\/viking-tatoveringer-valhalla\/\" \/>\n<meta property=\"og:site_name\" content=\"Like ink\" \/>\n<meta property=\"article:publisher\" content=\"https:\/\/www.facebook.com\/LikeInkSe\" \/>\n<meta property=\"article:modified_time\" content=\"2026-03-16T15:43:08+00:00\" \/>\n<meta property=\"og:image\" content=\"https:\/\/likeink.com\/wp-content\/uploads\/2023\/05\/Valhalla-viking-tatueringar-likeink.jpg\" \/>\n\t<meta property=\"og:image:width\" content=\"1200\" \/>\n\t<meta property=\"og:image:height\" content=\"845\" \/>\n\t<meta property=\"og:image:type\" content=\"image\/jpeg\" \/>\n<meta name=\"twitter:card\" content=\"summary_large_image\" \/>\n<!-- \/ Yoast SEO Premium plugin. -->","yoast_head_json":{"title":"Viking tatoveringer I vikinge-symboler som fake tatoveringer","description":"Viking tatoveringer som midlertidige tatoveringer! Smukt illustrerede viking-symboler. Hurtig levering og gratis fragt! - Like ink","robots":{"index":"index","follow":"follow","max-snippet":"max-snippet:-1","max-image-preview":"max-image-preview:large","max-video-preview":"max-video-preview:-1"},"canonical":"https:\/\/likeink.com\/da\/midlertidige-tatoveringer\/viking-tatoveringer-valhalla\/","og_locale":"da_DK","og_type":"article","og_title":"Viking Tatoveringer \"Valhalla\"","og_description":"Udforsk vikingetiden med hj\u00e6lp fra h\u00f8j kvalitet fake tatoveringer med motiver af vikinger og vikingsymboler! Vores A5-ark indeholder en blanding af vikingetatoveringer, med forskellige st\u00f8rrelser og designs, herunder vikingsymboler, Thors hammer og en illustreret viking med en \u00f8kse i hovedet, blandet med klassiske symboler brugt af vikingerne. Hver tatovering er omhyggeligt designet for at give dig en autentisk vikingestil.  Vores midlertidige tatoveringer er nemme at p\u00e5f\u00f8re og har lang holdbarhed. De er ogs\u00e5 sikre for huden og allergitestet i overensstemmelse med g\u00e6ldende lovgivning. Uanset om du vil vise din k\u00e6rlighed til vikingekulturen eller bare have sjov til en vikingetematisk fest, er disse tatoveringer det perfekte valg. Bestil vores vikingetatoveringer i dag og giv dig selv eller nogen andre et imponerende vikingeinspireret look!  Bestil vikingetatovering og vikingetatoveringer fra os hos Like ink  Alle tatoveringer er lavet i Valhalla, og vi sender din bestilling inden for 24 timer.  Arkst\u00f8rrelse: A5 Antal tatoveringer: 13 St\u00f8rste tatoveringsst\u00f8rrelse: 7 cm","og_url":"https:\/\/likeink.com\/da\/midlertidige-tatoveringer\/viking-tatoveringer-valhalla\/","og_site_name":"Like ink","article_publisher":"https:\/\/www.facebook.com\/LikeInkSe","article_modified_time":"2026-03-16T15:43:08+00:00","og_image":[{"width":1200,"height":845,"url":"https:\/\/likeink.com\/wp-content\/uploads\/2023\/05\/Valhalla-viking-tatueringar-likeink.jpg","type":"image\/jpeg"}],"twitter_card":"summary_large_image","schema":{"@context":"https:\/\/schema.org","@graph":[{"@type":"WebPage","@id":"https:\/\/likeink.com\/da\/midlertidige-tatoveringer\/viking-tatoveringer-valhalla\/","url":"https:\/\/likeink.com\/da\/midlertidige-tatoveringer\/viking-tatoveringer-valhalla\/","name":"Viking tatoveringer I vikinge-symboler som fake tatoveringer","isPartOf":{"@id":"https:\/\/likeink.com\/da\/#website"},"primaryImageOfPage":{"@id":"https:\/\/likeink.com\/da\/midlertidige-tatoveringer\/viking-tatoveringer-valhalla\/#primaryimage"},"image":{"@id":"https:\/\/likeink.com\/da\/midlertidige-tatoveringer\/viking-tatoveringer-valhalla\/#primaryimage"},"thumbnailUrl":"https:\/\/likeink.com\/wp-content\/uploads\/2023\/05\/Valhalla-viking-tatueringar-likeink.jpg","datePublished":"2023-05-23T15:26:44+00:00","dateModified":"2026-03-16T15:43:08+00:00","description":"Viking tatoveringer som midlertidige tatoveringer! Smukt illustrerede viking-symboler. Hurtig levering og gratis fragt! - Like ink","breadcrumb":{"@id":"https:\/\/likeink.com\/da\/midlertidige-tatoveringer\/viking-tatoveringer-valhalla\/#breadcrumb"},"inLanguage":"da-DK","potentialAction":[{"@type":"ReadAction","target":["https:\/\/likeink.com\/da\/midlertidige-tatoveringer\/viking-tatoveringer-valhalla\/"]}]},{"@type":"ImageObject","inLanguage":"da-DK","@id":"https:\/\/likeink.com\/da\/midlertidige-tatoveringer\/viking-tatoveringer-valhalla\/#primaryimage","url":"https:\/\/likeink.com\/wp-content\/uploads\/2023\/05\/Valhalla-viking-tatueringar-likeink.jpg","contentUrl":"https:\/\/likeink.com\/wp-content\/uploads\/2023\/05\/Valhalla-viking-tatueringar-likeink.jpg","width":1200,"height":845,"caption":"Viking symbol tatovering perfekt til maskerade."},{"@type":"BreadcrumbList","@id":"https:\/\/likeink.com\/da\/midlertidige-tatoveringer\/viking-tatoveringer-valhalla\/#breadcrumb","itemListElement":[{"@type":"ListItem","position":1,"name":"Hem","item":"https:\/\/likeink.com\/da\/"},{"@type":"ListItem","position":2,"name":"Shop","item":"https:\/\/likeink.com\/da\/shop\/"},{"@type":"ListItem","position":3,"name":"Viking Tatoveringer &#8220;Valhalla&#8221;"}]},{"@type":"WebSite","@id":"https:\/\/likeink.com\/da\/#website","url":"https:\/\/likeink.com\/da\/","name":"Like ink","description":"Make your own custom design","potentialAction":[{"@type":"SearchAction","target":{"@type":"EntryPoint","urlTemplate":"https:\/\/likeink.com\/da\/?s={search_term_string}"},"query-input":{"@type":"PropertyValueSpecification","valueRequired":true,"valueName":"search_term_string"}}],"inLanguage":"da-DK"}]}},"_links":{"self":[{"href":"https:\/\/likeink.com\/da\/wp-json\/wp\/v2\/product\/18282","targetHints":{"allow":["GET"]}}],"collection":[{"href":"https:\/\/likeink.com\/da\/wp-json\/wp\/v2\/product"}],"about":[{"href":"https:\/\/likeink.com\/da\/wp-json\/wp\/v2\/types\/product"}],"wp:featuredmedia":[{"embeddable":true,"href":"https:\/\/likeink.com\/da\/wp-json\/wp\/v2\/media\/18250"}],"wp:attachment":[{"href":"https:\/\/likeink.com\/da\/wp-json\/wp\/v2\/media?parent=18282"}],"wp:term":[{"taxonomy":"product_brand","embeddable":true,"href":"https:\/\/likeink.com\/da\/wp-json\/wp\/v2\/product_brand?post=18282"},{"taxonomy":"product_cat","embeddable":true,"href":"https:\/\/likeink.com\/da\/wp-json\/wp\/v2\/product_cat?post=18282"},{"taxonomy":"product_tag","embeddable":true,"href":"https:\/\/likeink.com\/da\/wp-json\/wp\/v2\/product_tag?post=18282"}],"curies":[{"name":"wp","href":"https:\/\/api.w.org\/{rel}","templated":true}]}}