{"id":18825,"date":"2023-06-14T17:30:29","date_gmt":"2023-06-14T17:30:29","guid":{"rendered":"https:\/\/likeink.se\/gnuggis\/satanism-tatueringar\/"},"modified":"2026-03-16T15:43:08","modified_gmt":"2026-03-16T15:43:08","slug":"satanisme-tatoveringer","status":"publish","type":"product","link":"https:\/\/likeink.com\/da\/midlertidige-tatoveringer\/satanisme-tatoveringer\/","title":{"rendered":"Satanisme Tatoveringer"},"content":{"rendered":"","protected":false},"excerpt":{"rendered":"<p>Tatoveringsarket &#8220;Satanisme Tatoveringer&#8221; pr\u00e6senterer et visuelt f\u00e6ngslende udvalg af midlertidige tatoveringer, alle inspireret af den rige og fascinerende symbolik inden for satanismen.<\/p>\n<h2>Bestil satanisme tatoveringer med symboler som pentagrammet og korset<\/h2>\n<p>Fra den dominerende tilstedev\u00e6relse af et pentagram til den kraftfulde tiltr\u00e6kningskraft af et omvendt kors udtrykker disse sataniske tatoveringer en alternativ stil, der er b\u00e5de i\u00f8jnefaldende og samtalev\u00e6kkende. P\u00e5f\u00f8r og fjern disse midlertidige tatoveringer let for at udtrykke din personlige stil eller n\u00e5r du \u00f8nsker at tiltr\u00e6kke ekstra opm\u00e6rksomhed. Like Inks midlertidige tatoveringer giver dig friheden til at \u00e6ndre din stil, n\u00e5r du \u00f8nsker det. Hvem ved, m\u00e5ske vil du v\u00e6re buddhist n\u00e6ste uge?<br \/>\nVi printer og sender inden for 24 timer!<\/p>\n<p><strong>Arks st\u00f8rrelse: A5<\/strong><br \/>\n<strong>Antal tatoveringer: 18<\/strong><br \/>\n<strong>St\u00f8rrelse af det st\u00f8rste pentagram: 60 mm<\/strong><\/p>\n","protected":false},"featured_media":18735,"template":"","meta":[],"product_brand":[],"product_cat":[53,525],"product_tag":[],"class_list":{"0":"post-18825","1":"product","2":"type-product","3":"status-publish","4":"has-post-thumbnail","6":"product_cat-faerdige-ark","7":"product_cat-tribal-symboler-runer","9":"first","10":"instock","11":"taxable","12":"shipping-taxable","13":"purchasable","14":"product-type-simple"},"yoast_head":"<!-- This site is optimized with the Yoast SEO Premium plugin v26.2 (Yoast SEO v27.4) - https:\/\/yoast.com\/product\/yoast-seo-premium-wordpress\/ -->\n<title>Satanisme Tatoveringer - H\u00f8j Kvalitet og Hurtig Levering - Like ink<\/title>\n<meta name=\"description\" content=\"Bestil satanisme tatoveringer med pentagrammer, omvendte kors og andre designs! - Like ink\" \/>\n<meta name=\"robots\" content=\"index, follow, max-snippet:-1, max-image-preview:large, max-video-preview:-1\" \/>\n<link rel=\"canonical\" href=\"https:\/\/likeink.com\/da\/midlertidige-tatoveringer\/satanisme-tatoveringer\/\" \/>\n<meta property=\"og:locale\" content=\"da_DK\" \/>\n<meta property=\"og:type\" content=\"article\" \/>\n<meta property=\"og:title\" content=\"Satanisme Tatoveringer\" \/>\n<meta property=\"og:description\" content=\"Tatoveringsarket &quot;Satanisme Tatoveringer&quot; pr\u00e6senterer et visuelt f\u00e6ngslende udvalg af midlertidige tatoveringer, alle inspireret af den rige og fascinerende symbolik inden for satanismen. Bestil satanisme tatoveringer med symboler som pentagrammet og korset Fra den dominerende tilstedev\u00e6relse af et pentagram til den kraftfulde tiltr\u00e6kningskraft af et omvendt kors udtrykker disse sataniske tatoveringer en alternativ stil, der er b\u00e5de i\u00f8jnefaldende og samtalev\u00e6kkende. P\u00e5f\u00f8r og fjern disse midlertidige tatoveringer let for at udtrykke din personlige stil eller n\u00e5r du \u00f8nsker at tiltr\u00e6kke ekstra opm\u00e6rksomhed. Like Inks midlertidige tatoveringer giver dig friheden til at \u00e6ndre din stil, n\u00e5r du \u00f8nsker det. Hvem ved, m\u00e5ske vil du v\u00e6re buddhist n\u00e6ste uge? Vi printer og sender inden for 24 timer!  Arks st\u00f8rrelse: A5 Antal tatoveringer: 18 St\u00f8rrelse af det st\u00f8rste pentagram: 60 mm\" \/>\n<meta property=\"og:url\" content=\"https:\/\/likeink.com\/da\/midlertidige-tatoveringer\/satanisme-tatoveringer\/\" \/>\n<meta property=\"og:site_name\" content=\"Like ink\" \/>\n<meta property=\"article:publisher\" content=\"https:\/\/www.facebook.com\/LikeInkSe\" \/>\n<meta property=\"article:modified_time\" content=\"2026-03-16T15:43:08+00:00\" \/>\n<meta property=\"og:image\" content=\"https:\/\/likeink.com\/wp-content\/uploads\/2023\/06\/Satanism-tatueringar-likeink.jpg\" \/>\n\t<meta property=\"og:image:width\" content=\"1200\" \/>\n\t<meta property=\"og:image:height\" content=\"845\" \/>\n\t<meta property=\"og:image:type\" content=\"image\/jpeg\" \/>\n<meta name=\"twitter:card\" content=\"summary_large_image\" \/>\n<!-- \/ Yoast SEO Premium plugin. -->","yoast_head_json":{"title":"Satanisme Tatoveringer - H\u00f8j Kvalitet og Hurtig Levering - Like ink","description":"Bestil satanisme tatoveringer med pentagrammer, omvendte kors og andre designs! - Like ink","robots":{"index":"index","follow":"follow","max-snippet":"max-snippet:-1","max-image-preview":"max-image-preview:large","max-video-preview":"max-video-preview:-1"},"canonical":"https:\/\/likeink.com\/da\/midlertidige-tatoveringer\/satanisme-tatoveringer\/","og_locale":"da_DK","og_type":"article","og_title":"Satanisme Tatoveringer","og_description":"Tatoveringsarket \"Satanisme Tatoveringer\" pr\u00e6senterer et visuelt f\u00e6ngslende udvalg af midlertidige tatoveringer, alle inspireret af den rige og fascinerende symbolik inden for satanismen. Bestil satanisme tatoveringer med symboler som pentagrammet og korset Fra den dominerende tilstedev\u00e6relse af et pentagram til den kraftfulde tiltr\u00e6kningskraft af et omvendt kors udtrykker disse sataniske tatoveringer en alternativ stil, der er b\u00e5de i\u00f8jnefaldende og samtalev\u00e6kkende. P\u00e5f\u00f8r og fjern disse midlertidige tatoveringer let for at udtrykke din personlige stil eller n\u00e5r du \u00f8nsker at tiltr\u00e6kke ekstra opm\u00e6rksomhed. Like Inks midlertidige tatoveringer giver dig friheden til at \u00e6ndre din stil, n\u00e5r du \u00f8nsker det. Hvem ved, m\u00e5ske vil du v\u00e6re buddhist n\u00e6ste uge? Vi printer og sender inden for 24 timer!  Arks st\u00f8rrelse: A5 Antal tatoveringer: 18 St\u00f8rrelse af det st\u00f8rste pentagram: 60 mm","og_url":"https:\/\/likeink.com\/da\/midlertidige-tatoveringer\/satanisme-tatoveringer\/","og_site_name":"Like ink","article_publisher":"https:\/\/www.facebook.com\/LikeInkSe","article_modified_time":"2026-03-16T15:43:08+00:00","og_image":[{"width":1200,"height":845,"url":"https:\/\/likeink.com\/wp-content\/uploads\/2023\/06\/Satanism-tatueringar-likeink.jpg","type":"image\/jpeg"}],"twitter_card":"summary_large_image","schema":{"@context":"https:\/\/schema.org","@graph":[{"@type":"WebPage","@id":"https:\/\/likeink.com\/da\/midlertidige-tatoveringer\/satanisme-tatoveringer\/","url":"https:\/\/likeink.com\/da\/midlertidige-tatoveringer\/satanisme-tatoveringer\/","name":"Satanisme Tatoveringer - H\u00f8j Kvalitet og Hurtig Levering - Like ink","isPartOf":{"@id":"https:\/\/likeink.com\/da\/#website"},"primaryImageOfPage":{"@id":"https:\/\/likeink.com\/da\/midlertidige-tatoveringer\/satanisme-tatoveringer\/#primaryimage"},"image":{"@id":"https:\/\/likeink.com\/da\/midlertidige-tatoveringer\/satanisme-tatoveringer\/#primaryimage"},"thumbnailUrl":"https:\/\/likeink.com\/wp-content\/uploads\/2023\/06\/Satanism-tatueringar-likeink.jpg","datePublished":"2023-06-14T17:30:29+00:00","dateModified":"2026-03-16T15:43:08+00:00","description":"Bestil satanisme tatoveringer med pentagrammer, omvendte kors og andre designs! - Like ink","breadcrumb":{"@id":"https:\/\/likeink.com\/da\/midlertidige-tatoveringer\/satanisme-tatoveringer\/#breadcrumb"},"inLanguage":"da-DK","potentialAction":[{"@type":"ReadAction","target":["https:\/\/likeink.com\/da\/midlertidige-tatoveringer\/satanisme-tatoveringer\/"]}]},{"@type":"ImageObject","inLanguage":"da-DK","@id":"https:\/\/likeink.com\/da\/midlertidige-tatoveringer\/satanisme-tatoveringer\/#primaryimage","url":"https:\/\/likeink.com\/wp-content\/uploads\/2023\/06\/Satanism-tatueringar-likeink.jpg","contentUrl":"https:\/\/likeink.com\/wp-content\/uploads\/2023\/06\/Satanism-tatueringar-likeink.jpg","width":1200,"height":845,"caption":"Satanism tatoveringer, pentagram, omvendte kors og andre sataniske tatoveringer."},{"@type":"BreadcrumbList","@id":"https:\/\/likeink.com\/da\/midlertidige-tatoveringer\/satanisme-tatoveringer\/#breadcrumb","itemListElement":[{"@type":"ListItem","position":1,"name":"Hem","item":"https:\/\/likeink.com\/da\/"},{"@type":"ListItem","position":2,"name":"Shop","item":"https:\/\/likeink.com\/da\/shop\/"},{"@type":"ListItem","position":3,"name":"Satanisme Tatoveringer"}]},{"@type":"WebSite","@id":"https:\/\/likeink.com\/da\/#website","url":"https:\/\/likeink.com\/da\/","name":"Like ink","description":"Make your own custom design","potentialAction":[{"@type":"SearchAction","target":{"@type":"EntryPoint","urlTemplate":"https:\/\/likeink.com\/da\/?s={search_term_string}"},"query-input":{"@type":"PropertyValueSpecification","valueRequired":true,"valueName":"search_term_string"}}],"inLanguage":"da-DK"}]}},"_links":{"self":[{"href":"https:\/\/likeink.com\/da\/wp-json\/wp\/v2\/product\/18825","targetHints":{"allow":["GET"]}}],"collection":[{"href":"https:\/\/likeink.com\/da\/wp-json\/wp\/v2\/product"}],"about":[{"href":"https:\/\/likeink.com\/da\/wp-json\/wp\/v2\/types\/product"}],"wp:featuredmedia":[{"embeddable":true,"href":"https:\/\/likeink.com\/da\/wp-json\/wp\/v2\/media\/18735"}],"wp:attachment":[{"href":"https:\/\/likeink.com\/da\/wp-json\/wp\/v2\/media?parent=18825"}],"wp:term":[{"taxonomy":"product_brand","embeddable":true,"href":"https:\/\/likeink.com\/da\/wp-json\/wp\/v2\/product_brand?post=18825"},{"taxonomy":"product_cat","embeddable":true,"href":"https:\/\/likeink.com\/da\/wp-json\/wp\/v2\/product_cat?post=18825"},{"taxonomy":"product_tag","embeddable":true,"href":"https:\/\/likeink.com\/da\/wp-json\/wp\/v2\/product_tag?post=18825"}],"curies":[{"name":"wp","href":"https:\/\/api.w.org\/{rel}","templated":true}]}}