{"id":19109,"date":"2023-06-30T13:12:25","date_gmt":"2023-06-30T13:12:25","guid":{"rendered":"https:\/\/likeink.se\/gnuggis\/svensexa-fake-tatueringar\/"},"modified":"2026-03-16T15:43:20","modified_gmt":"2026-03-16T15:43:20","slug":"svensevent-fake-tatoveringer","status":"publish","type":"product","link":"https:\/\/likeink.com\/da\/midlertidige-tatoveringer\/svensevent-fake-tatoveringer\/","title":{"rendered":"Svensevent Fake Tatoveringer"},"content":{"rendered":"","protected":false},"excerpt":{"rendered":"<p>Tatoveringsarket &#8220;Svensevent fake tatoveringer&#8221; er designet til at g\u00f8re din svensevent lidt mere sjov, skabe sjove minder og styrke b\u00e5ndet inden for gruppen!<\/p>\n<h2>Bestil sjove og seje tatoveringer til svenseventen<\/h2>\n<p>Vores midlertidige tatoveringer er sk\u00e5nsomme mod huden og nemme at p\u00e5f\u00f8re og vaske af. Vi trykker og sender tatoveringerne inden for 24 timer, og hvis du \u00f8nsker at bestille falske tatoveringer med dit eget design til brylluppet, er det ogs\u00e5 super nemt via os hos Like Ink!<\/p>\n<p><strong>Arkst\u00f8rrelse: A5<\/strong><br \/>\n<strong>Antal tatoveringer: 17<\/strong><br \/>\n<strong>Tatoveringsst\u00f8rrelse: 4,5 cm<\/strong><\/p>\n","protected":false},"featured_media":19085,"template":"","meta":[],"product_brand":[],"product_cat":[53,169,165],"product_tag":[],"class_list":{"0":"post-19109","1":"product","2":"type-product","3":"status-publish","4":"has-post-thumbnail","6":"product_cat-faerdige-ark","7":"product_cat-hoejtids-tatoveringer","8":"product_cat-kaerligheds-tatoveringer-hjerte-tatovering","10":"first","11":"instock","12":"taxable","13":"shipping-taxable","14":"purchasable","15":"product-type-simple"},"yoast_head":"<!-- This site is optimized with the Yoast SEO Premium plugin v26.2 (Yoast SEO v27.4) - https:\/\/yoast.com\/product\/yoast-seo-premium-wordpress\/ -->\n<title>Svensevent Fake Tatoveringer - Hurtig Levering - Like ink<\/title>\n<meta name=\"description\" content=\"Svensevent Fake Tatoveringer! G\u00f8r svenseventen endnu sjovere og f\u00e5 en sjov aften med falske tatoveringer fra os hos Like Ink! - Like ink\" \/>\n<meta name=\"robots\" content=\"index, follow, max-snippet:-1, max-image-preview:large, max-video-preview:-1\" \/>\n<link rel=\"canonical\" href=\"https:\/\/likeink.com\/da\/midlertidige-tatoveringer\/svensevent-fake-tatoveringer\/\" \/>\n<meta property=\"og:locale\" content=\"da_DK\" \/>\n<meta property=\"og:type\" content=\"article\" \/>\n<meta property=\"og:title\" content=\"Svensevent Fake Tatoveringer\" \/>\n<meta property=\"og:description\" content=\"Tatoveringsarket &quot;Svensevent fake tatoveringer&quot; er designet til at g\u00f8re din svensevent lidt mere sjov, skabe sjove minder og styrke b\u00e5ndet inden for gruppen! Bestil sjove og seje tatoveringer til svenseventen Vores midlertidige tatoveringer er sk\u00e5nsomme mod huden og nemme at p\u00e5f\u00f8re og vaske af. Vi trykker og sender tatoveringerne inden for 24 timer, og hvis du \u00f8nsker at bestille falske tatoveringer med dit eget design til brylluppet, er det ogs\u00e5 super nemt via os hos Like Ink!  Arkst\u00f8rrelse: A5 Antal tatoveringer: 17 Tatoveringsst\u00f8rrelse: 4,5 cm\" \/>\n<meta property=\"og:url\" content=\"https:\/\/likeink.com\/da\/midlertidige-tatoveringer\/svensevent-fake-tatoveringer\/\" \/>\n<meta property=\"og:site_name\" content=\"Like ink\" \/>\n<meta property=\"article:publisher\" content=\"https:\/\/www.facebook.com\/LikeInkSe\" \/>\n<meta property=\"article:modified_time\" content=\"2026-03-16T15:43:20+00:00\" \/>\n<meta property=\"og:image\" content=\"https:\/\/likeink.com\/wp-content\/uploads\/2023\/06\/Svensexa2-likeink-tatueringar.jpg\" \/>\n\t<meta property=\"og:image:width\" content=\"1400\" \/>\n\t<meta property=\"og:image:height\" content=\"986\" \/>\n\t<meta property=\"og:image:type\" content=\"image\/jpeg\" \/>\n<meta name=\"twitter:card\" content=\"summary_large_image\" \/>\n<script type=\"application\/ld+json\" class=\"yoast-schema-graph\">{\"@context\":\"https:\\\/\\\/schema.org\",\"@graph\":[{\"@type\":\"WebPage\",\"@id\":\"https:\\\/\\\/likeink.com\\\/da\\\/midlertidige-tatoveringer\\\/svensevent-fake-tatoveringer\\\/\",\"url\":\"https:\\\/\\\/likeink.com\\\/da\\\/midlertidige-tatoveringer\\\/svensevent-fake-tatoveringer\\\/\",\"name\":\"Svensevent Fake Tatoveringer - Hurtig Levering - Like ink\",\"isPartOf\":{\"@id\":\"https:\\\/\\\/likeink.com\\\/da\\\/#website\"},\"primaryImageOfPage\":{\"@id\":\"https:\\\/\\\/likeink.com\\\/da\\\/midlertidige-tatoveringer\\\/svensevent-fake-tatoveringer\\\/#primaryimage\"},\"image\":{\"@id\":\"https:\\\/\\\/likeink.com\\\/da\\\/midlertidige-tatoveringer\\\/svensevent-fake-tatoveringer\\\/#primaryimage\"},\"thumbnailUrl\":\"https:\\\/\\\/likeink.com\\\/wp-content\\\/uploads\\\/2023\\\/06\\\/Svensexa2-likeink-tatueringar.jpg\",\"datePublished\":\"2023-06-30T13:12:25+00:00\",\"dateModified\":\"2026-03-16T15:43:20+00:00\",\"description\":\"Svensevent Fake Tatoveringer! G\u00f8r svenseventen endnu sjovere og f\u00e5 en sjov aften med falske tatoveringer fra os hos Like Ink! - Like ink\",\"breadcrumb\":{\"@id\":\"https:\\\/\\\/likeink.com\\\/da\\\/midlertidige-tatoveringer\\\/svensevent-fake-tatoveringer\\\/#breadcrumb\"},\"inLanguage\":\"da-DK\",\"potentialAction\":[{\"@type\":\"ReadAction\",\"target\":[\"https:\\\/\\\/likeink.com\\\/da\\\/midlertidige-tatoveringer\\\/svensevent-fake-tatoveringer\\\/\"]}]},{\"@type\":\"ImageObject\",\"inLanguage\":\"da-DK\",\"@id\":\"https:\\\/\\\/likeink.com\\\/da\\\/midlertidige-tatoveringer\\\/svensevent-fake-tatoveringer\\\/#primaryimage\",\"url\":\"https:\\\/\\\/likeink.com\\\/wp-content\\\/uploads\\\/2023\\\/06\\\/Svensexa2-likeink-tatueringar.jpg\",\"contentUrl\":\"https:\\\/\\\/likeink.com\\\/wp-content\\\/uploads\\\/2023\\\/06\\\/Svensexa2-likeink-tatueringar.jpg\",\"width\":1400,\"height\":986,\"caption\":\"K\u00f8b falske tatoveringer til polterabenden.\"},{\"@type\":\"BreadcrumbList\",\"@id\":\"https:\\\/\\\/likeink.com\\\/da\\\/midlertidige-tatoveringer\\\/svensevent-fake-tatoveringer\\\/#breadcrumb\",\"itemListElement\":[{\"@type\":\"ListItem\",\"position\":1,\"name\":\"Hem\",\"item\":\"https:\\\/\\\/likeink.com\\\/da\\\/\"},{\"@type\":\"ListItem\",\"position\":2,\"name\":\"Shop\",\"item\":\"https:\\\/\\\/likeink.com\\\/da\\\/shop\\\/\"},{\"@type\":\"ListItem\",\"position\":3,\"name\":\"Svensevent Fake Tatoveringer\"}]},{\"@type\":\"WebSite\",\"@id\":\"https:\\\/\\\/likeink.com\\\/da\\\/#website\",\"url\":\"https:\\\/\\\/likeink.com\\\/da\\\/\",\"name\":\"Like ink\",\"description\":\"Make your own custom design\",\"potentialAction\":[{\"@type\":\"SearchAction\",\"target\":{\"@type\":\"EntryPoint\",\"urlTemplate\":\"https:\\\/\\\/likeink.com\\\/da\\\/?s={search_term_string}\"},\"query-input\":{\"@type\":\"PropertyValueSpecification\",\"valueRequired\":true,\"valueName\":\"search_term_string\"}}],\"inLanguage\":\"da-DK\"}]}<\/script>\n<!-- \/ Yoast SEO Premium plugin. -->","yoast_head_json":{"title":"Svensevent Fake Tatoveringer - Hurtig Levering - Like ink","description":"Svensevent Fake Tatoveringer! G\u00f8r svenseventen endnu sjovere og f\u00e5 en sjov aften med falske tatoveringer fra os hos Like Ink! - Like ink","robots":{"index":"index","follow":"follow","max-snippet":"max-snippet:-1","max-image-preview":"max-image-preview:large","max-video-preview":"max-video-preview:-1"},"canonical":"https:\/\/likeink.com\/da\/midlertidige-tatoveringer\/svensevent-fake-tatoveringer\/","og_locale":"da_DK","og_type":"article","og_title":"Svensevent Fake Tatoveringer","og_description":"Tatoveringsarket \"Svensevent fake tatoveringer\" er designet til at g\u00f8re din svensevent lidt mere sjov, skabe sjove minder og styrke b\u00e5ndet inden for gruppen! Bestil sjove og seje tatoveringer til svenseventen Vores midlertidige tatoveringer er sk\u00e5nsomme mod huden og nemme at p\u00e5f\u00f8re og vaske af. Vi trykker og sender tatoveringerne inden for 24 timer, og hvis du \u00f8nsker at bestille falske tatoveringer med dit eget design til brylluppet, er det ogs\u00e5 super nemt via os hos Like Ink!  Arkst\u00f8rrelse: A5 Antal tatoveringer: 17 Tatoveringsst\u00f8rrelse: 4,5 cm","og_url":"https:\/\/likeink.com\/da\/midlertidige-tatoveringer\/svensevent-fake-tatoveringer\/","og_site_name":"Like ink","article_publisher":"https:\/\/www.facebook.com\/LikeInkSe","article_modified_time":"2026-03-16T15:43:20+00:00","og_image":[{"width":1400,"height":986,"url":"https:\/\/likeink.com\/wp-content\/uploads\/2023\/06\/Svensexa2-likeink-tatueringar.jpg","type":"image\/jpeg"}],"twitter_card":"summary_large_image","schema":{"@context":"https:\/\/schema.org","@graph":[{"@type":"WebPage","@id":"https:\/\/likeink.com\/da\/midlertidige-tatoveringer\/svensevent-fake-tatoveringer\/","url":"https:\/\/likeink.com\/da\/midlertidige-tatoveringer\/svensevent-fake-tatoveringer\/","name":"Svensevent Fake Tatoveringer - Hurtig Levering - Like ink","isPartOf":{"@id":"https:\/\/likeink.com\/da\/#website"},"primaryImageOfPage":{"@id":"https:\/\/likeink.com\/da\/midlertidige-tatoveringer\/svensevent-fake-tatoveringer\/#primaryimage"},"image":{"@id":"https:\/\/likeink.com\/da\/midlertidige-tatoveringer\/svensevent-fake-tatoveringer\/#primaryimage"},"thumbnailUrl":"https:\/\/likeink.com\/wp-content\/uploads\/2023\/06\/Svensexa2-likeink-tatueringar.jpg","datePublished":"2023-06-30T13:12:25+00:00","dateModified":"2026-03-16T15:43:20+00:00","description":"Svensevent Fake Tatoveringer! G\u00f8r svenseventen endnu sjovere og f\u00e5 en sjov aften med falske tatoveringer fra os hos Like Ink! - Like ink","breadcrumb":{"@id":"https:\/\/likeink.com\/da\/midlertidige-tatoveringer\/svensevent-fake-tatoveringer\/#breadcrumb"},"inLanguage":"da-DK","potentialAction":[{"@type":"ReadAction","target":["https:\/\/likeink.com\/da\/midlertidige-tatoveringer\/svensevent-fake-tatoveringer\/"]}]},{"@type":"ImageObject","inLanguage":"da-DK","@id":"https:\/\/likeink.com\/da\/midlertidige-tatoveringer\/svensevent-fake-tatoveringer\/#primaryimage","url":"https:\/\/likeink.com\/wp-content\/uploads\/2023\/06\/Svensexa2-likeink-tatueringar.jpg","contentUrl":"https:\/\/likeink.com\/wp-content\/uploads\/2023\/06\/Svensexa2-likeink-tatueringar.jpg","width":1400,"height":986,"caption":"K\u00f8b falske tatoveringer til polterabenden."},{"@type":"BreadcrumbList","@id":"https:\/\/likeink.com\/da\/midlertidige-tatoveringer\/svensevent-fake-tatoveringer\/#breadcrumb","itemListElement":[{"@type":"ListItem","position":1,"name":"Hem","item":"https:\/\/likeink.com\/da\/"},{"@type":"ListItem","position":2,"name":"Shop","item":"https:\/\/likeink.com\/da\/shop\/"},{"@type":"ListItem","position":3,"name":"Svensevent Fake Tatoveringer"}]},{"@type":"WebSite","@id":"https:\/\/likeink.com\/da\/#website","url":"https:\/\/likeink.com\/da\/","name":"Like ink","description":"Make your own custom design","potentialAction":[{"@type":"SearchAction","target":{"@type":"EntryPoint","urlTemplate":"https:\/\/likeink.com\/da\/?s={search_term_string}"},"query-input":{"@type":"PropertyValueSpecification","valueRequired":true,"valueName":"search_term_string"}}],"inLanguage":"da-DK"}]}},"_links":{"self":[{"href":"https:\/\/likeink.com\/da\/wp-json\/wp\/v2\/product\/19109","targetHints":{"allow":["GET"]}}],"collection":[{"href":"https:\/\/likeink.com\/da\/wp-json\/wp\/v2\/product"}],"about":[{"href":"https:\/\/likeink.com\/da\/wp-json\/wp\/v2\/types\/product"}],"wp:featuredmedia":[{"embeddable":true,"href":"https:\/\/likeink.com\/da\/wp-json\/wp\/v2\/media\/19085"}],"wp:attachment":[{"href":"https:\/\/likeink.com\/da\/wp-json\/wp\/v2\/media?parent=19109"}],"wp:term":[{"taxonomy":"product_brand","embeddable":true,"href":"https:\/\/likeink.com\/da\/wp-json\/wp\/v2\/product_brand?post=19109"},{"taxonomy":"product_cat","embeddable":true,"href":"https:\/\/likeink.com\/da\/wp-json\/wp\/v2\/product_cat?post=19109"},{"taxonomy":"product_tag","embeddable":true,"href":"https:\/\/likeink.com\/da\/wp-json\/wp\/v2\/product_tag?post=19109"}],"curies":[{"name":"wp","href":"https:\/\/api.w.org\/{rel}","templated":true}]}}