{"id":19508,"date":"2023-07-03T12:07:46","date_gmt":"2023-07-03T12:07:46","guid":{"rendered":"https:\/\/likeink.se\/gnuggis\/naturskyddsforeningen-vilda-djur\/"},"modified":"2026-04-21T13:07:42","modified_gmt":"2026-04-21T13:07:42","slug":"naturskyddsfoereningen-vilde-dyr","status":"publish","type":"product","link":"https:\/\/likeink.com\/da\/midlertidige-tatoveringer\/naturskyddsfoereningen-vilde-dyr\/","title":{"rendered":"Naturskydds-f\u00f6reningen vilde dyr"},"content":{"rendered":"","protected":false},"excerpt":{"rendered":"<p>Bliv midlertidigt tatoveret til fordel for Naturskyddsf\u00f6reningens vigtige arbejde for natur og dyr med midlertidige tatoveringer fra os hos Like ink!<br \/>\nLike ink trykker flotte, veganske og allergitestet falske tatoveringer, og lige nu samarbejder vi med Naturskyddsf\u00f6reningen. Like ink er en st\u00f8ttevirksomhed for Naturskyddsf\u00f6reningen, og for at g\u00f8re det &#8220;ekstra specielt&#8221; donerer vi desuden 30% af oms\u00e6tningen for alle solgte ark, der har Naturskyddsf\u00f6reningen i produktnavnet.<\/p>\n<h2>Bestil midlertidige tatoveringer til fordel for Naturskyddsf\u00f6reningens fantastiske arbejde for dyr og natur<\/h2>\n<p>Dette ark indeholder flotte illustrerede tatoveringsmotiver af los, ulv, hvidrygget flagsp\u00e6tte, \u00f8rn, bier og delfiner.<br \/>\nEt A5-ark koster 98 kr, og du f\u00e5r rabat, jo flere ark du bestiller! Shop l\u00f8s nu, og husk at tagge alle billeder af disse gnubber med @likeinkse p\u00e5 Instagram og TikTok. Vi donerer ekstra 10 kr pr. tag og deler selvf\u00f8lgelig ogs\u00e5 dit billede.<\/p>\n<p><strong>Illustrator:<\/strong> Ellen P\u00e4\u00e4j\u00e4rvi V\u00e5g<br \/>\n<strong>Arkst\u00f8rrelse:<\/strong> A5<br \/>\n<strong>Antal tatoveringer:<\/strong> 15<br \/>\n<strong>St\u00f8rrelse:<\/strong> 3-10 cm<\/p>\n","protected":false},"featured_media":19071,"template":"","meta":[],"product_brand":[],"product_cat":[519,53,536],"product_tag":[],"class_list":{"0":"post-19508","1":"product","2":"type-product","3":"status-publish","4":"has-post-thumbnail","6":"product_cat-dyr-natur","7":"product_cat-faerdige-ark","8":"product_cat-samarbejder-med-virksomheder","10":"first","11":"instock","12":"taxable","13":"shipping-taxable","14":"purchasable","15":"product-type-simple"},"yoast_head":"<!-- This site is optimized with the Yoast SEO Premium plugin v26.2 (Yoast SEO v27.5) - https:\/\/yoast.com\/product\/yoast-seo-premium-wordpress\/ -->\n<title>Naturskyddsf\u00f6reningen vilde dyr A5 l Tatoveringer 98 kr \/ A5 - Like ink<\/title>\n<meta name=\"description\" content=\"Bestil Naturskyddsf\u00f6reningen vilde dyr tatoveringer, hvor 30% af oms\u00e6tningen g\u00e5r til Naturskyddsf\u00f6reningen. Gnubber til fordel for dyr og natur. - Like ink\" \/>\n<meta name=\"robots\" content=\"index, follow, max-snippet:-1, max-image-preview:large, max-video-preview:-1\" \/>\n<link rel=\"canonical\" href=\"https:\/\/likeink.com\/da\/midlertidige-tatoveringer\/naturskyddsfoereningen-vilde-dyr\/\" \/>\n<meta property=\"og:locale\" content=\"da_DK\" \/>\n<meta property=\"og:type\" content=\"article\" \/>\n<meta property=\"og:title\" content=\"Naturskydds-f\u00f6reningen vilde dyr\" \/>\n<meta property=\"og:description\" content=\"Bliv midlertidigt tatoveret til fordel for Naturskyddsf\u00f6reningens vigtige arbejde for natur og dyr med midlertidige tatoveringer fra os hos Like ink! Like ink trykker flotte, veganske og allergitestet falske tatoveringer, og lige nu samarbejder vi med Naturskyddsf\u00f6reningen. Like ink er en st\u00f8ttevirksomhed for Naturskyddsf\u00f6reningen, og for at g\u00f8re det &quot;ekstra specielt&quot; donerer vi desuden 30% af oms\u00e6tningen for alle solgte ark, der har Naturskyddsf\u00f6reningen i produktnavnet. Bestil midlertidige tatoveringer til fordel for Naturskyddsf\u00f6reningens fantastiske arbejde for dyr og natur Dette ark indeholder flotte illustrerede tatoveringsmotiver af los, ulv, hvidrygget flagsp\u00e6tte, \u00f8rn, bier og delfiner. Et A5-ark koster 98 kr, og du f\u00e5r rabat, jo flere ark du bestiller! Shop l\u00f8s nu, og husk at tagge alle billeder af disse gnubber med @likeinkse p\u00e5 Instagram og TikTok. Vi donerer ekstra 10 kr pr. tag og deler selvf\u00f8lgelig ogs\u00e5 dit billede.  Illustrator: Ellen P\u00e4\u00e4j\u00e4rvi V\u00e5g Arkst\u00f8rrelse: A5 Antal tatoveringer: 15 St\u00f8rrelse: 3-10 cm\" \/>\n<meta property=\"og:url\" content=\"https:\/\/likeink.com\/da\/midlertidige-tatoveringer\/naturskyddsfoereningen-vilde-dyr\/\" \/>\n<meta property=\"og:site_name\" content=\"Like ink\" \/>\n<meta property=\"article:publisher\" content=\"https:\/\/www.facebook.com\/LikeInkSe\" \/>\n<meta property=\"article:modified_time\" content=\"2026-04-21T13:07:42+00:00\" \/>\n<meta property=\"og:image\" content=\"https:\/\/likeink.com\/wp-content\/uploads\/2023\/06\/Naturskyddsforeningen-tattoos-likeink.jpg\" \/>\n\t<meta property=\"og:image:width\" content=\"1400\" \/>\n\t<meta property=\"og:image:height\" content=\"986\" \/>\n\t<meta property=\"og:image:type\" content=\"image\/jpeg\" \/>\n<meta name=\"twitter:card\" content=\"summary_large_image\" \/>\n<meta name=\"twitter:label1\" content=\"Estimeret l\u00e6setid\" \/>\n\t<meta name=\"twitter:data1\" content=\"1 minut\" \/>\n<!-- \/ Yoast SEO Premium plugin. -->","yoast_head_json":{"title":"Naturskyddsf\u00f6reningen vilde dyr A5 l Tatoveringer 98 kr \/ A5 - Like ink","description":"Bestil Naturskyddsf\u00f6reningen vilde dyr tatoveringer, hvor 30% af oms\u00e6tningen g\u00e5r til Naturskyddsf\u00f6reningen. Gnubber til fordel for dyr og natur. - Like ink","robots":{"index":"index","follow":"follow","max-snippet":"max-snippet:-1","max-image-preview":"max-image-preview:large","max-video-preview":"max-video-preview:-1"},"canonical":"https:\/\/likeink.com\/da\/midlertidige-tatoveringer\/naturskyddsfoereningen-vilde-dyr\/","og_locale":"da_DK","og_type":"article","og_title":"Naturskydds-f\u00f6reningen vilde dyr","og_description":"Bliv midlertidigt tatoveret til fordel for Naturskyddsf\u00f6reningens vigtige arbejde for natur og dyr med midlertidige tatoveringer fra os hos Like ink! Like ink trykker flotte, veganske og allergitestet falske tatoveringer, og lige nu samarbejder vi med Naturskyddsf\u00f6reningen. Like ink er en st\u00f8ttevirksomhed for Naturskyddsf\u00f6reningen, og for at g\u00f8re det \"ekstra specielt\" donerer vi desuden 30% af oms\u00e6tningen for alle solgte ark, der har Naturskyddsf\u00f6reningen i produktnavnet. Bestil midlertidige tatoveringer til fordel for Naturskyddsf\u00f6reningens fantastiske arbejde for dyr og natur Dette ark indeholder flotte illustrerede tatoveringsmotiver af los, ulv, hvidrygget flagsp\u00e6tte, \u00f8rn, bier og delfiner. Et A5-ark koster 98 kr, og du f\u00e5r rabat, jo flere ark du bestiller! Shop l\u00f8s nu, og husk at tagge alle billeder af disse gnubber med @likeinkse p\u00e5 Instagram og TikTok. Vi donerer ekstra 10 kr pr. tag og deler selvf\u00f8lgelig ogs\u00e5 dit billede.  Illustrator: Ellen P\u00e4\u00e4j\u00e4rvi V\u00e5g Arkst\u00f8rrelse: A5 Antal tatoveringer: 15 St\u00f8rrelse: 3-10 cm","og_url":"https:\/\/likeink.com\/da\/midlertidige-tatoveringer\/naturskyddsfoereningen-vilde-dyr\/","og_site_name":"Like ink","article_publisher":"https:\/\/www.facebook.com\/LikeInkSe","article_modified_time":"2026-04-21T13:07:42+00:00","og_image":[{"width":1400,"height":986,"url":"https:\/\/likeink.com\/wp-content\/uploads\/2023\/06\/Naturskyddsforeningen-tattoos-likeink.jpg","type":"image\/jpeg"}],"twitter_card":"summary_large_image","twitter_misc":{"Estimeret l\u00e6setid":"1 minut"},"schema":{"@context":"https:\/\/schema.org","@graph":[{"@type":"WebPage","@id":"https:\/\/likeink.com\/da\/midlertidige-tatoveringer\/naturskyddsfoereningen-vilde-dyr\/","url":"https:\/\/likeink.com\/da\/midlertidige-tatoveringer\/naturskyddsfoereningen-vilde-dyr\/","name":"Naturskyddsf\u00f6reningen vilde dyr A5 l Tatoveringer 98 kr \/ A5 - Like ink","isPartOf":{"@id":"https:\/\/likeink.com\/da\/#website"},"primaryImageOfPage":{"@id":"https:\/\/likeink.com\/da\/midlertidige-tatoveringer\/naturskyddsfoereningen-vilde-dyr\/#primaryimage"},"image":{"@id":"https:\/\/likeink.com\/da\/midlertidige-tatoveringer\/naturskyddsfoereningen-vilde-dyr\/#primaryimage"},"thumbnailUrl":"https:\/\/likeink.com\/wp-content\/uploads\/2023\/06\/Naturskyddsforeningen-tattoos-likeink.jpg","datePublished":"2023-07-03T12:07:46+00:00","dateModified":"2026-04-21T13:07:42+00:00","description":"Bestil Naturskyddsf\u00f6reningen vilde dyr tatoveringer, hvor 30% af oms\u00e6tningen g\u00e5r til Naturskyddsf\u00f6reningen. Gnubber til fordel for dyr og natur. - Like ink","breadcrumb":{"@id":"https:\/\/likeink.com\/da\/midlertidige-tatoveringer\/naturskyddsfoereningen-vilde-dyr\/#breadcrumb"},"inLanguage":"da-DK","potentialAction":[{"@type":"ReadAction","target":["https:\/\/likeink.com\/da\/midlertidige-tatoveringer\/naturskyddsfoereningen-vilde-dyr\/"]}]},{"@type":"ImageObject","inLanguage":"da-DK","@id":"https:\/\/likeink.com\/da\/midlertidige-tatoveringer\/naturskyddsfoereningen-vilde-dyr\/#primaryimage","url":"https:\/\/likeink.com\/wp-content\/uploads\/2023\/06\/Naturskyddsforeningen-tattoos-likeink.jpg","contentUrl":"https:\/\/likeink.com\/wp-content\/uploads\/2023\/06\/Naturskyddsforeningen-tattoos-likeink.jpg","width":1400,"height":986,"caption":"Falske tatoveringer med dyr. Velg\u00f8renhed fra Like ink og Naturskyddsf\u00f6reningen."},{"@type":"BreadcrumbList","@id":"https:\/\/likeink.com\/da\/midlertidige-tatoveringer\/naturskyddsfoereningen-vilde-dyr\/#breadcrumb","itemListElement":[{"@type":"ListItem","position":1,"name":"Hem","item":"https:\/\/likeink.com\/da\/"},{"@type":"ListItem","position":2,"name":"Shop","item":"https:\/\/likeink.com\/da\/shop\/"},{"@type":"ListItem","position":3,"name":"Naturskydds-f\u00f6reningen vilde dyr"}]},{"@type":"WebSite","@id":"https:\/\/likeink.com\/da\/#website","url":"https:\/\/likeink.com\/da\/","name":"Like ink","description":"Make your own custom design","potentialAction":[{"@type":"SearchAction","target":{"@type":"EntryPoint","urlTemplate":"https:\/\/likeink.com\/da\/?s={search_term_string}"},"query-input":{"@type":"PropertyValueSpecification","valueRequired":true,"valueName":"search_term_string"}}],"inLanguage":"da-DK"}]}},"_links":{"self":[{"href":"https:\/\/likeink.com\/da\/wp-json\/wp\/v2\/product\/19508","targetHints":{"allow":["GET"]}}],"collection":[{"href":"https:\/\/likeink.com\/da\/wp-json\/wp\/v2\/product"}],"about":[{"href":"https:\/\/likeink.com\/da\/wp-json\/wp\/v2\/types\/product"}],"wp:featuredmedia":[{"embeddable":true,"href":"https:\/\/likeink.com\/da\/wp-json\/wp\/v2\/media\/19071"}],"wp:attachment":[{"href":"https:\/\/likeink.com\/da\/wp-json\/wp\/v2\/media?parent=19508"}],"wp:term":[{"taxonomy":"product_brand","embeddable":true,"href":"https:\/\/likeink.com\/da\/wp-json\/wp\/v2\/product_brand?post=19508"},{"taxonomy":"product_cat","embeddable":true,"href":"https:\/\/likeink.com\/da\/wp-json\/wp\/v2\/product_cat?post=19508"},{"taxonomy":"product_tag","embeddable":true,"href":"https:\/\/likeink.com\/da\/wp-json\/wp\/v2\/product_tag?post=19508"}],"curies":[{"name":"wp","href":"https:\/\/api.w.org\/{rel}","templated":true}]}}