{"id":22213,"date":"2023-10-10T13:14:52","date_gmt":"2023-10-10T13:14:52","guid":{"rendered":"https:\/\/likeink.se\/gnuggis\/blackout-tatuering\/"},"modified":"2026-03-16T15:43:44","modified_gmt":"2026-03-16T15:43:44","slug":"blackout-tatovering","status":"publish","type":"product","link":"https:\/\/likeink.com\/da\/midlertidige-tatoveringer\/blackout-tatovering\/","title":{"rendered":"Blackout tatovering"},"content":{"rendered":"","protected":false},"excerpt":{"rendered":"<p>Dyk ned i den dybeste sort med Like inks &#8220;Blackout tatoveringsark.&#8221; Dette produkt er designet til at give alle mulighed for at omfavne den moderne Blackout tatoveringstrend uden at forpligte sig permanent. Like inks fake tatoveringer er dermatologisk testet, hvilket sikrer en sikker og sk\u00e5nsom oplevelse for din hud. Desuden er vores tatoveringer utroligt nemme at p\u00e5f\u00f8re, s\u00e5 du hurtigt kan vise og endda vaske din nye stil v\u00e6k.<\/p>\n<h2>Like inks version af en Blackout tatovering, et kulsort ark hvor hele overfladen fungerer som en fake tatovering. Klip og inds\u00e6t forskellige m\u00f8nstre eller d\u00e6k et st\u00f8rre omr\u00e5de med denne Blackout tatovering.<\/h2>\n<p><strong>Om BlackOut Tatoveringer:<\/strong><br \/>\nBlackout er en tatoveringsstil, hvor en hel kropsdel er tatoveret sort, v\u00e6re sig en sort arm, sort ben, eller sort halv-tatovering. Det er almindeligt for individer at v\u00e6lge en blackout tatovering snarere end at fjerne en \u00e6ldre tatovering med laserbehandling, hvilket f\u00f8rer til fremkomsten af denne hurtigt voksende tatoveringstrend. Tatoveringen kan v\u00e6re helt sort eller m\u00f8nstret.<br \/>\nBlackOut tatoveringer er i de senere \u00e5r blevet en kraftfuld kunstform og stil i tatoveringsverdenen. Den repr\u00e6senterer mere end bare en omfattende sort m\u00e6rkning p\u00e5 huden; det er en dristig erkl\u00e6ring, en refleksion af indre f\u00f8lelser, og en hyldest til simplicitetens kraft. Mange v\u00e6lger BlackOut tatoveringer for at d\u00e6kke \u00e6ldre tatoveringer og starte p\u00e5 ny, mens andre ser det som et meditativt valg, en p\u00e5mindelse om renhed, enhed, og gr\u00e6nsel\u00f8shed.<br \/>\nMed Like inks &#8220;BlackOut&#8221; A5-ark kan du n\u00e6rme dig denne kraftfulde kunstform p\u00e5 dine egne vilk\u00e5r. Opdag sk\u00f8nheden i enkelhed og den dristige kontrast af BlackOut p\u00e5 din hud, uden den permanente forpligtelse.<br \/>\nVi syntes, det ville v\u00e6re lidt sjovt at introducere et helt sort ark, som ved f\u00f8rste \u00f8jekast kan synes kedeligt, men med lidt fantasi og en saks er det nemt at skabe imponerende m\u00f8nstre og tribal.<\/p>\n<p><strong>Size: A5:<\/strong> 196X140mm.<\/p>\n","protected":false},"featured_media":22203,"template":"","meta":[],"product_brand":[],"product_cat":[53,171,159],"product_tag":[],"class_list":{"0":"post-22213","1":"product","2":"type-product","3":"status-publish","4":"has-post-thumbnail","6":"product_cat-faerdige-ark","7":"product_cat-oevrige-tatoveringer","8":"product_cat-tribal-tatoveringer","10":"first","11":"instock","12":"taxable","13":"shipping-taxable","14":"purchasable","15":"product-type-simple"},"yoast_head":"<!-- This site is optimized with the Yoast SEO Premium plugin v26.2 (Yoast SEO v27.4) - https:\/\/yoast.com\/product\/yoast-seo-premium-wordpress\/ -->\n<title>Blackout tatovering A5 I Stor Sort Blackout Fake-tatovering - Like ink<\/title>\n<meta name=\"description\" content=\"Blackout tatovering der varer op til en uge. Et helt sort A5-ark, nemt at p\u00e5f\u00f8re hvis du vil hoppe med p\u00e5 Blackout-trenden. - Like ink\" \/>\n<meta name=\"robots\" content=\"index, follow, max-snippet:-1, max-image-preview:large, max-video-preview:-1\" \/>\n<link rel=\"canonical\" href=\"https:\/\/likeink.com\/da\/midlertidige-tatoveringer\/blackout-tatovering\/\" \/>\n<meta property=\"og:locale\" content=\"da_DK\" \/>\n<meta property=\"og:type\" content=\"article\" \/>\n<meta property=\"og:title\" content=\"Blackout tatovering\" \/>\n<meta property=\"og:description\" content=\"Dyk ned i den dybeste sort med Like inks &quot;Blackout tatoveringsark.&quot; Dette produkt er designet til at give alle mulighed for at omfavne den moderne Blackout tatoveringstrend uden at forpligte sig permanent. Like inks fake tatoveringer er dermatologisk testet, hvilket sikrer en sikker og sk\u00e5nsom oplevelse for din hud. Desuden er vores tatoveringer utroligt nemme at p\u00e5f\u00f8re, s\u00e5 du hurtigt kan vise og endda vaske din nye stil v\u00e6k. Like inks version af en Blackout tatovering, et kulsort ark hvor hele overfladen fungerer som en fake tatovering. Klip og inds\u00e6t forskellige m\u00f8nstre eller d\u00e6k et st\u00f8rre omr\u00e5de med denne Blackout tatovering. Om BlackOut Tatoveringer: Blackout er en tatoveringsstil, hvor en hel kropsdel er tatoveret sort, v\u00e6re sig en sort arm, sort ben, eller sort halv-tatovering. Det er almindeligt for individer at v\u00e6lge en blackout tatovering snarere end at fjerne en \u00e6ldre tatovering med laserbehandling, hvilket f\u00f8rer til fremkomsten af denne hurtigt voksende tatoveringstrend. Tatoveringen kan v\u00e6re helt sort eller m\u00f8nstret. BlackOut tatoveringer er i de senere \u00e5r blevet en kraftfuld kunstform og stil i tatoveringsverdenen. Den repr\u00e6senterer mere end bare en omfattende sort m\u00e6rkning p\u00e5 huden; det er en dristig erkl\u00e6ring, en refleksion af indre f\u00f8lelser, og en hyldest til simplicitetens kraft. Mange v\u00e6lger BlackOut tatoveringer for at d\u00e6kke \u00e6ldre tatoveringer og starte p\u00e5 ny, mens andre ser det som et meditativt valg, en p\u00e5mindelse om renhed, enhed, og gr\u00e6nsel\u00f8shed. Med Like inks &quot;BlackOut&quot; A5-ark kan du n\u00e6rme dig denne kraftfulde kunstform p\u00e5 dine egne vilk\u00e5r. Opdag sk\u00f8nheden i enkelhed og den dristige kontrast af BlackOut p\u00e5 din hud, uden den permanente forpligtelse. Vi syntes, det ville v\u00e6re lidt sjovt at introducere et helt sort ark, som ved f\u00f8rste \u00f8jekast kan synes kedeligt, men med lidt fantasi og en saks er det nemt at skabe imponerende m\u00f8nstre og tribal.  Size: A5: 196X140mm.\" \/>\n<meta property=\"og:url\" content=\"https:\/\/likeink.com\/da\/midlertidige-tatoveringer\/blackout-tatovering\/\" \/>\n<meta property=\"og:site_name\" content=\"Like ink\" \/>\n<meta property=\"article:publisher\" content=\"https:\/\/www.facebook.com\/LikeInkSe\" \/>\n<meta property=\"article:modified_time\" content=\"2026-03-16T15:43:44+00:00\" \/>\n<meta property=\"og:image\" content=\"https:\/\/likeink.com\/wp-content\/uploads\/2023\/10\/Blackout-Fake-Tattoo-Likeink.jpg\" \/>\n\t<meta property=\"og:image:width\" content=\"1000\" \/>\n\t<meta property=\"og:image:height\" content=\"704\" \/>\n\t<meta property=\"og:image:type\" content=\"image\/jpeg\" \/>\n<meta name=\"twitter:card\" content=\"summary_large_image\" \/>\n<script type=\"application\/ld+json\" class=\"yoast-schema-graph\">{\"@context\":\"https:\\\/\\\/schema.org\",\"@graph\":[{\"@type\":\"WebPage\",\"@id\":\"https:\\\/\\\/likeink.com\\\/da\\\/midlertidige-tatoveringer\\\/blackout-tatovering\\\/\",\"url\":\"https:\\\/\\\/likeink.com\\\/da\\\/midlertidige-tatoveringer\\\/blackout-tatovering\\\/\",\"name\":\"Blackout tatovering A5 I Stor Sort Blackout Fake-tatovering - Like ink\",\"isPartOf\":{\"@id\":\"https:\\\/\\\/likeink.com\\\/da\\\/#website\"},\"primaryImageOfPage\":{\"@id\":\"https:\\\/\\\/likeink.com\\\/da\\\/midlertidige-tatoveringer\\\/blackout-tatovering\\\/#primaryimage\"},\"image\":{\"@id\":\"https:\\\/\\\/likeink.com\\\/da\\\/midlertidige-tatoveringer\\\/blackout-tatovering\\\/#primaryimage\"},\"thumbnailUrl\":\"https:\\\/\\\/likeink.com\\\/wp-content\\\/uploads\\\/2023\\\/10\\\/Blackout-Fake-Tattoo-Likeink.jpg\",\"datePublished\":\"2023-10-10T13:14:52+00:00\",\"dateModified\":\"2026-03-16T15:43:44+00:00\",\"description\":\"Blackout tatovering der varer op til en uge. Et helt sort A5-ark, nemt at p\u00e5f\u00f8re hvis du vil hoppe med p\u00e5 Blackout-trenden. - Like ink\",\"breadcrumb\":{\"@id\":\"https:\\\/\\\/likeink.com\\\/da\\\/midlertidige-tatoveringer\\\/blackout-tatovering\\\/#breadcrumb\"},\"inLanguage\":\"da-DK\",\"potentialAction\":[{\"@type\":\"ReadAction\",\"target\":[\"https:\\\/\\\/likeink.com\\\/da\\\/midlertidige-tatoveringer\\\/blackout-tatovering\\\/\"]}]},{\"@type\":\"ImageObject\",\"inLanguage\":\"da-DK\",\"@id\":\"https:\\\/\\\/likeink.com\\\/da\\\/midlertidige-tatoveringer\\\/blackout-tatovering\\\/#primaryimage\",\"url\":\"https:\\\/\\\/likeink.com\\\/wp-content\\\/uploads\\\/2023\\\/10\\\/Blackout-Fake-Tattoo-Likeink.jpg\",\"contentUrl\":\"https:\\\/\\\/likeink.com\\\/wp-content\\\/uploads\\\/2023\\\/10\\\/Blackout-Fake-Tattoo-Likeink.jpg\",\"width\":1000,\"height\":704,\"caption\":\"\\\"BlackOut\\\" \u2013 Et modigt og unikt fake tatoveringsark fra Like ink.\"},{\"@type\":\"BreadcrumbList\",\"@id\":\"https:\\\/\\\/likeink.com\\\/da\\\/midlertidige-tatoveringer\\\/blackout-tatovering\\\/#breadcrumb\",\"itemListElement\":[{\"@type\":\"ListItem\",\"position\":1,\"name\":\"Hem\",\"item\":\"https:\\\/\\\/likeink.com\\\/da\\\/\"},{\"@type\":\"ListItem\",\"position\":2,\"name\":\"Shop\",\"item\":\"https:\\\/\\\/likeink.com\\\/da\\\/shop\\\/\"},{\"@type\":\"ListItem\",\"position\":3,\"name\":\"Blackout tatovering\"}]},{\"@type\":\"WebSite\",\"@id\":\"https:\\\/\\\/likeink.com\\\/da\\\/#website\",\"url\":\"https:\\\/\\\/likeink.com\\\/da\\\/\",\"name\":\"Like ink\",\"description\":\"Make your own custom design\",\"potentialAction\":[{\"@type\":\"SearchAction\",\"target\":{\"@type\":\"EntryPoint\",\"urlTemplate\":\"https:\\\/\\\/likeink.com\\\/da\\\/?s={search_term_string}\"},\"query-input\":{\"@type\":\"PropertyValueSpecification\",\"valueRequired\":true,\"valueName\":\"search_term_string\"}}],\"inLanguage\":\"da-DK\"}]}<\/script>\n<!-- \/ Yoast SEO Premium plugin. -->","yoast_head_json":{"title":"Blackout tatovering A5 I Stor Sort Blackout Fake-tatovering - Like ink","description":"Blackout tatovering der varer op til en uge. Et helt sort A5-ark, nemt at p\u00e5f\u00f8re hvis du vil hoppe med p\u00e5 Blackout-trenden. - Like ink","robots":{"index":"index","follow":"follow","max-snippet":"max-snippet:-1","max-image-preview":"max-image-preview:large","max-video-preview":"max-video-preview:-1"},"canonical":"https:\/\/likeink.com\/da\/midlertidige-tatoveringer\/blackout-tatovering\/","og_locale":"da_DK","og_type":"article","og_title":"Blackout tatovering","og_description":"Dyk ned i den dybeste sort med Like inks \"Blackout tatoveringsark.\" Dette produkt er designet til at give alle mulighed for at omfavne den moderne Blackout tatoveringstrend uden at forpligte sig permanent. Like inks fake tatoveringer er dermatologisk testet, hvilket sikrer en sikker og sk\u00e5nsom oplevelse for din hud. Desuden er vores tatoveringer utroligt nemme at p\u00e5f\u00f8re, s\u00e5 du hurtigt kan vise og endda vaske din nye stil v\u00e6k. Like inks version af en Blackout tatovering, et kulsort ark hvor hele overfladen fungerer som en fake tatovering. Klip og inds\u00e6t forskellige m\u00f8nstre eller d\u00e6k et st\u00f8rre omr\u00e5de med denne Blackout tatovering. Om BlackOut Tatoveringer: Blackout er en tatoveringsstil, hvor en hel kropsdel er tatoveret sort, v\u00e6re sig en sort arm, sort ben, eller sort halv-tatovering. Det er almindeligt for individer at v\u00e6lge en blackout tatovering snarere end at fjerne en \u00e6ldre tatovering med laserbehandling, hvilket f\u00f8rer til fremkomsten af denne hurtigt voksende tatoveringstrend. Tatoveringen kan v\u00e6re helt sort eller m\u00f8nstret. BlackOut tatoveringer er i de senere \u00e5r blevet en kraftfuld kunstform og stil i tatoveringsverdenen. Den repr\u00e6senterer mere end bare en omfattende sort m\u00e6rkning p\u00e5 huden; det er en dristig erkl\u00e6ring, en refleksion af indre f\u00f8lelser, og en hyldest til simplicitetens kraft. Mange v\u00e6lger BlackOut tatoveringer for at d\u00e6kke \u00e6ldre tatoveringer og starte p\u00e5 ny, mens andre ser det som et meditativt valg, en p\u00e5mindelse om renhed, enhed, og gr\u00e6nsel\u00f8shed. Med Like inks \"BlackOut\" A5-ark kan du n\u00e6rme dig denne kraftfulde kunstform p\u00e5 dine egne vilk\u00e5r. Opdag sk\u00f8nheden i enkelhed og den dristige kontrast af BlackOut p\u00e5 din hud, uden den permanente forpligtelse. Vi syntes, det ville v\u00e6re lidt sjovt at introducere et helt sort ark, som ved f\u00f8rste \u00f8jekast kan synes kedeligt, men med lidt fantasi og en saks er det nemt at skabe imponerende m\u00f8nstre og tribal.  Size: A5: 196X140mm.","og_url":"https:\/\/likeink.com\/da\/midlertidige-tatoveringer\/blackout-tatovering\/","og_site_name":"Like ink","article_publisher":"https:\/\/www.facebook.com\/LikeInkSe","article_modified_time":"2026-03-16T15:43:44+00:00","og_image":[{"width":1000,"height":704,"url":"https:\/\/likeink.com\/wp-content\/uploads\/2023\/10\/Blackout-Fake-Tattoo-Likeink.jpg","type":"image\/jpeg"}],"twitter_card":"summary_large_image","schema":{"@context":"https:\/\/schema.org","@graph":[{"@type":"WebPage","@id":"https:\/\/likeink.com\/da\/midlertidige-tatoveringer\/blackout-tatovering\/","url":"https:\/\/likeink.com\/da\/midlertidige-tatoveringer\/blackout-tatovering\/","name":"Blackout tatovering A5 I Stor Sort Blackout Fake-tatovering - Like ink","isPartOf":{"@id":"https:\/\/likeink.com\/da\/#website"},"primaryImageOfPage":{"@id":"https:\/\/likeink.com\/da\/midlertidige-tatoveringer\/blackout-tatovering\/#primaryimage"},"image":{"@id":"https:\/\/likeink.com\/da\/midlertidige-tatoveringer\/blackout-tatovering\/#primaryimage"},"thumbnailUrl":"https:\/\/likeink.com\/wp-content\/uploads\/2023\/10\/Blackout-Fake-Tattoo-Likeink.jpg","datePublished":"2023-10-10T13:14:52+00:00","dateModified":"2026-03-16T15:43:44+00:00","description":"Blackout tatovering der varer op til en uge. Et helt sort A5-ark, nemt at p\u00e5f\u00f8re hvis du vil hoppe med p\u00e5 Blackout-trenden. - Like ink","breadcrumb":{"@id":"https:\/\/likeink.com\/da\/midlertidige-tatoveringer\/blackout-tatovering\/#breadcrumb"},"inLanguage":"da-DK","potentialAction":[{"@type":"ReadAction","target":["https:\/\/likeink.com\/da\/midlertidige-tatoveringer\/blackout-tatovering\/"]}]},{"@type":"ImageObject","inLanguage":"da-DK","@id":"https:\/\/likeink.com\/da\/midlertidige-tatoveringer\/blackout-tatovering\/#primaryimage","url":"https:\/\/likeink.com\/wp-content\/uploads\/2023\/10\/Blackout-Fake-Tattoo-Likeink.jpg","contentUrl":"https:\/\/likeink.com\/wp-content\/uploads\/2023\/10\/Blackout-Fake-Tattoo-Likeink.jpg","width":1000,"height":704,"caption":"\"BlackOut\" \u2013 Et modigt og unikt fake tatoveringsark fra Like ink."},{"@type":"BreadcrumbList","@id":"https:\/\/likeink.com\/da\/midlertidige-tatoveringer\/blackout-tatovering\/#breadcrumb","itemListElement":[{"@type":"ListItem","position":1,"name":"Hem","item":"https:\/\/likeink.com\/da\/"},{"@type":"ListItem","position":2,"name":"Shop","item":"https:\/\/likeink.com\/da\/shop\/"},{"@type":"ListItem","position":3,"name":"Blackout tatovering"}]},{"@type":"WebSite","@id":"https:\/\/likeink.com\/da\/#website","url":"https:\/\/likeink.com\/da\/","name":"Like ink","description":"Make your own custom design","potentialAction":[{"@type":"SearchAction","target":{"@type":"EntryPoint","urlTemplate":"https:\/\/likeink.com\/da\/?s={search_term_string}"},"query-input":{"@type":"PropertyValueSpecification","valueRequired":true,"valueName":"search_term_string"}}],"inLanguage":"da-DK"}]}},"_links":{"self":[{"href":"https:\/\/likeink.com\/da\/wp-json\/wp\/v2\/product\/22213","targetHints":{"allow":["GET"]}}],"collection":[{"href":"https:\/\/likeink.com\/da\/wp-json\/wp\/v2\/product"}],"about":[{"href":"https:\/\/likeink.com\/da\/wp-json\/wp\/v2\/types\/product"}],"wp:featuredmedia":[{"embeddable":true,"href":"https:\/\/likeink.com\/da\/wp-json\/wp\/v2\/media\/22203"}],"wp:attachment":[{"href":"https:\/\/likeink.com\/da\/wp-json\/wp\/v2\/media?parent=22213"}],"wp:term":[{"taxonomy":"product_brand","embeddable":true,"href":"https:\/\/likeink.com\/da\/wp-json\/wp\/v2\/product_brand?post=22213"},{"taxonomy":"product_cat","embeddable":true,"href":"https:\/\/likeink.com\/da\/wp-json\/wp\/v2\/product_cat?post=22213"},{"taxonomy":"product_tag","embeddable":true,"href":"https:\/\/likeink.com\/da\/wp-json\/wp\/v2\/product_tag?post=22213"}],"curies":[{"name":"wp","href":"https:\/\/api.w.org\/{rel}","templated":true}]}}