{"id":22845,"date":"2023-10-31T14:05:50","date_gmt":"2023-10-31T14:05:50","guid":{"rendered":"https:\/\/likeink.se\/gnuggis\/like-ink-julkollektion-2023\/"},"modified":"2026-03-16T15:43:44","modified_gmt":"2026-03-16T15:43:44","slug":"like-ink-julekollektion-2026","status":"publish","type":"product","link":"https:\/\/likeink.com\/da\/midlertidige-tatoveringer\/like-ink-julekollektion-2026\/","title":{"rendered":"Like Ink Julekollektion 2026"},"content":{"rendered":"","protected":false},"excerpt":{"rendered":"<p>G\u00f8r dig klar til at danse rundt om juletr\u00e6et med Like Inks feriekollektion af midlertidige tatoveringer! Falske tatoveringer er en sjov tilf\u00f8jelse til s\u00e6sonens festligheder, og det us\u00e6dvanlige og underholdende her er julemotiverne med en \u00e6gte tatoveringsf\u00f8lelse.<\/p>\n<h2>Spred gl\u00e6de, \u00e5ben op for samtale og latter med tatoveringerne fra Like Inks feriekollektion<\/h2>\n<p>Vores ark med tatoveringer er fyldt til randen med designs, der med sikkerhed vil tiltr\u00e6kke opm\u00e6rksomhed og m\u00e5ske fremkalde et grin eller to. Fra de fr\u00e6kke nisser, der tager en vild tur p\u00e5 deres motorcykler, til det h\u00e5rde kranium, der b\u00e6rer en nissehue.<br \/>\nBlandt vores tatoveringskunst finder du den fr\u00e6kke tekst &#8220;P\u00e5 grund af inflationen, dette er min grimme julesweater,&#8221; hvilket antyder, at julen kan fejres p\u00e5 mange m\u00e5der. Denne tatovering vil helt sikkert starte samtaler.<br \/>\nLike Inks midlertidige tatoveringer er trykt p\u00e5 premiumark, der er nemme at anvende og holder l\u00e6nge. Tatoveringerne er hudvenlige, veganske og sikre for alle aldre, hvilket g\u00f8r dem til en ideel julegave eller som en del af dit eget &#8220;julede&#8221; outfit.<br \/>\nAnvendelsen er enkel: Klip dit yndlingsdesign ud, fjern beskyttelsespapiret, placer mod huden, fugt med vand, tryk ned og voil\u00e0! Inden for f\u00e5 minutter har du en imponerende tatovering, der vil forblive frisk i flere dage.<\/p>\n<p><strong>Arkst\u00f8rrelse:<\/strong> A5<br \/>\n<strong>Antal Tatoveringer:<\/strong> 14<br \/>\n<strong>St\u00f8rrelse Tatoveringer: <\/strong>3-7 cm<\/p>\n","protected":false},"featured_media":22797,"template":"","meta":[],"product_brand":[],"product_cat":[53,513],"product_tag":[],"class_list":{"0":"post-22845","1":"product","2":"type-product","3":"status-publish","4":"has-post-thumbnail","6":"product_cat-faerdige-ark","7":"product_cat-maskerade-saeson","9":"first","10":"instock","11":"taxable","12":"shipping-taxable","13":"purchasable","14":"product-type-simple"},"yoast_head":"<!-- This site is optimized with the Yoast SEO Premium plugin v26.2 (Yoast SEO v27.5) - https:\/\/yoast.com\/product\/yoast-seo-premium-wordpress\/ -->\n<title>Like Ink Julekollektion 2026 A5 - Fake tattoos - Like ink<\/title>\n<meta name=\"description\" content=\"Like Ink 2026 Julekollektion: \u00c6gte tatoveringsfornemmelser gennem dejlige falske tatoveringer, der spreder gl\u00e6de og starter samtaler! - Like ink\" \/>\n<meta name=\"robots\" content=\"index, follow, max-snippet:-1, max-image-preview:large, max-video-preview:-1\" \/>\n<link rel=\"canonical\" href=\"https:\/\/likeink.com\/da\/midlertidige-tatoveringer\/like-ink-julekollektion-2026\/\" \/>\n<meta property=\"og:locale\" content=\"da_DK\" \/>\n<meta property=\"og:type\" content=\"article\" \/>\n<meta property=\"og:title\" content=\"Like Ink Julekollektion 2026\" \/>\n<meta property=\"og:description\" content=\"G\u00f8r dig klar til at danse rundt om juletr\u00e6et med Like Inks feriekollektion af midlertidige tatoveringer! Falske tatoveringer er en sjov tilf\u00f8jelse til s\u00e6sonens festligheder, og det us\u00e6dvanlige og underholdende her er julemotiverne med en \u00e6gte tatoveringsf\u00f8lelse. Spred gl\u00e6de, \u00e5ben op for samtale og latter med tatoveringerne fra Like Inks feriekollektion Vores ark med tatoveringer er fyldt til randen med designs, der med sikkerhed vil tiltr\u00e6kke opm\u00e6rksomhed og m\u00e5ske fremkalde et grin eller to. Fra de fr\u00e6kke nisser, der tager en vild tur p\u00e5 deres motorcykler, til det h\u00e5rde kranium, der b\u00e6rer en nissehue. Blandt vores tatoveringskunst finder du den fr\u00e6kke tekst &quot;P\u00e5 grund af inflationen, dette er min grimme julesweater,&quot; hvilket antyder, at julen kan fejres p\u00e5 mange m\u00e5der. Denne tatovering vil helt sikkert starte samtaler. Like Inks midlertidige tatoveringer er trykt p\u00e5 premiumark, der er nemme at anvende og holder l\u00e6nge. Tatoveringerne er hudvenlige, veganske og sikre for alle aldre, hvilket g\u00f8r dem til en ideel julegave eller som en del af dit eget &quot;julede&quot; outfit. Anvendelsen er enkel: Klip dit yndlingsdesign ud, fjern beskyttelsespapiret, placer mod huden, fugt med vand, tryk ned og voil\u00e0! Inden for f\u00e5 minutter har du en imponerende tatovering, der vil forblive frisk i flere dage.  Arkst\u00f8rrelse: A5 Antal Tatoveringer: 14 St\u00f8rrelse Tatoveringer: 3-7 cm\" \/>\n<meta property=\"og:url\" content=\"https:\/\/likeink.com\/da\/midlertidige-tatoveringer\/like-ink-julekollektion-2026\/\" \/>\n<meta property=\"og:site_name\" content=\"Like ink\" \/>\n<meta property=\"article:publisher\" content=\"https:\/\/www.facebook.com\/LikeInkSe\" \/>\n<meta property=\"article:modified_time\" content=\"2026-03-16T15:43:44+00:00\" \/>\n<meta property=\"og:image\" content=\"https:\/\/likeink.com\/wp-content\/uploads\/2023\/10\/Tattoo-Christmas.jpg\" \/>\n\t<meta property=\"og:image:width\" content=\"1200\" \/>\n\t<meta property=\"og:image:height\" content=\"845\" \/>\n\t<meta property=\"og:image:type\" content=\"image\/jpeg\" \/>\n<meta name=\"twitter:card\" content=\"summary_large_image\" \/>\n<meta name=\"twitter:label1\" content=\"Estimeret l\u00e6setid\" \/>\n\t<meta name=\"twitter:data1\" content=\"1 minut\" \/>\n<!-- \/ Yoast SEO Premium plugin. -->","yoast_head_json":{"title":"Like Ink Julekollektion 2026 A5 - Fake tattoos - Like ink","description":"Like Ink 2026 Julekollektion: \u00c6gte tatoveringsfornemmelser gennem dejlige falske tatoveringer, der spreder gl\u00e6de og starter samtaler! - Like ink","robots":{"index":"index","follow":"follow","max-snippet":"max-snippet:-1","max-image-preview":"max-image-preview:large","max-video-preview":"max-video-preview:-1"},"canonical":"https:\/\/likeink.com\/da\/midlertidige-tatoveringer\/like-ink-julekollektion-2026\/","og_locale":"da_DK","og_type":"article","og_title":"Like Ink Julekollektion 2026","og_description":"G\u00f8r dig klar til at danse rundt om juletr\u00e6et med Like Inks feriekollektion af midlertidige tatoveringer! Falske tatoveringer er en sjov tilf\u00f8jelse til s\u00e6sonens festligheder, og det us\u00e6dvanlige og underholdende her er julemotiverne med en \u00e6gte tatoveringsf\u00f8lelse. Spred gl\u00e6de, \u00e5ben op for samtale og latter med tatoveringerne fra Like Inks feriekollektion Vores ark med tatoveringer er fyldt til randen med designs, der med sikkerhed vil tiltr\u00e6kke opm\u00e6rksomhed og m\u00e5ske fremkalde et grin eller to. Fra de fr\u00e6kke nisser, der tager en vild tur p\u00e5 deres motorcykler, til det h\u00e5rde kranium, der b\u00e6rer en nissehue. Blandt vores tatoveringskunst finder du den fr\u00e6kke tekst \"P\u00e5 grund af inflationen, dette er min grimme julesweater,\" hvilket antyder, at julen kan fejres p\u00e5 mange m\u00e5der. Denne tatovering vil helt sikkert starte samtaler. Like Inks midlertidige tatoveringer er trykt p\u00e5 premiumark, der er nemme at anvende og holder l\u00e6nge. Tatoveringerne er hudvenlige, veganske og sikre for alle aldre, hvilket g\u00f8r dem til en ideel julegave eller som en del af dit eget \"julede\" outfit. Anvendelsen er enkel: Klip dit yndlingsdesign ud, fjern beskyttelsespapiret, placer mod huden, fugt med vand, tryk ned og voil\u00e0! Inden for f\u00e5 minutter har du en imponerende tatovering, der vil forblive frisk i flere dage.  Arkst\u00f8rrelse: A5 Antal Tatoveringer: 14 St\u00f8rrelse Tatoveringer: 3-7 cm","og_url":"https:\/\/likeink.com\/da\/midlertidige-tatoveringer\/like-ink-julekollektion-2026\/","og_site_name":"Like ink","article_publisher":"https:\/\/www.facebook.com\/LikeInkSe","article_modified_time":"2026-03-16T15:43:44+00:00","og_image":[{"width":1200,"height":845,"url":"https:\/\/likeink.com\/wp-content\/uploads\/2023\/10\/Tattoo-Christmas.jpg","type":"image\/jpeg"}],"twitter_card":"summary_large_image","twitter_misc":{"Estimeret l\u00e6setid":"1 minut"},"schema":{"@context":"https:\/\/schema.org","@graph":[{"@type":"WebPage","@id":"https:\/\/likeink.com\/da\/midlertidige-tatoveringer\/like-ink-julekollektion-2026\/","url":"https:\/\/likeink.com\/da\/midlertidige-tatoveringer\/like-ink-julekollektion-2026\/","name":"Like Ink Julekollektion 2026 A5 - Fake tattoos - Like ink","isPartOf":{"@id":"https:\/\/likeink.com\/da\/#website"},"primaryImageOfPage":{"@id":"https:\/\/likeink.com\/da\/midlertidige-tatoveringer\/like-ink-julekollektion-2026\/#primaryimage"},"image":{"@id":"https:\/\/likeink.com\/da\/midlertidige-tatoveringer\/like-ink-julekollektion-2026\/#primaryimage"},"thumbnailUrl":"https:\/\/likeink.com\/wp-content\/uploads\/2023\/10\/Tattoo-Christmas.jpg","datePublished":"2023-10-31T14:05:50+00:00","dateModified":"2026-03-16T15:43:44+00:00","description":"Like Ink 2026 Julekollektion: \u00c6gte tatoveringsfornemmelser gennem dejlige falske tatoveringer, der spreder gl\u00e6de og starter samtaler! - Like ink","breadcrumb":{"@id":"https:\/\/likeink.com\/da\/midlertidige-tatoveringer\/like-ink-julekollektion-2026\/#breadcrumb"},"inLanguage":"da-DK","potentialAction":[{"@type":"ReadAction","target":["https:\/\/likeink.com\/da\/midlertidige-tatoveringer\/like-ink-julekollektion-2026\/"]}]},{"@type":"ImageObject","inLanguage":"da-DK","@id":"https:\/\/likeink.com\/da\/midlertidige-tatoveringer\/like-ink-julekollektion-2026\/#primaryimage","url":"https:\/\/likeink.com\/wp-content\/uploads\/2023\/10\/Tattoo-Christmas.jpg","contentUrl":"https:\/\/likeink.com\/wp-content\/uploads\/2023\/10\/Tattoo-Christmas.jpg","width":1200,"height":845,"caption":"H\u00e5ndtegnede Jul-Tatoveringer: Kranium Med Nissehue, Julemand P\u00e5 Motorcykel Og Mere!"},{"@type":"BreadcrumbList","@id":"https:\/\/likeink.com\/da\/midlertidige-tatoveringer\/like-ink-julekollektion-2026\/#breadcrumb","itemListElement":[{"@type":"ListItem","position":1,"name":"Hem","item":"https:\/\/likeink.com\/da\/"},{"@type":"ListItem","position":2,"name":"Shop","item":"https:\/\/likeink.com\/da\/shop\/"},{"@type":"ListItem","position":3,"name":"Like Ink Julekollektion 2026"}]},{"@type":"WebSite","@id":"https:\/\/likeink.com\/da\/#website","url":"https:\/\/likeink.com\/da\/","name":"Like ink","description":"Make your own custom design","potentialAction":[{"@type":"SearchAction","target":{"@type":"EntryPoint","urlTemplate":"https:\/\/likeink.com\/da\/?s={search_term_string}"},"query-input":{"@type":"PropertyValueSpecification","valueRequired":true,"valueName":"search_term_string"}}],"inLanguage":"da-DK"}]}},"_links":{"self":[{"href":"https:\/\/likeink.com\/da\/wp-json\/wp\/v2\/product\/22845","targetHints":{"allow":["GET"]}}],"collection":[{"href":"https:\/\/likeink.com\/da\/wp-json\/wp\/v2\/product"}],"about":[{"href":"https:\/\/likeink.com\/da\/wp-json\/wp\/v2\/types\/product"}],"wp:featuredmedia":[{"embeddable":true,"href":"https:\/\/likeink.com\/da\/wp-json\/wp\/v2\/media\/22797"}],"wp:attachment":[{"href":"https:\/\/likeink.com\/da\/wp-json\/wp\/v2\/media?parent=22845"}],"wp:term":[{"taxonomy":"product_brand","embeddable":true,"href":"https:\/\/likeink.com\/da\/wp-json\/wp\/v2\/product_brand?post=22845"},{"taxonomy":"product_cat","embeddable":true,"href":"https:\/\/likeink.com\/da\/wp-json\/wp\/v2\/product_cat?post=22845"},{"taxonomy":"product_tag","embeddable":true,"href":"https:\/\/likeink.com\/da\/wp-json\/wp\/v2\/product_tag?post=22845"}],"curies":[{"name":"wp","href":"https:\/\/api.w.org\/{rel}","templated":true}]}}