{"id":2412,"date":"2020-01-21T15:27:46","date_gmt":"2020-01-21T15:27:46","guid":{"rendered":"https:\/\/likeink.se\/produkt\/flash-3-by-helene-at-studio-black\/"},"modified":"2024-02-14T15:41:25","modified_gmt":"2024-02-14T15:41:25","slug":"flash-3-by-helene-at-studio-black","status":"publish","type":"product","link":"https:\/\/likeink.com\/da\/midlertidige-tatoveringer\/flash-3-by-helene-at-studio-black\/","title":{"rendered":"Flash &#8220;Mandala&#8221; by Hel\u00e9ne at Studio Bl\u00e4ck"},"content":{"rendered":"","protected":false},"excerpt":{"rendered":"<p>Our finished disposable sheets with fake tattoos are approximately 20\u00d715 cm large and filled with the design you see in the picture.o ensure your satisfaction, we will print and send the sheet within 24 hours after you have ordered. This sheet is designed by the talented tattoo artist Hel\u00e9ne at Studio Bl\u00e4ck.<\/p>\n<p><strong>This is Hel\u00e9ne:<\/strong><span class=\"apple-converted-space\">\u00a0<\/span>Tattoo artist from Sweden, who LOVEs tattoos and tattooing. The process of making the idea\u2019s of my client into a tattoo is the most inspirational way of creating art. Because of this, I tattoo all styles. From bold line Old-School to Photo Realism. What fits my client\u2019s vision, personality and style. When it comes to small tattoos I like simple designs with a nice flow. Classic fine lines and maybe a dash of colour. The beauty lies in the small details in life. As in tattoos. I hope you enjoy these tattoo flash-sheets. And feel free to hashtag Like Ink and me when you post your temporary tattoos on social media. I hope to see you at Studio Bl\u00e4ck in the enchanting forest\u2019s of V\u00e4rmland.<\/p>\n<p><strong>Get in touch with Hel\u00e9ne:<\/strong><\/p>\n<p><strong>Instagram:<\/strong><span class=\"apple-converted-space\"><b>\u00a0<\/b><\/span><\/p>\n<p>helene_studioblack<\/p>\n<p><strong>Facebook:<\/strong><\/p>\n<p>Facebook.com\/studioblack.forshaga<\/p>\n<p><strong>Studio:<\/strong><\/p>\n<p>Studio Bl\u00e4ck<\/p>\n<p><strong>Adress:<\/strong><\/p>\n<p>Storgatan 33, 667 30 FORSHAGA<\/p>\n<p>Hemsida: studioblack.se<\/p>\n","protected":false},"featured_media":60125,"template":"","meta":[],"product_brand":[],"product_cat":[53,156],"product_tag":[],"class_list":{"0":"post-2412","1":"product","2":"type-product","3":"status-publish","4":"has-post-thumbnail","6":"product_cat-faerdige-ark","7":"product_cat-samarbejde-med-tatovoerer","9":"first","10":"instock","11":"taxable","12":"shipping-taxable","13":"purchasable","14":"product-type-simple"},"yoast_head":"<!-- This site is optimized with the Yoast SEO Premium plugin v26.2 (Yoast SEO v27.4) - https:\/\/yoast.com\/product\/yoast-seo-premium-wordpress\/ -->\n<title>Mandala design-tatoveringer af svensk tatov\u00f8r - Like ink<\/title>\n<meta name=\"description\" content=\"Smukke Mandala design-tatoveringer. Dette ark er i fin A5-st\u00f8rrelse, og vi sender over hele verden. Falske tatoveringer, der ser godt ud - Like ink\" \/>\n<meta name=\"robots\" content=\"index, follow, max-snippet:-1, max-image-preview:large, max-video-preview:-1\" \/>\n<link rel=\"canonical\" href=\"https:\/\/likeink.com\/da\/midlertidige-tatoveringer\/flash-3-by-helene-at-studio-black\/\" \/>\n<meta property=\"og:locale\" content=\"da_DK\" \/>\n<meta property=\"og:type\" content=\"article\" \/>\n<meta property=\"og:title\" content=\"Flash &quot;Mandala&quot; by Hel\u00e9ne at Studio Bl\u00e4ck\" \/>\n<meta property=\"og:description\" content=\"Our finished disposable sheets with fake tattoos are approximately 20\u00d715 cm large and filled with the design you see in the picture.o ensure your satisfaction, we will print and send the sheet within 24 hours after you have ordered. This sheet is designed by the talented tattoo artist Hel\u00e9ne at Studio Bl\u00e4ck.  This is Hel\u00e9ne:\u00a0Tattoo artist from Sweden, who LOVEs tattoos and tattooing. The process of making the idea\u2019s of my client into a tattoo is the most inspirational way of creating art. Because of this, I tattoo all styles. From bold line Old-School to Photo Realism. What fits my client\u2019s vision, personality and style. When it comes to small tattoos I like simple designs with a nice flow. Classic fine lines and maybe a dash of colour. The beauty lies in the small details in life. As in tattoos. I hope you enjoy these tattoo flash-sheets. And feel free to hashtag Like Ink and me when you post your temporary tattoos on social media. I hope to see you at Studio Bl\u00e4ck in the enchanting forest\u2019s of V\u00e4rmland.  Get in touch with Hel\u00e9ne:  Instagram:\u00a0  helene_studioblack  Facebook:  Facebook.com\/studioblack.forshaga  Studio:  Studio Bl\u00e4ck  Adress:  Storgatan 33, 667 30 FORSHAGA  Hemsida: studioblack.se\" \/>\n<meta property=\"og:url\" content=\"https:\/\/likeink.com\/da\/midlertidige-tatoveringer\/flash-3-by-helene-at-studio-black\/\" \/>\n<meta property=\"og:site_name\" content=\"Like ink\" \/>\n<meta property=\"article:publisher\" content=\"https:\/\/www.facebook.com\/LikeInkSe\" \/>\n<meta property=\"article:modified_time\" content=\"2024-02-14T15:41:25+00:00\" \/>\n<meta property=\"og:image\" content=\"https:\/\/likeink.com\/wp-content\/uploads\/2020\/01\/StudioBl\u00e4ck3-e1642785595687.jpg\" \/>\n\t<meta property=\"og:image:width\" content=\"400\" \/>\n\t<meta property=\"og:image:height\" content=\"282\" \/>\n\t<meta property=\"og:image:type\" content=\"image\/jpeg\" \/>\n<meta name=\"twitter:card\" content=\"summary_large_image\" \/>\n<script type=\"application\/ld+json\" class=\"yoast-schema-graph\">{\"@context\":\"https:\\\/\\\/schema.org\",\"@graph\":[{\"@type\":\"WebPage\",\"@id\":\"https:\\\/\\\/likeink.com\\\/da\\\/midlertidige-tatoveringer\\\/flash-3-by-helene-at-studio-black\\\/\",\"url\":\"https:\\\/\\\/likeink.com\\\/da\\\/midlertidige-tatoveringer\\\/flash-3-by-helene-at-studio-black\\\/\",\"name\":\"Mandala design-tatoveringer af svensk tatov\u00f8r - Like ink\",\"isPartOf\":{\"@id\":\"https:\\\/\\\/likeink.com\\\/da\\\/#website\"},\"primaryImageOfPage\":{\"@id\":\"https:\\\/\\\/likeink.com\\\/da\\\/midlertidige-tatoveringer\\\/flash-3-by-helene-at-studio-black\\\/#primaryimage\"},\"image\":{\"@id\":\"https:\\\/\\\/likeink.com\\\/da\\\/midlertidige-tatoveringer\\\/flash-3-by-helene-at-studio-black\\\/#primaryimage\"},\"thumbnailUrl\":\"https:\\\/\\\/likeink.com\\\/wp-content\\\/uploads\\\/2026\\\/03\\\/Mandala-tatuerare-design-likeink.jpg\",\"datePublished\":\"2020-01-21T15:27:46+00:00\",\"dateModified\":\"2024-02-14T15:41:25+00:00\",\"description\":\"Smukke Mandala design-tatoveringer. Dette ark er i fin A5-st\u00f8rrelse, og vi sender over hele verden. Falske tatoveringer, der ser godt ud - Like ink\",\"breadcrumb\":{\"@id\":\"https:\\\/\\\/likeink.com\\\/da\\\/midlertidige-tatoveringer\\\/flash-3-by-helene-at-studio-black\\\/#breadcrumb\"},\"inLanguage\":\"da-DK\",\"potentialAction\":[{\"@type\":\"ReadAction\",\"target\":[\"https:\\\/\\\/likeink.com\\\/da\\\/midlertidige-tatoveringer\\\/flash-3-by-helene-at-studio-black\\\/\"]}]},{\"@type\":\"ImageObject\",\"inLanguage\":\"da-DK\",\"@id\":\"https:\\\/\\\/likeink.com\\\/da\\\/midlertidige-tatoveringer\\\/flash-3-by-helene-at-studio-black\\\/#primaryimage\",\"url\":\"https:\\\/\\\/likeink.com\\\/wp-content\\\/uploads\\\/2026\\\/03\\\/Mandala-tatuerare-design-likeink.jpg\",\"contentUrl\":\"https:\\\/\\\/likeink.com\\\/wp-content\\\/uploads\\\/2026\\\/03\\\/Mandala-tatuerare-design-likeink.jpg\",\"width\":1800,\"height\":1268,\"caption\":\"En samling udsmykkede sort-hvide mandala- og blomstermotiver, hvoraf et har en bl\u00e5 \u00e6delsten i midten. S\u00e6ttet indeholder indviklede m\u00f8nstre og symmetriske dekorative elementer.\"},{\"@type\":\"BreadcrumbList\",\"@id\":\"https:\\\/\\\/likeink.com\\\/da\\\/midlertidige-tatoveringer\\\/flash-3-by-helene-at-studio-black\\\/#breadcrumb\",\"itemListElement\":[{\"@type\":\"ListItem\",\"position\":1,\"name\":\"Hem\",\"item\":\"https:\\\/\\\/likeink.com\\\/da\\\/\"},{\"@type\":\"ListItem\",\"position\":2,\"name\":\"Shop\",\"item\":\"https:\\\/\\\/likeink.com\\\/da\\\/shop\\\/\"},{\"@type\":\"ListItem\",\"position\":3,\"name\":\"Flash &#8220;Mandala&#8221; by Hel\u00e9ne at Studio Bl\u00e4ck\"}]},{\"@type\":\"WebSite\",\"@id\":\"https:\\\/\\\/likeink.com\\\/da\\\/#website\",\"url\":\"https:\\\/\\\/likeink.com\\\/da\\\/\",\"name\":\"Like ink\",\"description\":\"Make your own custom design\",\"potentialAction\":[{\"@type\":\"SearchAction\",\"target\":{\"@type\":\"EntryPoint\",\"urlTemplate\":\"https:\\\/\\\/likeink.com\\\/da\\\/?s={search_term_string}\"},\"query-input\":{\"@type\":\"PropertyValueSpecification\",\"valueRequired\":true,\"valueName\":\"search_term_string\"}}],\"inLanguage\":\"da-DK\"}]}<\/script>\n<!-- \/ Yoast SEO Premium plugin. -->","yoast_head_json":{"title":"Mandala design-tatoveringer af svensk tatov\u00f8r - Like ink","description":"Smukke Mandala design-tatoveringer. Dette ark er i fin A5-st\u00f8rrelse, og vi sender over hele verden. Falske tatoveringer, der ser godt ud - Like ink","robots":{"index":"index","follow":"follow","max-snippet":"max-snippet:-1","max-image-preview":"max-image-preview:large","max-video-preview":"max-video-preview:-1"},"canonical":"https:\/\/likeink.com\/da\/midlertidige-tatoveringer\/flash-3-by-helene-at-studio-black\/","og_locale":"da_DK","og_type":"article","og_title":"Flash \"Mandala\" by Hel\u00e9ne at Studio Bl\u00e4ck","og_description":"Our finished disposable sheets with fake tattoos are approximately 20\u00d715 cm large and filled with the design you see in the picture.o ensure your satisfaction, we will print and send the sheet within 24 hours after you have ordered. This sheet is designed by the talented tattoo artist Hel\u00e9ne at Studio Bl\u00e4ck.  This is Hel\u00e9ne:\u00a0Tattoo artist from Sweden, who LOVEs tattoos and tattooing. The process of making the idea\u2019s of my client into a tattoo is the most inspirational way of creating art. Because of this, I tattoo all styles. From bold line Old-School to Photo Realism. What fits my client\u2019s vision, personality and style. When it comes to small tattoos I like simple designs with a nice flow. Classic fine lines and maybe a dash of colour. The beauty lies in the small details in life. As in tattoos. I hope you enjoy these tattoo flash-sheets. And feel free to hashtag Like Ink and me when you post your temporary tattoos on social media. I hope to see you at Studio Bl\u00e4ck in the enchanting forest\u2019s of V\u00e4rmland.  Get in touch with Hel\u00e9ne:  Instagram:\u00a0  helene_studioblack  Facebook:  Facebook.com\/studioblack.forshaga  Studio:  Studio Bl\u00e4ck  Adress:  Storgatan 33, 667 30 FORSHAGA  Hemsida: studioblack.se","og_url":"https:\/\/likeink.com\/da\/midlertidige-tatoveringer\/flash-3-by-helene-at-studio-black\/","og_site_name":"Like ink","article_publisher":"https:\/\/www.facebook.com\/LikeInkSe","article_modified_time":"2024-02-14T15:41:25+00:00","og_image":[{"width":400,"height":282,"url":"https:\/\/likeink.com\/wp-content\/uploads\/2020\/01\/StudioBl\u00e4ck3-e1642785595687.jpg","type":"image\/jpeg"}],"twitter_card":"summary_large_image","schema":{"@context":"https:\/\/schema.org","@graph":[{"@type":"WebPage","@id":"https:\/\/likeink.com\/da\/midlertidige-tatoveringer\/flash-3-by-helene-at-studio-black\/","url":"https:\/\/likeink.com\/da\/midlertidige-tatoveringer\/flash-3-by-helene-at-studio-black\/","name":"Mandala design-tatoveringer af svensk tatov\u00f8r - Like ink","isPartOf":{"@id":"https:\/\/likeink.com\/da\/#website"},"primaryImageOfPage":{"@id":"https:\/\/likeink.com\/da\/midlertidige-tatoveringer\/flash-3-by-helene-at-studio-black\/#primaryimage"},"image":{"@id":"https:\/\/likeink.com\/da\/midlertidige-tatoveringer\/flash-3-by-helene-at-studio-black\/#primaryimage"},"thumbnailUrl":"https:\/\/likeink.com\/wp-content\/uploads\/2026\/03\/Mandala-tatuerare-design-likeink.jpg","datePublished":"2020-01-21T15:27:46+00:00","dateModified":"2024-02-14T15:41:25+00:00","description":"Smukke Mandala design-tatoveringer. Dette ark er i fin A5-st\u00f8rrelse, og vi sender over hele verden. Falske tatoveringer, der ser godt ud - Like ink","breadcrumb":{"@id":"https:\/\/likeink.com\/da\/midlertidige-tatoveringer\/flash-3-by-helene-at-studio-black\/#breadcrumb"},"inLanguage":"da-DK","potentialAction":[{"@type":"ReadAction","target":["https:\/\/likeink.com\/da\/midlertidige-tatoveringer\/flash-3-by-helene-at-studio-black\/"]}]},{"@type":"ImageObject","inLanguage":"da-DK","@id":"https:\/\/likeink.com\/da\/midlertidige-tatoveringer\/flash-3-by-helene-at-studio-black\/#primaryimage","url":"https:\/\/likeink.com\/wp-content\/uploads\/2026\/03\/Mandala-tatuerare-design-likeink.jpg","contentUrl":"https:\/\/likeink.com\/wp-content\/uploads\/2026\/03\/Mandala-tatuerare-design-likeink.jpg","width":1800,"height":1268,"caption":"En samling udsmykkede sort-hvide mandala- og blomstermotiver, hvoraf et har en bl\u00e5 \u00e6delsten i midten. S\u00e6ttet indeholder indviklede m\u00f8nstre og symmetriske dekorative elementer."},{"@type":"BreadcrumbList","@id":"https:\/\/likeink.com\/da\/midlertidige-tatoveringer\/flash-3-by-helene-at-studio-black\/#breadcrumb","itemListElement":[{"@type":"ListItem","position":1,"name":"Hem","item":"https:\/\/likeink.com\/da\/"},{"@type":"ListItem","position":2,"name":"Shop","item":"https:\/\/likeink.com\/da\/shop\/"},{"@type":"ListItem","position":3,"name":"Flash &#8220;Mandala&#8221; by Hel\u00e9ne at Studio Bl\u00e4ck"}]},{"@type":"WebSite","@id":"https:\/\/likeink.com\/da\/#website","url":"https:\/\/likeink.com\/da\/","name":"Like ink","description":"Make your own custom design","potentialAction":[{"@type":"SearchAction","target":{"@type":"EntryPoint","urlTemplate":"https:\/\/likeink.com\/da\/?s={search_term_string}"},"query-input":{"@type":"PropertyValueSpecification","valueRequired":true,"valueName":"search_term_string"}}],"inLanguage":"da-DK"}]}},"_links":{"self":[{"href":"https:\/\/likeink.com\/da\/wp-json\/wp\/v2\/product\/2412","targetHints":{"allow":["GET"]}}],"collection":[{"href":"https:\/\/likeink.com\/da\/wp-json\/wp\/v2\/product"}],"about":[{"href":"https:\/\/likeink.com\/da\/wp-json\/wp\/v2\/types\/product"}],"wp:featuredmedia":[{"embeddable":true,"href":"https:\/\/likeink.com\/da\/wp-json\/wp\/v2\/media\/60125"}],"wp:attachment":[{"href":"https:\/\/likeink.com\/da\/wp-json\/wp\/v2\/media?parent=2412"}],"wp:term":[{"taxonomy":"product_brand","embeddable":true,"href":"https:\/\/likeink.com\/da\/wp-json\/wp\/v2\/product_brand?post=2412"},{"taxonomy":"product_cat","embeddable":true,"href":"https:\/\/likeink.com\/da\/wp-json\/wp\/v2\/product_cat?post=2412"},{"taxonomy":"product_tag","embeddable":true,"href":"https:\/\/likeink.com\/da\/wp-json\/wp\/v2\/product_tag?post=2412"}],"curies":[{"name":"wp","href":"https:\/\/api.w.org\/{rel}","templated":true}]}}