{"id":24176,"date":"2024-01-11T20:06:01","date_gmt":"2024-01-11T20:06:01","guid":{"rendered":"https:\/\/likeink.se\/gnuggis\/watercolor-flashar-av-malin-carper\/"},"modified":"2024-02-08T15:42:05","modified_gmt":"2024-02-08T15:42:05","slug":"flash-vandfarve-flash-af-malin-carper","status":"publish","type":"product","link":"https:\/\/likeink.com\/da\/midlertidige-tatoveringer\/flash-vandfarve-flash-af-malin-carper\/","title":{"rendered":"Flash &#8216;Vandfarve Flash&#8217; af Malin Carper"},"content":{"rendered":"","protected":false},"excerpt":{"rendered":"<p>Like inks f\u00e6rdige ark med midlertidige tatoveringer er cirka 20\u00d714 cm store og fyldt med designet, du ser p\u00e5 billedet. Vi printer og sender dit ark med tatoveringer inden for 24 timer efter, at du har bestilt.<\/p>\n<h2>Bestil fake-tatoveringer i akvarel-stil, &#8220;Akvarel tatoveringer&#8221; designet af tatov\u00f8ren Malin Carper.<\/h2>\n<p>Dette ark er designet af den talentfulde tatov\u00f8r Malin Carper fra Bad Mood Tattoo i Helsingborg. Superfedt at kunne tilbyde tatoveringskunst fra Malin, som er en af de sejeste tatov\u00f8rer, vi har set! Bestil et ark med gnidningstatoveringer for at b\u00e6re hendes kunst i et par dage, og hvis du er interesseret i en rigtig tatovering, s\u00e5 tjek Malins Instagram eller hjemmeside.<\/p>\n<p><strong>Dette er Malin:<\/strong> Jeg hedder Malin Carper og er oprindeligt fra Arboga. Nu arbejder jeg hos Bad Mood Tattoo i Helsingborg. Jeg arbejder helst i farverealisme med et strejf af abstrakt.<br \/>\nJeg har v\u00e6ret i tatoveringsbranchen siden 2010 og i l\u00f8bet af alle disse \u00e5r har jeg rejst meget til en masse sp\u00e6ndende steder. Jeg har g\u00e6steoptr\u00e5dt hos dygtige andre tatov\u00f8rer, tatoveret p\u00e5 tatoveringsmesser, tatoveret musikere, og jeg har m\u00f8dt masser af gode venner! Jeg kunne ikke have \u00f8nsket mig noget bedre fra tatoveringsfaget! Jeg h\u00e5ber, I kan lide mine sm\u00e5 flasher, nogle af tatoveringerne p\u00e5 dette ark har jeg tatoveret.<\/p>\n<p>Ha&#8217; det godt,<\/p>\n<p>Malin<\/p>\n<p><strong>St\u00f8rrelse ark:<\/strong> A5<br \/>\n<strong>St\u00f8rrelse tatoveringer:<\/strong> 4-10 cm<\/p>\n<p><strong>Kontakt Malin:<\/strong>&#8221;<\/p>\n<p><strong>Instagram:<\/strong><\/p>\n<p>@malincarper<\/p>\n<p><strong>Studio:<\/strong><\/p>\n<p>Bad Mood Tattoo<\/p>\n<p><strong>Adresse:<\/strong><\/p>\n<p>Nedre L\u00e5ngvinkelsgatan 17, 25220 Helsingborg<\/p>\n<p><strong>hjemmeside:<\/strong><\/p>\n<p>carperink.se<\/p>\n","protected":false},"featured_media":24128,"template":"","meta":[],"product_brand":[],"product_cat":[53,156],"product_tag":[],"class_list":{"0":"post-24176","1":"product","2":"type-product","3":"status-publish","4":"has-post-thumbnail","6":"product_cat-faerdige-ark","7":"product_cat-samarbejde-med-tatovoerer","9":"first","10":"instock","11":"taxable","12":"shipping-taxable","13":"purchasable","14":"product-type-simple"},"yoast_head":"<!-- This site is optimized with the Yoast SEO Premium plugin v26.2 (Yoast SEO v27.4) - https:\/\/yoast.com\/product\/yoast-seo-premium-wordpress\/ -->\n<title>Flash &#039;Vandfarve Flash&#039; af Malin Carper - Like ink<\/title>\n<meta name=\"description\" content=\"Akvarelmaleri tatoveringer som fake-tatoveringer designet af Carper Ink. Farvestr\u00e5lende fake-tatoveringer! Hurtig levering og gratis fragt. - Like ink\" \/>\n<meta name=\"robots\" content=\"index, follow, max-snippet:-1, max-image-preview:large, max-video-preview:-1\" \/>\n<link rel=\"canonical\" href=\"https:\/\/likeink.com\/da\/midlertidige-tatoveringer\/flash-vandfarve-flash-af-malin-carper\/\" \/>\n<meta property=\"og:locale\" content=\"da_DK\" \/>\n<meta property=\"og:type\" content=\"article\" \/>\n<meta property=\"og:title\" content=\"Flash &#039;Vandfarve Flash&#039; af Malin Carper\" \/>\n<meta property=\"og:description\" content=\"Like inks f\u00e6rdige ark med midlertidige tatoveringer er cirka 20\u00d714 cm store og fyldt med designet, du ser p\u00e5 billedet. Vi printer og sender dit ark med tatoveringer inden for 24 timer efter, at du har bestilt. Bestil fake-tatoveringer i akvarel-stil, &quot;Akvarel tatoveringer&quot; designet af tatov\u00f8ren Malin Carper. Dette ark er designet af den talentfulde tatov\u00f8r Malin Carper fra Bad Mood Tattoo i Helsingborg. Superfedt at kunne tilbyde tatoveringskunst fra Malin, som er en af de sejeste tatov\u00f8rer, vi har set! Bestil et ark med gnidningstatoveringer for at b\u00e6re hendes kunst i et par dage, og hvis du er interesseret i en rigtig tatovering, s\u00e5 tjek Malins Instagram eller hjemmeside.  Dette er Malin: Jeg hedder Malin Carper og er oprindeligt fra Arboga. Nu arbejder jeg hos Bad Mood Tattoo i Helsingborg. Jeg arbejder helst i farverealisme med et strejf af abstrakt. Jeg har v\u00e6ret i tatoveringsbranchen siden 2010 og i l\u00f8bet af alle disse \u00e5r har jeg rejst meget til en masse sp\u00e6ndende steder. Jeg har g\u00e6steoptr\u00e5dt hos dygtige andre tatov\u00f8rer, tatoveret p\u00e5 tatoveringsmesser, tatoveret musikere, og jeg har m\u00f8dt masser af gode venner! Jeg kunne ikke have \u00f8nsket mig noget bedre fra tatoveringsfaget! Jeg h\u00e5ber, I kan lide mine sm\u00e5 flasher, nogle af tatoveringerne p\u00e5 dette ark har jeg tatoveret.  Ha&#039; det godt,  Malin  St\u00f8rrelse ark: A5 St\u00f8rrelse tatoveringer: 4-10 cm  Kontakt Malin:&quot;  Instagram:  @malincarper  Studio:  Bad Mood Tattoo  Adresse:  Nedre L\u00e5ngvinkelsgatan 17, 25220 Helsingborg  hjemmeside:  carperink.se\" \/>\n<meta property=\"og:url\" content=\"https:\/\/likeink.com\/da\/midlertidige-tatoveringer\/flash-vandfarve-flash-af-malin-carper\/\" \/>\n<meta property=\"og:site_name\" content=\"Like ink\" \/>\n<meta property=\"article:publisher\" content=\"https:\/\/www.facebook.com\/LikeInkSe\" \/>\n<meta property=\"article:modified_time\" content=\"2024-02-08T15:42:05+00:00\" \/>\n<meta property=\"og:image\" content=\"https:\/\/likeink.com\/wp-content\/uploads\/2024\/01\/MalinCarper-WaterColor-Flashes-Likeink.jpg\" \/>\n\t<meta property=\"og:image:width\" content=\"1702\" \/>\n\t<meta property=\"og:image:height\" content=\"1200\" \/>\n\t<meta property=\"og:image:type\" content=\"image\/jpeg\" \/>\n<meta name=\"twitter:card\" content=\"summary_large_image\" \/>\n<meta name=\"twitter:label1\" content=\"Estimeret l\u00e6setid\" \/>\n\t<meta name=\"twitter:data1\" content=\"1 minut\" \/>\n<script type=\"application\/ld+json\" class=\"yoast-schema-graph\">{\"@context\":\"https:\\\/\\\/schema.org\",\"@graph\":[{\"@type\":\"WebPage\",\"@id\":\"https:\\\/\\\/likeink.com\\\/da\\\/midlertidige-tatoveringer\\\/flash-vandfarve-flash-af-malin-carper\\\/\",\"url\":\"https:\\\/\\\/likeink.com\\\/da\\\/midlertidige-tatoveringer\\\/flash-vandfarve-flash-af-malin-carper\\\/\",\"name\":\"Flash 'Vandfarve Flash' af Malin Carper - Like ink\",\"isPartOf\":{\"@id\":\"https:\\\/\\\/likeink.com\\\/da\\\/#website\"},\"primaryImageOfPage\":{\"@id\":\"https:\\\/\\\/likeink.com\\\/da\\\/midlertidige-tatoveringer\\\/flash-vandfarve-flash-af-malin-carper\\\/#primaryimage\"},\"image\":{\"@id\":\"https:\\\/\\\/likeink.com\\\/da\\\/midlertidige-tatoveringer\\\/flash-vandfarve-flash-af-malin-carper\\\/#primaryimage\"},\"thumbnailUrl\":\"https:\\\/\\\/likeink.com\\\/wp-content\\\/uploads\\\/2024\\\/01\\\/MalinCarper-WaterColor-Flashes-Likeink.jpg\",\"datePublished\":\"2024-01-11T20:06:01+00:00\",\"dateModified\":\"2024-02-08T15:42:05+00:00\",\"description\":\"Akvarelmaleri tatoveringer som fake-tatoveringer designet af Carper Ink. Farvestr\u00e5lende fake-tatoveringer! Hurtig levering og gratis fragt. - Like ink\",\"breadcrumb\":{\"@id\":\"https:\\\/\\\/likeink.com\\\/da\\\/midlertidige-tatoveringer\\\/flash-vandfarve-flash-af-malin-carper\\\/#breadcrumb\"},\"inLanguage\":\"da-DK\",\"potentialAction\":[{\"@type\":\"ReadAction\",\"target\":[\"https:\\\/\\\/likeink.com\\\/da\\\/midlertidige-tatoveringer\\\/flash-vandfarve-flash-af-malin-carper\\\/\"]}]},{\"@type\":\"ImageObject\",\"inLanguage\":\"da-DK\",\"@id\":\"https:\\\/\\\/likeink.com\\\/da\\\/midlertidige-tatoveringer\\\/flash-vandfarve-flash-af-malin-carper\\\/#primaryimage\",\"url\":\"https:\\\/\\\/likeink.com\\\/wp-content\\\/uploads\\\/2024\\\/01\\\/MalinCarper-WaterColor-Flashes-Likeink.jpg\",\"contentUrl\":\"https:\\\/\\\/likeink.com\\\/wp-content\\\/uploads\\\/2024\\\/01\\\/MalinCarper-WaterColor-Flashes-Likeink.jpg\",\"width\":1702,\"height\":1200,\"caption\":\"Samling af vandfarve tatoveringer af Malin Carper \u2013 Tatoveringsmotiver fra naturen og spil\"},{\"@type\":\"BreadcrumbList\",\"@id\":\"https:\\\/\\\/likeink.com\\\/da\\\/midlertidige-tatoveringer\\\/flash-vandfarve-flash-af-malin-carper\\\/#breadcrumb\",\"itemListElement\":[{\"@type\":\"ListItem\",\"position\":1,\"name\":\"Hem\",\"item\":\"https:\\\/\\\/likeink.com\\\/da\\\/\"},{\"@type\":\"ListItem\",\"position\":2,\"name\":\"Shop\",\"item\":\"https:\\\/\\\/likeink.com\\\/da\\\/shop\\\/\"},{\"@type\":\"ListItem\",\"position\":3,\"name\":\"Flash &#8216;Vandfarve Flash&#8217; af Malin Carper\"}]},{\"@type\":\"WebSite\",\"@id\":\"https:\\\/\\\/likeink.com\\\/da\\\/#website\",\"url\":\"https:\\\/\\\/likeink.com\\\/da\\\/\",\"name\":\"Like ink\",\"description\":\"Make your own custom design\",\"potentialAction\":[{\"@type\":\"SearchAction\",\"target\":{\"@type\":\"EntryPoint\",\"urlTemplate\":\"https:\\\/\\\/likeink.com\\\/da\\\/?s={search_term_string}\"},\"query-input\":{\"@type\":\"PropertyValueSpecification\",\"valueRequired\":true,\"valueName\":\"search_term_string\"}}],\"inLanguage\":\"da-DK\"}]}<\/script>\n<!-- \/ Yoast SEO Premium plugin. -->","yoast_head_json":{"title":"Flash 'Vandfarve Flash' af Malin Carper - Like ink","description":"Akvarelmaleri tatoveringer som fake-tatoveringer designet af Carper Ink. Farvestr\u00e5lende fake-tatoveringer! Hurtig levering og gratis fragt. - Like ink","robots":{"index":"index","follow":"follow","max-snippet":"max-snippet:-1","max-image-preview":"max-image-preview:large","max-video-preview":"max-video-preview:-1"},"canonical":"https:\/\/likeink.com\/da\/midlertidige-tatoveringer\/flash-vandfarve-flash-af-malin-carper\/","og_locale":"da_DK","og_type":"article","og_title":"Flash 'Vandfarve Flash' af Malin Carper","og_description":"Like inks f\u00e6rdige ark med midlertidige tatoveringer er cirka 20\u00d714 cm store og fyldt med designet, du ser p\u00e5 billedet. Vi printer og sender dit ark med tatoveringer inden for 24 timer efter, at du har bestilt. Bestil fake-tatoveringer i akvarel-stil, \"Akvarel tatoveringer\" designet af tatov\u00f8ren Malin Carper. Dette ark er designet af den talentfulde tatov\u00f8r Malin Carper fra Bad Mood Tattoo i Helsingborg. Superfedt at kunne tilbyde tatoveringskunst fra Malin, som er en af de sejeste tatov\u00f8rer, vi har set! Bestil et ark med gnidningstatoveringer for at b\u00e6re hendes kunst i et par dage, og hvis du er interesseret i en rigtig tatovering, s\u00e5 tjek Malins Instagram eller hjemmeside.  Dette er Malin: Jeg hedder Malin Carper og er oprindeligt fra Arboga. Nu arbejder jeg hos Bad Mood Tattoo i Helsingborg. Jeg arbejder helst i farverealisme med et strejf af abstrakt. Jeg har v\u00e6ret i tatoveringsbranchen siden 2010 og i l\u00f8bet af alle disse \u00e5r har jeg rejst meget til en masse sp\u00e6ndende steder. Jeg har g\u00e6steoptr\u00e5dt hos dygtige andre tatov\u00f8rer, tatoveret p\u00e5 tatoveringsmesser, tatoveret musikere, og jeg har m\u00f8dt masser af gode venner! Jeg kunne ikke have \u00f8nsket mig noget bedre fra tatoveringsfaget! Jeg h\u00e5ber, I kan lide mine sm\u00e5 flasher, nogle af tatoveringerne p\u00e5 dette ark har jeg tatoveret.  Ha' det godt,  Malin  St\u00f8rrelse ark: A5 St\u00f8rrelse tatoveringer: 4-10 cm  Kontakt Malin:\"  Instagram:  @malincarper  Studio:  Bad Mood Tattoo  Adresse:  Nedre L\u00e5ngvinkelsgatan 17, 25220 Helsingborg  hjemmeside:  carperink.se","og_url":"https:\/\/likeink.com\/da\/midlertidige-tatoveringer\/flash-vandfarve-flash-af-malin-carper\/","og_site_name":"Like ink","article_publisher":"https:\/\/www.facebook.com\/LikeInkSe","article_modified_time":"2024-02-08T15:42:05+00:00","og_image":[{"width":1702,"height":1200,"url":"https:\/\/likeink.com\/wp-content\/uploads\/2024\/01\/MalinCarper-WaterColor-Flashes-Likeink.jpg","type":"image\/jpeg"}],"twitter_card":"summary_large_image","twitter_misc":{"Estimeret l\u00e6setid":"1 minut"},"schema":{"@context":"https:\/\/schema.org","@graph":[{"@type":"WebPage","@id":"https:\/\/likeink.com\/da\/midlertidige-tatoveringer\/flash-vandfarve-flash-af-malin-carper\/","url":"https:\/\/likeink.com\/da\/midlertidige-tatoveringer\/flash-vandfarve-flash-af-malin-carper\/","name":"Flash 'Vandfarve Flash' af Malin Carper - Like ink","isPartOf":{"@id":"https:\/\/likeink.com\/da\/#website"},"primaryImageOfPage":{"@id":"https:\/\/likeink.com\/da\/midlertidige-tatoveringer\/flash-vandfarve-flash-af-malin-carper\/#primaryimage"},"image":{"@id":"https:\/\/likeink.com\/da\/midlertidige-tatoveringer\/flash-vandfarve-flash-af-malin-carper\/#primaryimage"},"thumbnailUrl":"https:\/\/likeink.com\/wp-content\/uploads\/2024\/01\/MalinCarper-WaterColor-Flashes-Likeink.jpg","datePublished":"2024-01-11T20:06:01+00:00","dateModified":"2024-02-08T15:42:05+00:00","description":"Akvarelmaleri tatoveringer som fake-tatoveringer designet af Carper Ink. Farvestr\u00e5lende fake-tatoveringer! Hurtig levering og gratis fragt. - Like ink","breadcrumb":{"@id":"https:\/\/likeink.com\/da\/midlertidige-tatoveringer\/flash-vandfarve-flash-af-malin-carper\/#breadcrumb"},"inLanguage":"da-DK","potentialAction":[{"@type":"ReadAction","target":["https:\/\/likeink.com\/da\/midlertidige-tatoveringer\/flash-vandfarve-flash-af-malin-carper\/"]}]},{"@type":"ImageObject","inLanguage":"da-DK","@id":"https:\/\/likeink.com\/da\/midlertidige-tatoveringer\/flash-vandfarve-flash-af-malin-carper\/#primaryimage","url":"https:\/\/likeink.com\/wp-content\/uploads\/2024\/01\/MalinCarper-WaterColor-Flashes-Likeink.jpg","contentUrl":"https:\/\/likeink.com\/wp-content\/uploads\/2024\/01\/MalinCarper-WaterColor-Flashes-Likeink.jpg","width":1702,"height":1200,"caption":"Samling af vandfarve tatoveringer af Malin Carper \u2013 Tatoveringsmotiver fra naturen og spil"},{"@type":"BreadcrumbList","@id":"https:\/\/likeink.com\/da\/midlertidige-tatoveringer\/flash-vandfarve-flash-af-malin-carper\/#breadcrumb","itemListElement":[{"@type":"ListItem","position":1,"name":"Hem","item":"https:\/\/likeink.com\/da\/"},{"@type":"ListItem","position":2,"name":"Shop","item":"https:\/\/likeink.com\/da\/shop\/"},{"@type":"ListItem","position":3,"name":"Flash &#8216;Vandfarve Flash&#8217; af Malin Carper"}]},{"@type":"WebSite","@id":"https:\/\/likeink.com\/da\/#website","url":"https:\/\/likeink.com\/da\/","name":"Like ink","description":"Make your own custom design","potentialAction":[{"@type":"SearchAction","target":{"@type":"EntryPoint","urlTemplate":"https:\/\/likeink.com\/da\/?s={search_term_string}"},"query-input":{"@type":"PropertyValueSpecification","valueRequired":true,"valueName":"search_term_string"}}],"inLanguage":"da-DK"}]}},"_links":{"self":[{"href":"https:\/\/likeink.com\/da\/wp-json\/wp\/v2\/product\/24176","targetHints":{"allow":["GET"]}}],"collection":[{"href":"https:\/\/likeink.com\/da\/wp-json\/wp\/v2\/product"}],"about":[{"href":"https:\/\/likeink.com\/da\/wp-json\/wp\/v2\/types\/product"}],"wp:featuredmedia":[{"embeddable":true,"href":"https:\/\/likeink.com\/da\/wp-json\/wp\/v2\/media\/24128"}],"wp:attachment":[{"href":"https:\/\/likeink.com\/da\/wp-json\/wp\/v2\/media?parent=24176"}],"wp:term":[{"taxonomy":"product_brand","embeddable":true,"href":"https:\/\/likeink.com\/da\/wp-json\/wp\/v2\/product_brand?post=24176"},{"taxonomy":"product_cat","embeddable":true,"href":"https:\/\/likeink.com\/da\/wp-json\/wp\/v2\/product_cat?post=24176"},{"taxonomy":"product_tag","embeddable":true,"href":"https:\/\/likeink.com\/da\/wp-json\/wp\/v2\/product_tag?post=24176"}],"curies":[{"name":"wp","href":"https:\/\/api.w.org\/{rel}","templated":true}]}}