{"id":24229,"date":"2024-01-13T15:06:46","date_gmt":"2024-01-13T15:06:47","guid":{"rendered":"https:\/\/likeink.se\/?post_type=product&#038;p=24229"},"modified":"2024-02-08T15:42:14","modified_gmt":"2024-02-08T15:42:14","slug":"ballerina-tatoveringer","status":"publish","type":"product","link":"https:\/\/likeink.com\/da\/midlertidige-tatoveringer\/ballerina-tatoveringer\/","title":{"rendered":"Ballerina Tatoveringer af Angie Art"},"content":{"rendered":"","protected":false},"excerpt":{"rendered":"<p>Oplev sk\u00f8nheden i Angie Arts kunstneriske verden med vores uds\u00f8gte A5-ark fyldt med tolv falske ballerina tatoveringer. Denne samling af illustrationer skildrer livlige tatoveringer af ballerinaer, hver en unik kunstskabelse lavet af den talentfulde Angelina Morsi, Angie Art. Perfekt til dem, der \u00f8nsker at udtrykke deres kreative side eller eksperimentere med et midlertidigt kunstv\u00e6rk p\u00e5 deres hud. Lad dig blive inspireret og forvandle din hud til et bev\u00e6geligt galleri med disse kunstneriske falske tatoveringer fra Like ink.<\/p>\n<h2>Bestil falske tatoveringer i form af \u00e6gte kunst. Her f\u00e5r du et ark med tatoveringer, der fremstiller ballerinaer.<\/h2>\n<p><strong>Om Angelina:<\/strong> En passioneret kunstner fra Stockholm.<br \/>\nHun har altid v\u00e6ret kreativ og kommer fra en kreativ familie, hvor farve og form altid er blevet opmuntret.<br \/>\nMed en baggrund som fris\u00f8r og derefter mange \u00e5r i finansindustrien fandt Angelina en fantastisk m\u00e5de at slappe af om aftenen p\u00e5 &#8211; gennem maleri.<br \/>\nHun opbyggede hurtigt en stor portef\u00f8lje af kunst og kort efter startede hun et firma, udgav tre kollektioner og begyndte at s\u00e6lge i st\u00f8rre skala i l\u00f8bet af 2022 og 2023.<br \/>\nNu lever hun sin dr\u00f8m med den ene fod stadig i finansindustrien og den anden i kunstverdenen.<br \/>\nI dag maler hun b\u00e5de og udgiver kollektioner af produkter som bakker, puder og bordsk\u00e5nere, der s\u00e6lges af forhandlere i hele landet, og nu er hendes kunst endelig tilg\u00e6ngelig som tatoveringer hos os p\u00e5 Like ink.<\/p>\n<p>Hendes kunst er abstrakt, livlig og indeholder meget n\u00f8genhed med fokus p\u00e5 kvinder. Det er en fortolkning af styrke og passion, og for Angelina er det vigtigt at formidle gl\u00e6de og positivitet i hendes kunst.<br \/>\nDe fleste genkender Angelinas kunst p\u00e5 de hjerteformede l\u00e6ber, der optr\u00e6der i mange af hendes malerier.<br \/>\nAngelina henter ofte sin inspiration fra hverdagsmilj\u00f8er og indtrykkene fra de seneste dage lige der og da.<\/p>\n<p><strong>Kontakt:<\/strong><br \/>\nFlere projekter og samarbejder er planlagt i de kommende \u00e5r, s\u00e5 f\u00f8lg med p\u00e5 Angelinas rejse!<br \/>\n@angieart.se<\/p>\n<p><strong>Arkst\u00f8rrelse:<\/strong> A5<br \/>\n<strong>Tatoveringsst\u00f8rrelse:<\/strong> 4 cm<\/p>\n","protected":false},"featured_media":24157,"template":"","meta":[],"product_brand":[],"product_cat":[53,156],"product_tag":[],"class_list":{"0":"post-24229","1":"product","2":"type-product","3":"status-publish","4":"has-post-thumbnail","6":"product_cat-faerdige-ark","7":"product_cat-samarbejde-med-tatovoerer","9":"first","10":"instock","11":"taxable","12":"shipping-taxable","13":"purchasable","14":"product-type-simple"},"yoast_head":"<!-- This site is optimized with the Yoast SEO Premium plugin v26.2 (Yoast SEO v27.4) - https:\/\/yoast.com\/product\/yoast-seo-premium-wordpress\/ -->\n<title>Ballerina Tatoveringer af Angie Art - Like ink<\/title>\n<meta name=\"description\" content=\"Ballerina Tatoveringer fra kunstneren Angelina Morsi. Et ark med tolv illustrerede ballerinaer mod en farverig baggrund. Falske Tatoveringer - Like ink\" \/>\n<meta name=\"robots\" content=\"index, follow, max-snippet:-1, max-image-preview:large, max-video-preview:-1\" \/>\n<link rel=\"canonical\" href=\"https:\/\/likeink.com\/da\/midlertidige-tatoveringer\/ballerina-tatoveringer\/\" \/>\n<meta property=\"og:locale\" content=\"da_DK\" \/>\n<meta property=\"og:type\" content=\"article\" \/>\n<meta property=\"og:title\" content=\"Ballerina Tatoveringer af Angie Art\" \/>\n<meta property=\"og:description\" content=\"Oplev sk\u00f8nheden i Angie Arts kunstneriske verden med vores uds\u00f8gte A5-ark fyldt med tolv falske ballerina tatoveringer. Denne samling af illustrationer skildrer livlige tatoveringer af ballerinaer, hver en unik kunstskabelse lavet af den talentfulde Angelina Morsi, Angie Art. Perfekt til dem, der \u00f8nsker at udtrykke deres kreative side eller eksperimentere med et midlertidigt kunstv\u00e6rk p\u00e5 deres hud. Lad dig blive inspireret og forvandle din hud til et bev\u00e6geligt galleri med disse kunstneriske falske tatoveringer fra Like ink. Bestil falske tatoveringer i form af \u00e6gte kunst. Her f\u00e5r du et ark med tatoveringer, der fremstiller ballerinaer. Om Angelina: En passioneret kunstner fra Stockholm. Hun har altid v\u00e6ret kreativ og kommer fra en kreativ familie, hvor farve og form altid er blevet opmuntret. Med en baggrund som fris\u00f8r og derefter mange \u00e5r i finansindustrien fandt Angelina en fantastisk m\u00e5de at slappe af om aftenen p\u00e5 - gennem maleri. Hun opbyggede hurtigt en stor portef\u00f8lje af kunst og kort efter startede hun et firma, udgav tre kollektioner og begyndte at s\u00e6lge i st\u00f8rre skala i l\u00f8bet af 2022 og 2023. Nu lever hun sin dr\u00f8m med den ene fod stadig i finansindustrien og den anden i kunstverdenen. I dag maler hun b\u00e5de og udgiver kollektioner af produkter som bakker, puder og bordsk\u00e5nere, der s\u00e6lges af forhandlere i hele landet, og nu er hendes kunst endelig tilg\u00e6ngelig som tatoveringer hos os p\u00e5 Like ink.  Hendes kunst er abstrakt, livlig og indeholder meget n\u00f8genhed med fokus p\u00e5 kvinder. Det er en fortolkning af styrke og passion, og for Angelina er det vigtigt at formidle gl\u00e6de og positivitet i hendes kunst. De fleste genkender Angelinas kunst p\u00e5 de hjerteformede l\u00e6ber, der optr\u00e6der i mange af hendes malerier. Angelina henter ofte sin inspiration fra hverdagsmilj\u00f8er og indtrykkene fra de seneste dage lige der og da.  Kontakt: Flere projekter og samarbejder er planlagt i de kommende \u00e5r, s\u00e5 f\u00f8lg med p\u00e5 Angelinas rejse! @angieart.se  Arkst\u00f8rrelse: A5 Tatoveringsst\u00f8rrelse: 4 cm\" \/>\n<meta property=\"og:url\" content=\"https:\/\/likeink.com\/da\/midlertidige-tatoveringer\/ballerina-tatoveringer\/\" \/>\n<meta property=\"og:site_name\" content=\"Like ink\" \/>\n<meta property=\"article:publisher\" content=\"https:\/\/www.facebook.com\/LikeInkSe\" \/>\n<meta property=\"article:modified_time\" content=\"2024-02-08T15:42:14+00:00\" \/>\n<meta property=\"og:image\" content=\"https:\/\/likeink.com\/wp-content\/uploads\/2024\/01\/AngieArt-Ballerina-Likeink.jpg\" \/>\n\t<meta property=\"og:image:width\" content=\"2481\" \/>\n\t<meta property=\"og:image:height\" content=\"1749\" \/>\n\t<meta property=\"og:image:type\" content=\"image\/jpeg\" \/>\n<meta name=\"twitter:card\" content=\"summary_large_image\" \/>\n<meta name=\"twitter:label1\" content=\"Estimeret l\u00e6setid\" \/>\n\t<meta name=\"twitter:data1\" content=\"1 minut\" \/>\n<script type=\"application\/ld+json\" class=\"yoast-schema-graph\">{\"@context\":\"https:\\\/\\\/schema.org\",\"@graph\":[{\"@type\":\"WebPage\",\"@id\":\"https:\\\/\\\/likeink.com\\\/da\\\/midlertidige-tatoveringer\\\/ballerina-tatoveringer\\\/\",\"url\":\"https:\\\/\\\/likeink.com\\\/da\\\/midlertidige-tatoveringer\\\/ballerina-tatoveringer\\\/\",\"name\":\"Ballerina Tatoveringer af Angie Art - Like ink\",\"isPartOf\":{\"@id\":\"https:\\\/\\\/likeink.com\\\/da\\\/#website\"},\"primaryImageOfPage\":{\"@id\":\"https:\\\/\\\/likeink.com\\\/da\\\/midlertidige-tatoveringer\\\/ballerina-tatoveringer\\\/#primaryimage\"},\"image\":{\"@id\":\"https:\\\/\\\/likeink.com\\\/da\\\/midlertidige-tatoveringer\\\/ballerina-tatoveringer\\\/#primaryimage\"},\"thumbnailUrl\":\"https:\\\/\\\/likeink.com\\\/wp-content\\\/uploads\\\/2024\\\/01\\\/AngieArt-Ballerina-Likeink.jpg\",\"datePublished\":\"2024-01-13T15:06:47+00:00\",\"dateModified\":\"2024-02-08T15:42:14+00:00\",\"description\":\"Ballerina Tatoveringer fra kunstneren Angelina Morsi. Et ark med tolv illustrerede ballerinaer mod en farverig baggrund. Falske Tatoveringer - Like ink\",\"breadcrumb\":{\"@id\":\"https:\\\/\\\/likeink.com\\\/da\\\/midlertidige-tatoveringer\\\/ballerina-tatoveringer\\\/#breadcrumb\"},\"inLanguage\":\"da-DK\",\"potentialAction\":[{\"@type\":\"ReadAction\",\"target\":[\"https:\\\/\\\/likeink.com\\\/da\\\/midlertidige-tatoveringer\\\/ballerina-tatoveringer\\\/\"]}]},{\"@type\":\"ImageObject\",\"inLanguage\":\"da-DK\",\"@id\":\"https:\\\/\\\/likeink.com\\\/da\\\/midlertidige-tatoveringer\\\/ballerina-tatoveringer\\\/#primaryimage\",\"url\":\"https:\\\/\\\/likeink.com\\\/wp-content\\\/uploads\\\/2024\\\/01\\\/AngieArt-Ballerina-Likeink.jpg\",\"contentUrl\":\"https:\\\/\\\/likeink.com\\\/wp-content\\\/uploads\\\/2024\\\/01\\\/AngieArt-Ballerina-Likeink.jpg\",\"width\":2481,\"height\":1749,\"caption\":\"Samling af ballerina-motiver i falske tatoveringer fra Like ink \u2013 Skabt af Angie Art med farvestr\u00e5lende baggrund.\\\"\"},{\"@type\":\"BreadcrumbList\",\"@id\":\"https:\\\/\\\/likeink.com\\\/da\\\/midlertidige-tatoveringer\\\/ballerina-tatoveringer\\\/#breadcrumb\",\"itemListElement\":[{\"@type\":\"ListItem\",\"position\":1,\"name\":\"Hem\",\"item\":\"https:\\\/\\\/likeink.com\\\/da\\\/\"},{\"@type\":\"ListItem\",\"position\":2,\"name\":\"Shop\",\"item\":\"https:\\\/\\\/likeink.com\\\/da\\\/shop\\\/\"},{\"@type\":\"ListItem\",\"position\":3,\"name\":\"Ballerina Tatoveringer af Angie Art\"}]},{\"@type\":\"WebSite\",\"@id\":\"https:\\\/\\\/likeink.com\\\/da\\\/#website\",\"url\":\"https:\\\/\\\/likeink.com\\\/da\\\/\",\"name\":\"Like ink\",\"description\":\"Make your own custom design\",\"potentialAction\":[{\"@type\":\"SearchAction\",\"target\":{\"@type\":\"EntryPoint\",\"urlTemplate\":\"https:\\\/\\\/likeink.com\\\/da\\\/?s={search_term_string}\"},\"query-input\":{\"@type\":\"PropertyValueSpecification\",\"valueRequired\":true,\"valueName\":\"search_term_string\"}}],\"inLanguage\":\"da-DK\"}]}<\/script>\n<!-- \/ Yoast SEO Premium plugin. -->","yoast_head_json":{"title":"Ballerina Tatoveringer af Angie Art - Like ink","description":"Ballerina Tatoveringer fra kunstneren Angelina Morsi. Et ark med tolv illustrerede ballerinaer mod en farverig baggrund. Falske Tatoveringer - Like ink","robots":{"index":"index","follow":"follow","max-snippet":"max-snippet:-1","max-image-preview":"max-image-preview:large","max-video-preview":"max-video-preview:-1"},"canonical":"https:\/\/likeink.com\/da\/midlertidige-tatoveringer\/ballerina-tatoveringer\/","og_locale":"da_DK","og_type":"article","og_title":"Ballerina Tatoveringer af Angie Art","og_description":"Oplev sk\u00f8nheden i Angie Arts kunstneriske verden med vores uds\u00f8gte A5-ark fyldt med tolv falske ballerina tatoveringer. Denne samling af illustrationer skildrer livlige tatoveringer af ballerinaer, hver en unik kunstskabelse lavet af den talentfulde Angelina Morsi, Angie Art. Perfekt til dem, der \u00f8nsker at udtrykke deres kreative side eller eksperimentere med et midlertidigt kunstv\u00e6rk p\u00e5 deres hud. Lad dig blive inspireret og forvandle din hud til et bev\u00e6geligt galleri med disse kunstneriske falske tatoveringer fra Like ink. Bestil falske tatoveringer i form af \u00e6gte kunst. Her f\u00e5r du et ark med tatoveringer, der fremstiller ballerinaer. Om Angelina: En passioneret kunstner fra Stockholm. Hun har altid v\u00e6ret kreativ og kommer fra en kreativ familie, hvor farve og form altid er blevet opmuntret. Med en baggrund som fris\u00f8r og derefter mange \u00e5r i finansindustrien fandt Angelina en fantastisk m\u00e5de at slappe af om aftenen p\u00e5 - gennem maleri. Hun opbyggede hurtigt en stor portef\u00f8lje af kunst og kort efter startede hun et firma, udgav tre kollektioner og begyndte at s\u00e6lge i st\u00f8rre skala i l\u00f8bet af 2022 og 2023. Nu lever hun sin dr\u00f8m med den ene fod stadig i finansindustrien og den anden i kunstverdenen. I dag maler hun b\u00e5de og udgiver kollektioner af produkter som bakker, puder og bordsk\u00e5nere, der s\u00e6lges af forhandlere i hele landet, og nu er hendes kunst endelig tilg\u00e6ngelig som tatoveringer hos os p\u00e5 Like ink.  Hendes kunst er abstrakt, livlig og indeholder meget n\u00f8genhed med fokus p\u00e5 kvinder. Det er en fortolkning af styrke og passion, og for Angelina er det vigtigt at formidle gl\u00e6de og positivitet i hendes kunst. De fleste genkender Angelinas kunst p\u00e5 de hjerteformede l\u00e6ber, der optr\u00e6der i mange af hendes malerier. Angelina henter ofte sin inspiration fra hverdagsmilj\u00f8er og indtrykkene fra de seneste dage lige der og da.  Kontakt: Flere projekter og samarbejder er planlagt i de kommende \u00e5r, s\u00e5 f\u00f8lg med p\u00e5 Angelinas rejse! @angieart.se  Arkst\u00f8rrelse: A5 Tatoveringsst\u00f8rrelse: 4 cm","og_url":"https:\/\/likeink.com\/da\/midlertidige-tatoveringer\/ballerina-tatoveringer\/","og_site_name":"Like ink","article_publisher":"https:\/\/www.facebook.com\/LikeInkSe","article_modified_time":"2024-02-08T15:42:14+00:00","og_image":[{"width":2481,"height":1749,"url":"https:\/\/likeink.com\/wp-content\/uploads\/2024\/01\/AngieArt-Ballerina-Likeink.jpg","type":"image\/jpeg"}],"twitter_card":"summary_large_image","twitter_misc":{"Estimeret l\u00e6setid":"1 minut"},"schema":{"@context":"https:\/\/schema.org","@graph":[{"@type":"WebPage","@id":"https:\/\/likeink.com\/da\/midlertidige-tatoveringer\/ballerina-tatoveringer\/","url":"https:\/\/likeink.com\/da\/midlertidige-tatoveringer\/ballerina-tatoveringer\/","name":"Ballerina Tatoveringer af Angie Art - Like ink","isPartOf":{"@id":"https:\/\/likeink.com\/da\/#website"},"primaryImageOfPage":{"@id":"https:\/\/likeink.com\/da\/midlertidige-tatoveringer\/ballerina-tatoveringer\/#primaryimage"},"image":{"@id":"https:\/\/likeink.com\/da\/midlertidige-tatoveringer\/ballerina-tatoveringer\/#primaryimage"},"thumbnailUrl":"https:\/\/likeink.com\/wp-content\/uploads\/2024\/01\/AngieArt-Ballerina-Likeink.jpg","datePublished":"2024-01-13T15:06:47+00:00","dateModified":"2024-02-08T15:42:14+00:00","description":"Ballerina Tatoveringer fra kunstneren Angelina Morsi. Et ark med tolv illustrerede ballerinaer mod en farverig baggrund. Falske Tatoveringer - Like ink","breadcrumb":{"@id":"https:\/\/likeink.com\/da\/midlertidige-tatoveringer\/ballerina-tatoveringer\/#breadcrumb"},"inLanguage":"da-DK","potentialAction":[{"@type":"ReadAction","target":["https:\/\/likeink.com\/da\/midlertidige-tatoveringer\/ballerina-tatoveringer\/"]}]},{"@type":"ImageObject","inLanguage":"da-DK","@id":"https:\/\/likeink.com\/da\/midlertidige-tatoveringer\/ballerina-tatoveringer\/#primaryimage","url":"https:\/\/likeink.com\/wp-content\/uploads\/2024\/01\/AngieArt-Ballerina-Likeink.jpg","contentUrl":"https:\/\/likeink.com\/wp-content\/uploads\/2024\/01\/AngieArt-Ballerina-Likeink.jpg","width":2481,"height":1749,"caption":"Samling af ballerina-motiver i falske tatoveringer fra Like ink \u2013 Skabt af Angie Art med farvestr\u00e5lende baggrund.\""},{"@type":"BreadcrumbList","@id":"https:\/\/likeink.com\/da\/midlertidige-tatoveringer\/ballerina-tatoveringer\/#breadcrumb","itemListElement":[{"@type":"ListItem","position":1,"name":"Hem","item":"https:\/\/likeink.com\/da\/"},{"@type":"ListItem","position":2,"name":"Shop","item":"https:\/\/likeink.com\/da\/shop\/"},{"@type":"ListItem","position":3,"name":"Ballerina Tatoveringer af Angie Art"}]},{"@type":"WebSite","@id":"https:\/\/likeink.com\/da\/#website","url":"https:\/\/likeink.com\/da\/","name":"Like ink","description":"Make your own custom design","potentialAction":[{"@type":"SearchAction","target":{"@type":"EntryPoint","urlTemplate":"https:\/\/likeink.com\/da\/?s={search_term_string}"},"query-input":{"@type":"PropertyValueSpecification","valueRequired":true,"valueName":"search_term_string"}}],"inLanguage":"da-DK"}]}},"_links":{"self":[{"href":"https:\/\/likeink.com\/da\/wp-json\/wp\/v2\/product\/24229","targetHints":{"allow":["GET"]}}],"collection":[{"href":"https:\/\/likeink.com\/da\/wp-json\/wp\/v2\/product"}],"about":[{"href":"https:\/\/likeink.com\/da\/wp-json\/wp\/v2\/types\/product"}],"wp:featuredmedia":[{"embeddable":true,"href":"https:\/\/likeink.com\/da\/wp-json\/wp\/v2\/media\/24157"}],"wp:attachment":[{"href":"https:\/\/likeink.com\/da\/wp-json\/wp\/v2\/media?parent=24229"}],"wp:term":[{"taxonomy":"product_brand","embeddable":true,"href":"https:\/\/likeink.com\/da\/wp-json\/wp\/v2\/product_brand?post=24229"},{"taxonomy":"product_cat","embeddable":true,"href":"https:\/\/likeink.com\/da\/wp-json\/wp\/v2\/product_cat?post=24229"},{"taxonomy":"product_tag","embeddable":true,"href":"https:\/\/likeink.com\/da\/wp-json\/wp\/v2\/product_tag?post=24229"}],"curies":[{"name":"wp","href":"https:\/\/api.w.org\/{rel}","templated":true}]}}