{"id":24283,"date":"2024-01-14T17:34:13","date_gmt":"2024-01-14T17:34:13","guid":{"rendered":"https:\/\/likeink.se\/gnuggis\/official-swedish-ink-fake-tattoos\/"},"modified":"2024-02-08T15:42:14","modified_gmt":"2024-02-08T15:42:14","slug":"official-swedish-ink-tatoveringer","status":"publish","type":"product","link":"https:\/\/likeink.com\/da\/midlertidige-tatoveringer\/official-swedish-ink-tatoveringer\/","title":{"rendered":"Official Swedish Ink Fake Tatoveringer"},"content":{"rendered":"","protected":false},"excerpt":{"rendered":"<p>Official Swedish Ink Midlertidige Tatoveringer: Like Inks midlertidige tatoveringer er en hyldest til kunstnerisk talent og f\u00e6llesskabs\u00e5nden, der trives i tatoveringsverdenen. Vi hos Like Ink er begejstrede for at se seri\u00f8se tatov\u00f8rer og tatoveringsf\u00e6llesskabet komme sammen i partnerskab med os hos Like Ink. Samarbejdet med Marcus, som driver Official Swedish Ink, er et bevis og et eksempel p\u00e5, at selv tatov\u00f8rer, tatoveringssamlere og tatoveringsentusiaster synes, at falske tatoveringer er ret sjove og et alternativt m\u00e5de at nyde at v\u00e6re tatoveret p\u00e5 uden at skulle have en permanent tatovering.<\/p>\n<h2>Bestil falske tatoveringer i samarbejde med Official Swedish Ink og design tegnet af tatov\u00f8ren Patrik Sj\u00f6stj\u00e4rna<\/h2>\n<p>Dette ark med midlertidige tatoveringer indeholder logoet for Official Swedish Ink samt originale designs skabt af den talentfulde tatov\u00f8r Patrik Sj\u00f6stj\u00e4rna. Det er et l\u00e6rred af kreativitet, tilg\u00e6ngeligt for enhver, der v\u00e6rds\u00e6tter kunsten af bl\u00e6k p\u00e5 hud, selv hvis det kun er for et par dage.<br \/>\nOfficial Swedish Ink, ledet af Marcus Andersson, er mere end bare en Instagram-konto. Det er et knudepunkt for tatov\u00f8rer, entusiaster, og for alle, der er tatoverede eller ser p\u00e5 at blive det. Denne platform er rig p\u00e5 l\u00f8bende opdateringer om tatoveringsscenen i Sverige, og tilbyder en str\u00f8m af oplysninger om messer, begivenheder og nyheder inden for tatoveringsverdenen. Det er en kilde til inspiration og en skattekiste af tips til at finde enest\u00e5ende tatov\u00f8rer. S\u00e5 uanset om du er en tatoveringssamler, en tatov\u00f8r, eller bare kan lide at kigge p\u00e5 tatoveringer, er det helt sikkert v\u00e6rd at tjekke ud og f\u00f8lge @officialswedishink p\u00e5 Instagram.<br \/>\nTatoveringerne p\u00e5 dette ark er tegnet med den finesse, som Patrik Sj\u00f6stj\u00e4rna er kendt for, og han bringer sin ekspertise fra sine studier i Bor\u00e5s og Sk\u00f6vde til et endnu bredere publikum. Dette samarbejde med Like Ink er et bevis p\u00e5 den delte passion og dedikation til h\u00e5ndv\u00e6rket, og g\u00f8r tatoveringernes sk\u00f8nhed tilg\u00e6ngelig for alle, uanset om du vil udforske kunsten midlertidigt<\/p>\n<p>eller bestille tid til en \u00e6gte tatovering.<\/p>\n<p><strong>Kontakt:<\/strong><br \/>\nOfficial Swedish Ink: @Officialswedishink<br \/>\nPatrik: @patriktattoos, studio i Sk\u00f6vde og Bor\u00e5s.<\/p>\n<p>St\u00f8rrelse p\u00e5 ark: A5<br \/>\nSt\u00f8rrelse p\u00e5 tatoveringer: 3-10 cm<\/p>\n","protected":false},"featured_media":24254,"template":"","meta":[],"product_brand":[],"product_cat":[53,500,525],"product_tag":[],"class_list":{"0":"post-24283","1":"product","2":"type-product","3":"status-publish","4":"has-post-thumbnail","6":"product_cat-faerdige-ark","7":"product_cat-samarbejder-med-tatovoerer","8":"product_cat-tribal-symboler-runer","10":"first","11":"instock","12":"taxable","13":"shipping-taxable","14":"purchasable","15":"product-type-simple"},"yoast_head":"<!-- This site is optimized with the Yoast SEO Premium plugin v26.2 (Yoast SEO v27.5) - https:\/\/yoast.com\/product\/yoast-seo-premium-wordpress\/ -->\n<title>Official Swedish Ink Fake Tatoveringer - Like ink<\/title>\n<meta name=\"description\" content=\"Official Swedish Ink falske tatoveringsark designet af tatov\u00f8ren Patrik Sj\u00f6stj\u00e4rna. Her taler vi om \u00c6GTE FALSKE TATOVERINGER - Like ink\" \/>\n<meta name=\"robots\" content=\"index, follow, max-snippet:-1, max-image-preview:large, max-video-preview:-1\" \/>\n<link rel=\"canonical\" href=\"https:\/\/likeink.com\/da\/midlertidige-tatoveringer\/official-swedish-ink-tatoveringer\/\" \/>\n<meta property=\"og:locale\" content=\"da_DK\" \/>\n<meta property=\"og:type\" content=\"article\" \/>\n<meta property=\"og:title\" content=\"Official Swedish Ink Fake Tatoveringer\" \/>\n<meta property=\"og:description\" content=\"Official Swedish Ink Midlertidige Tatoveringer: Like Inks midlertidige tatoveringer er en hyldest til kunstnerisk talent og f\u00e6llesskabs\u00e5nden, der trives i tatoveringsverdenen. Vi hos Like Ink er begejstrede for at se seri\u00f8se tatov\u00f8rer og tatoveringsf\u00e6llesskabet komme sammen i partnerskab med os hos Like Ink. Samarbejdet med Marcus, som driver Official Swedish Ink, er et bevis og et eksempel p\u00e5, at selv tatov\u00f8rer, tatoveringssamlere og tatoveringsentusiaster synes, at falske tatoveringer er ret sjove og et alternativt m\u00e5de at nyde at v\u00e6re tatoveret p\u00e5 uden at skulle have en permanent tatovering. Bestil falske tatoveringer i samarbejde med Official Swedish Ink og design tegnet af tatov\u00f8ren Patrik Sj\u00f6stj\u00e4rna Dette ark med midlertidige tatoveringer indeholder logoet for Official Swedish Ink samt originale designs skabt af den talentfulde tatov\u00f8r Patrik Sj\u00f6stj\u00e4rna. Det er et l\u00e6rred af kreativitet, tilg\u00e6ngeligt for enhver, der v\u00e6rds\u00e6tter kunsten af bl\u00e6k p\u00e5 hud, selv hvis det kun er for et par dage. Official Swedish Ink, ledet af Marcus Andersson, er mere end bare en Instagram-konto. Det er et knudepunkt for tatov\u00f8rer, entusiaster, og for alle, der er tatoverede eller ser p\u00e5 at blive det. Denne platform er rig p\u00e5 l\u00f8bende opdateringer om tatoveringsscenen i Sverige, og tilbyder en str\u00f8m af oplysninger om messer, begivenheder og nyheder inden for tatoveringsverdenen. Det er en kilde til inspiration og en skattekiste af tips til at finde enest\u00e5ende tatov\u00f8rer. S\u00e5 uanset om du er en tatoveringssamler, en tatov\u00f8r, eller bare kan lide at kigge p\u00e5 tatoveringer, er det helt sikkert v\u00e6rd at tjekke ud og f\u00f8lge @officialswedishink p\u00e5 Instagram. Tatoveringerne p\u00e5 dette ark er tegnet med den finesse, som Patrik Sj\u00f6stj\u00e4rna er kendt for, og han bringer sin ekspertise fra sine studier i Bor\u00e5s og Sk\u00f6vde til et endnu bredere publikum. Dette samarbejde med Like Ink er et bevis p\u00e5 den delte passion og dedikation til h\u00e5ndv\u00e6rket, og g\u00f8r tatoveringernes sk\u00f8nhed tilg\u00e6ngelig for alle, uanset om du vil udforske kunsten midlertidigt  eller bestille tid til en \u00e6gte tatovering.  Kontakt: Official Swedish Ink: @Officialswedishink Patrik: @patriktattoos, studio i Sk\u00f6vde og Bor\u00e5s.  St\u00f8rrelse p\u00e5 ark: A5 St\u00f8rrelse p\u00e5 tatoveringer: 3-10 cm\" \/>\n<meta property=\"og:url\" content=\"https:\/\/likeink.com\/da\/midlertidige-tatoveringer\/official-swedish-ink-tatoveringer\/\" \/>\n<meta property=\"og:site_name\" content=\"Like ink\" \/>\n<meta property=\"article:publisher\" content=\"https:\/\/www.facebook.com\/LikeInkSe\" \/>\n<meta property=\"article:modified_time\" content=\"2024-02-08T15:42:14+00:00\" \/>\n<meta property=\"og:image\" content=\"https:\/\/likeink.com\/wp-content\/uploads\/2024\/01\/OfficialSwedishInk-Tattoos-Likeink.jpg\" \/>\n\t<meta property=\"og:image:width\" content=\"1702\" \/>\n\t<meta property=\"og:image:height\" content=\"1200\" \/>\n\t<meta property=\"og:image:type\" content=\"image\/jpeg\" \/>\n<meta name=\"twitter:card\" content=\"summary_large_image\" \/>\n<meta name=\"twitter:label1\" content=\"Estimeret l\u00e6setid\" \/>\n\t<meta name=\"twitter:data1\" content=\"1 minut\" \/>\n<!-- \/ Yoast SEO Premium plugin. -->","yoast_head_json":{"title":"Official Swedish Ink Fake Tatoveringer - Like ink","description":"Official Swedish Ink falske tatoveringsark designet af tatov\u00f8ren Patrik Sj\u00f6stj\u00e4rna. Her taler vi om \u00c6GTE FALSKE TATOVERINGER - Like ink","robots":{"index":"index","follow":"follow","max-snippet":"max-snippet:-1","max-image-preview":"max-image-preview:large","max-video-preview":"max-video-preview:-1"},"canonical":"https:\/\/likeink.com\/da\/midlertidige-tatoveringer\/official-swedish-ink-tatoveringer\/","og_locale":"da_DK","og_type":"article","og_title":"Official Swedish Ink Fake Tatoveringer","og_description":"Official Swedish Ink Midlertidige Tatoveringer: Like Inks midlertidige tatoveringer er en hyldest til kunstnerisk talent og f\u00e6llesskabs\u00e5nden, der trives i tatoveringsverdenen. Vi hos Like Ink er begejstrede for at se seri\u00f8se tatov\u00f8rer og tatoveringsf\u00e6llesskabet komme sammen i partnerskab med os hos Like Ink. Samarbejdet med Marcus, som driver Official Swedish Ink, er et bevis og et eksempel p\u00e5, at selv tatov\u00f8rer, tatoveringssamlere og tatoveringsentusiaster synes, at falske tatoveringer er ret sjove og et alternativt m\u00e5de at nyde at v\u00e6re tatoveret p\u00e5 uden at skulle have en permanent tatovering. Bestil falske tatoveringer i samarbejde med Official Swedish Ink og design tegnet af tatov\u00f8ren Patrik Sj\u00f6stj\u00e4rna Dette ark med midlertidige tatoveringer indeholder logoet for Official Swedish Ink samt originale designs skabt af den talentfulde tatov\u00f8r Patrik Sj\u00f6stj\u00e4rna. Det er et l\u00e6rred af kreativitet, tilg\u00e6ngeligt for enhver, der v\u00e6rds\u00e6tter kunsten af bl\u00e6k p\u00e5 hud, selv hvis det kun er for et par dage. Official Swedish Ink, ledet af Marcus Andersson, er mere end bare en Instagram-konto. Det er et knudepunkt for tatov\u00f8rer, entusiaster, og for alle, der er tatoverede eller ser p\u00e5 at blive det. Denne platform er rig p\u00e5 l\u00f8bende opdateringer om tatoveringsscenen i Sverige, og tilbyder en str\u00f8m af oplysninger om messer, begivenheder og nyheder inden for tatoveringsverdenen. Det er en kilde til inspiration og en skattekiste af tips til at finde enest\u00e5ende tatov\u00f8rer. S\u00e5 uanset om du er en tatoveringssamler, en tatov\u00f8r, eller bare kan lide at kigge p\u00e5 tatoveringer, er det helt sikkert v\u00e6rd at tjekke ud og f\u00f8lge @officialswedishink p\u00e5 Instagram. Tatoveringerne p\u00e5 dette ark er tegnet med den finesse, som Patrik Sj\u00f6stj\u00e4rna er kendt for, og han bringer sin ekspertise fra sine studier i Bor\u00e5s og Sk\u00f6vde til et endnu bredere publikum. Dette samarbejde med Like Ink er et bevis p\u00e5 den delte passion og dedikation til h\u00e5ndv\u00e6rket, og g\u00f8r tatoveringernes sk\u00f8nhed tilg\u00e6ngelig for alle, uanset om du vil udforske kunsten midlertidigt  eller bestille tid til en \u00e6gte tatovering.  Kontakt: Official Swedish Ink: @Officialswedishink Patrik: @patriktattoos, studio i Sk\u00f6vde og Bor\u00e5s.  St\u00f8rrelse p\u00e5 ark: A5 St\u00f8rrelse p\u00e5 tatoveringer: 3-10 cm","og_url":"https:\/\/likeink.com\/da\/midlertidige-tatoveringer\/official-swedish-ink-tatoveringer\/","og_site_name":"Like ink","article_publisher":"https:\/\/www.facebook.com\/LikeInkSe","article_modified_time":"2024-02-08T15:42:14+00:00","og_image":[{"width":1702,"height":1200,"url":"https:\/\/likeink.com\/wp-content\/uploads\/2024\/01\/OfficialSwedishInk-Tattoos-Likeink.jpg","type":"image\/jpeg"}],"twitter_card":"summary_large_image","twitter_misc":{"Estimeret l\u00e6setid":"1 minut"},"schema":{"@context":"https:\/\/schema.org","@graph":[{"@type":"WebPage","@id":"https:\/\/likeink.com\/da\/midlertidige-tatoveringer\/official-swedish-ink-tatoveringer\/","url":"https:\/\/likeink.com\/da\/midlertidige-tatoveringer\/official-swedish-ink-tatoveringer\/","name":"Official Swedish Ink Fake Tatoveringer - Like ink","isPartOf":{"@id":"https:\/\/likeink.com\/da\/#website"},"primaryImageOfPage":{"@id":"https:\/\/likeink.com\/da\/midlertidige-tatoveringer\/official-swedish-ink-tatoveringer\/#primaryimage"},"image":{"@id":"https:\/\/likeink.com\/da\/midlertidige-tatoveringer\/official-swedish-ink-tatoveringer\/#primaryimage"},"thumbnailUrl":"https:\/\/likeink.com\/wp-content\/uploads\/2024\/01\/OfficialSwedishInk-Tattoos-Likeink.jpg","datePublished":"2024-01-14T17:34:13+00:00","dateModified":"2024-02-08T15:42:14+00:00","description":"Official Swedish Ink falske tatoveringsark designet af tatov\u00f8ren Patrik Sj\u00f6stj\u00e4rna. Her taler vi om \u00c6GTE FALSKE TATOVERINGER - Like ink","breadcrumb":{"@id":"https:\/\/likeink.com\/da\/midlertidige-tatoveringer\/official-swedish-ink-tatoveringer\/#breadcrumb"},"inLanguage":"da-DK","potentialAction":[{"@type":"ReadAction","target":["https:\/\/likeink.com\/da\/midlertidige-tatoveringer\/official-swedish-ink-tatoveringer\/"]}]},{"@type":"ImageObject","inLanguage":"da-DK","@id":"https:\/\/likeink.com\/da\/midlertidige-tatoveringer\/official-swedish-ink-tatoveringer\/#primaryimage","url":"https:\/\/likeink.com\/wp-content\/uploads\/2024\/01\/OfficialSwedishInk-Tattoos-Likeink.jpg","contentUrl":"https:\/\/likeink.com\/wp-content\/uploads\/2024\/01\/OfficialSwedishInk-Tattoos-Likeink.jpg","width":1702,"height":1200,"caption":"Samling af engangstatoveringer fra Official Swedish Ink, designet af tatov\u00f8ren Patrik Sj\u00f6stj\u00e4rna."},{"@type":"BreadcrumbList","@id":"https:\/\/likeink.com\/da\/midlertidige-tatoveringer\/official-swedish-ink-tatoveringer\/#breadcrumb","itemListElement":[{"@type":"ListItem","position":1,"name":"Hem","item":"https:\/\/likeink.com\/da\/"},{"@type":"ListItem","position":2,"name":"Shop","item":"https:\/\/likeink.com\/da\/shop\/"},{"@type":"ListItem","position":3,"name":"Official Swedish Ink Fake Tatoveringer"}]},{"@type":"WebSite","@id":"https:\/\/likeink.com\/da\/#website","url":"https:\/\/likeink.com\/da\/","name":"Like ink","description":"Make your own custom design","potentialAction":[{"@type":"SearchAction","target":{"@type":"EntryPoint","urlTemplate":"https:\/\/likeink.com\/da\/?s={search_term_string}"},"query-input":{"@type":"PropertyValueSpecification","valueRequired":true,"valueName":"search_term_string"}}],"inLanguage":"da-DK"}]}},"_links":{"self":[{"href":"https:\/\/likeink.com\/da\/wp-json\/wp\/v2\/product\/24283","targetHints":{"allow":["GET"]}}],"collection":[{"href":"https:\/\/likeink.com\/da\/wp-json\/wp\/v2\/product"}],"about":[{"href":"https:\/\/likeink.com\/da\/wp-json\/wp\/v2\/types\/product"}],"wp:featuredmedia":[{"embeddable":true,"href":"https:\/\/likeink.com\/da\/wp-json\/wp\/v2\/media\/24254"}],"wp:attachment":[{"href":"https:\/\/likeink.com\/da\/wp-json\/wp\/v2\/media?parent=24283"}],"wp:term":[{"taxonomy":"product_brand","embeddable":true,"href":"https:\/\/likeink.com\/da\/wp-json\/wp\/v2\/product_brand?post=24283"},{"taxonomy":"product_cat","embeddable":true,"href":"https:\/\/likeink.com\/da\/wp-json\/wp\/v2\/product_cat?post=24283"},{"taxonomy":"product_tag","embeddable":true,"href":"https:\/\/likeink.com\/da\/wp-json\/wp\/v2\/product_tag?post=24283"}],"curies":[{"name":"wp","href":"https:\/\/api.w.org\/{rel}","templated":true}]}}