{"id":25480,"date":"2024-03-08T15:19:18","date_gmt":"2024-03-08T15:19:18","guid":{"rendered":"https:\/\/likeink.se\/gnuggis\/dahlia-tatueringar\/"},"modified":"2026-04-21T13:02:56","modified_gmt":"2026-04-21T13:02:56","slug":"dahlia-tatoveringer","status":"publish","type":"product","link":"https:\/\/likeink.com\/da\/midlertidige-tatoveringer\/dahlia-tatoveringer\/","title":{"rendered":"Dahlia-tatoveringer"},"content":{"rendered":"","protected":false},"excerpt":{"rendered":"<p>Dahlia-tatoveringer er midlertidige tatoveringer, der er nemme at p\u00e5f\u00f8re og holder godt. Dahlia som tatovering symboliserer en r\u00e6kke dybe betydninger og f\u00f8lelser. Dahlia-blomster er kendt for deres sk\u00f8nhed og unikke udseende.<\/p>\n<h2>K\u00f8b Dahlia-tatoveringer af god kvalitet og f\u00e5 hurtig levering.<\/h2>\n<p>Her er nogle af de mest almindelige betydninger forbundet med Dahlia-tatoveringer:<br \/>\n1. Styrke og Modstandsdygtighed: Dahliaer vokser og blomstrer p\u00e5 trods af udfordrende forhold, hvilket g\u00f8r dem til et symbol p\u00e5 at kunne overkomme modgang og vise styrke i vanskelige tider.<br \/>\n2. Unikhed og Individualitet: Med deres mange varianter og farvekombinationer repr\u00e6senterer dahliaer unikhed og opmuntrer til at omfavne ens egen individualitet.<br \/>\n3. Forandring og Transformation: Dahliaens blomstringss\u00e6son signalerer overgangen fra sommer til efter\u00e5r, hvilket g\u00f8r dem til et symbol p\u00e5 forandring og personlig v\u00e6kst.<br \/>\n4. Engagement og Evig K\u00e6rlighed: I victoriansk tid blev dahliaer brugt til at udtrykke et evigt b\u00e5nd og et engagement over for en person, hvilket g\u00f8r dem til et symbol p\u00e5 langvarig k\u00e6rlighed og engagement.<br \/>\n5. Elegance og Indre Styrke: Dahliaen er ogs\u00e5 en repr\u00e6sentation af sofistikation og elegance, sammen med en indre styrke, der kommer fra selvv\u00e6rd og evnen til at skille sig ud fra m\u00e6ngden.<br \/>\nEn Dahlia-tatovering kan derfor b\u00e6re flere lag af betydning, afh\u00e6ngigt af b\u00e6rerens personlige oplevelser og de specifikke attributter ved blomsten, som de f\u00f8ler sig mest tiltrukket af.<\/p>\n<p><strong>Arkst\u00f8rrelse:<\/strong> A5<br \/>\n<strong>Antal tatoveringer:<\/strong> 6<br \/>\n<strong>St\u00f8rrelse p\u00e5 Tatoveringer:<\/strong> 6 cm<\/p>\n","protected":false},"featured_media":25472,"template":"","meta":[],"product_brand":[],"product_cat":[519,53],"product_tag":[],"class_list":{"0":"post-25480","1":"product","2":"type-product","3":"status-publish","4":"has-post-thumbnail","6":"product_cat-dyr-natur","7":"product_cat-faerdige-ark","9":"first","10":"instock","11":"taxable","12":"shipping-taxable","13":"purchasable","14":"product-type-simple"},"yoast_head":"<!-- This site is optimized with the Yoast SEO Premium plugin v26.2 (Yoast SEO v27.5) - https:\/\/yoast.com\/product\/yoast-seo-premium-wordpress\/ -->\n<title>Dahlia-tatoveringer - Like ink<\/title>\n<meta name=\"description\" content=\"Seks midlertidige Dahlia-tatoveringer i smukke farver. Holdbare og smukke Dahlia-tatoveringer, der sendes inden for 24 timer. - Like ink\" \/>\n<meta name=\"robots\" content=\"index, follow, max-snippet:-1, max-image-preview:large, max-video-preview:-1\" \/>\n<link rel=\"canonical\" href=\"https:\/\/likeink.com\/da\/midlertidige-tatoveringer\/dahlia-tatoveringer\/\" \/>\n<meta property=\"og:locale\" content=\"da_DK\" \/>\n<meta property=\"og:type\" content=\"article\" \/>\n<meta property=\"og:title\" content=\"Dahlia-tatoveringer\" \/>\n<meta property=\"og:description\" content=\"Dahlia-tatoveringer er midlertidige tatoveringer, der er nemme at p\u00e5f\u00f8re og holder godt. Dahlia som tatovering symboliserer en r\u00e6kke dybe betydninger og f\u00f8lelser. Dahlia-blomster er kendt for deres sk\u00f8nhed og unikke udseende. K\u00f8b Dahlia-tatoveringer af god kvalitet og f\u00e5 hurtig levering. Her er nogle af de mest almindelige betydninger forbundet med Dahlia-tatoveringer: 1. Styrke og Modstandsdygtighed: Dahliaer vokser og blomstrer p\u00e5 trods af udfordrende forhold, hvilket g\u00f8r dem til et symbol p\u00e5 at kunne overkomme modgang og vise styrke i vanskelige tider. 2. Unikhed og Individualitet: Med deres mange varianter og farvekombinationer repr\u00e6senterer dahliaer unikhed og opmuntrer til at omfavne ens egen individualitet. 3. Forandring og Transformation: Dahliaens blomstringss\u00e6son signalerer overgangen fra sommer til efter\u00e5r, hvilket g\u00f8r dem til et symbol p\u00e5 forandring og personlig v\u00e6kst. 4. Engagement og Evig K\u00e6rlighed: I victoriansk tid blev dahliaer brugt til at udtrykke et evigt b\u00e5nd og et engagement over for en person, hvilket g\u00f8r dem til et symbol p\u00e5 langvarig k\u00e6rlighed og engagement. 5. Elegance og Indre Styrke: Dahliaen er ogs\u00e5 en repr\u00e6sentation af sofistikation og elegance, sammen med en indre styrke, der kommer fra selvv\u00e6rd og evnen til at skille sig ud fra m\u00e6ngden. En Dahlia-tatovering kan derfor b\u00e6re flere lag af betydning, afh\u00e6ngigt af b\u00e6rerens personlige oplevelser og de specifikke attributter ved blomsten, som de f\u00f8ler sig mest tiltrukket af.  Arkst\u00f8rrelse: A5 Antal tatoveringer: 6 St\u00f8rrelse p\u00e5 Tatoveringer: 6 cm\" \/>\n<meta property=\"og:url\" content=\"https:\/\/likeink.com\/da\/midlertidige-tatoveringer\/dahlia-tatoveringer\/\" \/>\n<meta property=\"og:site_name\" content=\"Like ink\" \/>\n<meta property=\"article:publisher\" content=\"https:\/\/www.facebook.com\/LikeInkSe\" \/>\n<meta property=\"article:modified_time\" content=\"2026-04-21T13:02:56+00:00\" \/>\n<meta property=\"og:image\" content=\"https:\/\/likeink.com\/wp-content\/uploads\/2024\/03\/Dahlia-tatueringar-Likeink-1.jpg\" \/>\n\t<meta property=\"og:image:width\" content=\"1985\" \/>\n\t<meta property=\"og:image:height\" content=\"1400\" \/>\n\t<meta property=\"og:image:type\" content=\"image\/jpeg\" \/>\n<meta name=\"twitter:card\" content=\"summary_large_image\" \/>\n<meta name=\"twitter:label1\" content=\"Estimeret l\u00e6setid\" \/>\n\t<meta name=\"twitter:data1\" content=\"1 minut\" \/>\n<!-- \/ Yoast SEO Premium plugin. -->","yoast_head_json":{"title":"Dahlia-tatoveringer - Like ink","description":"Seks midlertidige Dahlia-tatoveringer i smukke farver. Holdbare og smukke Dahlia-tatoveringer, der sendes inden for 24 timer. - Like ink","robots":{"index":"index","follow":"follow","max-snippet":"max-snippet:-1","max-image-preview":"max-image-preview:large","max-video-preview":"max-video-preview:-1"},"canonical":"https:\/\/likeink.com\/da\/midlertidige-tatoveringer\/dahlia-tatoveringer\/","og_locale":"da_DK","og_type":"article","og_title":"Dahlia-tatoveringer","og_description":"Dahlia-tatoveringer er midlertidige tatoveringer, der er nemme at p\u00e5f\u00f8re og holder godt. Dahlia som tatovering symboliserer en r\u00e6kke dybe betydninger og f\u00f8lelser. Dahlia-blomster er kendt for deres sk\u00f8nhed og unikke udseende. K\u00f8b Dahlia-tatoveringer af god kvalitet og f\u00e5 hurtig levering. Her er nogle af de mest almindelige betydninger forbundet med Dahlia-tatoveringer: 1. Styrke og Modstandsdygtighed: Dahliaer vokser og blomstrer p\u00e5 trods af udfordrende forhold, hvilket g\u00f8r dem til et symbol p\u00e5 at kunne overkomme modgang og vise styrke i vanskelige tider. 2. Unikhed og Individualitet: Med deres mange varianter og farvekombinationer repr\u00e6senterer dahliaer unikhed og opmuntrer til at omfavne ens egen individualitet. 3. Forandring og Transformation: Dahliaens blomstringss\u00e6son signalerer overgangen fra sommer til efter\u00e5r, hvilket g\u00f8r dem til et symbol p\u00e5 forandring og personlig v\u00e6kst. 4. Engagement og Evig K\u00e6rlighed: I victoriansk tid blev dahliaer brugt til at udtrykke et evigt b\u00e5nd og et engagement over for en person, hvilket g\u00f8r dem til et symbol p\u00e5 langvarig k\u00e6rlighed og engagement. 5. Elegance og Indre Styrke: Dahliaen er ogs\u00e5 en repr\u00e6sentation af sofistikation og elegance, sammen med en indre styrke, der kommer fra selvv\u00e6rd og evnen til at skille sig ud fra m\u00e6ngden. En Dahlia-tatovering kan derfor b\u00e6re flere lag af betydning, afh\u00e6ngigt af b\u00e6rerens personlige oplevelser og de specifikke attributter ved blomsten, som de f\u00f8ler sig mest tiltrukket af.  Arkst\u00f8rrelse: A5 Antal tatoveringer: 6 St\u00f8rrelse p\u00e5 Tatoveringer: 6 cm","og_url":"https:\/\/likeink.com\/da\/midlertidige-tatoveringer\/dahlia-tatoveringer\/","og_site_name":"Like ink","article_publisher":"https:\/\/www.facebook.com\/LikeInkSe","article_modified_time":"2026-04-21T13:02:56+00:00","og_image":[{"width":1985,"height":1400,"url":"https:\/\/likeink.com\/wp-content\/uploads\/2024\/03\/Dahlia-tatueringar-Likeink-1.jpg","type":"image\/jpeg"}],"twitter_card":"summary_large_image","twitter_misc":{"Estimeret l\u00e6setid":"1 minut"},"schema":{"@context":"https:\/\/schema.org","@graph":[{"@type":"WebPage","@id":"https:\/\/likeink.com\/da\/midlertidige-tatoveringer\/dahlia-tatoveringer\/","url":"https:\/\/likeink.com\/da\/midlertidige-tatoveringer\/dahlia-tatoveringer\/","name":"Dahlia-tatoveringer - Like ink","isPartOf":{"@id":"https:\/\/likeink.com\/da\/#website"},"primaryImageOfPage":{"@id":"https:\/\/likeink.com\/da\/midlertidige-tatoveringer\/dahlia-tatoveringer\/#primaryimage"},"image":{"@id":"https:\/\/likeink.com\/da\/midlertidige-tatoveringer\/dahlia-tatoveringer\/#primaryimage"},"thumbnailUrl":"https:\/\/likeink.com\/wp-content\/uploads\/2024\/03\/Dahlia-tatueringar-Likeink-1.jpg","datePublished":"2024-03-08T15:19:18+00:00","dateModified":"2026-04-21T13:02:56+00:00","description":"Seks midlertidige Dahlia-tatoveringer i smukke farver. Holdbare og smukke Dahlia-tatoveringer, der sendes inden for 24 timer. - Like ink","breadcrumb":{"@id":"https:\/\/likeink.com\/da\/midlertidige-tatoveringer\/dahlia-tatoveringer\/#breadcrumb"},"inLanguage":"da-DK","potentialAction":[{"@type":"ReadAction","target":["https:\/\/likeink.com\/da\/midlertidige-tatoveringer\/dahlia-tatoveringer\/"]}]},{"@type":"ImageObject","inLanguage":"da-DK","@id":"https:\/\/likeink.com\/da\/midlertidige-tatoveringer\/dahlia-tatoveringer\/#primaryimage","url":"https:\/\/likeink.com\/wp-content\/uploads\/2024\/03\/Dahlia-tatueringar-Likeink-1.jpg","contentUrl":"https:\/\/likeink.com\/wp-content\/uploads\/2024\/03\/Dahlia-tatueringar-Likeink-1.jpg","width":1985,"height":1400,"caption":"Dahlia-tatoveringer"},{"@type":"BreadcrumbList","@id":"https:\/\/likeink.com\/da\/midlertidige-tatoveringer\/dahlia-tatoveringer\/#breadcrumb","itemListElement":[{"@type":"ListItem","position":1,"name":"Hem","item":"https:\/\/likeink.com\/da\/"},{"@type":"ListItem","position":2,"name":"Shop","item":"https:\/\/likeink.com\/da\/shop\/"},{"@type":"ListItem","position":3,"name":"Dahlia-tatoveringer"}]},{"@type":"WebSite","@id":"https:\/\/likeink.com\/da\/#website","url":"https:\/\/likeink.com\/da\/","name":"Like ink","description":"Make your own custom design","potentialAction":[{"@type":"SearchAction","target":{"@type":"EntryPoint","urlTemplate":"https:\/\/likeink.com\/da\/?s={search_term_string}"},"query-input":{"@type":"PropertyValueSpecification","valueRequired":true,"valueName":"search_term_string"}}],"inLanguage":"da-DK"}]}},"_links":{"self":[{"href":"https:\/\/likeink.com\/da\/wp-json\/wp\/v2\/product\/25480","targetHints":{"allow":["GET"]}}],"collection":[{"href":"https:\/\/likeink.com\/da\/wp-json\/wp\/v2\/product"}],"about":[{"href":"https:\/\/likeink.com\/da\/wp-json\/wp\/v2\/types\/product"}],"wp:featuredmedia":[{"embeddable":true,"href":"https:\/\/likeink.com\/da\/wp-json\/wp\/v2\/media\/25472"}],"wp:attachment":[{"href":"https:\/\/likeink.com\/da\/wp-json\/wp\/v2\/media?parent=25480"}],"wp:term":[{"taxonomy":"product_brand","embeddable":true,"href":"https:\/\/likeink.com\/da\/wp-json\/wp\/v2\/product_brand?post=25480"},{"taxonomy":"product_cat","embeddable":true,"href":"https:\/\/likeink.com\/da\/wp-json\/wp\/v2\/product_cat?post=25480"},{"taxonomy":"product_tag","embeddable":true,"href":"https:\/\/likeink.com\/da\/wp-json\/wp\/v2\/product_tag?post=25480"}],"curies":[{"name":"wp","href":"https:\/\/api.w.org\/{rel}","templated":true}]}}