{"id":26528,"date":"2024-04-22T14:09:49","date_gmt":"2024-04-22T14:09:49","guid":{"rendered":"https:\/\/likeink.se\/?post_type=product&#038;p=26528"},"modified":"2026-03-16T15:43:56","modified_gmt":"2026-03-16T15:43:56","slug":"danmark-flag-tatoveringer","status":"publish","type":"product","link":"https:\/\/likeink.com\/da\/midlertidige-tatoveringer\/danmark-flag-tatoveringer\/","title":{"rendered":"Danmark flag tatoveringer"},"content":{"rendered":"<p>Danske flag-tatoveringer p\u00e5 ark i forskellige st\u00f8rrelser.<\/p>\n","protected":false},"excerpt":{"rendered":"<p>Danmark flag tatoveringer p\u00e5 ark i forskellige st\u00f8rrelser. En tatovering med Danmarks flag er perfekt til studenterfesten, ved landskampe, under OL, VM og EM, nationaldagen og andre lejligheder, hvor du \u00f8nsker at pryde krop og ansigt med en r\u00f8d-hvid tatovering.<br \/>\nMotivet er skabt af os hos Like ink, i \u00e6gte tatoveringsstil med klare kantlinjer og en fin r\u00f8d farve.<\/p>\n<h2>K\u00f8b Danmarks flag som midlertidige tatoveringer<\/h2>\n<p>Like inks tatoveringer passer b\u00e5de til voksne og b\u00f8rn. Vores midlertidige tatoveringer er nemme at p\u00e5f\u00f8re, vaske af og er sk\u00e5nsomme mod huden. Vi trykker i vores eget trykkeri i Malm\u00f6 og sender din ordre inden for et d\u00f8gn.<\/p>\n<p><strong>Arkets st\u00f8rrelse:<\/strong> A5<br \/>\n<strong>Antal tatoveringer:<\/strong> 15<br \/>\n<strong>Tatoveringernes st\u00f8rrelse:<\/strong> 60, 45, 35 og 30 mm<\/p>\n","protected":false},"featured_media":26465,"template":"","meta":[],"product_brand":[],"product_cat":[53,513],"product_tag":[],"class_list":{"0":"post-26528","1":"product","2":"type-product","3":"status-publish","4":"has-post-thumbnail","6":"product_cat-faerdige-ark","7":"product_cat-maskerade-saeson","9":"first","10":"instock","11":"taxable","12":"shipping-taxable","13":"purchasable","14":"product-type-simple"},"yoast_head":"<!-- This site is optimized with the Yoast SEO Premium plugin v26.2 (Yoast SEO v27.5) - https:\/\/yoast.com\/product\/yoast-seo-premium-wordpress\/ -->\n<title>Danmark flag tatoveringer - Like ink<\/title>\n<meta name=\"description\" content=\"Danmark flag tatoveringer er perfekte til landskampe, ved studentfester, Danmarks nationaldag og andre lejligheder, hvor du \u00f8nsker at vise Danmarks flag.\" \/>\n<meta name=\"robots\" content=\"index, follow, max-snippet:-1, max-image-preview:large, max-video-preview:-1\" \/>\n<link rel=\"canonical\" href=\"https:\/\/likeink.com\/da\/midlertidige-tatoveringer\/danmark-flag-tatoveringer\/\" \/>\n<meta property=\"og:locale\" content=\"da_DK\" \/>\n<meta property=\"og:type\" content=\"article\" \/>\n<meta property=\"og:title\" content=\"Danmark flag tatoveringer\" \/>\n<meta property=\"og:description\" content=\"Danmark flag tatoveringer p\u00e5 ark i forskellige st\u00f8rrelser. En tatovering med Danmarks flag er perfekt til studenterfesten, ved landskampe, under OL, VM og EM, nationaldagen og andre lejligheder, hvor du \u00f8nsker at pryde krop og ansigt med en r\u00f8d-hvid tatovering. Motivet er skabt af os hos Like ink, i \u00e6gte tatoveringsstil med klare kantlinjer og en fin r\u00f8d farve.  K\u00f8b Danmarks flag som midlertidige tatoveringer  Like inks tatoveringer passer b\u00e5de til voksne og b\u00f8rn. Vores midlertidige tatoveringer er nemme at p\u00e5f\u00f8re, vaske af og er sk\u00e5nsomme mod huden. Vi trykker i vores eget trykkeri i Malm\u00f6 og sender din ordre inden for et d\u00f8gn.  Arkets st\u00f8rrelse: A5 Antal tatoveringer: 15 Tatoveringernes st\u00f8rrelse: 60, 45, 35 og 30 mm\" \/>\n<meta property=\"og:url\" content=\"https:\/\/likeink.com\/da\/midlertidige-tatoveringer\/danmark-flag-tatoveringer\/\" \/>\n<meta property=\"og:site_name\" content=\"Like ink\" \/>\n<meta property=\"article:publisher\" content=\"https:\/\/www.facebook.com\/LikeInkSe\" \/>\n<meta property=\"article:modified_time\" content=\"2026-03-16T15:43:56+00:00\" \/>\n<meta property=\"og:image\" content=\"https:\/\/likeink.com\/wp-content\/uploads\/2024\/04\/Danmark-Flag-Likeink.jpg\" \/>\n\t<meta property=\"og:image:width\" content=\"1400\" \/>\n\t<meta property=\"og:image:height\" content=\"986\" \/>\n\t<meta property=\"og:image:type\" content=\"image\/jpeg\" \/>\n<meta name=\"twitter:card\" content=\"summary_large_image\" \/>\n<meta name=\"twitter:label1\" content=\"Estimeret l\u00e6setid\" \/>\n\t<meta name=\"twitter:data1\" content=\"1 minut\" \/>\n<!-- \/ Yoast SEO Premium plugin. -->","yoast_head_json":{"title":"Danmark flag tatoveringer - Like ink","description":"Danmark flag tatoveringer er perfekte til landskampe, ved studentfester, Danmarks nationaldag og andre lejligheder, hvor du \u00f8nsker at vise Danmarks flag.","robots":{"index":"index","follow":"follow","max-snippet":"max-snippet:-1","max-image-preview":"max-image-preview:large","max-video-preview":"max-video-preview:-1"},"canonical":"https:\/\/likeink.com\/da\/midlertidige-tatoveringer\/danmark-flag-tatoveringer\/","og_locale":"da_DK","og_type":"article","og_title":"Danmark flag tatoveringer","og_description":"Danmark flag tatoveringer p\u00e5 ark i forskellige st\u00f8rrelser. En tatovering med Danmarks flag er perfekt til studenterfesten, ved landskampe, under OL, VM og EM, nationaldagen og andre lejligheder, hvor du \u00f8nsker at pryde krop og ansigt med en r\u00f8d-hvid tatovering. Motivet er skabt af os hos Like ink, i \u00e6gte tatoveringsstil med klare kantlinjer og en fin r\u00f8d farve.  K\u00f8b Danmarks flag som midlertidige tatoveringer  Like inks tatoveringer passer b\u00e5de til voksne og b\u00f8rn. Vores midlertidige tatoveringer er nemme at p\u00e5f\u00f8re, vaske af og er sk\u00e5nsomme mod huden. Vi trykker i vores eget trykkeri i Malm\u00f6 og sender din ordre inden for et d\u00f8gn.  Arkets st\u00f8rrelse: A5 Antal tatoveringer: 15 Tatoveringernes st\u00f8rrelse: 60, 45, 35 og 30 mm","og_url":"https:\/\/likeink.com\/da\/midlertidige-tatoveringer\/danmark-flag-tatoveringer\/","og_site_name":"Like ink","article_publisher":"https:\/\/www.facebook.com\/LikeInkSe","article_modified_time":"2026-03-16T15:43:56+00:00","og_image":[{"width":1400,"height":986,"url":"https:\/\/likeink.com\/wp-content\/uploads\/2024\/04\/Danmark-Flag-Likeink.jpg","type":"image\/jpeg"}],"twitter_card":"summary_large_image","twitter_misc":{"Estimeret l\u00e6setid":"1 minut"},"schema":{"@context":"https:\/\/schema.org","@graph":[{"@type":"WebPage","@id":"https:\/\/likeink.com\/da\/midlertidige-tatoveringer\/danmark-flag-tatoveringer\/","url":"https:\/\/likeink.com\/da\/midlertidige-tatoveringer\/danmark-flag-tatoveringer\/","name":"Danmark flag tatoveringer - Like ink","isPartOf":{"@id":"https:\/\/likeink.com\/da\/#website"},"primaryImageOfPage":{"@id":"https:\/\/likeink.com\/da\/midlertidige-tatoveringer\/danmark-flag-tatoveringer\/#primaryimage"},"image":{"@id":"https:\/\/likeink.com\/da\/midlertidige-tatoveringer\/danmark-flag-tatoveringer\/#primaryimage"},"thumbnailUrl":"https:\/\/likeink.com\/wp-content\/uploads\/2024\/04\/Danmark-Flag-Likeink.jpg","datePublished":"2024-04-22T14:09:49+00:00","dateModified":"2026-03-16T15:43:56+00:00","description":"Danmark flag tatoveringer er perfekte til landskampe, ved studentfester, Danmarks nationaldag og andre lejligheder, hvor du \u00f8nsker at vise Danmarks flag.","breadcrumb":{"@id":"https:\/\/likeink.com\/da\/midlertidige-tatoveringer\/danmark-flag-tatoveringer\/#breadcrumb"},"inLanguage":"da-DK","potentialAction":[{"@type":"ReadAction","target":["https:\/\/likeink.com\/da\/midlertidige-tatoveringer\/danmark-flag-tatoveringer\/"]}]},{"@type":"ImageObject","inLanguage":"da-DK","@id":"https:\/\/likeink.com\/da\/midlertidige-tatoveringer\/danmark-flag-tatoveringer\/#primaryimage","url":"https:\/\/likeink.com\/wp-content\/uploads\/2024\/04\/Danmark-Flag-Likeink.jpg","contentUrl":"https:\/\/likeink.com\/wp-content\/uploads\/2024\/04\/Danmark-Flag-Likeink.jpg","width":1400,"height":986,"caption":"Dannebrog tatovering"},{"@type":"BreadcrumbList","@id":"https:\/\/likeink.com\/da\/midlertidige-tatoveringer\/danmark-flag-tatoveringer\/#breadcrumb","itemListElement":[{"@type":"ListItem","position":1,"name":"Hem","item":"https:\/\/likeink.com\/da\/"},{"@type":"ListItem","position":2,"name":"Shop","item":"https:\/\/likeink.com\/da\/shop\/"},{"@type":"ListItem","position":3,"name":"Danmark flag tatoveringer"}]},{"@type":"WebSite","@id":"https:\/\/likeink.com\/da\/#website","url":"https:\/\/likeink.com\/da\/","name":"Like ink","description":"Make your own custom design","potentialAction":[{"@type":"SearchAction","target":{"@type":"EntryPoint","urlTemplate":"https:\/\/likeink.com\/da\/?s={search_term_string}"},"query-input":{"@type":"PropertyValueSpecification","valueRequired":true,"valueName":"search_term_string"}}],"inLanguage":"da-DK"}]}},"_links":{"self":[{"href":"https:\/\/likeink.com\/da\/wp-json\/wp\/v2\/product\/26528","targetHints":{"allow":["GET"]}}],"collection":[{"href":"https:\/\/likeink.com\/da\/wp-json\/wp\/v2\/product"}],"about":[{"href":"https:\/\/likeink.com\/da\/wp-json\/wp\/v2\/types\/product"}],"wp:featuredmedia":[{"embeddable":true,"href":"https:\/\/likeink.com\/da\/wp-json\/wp\/v2\/media\/26465"}],"wp:attachment":[{"href":"https:\/\/likeink.com\/da\/wp-json\/wp\/v2\/media?parent=26528"}],"wp:term":[{"taxonomy":"product_brand","embeddable":true,"href":"https:\/\/likeink.com\/da\/wp-json\/wp\/v2\/product_brand?post=26528"},{"taxonomy":"product_cat","embeddable":true,"href":"https:\/\/likeink.com\/da\/wp-json\/wp\/v2\/product_cat?post=26528"},{"taxonomy":"product_tag","embeddable":true,"href":"https:\/\/likeink.com\/da\/wp-json\/wp\/v2\/product_tag?post=26528"}],"curies":[{"name":"wp","href":"https:\/\/api.w.org\/{rel}","templated":true}]}}