{"id":26829,"date":"2024-05-01T08:11:43","date_gmt":"2024-05-01T08:11:43","guid":{"rendered":"https:\/\/likeink.se\/gnuggis\/eu-flaggor-samling\/"},"modified":"2024-05-01T08:18:31","modified_gmt":"2024-05-01T08:18:31","slug":"eu-flag-samling","status":"publish","type":"product","link":"https:\/\/likeink.com\/da\/midlertidige-tatoveringer\/eu-flag-samling\/","title":{"rendered":"EU Flag Samling A4"},"content":{"rendered":"","protected":false},"excerpt":{"rendered":"<p>EU Flag Samling, falske tatoveringer p\u00e5 A4. I denne samling finder du nationalflag fra 29 EU-lande. Denne samling er perfekt til EM-kampe, til at forene folk ved forskellige sportsbegivenheder, p\u00e5 festivaler og andre events!<\/p>\n<h2>Bestil EU-flag som falske tatoveringer.<\/h2>\n<p>Hvis du kun \u00f8nsker et specifikt nationalflag, som vi ikke s\u00e6lger enkeltvis, kan du kontakte os med oplysninger om hvilket flag du \u00f8nsker, st\u00f8rrelsen og antallet af tatoveringer, s\u00e5 hj\u00e6lper vi dig!<br \/>\nVores tatoveringer er nemme at p\u00e5f\u00f8re og vaske af. Tatoveringerne er allergivenlige, veganske og opfylder selvf\u00f8lgelig al lovgivning om kosmetiske produkter i Europa og UK.<\/p>\n<p><strong>Arkst\u00f8rrelse:<\/strong> A4<br \/>\n<strong>Antal Tatoveringer:<\/strong> 29<br \/>\n<strong>St\u00f8rrelse p\u00e5 13 Tatoveringer:<\/strong> 50mm<\/p>\n","protected":false},"featured_media":26349,"template":"","meta":[],"product_brand":[],"product_cat":[53,169],"product_tag":[],"class_list":{"0":"post-26829","1":"product","2":"type-product","3":"status-publish","4":"has-post-thumbnail","6":"product_cat-faerdige-ark","7":"product_cat-hoejtids-tatoveringer","9":"first","10":"instock","11":"taxable","12":"shipping-taxable","13":"purchasable","14":"product-type-simple"},"yoast_head":"<!-- This site is optimized with the Yoast SEO Premium plugin v26.2 (Yoast SEO v27.4) - https:\/\/yoast.com\/product\/yoast-seo-premium-wordpress\/ -->\n<title>EU Flag Samling med Falske Tatoveringer - Like ink<\/title>\n<meta name=\"description\" content=\"EU Flag Samling: 29 flag som falske tatoveringer. Midlertidige tatoveringer er perfekte til landskampe og festivaler. Hurtig levering - Like ink\" \/>\n<meta name=\"robots\" content=\"index, follow, max-snippet:-1, max-image-preview:large, max-video-preview:-1\" \/>\n<link rel=\"canonical\" href=\"https:\/\/likeink.com\/da\/midlertidige-tatoveringer\/eu-flag-samling\/\" \/>\n<meta property=\"og:locale\" content=\"da_DK\" \/>\n<meta property=\"og:type\" content=\"article\" \/>\n<meta property=\"og:title\" content=\"EU Flag Samling A4\" \/>\n<meta property=\"og:description\" content=\"EU Flag Samling, falske tatoveringer p\u00e5 A4. I denne samling finder du nationalflag fra 29 EU-lande. Denne samling er perfekt til EM-kampe, til at forene folk ved forskellige sportsbegivenheder, p\u00e5 festivaler og andre events! Bestil EU-flag som falske tatoveringer. Hvis du kun \u00f8nsker et specifikt nationalflag, som vi ikke s\u00e6lger enkeltvis, kan du kontakte os med oplysninger om hvilket flag du \u00f8nsker, st\u00f8rrelsen og antallet af tatoveringer, s\u00e5 hj\u00e6lper vi dig! Vores tatoveringer er nemme at p\u00e5f\u00f8re og vaske af. Tatoveringerne er allergivenlige, veganske og opfylder selvf\u00f8lgelig al lovgivning om kosmetiske produkter i Europa og UK.  Arkst\u00f8rrelse: A4 Antal Tatoveringer: 29 St\u00f8rrelse p\u00e5 13 Tatoveringer: 50mm\" \/>\n<meta property=\"og:url\" content=\"https:\/\/likeink.com\/da\/midlertidige-tatoveringer\/eu-flag-samling\/\" \/>\n<meta property=\"og:site_name\" content=\"Like ink\" \/>\n<meta property=\"article:publisher\" content=\"https:\/\/www.facebook.com\/LikeInkSe\" \/>\n<meta property=\"article:modified_time\" content=\"2024-05-01T08:18:31+00:00\" \/>\n<meta property=\"og:image\" content=\"https:\/\/likeink.com\/wp-content\/uploads\/2024\/04\/EU-Flags-Set-Likeink.jpg\" \/>\n\t<meta property=\"og:image:width\" content=\"1800\" \/>\n\t<meta property=\"og:image:height\" content=\"1273\" \/>\n\t<meta property=\"og:image:type\" content=\"image\/jpeg\" \/>\n<meta name=\"twitter:card\" content=\"summary_large_image\" \/>\n<meta name=\"twitter:label1\" content=\"Estimeret l\u00e6setid\" \/>\n\t<meta name=\"twitter:data1\" content=\"1 minut\" \/>\n<script type=\"application\/ld+json\" class=\"yoast-schema-graph\">{\"@context\":\"https:\\\/\\\/schema.org\",\"@graph\":[{\"@type\":\"WebPage\",\"@id\":\"https:\\\/\\\/likeink.com\\\/da\\\/midlertidige-tatoveringer\\\/eu-flag-samling\\\/\",\"url\":\"https:\\\/\\\/likeink.com\\\/da\\\/midlertidige-tatoveringer\\\/eu-flag-samling\\\/\",\"name\":\"EU Flag Samling med Falske Tatoveringer - Like ink\",\"isPartOf\":{\"@id\":\"https:\\\/\\\/likeink.com\\\/da\\\/#website\"},\"primaryImageOfPage\":{\"@id\":\"https:\\\/\\\/likeink.com\\\/da\\\/midlertidige-tatoveringer\\\/eu-flag-samling\\\/#primaryimage\"},\"image\":{\"@id\":\"https:\\\/\\\/likeink.com\\\/da\\\/midlertidige-tatoveringer\\\/eu-flag-samling\\\/#primaryimage\"},\"thumbnailUrl\":\"https:\\\/\\\/likeink.com\\\/wp-content\\\/uploads\\\/2024\\\/04\\\/EU-Flags-Set-Likeink.jpg\",\"datePublished\":\"2024-05-01T08:11:43+00:00\",\"dateModified\":\"2024-05-01T08:18:31+00:00\",\"description\":\"EU Flag Samling: 29 flag som falske tatoveringer. Midlertidige tatoveringer er perfekte til landskampe og festivaler. Hurtig levering - Like ink\",\"breadcrumb\":{\"@id\":\"https:\\\/\\\/likeink.com\\\/da\\\/midlertidige-tatoveringer\\\/eu-flag-samling\\\/#breadcrumb\"},\"inLanguage\":\"da-DK\",\"potentialAction\":[{\"@type\":\"ReadAction\",\"target\":[\"https:\\\/\\\/likeink.com\\\/da\\\/midlertidige-tatoveringer\\\/eu-flag-samling\\\/\"]}]},{\"@type\":\"ImageObject\",\"inLanguage\":\"da-DK\",\"@id\":\"https:\\\/\\\/likeink.com\\\/da\\\/midlertidige-tatoveringer\\\/eu-flag-samling\\\/#primaryimage\",\"url\":\"https:\\\/\\\/likeink.com\\\/wp-content\\\/uploads\\\/2024\\\/04\\\/EU-Flags-Set-Likeink.jpg\",\"contentUrl\":\"https:\\\/\\\/likeink.com\\\/wp-content\\\/uploads\\\/2024\\\/04\\\/EU-Flags-Set-Likeink.jpg\",\"width\":1800,\"height\":1273,\"caption\":\"EU-flag tatoveringer\"},{\"@type\":\"BreadcrumbList\",\"@id\":\"https:\\\/\\\/likeink.com\\\/da\\\/midlertidige-tatoveringer\\\/eu-flag-samling\\\/#breadcrumb\",\"itemListElement\":[{\"@type\":\"ListItem\",\"position\":1,\"name\":\"Hem\",\"item\":\"https:\\\/\\\/likeink.com\\\/da\\\/\"},{\"@type\":\"ListItem\",\"position\":2,\"name\":\"Shop\",\"item\":\"https:\\\/\\\/likeink.com\\\/da\\\/shop\\\/\"},{\"@type\":\"ListItem\",\"position\":3,\"name\":\"EU Flag Samling A4\"}]},{\"@type\":\"WebSite\",\"@id\":\"https:\\\/\\\/likeink.com\\\/da\\\/#website\",\"url\":\"https:\\\/\\\/likeink.com\\\/da\\\/\",\"name\":\"Like ink\",\"description\":\"Make your own custom design\",\"potentialAction\":[{\"@type\":\"SearchAction\",\"target\":{\"@type\":\"EntryPoint\",\"urlTemplate\":\"https:\\\/\\\/likeink.com\\\/da\\\/?s={search_term_string}\"},\"query-input\":{\"@type\":\"PropertyValueSpecification\",\"valueRequired\":true,\"valueName\":\"search_term_string\"}}],\"inLanguage\":\"da-DK\"}]}<\/script>\n<!-- \/ Yoast SEO Premium plugin. -->","yoast_head_json":{"title":"EU Flag Samling med Falske Tatoveringer - Like ink","description":"EU Flag Samling: 29 flag som falske tatoveringer. Midlertidige tatoveringer er perfekte til landskampe og festivaler. Hurtig levering - Like ink","robots":{"index":"index","follow":"follow","max-snippet":"max-snippet:-1","max-image-preview":"max-image-preview:large","max-video-preview":"max-video-preview:-1"},"canonical":"https:\/\/likeink.com\/da\/midlertidige-tatoveringer\/eu-flag-samling\/","og_locale":"da_DK","og_type":"article","og_title":"EU Flag Samling A4","og_description":"EU Flag Samling, falske tatoveringer p\u00e5 A4. I denne samling finder du nationalflag fra 29 EU-lande. Denne samling er perfekt til EM-kampe, til at forene folk ved forskellige sportsbegivenheder, p\u00e5 festivaler og andre events! Bestil EU-flag som falske tatoveringer. Hvis du kun \u00f8nsker et specifikt nationalflag, som vi ikke s\u00e6lger enkeltvis, kan du kontakte os med oplysninger om hvilket flag du \u00f8nsker, st\u00f8rrelsen og antallet af tatoveringer, s\u00e5 hj\u00e6lper vi dig! Vores tatoveringer er nemme at p\u00e5f\u00f8re og vaske af. Tatoveringerne er allergivenlige, veganske og opfylder selvf\u00f8lgelig al lovgivning om kosmetiske produkter i Europa og UK.  Arkst\u00f8rrelse: A4 Antal Tatoveringer: 29 St\u00f8rrelse p\u00e5 13 Tatoveringer: 50mm","og_url":"https:\/\/likeink.com\/da\/midlertidige-tatoveringer\/eu-flag-samling\/","og_site_name":"Like ink","article_publisher":"https:\/\/www.facebook.com\/LikeInkSe","article_modified_time":"2024-05-01T08:18:31+00:00","og_image":[{"width":1800,"height":1273,"url":"https:\/\/likeink.com\/wp-content\/uploads\/2024\/04\/EU-Flags-Set-Likeink.jpg","type":"image\/jpeg"}],"twitter_card":"summary_large_image","twitter_misc":{"Estimeret l\u00e6setid":"1 minut"},"schema":{"@context":"https:\/\/schema.org","@graph":[{"@type":"WebPage","@id":"https:\/\/likeink.com\/da\/midlertidige-tatoveringer\/eu-flag-samling\/","url":"https:\/\/likeink.com\/da\/midlertidige-tatoveringer\/eu-flag-samling\/","name":"EU Flag Samling med Falske Tatoveringer - Like ink","isPartOf":{"@id":"https:\/\/likeink.com\/da\/#website"},"primaryImageOfPage":{"@id":"https:\/\/likeink.com\/da\/midlertidige-tatoveringer\/eu-flag-samling\/#primaryimage"},"image":{"@id":"https:\/\/likeink.com\/da\/midlertidige-tatoveringer\/eu-flag-samling\/#primaryimage"},"thumbnailUrl":"https:\/\/likeink.com\/wp-content\/uploads\/2024\/04\/EU-Flags-Set-Likeink.jpg","datePublished":"2024-05-01T08:11:43+00:00","dateModified":"2024-05-01T08:18:31+00:00","description":"EU Flag Samling: 29 flag som falske tatoveringer. Midlertidige tatoveringer er perfekte til landskampe og festivaler. Hurtig levering - Like ink","breadcrumb":{"@id":"https:\/\/likeink.com\/da\/midlertidige-tatoveringer\/eu-flag-samling\/#breadcrumb"},"inLanguage":"da-DK","potentialAction":[{"@type":"ReadAction","target":["https:\/\/likeink.com\/da\/midlertidige-tatoveringer\/eu-flag-samling\/"]}]},{"@type":"ImageObject","inLanguage":"da-DK","@id":"https:\/\/likeink.com\/da\/midlertidige-tatoveringer\/eu-flag-samling\/#primaryimage","url":"https:\/\/likeink.com\/wp-content\/uploads\/2024\/04\/EU-Flags-Set-Likeink.jpg","contentUrl":"https:\/\/likeink.com\/wp-content\/uploads\/2024\/04\/EU-Flags-Set-Likeink.jpg","width":1800,"height":1273,"caption":"EU-flag tatoveringer"},{"@type":"BreadcrumbList","@id":"https:\/\/likeink.com\/da\/midlertidige-tatoveringer\/eu-flag-samling\/#breadcrumb","itemListElement":[{"@type":"ListItem","position":1,"name":"Hem","item":"https:\/\/likeink.com\/da\/"},{"@type":"ListItem","position":2,"name":"Shop","item":"https:\/\/likeink.com\/da\/shop\/"},{"@type":"ListItem","position":3,"name":"EU Flag Samling A4"}]},{"@type":"WebSite","@id":"https:\/\/likeink.com\/da\/#website","url":"https:\/\/likeink.com\/da\/","name":"Like ink","description":"Make your own custom design","potentialAction":[{"@type":"SearchAction","target":{"@type":"EntryPoint","urlTemplate":"https:\/\/likeink.com\/da\/?s={search_term_string}"},"query-input":{"@type":"PropertyValueSpecification","valueRequired":true,"valueName":"search_term_string"}}],"inLanguage":"da-DK"}]}},"_links":{"self":[{"href":"https:\/\/likeink.com\/da\/wp-json\/wp\/v2\/product\/26829","targetHints":{"allow":["GET"]}}],"collection":[{"href":"https:\/\/likeink.com\/da\/wp-json\/wp\/v2\/product"}],"about":[{"href":"https:\/\/likeink.com\/da\/wp-json\/wp\/v2\/types\/product"}],"wp:featuredmedia":[{"embeddable":true,"href":"https:\/\/likeink.com\/da\/wp-json\/wp\/v2\/media\/26349"}],"wp:attachment":[{"href":"https:\/\/likeink.com\/da\/wp-json\/wp\/v2\/media?parent=26829"}],"wp:term":[{"taxonomy":"product_brand","embeddable":true,"href":"https:\/\/likeink.com\/da\/wp-json\/wp\/v2\/product_brand?post=26829"},{"taxonomy":"product_cat","embeddable":true,"href":"https:\/\/likeink.com\/da\/wp-json\/wp\/v2\/product_cat?post=26829"},{"taxonomy":"product_tag","embeddable":true,"href":"https:\/\/likeink.com\/da\/wp-json\/wp\/v2\/product_tag?post=26829"}],"curies":[{"name":"wp","href":"https:\/\/api.w.org\/{rel}","templated":true}]}}