{"id":26977,"date":"2024-05-05T08:16:52","date_gmt":"2024-05-05T08:16:52","guid":{"rendered":"https:\/\/likeink.se\/gnuggis\/spanien-flagga-tatueringar-a5\/"},"modified":"2026-03-16T15:44:08","modified_gmt":"2026-03-16T15:44:08","slug":"spaniens-flag-tatoveringer","status":"publish","type":"product","link":"https:\/\/likeink.com\/da\/midlertidige-tatoveringer\/spaniens-flag-tatoveringer\/","title":{"rendered":"Spaniens Flag Tatoveringer"},"content":{"rendered":"","protected":false},"excerpt":{"rendered":"<p>Spaniens flag tatoveringer p\u00e5 ark i blandet st\u00f8rrelse.<\/p>\n<h2>K\u00f8b Spanienflag som midlertidige tatoveringer<\/h2>\n<p>En tatovering med Spaniens flag passer perfekt til studenter, landskampe, under OL, VM og EM, nationaldagen, og andre lejligheder, n\u00e5r du vil pynte din krop og ansigt med en flagtatuering.<\/p>\n<p>Motivet er udviklet af os hos Like Ink, i autentisk tatoveringsstil med klare, skarpe farver.<\/p>\n<p>Like Inks tatoveringer passer b\u00e5de til voksne og b\u00f8rn. Vores midlertidige tatoveringer er nemme at p\u00e5f\u00f8re, vaske af, og sk\u00e5nsomme mod huden. Vi trykker i vores eget trykkeri, der ligger i Sverige, og sender din ordre inden for et d\u00f8gn.<\/p>\n<p><strong>Arkst\u00f8rrelse:<\/strong> A5<br \/>\n<strong>Antal Spaniens flag tatoveringer:<\/strong> 15<br \/>\n<strong>Tatoveringsst\u00f8rrelser:<\/strong> 60, 45, 35, og 30 mm<\/p>\n","protected":false},"featured_media":27603,"template":"","meta":[],"product_brand":[],"product_cat":[53,169],"product_tag":[],"class_list":{"0":"post-26977","1":"product","2":"type-product","3":"status-publish","4":"has-post-thumbnail","6":"product_cat-faerdige-ark","7":"product_cat-hoejtids-tatoveringer","9":"first","10":"instock","11":"taxable","12":"shipping-taxable","13":"purchasable","14":"product-type-simple"},"yoast_head":"<!-- This site is optimized with the Yoast SEO Premium plugin v26.2 (Yoast SEO v27.4) - https:\/\/yoast.com\/product\/yoast-seo-premium-wordpress\/ -->\n<title>Spaniens Flag Tatoveringer - Like ink<\/title>\n<meta name=\"description\" content=\"Spaniens flag tatoveringer perfekte til landskampe, under studenterfejringer, Spaniens nationaldag, og n\u00e5r du vil vise Spaniens flag.\" \/>\n<meta name=\"robots\" content=\"index, follow, max-snippet:-1, max-image-preview:large, max-video-preview:-1\" \/>\n<link rel=\"canonical\" href=\"https:\/\/likeink.com\/da\/midlertidige-tatoveringer\/spaniens-flag-tatoveringer\/\" \/>\n<meta property=\"og:locale\" content=\"da_DK\" \/>\n<meta property=\"og:type\" content=\"article\" \/>\n<meta property=\"og:title\" content=\"Spaniens Flag Tatoveringer\" \/>\n<meta property=\"og:description\" content=\"Spaniens flag tatoveringer p\u00e5 ark i blandet st\u00f8rrelse. K\u00f8b Spanienflag som midlertidige tatoveringer En tatovering med Spaniens flag passer perfekt til studenter, landskampe, under OL, VM og EM, nationaldagen, og andre lejligheder, n\u00e5r du vil pynte din krop og ansigt med en flagtatuering.  Motivet er udviklet af os hos Like Ink, i autentisk tatoveringsstil med klare, skarpe farver.  Like Inks tatoveringer passer b\u00e5de til voksne og b\u00f8rn. Vores midlertidige tatoveringer er nemme at p\u00e5f\u00f8re, vaske af, og sk\u00e5nsomme mod huden. Vi trykker i vores eget trykkeri, der ligger i Sverige, og sender din ordre inden for et d\u00f8gn.  Arkst\u00f8rrelse: A5 Antal Spaniens flag tatoveringer: 15 Tatoveringsst\u00f8rrelser: 60, 45, 35, og 30 mm\" \/>\n<meta property=\"og:url\" content=\"https:\/\/likeink.com\/da\/midlertidige-tatoveringer\/spaniens-flag-tatoveringer\/\" \/>\n<meta property=\"og:site_name\" content=\"Like ink\" \/>\n<meta property=\"article:publisher\" content=\"https:\/\/www.facebook.com\/LikeInkSe\" \/>\n<meta property=\"article:modified_time\" content=\"2026-03-16T15:44:08+00:00\" \/>\n<meta property=\"og:image\" content=\"https:\/\/likeink.com\/wp-content\/uploads\/2024\/05\/Spain-flag-tattoo-likeink.jpg\" \/>\n\t<meta property=\"og:image:width\" content=\"1600\" \/>\n\t<meta property=\"og:image:height\" content=\"1127\" \/>\n\t<meta property=\"og:image:type\" content=\"image\/jpeg\" \/>\n<meta name=\"twitter:card\" content=\"summary_large_image\" \/>\n<script type=\"application\/ld+json\" class=\"yoast-schema-graph\">{\"@context\":\"https:\\\/\\\/schema.org\",\"@graph\":[{\"@type\":\"WebPage\",\"@id\":\"https:\\\/\\\/likeink.com\\\/da\\\/midlertidige-tatoveringer\\\/spaniens-flag-tatoveringer\\\/\",\"url\":\"https:\\\/\\\/likeink.com\\\/da\\\/midlertidige-tatoveringer\\\/spaniens-flag-tatoveringer\\\/\",\"name\":\"Spaniens Flag Tatoveringer - Like ink\",\"isPartOf\":{\"@id\":\"https:\\\/\\\/likeink.com\\\/da\\\/#website\"},\"primaryImageOfPage\":{\"@id\":\"https:\\\/\\\/likeink.com\\\/da\\\/midlertidige-tatoveringer\\\/spaniens-flag-tatoveringer\\\/#primaryimage\"},\"image\":{\"@id\":\"https:\\\/\\\/likeink.com\\\/da\\\/midlertidige-tatoveringer\\\/spaniens-flag-tatoveringer\\\/#primaryimage\"},\"thumbnailUrl\":\"https:\\\/\\\/likeink.com\\\/wp-content\\\/uploads\\\/2024\\\/05\\\/Spain-flag-tattoo-likeink.jpg\",\"datePublished\":\"2024-05-05T08:16:52+00:00\",\"dateModified\":\"2026-03-16T15:44:08+00:00\",\"description\":\"Spaniens flag tatoveringer perfekte til landskampe, under studenterfejringer, Spaniens nationaldag, og n\u00e5r du vil vise Spaniens flag.\",\"breadcrumb\":{\"@id\":\"https:\\\/\\\/likeink.com\\\/da\\\/midlertidige-tatoveringer\\\/spaniens-flag-tatoveringer\\\/#breadcrumb\"},\"inLanguage\":\"da-DK\",\"potentialAction\":[{\"@type\":\"ReadAction\",\"target\":[\"https:\\\/\\\/likeink.com\\\/da\\\/midlertidige-tatoveringer\\\/spaniens-flag-tatoveringer\\\/\"]}]},{\"@type\":\"ImageObject\",\"inLanguage\":\"da-DK\",\"@id\":\"https:\\\/\\\/likeink.com\\\/da\\\/midlertidige-tatoveringer\\\/spaniens-flag-tatoveringer\\\/#primaryimage\",\"url\":\"https:\\\/\\\/likeink.com\\\/wp-content\\\/uploads\\\/2024\\\/05\\\/Spain-flag-tattoo-likeink.jpg\",\"contentUrl\":\"https:\\\/\\\/likeink.com\\\/wp-content\\\/uploads\\\/2024\\\/05\\\/Spain-flag-tattoo-likeink.jpg\",\"width\":1600,\"height\":1127,\"caption\":\"Midlertidige tatoveringer med det spanske flag.\"},{\"@type\":\"BreadcrumbList\",\"@id\":\"https:\\\/\\\/likeink.com\\\/da\\\/midlertidige-tatoveringer\\\/spaniens-flag-tatoveringer\\\/#breadcrumb\",\"itemListElement\":[{\"@type\":\"ListItem\",\"position\":1,\"name\":\"Hem\",\"item\":\"https:\\\/\\\/likeink.com\\\/da\\\/\"},{\"@type\":\"ListItem\",\"position\":2,\"name\":\"Shop\",\"item\":\"https:\\\/\\\/likeink.com\\\/da\\\/shop\\\/\"},{\"@type\":\"ListItem\",\"position\":3,\"name\":\"Spaniens Flag Tatoveringer\"}]},{\"@type\":\"WebSite\",\"@id\":\"https:\\\/\\\/likeink.com\\\/da\\\/#website\",\"url\":\"https:\\\/\\\/likeink.com\\\/da\\\/\",\"name\":\"Like ink\",\"description\":\"Make your own custom design\",\"potentialAction\":[{\"@type\":\"SearchAction\",\"target\":{\"@type\":\"EntryPoint\",\"urlTemplate\":\"https:\\\/\\\/likeink.com\\\/da\\\/?s={search_term_string}\"},\"query-input\":{\"@type\":\"PropertyValueSpecification\",\"valueRequired\":true,\"valueName\":\"search_term_string\"}}],\"inLanguage\":\"da-DK\"}]}<\/script>\n<!-- \/ Yoast SEO Premium plugin. -->","yoast_head_json":{"title":"Spaniens Flag Tatoveringer - Like ink","description":"Spaniens flag tatoveringer perfekte til landskampe, under studenterfejringer, Spaniens nationaldag, og n\u00e5r du vil vise Spaniens flag.","robots":{"index":"index","follow":"follow","max-snippet":"max-snippet:-1","max-image-preview":"max-image-preview:large","max-video-preview":"max-video-preview:-1"},"canonical":"https:\/\/likeink.com\/da\/midlertidige-tatoveringer\/spaniens-flag-tatoveringer\/","og_locale":"da_DK","og_type":"article","og_title":"Spaniens Flag Tatoveringer","og_description":"Spaniens flag tatoveringer p\u00e5 ark i blandet st\u00f8rrelse. K\u00f8b Spanienflag som midlertidige tatoveringer En tatovering med Spaniens flag passer perfekt til studenter, landskampe, under OL, VM og EM, nationaldagen, og andre lejligheder, n\u00e5r du vil pynte din krop og ansigt med en flagtatuering.  Motivet er udviklet af os hos Like Ink, i autentisk tatoveringsstil med klare, skarpe farver.  Like Inks tatoveringer passer b\u00e5de til voksne og b\u00f8rn. Vores midlertidige tatoveringer er nemme at p\u00e5f\u00f8re, vaske af, og sk\u00e5nsomme mod huden. Vi trykker i vores eget trykkeri, der ligger i Sverige, og sender din ordre inden for et d\u00f8gn.  Arkst\u00f8rrelse: A5 Antal Spaniens flag tatoveringer: 15 Tatoveringsst\u00f8rrelser: 60, 45, 35, og 30 mm","og_url":"https:\/\/likeink.com\/da\/midlertidige-tatoveringer\/spaniens-flag-tatoveringer\/","og_site_name":"Like ink","article_publisher":"https:\/\/www.facebook.com\/LikeInkSe","article_modified_time":"2026-03-16T15:44:08+00:00","og_image":[{"width":1600,"height":1127,"url":"https:\/\/likeink.com\/wp-content\/uploads\/2024\/05\/Spain-flag-tattoo-likeink.jpg","type":"image\/jpeg"}],"twitter_card":"summary_large_image","schema":{"@context":"https:\/\/schema.org","@graph":[{"@type":"WebPage","@id":"https:\/\/likeink.com\/da\/midlertidige-tatoveringer\/spaniens-flag-tatoveringer\/","url":"https:\/\/likeink.com\/da\/midlertidige-tatoveringer\/spaniens-flag-tatoveringer\/","name":"Spaniens Flag Tatoveringer - Like ink","isPartOf":{"@id":"https:\/\/likeink.com\/da\/#website"},"primaryImageOfPage":{"@id":"https:\/\/likeink.com\/da\/midlertidige-tatoveringer\/spaniens-flag-tatoveringer\/#primaryimage"},"image":{"@id":"https:\/\/likeink.com\/da\/midlertidige-tatoveringer\/spaniens-flag-tatoveringer\/#primaryimage"},"thumbnailUrl":"https:\/\/likeink.com\/wp-content\/uploads\/2024\/05\/Spain-flag-tattoo-likeink.jpg","datePublished":"2024-05-05T08:16:52+00:00","dateModified":"2026-03-16T15:44:08+00:00","description":"Spaniens flag tatoveringer perfekte til landskampe, under studenterfejringer, Spaniens nationaldag, og n\u00e5r du vil vise Spaniens flag.","breadcrumb":{"@id":"https:\/\/likeink.com\/da\/midlertidige-tatoveringer\/spaniens-flag-tatoveringer\/#breadcrumb"},"inLanguage":"da-DK","potentialAction":[{"@type":"ReadAction","target":["https:\/\/likeink.com\/da\/midlertidige-tatoveringer\/spaniens-flag-tatoveringer\/"]}]},{"@type":"ImageObject","inLanguage":"da-DK","@id":"https:\/\/likeink.com\/da\/midlertidige-tatoveringer\/spaniens-flag-tatoveringer\/#primaryimage","url":"https:\/\/likeink.com\/wp-content\/uploads\/2024\/05\/Spain-flag-tattoo-likeink.jpg","contentUrl":"https:\/\/likeink.com\/wp-content\/uploads\/2024\/05\/Spain-flag-tattoo-likeink.jpg","width":1600,"height":1127,"caption":"Midlertidige tatoveringer med det spanske flag."},{"@type":"BreadcrumbList","@id":"https:\/\/likeink.com\/da\/midlertidige-tatoveringer\/spaniens-flag-tatoveringer\/#breadcrumb","itemListElement":[{"@type":"ListItem","position":1,"name":"Hem","item":"https:\/\/likeink.com\/da\/"},{"@type":"ListItem","position":2,"name":"Shop","item":"https:\/\/likeink.com\/da\/shop\/"},{"@type":"ListItem","position":3,"name":"Spaniens Flag Tatoveringer"}]},{"@type":"WebSite","@id":"https:\/\/likeink.com\/da\/#website","url":"https:\/\/likeink.com\/da\/","name":"Like ink","description":"Make your own custom design","potentialAction":[{"@type":"SearchAction","target":{"@type":"EntryPoint","urlTemplate":"https:\/\/likeink.com\/da\/?s={search_term_string}"},"query-input":{"@type":"PropertyValueSpecification","valueRequired":true,"valueName":"search_term_string"}}],"inLanguage":"da-DK"}]}},"_links":{"self":[{"href":"https:\/\/likeink.com\/da\/wp-json\/wp\/v2\/product\/26977","targetHints":{"allow":["GET"]}}],"collection":[{"href":"https:\/\/likeink.com\/da\/wp-json\/wp\/v2\/product"}],"about":[{"href":"https:\/\/likeink.com\/da\/wp-json\/wp\/v2\/types\/product"}],"wp:featuredmedia":[{"embeddable":true,"href":"https:\/\/likeink.com\/da\/wp-json\/wp\/v2\/media\/27603"}],"wp:attachment":[{"href":"https:\/\/likeink.com\/da\/wp-json\/wp\/v2\/media?parent=26977"}],"wp:term":[{"taxonomy":"product_brand","embeddable":true,"href":"https:\/\/likeink.com\/da\/wp-json\/wp\/v2\/product_brand?post=26977"},{"taxonomy":"product_cat","embeddable":true,"href":"https:\/\/likeink.com\/da\/wp-json\/wp\/v2\/product_cat?post=26977"},{"taxonomy":"product_tag","embeddable":true,"href":"https:\/\/likeink.com\/da\/wp-json\/wp\/v2\/product_tag?post=26977"}],"curies":[{"name":"wp","href":"https:\/\/api.w.org\/{rel}","templated":true}]}}