{"id":28252,"date":"2024-06-02T09:55:12","date_gmt":"2024-06-02T09:55:12","guid":{"rendered":"https:\/\/likeink.se\/gnuggis\/glittertatueringar-party-time-a6\/"},"modified":"2026-04-14T14:07:08","modified_gmt":"2026-04-14T14:07:08","slug":"glittertatoveringer","status":"publish","type":"product","link":"https:\/\/likeink.com\/da\/midlertidige-tatoveringer\/glittertatoveringer\/","title":{"rendered":"Glittertatoveringer &#8220;Party Time&#8221;"},"content":{"rendered":"","protected":false},"excerpt":{"rendered":"<p>Glittertatoveringer &#8220;Party Time&#8221; A6:<br \/>\nForvandl enhver fest til en magisk oplevelse med Like inks glitrende ponnytatoveringer! Disse midlertidige tatoveringer er sk\u00e5nsomme mod huden og nemme at p\u00e5f\u00f8re, hvilket g\u00f8r dem perfekte til b\u00f8rn. Hver tatovering forestiller charmerende ponyheste prydet med glitrende glitter, som garanteret vil oplyse festen og skabe masser af latter og smil.<\/p>\n<h2>K\u00f8b midlertidige glittertatoveringer til fester.<\/h2>\n<p>Perfekt til b\u00f8rnef\u00f8dselsdage eller som en sjov aktivitet, disse glittertatoveringer er et sikkert hit blandt de sm\u00e5.<\/p>\n<p><strong>Arkst\u00f8rrelse:<\/strong> A6<br \/>\n<strong>Antal Glittertatoveringer:<\/strong> 11<br \/>\n<strong>Tatoveringernes st\u00f8rrelse:<\/strong> 20-45mm<\/p>\n","protected":false},"featured_media":28004,"template":"","meta":[],"product_brand":[],"product_cat":[160,53],"product_tag":[],"class_list":{"0":"post-28252","1":"product","2":"type-product","3":"status-publish","4":"has-post-thumbnail","6":"product_cat-boerne-tatoveringer","7":"product_cat-faerdige-ark","9":"first","10":"instock","11":"taxable","12":"shipping-taxable","13":"purchasable","14":"product-type-simple"},"yoast_head":"<!-- This site is optimized with the Yoast SEO Premium plugin v26.2 (Yoast SEO v27.4) - https:\/\/yoast.com\/product\/yoast-seo-premium-wordpress\/ -->\n<title>Glittertatoveringer &quot;Party Time&quot; - Like ink<\/title>\n<meta name=\"description\" content=\"Glittertatoveringer til fester og festlighederGlitrende midlertidige tatoveringer i st\u00f8rrelser fra 20-45 mm. Hurtig levering og h\u00f8j kvalitet. - Like ink\" \/>\n<meta name=\"robots\" content=\"index, follow, max-snippet:-1, max-image-preview:large, max-video-preview:-1\" \/>\n<link rel=\"canonical\" href=\"https:\/\/likeink.com\/da\/midlertidige-tatoveringer\/glittertatoveringer\/\" \/>\n<meta property=\"og:locale\" content=\"da_DK\" \/>\n<meta property=\"og:type\" content=\"article\" \/>\n<meta property=\"og:title\" content=\"Glittertatoveringer &quot;Party Time&quot;\" \/>\n<meta property=\"og:description\" content=\"Glittertatoveringer &quot;Party Time&quot; A6: Forvandl enhver fest til en magisk oplevelse med Like inks glitrende ponnytatoveringer! Disse midlertidige tatoveringer er sk\u00e5nsomme mod huden og nemme at p\u00e5f\u00f8re, hvilket g\u00f8r dem perfekte til b\u00f8rn. Hver tatovering forestiller charmerende ponyheste prydet med glitrende glitter, som garanteret vil oplyse festen og skabe masser af latter og smil. K\u00f8b midlertidige glittertatoveringer til fester.  Perfekt til b\u00f8rnef\u00f8dselsdage eller som en sjov aktivitet, disse glittertatoveringer er et sikkert hit blandt de sm\u00e5.  Arkst\u00f8rrelse: A6 Antal Glittertatoveringer: 11 Tatoveringernes st\u00f8rrelse: 20-45mm\" \/>\n<meta property=\"og:url\" content=\"https:\/\/likeink.com\/da\/midlertidige-tatoveringer\/glittertatoveringer\/\" \/>\n<meta property=\"og:site_name\" content=\"Like ink\" \/>\n<meta property=\"article:publisher\" content=\"https:\/\/www.facebook.com\/LikeInkSe\" \/>\n<meta property=\"article:modified_time\" content=\"2026-04-14T14:07:08+00:00\" \/>\n<meta property=\"og:image\" content=\"https:\/\/likeink.com\/wp-content\/uploads\/2024\/05\/GlitterTattooHS-005.png\" \/>\n\t<meta property=\"og:image:width\" content=\"1475\" \/>\n\t<meta property=\"og:image:height\" content=\"1057\" \/>\n\t<meta property=\"og:image:type\" content=\"image\/png\" \/>\n<meta name=\"twitter:card\" content=\"summary_large_image\" \/>\n<meta name=\"twitter:label1\" content=\"Estimeret l\u00e6setid\" \/>\n\t<meta name=\"twitter:data1\" content=\"1 minut\" \/>\n<script type=\"application\/ld+json\" class=\"yoast-schema-graph\">{\"@context\":\"https:\\\/\\\/schema.org\",\"@graph\":[{\"@type\":\"WebPage\",\"@id\":\"https:\\\/\\\/likeink.com\\\/da\\\/midlertidige-tatoveringer\\\/glittertatoveringer\\\/\",\"url\":\"https:\\\/\\\/likeink.com\\\/da\\\/midlertidige-tatoveringer\\\/glittertatoveringer\\\/\",\"name\":\"Glittertatoveringer \\\"Party Time\\\" - Like ink\",\"isPartOf\":{\"@id\":\"https:\\\/\\\/likeink.com\\\/da\\\/#website\"},\"primaryImageOfPage\":{\"@id\":\"https:\\\/\\\/likeink.com\\\/da\\\/midlertidige-tatoveringer\\\/glittertatoveringer\\\/#primaryimage\"},\"image\":{\"@id\":\"https:\\\/\\\/likeink.com\\\/da\\\/midlertidige-tatoveringer\\\/glittertatoveringer\\\/#primaryimage\"},\"thumbnailUrl\":\"https:\\\/\\\/likeink.com\\\/wp-content\\\/uploads\\\/2024\\\/05\\\/GlitterTattooHS-005.png\",\"datePublished\":\"2024-06-02T09:55:12+00:00\",\"dateModified\":\"2026-04-14T14:07:08+00:00\",\"description\":\"Glittertatoveringer til fester og festlighederGlitrende midlertidige tatoveringer i st\u00f8rrelser fra 20-45 mm. Hurtig levering og h\u00f8j kvalitet. - Like ink\",\"breadcrumb\":{\"@id\":\"https:\\\/\\\/likeink.com\\\/da\\\/midlertidige-tatoveringer\\\/glittertatoveringer\\\/#breadcrumb\"},\"inLanguage\":\"da-DK\",\"potentialAction\":[{\"@type\":\"ReadAction\",\"target\":[\"https:\\\/\\\/likeink.com\\\/da\\\/midlertidige-tatoveringer\\\/glittertatoveringer\\\/\"]}]},{\"@type\":\"ImageObject\",\"inLanguage\":\"da-DK\",\"@id\":\"https:\\\/\\\/likeink.com\\\/da\\\/midlertidige-tatoveringer\\\/glittertatoveringer\\\/#primaryimage\",\"url\":\"https:\\\/\\\/likeink.com\\\/wp-content\\\/uploads\\\/2024\\\/05\\\/GlitterTattooHS-005.png\",\"contentUrl\":\"https:\\\/\\\/likeink.com\\\/wp-content\\\/uploads\\\/2024\\\/05\\\/GlitterTattooHS-005.png\",\"width\":1475,\"height\":1057,\"caption\":\"Glitter Tatoveringer.\"},{\"@type\":\"BreadcrumbList\",\"@id\":\"https:\\\/\\\/likeink.com\\\/da\\\/midlertidige-tatoveringer\\\/glittertatoveringer\\\/#breadcrumb\",\"itemListElement\":[{\"@type\":\"ListItem\",\"position\":1,\"name\":\"Hem\",\"item\":\"https:\\\/\\\/likeink.com\\\/da\\\/\"},{\"@type\":\"ListItem\",\"position\":2,\"name\":\"Shop\",\"item\":\"https:\\\/\\\/likeink.com\\\/da\\\/shop\\\/\"},{\"@type\":\"ListItem\",\"position\":3,\"name\":\"Glittertatoveringer &#8220;Party Time&#8221;\"}]},{\"@type\":\"WebSite\",\"@id\":\"https:\\\/\\\/likeink.com\\\/da\\\/#website\",\"url\":\"https:\\\/\\\/likeink.com\\\/da\\\/\",\"name\":\"Like ink\",\"description\":\"Make your own custom design\",\"potentialAction\":[{\"@type\":\"SearchAction\",\"target\":{\"@type\":\"EntryPoint\",\"urlTemplate\":\"https:\\\/\\\/likeink.com\\\/da\\\/?s={search_term_string}\"},\"query-input\":{\"@type\":\"PropertyValueSpecification\",\"valueRequired\":true,\"valueName\":\"search_term_string\"}}],\"inLanguage\":\"da-DK\"}]}<\/script>\n<!-- \/ Yoast SEO Premium plugin. -->","yoast_head_json":{"title":"Glittertatoveringer \"Party Time\" - Like ink","description":"Glittertatoveringer til fester og festlighederGlitrende midlertidige tatoveringer i st\u00f8rrelser fra 20-45 mm. Hurtig levering og h\u00f8j kvalitet. - Like ink","robots":{"index":"index","follow":"follow","max-snippet":"max-snippet:-1","max-image-preview":"max-image-preview:large","max-video-preview":"max-video-preview:-1"},"canonical":"https:\/\/likeink.com\/da\/midlertidige-tatoveringer\/glittertatoveringer\/","og_locale":"da_DK","og_type":"article","og_title":"Glittertatoveringer \"Party Time\"","og_description":"Glittertatoveringer \"Party Time\" A6: Forvandl enhver fest til en magisk oplevelse med Like inks glitrende ponnytatoveringer! Disse midlertidige tatoveringer er sk\u00e5nsomme mod huden og nemme at p\u00e5f\u00f8re, hvilket g\u00f8r dem perfekte til b\u00f8rn. Hver tatovering forestiller charmerende ponyheste prydet med glitrende glitter, som garanteret vil oplyse festen og skabe masser af latter og smil. K\u00f8b midlertidige glittertatoveringer til fester.  Perfekt til b\u00f8rnef\u00f8dselsdage eller som en sjov aktivitet, disse glittertatoveringer er et sikkert hit blandt de sm\u00e5.  Arkst\u00f8rrelse: A6 Antal Glittertatoveringer: 11 Tatoveringernes st\u00f8rrelse: 20-45mm","og_url":"https:\/\/likeink.com\/da\/midlertidige-tatoveringer\/glittertatoveringer\/","og_site_name":"Like ink","article_publisher":"https:\/\/www.facebook.com\/LikeInkSe","article_modified_time":"2026-04-14T14:07:08+00:00","og_image":[{"width":1475,"height":1057,"url":"https:\/\/likeink.com\/wp-content\/uploads\/2024\/05\/GlitterTattooHS-005.png","type":"image\/png"}],"twitter_card":"summary_large_image","twitter_misc":{"Estimeret l\u00e6setid":"1 minut"},"schema":{"@context":"https:\/\/schema.org","@graph":[{"@type":"WebPage","@id":"https:\/\/likeink.com\/da\/midlertidige-tatoveringer\/glittertatoveringer\/","url":"https:\/\/likeink.com\/da\/midlertidige-tatoveringer\/glittertatoveringer\/","name":"Glittertatoveringer \"Party Time\" - Like ink","isPartOf":{"@id":"https:\/\/likeink.com\/da\/#website"},"primaryImageOfPage":{"@id":"https:\/\/likeink.com\/da\/midlertidige-tatoveringer\/glittertatoveringer\/#primaryimage"},"image":{"@id":"https:\/\/likeink.com\/da\/midlertidige-tatoveringer\/glittertatoveringer\/#primaryimage"},"thumbnailUrl":"https:\/\/likeink.com\/wp-content\/uploads\/2024\/05\/GlitterTattooHS-005.png","datePublished":"2024-06-02T09:55:12+00:00","dateModified":"2026-04-14T14:07:08+00:00","description":"Glittertatoveringer til fester og festlighederGlitrende midlertidige tatoveringer i st\u00f8rrelser fra 20-45 mm. Hurtig levering og h\u00f8j kvalitet. - Like ink","breadcrumb":{"@id":"https:\/\/likeink.com\/da\/midlertidige-tatoveringer\/glittertatoveringer\/#breadcrumb"},"inLanguage":"da-DK","potentialAction":[{"@type":"ReadAction","target":["https:\/\/likeink.com\/da\/midlertidige-tatoveringer\/glittertatoveringer\/"]}]},{"@type":"ImageObject","inLanguage":"da-DK","@id":"https:\/\/likeink.com\/da\/midlertidige-tatoveringer\/glittertatoveringer\/#primaryimage","url":"https:\/\/likeink.com\/wp-content\/uploads\/2024\/05\/GlitterTattooHS-005.png","contentUrl":"https:\/\/likeink.com\/wp-content\/uploads\/2024\/05\/GlitterTattooHS-005.png","width":1475,"height":1057,"caption":"Glitter Tatoveringer."},{"@type":"BreadcrumbList","@id":"https:\/\/likeink.com\/da\/midlertidige-tatoveringer\/glittertatoveringer\/#breadcrumb","itemListElement":[{"@type":"ListItem","position":1,"name":"Hem","item":"https:\/\/likeink.com\/da\/"},{"@type":"ListItem","position":2,"name":"Shop","item":"https:\/\/likeink.com\/da\/shop\/"},{"@type":"ListItem","position":3,"name":"Glittertatoveringer &#8220;Party Time&#8221;"}]},{"@type":"WebSite","@id":"https:\/\/likeink.com\/da\/#website","url":"https:\/\/likeink.com\/da\/","name":"Like ink","description":"Make your own custom design","potentialAction":[{"@type":"SearchAction","target":{"@type":"EntryPoint","urlTemplate":"https:\/\/likeink.com\/da\/?s={search_term_string}"},"query-input":{"@type":"PropertyValueSpecification","valueRequired":true,"valueName":"search_term_string"}}],"inLanguage":"da-DK"}]}},"_links":{"self":[{"href":"https:\/\/likeink.com\/da\/wp-json\/wp\/v2\/product\/28252","targetHints":{"allow":["GET"]}}],"collection":[{"href":"https:\/\/likeink.com\/da\/wp-json\/wp\/v2\/product"}],"about":[{"href":"https:\/\/likeink.com\/da\/wp-json\/wp\/v2\/types\/product"}],"wp:featuredmedia":[{"embeddable":true,"href":"https:\/\/likeink.com\/da\/wp-json\/wp\/v2\/media\/28004"}],"wp:attachment":[{"href":"https:\/\/likeink.com\/da\/wp-json\/wp\/v2\/media?parent=28252"}],"wp:term":[{"taxonomy":"product_brand","embeddable":true,"href":"https:\/\/likeink.com\/da\/wp-json\/wp\/v2\/product_brand?post=28252"},{"taxonomy":"product_cat","embeddable":true,"href":"https:\/\/likeink.com\/da\/wp-json\/wp\/v2\/product_cat?post=28252"},{"taxonomy":"product_tag","embeddable":true,"href":"https:\/\/likeink.com\/da\/wp-json\/wp\/v2\/product_tag?post=28252"}],"curies":[{"name":"wp","href":"https:\/\/api.w.org\/{rel}","templated":true}]}}