{"id":28267,"date":"2024-06-02T10:40:09","date_gmt":"2024-06-02T10:40:09","guid":{"rendered":"https:\/\/likeink.se\/gnuggis\/glitter-tatuering-fjaril\/"},"modified":"2026-04-21T13:04:05","modified_gmt":"2026-04-21T13:04:05","slug":"glittertatovering-sommerfugl","status":"publish","type":"product","link":"https:\/\/likeink.com\/da\/midlertidige-tatoveringer\/glittertatovering-sommerfugl\/","title":{"rendered":"Glittertatovering Sommerfugl"},"content":{"rendered":"","protected":false},"excerpt":{"rendered":"<p>Glittertatovering Sommerfugl A6:<br \/>\nForvandl hver dag til en glitrende oplevelse med vores glittertatoveringer! Disse midlertidige tatoveringer er sk\u00e5nsomme mod huden og nemme at p\u00e5f\u00f8re, hvilket g\u00f8r dem perfekte til b\u00e5de b\u00f8rn og voksne. Hver tatovering prydes af smukke sommerfugle og elegante fugle med glitrende glitter, som giver en cool touch til enhver begivenhed.<\/p>\n<h2>K\u00f8b midlertidige glittertatoveringer med glitrende sommerfugle.<\/h2>\n<p>Perfekte til fester, festivaler eller bare som en sjov aktivitet derhjemme, disse glittertatoveringer er et sikkert hit, der spreder gl\u00e6de og glans.<\/p>\n<p><strong>Arkst\u00f8rrelse:<\/strong> A6<br \/>\n<strong>Antal glittertatoveringer:<\/strong> 6<br \/>\n<strong>Tatoveringernes st\u00f8rrelse:<\/strong> 30-120mm<\/p>\n","protected":false},"featured_media":27997,"template":"","meta":[],"product_brand":[],"product_cat":[527,519,53],"product_tag":[],"class_list":{"0":"post-28267","1":"product","2":"type-product","3":"status-publish","4":"has-post-thumbnail","6":"product_cat-boernefest","7":"product_cat-dyr-natur","8":"product_cat-faerdige-ark","10":"first","11":"outofstock","12":"taxable","13":"shipping-taxable","14":"purchasable","15":"product-type-simple"},"yoast_head":"<!-- This site is optimized with the Yoast SEO Premium plugin v26.2 (Yoast SEO v27.5) - https:\/\/yoast.com\/product\/yoast-seo-premium-wordpress\/ -->\n<title>Glittertatovering Sommerfugl - Like ink<\/title>\n<meta name=\"description\" content=\"Glittertatovering Sommerfugl og Fugle. Glitrende midlertidige tatoveringer med skinnende motiver. Holdbare glittertatoveringer. - Like ink\" \/>\n<meta name=\"robots\" content=\"index, follow, max-snippet:-1, max-image-preview:large, max-video-preview:-1\" \/>\n<link rel=\"canonical\" href=\"https:\/\/likeink.com\/da\/midlertidige-tatoveringer\/glittertatovering-sommerfugl\/\" \/>\n<meta property=\"og:locale\" content=\"da_DK\" \/>\n<meta property=\"og:type\" content=\"article\" \/>\n<meta property=\"og:title\" content=\"Glittertatovering Sommerfugl\" \/>\n<meta property=\"og:description\" content=\"Glittertatovering Sommerfugl A6: Forvandl hver dag til en glitrende oplevelse med vores glittertatoveringer! Disse midlertidige tatoveringer er sk\u00e5nsomme mod huden og nemme at p\u00e5f\u00f8re, hvilket g\u00f8r dem perfekte til b\u00e5de b\u00f8rn og voksne. Hver tatovering prydes af smukke sommerfugle og elegante fugle med glitrende glitter, som giver en cool touch til enhver begivenhed. K\u00f8b midlertidige glittertatoveringer med glitrende sommerfugle. Perfekte til fester, festivaler eller bare som en sjov aktivitet derhjemme, disse glittertatoveringer er et sikkert hit, der spreder gl\u00e6de og glans.  Arkst\u00f8rrelse: A6 Antal glittertatoveringer: 6 Tatoveringernes st\u00f8rrelse: 30-120mm\" \/>\n<meta property=\"og:url\" content=\"https:\/\/likeink.com\/da\/midlertidige-tatoveringer\/glittertatovering-sommerfugl\/\" \/>\n<meta property=\"og:site_name\" content=\"Like ink\" \/>\n<meta property=\"article:publisher\" content=\"https:\/\/www.facebook.com\/LikeInkSe\" \/>\n<meta property=\"article:modified_time\" content=\"2026-04-21T13:04:05+00:00\" \/>\n<meta property=\"og:image\" content=\"https:\/\/likeink.com\/wp-content\/uploads\/2024\/05\/Glitter-Tattoos-HS-015.png\" \/>\n\t<meta property=\"og:image:width\" content=\"1423\" \/>\n\t<meta property=\"og:image:height\" content=\"1070\" \/>\n\t<meta property=\"og:image:type\" content=\"image\/png\" \/>\n<meta name=\"twitter:card\" content=\"summary_large_image\" \/>\n<meta name=\"twitter:label1\" content=\"Estimeret l\u00e6setid\" \/>\n\t<meta name=\"twitter:data1\" content=\"1 minut\" \/>\n<!-- \/ Yoast SEO Premium plugin. -->","yoast_head_json":{"title":"Glittertatovering Sommerfugl - Like ink","description":"Glittertatovering Sommerfugl og Fugle. Glitrende midlertidige tatoveringer med skinnende motiver. Holdbare glittertatoveringer. - Like ink","robots":{"index":"index","follow":"follow","max-snippet":"max-snippet:-1","max-image-preview":"max-image-preview:large","max-video-preview":"max-video-preview:-1"},"canonical":"https:\/\/likeink.com\/da\/midlertidige-tatoveringer\/glittertatovering-sommerfugl\/","og_locale":"da_DK","og_type":"article","og_title":"Glittertatovering Sommerfugl","og_description":"Glittertatovering Sommerfugl A6: Forvandl hver dag til en glitrende oplevelse med vores glittertatoveringer! Disse midlertidige tatoveringer er sk\u00e5nsomme mod huden og nemme at p\u00e5f\u00f8re, hvilket g\u00f8r dem perfekte til b\u00e5de b\u00f8rn og voksne. Hver tatovering prydes af smukke sommerfugle og elegante fugle med glitrende glitter, som giver en cool touch til enhver begivenhed. K\u00f8b midlertidige glittertatoveringer med glitrende sommerfugle. Perfekte til fester, festivaler eller bare som en sjov aktivitet derhjemme, disse glittertatoveringer er et sikkert hit, der spreder gl\u00e6de og glans.  Arkst\u00f8rrelse: A6 Antal glittertatoveringer: 6 Tatoveringernes st\u00f8rrelse: 30-120mm","og_url":"https:\/\/likeink.com\/da\/midlertidige-tatoveringer\/glittertatovering-sommerfugl\/","og_site_name":"Like ink","article_publisher":"https:\/\/www.facebook.com\/LikeInkSe","article_modified_time":"2026-04-21T13:04:05+00:00","og_image":[{"width":1423,"height":1070,"url":"https:\/\/likeink.com\/wp-content\/uploads\/2024\/05\/Glitter-Tattoos-HS-015.png","type":"image\/png"}],"twitter_card":"summary_large_image","twitter_misc":{"Estimeret l\u00e6setid":"1 minut"},"schema":{"@context":"https:\/\/schema.org","@graph":[{"@type":"WebPage","@id":"https:\/\/likeink.com\/da\/midlertidige-tatoveringer\/glittertatovering-sommerfugl\/","url":"https:\/\/likeink.com\/da\/midlertidige-tatoveringer\/glittertatovering-sommerfugl\/","name":"Glittertatovering Sommerfugl - Like ink","isPartOf":{"@id":"https:\/\/likeink.com\/da\/#website"},"primaryImageOfPage":{"@id":"https:\/\/likeink.com\/da\/midlertidige-tatoveringer\/glittertatovering-sommerfugl\/#primaryimage"},"image":{"@id":"https:\/\/likeink.com\/da\/midlertidige-tatoveringer\/glittertatovering-sommerfugl\/#primaryimage"},"thumbnailUrl":"https:\/\/likeink.com\/wp-content\/uploads\/2024\/05\/Glitter-Tattoos-HS-015.png","datePublished":"2024-06-02T10:40:09+00:00","dateModified":"2026-04-21T13:04:05+00:00","description":"Glittertatovering Sommerfugl og Fugle. Glitrende midlertidige tatoveringer med skinnende motiver. Holdbare glittertatoveringer. - Like ink","breadcrumb":{"@id":"https:\/\/likeink.com\/da\/midlertidige-tatoveringer\/glittertatovering-sommerfugl\/#breadcrumb"},"inLanguage":"da-DK","potentialAction":[{"@type":"ReadAction","target":["https:\/\/likeink.com\/da\/midlertidige-tatoveringer\/glittertatovering-sommerfugl\/"]}]},{"@type":"ImageObject","inLanguage":"da-DK","@id":"https:\/\/likeink.com\/da\/midlertidige-tatoveringer\/glittertatovering-sommerfugl\/#primaryimage","url":"https:\/\/likeink.com\/wp-content\/uploads\/2024\/05\/Glitter-Tattoos-HS-015.png","contentUrl":"https:\/\/likeink.com\/wp-content\/uploads\/2024\/05\/Glitter-Tattoos-HS-015.png","width":1423,"height":1070,"caption":"Smukke midlertidige tatoveringer med glitter."},{"@type":"BreadcrumbList","@id":"https:\/\/likeink.com\/da\/midlertidige-tatoveringer\/glittertatovering-sommerfugl\/#breadcrumb","itemListElement":[{"@type":"ListItem","position":1,"name":"Hem","item":"https:\/\/likeink.com\/da\/"},{"@type":"ListItem","position":2,"name":"Shop","item":"https:\/\/likeink.com\/da\/shop\/"},{"@type":"ListItem","position":3,"name":"Glittertatovering Sommerfugl"}]},{"@type":"WebSite","@id":"https:\/\/likeink.com\/da\/#website","url":"https:\/\/likeink.com\/da\/","name":"Like ink","description":"Make your own custom design","potentialAction":[{"@type":"SearchAction","target":{"@type":"EntryPoint","urlTemplate":"https:\/\/likeink.com\/da\/?s={search_term_string}"},"query-input":{"@type":"PropertyValueSpecification","valueRequired":true,"valueName":"search_term_string"}}],"inLanguage":"da-DK"}]}},"_links":{"self":[{"href":"https:\/\/likeink.com\/da\/wp-json\/wp\/v2\/product\/28267","targetHints":{"allow":["GET"]}}],"collection":[{"href":"https:\/\/likeink.com\/da\/wp-json\/wp\/v2\/product"}],"about":[{"href":"https:\/\/likeink.com\/da\/wp-json\/wp\/v2\/types\/product"}],"wp:featuredmedia":[{"embeddable":true,"href":"https:\/\/likeink.com\/da\/wp-json\/wp\/v2\/media\/27997"}],"wp:attachment":[{"href":"https:\/\/likeink.com\/da\/wp-json\/wp\/v2\/media?parent=28267"}],"wp:term":[{"taxonomy":"product_brand","embeddable":true,"href":"https:\/\/likeink.com\/da\/wp-json\/wp\/v2\/product_brand?post=28267"},{"taxonomy":"product_cat","embeddable":true,"href":"https:\/\/likeink.com\/da\/wp-json\/wp\/v2\/product_cat?post=28267"},{"taxonomy":"product_tag","embeddable":true,"href":"https:\/\/likeink.com\/da\/wp-json\/wp\/v2\/product_tag?post=28267"}],"curies":[{"name":"wp","href":"https:\/\/api.w.org\/{rel}","templated":true}]}}