{"id":28520,"date":"2024-06-05T20:17:54","date_gmt":"2024-06-05T20:17:55","guid":{"rendered":"https:\/\/likeink.se\/?post_type=product&#038;p=28520"},"modified":"2026-03-16T15:44:38","modified_gmt":"2026-03-16T15:44:38","slug":"guld-soelv-tatoveringer-mandala","status":"publish","type":"product","link":"https:\/\/likeink.com\/da\/midlertidige-tatoveringer\/guld-soelv-tatoveringer-mandala\/","title":{"rendered":"Guld &#038; S\u00f8lv Tatoveringer Mandala"},"content":{"rendered":"","protected":false},"excerpt":{"rendered":"<p>Oplev Like Inks eksklusive midlertidige guld- og s\u00f8lvtatoveringer, ogs\u00e5 kendt som metallic-tatoveringer eller foil-tatoveringer. Disse h\u00f8jkvalitets tatoveringer giver en luksuri\u00f8s og skinnende finish, der med garanti tiltr\u00e6kker opm\u00e6rksomhed. Smukke motiver af sommerfugl, sl\u00f8jfe, mandala-m\u00f8nstre og armb\u00e5nd.<\/p>\n<h2>K\u00f8b kvalitets midlertidige mandala-tatoveringer i guld og s\u00f8lv.<\/h2>\n<p>Vores tatoveringer er allergivenlige og sikre for alle hudtyper. De er nemme at p\u00e5f\u00f8re med vand og holder i flere dage, hvilket g\u00f8r dem perfekte til fester, festivaler, stranddage eller som en elegant accessory til din hverdagsstil.<br \/>\nVores metallic-tatoveringer er af h\u00f8j kvalitet, allergivenlige, nemme at p\u00e5f\u00f8re og holder i flere dage.<\/p>\n<p>Giv din stil en glitrende opgradering med vores midlertidige guld- og s\u00f8lvtatoveringer!<\/p>\n<p><strong>Arkst\u00f8rrelse:<\/strong> A5<br \/>\n<strong>St\u00f8rste sl\u00f8jfetatovering:<\/strong> 7&#215;5 cm<\/p>\n","protected":false},"featured_media":28025,"template":"","meta":[],"product_brand":[],"product_cat":[53,171],"product_tag":[],"class_list":{"0":"post-28520","1":"product","2":"type-product","3":"status-publish","4":"has-post-thumbnail","6":"product_cat-faerdige-ark","7":"product_cat-oevrige-tatoveringer","9":"first","10":"instock","11":"taxable","12":"shipping-taxable","13":"purchasable","14":"product-type-simple"},"yoast_head":"<!-- This site is optimized with the Yoast SEO Premium plugin v26.2 (Yoast SEO v27.4) - https:\/\/yoast.com\/product\/yoast-seo-premium-wordpress\/ -->\n<title>Guld &amp; S\u00f8lv Tatoveringer Mandala - Like ink<\/title>\n<meta name=\"description\" content=\"Guld- og S\u00f8lvtatoveringer p\u00e5 ArkBestil guld-tatoveringer i h\u00f8j kvalitet. Her i form af mandala, fjer, sl\u00f8jfe og sommerfugl. - Like ink\" \/>\n<meta name=\"robots\" content=\"index, follow, max-snippet:-1, max-image-preview:large, max-video-preview:-1\" \/>\n<link rel=\"canonical\" href=\"https:\/\/likeink.com\/da\/midlertidige-tatoveringer\/guld-soelv-tatoveringer-mandala\/\" \/>\n<meta property=\"og:locale\" content=\"da_DK\" \/>\n<meta property=\"og:type\" content=\"article\" \/>\n<meta property=\"og:title\" content=\"Guld &amp; S\u00f8lv Tatoveringer Mandala\" \/>\n<meta property=\"og:description\" content=\"Oplev Like Inks eksklusive midlertidige guld- og s\u00f8lvtatoveringer, ogs\u00e5 kendt som metallic-tatoveringer eller foil-tatoveringer. Disse h\u00f8jkvalitets tatoveringer giver en luksuri\u00f8s og skinnende finish, der med garanti tiltr\u00e6kker opm\u00e6rksomhed. Smukke motiver af sommerfugl, sl\u00f8jfe, mandala-m\u00f8nstre og armb\u00e5nd.  K\u00f8b kvalitets midlertidige mandala-tatoveringer i guld og s\u00f8lv. Vores tatoveringer er allergivenlige og sikre for alle hudtyper. De er nemme at p\u00e5f\u00f8re med vand og holder i flere dage, hvilket g\u00f8r dem perfekte til fester, festivaler, stranddage eller som en elegant accessory til din hverdagsstil. Vores metallic-tatoveringer er af h\u00f8j kvalitet, allergivenlige, nemme at p\u00e5f\u00f8re og holder i flere dage.  Giv din stil en glitrende opgradering med vores midlertidige guld- og s\u00f8lvtatoveringer!  Arkst\u00f8rrelse: A5 St\u00f8rste sl\u00f8jfetatovering: 7x5 cm\" \/>\n<meta property=\"og:url\" content=\"https:\/\/likeink.com\/da\/midlertidige-tatoveringer\/guld-soelv-tatoveringer-mandala\/\" \/>\n<meta property=\"og:site_name\" content=\"Like ink\" \/>\n<meta property=\"article:publisher\" content=\"https:\/\/www.facebook.com\/LikeInkSe\" \/>\n<meta property=\"article:modified_time\" content=\"2026-03-16T15:44:38+00:00\" \/>\n<meta property=\"og:image\" content=\"https:\/\/likeink.com\/wp-content\/uploads\/2024\/05\/Guld-gnuggisar-YH-098.jpg\" \/>\n\t<meta property=\"og:image:width\" content=\"1198\" \/>\n\t<meta property=\"og:image:height\" content=\"852\" \/>\n\t<meta property=\"og:image:type\" content=\"image\/jpeg\" \/>\n<meta name=\"twitter:card\" content=\"summary_large_image\" \/>\n<meta name=\"twitter:label1\" content=\"Estimeret l\u00e6setid\" \/>\n\t<meta name=\"twitter:data1\" content=\"1 minut\" \/>\n<script type=\"application\/ld+json\" class=\"yoast-schema-graph\">{\"@context\":\"https:\\\/\\\/schema.org\",\"@graph\":[{\"@type\":\"WebPage\",\"@id\":\"https:\\\/\\\/likeink.com\\\/da\\\/midlertidige-tatoveringer\\\/guld-soelv-tatoveringer-mandala\\\/\",\"url\":\"https:\\\/\\\/likeink.com\\\/da\\\/midlertidige-tatoveringer\\\/guld-soelv-tatoveringer-mandala\\\/\",\"name\":\"Guld & S\u00f8lv Tatoveringer Mandala - Like ink\",\"isPartOf\":{\"@id\":\"https:\\\/\\\/likeink.com\\\/da\\\/#website\"},\"primaryImageOfPage\":{\"@id\":\"https:\\\/\\\/likeink.com\\\/da\\\/midlertidige-tatoveringer\\\/guld-soelv-tatoveringer-mandala\\\/#primaryimage\"},\"image\":{\"@id\":\"https:\\\/\\\/likeink.com\\\/da\\\/midlertidige-tatoveringer\\\/guld-soelv-tatoveringer-mandala\\\/#primaryimage\"},\"thumbnailUrl\":\"https:\\\/\\\/likeink.com\\\/wp-content\\\/uploads\\\/2024\\\/05\\\/Guld-gnuggisar-YH-098.jpg\",\"datePublished\":\"2024-06-05T20:17:55+00:00\",\"dateModified\":\"2026-03-16T15:44:38+00:00\",\"description\":\"Guld- og S\u00f8lvtatoveringer p\u00e5 ArkBestil guld-tatoveringer i h\u00f8j kvalitet. Her i form af mandala, fjer, sl\u00f8jfe og sommerfugl. - Like ink\",\"breadcrumb\":{\"@id\":\"https:\\\/\\\/likeink.com\\\/da\\\/midlertidige-tatoveringer\\\/guld-soelv-tatoveringer-mandala\\\/#breadcrumb\"},\"inLanguage\":\"da-DK\",\"potentialAction\":[{\"@type\":\"ReadAction\",\"target\":[\"https:\\\/\\\/likeink.com\\\/da\\\/midlertidige-tatoveringer\\\/guld-soelv-tatoveringer-mandala\\\/\"]}]},{\"@type\":\"ImageObject\",\"inLanguage\":\"da-DK\",\"@id\":\"https:\\\/\\\/likeink.com\\\/da\\\/midlertidige-tatoveringer\\\/guld-soelv-tatoveringer-mandala\\\/#primaryimage\",\"url\":\"https:\\\/\\\/likeink.com\\\/wp-content\\\/uploads\\\/2024\\\/05\\\/Guld-gnuggisar-YH-098.jpg\",\"contentUrl\":\"https:\\\/\\\/likeink.com\\\/wp-content\\\/uploads\\\/2024\\\/05\\\/Guld-gnuggisar-YH-098.jpg\",\"width\":1198,\"height\":852,\"caption\":\"Tatoveringer i guld og s\u00f8lv med smukke motiver.\"},{\"@type\":\"BreadcrumbList\",\"@id\":\"https:\\\/\\\/likeink.com\\\/da\\\/midlertidige-tatoveringer\\\/guld-soelv-tatoveringer-mandala\\\/#breadcrumb\",\"itemListElement\":[{\"@type\":\"ListItem\",\"position\":1,\"name\":\"Hem\",\"item\":\"https:\\\/\\\/likeink.com\\\/da\\\/\"},{\"@type\":\"ListItem\",\"position\":2,\"name\":\"Shop\",\"item\":\"https:\\\/\\\/likeink.com\\\/da\\\/shop\\\/\"},{\"@type\":\"ListItem\",\"position\":3,\"name\":\"Guld &#038; S\u00f8lv Tatoveringer Mandala\"}]},{\"@type\":\"WebSite\",\"@id\":\"https:\\\/\\\/likeink.com\\\/da\\\/#website\",\"url\":\"https:\\\/\\\/likeink.com\\\/da\\\/\",\"name\":\"Like ink\",\"description\":\"Make your own custom design\",\"potentialAction\":[{\"@type\":\"SearchAction\",\"target\":{\"@type\":\"EntryPoint\",\"urlTemplate\":\"https:\\\/\\\/likeink.com\\\/da\\\/?s={search_term_string}\"},\"query-input\":{\"@type\":\"PropertyValueSpecification\",\"valueRequired\":true,\"valueName\":\"search_term_string\"}}],\"inLanguage\":\"da-DK\"}]}<\/script>\n<!-- \/ Yoast SEO Premium plugin. -->","yoast_head_json":{"title":"Guld & S\u00f8lv Tatoveringer Mandala - Like ink","description":"Guld- og S\u00f8lvtatoveringer p\u00e5 ArkBestil guld-tatoveringer i h\u00f8j kvalitet. Her i form af mandala, fjer, sl\u00f8jfe og sommerfugl. - Like ink","robots":{"index":"index","follow":"follow","max-snippet":"max-snippet:-1","max-image-preview":"max-image-preview:large","max-video-preview":"max-video-preview:-1"},"canonical":"https:\/\/likeink.com\/da\/midlertidige-tatoveringer\/guld-soelv-tatoveringer-mandala\/","og_locale":"da_DK","og_type":"article","og_title":"Guld & S\u00f8lv Tatoveringer Mandala","og_description":"Oplev Like Inks eksklusive midlertidige guld- og s\u00f8lvtatoveringer, ogs\u00e5 kendt som metallic-tatoveringer eller foil-tatoveringer. Disse h\u00f8jkvalitets tatoveringer giver en luksuri\u00f8s og skinnende finish, der med garanti tiltr\u00e6kker opm\u00e6rksomhed. Smukke motiver af sommerfugl, sl\u00f8jfe, mandala-m\u00f8nstre og armb\u00e5nd.  K\u00f8b kvalitets midlertidige mandala-tatoveringer i guld og s\u00f8lv. Vores tatoveringer er allergivenlige og sikre for alle hudtyper. De er nemme at p\u00e5f\u00f8re med vand og holder i flere dage, hvilket g\u00f8r dem perfekte til fester, festivaler, stranddage eller som en elegant accessory til din hverdagsstil. Vores metallic-tatoveringer er af h\u00f8j kvalitet, allergivenlige, nemme at p\u00e5f\u00f8re og holder i flere dage.  Giv din stil en glitrende opgradering med vores midlertidige guld- og s\u00f8lvtatoveringer!  Arkst\u00f8rrelse: A5 St\u00f8rste sl\u00f8jfetatovering: 7x5 cm","og_url":"https:\/\/likeink.com\/da\/midlertidige-tatoveringer\/guld-soelv-tatoveringer-mandala\/","og_site_name":"Like ink","article_publisher":"https:\/\/www.facebook.com\/LikeInkSe","article_modified_time":"2026-03-16T15:44:38+00:00","og_image":[{"width":1198,"height":852,"url":"https:\/\/likeink.com\/wp-content\/uploads\/2024\/05\/Guld-gnuggisar-YH-098.jpg","type":"image\/jpeg"}],"twitter_card":"summary_large_image","twitter_misc":{"Estimeret l\u00e6setid":"1 minut"},"schema":{"@context":"https:\/\/schema.org","@graph":[{"@type":"WebPage","@id":"https:\/\/likeink.com\/da\/midlertidige-tatoveringer\/guld-soelv-tatoveringer-mandala\/","url":"https:\/\/likeink.com\/da\/midlertidige-tatoveringer\/guld-soelv-tatoveringer-mandala\/","name":"Guld & S\u00f8lv Tatoveringer Mandala - Like ink","isPartOf":{"@id":"https:\/\/likeink.com\/da\/#website"},"primaryImageOfPage":{"@id":"https:\/\/likeink.com\/da\/midlertidige-tatoveringer\/guld-soelv-tatoveringer-mandala\/#primaryimage"},"image":{"@id":"https:\/\/likeink.com\/da\/midlertidige-tatoveringer\/guld-soelv-tatoveringer-mandala\/#primaryimage"},"thumbnailUrl":"https:\/\/likeink.com\/wp-content\/uploads\/2024\/05\/Guld-gnuggisar-YH-098.jpg","datePublished":"2024-06-05T20:17:55+00:00","dateModified":"2026-03-16T15:44:38+00:00","description":"Guld- og S\u00f8lvtatoveringer p\u00e5 ArkBestil guld-tatoveringer i h\u00f8j kvalitet. Her i form af mandala, fjer, sl\u00f8jfe og sommerfugl. - Like ink","breadcrumb":{"@id":"https:\/\/likeink.com\/da\/midlertidige-tatoveringer\/guld-soelv-tatoveringer-mandala\/#breadcrumb"},"inLanguage":"da-DK","potentialAction":[{"@type":"ReadAction","target":["https:\/\/likeink.com\/da\/midlertidige-tatoveringer\/guld-soelv-tatoveringer-mandala\/"]}]},{"@type":"ImageObject","inLanguage":"da-DK","@id":"https:\/\/likeink.com\/da\/midlertidige-tatoveringer\/guld-soelv-tatoveringer-mandala\/#primaryimage","url":"https:\/\/likeink.com\/wp-content\/uploads\/2024\/05\/Guld-gnuggisar-YH-098.jpg","contentUrl":"https:\/\/likeink.com\/wp-content\/uploads\/2024\/05\/Guld-gnuggisar-YH-098.jpg","width":1198,"height":852,"caption":"Tatoveringer i guld og s\u00f8lv med smukke motiver."},{"@type":"BreadcrumbList","@id":"https:\/\/likeink.com\/da\/midlertidige-tatoveringer\/guld-soelv-tatoveringer-mandala\/#breadcrumb","itemListElement":[{"@type":"ListItem","position":1,"name":"Hem","item":"https:\/\/likeink.com\/da\/"},{"@type":"ListItem","position":2,"name":"Shop","item":"https:\/\/likeink.com\/da\/shop\/"},{"@type":"ListItem","position":3,"name":"Guld &#038; S\u00f8lv Tatoveringer Mandala"}]},{"@type":"WebSite","@id":"https:\/\/likeink.com\/da\/#website","url":"https:\/\/likeink.com\/da\/","name":"Like ink","description":"Make your own custom design","potentialAction":[{"@type":"SearchAction","target":{"@type":"EntryPoint","urlTemplate":"https:\/\/likeink.com\/da\/?s={search_term_string}"},"query-input":{"@type":"PropertyValueSpecification","valueRequired":true,"valueName":"search_term_string"}}],"inLanguage":"da-DK"}]}},"_links":{"self":[{"href":"https:\/\/likeink.com\/da\/wp-json\/wp\/v2\/product\/28520","targetHints":{"allow":["GET"]}}],"collection":[{"href":"https:\/\/likeink.com\/da\/wp-json\/wp\/v2\/product"}],"about":[{"href":"https:\/\/likeink.com\/da\/wp-json\/wp\/v2\/types\/product"}],"wp:featuredmedia":[{"embeddable":true,"href":"https:\/\/likeink.com\/da\/wp-json\/wp\/v2\/media\/28025"}],"wp:attachment":[{"href":"https:\/\/likeink.com\/da\/wp-json\/wp\/v2\/media?parent=28520"}],"wp:term":[{"taxonomy":"product_brand","embeddable":true,"href":"https:\/\/likeink.com\/da\/wp-json\/wp\/v2\/product_brand?post=28520"},{"taxonomy":"product_cat","embeddable":true,"href":"https:\/\/likeink.com\/da\/wp-json\/wp\/v2\/product_cat?post=28520"},{"taxonomy":"product_tag","embeddable":true,"href":"https:\/\/likeink.com\/da\/wp-json\/wp\/v2\/product_tag?post=28520"}],"curies":[{"name":"wp","href":"https:\/\/api.w.org\/{rel}","templated":true}]}}