{"id":28797,"date":"2024-06-08T12:37:20","date_gmt":"2024-06-08T12:37:20","guid":{"rendered":"https:\/\/likeink.se\/?post_type=product&#038;p=28797"},"modified":"2024-08-18T11:28:21","modified_gmt":"2024-08-18T11:28:21","slug":"guldfolie-midlertidige-tatoveringer","status":"publish","type":"product","link":"https:\/\/likeink.com\/da\/midlertidige-tatoveringer\/guldfolie-midlertidige-tatoveringer\/","title":{"rendered":"Guldfolie Midlertidige Tatoveringer A6"},"content":{"rendered":"","protected":false},"excerpt":{"rendered":"<p>Oplev Like Inks eksklusive Guldfolie Midlertidige Tatoveringer i sort, s\u00f8lv og guld, ogs\u00e5 kendt som midlertidige tatoveringer og metallic tattoos. Disse h\u00f8jkvalitets tatoveringer giver en luksuri\u00f8s og skinnende finish, der med garanti tiltr\u00e6kker opm\u00e6rksomhed. Smukke motiver af armb\u00e5nd, k\u00e6der, fjer, ananas og blad-tatoveringer.<\/p>\n<h2>K\u00f8b kvalitets Guldfolie Tatoveringer fra Like Ink.<\/h2>\n<p>Vores tatoveringer er allergivenlige og sikre for alle hudtyper. De er nemme at p\u00e5f\u00f8re med vand og holder i flere dage, hvilket g\u00f8r dem perfekte til fester, festivaler, stranddage eller som en sjov accessory til din hverdagsstil.<br \/>\nVores guld- og s\u00f8lvfolie-tatoveringer er af h\u00f8j kvalitet, allergivenlige, nemme at p\u00e5f\u00f8re og holder i flere dage.<\/p>\n<p>Giv din stil en glitrende opgradering med vores midlertidige metallic tattoos!<\/p>\n<p><strong>Arkst\u00f8rrelse:<\/strong> A6<br \/>\n<strong>St\u00f8rste sl\u00f8jfetatovering:<\/strong> 1-20 cm<\/p>\n","protected":false},"featured_media":28018,"template":"","meta":[],"product_brand":[],"product_cat":[53,171],"product_tag":[],"class_list":{"0":"post-28797","1":"product","2":"type-product","3":"status-publish","4":"has-post-thumbnail","6":"product_cat-faerdige-ark","7":"product_cat-oevrige-tatoveringer","9":"first","10":"instock","11":"taxable","12":"shipping-taxable","13":"purchasable","14":"product-type-simple"},"yoast_head":"<!-- This site is optimized with the Yoast SEO Premium plugin v26.2 (Yoast SEO v27.4) - https:\/\/yoast.com\/product\/yoast-seo-premium-wordpress\/ -->\n<title>Guldfolie Midlertidige Tatoveringer A6 - Like ink<\/title>\n<meta name=\"description\" content=\"Guldfolie Midlertidige Tatoveringer i guld, s\u00f8lv og sort p\u00e5 A6 ark. Bestil stilfulde tatoveringer i guld og s\u00f8lv i dag. - Like ink\" \/>\n<meta name=\"robots\" content=\"index, follow, max-snippet:-1, max-image-preview:large, max-video-preview:-1\" \/>\n<link rel=\"canonical\" href=\"https:\/\/likeink.com\/da\/midlertidige-tatoveringer\/guldfolie-midlertidige-tatoveringer\/\" \/>\n<meta property=\"og:locale\" content=\"da_DK\" \/>\n<meta property=\"og:type\" content=\"article\" \/>\n<meta property=\"og:title\" content=\"Guldfolie Midlertidige Tatoveringer A6\" \/>\n<meta property=\"og:description\" content=\"Oplev Like Inks eksklusive Guldfolie Midlertidige Tatoveringer i sort, s\u00f8lv og guld, ogs\u00e5 kendt som midlertidige tatoveringer og metallic tattoos. Disse h\u00f8jkvalitets tatoveringer giver en luksuri\u00f8s og skinnende finish, der med garanti tiltr\u00e6kker opm\u00e6rksomhed. Smukke motiver af armb\u00e5nd, k\u00e6der, fjer, ananas og blad-tatoveringer. K\u00f8b kvalitets Guldfolie Tatoveringer fra Like Ink. Vores tatoveringer er allergivenlige og sikre for alle hudtyper. De er nemme at p\u00e5f\u00f8re med vand og holder i flere dage, hvilket g\u00f8r dem perfekte til fester, festivaler, stranddage eller som en sjov accessory til din hverdagsstil. Vores guld- og s\u00f8lvfolie-tatoveringer er af h\u00f8j kvalitet, allergivenlige, nemme at p\u00e5f\u00f8re og holder i flere dage.  Giv din stil en glitrende opgradering med vores midlertidige metallic tattoos!  Arkst\u00f8rrelse: A6 St\u00f8rste sl\u00f8jfetatovering: 1-20 cm\" \/>\n<meta property=\"og:url\" content=\"https:\/\/likeink.com\/da\/midlertidige-tatoveringer\/guldfolie-midlertidige-tatoveringer\/\" \/>\n<meta property=\"og:site_name\" content=\"Like ink\" \/>\n<meta property=\"article:publisher\" content=\"https:\/\/www.facebook.com\/LikeInkSe\" \/>\n<meta property=\"article:modified_time\" content=\"2024-08-18T11:28:21+00:00\" \/>\n<meta property=\"og:image\" content=\"https:\/\/likeink.com\/wp-content\/uploads\/2024\/05\/GoldTattoo-MT-008.jpg\" \/>\n\t<meta property=\"og:image:width\" content=\"726\" \/>\n\t<meta property=\"og:image:height\" content=\"353\" \/>\n\t<meta property=\"og:image:type\" content=\"image\/jpeg\" \/>\n<meta name=\"twitter:card\" content=\"summary_large_image\" \/>\n<meta name=\"twitter:label1\" content=\"Estimeret l\u00e6setid\" \/>\n\t<meta name=\"twitter:data1\" content=\"1 minut\" \/>\n<script type=\"application\/ld+json\" class=\"yoast-schema-graph\">{\"@context\":\"https:\\\/\\\/schema.org\",\"@graph\":[{\"@type\":\"WebPage\",\"@id\":\"https:\\\/\\\/likeink.com\\\/da\\\/midlertidige-tatoveringer\\\/guldfolie-midlertidige-tatoveringer\\\/\",\"url\":\"https:\\\/\\\/likeink.com\\\/da\\\/midlertidige-tatoveringer\\\/guldfolie-midlertidige-tatoveringer\\\/\",\"name\":\"Guldfolie Midlertidige Tatoveringer A6 - Like ink\",\"isPartOf\":{\"@id\":\"https:\\\/\\\/likeink.com\\\/da\\\/#website\"},\"primaryImageOfPage\":{\"@id\":\"https:\\\/\\\/likeink.com\\\/da\\\/midlertidige-tatoveringer\\\/guldfolie-midlertidige-tatoveringer\\\/#primaryimage\"},\"image\":{\"@id\":\"https:\\\/\\\/likeink.com\\\/da\\\/midlertidige-tatoveringer\\\/guldfolie-midlertidige-tatoveringer\\\/#primaryimage\"},\"thumbnailUrl\":\"https:\\\/\\\/likeink.com\\\/wp-content\\\/uploads\\\/2024\\\/05\\\/GoldTattoo-MT-008.jpg\",\"datePublished\":\"2024-06-08T12:37:20+00:00\",\"dateModified\":\"2024-08-18T11:28:21+00:00\",\"description\":\"Guldfolie Midlertidige Tatoveringer i guld, s\u00f8lv og sort p\u00e5 A6 ark. Bestil stilfulde tatoveringer i guld og s\u00f8lv i dag. - Like ink\",\"breadcrumb\":{\"@id\":\"https:\\\/\\\/likeink.com\\\/da\\\/midlertidige-tatoveringer\\\/guldfolie-midlertidige-tatoveringer\\\/#breadcrumb\"},\"inLanguage\":\"da-DK\",\"potentialAction\":[{\"@type\":\"ReadAction\",\"target\":[\"https:\\\/\\\/likeink.com\\\/da\\\/midlertidige-tatoveringer\\\/guldfolie-midlertidige-tatoveringer\\\/\"]}]},{\"@type\":\"ImageObject\",\"inLanguage\":\"da-DK\",\"@id\":\"https:\\\/\\\/likeink.com\\\/da\\\/midlertidige-tatoveringer\\\/guldfolie-midlertidige-tatoveringer\\\/#primaryimage\",\"url\":\"https:\\\/\\\/likeink.com\\\/wp-content\\\/uploads\\\/2024\\\/05\\\/GoldTattoo-MT-008.jpg\",\"contentUrl\":\"https:\\\/\\\/likeink.com\\\/wp-content\\\/uploads\\\/2024\\\/05\\\/GoldTattoo-MT-008.jpg\",\"width\":726,\"height\":353,\"caption\":\"Falske tatoveringer i guld og s\u00f8lv farve.\"},{\"@type\":\"BreadcrumbList\",\"@id\":\"https:\\\/\\\/likeink.com\\\/da\\\/midlertidige-tatoveringer\\\/guldfolie-midlertidige-tatoveringer\\\/#breadcrumb\",\"itemListElement\":[{\"@type\":\"ListItem\",\"position\":1,\"name\":\"Hem\",\"item\":\"https:\\\/\\\/likeink.com\\\/da\\\/\"},{\"@type\":\"ListItem\",\"position\":2,\"name\":\"Shop\",\"item\":\"https:\\\/\\\/likeink.com\\\/da\\\/shop\\\/\"},{\"@type\":\"ListItem\",\"position\":3,\"name\":\"Guldfolie Midlertidige Tatoveringer A6\"}]},{\"@type\":\"WebSite\",\"@id\":\"https:\\\/\\\/likeink.com\\\/da\\\/#website\",\"url\":\"https:\\\/\\\/likeink.com\\\/da\\\/\",\"name\":\"Like ink\",\"description\":\"Make your own custom design\",\"potentialAction\":[{\"@type\":\"SearchAction\",\"target\":{\"@type\":\"EntryPoint\",\"urlTemplate\":\"https:\\\/\\\/likeink.com\\\/da\\\/?s={search_term_string}\"},\"query-input\":{\"@type\":\"PropertyValueSpecification\",\"valueRequired\":true,\"valueName\":\"search_term_string\"}}],\"inLanguage\":\"da-DK\"}]}<\/script>\n<!-- \/ Yoast SEO Premium plugin. -->","yoast_head_json":{"title":"Guldfolie Midlertidige Tatoveringer A6 - Like ink","description":"Guldfolie Midlertidige Tatoveringer i guld, s\u00f8lv og sort p\u00e5 A6 ark. Bestil stilfulde tatoveringer i guld og s\u00f8lv i dag. - Like ink","robots":{"index":"index","follow":"follow","max-snippet":"max-snippet:-1","max-image-preview":"max-image-preview:large","max-video-preview":"max-video-preview:-1"},"canonical":"https:\/\/likeink.com\/da\/midlertidige-tatoveringer\/guldfolie-midlertidige-tatoveringer\/","og_locale":"da_DK","og_type":"article","og_title":"Guldfolie Midlertidige Tatoveringer A6","og_description":"Oplev Like Inks eksklusive Guldfolie Midlertidige Tatoveringer i sort, s\u00f8lv og guld, ogs\u00e5 kendt som midlertidige tatoveringer og metallic tattoos. Disse h\u00f8jkvalitets tatoveringer giver en luksuri\u00f8s og skinnende finish, der med garanti tiltr\u00e6kker opm\u00e6rksomhed. Smukke motiver af armb\u00e5nd, k\u00e6der, fjer, ananas og blad-tatoveringer. K\u00f8b kvalitets Guldfolie Tatoveringer fra Like Ink. Vores tatoveringer er allergivenlige og sikre for alle hudtyper. De er nemme at p\u00e5f\u00f8re med vand og holder i flere dage, hvilket g\u00f8r dem perfekte til fester, festivaler, stranddage eller som en sjov accessory til din hverdagsstil. Vores guld- og s\u00f8lvfolie-tatoveringer er af h\u00f8j kvalitet, allergivenlige, nemme at p\u00e5f\u00f8re og holder i flere dage.  Giv din stil en glitrende opgradering med vores midlertidige metallic tattoos!  Arkst\u00f8rrelse: A6 St\u00f8rste sl\u00f8jfetatovering: 1-20 cm","og_url":"https:\/\/likeink.com\/da\/midlertidige-tatoveringer\/guldfolie-midlertidige-tatoveringer\/","og_site_name":"Like ink","article_publisher":"https:\/\/www.facebook.com\/LikeInkSe","article_modified_time":"2024-08-18T11:28:21+00:00","og_image":[{"width":726,"height":353,"url":"https:\/\/likeink.com\/wp-content\/uploads\/2024\/05\/GoldTattoo-MT-008.jpg","type":"image\/jpeg"}],"twitter_card":"summary_large_image","twitter_misc":{"Estimeret l\u00e6setid":"1 minut"},"schema":{"@context":"https:\/\/schema.org","@graph":[{"@type":"WebPage","@id":"https:\/\/likeink.com\/da\/midlertidige-tatoveringer\/guldfolie-midlertidige-tatoveringer\/","url":"https:\/\/likeink.com\/da\/midlertidige-tatoveringer\/guldfolie-midlertidige-tatoveringer\/","name":"Guldfolie Midlertidige Tatoveringer A6 - Like ink","isPartOf":{"@id":"https:\/\/likeink.com\/da\/#website"},"primaryImageOfPage":{"@id":"https:\/\/likeink.com\/da\/midlertidige-tatoveringer\/guldfolie-midlertidige-tatoveringer\/#primaryimage"},"image":{"@id":"https:\/\/likeink.com\/da\/midlertidige-tatoveringer\/guldfolie-midlertidige-tatoveringer\/#primaryimage"},"thumbnailUrl":"https:\/\/likeink.com\/wp-content\/uploads\/2024\/05\/GoldTattoo-MT-008.jpg","datePublished":"2024-06-08T12:37:20+00:00","dateModified":"2024-08-18T11:28:21+00:00","description":"Guldfolie Midlertidige Tatoveringer i guld, s\u00f8lv og sort p\u00e5 A6 ark. Bestil stilfulde tatoveringer i guld og s\u00f8lv i dag. - Like ink","breadcrumb":{"@id":"https:\/\/likeink.com\/da\/midlertidige-tatoveringer\/guldfolie-midlertidige-tatoveringer\/#breadcrumb"},"inLanguage":"da-DK","potentialAction":[{"@type":"ReadAction","target":["https:\/\/likeink.com\/da\/midlertidige-tatoveringer\/guldfolie-midlertidige-tatoveringer\/"]}]},{"@type":"ImageObject","inLanguage":"da-DK","@id":"https:\/\/likeink.com\/da\/midlertidige-tatoveringer\/guldfolie-midlertidige-tatoveringer\/#primaryimage","url":"https:\/\/likeink.com\/wp-content\/uploads\/2024\/05\/GoldTattoo-MT-008.jpg","contentUrl":"https:\/\/likeink.com\/wp-content\/uploads\/2024\/05\/GoldTattoo-MT-008.jpg","width":726,"height":353,"caption":"Falske tatoveringer i guld og s\u00f8lv farve."},{"@type":"BreadcrumbList","@id":"https:\/\/likeink.com\/da\/midlertidige-tatoveringer\/guldfolie-midlertidige-tatoveringer\/#breadcrumb","itemListElement":[{"@type":"ListItem","position":1,"name":"Hem","item":"https:\/\/likeink.com\/da\/"},{"@type":"ListItem","position":2,"name":"Shop","item":"https:\/\/likeink.com\/da\/shop\/"},{"@type":"ListItem","position":3,"name":"Guldfolie Midlertidige Tatoveringer A6"}]},{"@type":"WebSite","@id":"https:\/\/likeink.com\/da\/#website","url":"https:\/\/likeink.com\/da\/","name":"Like ink","description":"Make your own custom design","potentialAction":[{"@type":"SearchAction","target":{"@type":"EntryPoint","urlTemplate":"https:\/\/likeink.com\/da\/?s={search_term_string}"},"query-input":{"@type":"PropertyValueSpecification","valueRequired":true,"valueName":"search_term_string"}}],"inLanguage":"da-DK"}]}},"_links":{"self":[{"href":"https:\/\/likeink.com\/da\/wp-json\/wp\/v2\/product\/28797","targetHints":{"allow":["GET"]}}],"collection":[{"href":"https:\/\/likeink.com\/da\/wp-json\/wp\/v2\/product"}],"about":[{"href":"https:\/\/likeink.com\/da\/wp-json\/wp\/v2\/types\/product"}],"wp:featuredmedia":[{"embeddable":true,"href":"https:\/\/likeink.com\/da\/wp-json\/wp\/v2\/media\/28018"}],"wp:attachment":[{"href":"https:\/\/likeink.com\/da\/wp-json\/wp\/v2\/media?parent=28797"}],"wp:term":[{"taxonomy":"product_brand","embeddable":true,"href":"https:\/\/likeink.com\/da\/wp-json\/wp\/v2\/product_brand?post=28797"},{"taxonomy":"product_cat","embeddable":true,"href":"https:\/\/likeink.com\/da\/wp-json\/wp\/v2\/product_cat?post=28797"},{"taxonomy":"product_tag","embeddable":true,"href":"https:\/\/likeink.com\/da\/wp-json\/wp\/v2\/product_tag?post=28797"}],"curies":[{"name":"wp","href":"https:\/\/api.w.org\/{rel}","templated":true}]}}