{"id":32548,"date":"2024-09-26T09:14:39","date_gmt":"2024-09-26T09:14:40","guid":{"rendered":"https:\/\/likeink.se\/?post_type=product&#038;p=32548"},"modified":"2026-03-16T15:44:54","modified_gmt":"2026-03-16T15:44:54","slug":"deep-cracks-tatoveringer-a5","status":"publish","type":"product","link":"https:\/\/likeink.com\/da\/midlertidige-tatoveringer\/deep-cracks-tatoveringer-a5\/","title":{"rendered":"Deep Cracks tatoveringer"},"content":{"rendered":"","protected":false},"excerpt":{"rendered":"<p>Midlertidige tatoveringer med revner til krop og ansigt. Disse falske tatoveringer giver en uhyggelig effekt til en r\u00e6kke kostumer og arrangementer.<br \/>\nArkene indeholder 6 forskellige realistiske revner og er perfekte som supplement til et uhyggeligt Halloween-kostume. Lavet af materialer og bl\u00e6k af h\u00f8j kvalitet og uden giftstoffer, s\u00e5 tatoveringerne er sikre og nemme at p\u00e5f\u00f8re.<\/p>\n<h2>K\u00f8b midlertidige tatoveringer med skr\u00e6mmende revner til ansigtet eller andre kropsdele<\/h2>\n<p>Vores tatoveringer er allergivenlige og sikre for alle hudtyper. De er nemme at p\u00e5f\u00f8re med vand og holder i flere dage, hvilket g\u00f8r dem perfekte til fester, festivaler og kostumebegivenheder.<br \/>\n<strong>Arkst\u00f8rrelse:<\/strong> A5<br \/>\n<strong>Tatoveringsst\u00f8rrelser:<\/strong> Mindste ca. 4 cm og st\u00f8rste ca. 8 cm.<\/p>\n","protected":false},"featured_media":32493,"template":"","meta":[],"product_brand":[],"product_cat":[53,158],"product_tag":[],"class_list":{"0":"post-32548","1":"product","2":"type-product","3":"status-publish","4":"has-post-thumbnail","6":"product_cat-faerdige-ark","7":"product_cat-halloween-tatoveringer","9":"first","10":"instock","11":"taxable","12":"shipping-taxable","13":"purchasable","14":"product-type-simple"},"yoast_head":"<!-- This site is optimized with the Yoast SEO Premium plugin v26.2 (Yoast SEO v27.4) - https:\/\/yoast.com\/product\/yoast-seo-premium-wordpress\/ -->\n<title>Deep Cracks tatoveringer - Like ink<\/title>\n<meta name=\"description\" content=\"Deep Cracks tatoveringer. Midlertidige tatoveringer til kostumefester og Halloween-udkl\u00e6dning. - God kvalitet og hurtig levering.\" \/>\n<meta name=\"robots\" content=\"index, follow, max-snippet:-1, max-image-preview:large, max-video-preview:-1\" \/>\n<link rel=\"canonical\" href=\"https:\/\/likeink.com\/da\/midlertidige-tatoveringer\/deep-cracks-tatoveringer-a5\/\" \/>\n<meta property=\"og:locale\" content=\"da_DK\" \/>\n<meta property=\"og:type\" content=\"article\" \/>\n<meta property=\"og:title\" content=\"Deep Cracks tatoveringer\" \/>\n<meta property=\"og:description\" content=\"Midlertidige tatoveringer med revner til krop og ansigt. Disse falske tatoveringer giver en uhyggelig effekt til en r\u00e6kke kostumer og arrangementer. Arkene indeholder 6 forskellige realistiske revner og er perfekte som supplement til et uhyggeligt Halloween-kostume. Lavet af materialer og bl\u00e6k af h\u00f8j kvalitet og uden giftstoffer, s\u00e5 tatoveringerne er sikre og nemme at p\u00e5f\u00f8re. K\u00f8b midlertidige tatoveringer med skr\u00e6mmende revner til ansigtet eller andre kropsdele Vores tatoveringer er allergivenlige og sikre for alle hudtyper. De er nemme at p\u00e5f\u00f8re med vand og holder i flere dage, hvilket g\u00f8r dem perfekte til fester, festivaler og kostumebegivenheder. Arkst\u00f8rrelse: A5 Tatoveringsst\u00f8rrelser: Mindste ca. 4 cm og st\u00f8rste ca. 8 cm.\" \/>\n<meta property=\"og:url\" content=\"https:\/\/likeink.com\/da\/midlertidige-tatoveringer\/deep-cracks-tatoveringer-a5\/\" \/>\n<meta property=\"og:site_name\" content=\"Like ink\" \/>\n<meta property=\"article:publisher\" content=\"https:\/\/www.facebook.com\/LikeInkSe\" \/>\n<meta property=\"article:modified_time\" content=\"2026-03-16T15:44:54+00:00\" \/>\n<meta property=\"og:image\" content=\"https:\/\/likeink.com\/wp-content\/uploads\/2024\/09\/1000_Deep-cracks_web.png\" \/>\n\t<meta property=\"og:image:width\" content=\"1400\" \/>\n\t<meta property=\"og:image:height\" content=\"987\" \/>\n\t<meta property=\"og:image:type\" content=\"image\/png\" \/>\n<meta name=\"twitter:card\" content=\"summary_large_image\" \/>\n<meta name=\"twitter:label1\" content=\"Estimeret l\u00e6setid\" \/>\n\t<meta name=\"twitter:data1\" content=\"1 minut\" \/>\n<script type=\"application\/ld+json\" class=\"yoast-schema-graph\">{\"@context\":\"https:\\\/\\\/schema.org\",\"@graph\":[{\"@type\":\"WebPage\",\"@id\":\"https:\\\/\\\/likeink.com\\\/da\\\/midlertidige-tatoveringer\\\/deep-cracks-tatoveringer-a5\\\/\",\"url\":\"https:\\\/\\\/likeink.com\\\/da\\\/midlertidige-tatoveringer\\\/deep-cracks-tatoveringer-a5\\\/\",\"name\":\"Deep Cracks tatoveringer - Like ink\",\"isPartOf\":{\"@id\":\"https:\\\/\\\/likeink.com\\\/da\\\/#website\"},\"primaryImageOfPage\":{\"@id\":\"https:\\\/\\\/likeink.com\\\/da\\\/midlertidige-tatoveringer\\\/deep-cracks-tatoveringer-a5\\\/#primaryimage\"},\"image\":{\"@id\":\"https:\\\/\\\/likeink.com\\\/da\\\/midlertidige-tatoveringer\\\/deep-cracks-tatoveringer-a5\\\/#primaryimage\"},\"thumbnailUrl\":\"https:\\\/\\\/likeink.com\\\/wp-content\\\/uploads\\\/2024\\\/09\\\/1000_Deep-cracks_web.png\",\"datePublished\":\"2024-09-26T09:14:40+00:00\",\"dateModified\":\"2026-03-16T15:44:54+00:00\",\"description\":\"Deep Cracks tatoveringer. Midlertidige tatoveringer til kostumefester og Halloween-udkl\u00e6dning. - God kvalitet og hurtig levering.\",\"breadcrumb\":{\"@id\":\"https:\\\/\\\/likeink.com\\\/da\\\/midlertidige-tatoveringer\\\/deep-cracks-tatoveringer-a5\\\/#breadcrumb\"},\"inLanguage\":\"da-DK\",\"potentialAction\":[{\"@type\":\"ReadAction\",\"target\":[\"https:\\\/\\\/likeink.com\\\/da\\\/midlertidige-tatoveringer\\\/deep-cracks-tatoveringer-a5\\\/\"]}]},{\"@type\":\"ImageObject\",\"inLanguage\":\"da-DK\",\"@id\":\"https:\\\/\\\/likeink.com\\\/da\\\/midlertidige-tatoveringer\\\/deep-cracks-tatoveringer-a5\\\/#primaryimage\",\"url\":\"https:\\\/\\\/likeink.com\\\/wp-content\\\/uploads\\\/2024\\\/09\\\/1000_Deep-cracks_web.png\",\"contentUrl\":\"https:\\\/\\\/likeink.com\\\/wp-content\\\/uploads\\\/2024\\\/09\\\/1000_Deep-cracks_web.png\",\"width\":1400,\"height\":987,\"caption\":\"Midlertidige tatoveringer med forskellige m\u00f8nstre af knust glas, inklusive takkede, smadrede og spr\u00e6kkede designs.\"},{\"@type\":\"BreadcrumbList\",\"@id\":\"https:\\\/\\\/likeink.com\\\/da\\\/midlertidige-tatoveringer\\\/deep-cracks-tatoveringer-a5\\\/#breadcrumb\",\"itemListElement\":[{\"@type\":\"ListItem\",\"position\":1,\"name\":\"Hem\",\"item\":\"https:\\\/\\\/likeink.com\\\/da\\\/\"},{\"@type\":\"ListItem\",\"position\":2,\"name\":\"Shop\",\"item\":\"https:\\\/\\\/likeink.com\\\/da\\\/shop\\\/\"},{\"@type\":\"ListItem\",\"position\":3,\"name\":\"Deep Cracks tatoveringer\"}]},{\"@type\":\"WebSite\",\"@id\":\"https:\\\/\\\/likeink.com\\\/da\\\/#website\",\"url\":\"https:\\\/\\\/likeink.com\\\/da\\\/\",\"name\":\"Like ink\",\"description\":\"Make your own custom design\",\"potentialAction\":[{\"@type\":\"SearchAction\",\"target\":{\"@type\":\"EntryPoint\",\"urlTemplate\":\"https:\\\/\\\/likeink.com\\\/da\\\/?s={search_term_string}\"},\"query-input\":{\"@type\":\"PropertyValueSpecification\",\"valueRequired\":true,\"valueName\":\"search_term_string\"}}],\"inLanguage\":\"da-DK\"}]}<\/script>\n<!-- \/ Yoast SEO Premium plugin. -->","yoast_head_json":{"title":"Deep Cracks tatoveringer - Like ink","description":"Deep Cracks tatoveringer. Midlertidige tatoveringer til kostumefester og Halloween-udkl\u00e6dning. - God kvalitet og hurtig levering.","robots":{"index":"index","follow":"follow","max-snippet":"max-snippet:-1","max-image-preview":"max-image-preview:large","max-video-preview":"max-video-preview:-1"},"canonical":"https:\/\/likeink.com\/da\/midlertidige-tatoveringer\/deep-cracks-tatoveringer-a5\/","og_locale":"da_DK","og_type":"article","og_title":"Deep Cracks tatoveringer","og_description":"Midlertidige tatoveringer med revner til krop og ansigt. Disse falske tatoveringer giver en uhyggelig effekt til en r\u00e6kke kostumer og arrangementer. Arkene indeholder 6 forskellige realistiske revner og er perfekte som supplement til et uhyggeligt Halloween-kostume. Lavet af materialer og bl\u00e6k af h\u00f8j kvalitet og uden giftstoffer, s\u00e5 tatoveringerne er sikre og nemme at p\u00e5f\u00f8re. K\u00f8b midlertidige tatoveringer med skr\u00e6mmende revner til ansigtet eller andre kropsdele Vores tatoveringer er allergivenlige og sikre for alle hudtyper. De er nemme at p\u00e5f\u00f8re med vand og holder i flere dage, hvilket g\u00f8r dem perfekte til fester, festivaler og kostumebegivenheder. Arkst\u00f8rrelse: A5 Tatoveringsst\u00f8rrelser: Mindste ca. 4 cm og st\u00f8rste ca. 8 cm.","og_url":"https:\/\/likeink.com\/da\/midlertidige-tatoveringer\/deep-cracks-tatoveringer-a5\/","og_site_name":"Like ink","article_publisher":"https:\/\/www.facebook.com\/LikeInkSe","article_modified_time":"2026-03-16T15:44:54+00:00","og_image":[{"width":1400,"height":987,"url":"https:\/\/likeink.com\/wp-content\/uploads\/2024\/09\/1000_Deep-cracks_web.png","type":"image\/png"}],"twitter_card":"summary_large_image","twitter_misc":{"Estimeret l\u00e6setid":"1 minut"},"schema":{"@context":"https:\/\/schema.org","@graph":[{"@type":"WebPage","@id":"https:\/\/likeink.com\/da\/midlertidige-tatoveringer\/deep-cracks-tatoveringer-a5\/","url":"https:\/\/likeink.com\/da\/midlertidige-tatoveringer\/deep-cracks-tatoveringer-a5\/","name":"Deep Cracks tatoveringer - Like ink","isPartOf":{"@id":"https:\/\/likeink.com\/da\/#website"},"primaryImageOfPage":{"@id":"https:\/\/likeink.com\/da\/midlertidige-tatoveringer\/deep-cracks-tatoveringer-a5\/#primaryimage"},"image":{"@id":"https:\/\/likeink.com\/da\/midlertidige-tatoveringer\/deep-cracks-tatoveringer-a5\/#primaryimage"},"thumbnailUrl":"https:\/\/likeink.com\/wp-content\/uploads\/2024\/09\/1000_Deep-cracks_web.png","datePublished":"2024-09-26T09:14:40+00:00","dateModified":"2026-03-16T15:44:54+00:00","description":"Deep Cracks tatoveringer. Midlertidige tatoveringer til kostumefester og Halloween-udkl\u00e6dning. - God kvalitet og hurtig levering.","breadcrumb":{"@id":"https:\/\/likeink.com\/da\/midlertidige-tatoveringer\/deep-cracks-tatoveringer-a5\/#breadcrumb"},"inLanguage":"da-DK","potentialAction":[{"@type":"ReadAction","target":["https:\/\/likeink.com\/da\/midlertidige-tatoveringer\/deep-cracks-tatoveringer-a5\/"]}]},{"@type":"ImageObject","inLanguage":"da-DK","@id":"https:\/\/likeink.com\/da\/midlertidige-tatoveringer\/deep-cracks-tatoveringer-a5\/#primaryimage","url":"https:\/\/likeink.com\/wp-content\/uploads\/2024\/09\/1000_Deep-cracks_web.png","contentUrl":"https:\/\/likeink.com\/wp-content\/uploads\/2024\/09\/1000_Deep-cracks_web.png","width":1400,"height":987,"caption":"Midlertidige tatoveringer med forskellige m\u00f8nstre af knust glas, inklusive takkede, smadrede og spr\u00e6kkede designs."},{"@type":"BreadcrumbList","@id":"https:\/\/likeink.com\/da\/midlertidige-tatoveringer\/deep-cracks-tatoveringer-a5\/#breadcrumb","itemListElement":[{"@type":"ListItem","position":1,"name":"Hem","item":"https:\/\/likeink.com\/da\/"},{"@type":"ListItem","position":2,"name":"Shop","item":"https:\/\/likeink.com\/da\/shop\/"},{"@type":"ListItem","position":3,"name":"Deep Cracks tatoveringer"}]},{"@type":"WebSite","@id":"https:\/\/likeink.com\/da\/#website","url":"https:\/\/likeink.com\/da\/","name":"Like ink","description":"Make your own custom design","potentialAction":[{"@type":"SearchAction","target":{"@type":"EntryPoint","urlTemplate":"https:\/\/likeink.com\/da\/?s={search_term_string}"},"query-input":{"@type":"PropertyValueSpecification","valueRequired":true,"valueName":"search_term_string"}}],"inLanguage":"da-DK"}]}},"_links":{"self":[{"href":"https:\/\/likeink.com\/da\/wp-json\/wp\/v2\/product\/32548","targetHints":{"allow":["GET"]}}],"collection":[{"href":"https:\/\/likeink.com\/da\/wp-json\/wp\/v2\/product"}],"about":[{"href":"https:\/\/likeink.com\/da\/wp-json\/wp\/v2\/types\/product"}],"wp:featuredmedia":[{"embeddable":true,"href":"https:\/\/likeink.com\/da\/wp-json\/wp\/v2\/media\/32493"}],"wp:attachment":[{"href":"https:\/\/likeink.com\/da\/wp-json\/wp\/v2\/media?parent=32548"}],"wp:term":[{"taxonomy":"product_brand","embeddable":true,"href":"https:\/\/likeink.com\/da\/wp-json\/wp\/v2\/product_brand?post=32548"},{"taxonomy":"product_cat","embeddable":true,"href":"https:\/\/likeink.com\/da\/wp-json\/wp\/v2\/product_cat?post=32548"},{"taxonomy":"product_tag","embeddable":true,"href":"https:\/\/likeink.com\/da\/wp-json\/wp\/v2\/product_tag?post=32548"}],"curies":[{"name":"wp","href":"https:\/\/api.w.org\/{rel}","templated":true}]}}