{"id":32615,"date":"2024-09-26T15:49:25","date_gmt":"2024-09-26T16:05:25","guid":{"rendered":"https:\/\/likeink.se\/?post_type=product&#038;p=32615"},"modified":"2026-03-16T15:45:08","modified_gmt":"2026-03-16T15:45:08","slug":"spooky-spiders-tatoveringer-a5","status":"publish","type":"product","link":"https:\/\/likeink.com\/da\/midlertidige-tatoveringer\/spooky-spiders-tatoveringer-a5\/","title":{"rendered":"Spooky Spiders tatoveringer"},"content":{"rendered":"","protected":false},"excerpt":{"rendered":"<p>Midlertidige tatoveringer med realistiske edderkopper til brug p\u00e5 krop og ansigt. Disse gnuggiser skaber en skr\u00e6mmende effekt til forskellige kostumer og arrangementer.<br \/>\nArk indeholder 10 forskellige skr\u00e6mmende edderkopper og er perfekt til et uhyggeligt halloween-kostume. Fremstillet af h\u00f8j kvalitet, giftfri bl\u00e6k og materialer, og tatoveringerne er sikre og nemme at p\u00e5f\u00f8re.<\/p>\n<h2>K\u00f8b midlertidige tatoveringer med 10 skr\u00e6mmende edderkopper til at p\u00e5f\u00f8re p\u00e5 ansigtet eller andre dele af kroppen<\/h2>\n<p> Vores tatoveringer er allergivenlige og sikre for alle hudtyper. De er nemme at p\u00e5f\u00f8re med vand og holder i flere dage, hvilket g\u00f8r dem perfekte til fester, festivaler og maskerade.<\/p>\n<p>\u00a0<br \/>\n<strong>Arkst\u00f8rrelse:<\/strong> A5<br \/>\n<strong>St\u00f8rrelse p\u00e5 tatoveringer:<\/strong> ca. 4-5 cm brede<\/p>\n","protected":false},"featured_media":32608,"template":"","meta":[],"product_brand":[],"product_cat":[519,53,513],"product_tag":[],"class_list":{"0":"post-32615","1":"product","2":"type-product","3":"status-publish","4":"has-post-thumbnail","6":"product_cat-dyr-natur","7":"product_cat-faerdige-ark","8":"product_cat-maskerade-saeson","10":"first","11":"instock","12":"taxable","13":"shipping-taxable","14":"purchasable","15":"product-type-simple"},"yoast_head":"<!-- This site is optimized with the Yoast SEO Premium plugin v26.2 (Yoast SEO v27.5) - https:\/\/yoast.com\/product\/yoast-seo-premium-wordpress\/ -->\n<title>Spooky Spiders tatoveringer - Like ink<\/title>\n<meta name=\"description\" content=\"Spooky Spiders tatovering med otte realistiske edderkoppemotiver, perfekt til et uhyggeligt touch.. God kvalitet og hurtig levering!. - Like ink\" \/>\n<meta name=\"robots\" content=\"index, follow, max-snippet:-1, max-image-preview:large, max-video-preview:-1\" \/>\n<link rel=\"canonical\" href=\"https:\/\/likeink.com\/da\/midlertidige-tatoveringer\/spooky-spiders-tatoveringer-a5\/\" \/>\n<meta property=\"og:locale\" content=\"da_DK\" \/>\n<meta property=\"og:type\" content=\"article\" \/>\n<meta property=\"og:title\" content=\"Spooky Spiders tatoveringer\" \/>\n<meta property=\"og:description\" content=\"Midlertidige tatoveringer med realistiske edderkopper til brug p\u00e5 krop og ansigt. Disse gnuggiser skaber en skr\u00e6mmende effekt til forskellige kostumer og arrangementer. Ark indeholder 10 forskellige skr\u00e6mmende edderkopper og er perfekt til et uhyggeligt halloween-kostume. Fremstillet af h\u00f8j kvalitet, giftfri bl\u00e6k og materialer, og tatoveringerne er sikre og nemme at p\u00e5f\u00f8re. K\u00f8b midlertidige tatoveringer med 10 skr\u00e6mmende edderkopper til at p\u00e5f\u00f8re p\u00e5 ansigtet eller andre dele af kroppen Vores tatoveringer er allergivenlige og sikre for alle hudtyper. De er nemme at p\u00e5f\u00f8re med vand og holder i flere dage, hvilket g\u00f8r dem perfekte til fester, festivaler og maskerade.  \u00a0 Arkst\u00f8rrelse: A5 St\u00f8rrelse p\u00e5 tatoveringer: ca. 4-5 cm brede\" \/>\n<meta property=\"og:url\" content=\"https:\/\/likeink.com\/da\/midlertidige-tatoveringer\/spooky-spiders-tatoveringer-a5\/\" \/>\n<meta property=\"og:site_name\" content=\"Like ink\" \/>\n<meta property=\"article:publisher\" content=\"https:\/\/www.facebook.com\/LikeInkSe\" \/>\n<meta property=\"article:modified_time\" content=\"2026-03-16T15:45:08+00:00\" \/>\n<meta property=\"og:image\" content=\"https:\/\/likeink.com\/wp-content\/uploads\/2024\/09\/1003-Spooky_Spiders_likeink_web.png\" \/>\n\t<meta property=\"og:image:width\" content=\"1400\" \/>\n\t<meta property=\"og:image:height\" content=\"987\" \/>\n\t<meta property=\"og:image:type\" content=\"image\/png\" \/>\n<meta name=\"twitter:card\" content=\"summary_large_image\" \/>\n<meta name=\"twitter:label1\" content=\"Estimeret l\u00e6setid\" \/>\n\t<meta name=\"twitter:data1\" content=\"1 minut\" \/>\n<!-- \/ Yoast SEO Premium plugin. -->","yoast_head_json":{"title":"Spooky Spiders tatoveringer - Like ink","description":"Spooky Spiders tatovering med otte realistiske edderkoppemotiver, perfekt til et uhyggeligt touch.. God kvalitet og hurtig levering!. - Like ink","robots":{"index":"index","follow":"follow","max-snippet":"max-snippet:-1","max-image-preview":"max-image-preview:large","max-video-preview":"max-video-preview:-1"},"canonical":"https:\/\/likeink.com\/da\/midlertidige-tatoveringer\/spooky-spiders-tatoveringer-a5\/","og_locale":"da_DK","og_type":"article","og_title":"Spooky Spiders tatoveringer","og_description":"Midlertidige tatoveringer med realistiske edderkopper til brug p\u00e5 krop og ansigt. Disse gnuggiser skaber en skr\u00e6mmende effekt til forskellige kostumer og arrangementer. Ark indeholder 10 forskellige skr\u00e6mmende edderkopper og er perfekt til et uhyggeligt halloween-kostume. Fremstillet af h\u00f8j kvalitet, giftfri bl\u00e6k og materialer, og tatoveringerne er sikre og nemme at p\u00e5f\u00f8re. K\u00f8b midlertidige tatoveringer med 10 skr\u00e6mmende edderkopper til at p\u00e5f\u00f8re p\u00e5 ansigtet eller andre dele af kroppen Vores tatoveringer er allergivenlige og sikre for alle hudtyper. De er nemme at p\u00e5f\u00f8re med vand og holder i flere dage, hvilket g\u00f8r dem perfekte til fester, festivaler og maskerade.  \u00a0 Arkst\u00f8rrelse: A5 St\u00f8rrelse p\u00e5 tatoveringer: ca. 4-5 cm brede","og_url":"https:\/\/likeink.com\/da\/midlertidige-tatoveringer\/spooky-spiders-tatoveringer-a5\/","og_site_name":"Like ink","article_publisher":"https:\/\/www.facebook.com\/LikeInkSe","article_modified_time":"2026-03-16T15:45:08+00:00","og_image":[{"width":1400,"height":987,"url":"https:\/\/likeink.com\/wp-content\/uploads\/2024\/09\/1003-Spooky_Spiders_likeink_web.png","type":"image\/png"}],"twitter_card":"summary_large_image","twitter_misc":{"Estimeret l\u00e6setid":"1 minut"},"schema":{"@context":"https:\/\/schema.org","@graph":[{"@type":"WebPage","@id":"https:\/\/likeink.com\/da\/midlertidige-tatoveringer\/spooky-spiders-tatoveringer-a5\/","url":"https:\/\/likeink.com\/da\/midlertidige-tatoveringer\/spooky-spiders-tatoveringer-a5\/","name":"Spooky Spiders tatoveringer - Like ink","isPartOf":{"@id":"https:\/\/likeink.com\/da\/#website"},"primaryImageOfPage":{"@id":"https:\/\/likeink.com\/da\/midlertidige-tatoveringer\/spooky-spiders-tatoveringer-a5\/#primaryimage"},"image":{"@id":"https:\/\/likeink.com\/da\/midlertidige-tatoveringer\/spooky-spiders-tatoveringer-a5\/#primaryimage"},"thumbnailUrl":"https:\/\/likeink.com\/wp-content\/uploads\/2024\/09\/1003-Spooky_Spiders_likeink_web.png","datePublished":"2024-09-26T16:05:25+00:00","dateModified":"2026-03-16T15:45:08+00:00","description":"Spooky Spiders tatovering med otte realistiske edderkoppemotiver, perfekt til et uhyggeligt touch.. God kvalitet og hurtig levering!. - Like ink","breadcrumb":{"@id":"https:\/\/likeink.com\/da\/midlertidige-tatoveringer\/spooky-spiders-tatoveringer-a5\/#breadcrumb"},"inLanguage":"da-DK","potentialAction":[{"@type":"ReadAction","target":["https:\/\/likeink.com\/da\/midlertidige-tatoveringer\/spooky-spiders-tatoveringer-a5\/"]}]},{"@type":"ImageObject","inLanguage":"da-DK","@id":"https:\/\/likeink.com\/da\/midlertidige-tatoveringer\/spooky-spiders-tatoveringer-a5\/#primaryimage","url":"https:\/\/likeink.com\/wp-content\/uploads\/2024\/09\/1003-Spooky_Spiders_likeink_web.png","contentUrl":"https:\/\/likeink.com\/wp-content\/uploads\/2024\/09\/1003-Spooky_Spiders_likeink_web.png","width":1400,"height":987,"caption":"Edderkop-tema midlertidige tatoveringer med realistiske designs, der viser forskellige arter i forskellige stillinger."},{"@type":"BreadcrumbList","@id":"https:\/\/likeink.com\/da\/midlertidige-tatoveringer\/spooky-spiders-tatoveringer-a5\/#breadcrumb","itemListElement":[{"@type":"ListItem","position":1,"name":"Hem","item":"https:\/\/likeink.com\/da\/"},{"@type":"ListItem","position":2,"name":"Shop","item":"https:\/\/likeink.com\/da\/shop\/"},{"@type":"ListItem","position":3,"name":"Spooky Spiders tatoveringer"}]},{"@type":"WebSite","@id":"https:\/\/likeink.com\/da\/#website","url":"https:\/\/likeink.com\/da\/","name":"Like ink","description":"Make your own custom design","potentialAction":[{"@type":"SearchAction","target":{"@type":"EntryPoint","urlTemplate":"https:\/\/likeink.com\/da\/?s={search_term_string}"},"query-input":{"@type":"PropertyValueSpecification","valueRequired":true,"valueName":"search_term_string"}}],"inLanguage":"da-DK"}]}},"_links":{"self":[{"href":"https:\/\/likeink.com\/da\/wp-json\/wp\/v2\/product\/32615","targetHints":{"allow":["GET"]}}],"collection":[{"href":"https:\/\/likeink.com\/da\/wp-json\/wp\/v2\/product"}],"about":[{"href":"https:\/\/likeink.com\/da\/wp-json\/wp\/v2\/types\/product"}],"wp:featuredmedia":[{"embeddable":true,"href":"https:\/\/likeink.com\/da\/wp-json\/wp\/v2\/media\/32608"}],"wp:attachment":[{"href":"https:\/\/likeink.com\/da\/wp-json\/wp\/v2\/media?parent=32615"}],"wp:term":[{"taxonomy":"product_brand","embeddable":true,"href":"https:\/\/likeink.com\/da\/wp-json\/wp\/v2\/product_brand?post=32615"},{"taxonomy":"product_cat","embeddable":true,"href":"https:\/\/likeink.com\/da\/wp-json\/wp\/v2\/product_cat?post=32615"},{"taxonomy":"product_tag","embeddable":true,"href":"https:\/\/likeink.com\/da\/wp-json\/wp\/v2\/product_tag?post=32615"}],"curies":[{"name":"wp","href":"https:\/\/api.w.org\/{rel}","templated":true}]}}