{"id":32679,"date":"2024-09-27T11:58:43","date_gmt":"2024-09-27T11:58:44","guid":{"rendered":"https:\/\/likeink.se\/?post_type=product&#038;p=32679"},"modified":"2026-04-21T13:03:31","modified_gmt":"2026-04-21T13:03:31","slug":"poison-ivy-tatoveringer-a5","status":"publish","type":"product","link":"https:\/\/likeink.com\/da\/midlertidige-tatoveringer\/poison-ivy-tatoveringer-a5\/","title":{"rendered":"Poison Ivy tatoveringer"},"content":{"rendered":"","protected":false},"excerpt":{"rendered":"<p>Midlertidige tatoveringer med detaljeret og realistisk vedbend. Disse tatoveringer er perfekte til naturelskere eller dem, der s\u00f8ger en botanisk \u00e6stetik, og giver et frisk og livligt touch til enhver lejlighed.<\/p>\n<p>Fremstillet med bl\u00e6k og materialer af h\u00f8j kvalitet og uden giftstoffer, er tatoveringerne sikre og nemme at p\u00e5f\u00f8re.<\/p>\n<h2>K\u00f8b midlertidige tatoveringer med vinranker til ansigtet eller andre kropsdele<\/h2>\n<p>Vores tatoveringer er allergivenlige og sikre for alle hudtyper. De er nemme at p\u00e5f\u00f8re med vand og holder i flere dage, hvilket g\u00f8r dem perfekte til fester, festivaler og udkl\u00e6dningsfester.<\/p>\n<p>&nbsp;<\/p>\n<p><strong>Arkst\u00f8rrelse:<\/strong> A5<\/p>\n<p><strong>St\u00f8rrelse p\u00e5 tatoveringer:<\/strong> ca. 2-20 cm brede<\/p>\n","protected":false},"featured_media":32672,"template":"","meta":[],"product_brand":[],"product_cat":[519,53],"product_tag":[],"class_list":{"0":"post-32679","1":"product","2":"type-product","3":"status-publish","4":"has-post-thumbnail","6":"product_cat-dyr-natur","7":"product_cat-faerdige-ark","9":"first","10":"instock","11":"taxable","12":"shipping-taxable","13":"purchasable","14":"product-type-simple"},"yoast_head":"<!-- This site is optimized with the Yoast SEO Premium plugin v26.2 (Yoast SEO v27.5) - https:\/\/yoast.com\/product\/yoast-seo-premium-wordpress\/ -->\n<title>Poison Ivy tatoveringer - Like ink<\/title>\n<meta name=\"description\" content=\"Poison Ivy tatoveringer med realistiske, elegante vedbend.- God kvalitet og hurtig levering!\" \/>\n<meta name=\"robots\" content=\"index, follow, max-snippet:-1, max-image-preview:large, max-video-preview:-1\" \/>\n<link rel=\"canonical\" href=\"https:\/\/likeink.com\/da\/midlertidige-tatoveringer\/poison-ivy-tatoveringer-a5\/\" \/>\n<meta property=\"og:locale\" content=\"da_DK\" \/>\n<meta property=\"og:type\" content=\"article\" \/>\n<meta property=\"og:title\" content=\"Poison Ivy tatoveringer\" \/>\n<meta property=\"og:description\" content=\"Midlertidige tatoveringer med detaljeret og realistisk vedbend. Disse tatoveringer er perfekte til naturelskere eller dem, der s\u00f8ger en botanisk \u00e6stetik, og giver et frisk og livligt touch til enhver lejlighed.  Fremstillet med bl\u00e6k og materialer af h\u00f8j kvalitet og uden giftstoffer, er tatoveringerne sikre og nemme at p\u00e5f\u00f8re. K\u00f8b midlertidige tatoveringer med vinranker til ansigtet eller andre kropsdele Vores tatoveringer er allergivenlige og sikre for alle hudtyper. De er nemme at p\u00e5f\u00f8re med vand og holder i flere dage, hvilket g\u00f8r dem perfekte til fester, festivaler og udkl\u00e6dningsfester.  &nbsp;  Arkst\u00f8rrelse: A5  St\u00f8rrelse p\u00e5 tatoveringer: ca. 2-20 cm brede\" \/>\n<meta property=\"og:url\" content=\"https:\/\/likeink.com\/da\/midlertidige-tatoveringer\/poison-ivy-tatoveringer-a5\/\" \/>\n<meta property=\"og:site_name\" content=\"Like ink\" \/>\n<meta property=\"article:publisher\" content=\"https:\/\/www.facebook.com\/LikeInkSe\" \/>\n<meta property=\"article:modified_time\" content=\"2026-04-21T13:03:31+00:00\" \/>\n<meta property=\"og:image\" content=\"https:\/\/likeink.com\/wp-content\/uploads\/2024\/09\/1008_Poison_Ivy_likeink_web.png\" \/>\n\t<meta property=\"og:image:width\" content=\"1400\" \/>\n\t<meta property=\"og:image:height\" content=\"987\" \/>\n\t<meta property=\"og:image:type\" content=\"image\/png\" \/>\n<meta name=\"twitter:card\" content=\"summary_large_image\" \/>\n<meta name=\"twitter:label1\" content=\"Estimeret l\u00e6setid\" \/>\n\t<meta name=\"twitter:data1\" content=\"1 minut\" \/>\n<!-- \/ Yoast SEO Premium plugin. -->","yoast_head_json":{"title":"Poison Ivy tatoveringer - Like ink","description":"Poison Ivy tatoveringer med realistiske, elegante vedbend.- God kvalitet og hurtig levering!","robots":{"index":"index","follow":"follow","max-snippet":"max-snippet:-1","max-image-preview":"max-image-preview:large","max-video-preview":"max-video-preview:-1"},"canonical":"https:\/\/likeink.com\/da\/midlertidige-tatoveringer\/poison-ivy-tatoveringer-a5\/","og_locale":"da_DK","og_type":"article","og_title":"Poison Ivy tatoveringer","og_description":"Midlertidige tatoveringer med detaljeret og realistisk vedbend. Disse tatoveringer er perfekte til naturelskere eller dem, der s\u00f8ger en botanisk \u00e6stetik, og giver et frisk og livligt touch til enhver lejlighed.  Fremstillet med bl\u00e6k og materialer af h\u00f8j kvalitet og uden giftstoffer, er tatoveringerne sikre og nemme at p\u00e5f\u00f8re. K\u00f8b midlertidige tatoveringer med vinranker til ansigtet eller andre kropsdele Vores tatoveringer er allergivenlige og sikre for alle hudtyper. De er nemme at p\u00e5f\u00f8re med vand og holder i flere dage, hvilket g\u00f8r dem perfekte til fester, festivaler og udkl\u00e6dningsfester.  &nbsp;  Arkst\u00f8rrelse: A5  St\u00f8rrelse p\u00e5 tatoveringer: ca. 2-20 cm brede","og_url":"https:\/\/likeink.com\/da\/midlertidige-tatoveringer\/poison-ivy-tatoveringer-a5\/","og_site_name":"Like ink","article_publisher":"https:\/\/www.facebook.com\/LikeInkSe","article_modified_time":"2026-04-21T13:03:31+00:00","og_image":[{"width":1400,"height":987,"url":"https:\/\/likeink.com\/wp-content\/uploads\/2024\/09\/1008_Poison_Ivy_likeink_web.png","type":"image\/png"}],"twitter_card":"summary_large_image","twitter_misc":{"Estimeret l\u00e6setid":"1 minut"},"schema":{"@context":"https:\/\/schema.org","@graph":[{"@type":"WebPage","@id":"https:\/\/likeink.com\/da\/midlertidige-tatoveringer\/poison-ivy-tatoveringer-a5\/","url":"https:\/\/likeink.com\/da\/midlertidige-tatoveringer\/poison-ivy-tatoveringer-a5\/","name":"Poison Ivy tatoveringer - Like ink","isPartOf":{"@id":"https:\/\/likeink.com\/da\/#website"},"primaryImageOfPage":{"@id":"https:\/\/likeink.com\/da\/midlertidige-tatoveringer\/poison-ivy-tatoveringer-a5\/#primaryimage"},"image":{"@id":"https:\/\/likeink.com\/da\/midlertidige-tatoveringer\/poison-ivy-tatoveringer-a5\/#primaryimage"},"thumbnailUrl":"https:\/\/likeink.com\/wp-content\/uploads\/2024\/09\/1008_Poison_Ivy_likeink_web.png","datePublished":"2024-09-27T11:58:44+00:00","dateModified":"2026-04-21T13:03:31+00:00","description":"Poison Ivy tatoveringer med realistiske, elegante vedbend.- God kvalitet og hurtig levering!","breadcrumb":{"@id":"https:\/\/likeink.com\/da\/midlertidige-tatoveringer\/poison-ivy-tatoveringer-a5\/#breadcrumb"},"inLanguage":"da-DK","potentialAction":[{"@type":"ReadAction","target":["https:\/\/likeink.com\/da\/midlertidige-tatoveringer\/poison-ivy-tatoveringer-a5\/"]}]},{"@type":"ImageObject","inLanguage":"da-DK","@id":"https:\/\/likeink.com\/da\/midlertidige-tatoveringer\/poison-ivy-tatoveringer-a5\/#primaryimage","url":"https:\/\/likeink.com\/wp-content\/uploads\/2024\/09\/1008_Poison_Ivy_likeink_web.png","contentUrl":"https:\/\/likeink.com\/wp-content\/uploads\/2024\/09\/1008_Poison_Ivy_likeink_web.png","width":1400,"height":987,"caption":"En samling midlertidige tatoveringer med gr\u00f8nne vinranker og livlige blade, perfekt til et naturinspireret look."},{"@type":"BreadcrumbList","@id":"https:\/\/likeink.com\/da\/midlertidige-tatoveringer\/poison-ivy-tatoveringer-a5\/#breadcrumb","itemListElement":[{"@type":"ListItem","position":1,"name":"Hem","item":"https:\/\/likeink.com\/da\/"},{"@type":"ListItem","position":2,"name":"Shop","item":"https:\/\/likeink.com\/da\/shop\/"},{"@type":"ListItem","position":3,"name":"Poison Ivy tatoveringer"}]},{"@type":"WebSite","@id":"https:\/\/likeink.com\/da\/#website","url":"https:\/\/likeink.com\/da\/","name":"Like ink","description":"Make your own custom design","potentialAction":[{"@type":"SearchAction","target":{"@type":"EntryPoint","urlTemplate":"https:\/\/likeink.com\/da\/?s={search_term_string}"},"query-input":{"@type":"PropertyValueSpecification","valueRequired":true,"valueName":"search_term_string"}}],"inLanguage":"da-DK"}]}},"_links":{"self":[{"href":"https:\/\/likeink.com\/da\/wp-json\/wp\/v2\/product\/32679","targetHints":{"allow":["GET"]}}],"collection":[{"href":"https:\/\/likeink.com\/da\/wp-json\/wp\/v2\/product"}],"about":[{"href":"https:\/\/likeink.com\/da\/wp-json\/wp\/v2\/types\/product"}],"wp:featuredmedia":[{"embeddable":true,"href":"https:\/\/likeink.com\/da\/wp-json\/wp\/v2\/media\/32672"}],"wp:attachment":[{"href":"https:\/\/likeink.com\/da\/wp-json\/wp\/v2\/media?parent=32679"}],"wp:term":[{"taxonomy":"product_brand","embeddable":true,"href":"https:\/\/likeink.com\/da\/wp-json\/wp\/v2\/product_brand?post=32679"},{"taxonomy":"product_cat","embeddable":true,"href":"https:\/\/likeink.com\/da\/wp-json\/wp\/v2\/product_cat?post=32679"},{"taxonomy":"product_tag","embeddable":true,"href":"https:\/\/likeink.com\/da\/wp-json\/wp\/v2\/product_tag?post=32679"}],"curies":[{"name":"wp","href":"https:\/\/api.w.org\/{rel}","templated":true}]}}