{"id":32695,"date":"2024-09-27T12:52:03","date_gmt":"2024-09-27T12:52:03","guid":{"rendered":"https:\/\/likeink.se\/?post_type=product&#038;p=32695"},"modified":"2026-03-16T15:45:20","modified_gmt":"2026-03-16T15:45:20","slug":"prison-tatoveringer-a5","status":"publish","type":"product","link":"https:\/\/likeink.com\/da\/midlertidige-tatoveringer\/prison-tatoveringer-a5\/","title":{"rendered":"Prison tatoveringer"},"content":{"rendered":"","protected":false},"excerpt":{"rendered":"<p>Midlertidigt tatoveringsark med f\u00e6ngselsinspirerede designs. Det inkluderer en detaljeret kranium med korslagte knogler, en stor rose med blade, en edderkop p\u00e5 et spindelv\u00e6v og pigtr\u00e5dsmotiver. Gotisk skrift til kno-tatoveringer med ordene &#8220;LOVE &#8211; HATE&#8221; og &#8220;WILD &#8211; FREE.&#8221; Yderligere elementer inkluderer en flaske med &#8220;XXX&#8221; og spredte stjerneformer, der skaber en h\u00e5rd, rebelsk \u00e6stetik. Perfekt til dem, der s\u00f8ger dristige og kantede tatoveringsdesigns, is\u00e6r med inspiration fra kno-tatoveringer.<\/p>\n<p>Fremstillet med h\u00f8jkvalitets, giftfri bl\u00e6k og materialer, er tatoveringerne sikre og nemme at p\u00e5f\u00f8re.<\/p>\n<h2>K\u00f8b f\u00e6ngselsinspirerede midlertidige tatoveringer til at p\u00e5f\u00f8re i ansigtet eller p\u00e5 andre kropsdele<\/h2>\n<p>Vores tatoveringer er allergivenlige og sikre for alle hudtyper. De er nemme at p\u00e5f\u00f8re med vand og holder i flere dage, hvilket g\u00f8r dem perfekte til fester, festivaler og kostumeevents.<br \/>\n<strong>Arkst\u00f8rrelse:<\/strong> A5<\/p>\n<p><strong>St\u00f8rrelse p\u00e5 tatoveringer:<\/strong> ca. 2-20 cm brede<\/p>\n","protected":false},"featured_media":32686,"template":"","meta":[],"product_brand":[],"product_cat":[162,53,158],"product_tag":[],"class_list":{"0":"post-32695","1":"product","2":"type-product","3":"status-publish","4":"has-post-thumbnail","6":"product_cat-doedningehoved-tatoveringer","7":"product_cat-faerdige-ark","8":"product_cat-halloween-tatoveringer","10":"first","11":"instock","12":"taxable","13":"shipping-taxable","14":"purchasable","15":"product-type-simple"},"yoast_head":"<!-- This site is optimized with the Yoast SEO Premium plugin v26.2 (Yoast SEO v27.4) - https:\/\/yoast.com\/product\/yoast-seo-premium-wordpress\/ -->\n<title>Prison tatoveringer - Like ink<\/title>\n<meta name=\"description\" content=\"Midlertidige tatoveringer med f\u00e6ngselsinspirerede designs, herunder en kranium, pigtr\u00e5d, edderkop og kno-tekst. - God kvalitet og hurtig levering!\" \/>\n<meta name=\"robots\" content=\"index, follow, max-snippet:-1, max-image-preview:large, max-video-preview:-1\" \/>\n<link rel=\"canonical\" href=\"https:\/\/likeink.com\/da\/midlertidige-tatoveringer\/prison-tatoveringer-a5\/\" \/>\n<meta property=\"og:locale\" content=\"da_DK\" \/>\n<meta property=\"og:type\" content=\"article\" \/>\n<meta property=\"og:title\" content=\"Prison tatoveringer\" \/>\n<meta property=\"og:description\" content=\"Midlertidigt tatoveringsark med f\u00e6ngselsinspirerede designs. Det inkluderer en detaljeret kranium med korslagte knogler, en stor rose med blade, en edderkop p\u00e5 et spindelv\u00e6v og pigtr\u00e5dsmotiver. Gotisk skrift til kno-tatoveringer med ordene &quot;LOVE - HATE&quot; og &quot;WILD - FREE.&quot; Yderligere elementer inkluderer en flaske med &quot;XXX&quot; og spredte stjerneformer, der skaber en h\u00e5rd, rebelsk \u00e6stetik. Perfekt til dem, der s\u00f8ger dristige og kantede tatoveringsdesigns, is\u00e6r med inspiration fra kno-tatoveringer.  Fremstillet med h\u00f8jkvalitets, giftfri bl\u00e6k og materialer, er tatoveringerne sikre og nemme at p\u00e5f\u00f8re. K\u00f8b f\u00e6ngselsinspirerede midlertidige tatoveringer til at p\u00e5f\u00f8re i ansigtet eller p\u00e5 andre kropsdele Vores tatoveringer er allergivenlige og sikre for alle hudtyper. De er nemme at p\u00e5f\u00f8re med vand og holder i flere dage, hvilket g\u00f8r dem perfekte til fester, festivaler og kostumeevents. Arkst\u00f8rrelse: A5  St\u00f8rrelse p\u00e5 tatoveringer: ca. 2-20 cm brede\" \/>\n<meta property=\"og:url\" content=\"https:\/\/likeink.com\/da\/midlertidige-tatoveringer\/prison-tatoveringer-a5\/\" \/>\n<meta property=\"og:site_name\" content=\"Like ink\" \/>\n<meta property=\"article:publisher\" content=\"https:\/\/www.facebook.com\/LikeInkSe\" \/>\n<meta property=\"article:modified_time\" content=\"2026-03-16T15:45:20+00:00\" \/>\n<meta property=\"og:image\" content=\"https:\/\/likeink.com\/wp-content\/uploads\/2024\/09\/1009_prison_tattoos_likeink_web.png\" \/>\n\t<meta property=\"og:image:width\" content=\"1400\" \/>\n\t<meta property=\"og:image:height\" content=\"987\" \/>\n\t<meta property=\"og:image:type\" content=\"image\/png\" \/>\n<meta name=\"twitter:card\" content=\"summary_large_image\" \/>\n<meta name=\"twitter:label1\" content=\"Estimeret l\u00e6setid\" \/>\n\t<meta name=\"twitter:data1\" content=\"1 minut\" \/>\n<script type=\"application\/ld+json\" class=\"yoast-schema-graph\">{\"@context\":\"https:\\\/\\\/schema.org\",\"@graph\":[{\"@type\":\"WebPage\",\"@id\":\"https:\\\/\\\/likeink.com\\\/da\\\/midlertidige-tatoveringer\\\/prison-tatoveringer-a5\\\/\",\"url\":\"https:\\\/\\\/likeink.com\\\/da\\\/midlertidige-tatoveringer\\\/prison-tatoveringer-a5\\\/\",\"name\":\"Prison tatoveringer - Like ink\",\"isPartOf\":{\"@id\":\"https:\\\/\\\/likeink.com\\\/da\\\/#website\"},\"primaryImageOfPage\":{\"@id\":\"https:\\\/\\\/likeink.com\\\/da\\\/midlertidige-tatoveringer\\\/prison-tatoveringer-a5\\\/#primaryimage\"},\"image\":{\"@id\":\"https:\\\/\\\/likeink.com\\\/da\\\/midlertidige-tatoveringer\\\/prison-tatoveringer-a5\\\/#primaryimage\"},\"thumbnailUrl\":\"https:\\\/\\\/likeink.com\\\/wp-content\\\/uploads\\\/2024\\\/09\\\/1009_prison_tattoos_likeink_web.png\",\"datePublished\":\"2024-09-27T12:52:03+00:00\",\"dateModified\":\"2026-03-16T15:45:20+00:00\",\"description\":\"Midlertidige tatoveringer med f\u00e6ngselsinspirerede designs, herunder en kranium, pigtr\u00e5d, edderkop og kno-tekst. - God kvalitet og hurtig levering!\",\"breadcrumb\":{\"@id\":\"https:\\\/\\\/likeink.com\\\/da\\\/midlertidige-tatoveringer\\\/prison-tatoveringer-a5\\\/#breadcrumb\"},\"inLanguage\":\"da-DK\",\"potentialAction\":[{\"@type\":\"ReadAction\",\"target\":[\"https:\\\/\\\/likeink.com\\\/da\\\/midlertidige-tatoveringer\\\/prison-tatoveringer-a5\\\/\"]}]},{\"@type\":\"ImageObject\",\"inLanguage\":\"da-DK\",\"@id\":\"https:\\\/\\\/likeink.com\\\/da\\\/midlertidige-tatoveringer\\\/prison-tatoveringer-a5\\\/#primaryimage\",\"url\":\"https:\\\/\\\/likeink.com\\\/wp-content\\\/uploads\\\/2024\\\/09\\\/1009_prison_tattoos_likeink_web.png\",\"contentUrl\":\"https:\\\/\\\/likeink.com\\\/wp-content\\\/uploads\\\/2024\\\/09\\\/1009_prison_tattoos_likeink_web.png\",\"width\":1400,\"height\":987,\"caption\":\"F\u00e6ngselsinspirerede midlertidige tatoveringer med en kranium, en rose, en edderkop p\u00e5 et spindelv\u00e6v, pigtr\u00e5d, en flaske og kno-tatoveringstekst med ordene \\\"LOVE,\\\" \\\"HATE,\\\" \\\"WILD,\\\" og \\\"FREE.\\\"\"},{\"@type\":\"BreadcrumbList\",\"@id\":\"https:\\\/\\\/likeink.com\\\/da\\\/midlertidige-tatoveringer\\\/prison-tatoveringer-a5\\\/#breadcrumb\",\"itemListElement\":[{\"@type\":\"ListItem\",\"position\":1,\"name\":\"Hem\",\"item\":\"https:\\\/\\\/likeink.com\\\/da\\\/\"},{\"@type\":\"ListItem\",\"position\":2,\"name\":\"Shop\",\"item\":\"https:\\\/\\\/likeink.com\\\/da\\\/shop\\\/\"},{\"@type\":\"ListItem\",\"position\":3,\"name\":\"Prison tatoveringer\"}]},{\"@type\":\"WebSite\",\"@id\":\"https:\\\/\\\/likeink.com\\\/da\\\/#website\",\"url\":\"https:\\\/\\\/likeink.com\\\/da\\\/\",\"name\":\"Like ink\",\"description\":\"Make your own custom design\",\"potentialAction\":[{\"@type\":\"SearchAction\",\"target\":{\"@type\":\"EntryPoint\",\"urlTemplate\":\"https:\\\/\\\/likeink.com\\\/da\\\/?s={search_term_string}\"},\"query-input\":{\"@type\":\"PropertyValueSpecification\",\"valueRequired\":true,\"valueName\":\"search_term_string\"}}],\"inLanguage\":\"da-DK\"}]}<\/script>\n<!-- \/ Yoast SEO Premium plugin. -->","yoast_head_json":{"title":"Prison tatoveringer - Like ink","description":"Midlertidige tatoveringer med f\u00e6ngselsinspirerede designs, herunder en kranium, pigtr\u00e5d, edderkop og kno-tekst. - God kvalitet og hurtig levering!","robots":{"index":"index","follow":"follow","max-snippet":"max-snippet:-1","max-image-preview":"max-image-preview:large","max-video-preview":"max-video-preview:-1"},"canonical":"https:\/\/likeink.com\/da\/midlertidige-tatoveringer\/prison-tatoveringer-a5\/","og_locale":"da_DK","og_type":"article","og_title":"Prison tatoveringer","og_description":"Midlertidigt tatoveringsark med f\u00e6ngselsinspirerede designs. Det inkluderer en detaljeret kranium med korslagte knogler, en stor rose med blade, en edderkop p\u00e5 et spindelv\u00e6v og pigtr\u00e5dsmotiver. Gotisk skrift til kno-tatoveringer med ordene \"LOVE - HATE\" og \"WILD - FREE.\" Yderligere elementer inkluderer en flaske med \"XXX\" og spredte stjerneformer, der skaber en h\u00e5rd, rebelsk \u00e6stetik. Perfekt til dem, der s\u00f8ger dristige og kantede tatoveringsdesigns, is\u00e6r med inspiration fra kno-tatoveringer.  Fremstillet med h\u00f8jkvalitets, giftfri bl\u00e6k og materialer, er tatoveringerne sikre og nemme at p\u00e5f\u00f8re. K\u00f8b f\u00e6ngselsinspirerede midlertidige tatoveringer til at p\u00e5f\u00f8re i ansigtet eller p\u00e5 andre kropsdele Vores tatoveringer er allergivenlige og sikre for alle hudtyper. De er nemme at p\u00e5f\u00f8re med vand og holder i flere dage, hvilket g\u00f8r dem perfekte til fester, festivaler og kostumeevents. Arkst\u00f8rrelse: A5  St\u00f8rrelse p\u00e5 tatoveringer: ca. 2-20 cm brede","og_url":"https:\/\/likeink.com\/da\/midlertidige-tatoveringer\/prison-tatoveringer-a5\/","og_site_name":"Like ink","article_publisher":"https:\/\/www.facebook.com\/LikeInkSe","article_modified_time":"2026-03-16T15:45:20+00:00","og_image":[{"width":1400,"height":987,"url":"https:\/\/likeink.com\/wp-content\/uploads\/2024\/09\/1009_prison_tattoos_likeink_web.png","type":"image\/png"}],"twitter_card":"summary_large_image","twitter_misc":{"Estimeret l\u00e6setid":"1 minut"},"schema":{"@context":"https:\/\/schema.org","@graph":[{"@type":"WebPage","@id":"https:\/\/likeink.com\/da\/midlertidige-tatoveringer\/prison-tatoveringer-a5\/","url":"https:\/\/likeink.com\/da\/midlertidige-tatoveringer\/prison-tatoveringer-a5\/","name":"Prison tatoveringer - Like ink","isPartOf":{"@id":"https:\/\/likeink.com\/da\/#website"},"primaryImageOfPage":{"@id":"https:\/\/likeink.com\/da\/midlertidige-tatoveringer\/prison-tatoveringer-a5\/#primaryimage"},"image":{"@id":"https:\/\/likeink.com\/da\/midlertidige-tatoveringer\/prison-tatoveringer-a5\/#primaryimage"},"thumbnailUrl":"https:\/\/likeink.com\/wp-content\/uploads\/2024\/09\/1009_prison_tattoos_likeink_web.png","datePublished":"2024-09-27T12:52:03+00:00","dateModified":"2026-03-16T15:45:20+00:00","description":"Midlertidige tatoveringer med f\u00e6ngselsinspirerede designs, herunder en kranium, pigtr\u00e5d, edderkop og kno-tekst. - God kvalitet og hurtig levering!","breadcrumb":{"@id":"https:\/\/likeink.com\/da\/midlertidige-tatoveringer\/prison-tatoveringer-a5\/#breadcrumb"},"inLanguage":"da-DK","potentialAction":[{"@type":"ReadAction","target":["https:\/\/likeink.com\/da\/midlertidige-tatoveringer\/prison-tatoveringer-a5\/"]}]},{"@type":"ImageObject","inLanguage":"da-DK","@id":"https:\/\/likeink.com\/da\/midlertidige-tatoveringer\/prison-tatoveringer-a5\/#primaryimage","url":"https:\/\/likeink.com\/wp-content\/uploads\/2024\/09\/1009_prison_tattoos_likeink_web.png","contentUrl":"https:\/\/likeink.com\/wp-content\/uploads\/2024\/09\/1009_prison_tattoos_likeink_web.png","width":1400,"height":987,"caption":"F\u00e6ngselsinspirerede midlertidige tatoveringer med en kranium, en rose, en edderkop p\u00e5 et spindelv\u00e6v, pigtr\u00e5d, en flaske og kno-tatoveringstekst med ordene \"LOVE,\" \"HATE,\" \"WILD,\" og \"FREE.\""},{"@type":"BreadcrumbList","@id":"https:\/\/likeink.com\/da\/midlertidige-tatoveringer\/prison-tatoveringer-a5\/#breadcrumb","itemListElement":[{"@type":"ListItem","position":1,"name":"Hem","item":"https:\/\/likeink.com\/da\/"},{"@type":"ListItem","position":2,"name":"Shop","item":"https:\/\/likeink.com\/da\/shop\/"},{"@type":"ListItem","position":3,"name":"Prison tatoveringer"}]},{"@type":"WebSite","@id":"https:\/\/likeink.com\/da\/#website","url":"https:\/\/likeink.com\/da\/","name":"Like ink","description":"Make your own custom design","potentialAction":[{"@type":"SearchAction","target":{"@type":"EntryPoint","urlTemplate":"https:\/\/likeink.com\/da\/?s={search_term_string}"},"query-input":{"@type":"PropertyValueSpecification","valueRequired":true,"valueName":"search_term_string"}}],"inLanguage":"da-DK"}]}},"_links":{"self":[{"href":"https:\/\/likeink.com\/da\/wp-json\/wp\/v2\/product\/32695","targetHints":{"allow":["GET"]}}],"collection":[{"href":"https:\/\/likeink.com\/da\/wp-json\/wp\/v2\/product"}],"about":[{"href":"https:\/\/likeink.com\/da\/wp-json\/wp\/v2\/types\/product"}],"wp:featuredmedia":[{"embeddable":true,"href":"https:\/\/likeink.com\/da\/wp-json\/wp\/v2\/media\/32686"}],"wp:attachment":[{"href":"https:\/\/likeink.com\/da\/wp-json\/wp\/v2\/media?parent=32695"}],"wp:term":[{"taxonomy":"product_brand","embeddable":true,"href":"https:\/\/likeink.com\/da\/wp-json\/wp\/v2\/product_brand?post=32695"},{"taxonomy":"product_cat","embeddable":true,"href":"https:\/\/likeink.com\/da\/wp-json\/wp\/v2\/product_cat?post=32695"},{"taxonomy":"product_tag","embeddable":true,"href":"https:\/\/likeink.com\/da\/wp-json\/wp\/v2\/product_tag?post=32695"}],"curies":[{"name":"wp","href":"https:\/\/api.w.org\/{rel}","templated":true}]}}