{"id":32711,"date":"2024-09-27T13:52:31","date_gmt":"2024-09-27T13:52:32","guid":{"rendered":"https:\/\/likeink.se\/?post_type=product&#038;p=32711"},"modified":"2026-03-16T15:45:32","modified_gmt":"2026-03-16T15:45:32","slug":"olivia-rodrigo-sour-tatoveringer-a5","status":"publish","type":"product","link":"https:\/\/likeink.com\/da\/midlertidige-tatoveringer\/olivia-rodrigo-sour-tatoveringer-a5\/","title":{"rendered":"Olivia Rodrigo SOUR tatoveringer"},"content":{"rendered":"","protected":false},"excerpt":{"rendered":"<p>ette ark med midlertidige tatoveringer har farverige og sjove design inspireret af Olivia Rodrigos album &#8220;Sour&#8221;. Tatoveringerne inkluderer store og sm\u00e5 sommerfugle i lilla og pink, smiley-ansigter med forskellige udtryk, hjerter, stjerner og runde sten i flere farver. Ordet &#8220;SOUR&#8221; st\u00e5r i sort, omgivet af en legesyg blanding af glade former \u2013 perfekt til fans eller enhver, der vil tilf\u00f8je et kreativt og lidt dr\u00f8mmende touch til deres stil.<br \/>\nFremstillet med bl\u00e6k og materialer af h\u00f8j kvalitet og uden giftige stoffer er tatoveringerne sikre og nemme at p\u00e5f\u00f8re.<\/p>\n<h2>K\u00f8b Olivia Rodrigo SOUR tatoveringer til at p\u00e5f\u00f8re ansigtet eller andre kropsdele<\/h2>\n<p> Vores tatoveringer er allergivenlige og sikre for alle hudtyper. De er nemme at p\u00e5f\u00f8re med vand og holder i flere dage, hvilket g\u00f8r dem perfekte til fester, festivaler og kostumer.<br \/>\n<BR><\/p>\n<p><strong>Arkst\u00f8rrelse:<\/strong> A5<br \/>\n<strong>St\u00f8rrelse p\u00e5 tatoveringer:<\/strong> ca. 0,5-3 cm brede<\/p>\n","protected":false},"featured_media":32704,"template":"","meta":[],"product_brand":[],"product_cat":[527,53,554,513],"product_tag":[],"class_list":{"0":"post-32711","1":"product","2":"type-product","3":"status-publish","4":"has-post-thumbnail","6":"product_cat-boernefest","7":"product_cat-faerdige-ark","8":"product_cat-kaerlighed-romantik","9":"product_cat-maskerade-saeson","11":"first","12":"instock","13":"taxable","14":"shipping-taxable","15":"purchasable","16":"product-type-simple"},"yoast_head":"<!-- This site is optimized with the Yoast SEO Premium plugin v26.2 (Yoast SEO v27.5) - https:\/\/yoast.com\/product\/yoast-seo-premium-wordpress\/ -->\n<title>Olivia Rodrigo SOUR tatoveringer - Like ink<\/title>\n<meta name=\"description\" content=\"Farverige midlertidige tatoveringer med sommerfugle, smiley-ansigter, hjerter og stjerner, inspireret af Olivia Rodrigos album &quot;Sour&quot; klisterm\u00e6rker. - God kvalitet og hurtig levering!\" \/>\n<meta name=\"robots\" content=\"index, follow, max-snippet:-1, max-image-preview:large, max-video-preview:-1\" \/>\n<link rel=\"canonical\" href=\"https:\/\/likeink.com\/da\/midlertidige-tatoveringer\/olivia-rodrigo-sour-tatoveringer-a5\/\" \/>\n<meta property=\"og:locale\" content=\"da_DK\" \/>\n<meta property=\"og:type\" content=\"article\" \/>\n<meta property=\"og:title\" content=\"Olivia Rodrigo SOUR tatoveringer\" \/>\n<meta property=\"og:description\" content=\"ette ark med midlertidige tatoveringer har farverige og sjove design inspireret af Olivia Rodrigos album &quot;Sour&quot;. Tatoveringerne inkluderer store og sm\u00e5 sommerfugle i lilla og pink, smiley-ansigter med forskellige udtryk, hjerter, stjerner og runde sten i flere farver. Ordet &quot;SOUR&quot; st\u00e5r i sort, omgivet af en legesyg blanding af glade former \u2013 perfekt til fans eller enhver, der vil tilf\u00f8je et kreativt og lidt dr\u00f8mmende touch til deres stil. Fremstillet med bl\u00e6k og materialer af h\u00f8j kvalitet og uden giftige stoffer er tatoveringerne sikre og nemme at p\u00e5f\u00f8re. K\u00f8b Olivia Rodrigo SOUR tatoveringer til at p\u00e5f\u00f8re ansigtet eller andre kropsdele Vores tatoveringer er allergivenlige og sikre for alle hudtyper. De er nemme at p\u00e5f\u00f8re med vand og holder i flere dage, hvilket g\u00f8r dem perfekte til fester, festivaler og kostumer.   Arkst\u00f8rrelse: A5 St\u00f8rrelse p\u00e5 tatoveringer: ca. 0,5-3 cm brede\" \/>\n<meta property=\"og:url\" content=\"https:\/\/likeink.com\/da\/midlertidige-tatoveringer\/olivia-rodrigo-sour-tatoveringer-a5\/\" \/>\n<meta property=\"og:site_name\" content=\"Like ink\" \/>\n<meta property=\"article:publisher\" content=\"https:\/\/www.facebook.com\/LikeInkSe\" \/>\n<meta property=\"article:modified_time\" content=\"2026-03-16T15:45:32+00:00\" \/>\n<meta property=\"og:image\" content=\"https:\/\/likeink.com\/wp-content\/uploads\/2024\/09\/1001-Sour_likeink_web.png\" \/>\n\t<meta property=\"og:image:width\" content=\"1400\" \/>\n\t<meta property=\"og:image:height\" content=\"987\" \/>\n\t<meta property=\"og:image:type\" content=\"image\/png\" \/>\n<meta name=\"twitter:card\" content=\"summary_large_image\" \/>\n<meta name=\"twitter:label1\" content=\"Estimeret l\u00e6setid\" \/>\n\t<meta name=\"twitter:data1\" content=\"1 minut\" \/>\n<!-- \/ Yoast SEO Premium plugin. -->","yoast_head_json":{"title":"Olivia Rodrigo SOUR tatoveringer - Like ink","description":"Farverige midlertidige tatoveringer med sommerfugle, smiley-ansigter, hjerter og stjerner, inspireret af Olivia Rodrigos album \"Sour\" klisterm\u00e6rker. - God kvalitet og hurtig levering!","robots":{"index":"index","follow":"follow","max-snippet":"max-snippet:-1","max-image-preview":"max-image-preview:large","max-video-preview":"max-video-preview:-1"},"canonical":"https:\/\/likeink.com\/da\/midlertidige-tatoveringer\/olivia-rodrigo-sour-tatoveringer-a5\/","og_locale":"da_DK","og_type":"article","og_title":"Olivia Rodrigo SOUR tatoveringer","og_description":"ette ark med midlertidige tatoveringer har farverige og sjove design inspireret af Olivia Rodrigos album \"Sour\". Tatoveringerne inkluderer store og sm\u00e5 sommerfugle i lilla og pink, smiley-ansigter med forskellige udtryk, hjerter, stjerner og runde sten i flere farver. Ordet \"SOUR\" st\u00e5r i sort, omgivet af en legesyg blanding af glade former \u2013 perfekt til fans eller enhver, der vil tilf\u00f8je et kreativt og lidt dr\u00f8mmende touch til deres stil. Fremstillet med bl\u00e6k og materialer af h\u00f8j kvalitet og uden giftige stoffer er tatoveringerne sikre og nemme at p\u00e5f\u00f8re. K\u00f8b Olivia Rodrigo SOUR tatoveringer til at p\u00e5f\u00f8re ansigtet eller andre kropsdele Vores tatoveringer er allergivenlige og sikre for alle hudtyper. De er nemme at p\u00e5f\u00f8re med vand og holder i flere dage, hvilket g\u00f8r dem perfekte til fester, festivaler og kostumer.   Arkst\u00f8rrelse: A5 St\u00f8rrelse p\u00e5 tatoveringer: ca. 0,5-3 cm brede","og_url":"https:\/\/likeink.com\/da\/midlertidige-tatoveringer\/olivia-rodrigo-sour-tatoveringer-a5\/","og_site_name":"Like ink","article_publisher":"https:\/\/www.facebook.com\/LikeInkSe","article_modified_time":"2026-03-16T15:45:32+00:00","og_image":[{"width":1400,"height":987,"url":"https:\/\/likeink.com\/wp-content\/uploads\/2024\/09\/1001-Sour_likeink_web.png","type":"image\/png"}],"twitter_card":"summary_large_image","twitter_misc":{"Estimeret l\u00e6setid":"1 minut"},"schema":{"@context":"https:\/\/schema.org","@graph":[{"@type":"WebPage","@id":"https:\/\/likeink.com\/da\/midlertidige-tatoveringer\/olivia-rodrigo-sour-tatoveringer-a5\/","url":"https:\/\/likeink.com\/da\/midlertidige-tatoveringer\/olivia-rodrigo-sour-tatoveringer-a5\/","name":"Olivia Rodrigo SOUR tatoveringer - Like ink","isPartOf":{"@id":"https:\/\/likeink.com\/da\/#website"},"primaryImageOfPage":{"@id":"https:\/\/likeink.com\/da\/midlertidige-tatoveringer\/olivia-rodrigo-sour-tatoveringer-a5\/#primaryimage"},"image":{"@id":"https:\/\/likeink.com\/da\/midlertidige-tatoveringer\/olivia-rodrigo-sour-tatoveringer-a5\/#primaryimage"},"thumbnailUrl":"https:\/\/likeink.com\/wp-content\/uploads\/2024\/09\/1001-Sour_likeink_web.png","datePublished":"2024-09-27T13:52:32+00:00","dateModified":"2026-03-16T15:45:32+00:00","description":"Farverige midlertidige tatoveringer med sommerfugle, smiley-ansigter, hjerter og stjerner, inspireret af Olivia Rodrigos album \"Sour\" klisterm\u00e6rker. - God kvalitet og hurtig levering!","breadcrumb":{"@id":"https:\/\/likeink.com\/da\/midlertidige-tatoveringer\/olivia-rodrigo-sour-tatoveringer-a5\/#breadcrumb"},"inLanguage":"da-DK","potentialAction":[{"@type":"ReadAction","target":["https:\/\/likeink.com\/da\/midlertidige-tatoveringer\/olivia-rodrigo-sour-tatoveringer-a5\/"]}]},{"@type":"ImageObject","inLanguage":"da-DK","@id":"https:\/\/likeink.com\/da\/midlertidige-tatoveringer\/olivia-rodrigo-sour-tatoveringer-a5\/#primaryimage","url":"https:\/\/likeink.com\/wp-content\/uploads\/2024\/09\/1001-Sour_likeink_web.png","contentUrl":"https:\/\/likeink.com\/wp-content\/uploads\/2024\/09\/1001-Sour_likeink_web.png","width":1400,"height":987,"caption":"Lyse og legende \"Sour\"-tatoveringer med sommerfugle, smileys og farverige former, inspireret af Olivia Rodrigos albumkunst."},{"@type":"BreadcrumbList","@id":"https:\/\/likeink.com\/da\/midlertidige-tatoveringer\/olivia-rodrigo-sour-tatoveringer-a5\/#breadcrumb","itemListElement":[{"@type":"ListItem","position":1,"name":"Hem","item":"https:\/\/likeink.com\/da\/"},{"@type":"ListItem","position":2,"name":"Shop","item":"https:\/\/likeink.com\/da\/shop\/"},{"@type":"ListItem","position":3,"name":"Olivia Rodrigo SOUR tatoveringer"}]},{"@type":"WebSite","@id":"https:\/\/likeink.com\/da\/#website","url":"https:\/\/likeink.com\/da\/","name":"Like ink","description":"Make your own custom design","potentialAction":[{"@type":"SearchAction","target":{"@type":"EntryPoint","urlTemplate":"https:\/\/likeink.com\/da\/?s={search_term_string}"},"query-input":{"@type":"PropertyValueSpecification","valueRequired":true,"valueName":"search_term_string"}}],"inLanguage":"da-DK"}]}},"_links":{"self":[{"href":"https:\/\/likeink.com\/da\/wp-json\/wp\/v2\/product\/32711","targetHints":{"allow":["GET"]}}],"collection":[{"href":"https:\/\/likeink.com\/da\/wp-json\/wp\/v2\/product"}],"about":[{"href":"https:\/\/likeink.com\/da\/wp-json\/wp\/v2\/types\/product"}],"wp:featuredmedia":[{"embeddable":true,"href":"https:\/\/likeink.com\/da\/wp-json\/wp\/v2\/media\/32704"}],"wp:attachment":[{"href":"https:\/\/likeink.com\/da\/wp-json\/wp\/v2\/media?parent=32711"}],"wp:term":[{"taxonomy":"product_brand","embeddable":true,"href":"https:\/\/likeink.com\/da\/wp-json\/wp\/v2\/product_brand?post=32711"},{"taxonomy":"product_cat","embeddable":true,"href":"https:\/\/likeink.com\/da\/wp-json\/wp\/v2\/product_cat?post=32711"},{"taxonomy":"product_tag","embeddable":true,"href":"https:\/\/likeink.com\/da\/wp-json\/wp\/v2\/product_tag?post=32711"}],"curies":[{"name":"wp","href":"https:\/\/api.w.org\/{rel}","templated":true}]}}