{"id":34560,"date":"2024-12-09T18:22:15","date_gmt":"2024-12-09T18:22:15","guid":{"rendered":"https:\/\/likeink.se\/?post_type=product&#038;p=34560"},"modified":"2026-01-09T08:31:39","modified_gmt":"2026-01-09T08:31:39","slug":"freckle-tattoos-guldstjerner","status":"publish","type":"product","link":"https:\/\/likeink.com\/da\/midlertidige-tatoveringer\/freckle-tattoos-guldstjerner\/","title":{"rendered":"Freckle Tattoos Guldstjerner"},"content":{"rendered":"","protected":false},"excerpt":{"rendered":"<p><strong>Like Ink Freckle Tattoos Guldstjerner \u2013 Glitrende Stjerner og Prikker i Guld<\/strong><\/p>\n<p>Tilf\u00f8j et magisk touch til dit look med Like Ink Metallic Freckle Tattoos \u2013 skinnende guldstjerner og prikker, der placeres smukt over n\u00e6sen og under \u00f8jnene. Perfekt til en bytur, en festival eller nyt\u00e5rsaften, n\u00e5r du vil skinne lidt ekstra!<\/p>\n<p>Vores Freckle Stripes er designet til at blive siddende og give et naturligt, stilrent look. Takket v\u00e6re det smarte design kl\u00e6ber limen kun til selve tatoveringen \u2013 ingen un\u00f8dvendig plastfilm rundt om, der \u00f8del\u00e6gger helhedsindtrykket. Disse fregne-tatoveringer i h\u00f8j kvalitet er den perfekte kombination af diskret charme og stilfuldt statement.<\/p>\n<p>Like Ink Freckle Tattoos er ogs\u00e5 allergivenlige og sk\u00e5nsomme mod huden, hvilket g\u00f8r dem sikre at bruge, selv for f\u00f8lsom hud. De er nemme at p\u00e5f\u00f8re og fjerne \u2013 skab dit dr\u00f8mmelook p\u00e5 f\u00e5 minutter!<\/p>\n<p>\u2728 Skab magi med Like Ink Freckle Tattoos \u2013 en glitrende detalje, der g\u00f8r hele forskellen! \u2728<\/p>\n<p><strong>St\u00f8rrelse:<\/strong> 15 x 4 cm<\/p>\n","protected":false},"featured_media":52976,"template":"","meta":[],"product_brand":[],"product_cat":[53,169,171],"product_tag":[],"class_list":{"0":"post-34560","1":"product","2":"type-product","3":"status-publish","4":"has-post-thumbnail","6":"product_cat-faerdige-ark","7":"product_cat-hoejtids-tatoveringer","8":"product_cat-oevrige-tatoveringer","10":"first","11":"instock","12":"taxable","13":"shipping-taxable","14":"purchasable","15":"product-type-simple"},"yoast_head":"<!-- This site is optimized with the Yoast SEO Premium plugin v26.2 (Yoast SEO v27.4) - https:\/\/yoast.com\/product\/yoast-seo-premium-wordpress\/ -->\n<title>Freckle Tattoos Guldstjerner - Like ink<\/title>\n<meta name=\"description\" content=\"Tatover funklende stjerner som fregner over n\u00e6sen og under \u00f8jnene. Stilfuldt, enkelt og den perfekte m\u00e5de at pifte festen op p\u00e5! - Like ink\" \/>\n<meta name=\"robots\" content=\"index, follow, max-snippet:-1, max-image-preview:large, max-video-preview:-1\" \/>\n<link rel=\"canonical\" href=\"https:\/\/likeink.com\/da\/midlertidige-tatoveringer\/freckle-tattoos-guldstjerner\/\" \/>\n<meta property=\"og:locale\" content=\"da_DK\" \/>\n<meta property=\"og:type\" content=\"article\" \/>\n<meta property=\"og:title\" content=\"Freckle Tattoos Guldstjerner\" \/>\n<meta property=\"og:description\" content=\"Like Ink Freckle Tattoos Guldstjerner \u2013 Glitrende Stjerner og Prikker i Guld  Tilf\u00f8j et magisk touch til dit look med Like Ink Metallic Freckle Tattoos \u2013 skinnende guldstjerner og prikker, der placeres smukt over n\u00e6sen og under \u00f8jnene. Perfekt til en bytur, en festival eller nyt\u00e5rsaften, n\u00e5r du vil skinne lidt ekstra!  Vores Freckle Stripes er designet til at blive siddende og give et naturligt, stilrent look. Takket v\u00e6re det smarte design kl\u00e6ber limen kun til selve tatoveringen \u2013 ingen un\u00f8dvendig plastfilm rundt om, der \u00f8del\u00e6gger helhedsindtrykket. Disse fregne-tatoveringer i h\u00f8j kvalitet er den perfekte kombination af diskret charme og stilfuldt statement.  Like Ink Freckle Tattoos er ogs\u00e5 allergivenlige og sk\u00e5nsomme mod huden, hvilket g\u00f8r dem sikre at bruge, selv for f\u00f8lsom hud. De er nemme at p\u00e5f\u00f8re og fjerne \u2013 skab dit dr\u00f8mmelook p\u00e5 f\u00e5 minutter!  \u2728 Skab magi med Like Ink Freckle Tattoos \u2013 en glitrende detalje, der g\u00f8r hele forskellen! \u2728  St\u00f8rrelse: 15 x 4 cm\" \/>\n<meta property=\"og:url\" content=\"https:\/\/likeink.com\/da\/midlertidige-tatoveringer\/freckle-tattoos-guldstjerner\/\" \/>\n<meta property=\"og:site_name\" content=\"Like ink\" \/>\n<meta property=\"article:publisher\" content=\"https:\/\/www.facebook.com\/LikeInkSe\" \/>\n<meta property=\"article:modified_time\" content=\"2026-01-09T08:31:39+00:00\" \/>\n<meta property=\"og:image\" content=\"https:\/\/likeink.com\/wp-content\/uploads\/2025\/11\/Freckle-Star-Tattoos-Likeink-683x1024.png\" \/>\n\t<meta property=\"og:image:width\" content=\"683\" \/>\n\t<meta property=\"og:image:height\" content=\"1024\" \/>\n\t<meta property=\"og:image:type\" content=\"image\/png\" \/>\n<meta name=\"twitter:card\" content=\"summary_large_image\" \/>\n<meta name=\"twitter:label1\" content=\"Estimeret l\u00e6setid\" \/>\n\t<meta name=\"twitter:data1\" content=\"1 minut\" \/>\n<script type=\"application\/ld+json\" class=\"yoast-schema-graph\">{\"@context\":\"https:\\\/\\\/schema.org\",\"@graph\":[{\"@type\":\"WebPage\",\"@id\":\"https:\\\/\\\/likeink.com\\\/da\\\/midlertidige-tatoveringer\\\/freckle-tattoos-guldstjerner\\\/\",\"url\":\"https:\\\/\\\/likeink.com\\\/da\\\/midlertidige-tatoveringer\\\/freckle-tattoos-guldstjerner\\\/\",\"name\":\"Freckle Tattoos Guldstjerner - Like ink\",\"isPartOf\":{\"@id\":\"https:\\\/\\\/likeink.com\\\/da\\\/#website\"},\"primaryImageOfPage\":{\"@id\":\"https:\\\/\\\/likeink.com\\\/da\\\/midlertidige-tatoveringer\\\/freckle-tattoos-guldstjerner\\\/#primaryimage\"},\"image\":{\"@id\":\"https:\\\/\\\/likeink.com\\\/da\\\/midlertidige-tatoveringer\\\/freckle-tattoos-guldstjerner\\\/#primaryimage\"},\"thumbnailUrl\":\"https:\\\/\\\/likeink.com\\\/wp-content\\\/uploads\\\/2025\\\/11\\\/Freckle-Star-Tattoos-Likeink.png\",\"datePublished\":\"2024-12-09T18:22:15+00:00\",\"dateModified\":\"2026-01-09T08:31:39+00:00\",\"description\":\"Tatover funklende stjerner som fregner over n\u00e6sen og under \u00f8jnene. Stilfuldt, enkelt og den perfekte m\u00e5de at pifte festen op p\u00e5! - Like ink\",\"breadcrumb\":{\"@id\":\"https:\\\/\\\/likeink.com\\\/da\\\/midlertidige-tatoveringer\\\/freckle-tattoos-guldstjerner\\\/#breadcrumb\"},\"inLanguage\":\"da-DK\",\"potentialAction\":[{\"@type\":\"ReadAction\",\"target\":[\"https:\\\/\\\/likeink.com\\\/da\\\/midlertidige-tatoveringer\\\/freckle-tattoos-guldstjerner\\\/\"]}]},{\"@type\":\"ImageObject\",\"inLanguage\":\"da-DK\",\"@id\":\"https:\\\/\\\/likeink.com\\\/da\\\/midlertidige-tatoveringer\\\/freckle-tattoos-guldstjerner\\\/#primaryimage\",\"url\":\"https:\\\/\\\/likeink.com\\\/wp-content\\\/uploads\\\/2025\\\/11\\\/Freckle-Star-Tattoos-Likeink.png\",\"contentUrl\":\"https:\\\/\\\/likeink.com\\\/wp-content\\\/uploads\\\/2025\\\/11\\\/Freckle-Star-Tattoos-Likeink.png\",\"width\":1024,\"height\":1536,\"caption\":\"En ung kvinna med gr\u00f6na \u00f6gon och v\u00e5gigt brunt h\u00e5r tittar in i kameran. Hennes kinder och n\u00e4sa \u00e4r t\u00e4ckta av sm\u00e5 klisterm\u00e4rken med guldstj\u00e4rnor och hon har ett naturligt, lugnt ansiktsuttryck.\"},{\"@type\":\"BreadcrumbList\",\"@id\":\"https:\\\/\\\/likeink.com\\\/da\\\/midlertidige-tatoveringer\\\/freckle-tattoos-guldstjerner\\\/#breadcrumb\",\"itemListElement\":[{\"@type\":\"ListItem\",\"position\":1,\"name\":\"Hem\",\"item\":\"https:\\\/\\\/likeink.com\\\/da\\\/\"},{\"@type\":\"ListItem\",\"position\":2,\"name\":\"Shop\",\"item\":\"https:\\\/\\\/likeink.com\\\/da\\\/shop\\\/\"},{\"@type\":\"ListItem\",\"position\":3,\"name\":\"Freckle Tattoos Guldstjerner\"}]},{\"@type\":\"WebSite\",\"@id\":\"https:\\\/\\\/likeink.com\\\/da\\\/#website\",\"url\":\"https:\\\/\\\/likeink.com\\\/da\\\/\",\"name\":\"Like ink\",\"description\":\"Make your own custom design\",\"potentialAction\":[{\"@type\":\"SearchAction\",\"target\":{\"@type\":\"EntryPoint\",\"urlTemplate\":\"https:\\\/\\\/likeink.com\\\/da\\\/?s={search_term_string}\"},\"query-input\":{\"@type\":\"PropertyValueSpecification\",\"valueRequired\":true,\"valueName\":\"search_term_string\"}}],\"inLanguage\":\"da-DK\"}]}<\/script>\n<!-- \/ Yoast SEO Premium plugin. -->","yoast_head_json":{"title":"Freckle Tattoos Guldstjerner - Like ink","description":"Tatover funklende stjerner som fregner over n\u00e6sen og under \u00f8jnene. Stilfuldt, enkelt og den perfekte m\u00e5de at pifte festen op p\u00e5! - Like ink","robots":{"index":"index","follow":"follow","max-snippet":"max-snippet:-1","max-image-preview":"max-image-preview:large","max-video-preview":"max-video-preview:-1"},"canonical":"https:\/\/likeink.com\/da\/midlertidige-tatoveringer\/freckle-tattoos-guldstjerner\/","og_locale":"da_DK","og_type":"article","og_title":"Freckle Tattoos Guldstjerner","og_description":"Like Ink Freckle Tattoos Guldstjerner \u2013 Glitrende Stjerner og Prikker i Guld  Tilf\u00f8j et magisk touch til dit look med Like Ink Metallic Freckle Tattoos \u2013 skinnende guldstjerner og prikker, der placeres smukt over n\u00e6sen og under \u00f8jnene. Perfekt til en bytur, en festival eller nyt\u00e5rsaften, n\u00e5r du vil skinne lidt ekstra!  Vores Freckle Stripes er designet til at blive siddende og give et naturligt, stilrent look. Takket v\u00e6re det smarte design kl\u00e6ber limen kun til selve tatoveringen \u2013 ingen un\u00f8dvendig plastfilm rundt om, der \u00f8del\u00e6gger helhedsindtrykket. Disse fregne-tatoveringer i h\u00f8j kvalitet er den perfekte kombination af diskret charme og stilfuldt statement.  Like Ink Freckle Tattoos er ogs\u00e5 allergivenlige og sk\u00e5nsomme mod huden, hvilket g\u00f8r dem sikre at bruge, selv for f\u00f8lsom hud. De er nemme at p\u00e5f\u00f8re og fjerne \u2013 skab dit dr\u00f8mmelook p\u00e5 f\u00e5 minutter!  \u2728 Skab magi med Like Ink Freckle Tattoos \u2013 en glitrende detalje, der g\u00f8r hele forskellen! \u2728  St\u00f8rrelse: 15 x 4 cm","og_url":"https:\/\/likeink.com\/da\/midlertidige-tatoveringer\/freckle-tattoos-guldstjerner\/","og_site_name":"Like ink","article_publisher":"https:\/\/www.facebook.com\/LikeInkSe","article_modified_time":"2026-01-09T08:31:39+00:00","og_image":[{"width":683,"height":1024,"url":"https:\/\/likeink.com\/wp-content\/uploads\/2025\/11\/Freckle-Star-Tattoos-Likeink-683x1024.png","type":"image\/png"}],"twitter_card":"summary_large_image","twitter_misc":{"Estimeret l\u00e6setid":"1 minut"},"schema":{"@context":"https:\/\/schema.org","@graph":[{"@type":"WebPage","@id":"https:\/\/likeink.com\/da\/midlertidige-tatoveringer\/freckle-tattoos-guldstjerner\/","url":"https:\/\/likeink.com\/da\/midlertidige-tatoveringer\/freckle-tattoos-guldstjerner\/","name":"Freckle Tattoos Guldstjerner - Like ink","isPartOf":{"@id":"https:\/\/likeink.com\/da\/#website"},"primaryImageOfPage":{"@id":"https:\/\/likeink.com\/da\/midlertidige-tatoveringer\/freckle-tattoos-guldstjerner\/#primaryimage"},"image":{"@id":"https:\/\/likeink.com\/da\/midlertidige-tatoveringer\/freckle-tattoos-guldstjerner\/#primaryimage"},"thumbnailUrl":"https:\/\/likeink.com\/wp-content\/uploads\/2025\/11\/Freckle-Star-Tattoos-Likeink.png","datePublished":"2024-12-09T18:22:15+00:00","dateModified":"2026-01-09T08:31:39+00:00","description":"Tatover funklende stjerner som fregner over n\u00e6sen og under \u00f8jnene. Stilfuldt, enkelt og den perfekte m\u00e5de at pifte festen op p\u00e5! - Like ink","breadcrumb":{"@id":"https:\/\/likeink.com\/da\/midlertidige-tatoveringer\/freckle-tattoos-guldstjerner\/#breadcrumb"},"inLanguage":"da-DK","potentialAction":[{"@type":"ReadAction","target":["https:\/\/likeink.com\/da\/midlertidige-tatoveringer\/freckle-tattoos-guldstjerner\/"]}]},{"@type":"ImageObject","inLanguage":"da-DK","@id":"https:\/\/likeink.com\/da\/midlertidige-tatoveringer\/freckle-tattoos-guldstjerner\/#primaryimage","url":"https:\/\/likeink.com\/wp-content\/uploads\/2025\/11\/Freckle-Star-Tattoos-Likeink.png","contentUrl":"https:\/\/likeink.com\/wp-content\/uploads\/2025\/11\/Freckle-Star-Tattoos-Likeink.png","width":1024,"height":1536,"caption":"En ung kvinna med gr\u00f6na \u00f6gon och v\u00e5gigt brunt h\u00e5r tittar in i kameran. Hennes kinder och n\u00e4sa \u00e4r t\u00e4ckta av sm\u00e5 klisterm\u00e4rken med guldstj\u00e4rnor och hon har ett naturligt, lugnt ansiktsuttryck."},{"@type":"BreadcrumbList","@id":"https:\/\/likeink.com\/da\/midlertidige-tatoveringer\/freckle-tattoos-guldstjerner\/#breadcrumb","itemListElement":[{"@type":"ListItem","position":1,"name":"Hem","item":"https:\/\/likeink.com\/da\/"},{"@type":"ListItem","position":2,"name":"Shop","item":"https:\/\/likeink.com\/da\/shop\/"},{"@type":"ListItem","position":3,"name":"Freckle Tattoos Guldstjerner"}]},{"@type":"WebSite","@id":"https:\/\/likeink.com\/da\/#website","url":"https:\/\/likeink.com\/da\/","name":"Like ink","description":"Make your own custom design","potentialAction":[{"@type":"SearchAction","target":{"@type":"EntryPoint","urlTemplate":"https:\/\/likeink.com\/da\/?s={search_term_string}"},"query-input":{"@type":"PropertyValueSpecification","valueRequired":true,"valueName":"search_term_string"}}],"inLanguage":"da-DK"}]}},"_links":{"self":[{"href":"https:\/\/likeink.com\/da\/wp-json\/wp\/v2\/product\/34560","targetHints":{"allow":["GET"]}}],"collection":[{"href":"https:\/\/likeink.com\/da\/wp-json\/wp\/v2\/product"}],"about":[{"href":"https:\/\/likeink.com\/da\/wp-json\/wp\/v2\/types\/product"}],"wp:featuredmedia":[{"embeddable":true,"href":"https:\/\/likeink.com\/da\/wp-json\/wp\/v2\/media\/52976"}],"wp:attachment":[{"href":"https:\/\/likeink.com\/da\/wp-json\/wp\/v2\/media?parent=34560"}],"wp:term":[{"taxonomy":"product_brand","embeddable":true,"href":"https:\/\/likeink.com\/da\/wp-json\/wp\/v2\/product_brand?post=34560"},{"taxonomy":"product_cat","embeddable":true,"href":"https:\/\/likeink.com\/da\/wp-json\/wp\/v2\/product_cat?post=34560"},{"taxonomy":"product_tag","embeddable":true,"href":"https:\/\/likeink.com\/da\/wp-json\/wp\/v2\/product_tag?post=34560"}],"curies":[{"name":"wp","href":"https:\/\/api.w.org\/{rel}","templated":true}]}}