{"id":34589,"date":"2024-12-10T13:01:11","date_gmt":"2024-12-10T13:01:11","guid":{"rendered":"https:\/\/likeink.se\/gnuggis\/like-inks-nyarskollektion-a4\/"},"modified":"2024-12-10T13:12:25","modified_gmt":"2024-12-10T13:12:25","slug":"like-inks-nytaarskollektion-a4","status":"publish","type":"product","link":"https:\/\/likeink.com\/da\/midlertidige-tatoveringer\/like-inks-nytaarskollektion-a4\/","title":{"rendered":"Like Inks Nyt\u00e5rskollektion A4"},"content":{"rendered":"","protected":false},"excerpt":{"rendered":"<p>Fejr det nye \u00e5r med Like Inks Nyt\u00e5rskollektion! \u2728<\/p>\n<h2>Bestil Like Inks nyt\u00e5rstatoveringer og maksimer stemningen til din nyt\u00e5rsfest<\/h2>\n<p>Giv festen et sjovt twist med vores midlertidige tatoveringer \u2013 et helt A4 fyldt med sjove, stilfulde og festlige motiver, der emmer af nyt\u00e5rsstemning. Her finder du alt, hvad du beh\u00f8ver for at h\u00e6ve stemningen og f\u00e5 dine g\u00e6ster til at grine og vise deres mest kreative og bedste sider. Tatoveringerne er nemme at p\u00e5f\u00f8re, sjove at b\u00e6re og lette at fjerne, n\u00e5r festen er slut. Perfekt til nyt\u00e5rsfesten!<\/p>\n<p><strong>Arkst\u00f8rrelse:<\/strong> A4<br \/>\n<strong>St\u00f8rrelse p\u00e5 tatoveringerne:<\/strong> 30-50 mm<\/p>\n","protected":false},"featured_media":34581,"template":"","meta":[],"product_brand":[],"product_cat":[53,513],"product_tag":[],"class_list":{"0":"post-34589","1":"product","2":"type-product","3":"status-publish","4":"has-post-thumbnail","6":"product_cat-faerdige-ark","7":"product_cat-maskerade-saeson","9":"first","10":"instock","11":"taxable","12":"shipping-taxable","13":"purchasable","14":"product-type-simple"},"yoast_head":"<!-- This site is optimized with the Yoast SEO Premium plugin v26.2 (Yoast SEO v27.5) - https:\/\/yoast.com\/product\/yoast-seo-premium-wordpress\/ -->\n<title>Like Inks Nyt\u00e5rskollektion A4 - Like ink<\/title>\n<meta name=\"description\" content=\"Like Inks Nyt\u00e5rskollektion A4 \u2013 Midlertidige nyt\u00e5rstatoveringer, der l\u00f8fter stemningen og f\u00e5r g\u00e6sterne til at f\u00f8le sig hjemme. - Like ink\" \/>\n<meta name=\"robots\" content=\"index, follow, max-snippet:-1, max-image-preview:large, max-video-preview:-1\" \/>\n<link rel=\"canonical\" href=\"https:\/\/likeink.com\/da\/midlertidige-tatoveringer\/like-inks-nytaarskollektion-a4\/\" \/>\n<meta property=\"og:locale\" content=\"da_DK\" \/>\n<meta property=\"og:type\" content=\"article\" \/>\n<meta property=\"og:title\" content=\"Like Inks Nyt\u00e5rskollektion A4\" \/>\n<meta property=\"og:description\" content=\"Fejr det nye \u00e5r med Like Inks Nyt\u00e5rskollektion! \u2728  Bestil Like Inks nyt\u00e5rstatoveringer og maksimer stemningen til din nyt\u00e5rsfest Giv festen et sjovt twist med vores midlertidige tatoveringer \u2013 et helt A4 fyldt med sjove, stilfulde og festlige motiver, der emmer af nyt\u00e5rsstemning. Her finder du alt, hvad du beh\u00f8ver for at h\u00e6ve stemningen og f\u00e5 dine g\u00e6ster til at grine og vise deres mest kreative og bedste sider. Tatoveringerne er nemme at p\u00e5f\u00f8re, sjove at b\u00e6re og lette at fjerne, n\u00e5r festen er slut. Perfekt til nyt\u00e5rsfesten!  Arkst\u00f8rrelse: A4 St\u00f8rrelse p\u00e5 tatoveringerne: 30-50 mm\" \/>\n<meta property=\"og:url\" content=\"https:\/\/likeink.com\/da\/midlertidige-tatoveringer\/like-inks-nytaarskollektion-a4\/\" \/>\n<meta property=\"og:site_name\" content=\"Like ink\" \/>\n<meta property=\"article:publisher\" content=\"https:\/\/www.facebook.com\/LikeInkSe\" \/>\n<meta property=\"article:modified_time\" content=\"2024-12-10T13:12:25+00:00\" \/>\n<meta property=\"og:image\" content=\"https:\/\/likeink.com\/wp-content\/uploads\/2024\/12\/LikeinkNewYearCollection.png\" \/>\n\t<meta property=\"og:image:width\" content=\"1500\" \/>\n\t<meta property=\"og:image:height\" content=\"1060\" \/>\n\t<meta property=\"og:image:type\" content=\"image\/png\" \/>\n<meta name=\"twitter:card\" content=\"summary_large_image\" \/>\n<meta name=\"twitter:label1\" content=\"Estimeret l\u00e6setid\" \/>\n\t<meta name=\"twitter:data1\" content=\"1 minut\" \/>\n<!-- \/ Yoast SEO Premium plugin. -->","yoast_head_json":{"title":"Like Inks Nyt\u00e5rskollektion A4 - Like ink","description":"Like Inks Nyt\u00e5rskollektion A4 \u2013 Midlertidige nyt\u00e5rstatoveringer, der l\u00f8fter stemningen og f\u00e5r g\u00e6sterne til at f\u00f8le sig hjemme. - Like ink","robots":{"index":"index","follow":"follow","max-snippet":"max-snippet:-1","max-image-preview":"max-image-preview:large","max-video-preview":"max-video-preview:-1"},"canonical":"https:\/\/likeink.com\/da\/midlertidige-tatoveringer\/like-inks-nytaarskollektion-a4\/","og_locale":"da_DK","og_type":"article","og_title":"Like Inks Nyt\u00e5rskollektion A4","og_description":"Fejr det nye \u00e5r med Like Inks Nyt\u00e5rskollektion! \u2728  Bestil Like Inks nyt\u00e5rstatoveringer og maksimer stemningen til din nyt\u00e5rsfest Giv festen et sjovt twist med vores midlertidige tatoveringer \u2013 et helt A4 fyldt med sjove, stilfulde og festlige motiver, der emmer af nyt\u00e5rsstemning. Her finder du alt, hvad du beh\u00f8ver for at h\u00e6ve stemningen og f\u00e5 dine g\u00e6ster til at grine og vise deres mest kreative og bedste sider. Tatoveringerne er nemme at p\u00e5f\u00f8re, sjove at b\u00e6re og lette at fjerne, n\u00e5r festen er slut. Perfekt til nyt\u00e5rsfesten!  Arkst\u00f8rrelse: A4 St\u00f8rrelse p\u00e5 tatoveringerne: 30-50 mm","og_url":"https:\/\/likeink.com\/da\/midlertidige-tatoveringer\/like-inks-nytaarskollektion-a4\/","og_site_name":"Like ink","article_publisher":"https:\/\/www.facebook.com\/LikeInkSe","article_modified_time":"2024-12-10T13:12:25+00:00","og_image":[{"width":1500,"height":1060,"url":"https:\/\/likeink.com\/wp-content\/uploads\/2024\/12\/LikeinkNewYearCollection.png","type":"image\/png"}],"twitter_card":"summary_large_image","twitter_misc":{"Estimeret l\u00e6setid":"1 minut"},"schema":{"@context":"https:\/\/schema.org","@graph":[{"@type":"WebPage","@id":"https:\/\/likeink.com\/da\/midlertidige-tatoveringer\/like-inks-nytaarskollektion-a4\/","url":"https:\/\/likeink.com\/da\/midlertidige-tatoveringer\/like-inks-nytaarskollektion-a4\/","name":"Like Inks Nyt\u00e5rskollektion A4 - Like ink","isPartOf":{"@id":"https:\/\/likeink.com\/da\/#website"},"primaryImageOfPage":{"@id":"https:\/\/likeink.com\/da\/midlertidige-tatoveringer\/like-inks-nytaarskollektion-a4\/#primaryimage"},"image":{"@id":"https:\/\/likeink.com\/da\/midlertidige-tatoveringer\/like-inks-nytaarskollektion-a4\/#primaryimage"},"thumbnailUrl":"https:\/\/likeink.com\/wp-content\/uploads\/2024\/12\/LikeinkNewYearCollection.png","datePublished":"2024-12-10T13:01:11+00:00","dateModified":"2024-12-10T13:12:25+00:00","description":"Like Inks Nyt\u00e5rskollektion A4 \u2013 Midlertidige nyt\u00e5rstatoveringer, der l\u00f8fter stemningen og f\u00e5r g\u00e6sterne til at f\u00f8le sig hjemme. - Like ink","breadcrumb":{"@id":"https:\/\/likeink.com\/da\/midlertidige-tatoveringer\/like-inks-nytaarskollektion-a4\/#breadcrumb"},"inLanguage":"da-DK","potentialAction":[{"@type":"ReadAction","target":["https:\/\/likeink.com\/da\/midlertidige-tatoveringer\/like-inks-nytaarskollektion-a4\/"]}]},{"@type":"ImageObject","inLanguage":"da-DK","@id":"https:\/\/likeink.com\/da\/midlertidige-tatoveringer\/like-inks-nytaarskollektion-a4\/#primaryimage","url":"https:\/\/likeink.com\/wp-content\/uploads\/2024\/12\/LikeinkNewYearCollection.png","contentUrl":"https:\/\/likeink.com\/wp-content\/uploads\/2024\/12\/LikeinkNewYearCollection.png","width":1500,"height":1060,"caption":"\"Midlertidige tatoveringer med nyt\u00e5rstema med livlige illustrationer og slogans som 'Hello 2025', 'Let 2025 Begin' og festlige motiver som champagneglas, festhatte og sjove figurer.\""},{"@type":"BreadcrumbList","@id":"https:\/\/likeink.com\/da\/midlertidige-tatoveringer\/like-inks-nytaarskollektion-a4\/#breadcrumb","itemListElement":[{"@type":"ListItem","position":1,"name":"Hem","item":"https:\/\/likeink.com\/da\/"},{"@type":"ListItem","position":2,"name":"Shop","item":"https:\/\/likeink.com\/da\/shop\/"},{"@type":"ListItem","position":3,"name":"Like Inks Nyt\u00e5rskollektion A4"}]},{"@type":"WebSite","@id":"https:\/\/likeink.com\/da\/#website","url":"https:\/\/likeink.com\/da\/","name":"Like ink","description":"Make your own custom design","potentialAction":[{"@type":"SearchAction","target":{"@type":"EntryPoint","urlTemplate":"https:\/\/likeink.com\/da\/?s={search_term_string}"},"query-input":{"@type":"PropertyValueSpecification","valueRequired":true,"valueName":"search_term_string"}}],"inLanguage":"da-DK"}]}},"_links":{"self":[{"href":"https:\/\/likeink.com\/da\/wp-json\/wp\/v2\/product\/34589","targetHints":{"allow":["GET"]}}],"collection":[{"href":"https:\/\/likeink.com\/da\/wp-json\/wp\/v2\/product"}],"about":[{"href":"https:\/\/likeink.com\/da\/wp-json\/wp\/v2\/types\/product"}],"wp:featuredmedia":[{"embeddable":true,"href":"https:\/\/likeink.com\/da\/wp-json\/wp\/v2\/media\/34581"}],"wp:attachment":[{"href":"https:\/\/likeink.com\/da\/wp-json\/wp\/v2\/media?parent=34589"}],"wp:term":[{"taxonomy":"product_brand","embeddable":true,"href":"https:\/\/likeink.com\/da\/wp-json\/wp\/v2\/product_brand?post=34589"},{"taxonomy":"product_cat","embeddable":true,"href":"https:\/\/likeink.com\/da\/wp-json\/wp\/v2\/product_cat?post=34589"},{"taxonomy":"product_tag","embeddable":true,"href":"https:\/\/likeink.com\/da\/wp-json\/wp\/v2\/product_tag?post=34589"}],"curies":[{"name":"wp","href":"https:\/\/api.w.org\/{rel}","templated":true}]}}