{"id":34604,"date":"2024-12-10T13:31:08","date_gmt":"2024-12-10T13:31:08","guid":{"rendered":"https:\/\/likeink.se\/gnuggis\/freckle-tattoos-silverregn\/"},"modified":"2026-04-27T22:23:30","modified_gmt":"2026-04-27T22:23:30","slug":"freckle-tattoos-silver-rain","status":"publish","type":"product","link":"https:\/\/likeink.com\/da\/midlertidige-tatoveringer\/freckle-tattoos-silver-rain\/","title":{"rendered":"Freckle Tattoos Silver Rain"},"content":{"rendered":"","protected":false},"excerpt":{"rendered":"<p><strong>Like Ink Freckle Tattoos Silver Rain \u2013 Glitrende klynger af sm\u00e5 prikker og dr\u00e5ber i s\u00f8lv.<\/strong><\/p>\n<p>Giv dit look et magisk touch med Like Ink Metallic Freckle Tattoos \u2013 glitrende sm\u00e5 prikker og dr\u00e5ber i s\u00f8lv, der placeres over n\u00e6sen og under \u00f8jnene. Perfekt til en aften ude, festival eller nyt\u00e5rsaften, n\u00e5r du vil glimte lidt ekstra!<\/p>\n<h2>K\u00f8b kvalitets-fregnetatoveringer<\/h2>\n<p>Vores fregnetatoveringer er designet til at blive siddende l\u00e6nge og give et naturligt, stilfuldt look. Takket v\u00e6re det smarte design kl\u00e6ber limen kun til selve tatoveringen \u2013 ingen un\u00f8dvendig plastfilm rundt om, der forstyrrer helhedsindtrykket. Superflotte fregnetatoveringer i h\u00f8j kvalitet.<\/p>\n<p>Desuden er Like Ink Freckle Tattoos allergivenlige og sk\u00e5nsomme mod huden, hvilket g\u00f8r dem sikre at bruge, selv for f\u00f8lsom hud. Nemme at p\u00e5f\u00f8re og lette at fjerne \u2013 skab dit dr\u00f8mmelook p\u00e5 f\u00e5 minutter.<\/p>\n<p>\u2728 Skab magi med Like Ink Freckle Tattoos \u2013 en glitrende detalje, der g\u00f8r hele forskellen! \u2728<\/p>\n<p><strong>St\u00f8rrelse:<\/strong> 15&#215;4 cm<\/p>\n","protected":false},"featured_media":59473,"template":"","meta":[],"product_brand":[],"product_cat":[53,513],"product_tag":[],"class_list":{"0":"post-34604","1":"product","2":"type-product","3":"status-publish","4":"has-post-thumbnail","6":"product_cat-faerdige-ark","7":"product_cat-maskerade-saeson","9":"first","10":"instock","11":"taxable","12":"shipping-taxable","13":"purchasable","14":"product-type-simple"},"yoast_head":"<!-- This site is optimized with the Yoast SEO Premium plugin v26.2 (Yoast SEO v27.5) - https:\/\/yoast.com\/product\/yoast-seo-premium-wordpress\/ -->\n<title>Freckle Tattoos Silver Rain - Like ink<\/title>\n<meta name=\"description\" content=\"Freckle Tattoos Silver Rain: Tatoveringsklynger med funklende s\u00f8lvdr\u00e5ber, der placeres over n\u00e6sen og under \u00f8jnene. - Like ink\" \/>\n<meta name=\"robots\" content=\"index, follow, max-snippet:-1, max-image-preview:large, max-video-preview:-1\" \/>\n<link rel=\"canonical\" href=\"https:\/\/likeink.com\/da\/midlertidige-tatoveringer\/freckle-tattoos-silver-rain\/\" \/>\n<meta property=\"og:locale\" content=\"da_DK\" \/>\n<meta property=\"og:type\" content=\"article\" \/>\n<meta property=\"og:title\" content=\"Freckle Tattoos Silver Rain\" \/>\n<meta property=\"og:description\" content=\"Like Ink Freckle Tattoos Silver Rain \u2013 Glitrende klynger af sm\u00e5 prikker og dr\u00e5ber i s\u00f8lv.  Giv dit look et magisk touch med Like Ink Metallic Freckle Tattoos \u2013 glitrende sm\u00e5 prikker og dr\u00e5ber i s\u00f8lv, der placeres over n\u00e6sen og under \u00f8jnene. Perfekt til en aften ude, festival eller nyt\u00e5rsaften, n\u00e5r du vil glimte lidt ekstra!  K\u00f8b kvalitets-fregnetatoveringer Vores fregnetatoveringer er designet til at blive siddende l\u00e6nge og give et naturligt, stilfuldt look. Takket v\u00e6re det smarte design kl\u00e6ber limen kun til selve tatoveringen \u2013 ingen un\u00f8dvendig plastfilm rundt om, der forstyrrer helhedsindtrykket. Superflotte fregnetatoveringer i h\u00f8j kvalitet.  Desuden er Like Ink Freckle Tattoos allergivenlige og sk\u00e5nsomme mod huden, hvilket g\u00f8r dem sikre at bruge, selv for f\u00f8lsom hud. Nemme at p\u00e5f\u00f8re og lette at fjerne \u2013 skab dit dr\u00f8mmelook p\u00e5 f\u00e5 minutter.  \u2728 Skab magi med Like Ink Freckle Tattoos \u2013 en glitrende detalje, der g\u00f8r hele forskellen! \u2728  St\u00f8rrelse: 15x4 cm\" \/>\n<meta property=\"og:url\" content=\"https:\/\/likeink.com\/da\/midlertidige-tatoveringer\/freckle-tattoos-silver-rain\/\" \/>\n<meta property=\"og:site_name\" content=\"Like ink\" \/>\n<meta property=\"article:publisher\" content=\"https:\/\/www.facebook.com\/LikeInkSe\" \/>\n<meta property=\"article:modified_time\" content=\"2026-04-27T22:23:30+00:00\" \/>\n<meta property=\"og:image\" content=\"https:\/\/likeink.com\/wp-content\/uploads\/2025\/11\/FreckleTattoos-SilverDots-Likeink-819x1024.png\" \/>\n\t<meta property=\"og:image:width\" content=\"819\" \/>\n\t<meta property=\"og:image:height\" content=\"1024\" \/>\n\t<meta property=\"og:image:type\" content=\"image\/png\" \/>\n<meta name=\"twitter:card\" content=\"summary_large_image\" \/>\n<meta name=\"twitter:label1\" content=\"Estimeret l\u00e6setid\" \/>\n\t<meta name=\"twitter:data1\" content=\"1 minut\" \/>\n<!-- \/ Yoast SEO Premium plugin. -->","yoast_head_json":{"title":"Freckle Tattoos Silver Rain - Like ink","description":"Freckle Tattoos Silver Rain: Tatoveringsklynger med funklende s\u00f8lvdr\u00e5ber, der placeres over n\u00e6sen og under \u00f8jnene. - Like ink","robots":{"index":"index","follow":"follow","max-snippet":"max-snippet:-1","max-image-preview":"max-image-preview:large","max-video-preview":"max-video-preview:-1"},"canonical":"https:\/\/likeink.com\/da\/midlertidige-tatoveringer\/freckle-tattoos-silver-rain\/","og_locale":"da_DK","og_type":"article","og_title":"Freckle Tattoos Silver Rain","og_description":"Like Ink Freckle Tattoos Silver Rain \u2013 Glitrende klynger af sm\u00e5 prikker og dr\u00e5ber i s\u00f8lv.  Giv dit look et magisk touch med Like Ink Metallic Freckle Tattoos \u2013 glitrende sm\u00e5 prikker og dr\u00e5ber i s\u00f8lv, der placeres over n\u00e6sen og under \u00f8jnene. Perfekt til en aften ude, festival eller nyt\u00e5rsaften, n\u00e5r du vil glimte lidt ekstra!  K\u00f8b kvalitets-fregnetatoveringer Vores fregnetatoveringer er designet til at blive siddende l\u00e6nge og give et naturligt, stilfuldt look. Takket v\u00e6re det smarte design kl\u00e6ber limen kun til selve tatoveringen \u2013 ingen un\u00f8dvendig plastfilm rundt om, der forstyrrer helhedsindtrykket. Superflotte fregnetatoveringer i h\u00f8j kvalitet.  Desuden er Like Ink Freckle Tattoos allergivenlige og sk\u00e5nsomme mod huden, hvilket g\u00f8r dem sikre at bruge, selv for f\u00f8lsom hud. Nemme at p\u00e5f\u00f8re og lette at fjerne \u2013 skab dit dr\u00f8mmelook p\u00e5 f\u00e5 minutter.  \u2728 Skab magi med Like Ink Freckle Tattoos \u2013 en glitrende detalje, der g\u00f8r hele forskellen! \u2728  St\u00f8rrelse: 15x4 cm","og_url":"https:\/\/likeink.com\/da\/midlertidige-tatoveringer\/freckle-tattoos-silver-rain\/","og_site_name":"Like ink","article_publisher":"https:\/\/www.facebook.com\/LikeInkSe","article_modified_time":"2026-04-27T22:23:30+00:00","og_image":[{"width":819,"height":1024,"url":"https:\/\/likeink.com\/wp-content\/uploads\/2025\/11\/FreckleTattoos-SilverDots-Likeink-819x1024.png","type":"image\/png"}],"twitter_card":"summary_large_image","twitter_misc":{"Estimeret l\u00e6setid":"1 minut"},"schema":{"@context":"https:\/\/schema.org","@graph":[{"@type":"WebPage","@id":"https:\/\/likeink.com\/da\/midlertidige-tatoveringer\/freckle-tattoos-silver-rain\/","url":"https:\/\/likeink.com\/da\/midlertidige-tatoveringer\/freckle-tattoos-silver-rain\/","name":"Freckle Tattoos Silver Rain - Like ink","isPartOf":{"@id":"https:\/\/likeink.com\/da\/#website"},"primaryImageOfPage":{"@id":"https:\/\/likeink.com\/da\/midlertidige-tatoveringer\/freckle-tattoos-silver-rain\/#primaryimage"},"image":{"@id":"https:\/\/likeink.com\/da\/midlertidige-tatoveringer\/freckle-tattoos-silver-rain\/#primaryimage"},"thumbnailUrl":"https:\/\/likeink.com\/wp-content\/uploads\/2024\/12\/FreckleTattoos-SilverDots-Likeink-2.jpg","datePublished":"2024-12-10T13:31:08+00:00","dateModified":"2026-04-27T22:23:30+00:00","description":"Freckle Tattoos Silver Rain: Tatoveringsklynger med funklende s\u00f8lvdr\u00e5ber, der placeres over n\u00e6sen og under \u00f8jnene. - Like ink","breadcrumb":{"@id":"https:\/\/likeink.com\/da\/midlertidige-tatoveringer\/freckle-tattoos-silver-rain\/#breadcrumb"},"inLanguage":"da-DK","potentialAction":[{"@type":"ReadAction","target":["https:\/\/likeink.com\/da\/midlertidige-tatoveringer\/freckle-tattoos-silver-rain\/"]}]},{"@type":"ImageObject","inLanguage":"da-DK","@id":"https:\/\/likeink.com\/da\/midlertidige-tatoveringer\/freckle-tattoos-silver-rain\/#primaryimage","url":"https:\/\/likeink.com\/wp-content\/uploads\/2024\/12\/FreckleTattoos-SilverDots-Likeink-2.jpg","contentUrl":"https:\/\/likeink.com\/wp-content\/uploads\/2024\/12\/FreckleTattoos-SilverDots-Likeink-2.jpg","width":1720,"height":1520,"caption":"En person med kort m\u00f8rkt h\u00e5r og gr\u00f8nne \u00f8jne smiler blidt. N\u00e6sen og kinderne er prydet med fregnetatoveringer Silver Rain, der skaber et finurligt look af hvidprikket makeup og naturlige fregner."},{"@type":"BreadcrumbList","@id":"https:\/\/likeink.com\/da\/midlertidige-tatoveringer\/freckle-tattoos-silver-rain\/#breadcrumb","itemListElement":[{"@type":"ListItem","position":1,"name":"Hem","item":"https:\/\/likeink.com\/da\/"},{"@type":"ListItem","position":2,"name":"Shop","item":"https:\/\/likeink.com\/da\/shop\/"},{"@type":"ListItem","position":3,"name":"Freckle Tattoos Silver Rain"}]},{"@type":"WebSite","@id":"https:\/\/likeink.com\/da\/#website","url":"https:\/\/likeink.com\/da\/","name":"Like ink","description":"Make your own custom design","potentialAction":[{"@type":"SearchAction","target":{"@type":"EntryPoint","urlTemplate":"https:\/\/likeink.com\/da\/?s={search_term_string}"},"query-input":{"@type":"PropertyValueSpecification","valueRequired":true,"valueName":"search_term_string"}}],"inLanguage":"da-DK"}]}},"_links":{"self":[{"href":"https:\/\/likeink.com\/da\/wp-json\/wp\/v2\/product\/34604","targetHints":{"allow":["GET"]}}],"collection":[{"href":"https:\/\/likeink.com\/da\/wp-json\/wp\/v2\/product"}],"about":[{"href":"https:\/\/likeink.com\/da\/wp-json\/wp\/v2\/types\/product"}],"wp:featuredmedia":[{"embeddable":true,"href":"https:\/\/likeink.com\/da\/wp-json\/wp\/v2\/media\/59473"}],"wp:attachment":[{"href":"https:\/\/likeink.com\/da\/wp-json\/wp\/v2\/media?parent=34604"}],"wp:term":[{"taxonomy":"product_brand","embeddable":true,"href":"https:\/\/likeink.com\/da\/wp-json\/wp\/v2\/product_brand?post=34604"},{"taxonomy":"product_cat","embeddable":true,"href":"https:\/\/likeink.com\/da\/wp-json\/wp\/v2\/product_cat?post=34604"},{"taxonomy":"product_tag","embeddable":true,"href":"https:\/\/likeink.com\/da\/wp-json\/wp\/v2\/product_tag?post=34604"}],"curies":[{"name":"wp","href":"https:\/\/api.w.org\/{rel}","templated":true}]}}