{"id":34976,"date":"2025-01-15T14:14:38","date_gmt":"2025-01-15T14:14:38","guid":{"rendered":"https:\/\/likeink.se\/gnuggis\/kors-tatuering-a5\/"},"modified":"2026-03-16T15:45:32","modified_gmt":"2026-03-16T15:45:32","slug":"kors-tatovering","status":"publish","type":"product","link":"https:\/\/likeink.com\/da\/midlertidige-tatoveringer\/kors-tatovering\/","title":{"rendered":"Kors Tatovering"},"content":{"rendered":"","protected":false},"excerpt":{"rendered":"<p>Kors-tatoveringer i et stilrent og tidl\u00f8st design. Bestil et A5-ark fyldt med forskellige designs af kristne kors. Disse midlertidige tatoveringer er perfekte til b\u00e5de hverdag og s\u00e6rlige lejligheder. Hvert kors er omhyggeligt designet til at afspejle tro, stil og personlighed.<\/p>\n<h2>Stilfulde Kristne Kors \u2013 Midlertidige Tatoveringer til Enhver Lejlighed.<\/h2>\n<p>Like Ink-tatoveringer er nemme at p\u00e5f\u00f8re og holder i flere dage, hvilket g\u00f8r dem perfekte til events, fester eller til at udtrykke din tro p\u00e5 en unik m\u00e5de. Arkets variation af korsdesigns lader dig v\u00e6lge og mikse pr\u00e6cis, som du \u00f8nsker.<\/p>\n<p><strong>Arkst\u00f8rrelse:<\/strong> A5<br \/>\n<strong>Antal tatoveringer:<\/strong> 23<br \/>\n<strong>St\u00f8rrelse p\u00e5 tatoveringerne:<\/strong> ca. 2-7 cm<\/p>\n","protected":false},"featured_media":34967,"template":"","meta":[],"product_brand":[],"product_cat":[53,525],"product_tag":[],"class_list":{"0":"post-34976","1":"product","2":"type-product","3":"status-publish","4":"has-post-thumbnail","6":"product_cat-faerdige-ark","7":"product_cat-tribal-symboler-runer","9":"first","10":"instock","11":"taxable","12":"shipping-taxable","13":"purchasable","14":"product-type-simple"},"yoast_head":"<!-- This site is optimized with the Yoast SEO Premium plugin v26.2 (Yoast SEO v27.5) - https:\/\/yoast.com\/product\/yoast-seo-premium-wordpress\/ -->\n<title>Kors Tatovering \u2013 Stilfulde Kors som Midlertidige Tatoveringer. - Like ink<\/title>\n<meta name=\"description\" content=\"Opdag vores ark med 23 elegante kristne kors-tatoveringer. Nemme at p\u00e5f\u00f8re og perfekte til at udtrykke din tro med stil! - Like ink\" \/>\n<meta name=\"robots\" content=\"index, follow, max-snippet:-1, max-image-preview:large, max-video-preview:-1\" \/>\n<link rel=\"canonical\" href=\"https:\/\/likeink.com\/da\/midlertidige-tatoveringer\/kors-tatovering\/\" \/>\n<meta property=\"og:locale\" content=\"da_DK\" \/>\n<meta property=\"og:type\" content=\"article\" \/>\n<meta property=\"og:title\" content=\"Kors Tatovering\" \/>\n<meta property=\"og:description\" content=\"Kors-tatoveringer i et stilrent og tidl\u00f8st design. Bestil et A5-ark fyldt med forskellige designs af kristne kors. Disse midlertidige tatoveringer er perfekte til b\u00e5de hverdag og s\u00e6rlige lejligheder. Hvert kors er omhyggeligt designet til at afspejle tro, stil og personlighed. Stilfulde Kristne Kors \u2013 Midlertidige Tatoveringer til Enhver Lejlighed. Like Ink-tatoveringer er nemme at p\u00e5f\u00f8re og holder i flere dage, hvilket g\u00f8r dem perfekte til events, fester eller til at udtrykke din tro p\u00e5 en unik m\u00e5de. Arkets variation af korsdesigns lader dig v\u00e6lge og mikse pr\u00e6cis, som du \u00f8nsker.  Arkst\u00f8rrelse: A5 Antal tatoveringer: 23 St\u00f8rrelse p\u00e5 tatoveringerne: ca. 2-7 cm\" \/>\n<meta property=\"og:url\" content=\"https:\/\/likeink.com\/da\/midlertidige-tatoveringer\/kors-tatovering\/\" \/>\n<meta property=\"og:site_name\" content=\"Like ink\" \/>\n<meta property=\"article:publisher\" content=\"https:\/\/www.facebook.com\/LikeInkSe\" \/>\n<meta property=\"article:modified_time\" content=\"2026-03-16T15:45:32+00:00\" \/>\n<meta property=\"og:image\" content=\"https:\/\/likeink.com\/wp-content\/uploads\/2025\/01\/Kors-Tatueringar-Likeink-1.jpg\" \/>\n\t<meta property=\"og:image:width\" content=\"1600\" \/>\n\t<meta property=\"og:image:height\" content=\"1127\" \/>\n\t<meta property=\"og:image:type\" content=\"image\/jpeg\" \/>\n<meta name=\"twitter:card\" content=\"summary_large_image\" \/>\n<meta name=\"twitter:label1\" content=\"Estimeret l\u00e6setid\" \/>\n\t<meta name=\"twitter:data1\" content=\"1 minut\" \/>\n<!-- \/ Yoast SEO Premium plugin. -->","yoast_head_json":{"title":"Kors Tatovering \u2013 Stilfulde Kors som Midlertidige Tatoveringer. - Like ink","description":"Opdag vores ark med 23 elegante kristne kors-tatoveringer. Nemme at p\u00e5f\u00f8re og perfekte til at udtrykke din tro med stil! - Like ink","robots":{"index":"index","follow":"follow","max-snippet":"max-snippet:-1","max-image-preview":"max-image-preview:large","max-video-preview":"max-video-preview:-1"},"canonical":"https:\/\/likeink.com\/da\/midlertidige-tatoveringer\/kors-tatovering\/","og_locale":"da_DK","og_type":"article","og_title":"Kors Tatovering","og_description":"Kors-tatoveringer i et stilrent og tidl\u00f8st design. Bestil et A5-ark fyldt med forskellige designs af kristne kors. Disse midlertidige tatoveringer er perfekte til b\u00e5de hverdag og s\u00e6rlige lejligheder. Hvert kors er omhyggeligt designet til at afspejle tro, stil og personlighed. Stilfulde Kristne Kors \u2013 Midlertidige Tatoveringer til Enhver Lejlighed. Like Ink-tatoveringer er nemme at p\u00e5f\u00f8re og holder i flere dage, hvilket g\u00f8r dem perfekte til events, fester eller til at udtrykke din tro p\u00e5 en unik m\u00e5de. Arkets variation af korsdesigns lader dig v\u00e6lge og mikse pr\u00e6cis, som du \u00f8nsker.  Arkst\u00f8rrelse: A5 Antal tatoveringer: 23 St\u00f8rrelse p\u00e5 tatoveringerne: ca. 2-7 cm","og_url":"https:\/\/likeink.com\/da\/midlertidige-tatoveringer\/kors-tatovering\/","og_site_name":"Like ink","article_publisher":"https:\/\/www.facebook.com\/LikeInkSe","article_modified_time":"2026-03-16T15:45:32+00:00","og_image":[{"width":1600,"height":1127,"url":"https:\/\/likeink.com\/wp-content\/uploads\/2025\/01\/Kors-Tatueringar-Likeink-1.jpg","type":"image\/jpeg"}],"twitter_card":"summary_large_image","twitter_misc":{"Estimeret l\u00e6setid":"1 minut"},"schema":{"@context":"https:\/\/schema.org","@graph":[{"@type":"WebPage","@id":"https:\/\/likeink.com\/da\/midlertidige-tatoveringer\/kors-tatovering\/","url":"https:\/\/likeink.com\/da\/midlertidige-tatoveringer\/kors-tatovering\/","name":"Kors Tatovering \u2013 Stilfulde Kors som Midlertidige Tatoveringer. - Like ink","isPartOf":{"@id":"https:\/\/likeink.com\/da\/#website"},"primaryImageOfPage":{"@id":"https:\/\/likeink.com\/da\/midlertidige-tatoveringer\/kors-tatovering\/#primaryimage"},"image":{"@id":"https:\/\/likeink.com\/da\/midlertidige-tatoveringer\/kors-tatovering\/#primaryimage"},"thumbnailUrl":"https:\/\/likeink.com\/wp-content\/uploads\/2025\/01\/Kors-Tatueringar-Likeink-1.jpg","datePublished":"2025-01-15T14:14:38+00:00","dateModified":"2026-03-16T15:45:32+00:00","description":"Opdag vores ark med 23 elegante kristne kors-tatoveringer. Nemme at p\u00e5f\u00f8re og perfekte til at udtrykke din tro med stil! - Like ink","breadcrumb":{"@id":"https:\/\/likeink.com\/da\/midlertidige-tatoveringer\/kors-tatovering\/#breadcrumb"},"inLanguage":"da-DK","potentialAction":[{"@type":"ReadAction","target":["https:\/\/likeink.com\/da\/midlertidige-tatoveringer\/kors-tatovering\/"]}]},{"@type":"ImageObject","inLanguage":"da-DK","@id":"https:\/\/likeink.com\/da\/midlertidige-tatoveringer\/kors-tatovering\/#primaryimage","url":"https:\/\/likeink.com\/wp-content\/uploads\/2025\/01\/Kors-Tatueringar-Likeink-1.jpg","contentUrl":"https:\/\/likeink.com\/wp-content\/uploads\/2025\/01\/Kors-Tatueringar-Likeink-1.jpg","width":1600,"height":1127,"caption":"Ark med midlertidige tatoveringer, der viser en samling af kors, herunder keltiske, ornamentale og minimalistiske designs."},{"@type":"BreadcrumbList","@id":"https:\/\/likeink.com\/da\/midlertidige-tatoveringer\/kors-tatovering\/#breadcrumb","itemListElement":[{"@type":"ListItem","position":1,"name":"Hem","item":"https:\/\/likeink.com\/da\/"},{"@type":"ListItem","position":2,"name":"Shop","item":"https:\/\/likeink.com\/da\/shop\/"},{"@type":"ListItem","position":3,"name":"Kors Tatovering"}]},{"@type":"WebSite","@id":"https:\/\/likeink.com\/da\/#website","url":"https:\/\/likeink.com\/da\/","name":"Like ink","description":"Make your own custom design","potentialAction":[{"@type":"SearchAction","target":{"@type":"EntryPoint","urlTemplate":"https:\/\/likeink.com\/da\/?s={search_term_string}"},"query-input":{"@type":"PropertyValueSpecification","valueRequired":true,"valueName":"search_term_string"}}],"inLanguage":"da-DK"}]}},"_links":{"self":[{"href":"https:\/\/likeink.com\/da\/wp-json\/wp\/v2\/product\/34976","targetHints":{"allow":["GET"]}}],"collection":[{"href":"https:\/\/likeink.com\/da\/wp-json\/wp\/v2\/product"}],"about":[{"href":"https:\/\/likeink.com\/da\/wp-json\/wp\/v2\/types\/product"}],"wp:featuredmedia":[{"embeddable":true,"href":"https:\/\/likeink.com\/da\/wp-json\/wp\/v2\/media\/34967"}],"wp:attachment":[{"href":"https:\/\/likeink.com\/da\/wp-json\/wp\/v2\/media?parent=34976"}],"wp:term":[{"taxonomy":"product_brand","embeddable":true,"href":"https:\/\/likeink.com\/da\/wp-json\/wp\/v2\/product_brand?post=34976"},{"taxonomy":"product_cat","embeddable":true,"href":"https:\/\/likeink.com\/da\/wp-json\/wp\/v2\/product_cat?post=34976"},{"taxonomy":"product_tag","embeddable":true,"href":"https:\/\/likeink.com\/da\/wp-json\/wp\/v2\/product_tag?post=34976"}],"curies":[{"name":"wp","href":"https:\/\/api.w.org\/{rel}","templated":true}]}}